{"id":665206,"date":"2026-03-31T21:52:56","date_gmt":"2026-03-31T19:52:56","guid":{"rendered":"https:\/\/bandelin.com\/shop\/unkategorisiert\/sonorex-super-rk-170-h-ultraschallbad-mit-heizung\/"},"modified":"2026-04-24T01:55:33","modified_gmt":"2026-04-23T23:55:33","slug":"sonorex-super-rk-170-h-ultralydsbad-med-varmelegeme","status":"publish","type":"product","link":"https:\/\/bandelin.com\/da\/shop\/sonorex-ultraschallbaeder\/sonorex-super-rk-ultraschallbaeder\/sonorex-super-rk-170-h-ultraschallbad-mit-heizung\/","title":{"rendered":"SONOREX SUPER RK 170 H Ultralydsbad med varmelegeme"},"content":{"rendered":"<p>H\u00f8jtydende ultralydsrenser med opvarmning til brug i praksis, laboratorier og v\u00e6rksteder.<br \/>\n  De gennempr\u00f8vede og s\u00e6rligt robuste SONOREX-ultralydsbade reng\u00f8r grundigt og sk\u00e5nsomt ved hj\u00e6lp af intensive kavitationsbobler, selv i sv\u00e6rt tilg\u00e6ngelige omr\u00e5der af reng\u00f8ringsobjekterne.<br \/>\n  Et brugervenligt drejeh\u00e5ndtag bruges til nemt at indstille reng\u00f8ringstid og badtemperatur.<\/p>\n<p>  Egnede kurve, l\u00e5g og reng\u00f8rings- og desinfektionsmiddelkoncentrater f\u00e5s som tilbeh\u00f8r til optimeret ultralydsrensning.<\/p>","protected":false},"excerpt":{"rendered":"<p>Indvendige m\u00e5l: 1000 x 200 x 200 mm<\/p>","protected":false},"featured_media":650610,"template":"","meta":{"_acf_changed":false},"product_brand":[],"product_cat":[14195,14240],"product_tag":[14134,14604],"class_list":{"0":"post-665206","1":"product","2":"type-product","3":"status-publish","4":"has-post-thumbnail","6":"product_cat-sonorex-ultraschallbaeder","7":"product_cat-sonorex-super-rk-ultraschallbaeder","8":"product_tag-ultraschallbad","9":"product_tag-sonorex-ultraschallbaeder-sonorex-super-rk-ultraschallbaeder","10":"pa_ablauf-kugelhahn-g--mit-50-cm-schlauch-an-der-linken-seite","11":"pa_arbeitsinhalt-l-14432","12":"pa_aussenmass-breite-mm-250-2","13":"pa_aussenmass-hoehe-mm-385-2","14":"pa_aussenmass-laenge-mm-12459","15":"pa_bedienung-drehgriff","16":"pa_bestellnummer-12454","17":"pa_betriebsspannung-v-230-v--10-50-60-hz","18":"pa_ce-kennzeichnung-medizinprodukte-klasse-i-2017-745-eu-niederspannungsrichtlinie-2014-35-eu-emv-richtlinie-2014-30-eu-rohs-richtlinie-2011-65-eu-2","19":"pa_einstellb-temp-ber-c-30-80","20":"pa_fuellstandsmarkierung-ja","21":"pa_gehaeusematerial-edelstahl-1-4301","22":"pa_heizleistung-w-12458","23":"pa_inhalt-l-14431","24":"pa_innenmass-b-mm-200-2","25":"pa_innenmass-l-mm-12455","26":"pa_innenmass-t-mm-14283","27":"pa_netzkabel-2-m-fest-am-geraet","28":"pa_schutzgrad-gehaeuse-ip-32-2","29":"pa_ultraschall-frequenz-khz-35-2","30":"pa_ultraschall-nennleistung-w-12437","31":"pa_ultraschall-spitzenleistung-w-12436","32":"pa_verpackung-breite-mm-12345","33":"pa_verpackung-hoehe-mm-12346","34":"pa_verpackung-laenge-mm-12344","35":"pa_wannenmaterial-edelstahl-1-4404-geschweisst","36":"pa_wannenstaerke-mm-14422","37":"pa_zeiteinstellung-min--1-15-min--5--dauerbetrieb","39":"first","40":"instock","41":"taxable","42":"shipping-taxable","43":"purchasable","44":"product-type-simple"},"acf":[],"yoast_head":"<!-- This site is optimized with the Yoast SEO plugin v27.4 - https:\/\/yoast.com\/product\/yoast-seo-wordpress\/ -->\n<title>SONOREX SUPER RK 170 H Ultraschallbad mit Heizung | BANDELIN electronic GmbH &amp; Co. KG<\/title>\n<meta name=\"description\" content=\"Informationen Sie sich \u00fcber SONOREX SUPER RK 170 H Ultraschallbad mit Heizung | Hochwertige Ultraschallb\u00e4der f\u00fcr Medizin und Industrie von Bandelin Electronic seit 1955.\" \/>\n<meta name=\"robots\" content=\"index, follow, max-snippet:-1, max-image-preview:large, max-video-preview:-1\" \/>\n<link rel=\"canonical\" href=\"https:\/\/bandelin.com\/da\/butik\/sonorex-ultralydsbade\/sonorex-super-rk-ultralydsbade\/sonorex-super-rk-170-h-ultralydsbad-med-varmelegeme\/\" \/>\n<meta property=\"og:locale\" content=\"da_DK\" \/>\n<meta property=\"og:type\" content=\"article\" \/>\n<meta property=\"og:title\" content=\"SONOREX SUPER RK 170 H Ultraschallbad mit Heizung | BANDELIN electronic GmbH &amp; Co. KG\" \/>\n<meta property=\"og:description\" content=\"Informationen Sie sich \u00fcber SONOREX SUPER RK 170 H Ultraschallbad mit Heizung | Hochwertige Ultraschallb\u00e4der f\u00fcr Medizin und Industrie von Bandelin Electronic seit 1955.\" \/>\n<meta property=\"og:url\" content=\"https:\/\/bandelin.com\/da\/butik\/sonorex-ultralydsbade\/sonorex-super-rk-ultralydsbade\/sonorex-super-rk-170-h-ultralydsbad-med-varmelegeme\/\" \/>\n<meta property=\"og:site_name\" content=\"BANDELIN electronic GmbH &amp; Co. KG\" \/>\n<meta property=\"article:publisher\" content=\"https:\/\/de-de.facebook.com\/bandelin.electronic\/\" \/>\n<meta property=\"article:modified_time\" content=\"2026-04-23T23:55:33+00:00\" \/>\n<meta property=\"og:image\" content=\"https:\/\/bandelin.com\/wp-content\/uploads\/Produktfoto_RK_170_H-1-scaled.jpg\" \/>\n\t<meta property=\"og:image:width\" content=\"2048\" \/>\n\t<meta property=\"og:image:height\" content=\"2048\" \/>\n\t<meta property=\"og:image:type\" content=\"image\/jpeg\" \/>\n<meta name=\"twitter:card\" content=\"summary_large_image\" \/>\n<script type=\"application\/ld+json\" class=\"yoast-schema-graph\">{\"@context\":\"https:\\\/\\\/schema.org\",\"@graph\":[{\"@type\":\"WebPage\",\"@id\":\"https:\\\/\\\/bandelin.com\\\/shop\\\/sonorex-ultraschallbaeder\\\/sonorex-super-rk-ultraschallbaeder\\\/sonorex-super-rk-170-h-ultraschallbad-mit-heizung\\\/\",\"url\":\"https:\\\/\\\/bandelin.com\\\/shop\\\/sonorex-ultraschallbaeder\\\/sonorex-super-rk-ultraschallbaeder\\\/sonorex-super-rk-170-h-ultraschallbad-mit-heizung\\\/\",\"name\":\"SONOREX SUPER RK 170 H Ultraschallbad mit Heizung | BANDELIN electronic GmbH &amp; Co. KG\",\"isPartOf\":{\"@id\":\"https:\\\/\\\/bandelin.com\\\/#website\"},\"primaryImageOfPage\":{\"@id\":\"https:\\\/\\\/bandelin.com\\\/shop\\\/sonorex-ultraschallbaeder\\\/sonorex-super-rk-ultraschallbaeder\\\/sonorex-super-rk-170-h-ultraschallbad-mit-heizung\\\/#primaryimage\"},\"image\":{\"@id\":\"https:\\\/\\\/bandelin.com\\\/shop\\\/sonorex-ultraschallbaeder\\\/sonorex-super-rk-ultraschallbaeder\\\/sonorex-super-rk-170-h-ultraschallbad-mit-heizung\\\/#primaryimage\"},\"thumbnailUrl\":\"https:\\\/\\\/bandelin.com\\\/wp-content\\\/uploads\\\/Produktfoto_RK_170_H-1-scaled.jpg\",\"datePublished\":\"2026-03-31T19:52:56+00:00\",\"dateModified\":\"2026-04-23T23:55:33+00:00\",\"description\":\"Informationen Sie sich \u00fcber SONOREX SUPER RK 170 H Ultraschallbad mit Heizung | Hochwertige Ultraschallb\u00e4der f\u00fcr Medizin und Industrie von Bandelin Electronic seit 1955.\",\"breadcrumb\":{\"@id\":\"https:\\\/\\\/bandelin.com\\\/shop\\\/sonorex-ultraschallbaeder\\\/sonorex-super-rk-ultraschallbaeder\\\/sonorex-super-rk-170-h-ultraschallbad-mit-heizung\\\/#breadcrumb\"},\"inLanguage\":\"da-DK\",\"potentialAction\":[{\"@type\":\"ReadAction\",\"target\":[\"https:\\\/\\\/bandelin.com\\\/shop\\\/sonorex-ultraschallbaeder\\\/sonorex-super-rk-ultraschallbaeder\\\/sonorex-super-rk-170-h-ultraschallbad-mit-heizung\\\/\"]}]},{\"@type\":\"ImageObject\",\"inLanguage\":\"da-DK\",\"@id\":\"https:\\\/\\\/bandelin.com\\\/shop\\\/sonorex-ultraschallbaeder\\\/sonorex-super-rk-ultraschallbaeder\\\/sonorex-super-rk-170-h-ultraschallbad-mit-heizung\\\/#primaryimage\",\"url\":\"https:\\\/\\\/bandelin.com\\\/wp-content\\\/uploads\\\/Produktfoto_RK_170_H-1-scaled.jpg\",\"contentUrl\":\"https:\\\/\\\/bandelin.com\\\/wp-content\\\/uploads\\\/Produktfoto_RK_170_H-1-scaled.jpg\",\"width\":2048,\"height\":2048,\"caption\":\"SONOREX SUPER RK 170 H Ultraschallbad mit Heizung Bild\"},{\"@type\":\"BreadcrumbList\",\"@id\":\"https:\\\/\\\/bandelin.com\\\/shop\\\/sonorex-ultraschallbaeder\\\/sonorex-super-rk-ultraschallbaeder\\\/sonorex-super-rk-170-h-ultraschallbad-mit-heizung\\\/#breadcrumb\",\"itemListElement\":[{\"@type\":\"ListItem\",\"position\":1,\"name\":\"Startseite\",\"item\":\"https:\\\/\\\/bandelin.com\\\/\"},{\"@type\":\"ListItem\",\"position\":2,\"name\":\"Shop\",\"item\":\"https:\\\/\\\/bandelin.com\\\/shop\\\/\"},{\"@type\":\"ListItem\",\"position\":3,\"name\":\"SONOREX SUPER RK 170 H Ultraschallbad mit Heizung\"}]},{\"@type\":\"WebSite\",\"@id\":\"https:\\\/\\\/bandelin.com\\\/#website\",\"url\":\"https:\\\/\\\/bandelin.com\\\/\",\"name\":\"BANDELIN electronic GmbH & Co. KG\",\"description\":\"Ultraschall seit 1955\",\"publisher\":{\"@id\":\"https:\\\/\\\/bandelin.com\\\/#organization\"},\"potentialAction\":[{\"@type\":\"SearchAction\",\"target\":{\"@type\":\"EntryPoint\",\"urlTemplate\":\"https:\\\/\\\/bandelin.com\\\/?s={search_term_string}\"},\"query-input\":{\"@type\":\"PropertyValueSpecification\",\"valueRequired\":true,\"valueName\":\"search_term_string\"}}],\"inLanguage\":\"da-DK\"},{\"@type\":\"Organization\",\"@id\":\"https:\\\/\\\/bandelin.com\\\/#organization\",\"name\":\"BANDELIN electronic GmbH & Co. KG\",\"url\":\"https:\\\/\\\/bandelin.com\\\/\",\"logo\":{\"@type\":\"ImageObject\",\"inLanguage\":\"da-DK\",\"@id\":\"https:\\\/\\\/bandelin.com\\\/#\\\/schema\\\/logo\\\/image\\\/\",\"url\":\"\",\"contentUrl\":\"\",\"caption\":\"BANDELIN electronic GmbH & Co. KG\"},\"image\":{\"@id\":\"https:\\\/\\\/bandelin.com\\\/#\\\/schema\\\/logo\\\/image\\\/\"},\"sameAs\":[\"https:\\\/\\\/de-de.facebook.com\\\/bandelin.electronic\\\/\",\"https:\\\/\\\/www.instagram.com\\\/bandelin_ultrasonic\\\/?hl=de\",\"https:\\\/\\\/www.linkedin.com\\\/company\\\/bandelin-electronic-gmbh-amp-co-kg\",\"https:\\\/\\\/www.youtube.com\\\/channel\\\/UC5wTNrNxkwMmX-WzysQqw3g\"]}]}<\/script>\n<!-- \/ Yoast SEO plugin. -->","yoast_head_json":{"title":"SONOREX SUPER RK 170 H Ultralydsbad med opvarmning | BANDELIN electronic GmbH &amp; Co. KG","description":"F\u00e5 mere at vide om SONOREX SUPER RK 170 H Ultralydsbad med opvarmning | Ultralydsbade af h\u00f8j kvalitet til medicin og industri fra Bandelin Electronic siden 1955.","robots":{"index":"index","follow":"follow","max-snippet":"max-snippet:-1","max-image-preview":"max-image-preview:large","max-video-preview":"max-video-preview:-1"},"canonical":"https:\/\/bandelin.com\/da\/butik\/sonorex-ultralydsbade\/sonorex-super-rk-ultralydsbade\/sonorex-super-rk-170-h-ultralydsbad-med-varmelegeme\/","og_locale":"da_DK","og_type":"article","og_title":"SONOREX SUPER RK 170 H Ultraschallbad mit Heizung | BANDELIN electronic GmbH &amp; Co. KG","og_description":"Informationen Sie sich \u00fcber SONOREX SUPER RK 170 H Ultraschallbad mit Heizung | Hochwertige Ultraschallb\u00e4der f\u00fcr Medizin und Industrie von Bandelin Electronic seit 1955.","og_url":"https:\/\/bandelin.com\/da\/butik\/sonorex-ultralydsbade\/sonorex-super-rk-ultralydsbade\/sonorex-super-rk-170-h-ultralydsbad-med-varmelegeme\/","og_site_name":"BANDELIN electronic GmbH &amp; Co. KG","article_publisher":"https:\/\/de-de.facebook.com\/bandelin.electronic\/","article_modified_time":"2026-04-23T23:55:33+00:00","og_image":[{"width":2048,"height":2048,"url":"https:\/\/bandelin.com\/wp-content\/uploads\/Produktfoto_RK_170_H-1-scaled.jpg","type":"image\/jpeg"}],"twitter_card":"summary_large_image","schema":{"@context":"https:\/\/schema.org","@graph":[{"@type":"WebPage","@id":"https:\/\/bandelin.com\/shop\/sonorex-ultraschallbaeder\/sonorex-super-rk-ultraschallbaeder\/sonorex-super-rk-170-h-ultraschallbad-mit-heizung\/","url":"https:\/\/bandelin.com\/shop\/sonorex-ultraschallbaeder\/sonorex-super-rk-ultraschallbaeder\/sonorex-super-rk-170-h-ultraschallbad-mit-heizung\/","name":"SONOREX SUPER RK 170 H Ultralydsbad med opvarmning | BANDELIN electronic GmbH &amp; Co. KG","isPartOf":{"@id":"https:\/\/bandelin.com\/#website"},"primaryImageOfPage":{"@id":"https:\/\/bandelin.com\/shop\/sonorex-ultraschallbaeder\/sonorex-super-rk-ultraschallbaeder\/sonorex-super-rk-170-h-ultraschallbad-mit-heizung\/#primaryimage"},"image":{"@id":"https:\/\/bandelin.com\/shop\/sonorex-ultraschallbaeder\/sonorex-super-rk-ultraschallbaeder\/sonorex-super-rk-170-h-ultraschallbad-mit-heizung\/#primaryimage"},"thumbnailUrl":"https:\/\/bandelin.com\/wp-content\/uploads\/Produktfoto_RK_170_H-1-scaled.jpg","datePublished":"2026-03-31T19:52:56+00:00","dateModified":"2026-04-23T23:55:33+00:00","description":"F\u00e5 mere at vide om SONOREX SUPER RK 170 H Ultralydsbad med opvarmning | Ultralydsbade af h\u00f8j kvalitet til medicin og industri fra Bandelin Electronic siden 1955.","breadcrumb":{"@id":"https:\/\/bandelin.com\/shop\/sonorex-ultraschallbaeder\/sonorex-super-rk-ultraschallbaeder\/sonorex-super-rk-170-h-ultraschallbad-mit-heizung\/#breadcrumb"},"inLanguage":"da-DK","potentialAction":[{"@type":"ReadAction","target":["https:\/\/bandelin.com\/shop\/sonorex-ultraschallbaeder\/sonorex-super-rk-ultraschallbaeder\/sonorex-super-rk-170-h-ultraschallbad-mit-heizung\/"]}]},{"@type":"ImageObject","inLanguage":"da-DK","@id":"https:\/\/bandelin.com\/shop\/sonorex-ultraschallbaeder\/sonorex-super-rk-ultraschallbaeder\/sonorex-super-rk-170-h-ultraschallbad-mit-heizung\/#primaryimage","url":"https:\/\/bandelin.com\/wp-content\/uploads\/Produktfoto_RK_170_H-1-scaled.jpg","contentUrl":"https:\/\/bandelin.com\/wp-content\/uploads\/Produktfoto_RK_170_H-1-scaled.jpg","width":2048,"height":2048,"caption":"SONOREX SUPER RK 170 H Ultraschallbad mit Heizung Bild"},{"@type":"BreadcrumbList","@id":"https:\/\/bandelin.com\/shop\/sonorex-ultraschallbaeder\/sonorex-super-rk-ultraschallbaeder\/sonorex-super-rk-170-h-ultraschallbad-mit-heizung\/#breadcrumb","itemListElement":[{"@type":"ListItem","position":1,"name":"Startseite","item":"https:\/\/bandelin.com\/"},{"@type":"ListItem","position":2,"name":"Shop","item":"https:\/\/bandelin.com\/shop\/"},{"@type":"ListItem","position":3,"name":"SONOREX SUPER RK 170 H Ultraschallbad mit Heizung"}]},{"@type":"WebSite","@id":"https:\/\/bandelin.com\/#website","url":"https:\/\/bandelin.com\/","name":"BANDELIN electronic GmbH &amp; Co. KG","description":"Ultralyd siden 1955","publisher":{"@id":"https:\/\/bandelin.com\/#organization"},"potentialAction":[{"@type":"SearchAction","target":{"@type":"EntryPoint","urlTemplate":"https:\/\/bandelin.com\/?s={search_term_string}"},"query-input":{"@type":"PropertyValueSpecification","valueRequired":true,"valueName":"search_term_string"}}],"inLanguage":"da-DK"},{"@type":"Organization","@id":"https:\/\/bandelin.com\/#organization","name":"BANDELIN electronic GmbH &amp; Co. KG","url":"https:\/\/bandelin.com\/","logo":{"@type":"ImageObject","inLanguage":"da-DK","@id":"https:\/\/bandelin.com\/#\/schema\/logo\/image\/","url":"","contentUrl":"","caption":"BANDELIN electronic GmbH & Co. KG"},"image":{"@id":"https:\/\/bandelin.com\/#\/schema\/logo\/image\/"},"sameAs":["https:\/\/de-de.facebook.com\/bandelin.electronic\/","https:\/\/www.instagram.com\/bandelin_ultrasonic\/?hl=de","https:\/\/www.linkedin.com\/company\/bandelin-electronic-gmbh-amp-co-kg","https:\/\/www.youtube.com\/channel\/UC5wTNrNxkwMmX-WzysQqw3g"]}]}},"_links":{"self":[{"href":"https:\/\/bandelin.com\/da\/wp-json\/wp\/v2\/product\/665206","targetHints":{"allow":["GET"]}}],"collection":[{"href":"https:\/\/bandelin.com\/da\/wp-json\/wp\/v2\/product"}],"about":[{"href":"https:\/\/bandelin.com\/da\/wp-json\/wp\/v2\/types\/product"}],"version-history":[{"count":2,"href":"https:\/\/bandelin.com\/da\/wp-json\/wp\/v2\/product\/665206\/revisions"}],"predecessor-version":[{"id":665208,"href":"https:\/\/bandelin.com\/da\/wp-json\/wp\/v2\/product\/665206\/revisions\/665208"}],"wp:featuredmedia":[{"embeddable":true,"href":"https:\/\/bandelin.com\/da\/wp-json\/wp\/v2\/media\/650610"}],"wp:attachment":[{"href":"https:\/\/bandelin.com\/da\/wp-json\/wp\/v2\/media?parent=665206"}],"wp:term":[{"taxonomy":"product_brand","embeddable":true,"href":"https:\/\/bandelin.com\/da\/wp-json\/wp\/v2\/product_brand?post=665206"},{"taxonomy":"product_cat","embeddable":true,"href":"https:\/\/bandelin.com\/da\/wp-json\/wp\/v2\/product_cat?post=665206"},{"taxonomy":"product_tag","embeddable":true,"href":"https:\/\/bandelin.com\/da\/wp-json\/wp\/v2\/product_tag?post=665206"}],"curies":[{"name":"wp","href":"https:\/\/api.w.org\/{rel}","templated":true}]}}