{"id":665430,"date":"2026-03-31T21:57:40","date_gmt":"2026-03-31T19:57:40","guid":{"rendered":"https:\/\/bandelin.com\/shop\/unkategorisiert\/sonorex-technik-rl-70-2-uh-ultraschallbad-mit-heizung\/"},"modified":"2026-05-04T01:56:05","modified_gmt":"2026-05-03T23:56:05","slug":"sonorex-technik-rl-70-2-uh-ultralydsbad-med-varmelegeme","status":"publish","type":"product","link":"https:\/\/bandelin.com\/da\/shop\/sonorex-technik-ultraschallbaeder\/sonorex-technik-rl-ultraschallbaeder\/sonorex-technik-rl-70-2-uh-ultraschallbad-mit-heizung\/","title":{"rendered":"SONOREX TECHNIK RL 70.2 UH Ultralydsbad med opvarmning"},"content":{"rendered":"<p>Ultralydsrensebad med opvarmning til industri, service og vedligeholdelse. Den svejsede, oscillerende tank af 2 mm rustfrit st\u00e5l 1.4404 garanterer maksimal holdbarhed, selv ved intensiv brug.<br \/>\n  Funktion:<br \/>\n  Ekstra lang, smal oscillerende tank til reng\u00f8ring af lange dele, f.eks. r\u00f8r, profiler, savklinger, lange h\u00f8vlknive<\/p>","protected":false},"excerpt":{"rendered":"<p>Ultraschall-Reinigungsbad mit Heizung f\u00fcr Industrie, Service und Wartung. Die geschwei\u00dfte Schwingwanne aus 2 mm Edelstahl 1.4404 garantiert h\u00f6chste Haltbarkeit auch bei intensiver Nutzung. Merkmal: Extra lange schmale Schwingwanne f\u00fcr Reinigung langer Teile, z.B. Rohre, Profile, Gatter-S\u00e4gebl\u00e4tter, lange Hobelmesser<\/p>","protected":false},"featured_media":649270,"template":"","meta":{"_acf_changed":false},"product_brand":[],"product_cat":[14253,12497],"product_tag":[14624],"class_list":{"0":"post-665430","1":"product","2":"type-product","3":"status-publish","4":"has-post-thumbnail","6":"product_cat-sonorex-technik-rl-ultraschallbaeder","7":"product_cat-sonorex-technik-ultraschallbaeder","8":"product_tag-sonorex-technik-ultraschallbaeder-sonorex-technik-rl-ultraschallbaeder","9":"pa_ablauf-3-wege-kugelhahn-g--inkl-schlauch-und-schlauchtuellen-messing-galvanisch-beschichtet-an-der-linken-seite","10":"pa_arbeitsinhalt-l-14457","11":"pa_aussenmass-breite-mm-12536","12":"pa_aussenmass-hoehe-mm-12537","13":"pa_aussenmass-laenge-mm-12535","14":"pa_bedienung-drehgriff","15":"pa_bestellnummer-12527","16":"pa_betriebsspannung-v-230-v--10-50-60-hz","17":"pa_ce-kennzeichnung-niederspannungsrichtlinie-2014-35-eu-emv-richtlinie-2014-30-eu-rohs-richtlinie-2011-65-eu-2","18":"pa_einstellb-temp-ber-c-30-80","19":"pa_form-der-wannenecken-rechtwinklig","20":"pa_fuellstandsmarkierung-12533","21":"pa_gehaeusematerial-edelstahl-1-4301","22":"pa_griffe-an-den-seiten-2","23":"pa_heizleistung-w-12534","24":"pa_inhalt-l-14456","25":"pa_innenmass-b-mm-12529","26":"pa_innenmass-l-mm-12528","27":"pa_innenmass-t-mm-250-280","28":"pa_leistungseinstellung-fix","29":"pa_netzkabel-2-m-fest-am-geraet-mit-schutzkontaktstecker-cee-7-7-typ-ef","30":"pa_schutzgrad-gehaeuse-ip-32-2","31":"pa_ultraschall-frequenz-khz-40-2","32":"pa_ultraschall-nennleistung-w-12513","33":"pa_ultraschall-spitzenleistung-w-12512","34":"pa_verpackung-breite-mm-12539","35":"pa_verpackung-hoehe-mm-12540","36":"pa_verpackung-laenge-mm-12538","37":"pa_wannenboden-geneigt","38":"pa_wannenmaterial-edelstahl-1-4404","39":"pa_wannenstaerke-mm-14422","40":"pa_zeiteinstellung-min-1-15-dauerbetrieb","42":"first","43":"instock","44":"taxable","45":"shipping-taxable","46":"purchasable","47":"product-type-simple"},"acf":[],"yoast_head":"<!-- This site is optimized with the Yoast SEO plugin v27.5 - https:\/\/yoast.com\/product\/yoast-seo-wordpress\/ -->\n<title>SONOREX TECHNIK RL 70.2 UH Ultraschallbad mit Heizung | BANDELIN electronic GmbH &amp; Co. KG<\/title>\n<meta name=\"description\" content=\"Informationen Sie sich \u00fcber SONOREX TECHNIK RL 70.2 UH Ultraschallbad mit Heizung | Hochwertige Ultraschallb\u00e4der f\u00fcr Medizin und Industrie von Bandelin Electronic seit 1955.\" \/>\n<meta name=\"robots\" content=\"index, follow, max-snippet:-1, max-image-preview:large, max-video-preview:-1\" \/>\n<link rel=\"canonical\" href=\"https:\/\/bandelin.com\/da\/butik\/sonorex-teknologi-ultralydsbade\/sonorex-technik-rl-ultralydsbade\/sonorex-technik-rl-70-2-uh-ultralydsbad-med-varmelegeme\/\" \/>\n<meta property=\"og:locale\" content=\"da_DK\" \/>\n<meta property=\"og:type\" content=\"article\" \/>\n<meta property=\"og:title\" content=\"SONOREX TECHNIK RL 70.2 UH Ultraschallbad mit Heizung | BANDELIN electronic GmbH &amp; Co. KG\" \/>\n<meta property=\"og:description\" content=\"Informationen Sie sich \u00fcber SONOREX TECHNIK RL 70.2 UH Ultraschallbad mit Heizung | Hochwertige Ultraschallb\u00e4der f\u00fcr Medizin und Industrie von Bandelin Electronic seit 1955.\" \/>\n<meta property=\"og:url\" content=\"https:\/\/bandelin.com\/da\/butik\/sonorex-teknologi-ultralydsbade\/sonorex-technik-rl-ultralydsbade\/sonorex-technik-rl-70-2-uh-ultralydsbad-med-varmelegeme\/\" \/>\n<meta property=\"og:site_name\" content=\"BANDELIN electronic GmbH &amp; Co. KG\" \/>\n<meta property=\"article:publisher\" content=\"https:\/\/de-de.facebook.com\/bandelin.electronic\/\" \/>\n<meta property=\"article:modified_time\" content=\"2026-05-03T23:56:05+00:00\" \/>\n<meta property=\"og:image\" content=\"https:\/\/bandelin.com\/wp-content\/uploads\/Produktfoto_RL_70_UH-scaled.jpg\" \/>\n\t<meta property=\"og:image:width\" content=\"2048\" \/>\n\t<meta property=\"og:image:height\" content=\"2048\" \/>\n\t<meta property=\"og:image:type\" content=\"image\/jpeg\" \/>\n<meta name=\"twitter:card\" content=\"summary_large_image\" \/>\n<script type=\"application\/ld+json\" class=\"yoast-schema-graph\">{\"@context\":\"https:\\\/\\\/schema.org\",\"@graph\":[{\"@type\":\"WebPage\",\"@id\":\"https:\\\/\\\/bandelin.com\\\/shop\\\/sonorex-technik-ultraschallbaeder\\\/sonorex-technik-rl-ultraschallbaeder\\\/sonorex-technik-rl-70-2-uh-ultraschallbad-mit-heizung\\\/\",\"url\":\"https:\\\/\\\/bandelin.com\\\/shop\\\/sonorex-technik-ultraschallbaeder\\\/sonorex-technik-rl-ultraschallbaeder\\\/sonorex-technik-rl-70-2-uh-ultraschallbad-mit-heizung\\\/\",\"name\":\"SONOREX TECHNIK RL 70.2 UH Ultraschallbad mit Heizung | BANDELIN electronic GmbH &amp; Co. KG\",\"isPartOf\":{\"@id\":\"https:\\\/\\\/bandelin.com\\\/#website\"},\"primaryImageOfPage\":{\"@id\":\"https:\\\/\\\/bandelin.com\\\/shop\\\/sonorex-technik-ultraschallbaeder\\\/sonorex-technik-rl-ultraschallbaeder\\\/sonorex-technik-rl-70-2-uh-ultraschallbad-mit-heizung\\\/#primaryimage\"},\"image\":{\"@id\":\"https:\\\/\\\/bandelin.com\\\/shop\\\/sonorex-technik-ultraschallbaeder\\\/sonorex-technik-rl-ultraschallbaeder\\\/sonorex-technik-rl-70-2-uh-ultraschallbad-mit-heizung\\\/#primaryimage\"},\"thumbnailUrl\":\"https:\\\/\\\/bandelin.com\\\/wp-content\\\/uploads\\\/Produktfoto_RL_70_UH-scaled.jpg\",\"datePublished\":\"2026-03-31T19:57:40+00:00\",\"dateModified\":\"2026-05-03T23:56:05+00:00\",\"description\":\"Informationen Sie sich \u00fcber SONOREX TECHNIK RL 70.2 UH Ultraschallbad mit Heizung | Hochwertige Ultraschallb\u00e4der f\u00fcr Medizin und Industrie von Bandelin Electronic seit 1955.\",\"breadcrumb\":{\"@id\":\"https:\\\/\\\/bandelin.com\\\/shop\\\/sonorex-technik-ultraschallbaeder\\\/sonorex-technik-rl-ultraschallbaeder\\\/sonorex-technik-rl-70-2-uh-ultraschallbad-mit-heizung\\\/#breadcrumb\"},\"inLanguage\":\"da-DK\",\"potentialAction\":[{\"@type\":\"ReadAction\",\"target\":[\"https:\\\/\\\/bandelin.com\\\/shop\\\/sonorex-technik-ultraschallbaeder\\\/sonorex-technik-rl-ultraschallbaeder\\\/sonorex-technik-rl-70-2-uh-ultraschallbad-mit-heizung\\\/\"]}]},{\"@type\":\"ImageObject\",\"inLanguage\":\"da-DK\",\"@id\":\"https:\\\/\\\/bandelin.com\\\/shop\\\/sonorex-technik-ultraschallbaeder\\\/sonorex-technik-rl-ultraschallbaeder\\\/sonorex-technik-rl-70-2-uh-ultraschallbad-mit-heizung\\\/#primaryimage\",\"url\":\"https:\\\/\\\/bandelin.com\\\/wp-content\\\/uploads\\\/Produktfoto_RL_70_UH-scaled.jpg\",\"contentUrl\":\"https:\\\/\\\/bandelin.com\\\/wp-content\\\/uploads\\\/Produktfoto_RL_70_UH-scaled.jpg\",\"width\":2048,\"height\":2048,\"caption\":\"SONOREX TECHNIK RL 70.2 UH Ultraschallbad mit Heizung Bild\"},{\"@type\":\"BreadcrumbList\",\"@id\":\"https:\\\/\\\/bandelin.com\\\/shop\\\/sonorex-technik-ultraschallbaeder\\\/sonorex-technik-rl-ultraschallbaeder\\\/sonorex-technik-rl-70-2-uh-ultraschallbad-mit-heizung\\\/#breadcrumb\",\"itemListElement\":[{\"@type\":\"ListItem\",\"position\":1,\"name\":\"Startseite\",\"item\":\"https:\\\/\\\/bandelin.com\\\/\"},{\"@type\":\"ListItem\",\"position\":2,\"name\":\"Shop\",\"item\":\"https:\\\/\\\/bandelin.com\\\/shop\\\/\"},{\"@type\":\"ListItem\",\"position\":3,\"name\":\"SONOREX TECHNIK RL 70.2 UH Ultraschallbad mit Heizung\"}]},{\"@type\":\"WebSite\",\"@id\":\"https:\\\/\\\/bandelin.com\\\/#website\",\"url\":\"https:\\\/\\\/bandelin.com\\\/\",\"name\":\"BANDELIN electronic GmbH & Co. KG\",\"description\":\"Ultraschall seit 1955\",\"publisher\":{\"@id\":\"https:\\\/\\\/bandelin.com\\\/#organization\"},\"potentialAction\":[{\"@type\":\"SearchAction\",\"target\":{\"@type\":\"EntryPoint\",\"urlTemplate\":\"https:\\\/\\\/bandelin.com\\\/?s={search_term_string}\"},\"query-input\":{\"@type\":\"PropertyValueSpecification\",\"valueRequired\":true,\"valueName\":\"search_term_string\"}}],\"inLanguage\":\"da-DK\"},{\"@type\":\"Organization\",\"@id\":\"https:\\\/\\\/bandelin.com\\\/#organization\",\"name\":\"BANDELIN electronic GmbH & Co. KG\",\"url\":\"https:\\\/\\\/bandelin.com\\\/\",\"logo\":{\"@type\":\"ImageObject\",\"inLanguage\":\"da-DK\",\"@id\":\"https:\\\/\\\/bandelin.com\\\/#\\\/schema\\\/logo\\\/image\\\/\",\"url\":\"\",\"contentUrl\":\"\",\"caption\":\"BANDELIN electronic GmbH & Co. KG\"},\"image\":{\"@id\":\"https:\\\/\\\/bandelin.com\\\/#\\\/schema\\\/logo\\\/image\\\/\"},\"sameAs\":[\"https:\\\/\\\/de-de.facebook.com\\\/bandelin.electronic\\\/\",\"https:\\\/\\\/www.instagram.com\\\/bandelin_ultrasonic\\\/?hl=de\",\"https:\\\/\\\/www.linkedin.com\\\/company\\\/bandelin-electronic-gmbh-amp-co-kg\",\"https:\\\/\\\/www.youtube.com\\\/channel\\\/UC5wTNrNxkwMmX-WzysQqw3g\"]}]}<\/script>\n<!-- \/ Yoast SEO plugin. -->","yoast_head_json":{"title":"SONOREX TECHNIK RL 70.2 UH Ultralydsbad med opvarmning | BANDELIN electronic GmbH &amp; Co. KG","description":"F\u00e5 mere at vide om SONOREX TECHNIK RL 70.2 UH Ultralydsbad med opvarmning | Ultralydsbade af h\u00f8j kvalitet til medicin og industri fra Bandelin Electronic siden 1955.","robots":{"index":"index","follow":"follow","max-snippet":"max-snippet:-1","max-image-preview":"max-image-preview:large","max-video-preview":"max-video-preview:-1"},"canonical":"https:\/\/bandelin.com\/da\/butik\/sonorex-teknologi-ultralydsbade\/sonorex-technik-rl-ultralydsbade\/sonorex-technik-rl-70-2-uh-ultralydsbad-med-varmelegeme\/","og_locale":"da_DK","og_type":"article","og_title":"SONOREX TECHNIK RL 70.2 UH Ultraschallbad mit Heizung | BANDELIN electronic GmbH &amp; Co. KG","og_description":"Informationen Sie sich \u00fcber SONOREX TECHNIK RL 70.2 UH Ultraschallbad mit Heizung | Hochwertige Ultraschallb\u00e4der f\u00fcr Medizin und Industrie von Bandelin Electronic seit 1955.","og_url":"https:\/\/bandelin.com\/da\/butik\/sonorex-teknologi-ultralydsbade\/sonorex-technik-rl-ultralydsbade\/sonorex-technik-rl-70-2-uh-ultralydsbad-med-varmelegeme\/","og_site_name":"BANDELIN electronic GmbH &amp; Co. KG","article_publisher":"https:\/\/de-de.facebook.com\/bandelin.electronic\/","article_modified_time":"2026-05-03T23:56:05+00:00","og_image":[{"width":2048,"height":2048,"url":"https:\/\/bandelin.com\/wp-content\/uploads\/Produktfoto_RL_70_UH-scaled.jpg","type":"image\/jpeg"}],"twitter_card":"summary_large_image","schema":{"@context":"https:\/\/schema.org","@graph":[{"@type":"WebPage","@id":"https:\/\/bandelin.com\/shop\/sonorex-technik-ultraschallbaeder\/sonorex-technik-rl-ultraschallbaeder\/sonorex-technik-rl-70-2-uh-ultraschallbad-mit-heizung\/","url":"https:\/\/bandelin.com\/shop\/sonorex-technik-ultraschallbaeder\/sonorex-technik-rl-ultraschallbaeder\/sonorex-technik-rl-70-2-uh-ultraschallbad-mit-heizung\/","name":"SONOREX TECHNIK RL 70.2 UH Ultralydsbad med opvarmning | BANDELIN electronic GmbH &amp; Co. KG","isPartOf":{"@id":"https:\/\/bandelin.com\/#website"},"primaryImageOfPage":{"@id":"https:\/\/bandelin.com\/shop\/sonorex-technik-ultraschallbaeder\/sonorex-technik-rl-ultraschallbaeder\/sonorex-technik-rl-70-2-uh-ultraschallbad-mit-heizung\/#primaryimage"},"image":{"@id":"https:\/\/bandelin.com\/shop\/sonorex-technik-ultraschallbaeder\/sonorex-technik-rl-ultraschallbaeder\/sonorex-technik-rl-70-2-uh-ultraschallbad-mit-heizung\/#primaryimage"},"thumbnailUrl":"https:\/\/bandelin.com\/wp-content\/uploads\/Produktfoto_RL_70_UH-scaled.jpg","datePublished":"2026-03-31T19:57:40+00:00","dateModified":"2026-05-03T23:56:05+00:00","description":"F\u00e5 mere at vide om SONOREX TECHNIK RL 70.2 UH Ultralydsbad med opvarmning | Ultralydsbade af h\u00f8j kvalitet til medicin og industri fra Bandelin Electronic siden 1955.","breadcrumb":{"@id":"https:\/\/bandelin.com\/shop\/sonorex-technik-ultraschallbaeder\/sonorex-technik-rl-ultraschallbaeder\/sonorex-technik-rl-70-2-uh-ultraschallbad-mit-heizung\/#breadcrumb"},"inLanguage":"da-DK","potentialAction":[{"@type":"ReadAction","target":["https:\/\/bandelin.com\/shop\/sonorex-technik-ultraschallbaeder\/sonorex-technik-rl-ultraschallbaeder\/sonorex-technik-rl-70-2-uh-ultraschallbad-mit-heizung\/"]}]},{"@type":"ImageObject","inLanguage":"da-DK","@id":"https:\/\/bandelin.com\/shop\/sonorex-technik-ultraschallbaeder\/sonorex-technik-rl-ultraschallbaeder\/sonorex-technik-rl-70-2-uh-ultraschallbad-mit-heizung\/#primaryimage","url":"https:\/\/bandelin.com\/wp-content\/uploads\/Produktfoto_RL_70_UH-scaled.jpg","contentUrl":"https:\/\/bandelin.com\/wp-content\/uploads\/Produktfoto_RL_70_UH-scaled.jpg","width":2048,"height":2048,"caption":"SONOREX TECHNIK RL 70.2 UH Ultraschallbad mit Heizung Bild"},{"@type":"BreadcrumbList","@id":"https:\/\/bandelin.com\/shop\/sonorex-technik-ultraschallbaeder\/sonorex-technik-rl-ultraschallbaeder\/sonorex-technik-rl-70-2-uh-ultraschallbad-mit-heizung\/#breadcrumb","itemListElement":[{"@type":"ListItem","position":1,"name":"Startseite","item":"https:\/\/bandelin.com\/"},{"@type":"ListItem","position":2,"name":"Shop","item":"https:\/\/bandelin.com\/shop\/"},{"@type":"ListItem","position":3,"name":"SONOREX TECHNIK RL 70.2 UH Ultraschallbad mit Heizung"}]},{"@type":"WebSite","@id":"https:\/\/bandelin.com\/#website","url":"https:\/\/bandelin.com\/","name":"BANDELIN electronic GmbH &amp; Co. KG","description":"Ultralyd siden 1955","publisher":{"@id":"https:\/\/bandelin.com\/#organization"},"potentialAction":[{"@type":"SearchAction","target":{"@type":"EntryPoint","urlTemplate":"https:\/\/bandelin.com\/?s={search_term_string}"},"query-input":{"@type":"PropertyValueSpecification","valueRequired":true,"valueName":"search_term_string"}}],"inLanguage":"da-DK"},{"@type":"Organization","@id":"https:\/\/bandelin.com\/#organization","name":"BANDELIN electronic GmbH &amp; Co. KG","url":"https:\/\/bandelin.com\/","logo":{"@type":"ImageObject","inLanguage":"da-DK","@id":"https:\/\/bandelin.com\/#\/schema\/logo\/image\/","url":"","contentUrl":"","caption":"BANDELIN electronic GmbH & Co. KG"},"image":{"@id":"https:\/\/bandelin.com\/#\/schema\/logo\/image\/"},"sameAs":["https:\/\/de-de.facebook.com\/bandelin.electronic\/","https:\/\/www.instagram.com\/bandelin_ultrasonic\/?hl=de","https:\/\/www.linkedin.com\/company\/bandelin-electronic-gmbh-amp-co-kg","https:\/\/www.youtube.com\/channel\/UC5wTNrNxkwMmX-WzysQqw3g"]}]}},"_links":{"self":[{"href":"https:\/\/bandelin.com\/da\/wp-json\/wp\/v2\/product\/665430","targetHints":{"allow":["GET"]}}],"collection":[{"href":"https:\/\/bandelin.com\/da\/wp-json\/wp\/v2\/product"}],"about":[{"href":"https:\/\/bandelin.com\/da\/wp-json\/wp\/v2\/types\/product"}],"version-history":[{"count":1,"href":"https:\/\/bandelin.com\/da\/wp-json\/wp\/v2\/product\/665430\/revisions"}],"predecessor-version":[{"id":665431,"href":"https:\/\/bandelin.com\/da\/wp-json\/wp\/v2\/product\/665430\/revisions\/665431"}],"wp:featuredmedia":[{"embeddable":true,"href":"https:\/\/bandelin.com\/da\/wp-json\/wp\/v2\/media\/649270"}],"wp:attachment":[{"href":"https:\/\/bandelin.com\/da\/wp-json\/wp\/v2\/media?parent=665430"}],"wp:term":[{"taxonomy":"product_brand","embeddable":true,"href":"https:\/\/bandelin.com\/da\/wp-json\/wp\/v2\/product_brand?post=665430"},{"taxonomy":"product_cat","embeddable":true,"href":"https:\/\/bandelin.com\/da\/wp-json\/wp\/v2\/product_cat?post=665430"},{"taxonomy":"product_tag","embeddable":true,"href":"https:\/\/bandelin.com\/da\/wp-json\/wp\/v2\/product_tag?post=665430"}],"curies":[{"name":"wp","href":"https:\/\/api.w.org\/{rel}","templated":true}]}}