{"id":666113,"date":"2026-03-31T22:12:22","date_gmt":"2026-03-31T20:12:22","guid":{"rendered":"https:\/\/bandelin.com\/shop\/unkategorisiert\/sonorex-eb-05-einsatzbecher-mit-deckel-und-gummiring\/"},"modified":"2026-04-29T20:28:47","modified_gmt":"2026-04-29T18:28:47","slug":"sonorex-eb-05-indsatsbaeger-med-lag-og-gummiring","status":"publish","type":"product","link":"https:\/\/bandelin.com\/da\/shop\/sonorex-ultraschallbaeder\/zubehoer-sonorex-ultraschallbaeder\/sonorex-eb-05-einsatzbecher-mit-deckel-und-gummiring\/","title":{"rendered":"SONOREX EB 05 indsatsb\u00e6ger med l\u00e5g og gummiring"},"content":{"rendered":"<p>Rustfrit st\u00e5l, 600 ml, til oph\u00e6ngning i perforeret l\u00e5g DE.<br \/>\n  Indsatsb\u00e6gre bruges til p\u00e5f\u00f8ring af kemisk aggressive v\u00e6sker (f.eks. TICKOPUR J 80 U), fjernelse af kemisk aggressiv eller slibende tilsmudsning eller sonikering af pr\u00f8vev\u00e6sker (indirekte sonikering). Da der ikke m\u00e5 placeres noget p\u00e5 bunden af ultralydsbadet, tilbyder BANDELIN passende perforerede l\u00e5g\/indsatsstrimler til at holde de indsatte b\u00e6gerglas. En yderligere fordel: Flere inds\u00e6tningsb\u00e6gre kan sonikeres samtidigt med forskellige v\u00e6sker (f.eks. fjernelse af dentalcement med STAMMOPUR Z i et og reng\u00f8ring med samtidig kemisk desinfektion af dentalinstrumenter med STAMMOPUR DR 8 i et andet inds\u00e6tningsb\u00e6ger).<br \/>\n  Bem\u00e6rk, at vandets overfladesp\u00e6nding skal reduceres for at overf\u00f8re ultralyden til indsatsbeholderen, og derfor skal der bruges en reng\u00f8ringsopl\u00f8sning (f.eks. TICKOPUR R 33 - 3%) som koblingsv\u00e6ske\/kontaktv\u00e6ske.<\/p>","protected":false},"excerpt":{"rendered":"<p>Velegnet til perforeret l\u00e5g (undtagen DE 08), indsatsb\u00e5nd ES 4<\/p>","protected":false},"featured_media":649684,"template":"","meta":{"_acf_changed":false},"product_brand":[],"product_cat":[14412,14195],"product_tag":[14609,11881],"class_list":{"0":"post-666113","1":"product","2":"type-product","3":"status-publish","4":"has-post-thumbnail","6":"product_cat-zubehoer-sonorex-ultraschallbaeder","7":"product_cat-sonorex-ultraschallbaeder","8":"product_tag-sonorex-ultraschallbaeder-zubehoer","9":"product_tag-einsatzbecher","10":"pa_arbeitsinhalt-l-06-2","11":"pa_aussenmass-breite-mm-90-2","12":"pa_aussenmass-hoehe-mm-110-2","13":"pa_aussenmass-laenge-mm-90-2","14":"pa_bestellnummer-340-2","15":"pa_gehaeusematerial-edelstahl","16":"pa_innenmass-b-mm-88-2","17":"pa_innenmass-l-mm-88-2","18":"pa_innenmass-t-mm-14326","19":"pa_passend-zu-de-52-de-100-de-255-de-6-de-156-de-510-de-514-es-4-2","20":"pa_verpackung-breite-mm-90-2","21":"pa_verpackung-hoehe-mm-110-2","22":"pa_verpackung-laenge-mm-100-2","24":"first","25":"instock","26":"taxable","27":"shipping-taxable","28":"purchasable","29":"product-type-simple"},"acf":[],"yoast_head":"<!-- This site is optimized with the Yoast SEO plugin v27.5 - https:\/\/yoast.com\/product\/yoast-seo-wordpress\/ -->\n<title>SONOREX EB 05 Einsatzbecher mit Deckel und Gummiring | BANDELIN electronic GmbH &amp; Co. KG<\/title>\n<meta name=\"description\" content=\"Informationen Sie sich \u00fcber SONOREX EB 05 Einsatzbecher mit Deckel und Gummiring | Hochwertige Ultraschallb\u00e4der f\u00fcr Medizin und Industrie von Bandelin Electronic seit 1955.\" \/>\n<meta name=\"robots\" content=\"index, follow, max-snippet:-1, max-image-preview:large, max-video-preview:-1\" \/>\n<link rel=\"canonical\" href=\"https:\/\/bandelin.com\/da\/butik\/sonorex-ultralydsbade\/tilbehor-sonorex-ultralydsbade\/sonorex-eb-05-indsatsbaeger-med-lag-og-gummiring\/\" \/>\n<meta property=\"og:locale\" content=\"da_DK\" \/>\n<meta property=\"og:type\" content=\"article\" \/>\n<meta property=\"og:title\" content=\"SONOREX EB 05 Einsatzbecher mit Deckel und Gummiring | BANDELIN electronic GmbH &amp; Co. KG\" \/>\n<meta property=\"og:description\" content=\"Informationen Sie sich \u00fcber SONOREX EB 05 Einsatzbecher mit Deckel und Gummiring | Hochwertige Ultraschallb\u00e4der f\u00fcr Medizin und Industrie von Bandelin Electronic seit 1955.\" \/>\n<meta property=\"og:url\" content=\"https:\/\/bandelin.com\/da\/butik\/sonorex-ultralydsbade\/tilbehor-sonorex-ultralydsbade\/sonorex-eb-05-indsatsbaeger-med-lag-og-gummiring\/\" \/>\n<meta property=\"og:site_name\" content=\"BANDELIN electronic GmbH &amp; Co. KG\" \/>\n<meta property=\"article:publisher\" content=\"https:\/\/de-de.facebook.com\/bandelin.electronic\/\" \/>\n<meta property=\"article:modified_time\" content=\"2026-04-29T18:28:47+00:00\" \/>\n<meta property=\"og:image\" content=\"https:\/\/bandelin.com\/wp-content\/uploads\/Produktfoto_EB_05-scaled.jpg\" \/>\n\t<meta property=\"og:image:width\" content=\"2048\" \/>\n\t<meta property=\"og:image:height\" content=\"2048\" \/>\n\t<meta property=\"og:image:type\" content=\"image\/jpeg\" \/>\n<meta name=\"twitter:card\" content=\"summary_large_image\" \/>\n<meta name=\"twitter:label1\" content=\"Estimeret l\u00e6setid\" \/>\n\t<meta name=\"twitter:data1\" content=\"1 minut\" \/>\n<script type=\"application\/ld+json\" class=\"yoast-schema-graph\">{\"@context\":\"https:\\\/\\\/schema.org\",\"@graph\":[{\"@type\":\"WebPage\",\"@id\":\"https:\\\/\\\/bandelin.com\\\/shop\\\/sonorex-ultraschallbaeder\\\/zubehoer-sonorex-ultraschallbaeder\\\/sonorex-eb-05-einsatzbecher-mit-deckel-und-gummiring\\\/\",\"url\":\"https:\\\/\\\/bandelin.com\\\/shop\\\/sonorex-ultraschallbaeder\\\/zubehoer-sonorex-ultraschallbaeder\\\/sonorex-eb-05-einsatzbecher-mit-deckel-und-gummiring\\\/\",\"name\":\"SONOREX EB 05 Einsatzbecher mit Deckel und Gummiring | BANDELIN electronic GmbH &amp; Co. KG\",\"isPartOf\":{\"@id\":\"https:\\\/\\\/bandelin.com\\\/#website\"},\"primaryImageOfPage\":{\"@id\":\"https:\\\/\\\/bandelin.com\\\/shop\\\/sonorex-ultraschallbaeder\\\/zubehoer-sonorex-ultraschallbaeder\\\/sonorex-eb-05-einsatzbecher-mit-deckel-und-gummiring\\\/#primaryimage\"},\"image\":{\"@id\":\"https:\\\/\\\/bandelin.com\\\/shop\\\/sonorex-ultraschallbaeder\\\/zubehoer-sonorex-ultraschallbaeder\\\/sonorex-eb-05-einsatzbecher-mit-deckel-und-gummiring\\\/#primaryimage\"},\"thumbnailUrl\":\"https:\\\/\\\/bandelin.com\\\/wp-content\\\/uploads\\\/Produktfoto_EB_05-scaled.jpg\",\"datePublished\":\"2026-03-31T20:12:22+00:00\",\"dateModified\":\"2026-04-29T18:28:47+00:00\",\"description\":\"Informationen Sie sich \u00fcber SONOREX EB 05 Einsatzbecher mit Deckel und Gummiring | Hochwertige Ultraschallb\u00e4der f\u00fcr Medizin und Industrie von Bandelin Electronic seit 1955.\",\"breadcrumb\":{\"@id\":\"https:\\\/\\\/bandelin.com\\\/shop\\\/sonorex-ultraschallbaeder\\\/zubehoer-sonorex-ultraschallbaeder\\\/sonorex-eb-05-einsatzbecher-mit-deckel-und-gummiring\\\/#breadcrumb\"},\"inLanguage\":\"da-DK\",\"potentialAction\":[{\"@type\":\"ReadAction\",\"target\":[\"https:\\\/\\\/bandelin.com\\\/shop\\\/sonorex-ultraschallbaeder\\\/zubehoer-sonorex-ultraschallbaeder\\\/sonorex-eb-05-einsatzbecher-mit-deckel-und-gummiring\\\/\"]}]},{\"@type\":\"ImageObject\",\"inLanguage\":\"da-DK\",\"@id\":\"https:\\\/\\\/bandelin.com\\\/shop\\\/sonorex-ultraschallbaeder\\\/zubehoer-sonorex-ultraschallbaeder\\\/sonorex-eb-05-einsatzbecher-mit-deckel-und-gummiring\\\/#primaryimage\",\"url\":\"https:\\\/\\\/bandelin.com\\\/wp-content\\\/uploads\\\/Produktfoto_EB_05-scaled.jpg\",\"contentUrl\":\"https:\\\/\\\/bandelin.com\\\/wp-content\\\/uploads\\\/Produktfoto_EB_05-scaled.jpg\",\"width\":2048,\"height\":2048,\"caption\":\"SONOREX EB 05 Einsatzbecher mit Deckel und Gummiring Bild\"},{\"@type\":\"BreadcrumbList\",\"@id\":\"https:\\\/\\\/bandelin.com\\\/shop\\\/sonorex-ultraschallbaeder\\\/zubehoer-sonorex-ultraschallbaeder\\\/sonorex-eb-05-einsatzbecher-mit-deckel-und-gummiring\\\/#breadcrumb\",\"itemListElement\":[{\"@type\":\"ListItem\",\"position\":1,\"name\":\"Startseite\",\"item\":\"https:\\\/\\\/bandelin.com\\\/\"},{\"@type\":\"ListItem\",\"position\":2,\"name\":\"Shop\",\"item\":\"https:\\\/\\\/bandelin.com\\\/shop\\\/\"},{\"@type\":\"ListItem\",\"position\":3,\"name\":\"SONOREX EB 05 Einsatzbecher mit Deckel und Gummiring\"}]},{\"@type\":\"WebSite\",\"@id\":\"https:\\\/\\\/bandelin.com\\\/#website\",\"url\":\"https:\\\/\\\/bandelin.com\\\/\",\"name\":\"BANDELIN electronic GmbH & Co. KG\",\"description\":\"Ultraschall seit 1955\",\"publisher\":{\"@id\":\"https:\\\/\\\/bandelin.com\\\/#organization\"},\"potentialAction\":[{\"@type\":\"SearchAction\",\"target\":{\"@type\":\"EntryPoint\",\"urlTemplate\":\"https:\\\/\\\/bandelin.com\\\/?s={search_term_string}\"},\"query-input\":{\"@type\":\"PropertyValueSpecification\",\"valueRequired\":true,\"valueName\":\"search_term_string\"}}],\"inLanguage\":\"da-DK\"},{\"@type\":\"Organization\",\"@id\":\"https:\\\/\\\/bandelin.com\\\/#organization\",\"name\":\"BANDELIN electronic GmbH & Co. KG\",\"url\":\"https:\\\/\\\/bandelin.com\\\/\",\"logo\":{\"@type\":\"ImageObject\",\"inLanguage\":\"da-DK\",\"@id\":\"https:\\\/\\\/bandelin.com\\\/#\\\/schema\\\/logo\\\/image\\\/\",\"url\":\"\",\"contentUrl\":\"\",\"caption\":\"BANDELIN electronic GmbH & Co. KG\"},\"image\":{\"@id\":\"https:\\\/\\\/bandelin.com\\\/#\\\/schema\\\/logo\\\/image\\\/\"},\"sameAs\":[\"https:\\\/\\\/de-de.facebook.com\\\/bandelin.electronic\\\/\",\"https:\\\/\\\/www.instagram.com\\\/bandelin_ultrasonic\\\/?hl=de\",\"https:\\\/\\\/www.linkedin.com\\\/company\\\/bandelin-electronic-gmbh-amp-co-kg\",\"https:\\\/\\\/www.youtube.com\\\/channel\\\/UC5wTNrNxkwMmX-WzysQqw3g\"]}]}<\/script>\n<!-- \/ Yoast SEO plugin. -->","yoast_head_json":{"title":"SONOREX EB 05 indsatsb\u00e6ger med l\u00e5g og gummiring | BANDELIN electronic GmbH &amp; Co. KG","description":"F\u00e5 mere at vide om SONOREX EB 05 Indsatsb\u00e6ger med l\u00e5g og gummiring | Ultralydsbade af h\u00f8j kvalitet til medicin og industri fra Bandelin Electronic siden 1955.","robots":{"index":"index","follow":"follow","max-snippet":"max-snippet:-1","max-image-preview":"max-image-preview:large","max-video-preview":"max-video-preview:-1"},"canonical":"https:\/\/bandelin.com\/da\/butik\/sonorex-ultralydsbade\/tilbehor-sonorex-ultralydsbade\/sonorex-eb-05-indsatsbaeger-med-lag-og-gummiring\/","og_locale":"da_DK","og_type":"article","og_title":"SONOREX EB 05 Einsatzbecher mit Deckel und Gummiring | BANDELIN electronic GmbH &amp; Co. KG","og_description":"Informationen Sie sich \u00fcber SONOREX EB 05 Einsatzbecher mit Deckel und Gummiring | Hochwertige Ultraschallb\u00e4der f\u00fcr Medizin und Industrie von Bandelin Electronic seit 1955.","og_url":"https:\/\/bandelin.com\/da\/butik\/sonorex-ultralydsbade\/tilbehor-sonorex-ultralydsbade\/sonorex-eb-05-indsatsbaeger-med-lag-og-gummiring\/","og_site_name":"BANDELIN electronic GmbH &amp; Co. KG","article_publisher":"https:\/\/de-de.facebook.com\/bandelin.electronic\/","article_modified_time":"2026-04-29T18:28:47+00:00","og_image":[{"width":2048,"height":2048,"url":"https:\/\/bandelin.com\/wp-content\/uploads\/Produktfoto_EB_05-scaled.jpg","type":"image\/jpeg"}],"twitter_card":"summary_large_image","twitter_misc":{"Estimeret l\u00e6setid":"1 minut"},"schema":{"@context":"https:\/\/schema.org","@graph":[{"@type":"WebPage","@id":"https:\/\/bandelin.com\/shop\/sonorex-ultraschallbaeder\/zubehoer-sonorex-ultraschallbaeder\/sonorex-eb-05-einsatzbecher-mit-deckel-und-gummiring\/","url":"https:\/\/bandelin.com\/shop\/sonorex-ultraschallbaeder\/zubehoer-sonorex-ultraschallbaeder\/sonorex-eb-05-einsatzbecher-mit-deckel-und-gummiring\/","name":"SONOREX EB 05 indsatsb\u00e6ger med l\u00e5g og gummiring | BANDELIN electronic GmbH &amp; Co. KG","isPartOf":{"@id":"https:\/\/bandelin.com\/#website"},"primaryImageOfPage":{"@id":"https:\/\/bandelin.com\/shop\/sonorex-ultraschallbaeder\/zubehoer-sonorex-ultraschallbaeder\/sonorex-eb-05-einsatzbecher-mit-deckel-und-gummiring\/#primaryimage"},"image":{"@id":"https:\/\/bandelin.com\/shop\/sonorex-ultraschallbaeder\/zubehoer-sonorex-ultraschallbaeder\/sonorex-eb-05-einsatzbecher-mit-deckel-und-gummiring\/#primaryimage"},"thumbnailUrl":"https:\/\/bandelin.com\/wp-content\/uploads\/Produktfoto_EB_05-scaled.jpg","datePublished":"2026-03-31T20:12:22+00:00","dateModified":"2026-04-29T18:28:47+00:00","description":"F\u00e5 mere at vide om SONOREX EB 05 Indsatsb\u00e6ger med l\u00e5g og gummiring | Ultralydsbade af h\u00f8j kvalitet til medicin og industri fra Bandelin Electronic siden 1955.","breadcrumb":{"@id":"https:\/\/bandelin.com\/shop\/sonorex-ultraschallbaeder\/zubehoer-sonorex-ultraschallbaeder\/sonorex-eb-05-einsatzbecher-mit-deckel-und-gummiring\/#breadcrumb"},"inLanguage":"da-DK","potentialAction":[{"@type":"ReadAction","target":["https:\/\/bandelin.com\/shop\/sonorex-ultraschallbaeder\/zubehoer-sonorex-ultraschallbaeder\/sonorex-eb-05-einsatzbecher-mit-deckel-und-gummiring\/"]}]},{"@type":"ImageObject","inLanguage":"da-DK","@id":"https:\/\/bandelin.com\/shop\/sonorex-ultraschallbaeder\/zubehoer-sonorex-ultraschallbaeder\/sonorex-eb-05-einsatzbecher-mit-deckel-und-gummiring\/#primaryimage","url":"https:\/\/bandelin.com\/wp-content\/uploads\/Produktfoto_EB_05-scaled.jpg","contentUrl":"https:\/\/bandelin.com\/wp-content\/uploads\/Produktfoto_EB_05-scaled.jpg","width":2048,"height":2048,"caption":"SONOREX EB 05 Einsatzbecher mit Deckel und Gummiring Bild"},{"@type":"BreadcrumbList","@id":"https:\/\/bandelin.com\/shop\/sonorex-ultraschallbaeder\/zubehoer-sonorex-ultraschallbaeder\/sonorex-eb-05-einsatzbecher-mit-deckel-und-gummiring\/#breadcrumb","itemListElement":[{"@type":"ListItem","position":1,"name":"Startseite","item":"https:\/\/bandelin.com\/"},{"@type":"ListItem","position":2,"name":"Shop","item":"https:\/\/bandelin.com\/shop\/"},{"@type":"ListItem","position":3,"name":"SONOREX EB 05 Einsatzbecher mit Deckel und Gummiring"}]},{"@type":"WebSite","@id":"https:\/\/bandelin.com\/#website","url":"https:\/\/bandelin.com\/","name":"BANDELIN electronic GmbH &amp; Co. KG","description":"Ultralyd siden 1955","publisher":{"@id":"https:\/\/bandelin.com\/#organization"},"potentialAction":[{"@type":"SearchAction","target":{"@type":"EntryPoint","urlTemplate":"https:\/\/bandelin.com\/?s={search_term_string}"},"query-input":{"@type":"PropertyValueSpecification","valueRequired":true,"valueName":"search_term_string"}}],"inLanguage":"da-DK"},{"@type":"Organization","@id":"https:\/\/bandelin.com\/#organization","name":"BANDELIN electronic GmbH &amp; Co. KG","url":"https:\/\/bandelin.com\/","logo":{"@type":"ImageObject","inLanguage":"da-DK","@id":"https:\/\/bandelin.com\/#\/schema\/logo\/image\/","url":"","contentUrl":"","caption":"BANDELIN electronic GmbH & Co. KG"},"image":{"@id":"https:\/\/bandelin.com\/#\/schema\/logo\/image\/"},"sameAs":["https:\/\/de-de.facebook.com\/bandelin.electronic\/","https:\/\/www.instagram.com\/bandelin_ultrasonic\/?hl=de","https:\/\/www.linkedin.com\/company\/bandelin-electronic-gmbh-amp-co-kg","https:\/\/www.youtube.com\/channel\/UC5wTNrNxkwMmX-WzysQqw3g"]}]}},"_links":{"self":[{"href":"https:\/\/bandelin.com\/da\/wp-json\/wp\/v2\/product\/666113","targetHints":{"allow":["GET"]}}],"collection":[{"href":"https:\/\/bandelin.com\/da\/wp-json\/wp\/v2\/product"}],"about":[{"href":"https:\/\/bandelin.com\/da\/wp-json\/wp\/v2\/types\/product"}],"version-history":[{"count":2,"href":"https:\/\/bandelin.com\/da\/wp-json\/wp\/v2\/product\/666113\/revisions"}],"predecessor-version":[{"id":666115,"href":"https:\/\/bandelin.com\/da\/wp-json\/wp\/v2\/product\/666113\/revisions\/666115"}],"wp:featuredmedia":[{"embeddable":true,"href":"https:\/\/bandelin.com\/da\/wp-json\/wp\/v2\/media\/649684"}],"wp:attachment":[{"href":"https:\/\/bandelin.com\/da\/wp-json\/wp\/v2\/media?parent=666113"}],"wp:term":[{"taxonomy":"product_brand","embeddable":true,"href":"https:\/\/bandelin.com\/da\/wp-json\/wp\/v2\/product_brand?post=666113"},{"taxonomy":"product_cat","embeddable":true,"href":"https:\/\/bandelin.com\/da\/wp-json\/wp\/v2\/product_cat?post=666113"},{"taxonomy":"product_tag","embeddable":true,"href":"https:\/\/bandelin.com\/da\/wp-json\/wp\/v2\/product_tag?post=666113"}],"curies":[{"name":"wp","href":"https:\/\/api.w.org\/{rel}","templated":true}]}}