{"id":666119,"date":"2026-03-31T22:12:29","date_gmt":"2026-03-31T20:12:29","guid":{"rendered":"https:\/\/bandelin.com\/shop\/unkategorisiert\/sonocool-sd-01-2-einsatzbecher-10-stueck\/"},"modified":"2026-05-05T20:28:51","modified_gmt":"2026-05-05T18:28:51","slug":"sonocool-sd-01-2-indsatsbaeger-10-stk","status":"publish","type":"product","link":"https:\/\/bandelin.com\/da\/shop\/sonocool-ultraschallbaeder\/zubehoer-sonocool-ultraschallbaeder\/sonocool-sd-01-2-einsatzbecher-10-stueck\/","title":{"rendered":"SONOCOOL SD 01.2 Indsatsb\u00e6ger (10 stk.)"},"content":{"rendered":"<p>Glas, til brug i pr\u00f8veholder PH 255-11, egnet til SONOCOOL SC 255.<br \/>\n  Anvendes i patologi- og analyselaboratorier, f.eks. til afkalkning af l\u00e5rbenshovedpr\u00e6parater osv.<br \/>\n  V\u00e6r opm\u00e6rksom p\u00e5, at vandets overfladesp\u00e6nding skal reduceres for at overf\u00f8re ultralyden til indsatsbeholderen, og derfor skal der bruges en reng\u00f8ringsopl\u00f8sning (f.eks. TICKOPUR R 33 - 3%) som koblingsv\u00e6ske\/kontaktv\u00e6ske. Leveringsomfang: 10 stk.<\/p>","protected":false},"excerpt":{"rendered":"<p>Glas, f\u00fcr den Einsatz in Probenhalter PH 255-11, passend in SONOCOOL SC 255. Einsatz in Pathologie und Analyselaboren. z.B. Entkalkung von H\u00fcftkopfpr\u00e4paraten etc. Bitte beachten Sie, dass zur \u00dcbertragung des Ultraschalls auf das Einsatzgef\u00e4\u00df die Oberfl\u00e4chenspannung des Wassers reduziert werden muss und daher eine Reinigungsl\u00f6sung (z.B. TICKOPUR R 33 &#8211; 3%) als Koppelfl\u00fcssigkeit \/ Kontaktfl\u00fcssigkeit [&hellip;]<\/p>\n","protected":false},"featured_media":649687,"template":"","meta":{"_acf_changed":false},"product_brand":[],"product_cat":[14486,14186],"product_tag":[11269,14639],"class_list":{"0":"post-666119","1":"product","2":"type-product","3":"status-publish","4":"has-post-thumbnail","6":"product_cat-zubehoer-sonocool-ultraschallbaeder","7":"product_cat-sonocool-ultraschallbaeder","8":"product_tag-becher","9":"product_tag-sonocool-ultraschallbaeder-zubehoer","10":"pa_arbeitsinhalt-l-11263","11":"pa_aussenmass-breite-mm-48-2","12":"pa_aussenmass-hoehe-mm-80-2","13":"pa_aussenmass-laenge-mm-48-2","14":"pa_bestellnummer-3517-2","15":"pa_gehaeusematerial-glas-ohne-tuelle","16":"pa_inhalt-l-14674","17":"pa_innenmass-b-mm-14673","18":"pa_innenmass-l-mm-14672","19":"pa_innenmass-t-mm-14353","20":"pa_verpackung-breite-mm-80-2","21":"pa_verpackung-hoehe-mm-100-2","22":"pa_verpackung-laenge-mm-80-2","24":"first","25":"instock","26":"taxable","27":"shipping-taxable","28":"purchasable","29":"product-type-simple"},"acf":[],"yoast_head":"<!-- This site is optimized with the Yoast SEO plugin v27.5 - https:\/\/yoast.com\/product\/yoast-seo-wordpress\/ -->\n<title>SONOCOOL SD 01.2 Einsatzbecher (10 St\u00fcck) | BANDELIN electronic GmbH &amp; Co. KG<\/title>\n<meta name=\"description\" content=\"Informationen Sie sich \u00fcber SONOCOOL SD 01.2 Einsatzbecher (10 St\u00fcck) | Hochwertige Ultraschallb\u00e4der f\u00fcr Medizin und Industrie von Bandelin Electronic seit 1955.\" \/>\n<meta name=\"robots\" content=\"index, follow, max-snippet:-1, max-image-preview:large, max-video-preview:-1\" \/>\n<link rel=\"canonical\" href=\"https:\/\/bandelin.com\/da\/butik\/sonocool-ultralydsbade\/tilbehor-sonocool-ultralydsbade\/sonocool-sd-01-2-indsatsbaeger-10-stk\/\" \/>\n<meta property=\"og:locale\" content=\"da_DK\" \/>\n<meta property=\"og:type\" content=\"article\" \/>\n<meta property=\"og:title\" content=\"SONOCOOL SD 01.2 Einsatzbecher (10 St\u00fcck) | BANDELIN electronic GmbH &amp; Co. KG\" \/>\n<meta property=\"og:description\" content=\"Informationen Sie sich \u00fcber SONOCOOL SD 01.2 Einsatzbecher (10 St\u00fcck) | Hochwertige Ultraschallb\u00e4der f\u00fcr Medizin und Industrie von Bandelin Electronic seit 1955.\" \/>\n<meta property=\"og:url\" content=\"https:\/\/bandelin.com\/da\/butik\/sonocool-ultralydsbade\/tilbehor-sonocool-ultralydsbade\/sonocool-sd-01-2-indsatsbaeger-10-stk\/\" \/>\n<meta property=\"og:site_name\" content=\"BANDELIN electronic GmbH &amp; Co. KG\" \/>\n<meta property=\"article:publisher\" content=\"https:\/\/de-de.facebook.com\/bandelin.electronic\/\" \/>\n<meta property=\"article:modified_time\" content=\"2026-05-05T18:28:51+00:00\" \/>\n<meta property=\"og:image\" content=\"https:\/\/bandelin.com\/wp-content\/uploads\/Produktfoto_SD_01-scaled.jpg\" \/>\n\t<meta property=\"og:image:width\" content=\"2048\" \/>\n\t<meta property=\"og:image:height\" content=\"2048\" \/>\n\t<meta property=\"og:image:type\" content=\"image\/jpeg\" \/>\n<meta name=\"twitter:card\" content=\"summary_large_image\" \/>\n<script type=\"application\/ld+json\" class=\"yoast-schema-graph\">{\"@context\":\"https:\\\/\\\/schema.org\",\"@graph\":[{\"@type\":\"WebPage\",\"@id\":\"https:\\\/\\\/bandelin.com\\\/shop\\\/sonocool-ultraschallbaeder\\\/zubehoer-sonocool-ultraschallbaeder\\\/sonocool-sd-01-2-einsatzbecher-10-stueck\\\/\",\"url\":\"https:\\\/\\\/bandelin.com\\\/shop\\\/sonocool-ultraschallbaeder\\\/zubehoer-sonocool-ultraschallbaeder\\\/sonocool-sd-01-2-einsatzbecher-10-stueck\\\/\",\"name\":\"SONOCOOL SD 01.2 Einsatzbecher (10 St\u00fcck) | BANDELIN electronic GmbH &amp; Co. KG\",\"isPartOf\":{\"@id\":\"https:\\\/\\\/bandelin.com\\\/#website\"},\"primaryImageOfPage\":{\"@id\":\"https:\\\/\\\/bandelin.com\\\/shop\\\/sonocool-ultraschallbaeder\\\/zubehoer-sonocool-ultraschallbaeder\\\/sonocool-sd-01-2-einsatzbecher-10-stueck\\\/#primaryimage\"},\"image\":{\"@id\":\"https:\\\/\\\/bandelin.com\\\/shop\\\/sonocool-ultraschallbaeder\\\/zubehoer-sonocool-ultraschallbaeder\\\/sonocool-sd-01-2-einsatzbecher-10-stueck\\\/#primaryimage\"},\"thumbnailUrl\":\"https:\\\/\\\/bandelin.com\\\/wp-content\\\/uploads\\\/Produktfoto_SD_01-scaled.jpg\",\"datePublished\":\"2026-03-31T20:12:29+00:00\",\"dateModified\":\"2026-05-05T18:28:51+00:00\",\"description\":\"Informationen Sie sich \u00fcber SONOCOOL SD 01.2 Einsatzbecher (10 St\u00fcck) | Hochwertige Ultraschallb\u00e4der f\u00fcr Medizin und Industrie von Bandelin Electronic seit 1955.\",\"breadcrumb\":{\"@id\":\"https:\\\/\\\/bandelin.com\\\/shop\\\/sonocool-ultraschallbaeder\\\/zubehoer-sonocool-ultraschallbaeder\\\/sonocool-sd-01-2-einsatzbecher-10-stueck\\\/#breadcrumb\"},\"inLanguage\":\"da-DK\",\"potentialAction\":[{\"@type\":\"ReadAction\",\"target\":[\"https:\\\/\\\/bandelin.com\\\/shop\\\/sonocool-ultraschallbaeder\\\/zubehoer-sonocool-ultraschallbaeder\\\/sonocool-sd-01-2-einsatzbecher-10-stueck\\\/\"]}]},{\"@type\":\"ImageObject\",\"inLanguage\":\"da-DK\",\"@id\":\"https:\\\/\\\/bandelin.com\\\/shop\\\/sonocool-ultraschallbaeder\\\/zubehoer-sonocool-ultraschallbaeder\\\/sonocool-sd-01-2-einsatzbecher-10-stueck\\\/#primaryimage\",\"url\":\"https:\\\/\\\/bandelin.com\\\/wp-content\\\/uploads\\\/Produktfoto_SD_01-scaled.jpg\",\"contentUrl\":\"https:\\\/\\\/bandelin.com\\\/wp-content\\\/uploads\\\/Produktfoto_SD_01-scaled.jpg\",\"width\":2048,\"height\":2048,\"caption\":\"SONOCOOL SD 01.2 Einsatzbecher (10 St\u00fcck) Bild\"},{\"@type\":\"BreadcrumbList\",\"@id\":\"https:\\\/\\\/bandelin.com\\\/shop\\\/sonocool-ultraschallbaeder\\\/zubehoer-sonocool-ultraschallbaeder\\\/sonocool-sd-01-2-einsatzbecher-10-stueck\\\/#breadcrumb\",\"itemListElement\":[{\"@type\":\"ListItem\",\"position\":1,\"name\":\"Startseite\",\"item\":\"https:\\\/\\\/bandelin.com\\\/\"},{\"@type\":\"ListItem\",\"position\":2,\"name\":\"Shop\",\"item\":\"https:\\\/\\\/bandelin.com\\\/shop\\\/\"},{\"@type\":\"ListItem\",\"position\":3,\"name\":\"SONOCOOL SD 01.2 Einsatzbecher (10 St\u00fcck)\"}]},{\"@type\":\"WebSite\",\"@id\":\"https:\\\/\\\/bandelin.com\\\/#website\",\"url\":\"https:\\\/\\\/bandelin.com\\\/\",\"name\":\"BANDELIN electronic GmbH & Co. KG\",\"description\":\"Ultraschall seit 1955\",\"publisher\":{\"@id\":\"https:\\\/\\\/bandelin.com\\\/#organization\"},\"potentialAction\":[{\"@type\":\"SearchAction\",\"target\":{\"@type\":\"EntryPoint\",\"urlTemplate\":\"https:\\\/\\\/bandelin.com\\\/?s={search_term_string}\"},\"query-input\":{\"@type\":\"PropertyValueSpecification\",\"valueRequired\":true,\"valueName\":\"search_term_string\"}}],\"inLanguage\":\"da-DK\"},{\"@type\":\"Organization\",\"@id\":\"https:\\\/\\\/bandelin.com\\\/#organization\",\"name\":\"BANDELIN electronic GmbH & Co. KG\",\"url\":\"https:\\\/\\\/bandelin.com\\\/\",\"logo\":{\"@type\":\"ImageObject\",\"inLanguage\":\"da-DK\",\"@id\":\"https:\\\/\\\/bandelin.com\\\/#\\\/schema\\\/logo\\\/image\\\/\",\"url\":\"\",\"contentUrl\":\"\",\"caption\":\"BANDELIN electronic GmbH & Co. KG\"},\"image\":{\"@id\":\"https:\\\/\\\/bandelin.com\\\/#\\\/schema\\\/logo\\\/image\\\/\"},\"sameAs\":[\"https:\\\/\\\/de-de.facebook.com\\\/bandelin.electronic\\\/\",\"https:\\\/\\\/www.instagram.com\\\/bandelin_ultrasonic\\\/?hl=de\",\"https:\\\/\\\/www.linkedin.com\\\/company\\\/bandelin-electronic-gmbh-amp-co-kg\",\"https:\\\/\\\/www.youtube.com\\\/channel\\\/UC5wTNrNxkwMmX-WzysQqw3g\"]}]}<\/script>\n<!-- \/ Yoast SEO plugin. -->","yoast_head_json":{"title":"SONOCOOL SD 01.2 Indsatsb\u00e6ger (10 stk.) | BANDELIN electronic GmbH &amp; Co. KG","description":"F\u00e5 mere at vide om SONOCOOL SD 01.2 indsatsb\u00e6gre (10 stk.) | Ultralydsbade af h\u00f8j kvalitet til medicin og industri fra Bandelin Electronic siden 1955.","robots":{"index":"index","follow":"follow","max-snippet":"max-snippet:-1","max-image-preview":"max-image-preview:large","max-video-preview":"max-video-preview:-1"},"canonical":"https:\/\/bandelin.com\/da\/butik\/sonocool-ultralydsbade\/tilbehor-sonocool-ultralydsbade\/sonocool-sd-01-2-indsatsbaeger-10-stk\/","og_locale":"da_DK","og_type":"article","og_title":"SONOCOOL SD 01.2 Einsatzbecher (10 St\u00fcck) | BANDELIN electronic GmbH &amp; Co. KG","og_description":"Informationen Sie sich \u00fcber SONOCOOL SD 01.2 Einsatzbecher (10 St\u00fcck) | Hochwertige Ultraschallb\u00e4der f\u00fcr Medizin und Industrie von Bandelin Electronic seit 1955.","og_url":"https:\/\/bandelin.com\/da\/butik\/sonocool-ultralydsbade\/tilbehor-sonocool-ultralydsbade\/sonocool-sd-01-2-indsatsbaeger-10-stk\/","og_site_name":"BANDELIN electronic GmbH &amp; Co. KG","article_publisher":"https:\/\/de-de.facebook.com\/bandelin.electronic\/","article_modified_time":"2026-05-05T18:28:51+00:00","og_image":[{"width":2048,"height":2048,"url":"https:\/\/bandelin.com\/wp-content\/uploads\/Produktfoto_SD_01-scaled.jpg","type":"image\/jpeg"}],"twitter_card":"summary_large_image","schema":{"@context":"https:\/\/schema.org","@graph":[{"@type":"WebPage","@id":"https:\/\/bandelin.com\/shop\/sonocool-ultraschallbaeder\/zubehoer-sonocool-ultraschallbaeder\/sonocool-sd-01-2-einsatzbecher-10-stueck\/","url":"https:\/\/bandelin.com\/shop\/sonocool-ultraschallbaeder\/zubehoer-sonocool-ultraschallbaeder\/sonocool-sd-01-2-einsatzbecher-10-stueck\/","name":"SONOCOOL SD 01.2 Indsatsb\u00e6ger (10 stk.) | BANDELIN electronic GmbH &amp; Co. KG","isPartOf":{"@id":"https:\/\/bandelin.com\/#website"},"primaryImageOfPage":{"@id":"https:\/\/bandelin.com\/shop\/sonocool-ultraschallbaeder\/zubehoer-sonocool-ultraschallbaeder\/sonocool-sd-01-2-einsatzbecher-10-stueck\/#primaryimage"},"image":{"@id":"https:\/\/bandelin.com\/shop\/sonocool-ultraschallbaeder\/zubehoer-sonocool-ultraschallbaeder\/sonocool-sd-01-2-einsatzbecher-10-stueck\/#primaryimage"},"thumbnailUrl":"https:\/\/bandelin.com\/wp-content\/uploads\/Produktfoto_SD_01-scaled.jpg","datePublished":"2026-03-31T20:12:29+00:00","dateModified":"2026-05-05T18:28:51+00:00","description":"F\u00e5 mere at vide om SONOCOOL SD 01.2 indsatsb\u00e6gre (10 stk.) | Ultralydsbade af h\u00f8j kvalitet til medicin og industri fra Bandelin Electronic siden 1955.","breadcrumb":{"@id":"https:\/\/bandelin.com\/shop\/sonocool-ultraschallbaeder\/zubehoer-sonocool-ultraschallbaeder\/sonocool-sd-01-2-einsatzbecher-10-stueck\/#breadcrumb"},"inLanguage":"da-DK","potentialAction":[{"@type":"ReadAction","target":["https:\/\/bandelin.com\/shop\/sonocool-ultraschallbaeder\/zubehoer-sonocool-ultraschallbaeder\/sonocool-sd-01-2-einsatzbecher-10-stueck\/"]}]},{"@type":"ImageObject","inLanguage":"da-DK","@id":"https:\/\/bandelin.com\/shop\/sonocool-ultraschallbaeder\/zubehoer-sonocool-ultraschallbaeder\/sonocool-sd-01-2-einsatzbecher-10-stueck\/#primaryimage","url":"https:\/\/bandelin.com\/wp-content\/uploads\/Produktfoto_SD_01-scaled.jpg","contentUrl":"https:\/\/bandelin.com\/wp-content\/uploads\/Produktfoto_SD_01-scaled.jpg","width":2048,"height":2048,"caption":"SONOCOOL SD 01.2 Einsatzbecher (10 St\u00fcck) Bild"},{"@type":"BreadcrumbList","@id":"https:\/\/bandelin.com\/shop\/sonocool-ultraschallbaeder\/zubehoer-sonocool-ultraschallbaeder\/sonocool-sd-01-2-einsatzbecher-10-stueck\/#breadcrumb","itemListElement":[{"@type":"ListItem","position":1,"name":"Startseite","item":"https:\/\/bandelin.com\/"},{"@type":"ListItem","position":2,"name":"Shop","item":"https:\/\/bandelin.com\/shop\/"},{"@type":"ListItem","position":3,"name":"SONOCOOL SD 01.2 Einsatzbecher (10 St\u00fcck)"}]},{"@type":"WebSite","@id":"https:\/\/bandelin.com\/#website","url":"https:\/\/bandelin.com\/","name":"BANDELIN electronic GmbH &amp; Co. KG","description":"Ultralyd siden 1955","publisher":{"@id":"https:\/\/bandelin.com\/#organization"},"potentialAction":[{"@type":"SearchAction","target":{"@type":"EntryPoint","urlTemplate":"https:\/\/bandelin.com\/?s={search_term_string}"},"query-input":{"@type":"PropertyValueSpecification","valueRequired":true,"valueName":"search_term_string"}}],"inLanguage":"da-DK"},{"@type":"Organization","@id":"https:\/\/bandelin.com\/#organization","name":"BANDELIN electronic GmbH &amp; Co. KG","url":"https:\/\/bandelin.com\/","logo":{"@type":"ImageObject","inLanguage":"da-DK","@id":"https:\/\/bandelin.com\/#\/schema\/logo\/image\/","url":"","contentUrl":"","caption":"BANDELIN electronic GmbH & Co. KG"},"image":{"@id":"https:\/\/bandelin.com\/#\/schema\/logo\/image\/"},"sameAs":["https:\/\/de-de.facebook.com\/bandelin.electronic\/","https:\/\/www.instagram.com\/bandelin_ultrasonic\/?hl=de","https:\/\/www.linkedin.com\/company\/bandelin-electronic-gmbh-amp-co-kg","https:\/\/www.youtube.com\/channel\/UC5wTNrNxkwMmX-WzysQqw3g"]}]}},"_links":{"self":[{"href":"https:\/\/bandelin.com\/da\/wp-json\/wp\/v2\/product\/666119","targetHints":{"allow":["GET"]}}],"collection":[{"href":"https:\/\/bandelin.com\/da\/wp-json\/wp\/v2\/product"}],"about":[{"href":"https:\/\/bandelin.com\/da\/wp-json\/wp\/v2\/types\/product"}],"version-history":[{"count":1,"href":"https:\/\/bandelin.com\/da\/wp-json\/wp\/v2\/product\/666119\/revisions"}],"predecessor-version":[{"id":666120,"href":"https:\/\/bandelin.com\/da\/wp-json\/wp\/v2\/product\/666119\/revisions\/666120"}],"wp:featuredmedia":[{"embeddable":true,"href":"https:\/\/bandelin.com\/da\/wp-json\/wp\/v2\/media\/649687"}],"wp:attachment":[{"href":"https:\/\/bandelin.com\/da\/wp-json\/wp\/v2\/media?parent=666119"}],"wp:term":[{"taxonomy":"product_brand","embeddable":true,"href":"https:\/\/bandelin.com\/da\/wp-json\/wp\/v2\/product_brand?post=666119"},{"taxonomy":"product_cat","embeddable":true,"href":"https:\/\/bandelin.com\/da\/wp-json\/wp\/v2\/product_cat?post=666119"},{"taxonomy":"product_tag","embeddable":true,"href":"https:\/\/bandelin.com\/da\/wp-json\/wp\/v2\/product_tag?post=666119"}],"curies":[{"name":"wp","href":"https:\/\/api.w.org\/{rel}","templated":true}]}}