{"id":666582,"date":"2026-03-31T22:24:06","date_gmt":"2026-03-31T20:24:06","guid":{"rendered":"https:\/\/bandelin.com\/shop\/unkategorisiert\/sonopuls-ms-72-mikrospitze\/"},"modified":"2026-04-30T20:27:38","modified_gmt":"2026-04-30T18:27:38","slug":"sonopuls-ms-72-mikrospids","status":"publish","type":"product","link":"https:\/\/bandelin.com\/da\/shop\/sonopuls-ultraschall-homogenisatoren\/zubehoer-sonopuls-ultraschall-homogenisatoren\/sonopuls-ms-72-mikrospitze\/","title":{"rendered":"SONOPULS MS 72 mikrospids"},"content":{"rendered":"<p>Sonotroder overf\u00f8rer de mekaniske vibrationer til<br \/>\n  pr\u00f8ve, er termostabile, autoklaverbare og modstandsdygtige<br \/>\n  mod \u00e6tsende medier. Pr\u00f8vevolumen, beholderdiameter<br \/>\n  og \u00f8nsket amplitude Bestem valg af enhed<br \/>\n  og sonotrodetype. En h\u00f8j amplitude<br \/>\n  betyder s\u00e6rlig intensiv sonikering.<br \/>\n  Hornet er forbundet med standard- eller boosterhorn.<br \/>\n  Alle BANDELIN-sonotroder er fremstillet af titaniumlegeringen TiAl6V4 (3.7165).<\/p>\n<p>  Mikrospidser er sonotroder med en s\u00e6rlig tynd spids, som g\u00f8r det muligt at sonikere sm\u00e5 m\u00e6ngder med en h\u00f8j amplitude og dermed en h\u00f8j ultralydseffekt.<\/p>","protected":false},"excerpt":{"rendered":"<p>Passer til SH 70\/213 G<\/p>","protected":false},"featured_media":649998,"template":"","meta":{"_acf_changed":false},"product_brand":[],"product_cat":[11669,14485],"product_tag":[11348,11349,14637],"class_list":{"0":"post-666582","1":"product","2":"type-product","3":"status-publish","4":"has-post-thumbnail","6":"product_cat-sonopuls-ultraschall-homogenisatoren","7":"product_cat-zubehoer-sonopuls-ultraschall-homogenisatoren","8":"product_tag-sonotrode-3","9":"product_tag-2000-3","10":"product_tag-sonopuls-ultraschall-homogenisatoren-zubehoer","11":"pa_anschluss-stufenhorn-m8-3","12":"pa_beschallungsvolumen-l-1-30","13":"pa_bestellnummer-492-2","14":"pa_sonotrodendurchmesser-mm-2-2","15":"pa_sonotrodenlaenge-mm-191-2","16":"pa_verpackung-breite-mm-70-2","17":"pa_verpackung-hoehe-mm-30-2","18":"pa_verpackung-laenge-mm-230-2","20":"first","21":"instock","22":"taxable","23":"shipping-taxable","24":"purchasable","25":"product-type-simple"},"acf":[],"yoast_head":"<!-- This site is optimized with the Yoast SEO plugin v27.5 - https:\/\/yoast.com\/product\/yoast-seo-wordpress\/ -->\n<title>SONOPULS MS 72 Mikrospitze | BANDELIN electronic GmbH &amp; Co. KG<\/title>\n<meta name=\"description\" content=\"Informationen Sie sich \u00fcber SONOPULS MS 72 Mikrospitze | Hochwertige Ultraschallb\u00e4der f\u00fcr Medizin und Industrie von Bandelin Electronic seit 1955.\" \/>\n<meta name=\"robots\" content=\"index, follow, max-snippet:-1, max-image-preview:large, max-video-preview:-1\" \/>\n<link rel=\"canonical\" href=\"https:\/\/bandelin.com\/da\/butik\/sonopuls-ultralydshomogenisatorer\/tilbehor-sonopuls-ultralydshomogenisatorer\/sonopuls-ms-72-mikrospids\/\" \/>\n<meta property=\"og:locale\" content=\"da_DK\" \/>\n<meta property=\"og:type\" content=\"article\" \/>\n<meta property=\"og:title\" content=\"SONOPULS MS 72 Mikrospitze | BANDELIN electronic GmbH &amp; Co. KG\" \/>\n<meta property=\"og:description\" content=\"Informationen Sie sich \u00fcber SONOPULS MS 72 Mikrospitze | Hochwertige Ultraschallb\u00e4der f\u00fcr Medizin und Industrie von Bandelin Electronic seit 1955.\" \/>\n<meta property=\"og:url\" content=\"https:\/\/bandelin.com\/da\/butik\/sonopuls-ultralydshomogenisatorer\/tilbehor-sonopuls-ultralydshomogenisatorer\/sonopuls-ms-72-mikrospids\/\" \/>\n<meta property=\"og:site_name\" content=\"BANDELIN electronic GmbH &amp; Co. KG\" \/>\n<meta property=\"article:publisher\" content=\"https:\/\/de-de.facebook.com\/bandelin.electronic\/\" \/>\n<meta property=\"article:modified_time\" content=\"2026-04-30T18:27:38+00:00\" \/>\n<meta property=\"og:image\" content=\"https:\/\/bandelin.com\/wp-content\/uploads\/Produktfoto_MS_72_frontal-scaled.jpg\" \/>\n\t<meta property=\"og:image:width\" content=\"2048\" \/>\n\t<meta property=\"og:image:height\" content=\"2048\" \/>\n\t<meta property=\"og:image:type\" content=\"image\/jpeg\" \/>\n<meta name=\"twitter:card\" content=\"summary_large_image\" \/>\n<script type=\"application\/ld+json\" class=\"yoast-schema-graph\">{\"@context\":\"https:\\\/\\\/schema.org\",\"@graph\":[{\"@type\":\"WebPage\",\"@id\":\"https:\\\/\\\/bandelin.com\\\/shop\\\/sonopuls-ultraschall-homogenisatoren\\\/zubehoer-sonopuls-ultraschall-homogenisatoren\\\/sonopuls-ms-72-mikrospitze\\\/\",\"url\":\"https:\\\/\\\/bandelin.com\\\/shop\\\/sonopuls-ultraschall-homogenisatoren\\\/zubehoer-sonopuls-ultraschall-homogenisatoren\\\/sonopuls-ms-72-mikrospitze\\\/\",\"name\":\"SONOPULS MS 72 Mikrospitze | BANDELIN electronic GmbH &amp; Co. KG\",\"isPartOf\":{\"@id\":\"https:\\\/\\\/bandelin.com\\\/#website\"},\"primaryImageOfPage\":{\"@id\":\"https:\\\/\\\/bandelin.com\\\/shop\\\/sonopuls-ultraschall-homogenisatoren\\\/zubehoer-sonopuls-ultraschall-homogenisatoren\\\/sonopuls-ms-72-mikrospitze\\\/#primaryimage\"},\"image\":{\"@id\":\"https:\\\/\\\/bandelin.com\\\/shop\\\/sonopuls-ultraschall-homogenisatoren\\\/zubehoer-sonopuls-ultraschall-homogenisatoren\\\/sonopuls-ms-72-mikrospitze\\\/#primaryimage\"},\"thumbnailUrl\":\"https:\\\/\\\/bandelin.com\\\/wp-content\\\/uploads\\\/Produktfoto_MS_72_frontal-scaled.jpg\",\"datePublished\":\"2026-03-31T20:24:06+00:00\",\"dateModified\":\"2026-04-30T18:27:38+00:00\",\"description\":\"Informationen Sie sich \u00fcber SONOPULS MS 72 Mikrospitze | Hochwertige Ultraschallb\u00e4der f\u00fcr Medizin und Industrie von Bandelin Electronic seit 1955.\",\"breadcrumb\":{\"@id\":\"https:\\\/\\\/bandelin.com\\\/shop\\\/sonopuls-ultraschall-homogenisatoren\\\/zubehoer-sonopuls-ultraschall-homogenisatoren\\\/sonopuls-ms-72-mikrospitze\\\/#breadcrumb\"},\"inLanguage\":\"da-DK\",\"potentialAction\":[{\"@type\":\"ReadAction\",\"target\":[\"https:\\\/\\\/bandelin.com\\\/shop\\\/sonopuls-ultraschall-homogenisatoren\\\/zubehoer-sonopuls-ultraschall-homogenisatoren\\\/sonopuls-ms-72-mikrospitze\\\/\"]}]},{\"@type\":\"ImageObject\",\"inLanguage\":\"da-DK\",\"@id\":\"https:\\\/\\\/bandelin.com\\\/shop\\\/sonopuls-ultraschall-homogenisatoren\\\/zubehoer-sonopuls-ultraschall-homogenisatoren\\\/sonopuls-ms-72-mikrospitze\\\/#primaryimage\",\"url\":\"https:\\\/\\\/bandelin.com\\\/wp-content\\\/uploads\\\/Produktfoto_MS_72_frontal-scaled.jpg\",\"contentUrl\":\"https:\\\/\\\/bandelin.com\\\/wp-content\\\/uploads\\\/Produktfoto_MS_72_frontal-scaled.jpg\",\"width\":2048,\"height\":2048,\"caption\":\"SONOPULS MS 72 Mikrospitze Bild\"},{\"@type\":\"BreadcrumbList\",\"@id\":\"https:\\\/\\\/bandelin.com\\\/shop\\\/sonopuls-ultraschall-homogenisatoren\\\/zubehoer-sonopuls-ultraschall-homogenisatoren\\\/sonopuls-ms-72-mikrospitze\\\/#breadcrumb\",\"itemListElement\":[{\"@type\":\"ListItem\",\"position\":1,\"name\":\"Startseite\",\"item\":\"https:\\\/\\\/bandelin.com\\\/\"},{\"@type\":\"ListItem\",\"position\":2,\"name\":\"Shop\",\"item\":\"https:\\\/\\\/bandelin.com\\\/shop\\\/\"},{\"@type\":\"ListItem\",\"position\":3,\"name\":\"SONOPULS MS 72 Mikrospitze\"}]},{\"@type\":\"WebSite\",\"@id\":\"https:\\\/\\\/bandelin.com\\\/#website\",\"url\":\"https:\\\/\\\/bandelin.com\\\/\",\"name\":\"BANDELIN electronic GmbH & Co. KG\",\"description\":\"Ultraschall seit 1955\",\"publisher\":{\"@id\":\"https:\\\/\\\/bandelin.com\\\/#organization\"},\"potentialAction\":[{\"@type\":\"SearchAction\",\"target\":{\"@type\":\"EntryPoint\",\"urlTemplate\":\"https:\\\/\\\/bandelin.com\\\/?s={search_term_string}\"},\"query-input\":{\"@type\":\"PropertyValueSpecification\",\"valueRequired\":true,\"valueName\":\"search_term_string\"}}],\"inLanguage\":\"da-DK\"},{\"@type\":\"Organization\",\"@id\":\"https:\\\/\\\/bandelin.com\\\/#organization\",\"name\":\"BANDELIN electronic GmbH & Co. KG\",\"url\":\"https:\\\/\\\/bandelin.com\\\/\",\"logo\":{\"@type\":\"ImageObject\",\"inLanguage\":\"da-DK\",\"@id\":\"https:\\\/\\\/bandelin.com\\\/#\\\/schema\\\/logo\\\/image\\\/\",\"url\":\"\",\"contentUrl\":\"\",\"caption\":\"BANDELIN electronic GmbH & Co. KG\"},\"image\":{\"@id\":\"https:\\\/\\\/bandelin.com\\\/#\\\/schema\\\/logo\\\/image\\\/\"},\"sameAs\":[\"https:\\\/\\\/de-de.facebook.com\\\/bandelin.electronic\\\/\",\"https:\\\/\\\/www.instagram.com\\\/bandelin_ultrasonic\\\/?hl=de\",\"https:\\\/\\\/www.linkedin.com\\\/company\\\/bandelin-electronic-gmbh-amp-co-kg\",\"https:\\\/\\\/www.youtube.com\\\/channel\\\/UC5wTNrNxkwMmX-WzysQqw3g\"]}]}<\/script>\n<!-- \/ Yoast SEO plugin. -->","yoast_head_json":{"title":"SONOPULS MS 72 mikrospids | BANDELIN electronic GmbH &amp; Co. KG","description":"F\u00e5 mere at vide om SONOPULS MS 72 mikrospids | Ultralydsbade af h\u00f8j kvalitet til medicin og industri fra Bandelin Electronic siden 1955.","robots":{"index":"index","follow":"follow","max-snippet":"max-snippet:-1","max-image-preview":"max-image-preview:large","max-video-preview":"max-video-preview:-1"},"canonical":"https:\/\/bandelin.com\/da\/butik\/sonopuls-ultralydshomogenisatorer\/tilbehor-sonopuls-ultralydshomogenisatorer\/sonopuls-ms-72-mikrospids\/","og_locale":"da_DK","og_type":"article","og_title":"SONOPULS MS 72 Mikrospitze | BANDELIN electronic GmbH &amp; Co. KG","og_description":"Informationen Sie sich \u00fcber SONOPULS MS 72 Mikrospitze | Hochwertige Ultraschallb\u00e4der f\u00fcr Medizin und Industrie von Bandelin Electronic seit 1955.","og_url":"https:\/\/bandelin.com\/da\/butik\/sonopuls-ultralydshomogenisatorer\/tilbehor-sonopuls-ultralydshomogenisatorer\/sonopuls-ms-72-mikrospids\/","og_site_name":"BANDELIN electronic GmbH &amp; Co. KG","article_publisher":"https:\/\/de-de.facebook.com\/bandelin.electronic\/","article_modified_time":"2026-04-30T18:27:38+00:00","og_image":[{"width":2048,"height":2048,"url":"https:\/\/bandelin.com\/wp-content\/uploads\/Produktfoto_MS_72_frontal-scaled.jpg","type":"image\/jpeg"}],"twitter_card":"summary_large_image","schema":{"@context":"https:\/\/schema.org","@graph":[{"@type":"WebPage","@id":"https:\/\/bandelin.com\/shop\/sonopuls-ultraschall-homogenisatoren\/zubehoer-sonopuls-ultraschall-homogenisatoren\/sonopuls-ms-72-mikrospitze\/","url":"https:\/\/bandelin.com\/shop\/sonopuls-ultraschall-homogenisatoren\/zubehoer-sonopuls-ultraschall-homogenisatoren\/sonopuls-ms-72-mikrospitze\/","name":"SONOPULS MS 72 mikrospids | BANDELIN electronic GmbH &amp; Co. KG","isPartOf":{"@id":"https:\/\/bandelin.com\/#website"},"primaryImageOfPage":{"@id":"https:\/\/bandelin.com\/shop\/sonopuls-ultraschall-homogenisatoren\/zubehoer-sonopuls-ultraschall-homogenisatoren\/sonopuls-ms-72-mikrospitze\/#primaryimage"},"image":{"@id":"https:\/\/bandelin.com\/shop\/sonopuls-ultraschall-homogenisatoren\/zubehoer-sonopuls-ultraschall-homogenisatoren\/sonopuls-ms-72-mikrospitze\/#primaryimage"},"thumbnailUrl":"https:\/\/bandelin.com\/wp-content\/uploads\/Produktfoto_MS_72_frontal-scaled.jpg","datePublished":"2026-03-31T20:24:06+00:00","dateModified":"2026-04-30T18:27:38+00:00","description":"F\u00e5 mere at vide om SONOPULS MS 72 mikrospids | Ultralydsbade af h\u00f8j kvalitet til medicin og industri fra Bandelin Electronic siden 1955.","breadcrumb":{"@id":"https:\/\/bandelin.com\/shop\/sonopuls-ultraschall-homogenisatoren\/zubehoer-sonopuls-ultraschall-homogenisatoren\/sonopuls-ms-72-mikrospitze\/#breadcrumb"},"inLanguage":"da-DK","potentialAction":[{"@type":"ReadAction","target":["https:\/\/bandelin.com\/shop\/sonopuls-ultraschall-homogenisatoren\/zubehoer-sonopuls-ultraschall-homogenisatoren\/sonopuls-ms-72-mikrospitze\/"]}]},{"@type":"ImageObject","inLanguage":"da-DK","@id":"https:\/\/bandelin.com\/shop\/sonopuls-ultraschall-homogenisatoren\/zubehoer-sonopuls-ultraschall-homogenisatoren\/sonopuls-ms-72-mikrospitze\/#primaryimage","url":"https:\/\/bandelin.com\/wp-content\/uploads\/Produktfoto_MS_72_frontal-scaled.jpg","contentUrl":"https:\/\/bandelin.com\/wp-content\/uploads\/Produktfoto_MS_72_frontal-scaled.jpg","width":2048,"height":2048,"caption":"SONOPULS MS 72 Mikrospitze Bild"},{"@type":"BreadcrumbList","@id":"https:\/\/bandelin.com\/shop\/sonopuls-ultraschall-homogenisatoren\/zubehoer-sonopuls-ultraschall-homogenisatoren\/sonopuls-ms-72-mikrospitze\/#breadcrumb","itemListElement":[{"@type":"ListItem","position":1,"name":"Startseite","item":"https:\/\/bandelin.com\/"},{"@type":"ListItem","position":2,"name":"Shop","item":"https:\/\/bandelin.com\/shop\/"},{"@type":"ListItem","position":3,"name":"SONOPULS MS 72 Mikrospitze"}]},{"@type":"WebSite","@id":"https:\/\/bandelin.com\/#website","url":"https:\/\/bandelin.com\/","name":"BANDELIN electronic GmbH &amp; Co. KG","description":"Ultralyd siden 1955","publisher":{"@id":"https:\/\/bandelin.com\/#organization"},"potentialAction":[{"@type":"SearchAction","target":{"@type":"EntryPoint","urlTemplate":"https:\/\/bandelin.com\/?s={search_term_string}"},"query-input":{"@type":"PropertyValueSpecification","valueRequired":true,"valueName":"search_term_string"}}],"inLanguage":"da-DK"},{"@type":"Organization","@id":"https:\/\/bandelin.com\/#organization","name":"BANDELIN electronic GmbH &amp; Co. KG","url":"https:\/\/bandelin.com\/","logo":{"@type":"ImageObject","inLanguage":"da-DK","@id":"https:\/\/bandelin.com\/#\/schema\/logo\/image\/","url":"","contentUrl":"","caption":"BANDELIN electronic GmbH & Co. KG"},"image":{"@id":"https:\/\/bandelin.com\/#\/schema\/logo\/image\/"},"sameAs":["https:\/\/de-de.facebook.com\/bandelin.electronic\/","https:\/\/www.instagram.com\/bandelin_ultrasonic\/?hl=de","https:\/\/www.linkedin.com\/company\/bandelin-electronic-gmbh-amp-co-kg","https:\/\/www.youtube.com\/channel\/UC5wTNrNxkwMmX-WzysQqw3g"]}]}},"_links":{"self":[{"href":"https:\/\/bandelin.com\/da\/wp-json\/wp\/v2\/product\/666582","targetHints":{"allow":["GET"]}}],"collection":[{"href":"https:\/\/bandelin.com\/da\/wp-json\/wp\/v2\/product"}],"about":[{"href":"https:\/\/bandelin.com\/da\/wp-json\/wp\/v2\/types\/product"}],"version-history":[{"count":2,"href":"https:\/\/bandelin.com\/da\/wp-json\/wp\/v2\/product\/666582\/revisions"}],"predecessor-version":[{"id":666584,"href":"https:\/\/bandelin.com\/da\/wp-json\/wp\/v2\/product\/666582\/revisions\/666584"}],"wp:featuredmedia":[{"embeddable":true,"href":"https:\/\/bandelin.com\/da\/wp-json\/wp\/v2\/media\/649998"}],"wp:attachment":[{"href":"https:\/\/bandelin.com\/da\/wp-json\/wp\/v2\/media?parent=666582"}],"wp:term":[{"taxonomy":"product_brand","embeddable":true,"href":"https:\/\/bandelin.com\/da\/wp-json\/wp\/v2\/product_brand?post=666582"},{"taxonomy":"product_cat","embeddable":true,"href":"https:\/\/bandelin.com\/da\/wp-json\/wp\/v2\/product_cat?post=666582"},{"taxonomy":"product_tag","embeddable":true,"href":"https:\/\/bandelin.com\/da\/wp-json\/wp\/v2\/product_tag?post=666582"}],"curies":[{"name":"wp","href":"https:\/\/api.w.org\/{rel}","templated":true}]}}