{"id":697387,"date":"2026-05-07T21:19:39","date_gmt":"2026-05-07T19:19:39","guid":{"rendered":"https:\/\/bandelin.com\/shop\/unkategorisiert\/trison-du-4000-dosiereinheit-fuer-trison-4000-2\/"},"modified":"2026-05-12T01:55:53","modified_gmt":"2026-05-11T23:55:53","slug":"trison-du-4000-doseringsenhed-til-trison-4000-2","status":"publish","type":"product","link":"https:\/\/bandelin.com\/da\/shop\/trison-ultraschallbaeder\/zubehoer-trison-ultraschallbaeder\/trison-du-4000-dosiereinheit-fuer-trison-4000-2\/","title":{"rendered":"TRISON DU 4000 doseringsenhed til TRISON 4000.2"},"content":{"rendered":"<p>Doseringsenheden til TRISON muligg\u00f8r automatisk p\u00e5fyldning og t\u00f8mning af ultralydsbadet med vand og reng\u00f8ringskemikalier. Alle processer styres via den centrale TRISON Base-kontrolenhed.<br \/>\n Ud over den f\u00f8rste p\u00e5fyldning ved skiftets start kan der ogs\u00e5 v\u00e6lges et fuldautomatisk vandskift med skylning og efterf\u00f8lgende afgasning af badev\u00e6sken.<br \/>\n Det s\u00e6rlige ved p\u00e5fyldningsanordningen i forhold til konventionelle doseringsenheder er den sene kombination af vand og reng\u00f8ringskemikalier direkte i apparatet, hvilket forhindrer risikoen for forurening i r\u00f8rene. Desuden kan forurening af vandr\u00f8rene i tilf\u00e6lde af et trykfald p\u00e5 grund af tilbagel\u00f8b af reng\u00f8ringsopl\u00f8sning helt udelukkes takket v\u00e6re det frie udl\u00f8b i overensstemmelse med DIN EN 1717. En anden fordel ved den separate tilf\u00f8rsel er muligheden for at forhindre skumdannelse ved f\u00f8rst at tils\u00e6tte reng\u00f8ringskemikalierne, n\u00e5r vandet er blevet fyldt.<br \/>\n Den forholdsvis lave doseringstolerance p\u00e5 mindre end +4% opn\u00e5s ved at registrere doseringsm\u00e6ngden ved hj\u00e6lp af v\u00e6gte. En anden fordel ved v\u00e6gten er den kontinuerlige visning af fyldningsniveauet, som muligg\u00f8r pr\u00e6cis planl\u00e6gning af beholderskift.<\/p>\n<p> Doseringsenheden kan ogs\u00e5 eftermonteres p\u00e5 eksisterende TRISON 4000.2-enheder.<br \/>\n Takket v\u00e6re det innovative design kommer kun en kemikalieresistent slange i kontakt med reng\u00f8ringskoncentratet, som kan udskiftes af brugeren efter ca. 2 \u00e5r uden brug af v\u00e6rkt\u00f8j.<\/p>","protected":false},"excerpt":{"rendered":"<p>Die Dosiereinheit f\u00fcr das TRISON erm\u00f6glicht die automatisierte Bef\u00fcllung und Entleerung des Ultraschallbads mit Wasser und Reinigungschemie. Alle Prozesse werden dabei \u00fcber die zentrale Steuereinheit TRISON Base gesteuert. Neben der erstmaligen Bef\u00fcllung zum Schichtbeginn kann auch ein vollautomatischer Wasserwechsel mit Sp\u00fclung und anschlie\u00dfender Entgasung der Badfl\u00fcssigkeit angew\u00e4hlt werden. Die Besonderheit der Bef\u00fcllvorrichtung gegen\u00fcber herk\u00f6mmlichen Dosiereinheiten [&hellip;]<\/p>\n","protected":false},"featured_media":697389,"template":"","meta":{"_acf_changed":false},"product_brand":[],"product_cat":[14449,14220],"product_tag":[14618],"class_list":{"0":"post-697387","1":"product","2":"type-product","3":"status-publish","4":"has-post-thumbnail","6":"product_cat-zubehoer-trison-ultraschallbaeder","7":"product_cat-trison-ultraschallbaeder","8":"product_tag-trison-ultraschallbaeder-zubehoer","9":"pa_ablauf-14692","10":"pa_aussenmass-breite-mm-14697","11":"pa_aussenmass-hoehe-mm-14698","12":"pa_aussenmass-laenge-mm-14696","13":"pa_bedienung-touchscreen-der-trison-base","14":"pa_bestellnummer-14690","15":"pa_betriebsspannung-v-14695","16":"pa_ce-kennzeichnung-medizinprodukte-klasse-i-2017-745-eu-niederspannungsrichtlinie-2014-35-eu-emv-richtlinie-2014-30-eu-rohs-richtlinie-2011-65-eu-2","17":"pa_durchflussrate-l-h-10-18","18":"pa_gehaeusematerial-aluminium","19":"pa_max-zul-druck-bar-12994","20":"pa_passend-zu-trison-4000-2","21":"pa_schutzgrad-gehaeuse-ip-30-3","22":"pa_zulauf-14691","24":"first","25":"onbackorder","26":"taxable","27":"shipping-taxable","28":"purchasable","29":"product-type-simple"},"acf":[],"yoast_head":"<!-- This site is optimized with the Yoast SEO plugin v27.5 - https:\/\/yoast.com\/product\/yoast-seo-wordpress\/ -->\n<title>TRISON DU 4000 Dosiereinheit f\u00fcr TRISON 4000.2 | BANDELIN electronic GmbH &amp; Co. KG<\/title>\n<meta name=\"description\" content=\"Informationen Sie sich \u00fcber TRISON DU 4000 Dosiereinheit f\u00fcr TRISON 4000.2 | Hochwertige Ultraschallb\u00e4der f\u00fcr Medizin und Industrie von Bandelin Electronic seit 1955.\" \/>\n<meta name=\"robots\" content=\"index, follow, max-snippet:-1, max-image-preview:large, max-video-preview:-1\" \/>\n<link rel=\"canonical\" href=\"https:\/\/bandelin.com\/da\/butik\/trison-ultralydsbade\/tilbehor-trison-ultralydsbade\/trison-du-4000-doseringsenhed-til-trison-4000-2\/\" \/>\n<meta property=\"og:locale\" content=\"da_DK\" \/>\n<meta property=\"og:type\" content=\"article\" \/>\n<meta property=\"og:title\" content=\"TRISON DU 4000 Dosiereinheit f\u00fcr TRISON 4000.2 | BANDELIN electronic GmbH &amp; Co. KG\" \/>\n<meta property=\"og:description\" content=\"Informationen Sie sich \u00fcber TRISON DU 4000 Dosiereinheit f\u00fcr TRISON 4000.2 | Hochwertige Ultraschallb\u00e4der f\u00fcr Medizin und Industrie von Bandelin Electronic seit 1955.\" \/>\n<meta property=\"og:url\" content=\"https:\/\/bandelin.com\/da\/butik\/trison-ultralydsbade\/tilbehor-trison-ultralydsbade\/trison-du-4000-doseringsenhed-til-trison-4000-2\/\" \/>\n<meta property=\"og:site_name\" content=\"BANDELIN electronic GmbH &amp; Co. KG\" \/>\n<meta property=\"article:publisher\" content=\"https:\/\/de-de.facebook.com\/bandelin.electronic\/\" \/>\n<meta property=\"article:modified_time\" content=\"2026-05-11T23:55:53+00:00\" \/>\n<meta property=\"og:image\" content=\"https:\/\/bandelin.com\/wp-content\/uploads\/Produktfoto_DU_4000-scaled.jpg\" \/>\n\t<meta property=\"og:image:width\" content=\"2048\" \/>\n\t<meta property=\"og:image:height\" content=\"2048\" \/>\n\t<meta property=\"og:image:type\" content=\"image\/jpeg\" \/>\n<meta name=\"twitter:card\" content=\"summary_large_image\" \/>\n<meta name=\"twitter:label1\" content=\"Estimeret l\u00e6setid\" \/>\n\t<meta name=\"twitter:data1\" content=\"1 minut\" \/>\n<script type=\"application\/ld+json\" class=\"yoast-schema-graph\">{\"@context\":\"https:\\\/\\\/schema.org\",\"@graph\":[{\"@type\":\"WebPage\",\"@id\":\"https:\\\/\\\/bandelin.com\\\/shop\\\/trison-ultraschallbaeder\\\/zubehoer-trison-ultraschallbaeder\\\/trison-du-4000-dosiereinheit-fuer-trison-4000-2\\\/\",\"url\":\"https:\\\/\\\/bandelin.com\\\/shop\\\/trison-ultraschallbaeder\\\/zubehoer-trison-ultraschallbaeder\\\/trison-du-4000-dosiereinheit-fuer-trison-4000-2\\\/\",\"name\":\"TRISON DU 4000 Dosiereinheit f\u00fcr TRISON 4000.2 | BANDELIN electronic GmbH &amp; Co. KG\",\"isPartOf\":{\"@id\":\"https:\\\/\\\/bvted2iv.myrdbx.io\\\/#website\"},\"primaryImageOfPage\":{\"@id\":\"https:\\\/\\\/bandelin.com\\\/shop\\\/trison-ultraschallbaeder\\\/zubehoer-trison-ultraschallbaeder\\\/trison-du-4000-dosiereinheit-fuer-trison-4000-2\\\/#primaryimage\"},\"image\":{\"@id\":\"https:\\\/\\\/bandelin.com\\\/shop\\\/trison-ultraschallbaeder\\\/zubehoer-trison-ultraschallbaeder\\\/trison-du-4000-dosiereinheit-fuer-trison-4000-2\\\/#primaryimage\"},\"thumbnailUrl\":\"https:\\\/\\\/bandelin.com\\\/wp-content\\\/uploads\\\/Produktfoto_DU_4000-scaled.jpg\",\"datePublished\":\"2026-05-07T19:19:39+00:00\",\"dateModified\":\"2026-05-11T23:55:53+00:00\",\"description\":\"Informationen Sie sich \u00fcber TRISON DU 4000 Dosiereinheit f\u00fcr TRISON 4000.2 | Hochwertige Ultraschallb\u00e4der f\u00fcr Medizin und Industrie von Bandelin Electronic seit 1955.\",\"breadcrumb\":{\"@id\":\"https:\\\/\\\/bandelin.com\\\/shop\\\/trison-ultraschallbaeder\\\/zubehoer-trison-ultraschallbaeder\\\/trison-du-4000-dosiereinheit-fuer-trison-4000-2\\\/#breadcrumb\"},\"inLanguage\":\"da-DK\",\"potentialAction\":[{\"@type\":\"ReadAction\",\"target\":[\"https:\\\/\\\/bandelin.com\\\/shop\\\/trison-ultraschallbaeder\\\/zubehoer-trison-ultraschallbaeder\\\/trison-du-4000-dosiereinheit-fuer-trison-4000-2\\\/\"]}]},{\"@type\":\"ImageObject\",\"inLanguage\":\"da-DK\",\"@id\":\"https:\\\/\\\/bandelin.com\\\/shop\\\/trison-ultraschallbaeder\\\/zubehoer-trison-ultraschallbaeder\\\/trison-du-4000-dosiereinheit-fuer-trison-4000-2\\\/#primaryimage\",\"url\":\"https:\\\/\\\/bandelin.com\\\/wp-content\\\/uploads\\\/Produktfoto_DU_4000-scaled.jpg\",\"contentUrl\":\"https:\\\/\\\/bandelin.com\\\/wp-content\\\/uploads\\\/Produktfoto_DU_4000-scaled.jpg\",\"width\":2048,\"height\":2048,\"caption\":\"TRISON DU 4000 Dosiereinheit f\u00fcr TRISON 4000.2 Bild\"},{\"@type\":\"BreadcrumbList\",\"@id\":\"https:\\\/\\\/bandelin.com\\\/shop\\\/trison-ultraschallbaeder\\\/zubehoer-trison-ultraschallbaeder\\\/trison-du-4000-dosiereinheit-fuer-trison-4000-2\\\/#breadcrumb\",\"itemListElement\":[{\"@type\":\"ListItem\",\"position\":1,\"name\":\"Startseite\",\"item\":\"https:\\\/\\\/bandelin.com\\\/\"},{\"@type\":\"ListItem\",\"position\":2,\"name\":\"Shop\",\"item\":\"https:\\\/\\\/bandelin.com\\\/shop\\\/\"},{\"@type\":\"ListItem\",\"position\":3,\"name\":\"TRISON DU 4000 Dosiereinheit f\u00fcr TRISON 4000.2\"}]},{\"@type\":\"WebSite\",\"@id\":\"https:\\\/\\\/bvted2iv.myrdbx.io\\\/#website\",\"url\":\"https:\\\/\\\/bvted2iv.myrdbx.io\\\/\",\"name\":\"BANDELIN electronic GmbH & Co. KG\",\"description\":\"Ultraschall seit 1955\",\"publisher\":{\"@id\":\"https:\\\/\\\/bvted2iv.myrdbx.io\\\/#organization\"},\"potentialAction\":[{\"@type\":\"SearchAction\",\"target\":{\"@type\":\"EntryPoint\",\"urlTemplate\":\"https:\\\/\\\/bvted2iv.myrdbx.io\\\/?s={search_term_string}\"},\"query-input\":{\"@type\":\"PropertyValueSpecification\",\"valueRequired\":true,\"valueName\":\"search_term_string\"}}],\"inLanguage\":\"da-DK\"},{\"@type\":\"Organization\",\"@id\":\"https:\\\/\\\/bvted2iv.myrdbx.io\\\/#organization\",\"name\":\"BANDELIN electronic GmbH & Co. KG\",\"url\":\"https:\\\/\\\/bvted2iv.myrdbx.io\\\/\",\"logo\":{\"@type\":\"ImageObject\",\"inLanguage\":\"da-DK\",\"@id\":\"https:\\\/\\\/bvted2iv.myrdbx.io\\\/#\\\/schema\\\/logo\\\/image\\\/\",\"url\":\"\",\"contentUrl\":\"\",\"caption\":\"BANDELIN electronic GmbH & Co. KG\"},\"image\":{\"@id\":\"https:\\\/\\\/bvted2iv.myrdbx.io\\\/#\\\/schema\\\/logo\\\/image\\\/\"},\"sameAs\":[\"https:\\\/\\\/de-de.facebook.com\\\/bandelin.electronic\\\/\",\"https:\\\/\\\/www.instagram.com\\\/bandelin_ultrasonic\\\/?hl=de\",\"https:\\\/\\\/www.linkedin.com\\\/company\\\/bandelin-electronic-gmbh-amp-co-kg\",\"https:\\\/\\\/www.youtube.com\\\/channel\\\/UC5wTNrNxkwMmX-WzysQqw3g\"]}]}<\/script>\n<!-- \/ Yoast SEO plugin. -->","yoast_head_json":{"title":"TRISON DU 4000 doseringsenhed til TRISON 4000.2 | BANDELIN electronic GmbH &amp; Co. KG","description":"F\u00e5 mere at vide om TRISON DU 4000 doseringsenhed til TRISON 4000.2 | H\u00f8jkvalitets ultralydsbade til medicin og industri fra Bandelin Electronic siden 1955.","robots":{"index":"index","follow":"follow","max-snippet":"max-snippet:-1","max-image-preview":"max-image-preview:large","max-video-preview":"max-video-preview:-1"},"canonical":"https:\/\/bandelin.com\/da\/butik\/trison-ultralydsbade\/tilbehor-trison-ultralydsbade\/trison-du-4000-doseringsenhed-til-trison-4000-2\/","og_locale":"da_DK","og_type":"article","og_title":"TRISON DU 4000 Dosiereinheit f\u00fcr TRISON 4000.2 | BANDELIN electronic GmbH &amp; Co. KG","og_description":"Informationen Sie sich \u00fcber TRISON DU 4000 Dosiereinheit f\u00fcr TRISON 4000.2 | Hochwertige Ultraschallb\u00e4der f\u00fcr Medizin und Industrie von Bandelin Electronic seit 1955.","og_url":"https:\/\/bandelin.com\/da\/butik\/trison-ultralydsbade\/tilbehor-trison-ultralydsbade\/trison-du-4000-doseringsenhed-til-trison-4000-2\/","og_site_name":"BANDELIN electronic GmbH &amp; Co. KG","article_publisher":"https:\/\/de-de.facebook.com\/bandelin.electronic\/","article_modified_time":"2026-05-11T23:55:53+00:00","og_image":[{"width":2048,"height":2048,"url":"https:\/\/bandelin.com\/wp-content\/uploads\/Produktfoto_DU_4000-scaled.jpg","type":"image\/jpeg"}],"twitter_card":"summary_large_image","twitter_misc":{"Estimeret l\u00e6setid":"1 minut"},"schema":{"@context":"https:\/\/schema.org","@graph":[{"@type":"WebPage","@id":"https:\/\/bandelin.com\/shop\/trison-ultraschallbaeder\/zubehoer-trison-ultraschallbaeder\/trison-du-4000-dosiereinheit-fuer-trison-4000-2\/","url":"https:\/\/bandelin.com\/shop\/trison-ultraschallbaeder\/zubehoer-trison-ultraschallbaeder\/trison-du-4000-dosiereinheit-fuer-trison-4000-2\/","name":"TRISON DU 4000 doseringsenhed til TRISON 4000.2 | BANDELIN electronic GmbH &amp; Co. KG","isPartOf":{"@id":"https:\/\/bvted2iv.myrdbx.io\/#website"},"primaryImageOfPage":{"@id":"https:\/\/bandelin.com\/shop\/trison-ultraschallbaeder\/zubehoer-trison-ultraschallbaeder\/trison-du-4000-dosiereinheit-fuer-trison-4000-2\/#primaryimage"},"image":{"@id":"https:\/\/bandelin.com\/shop\/trison-ultraschallbaeder\/zubehoer-trison-ultraschallbaeder\/trison-du-4000-dosiereinheit-fuer-trison-4000-2\/#primaryimage"},"thumbnailUrl":"https:\/\/bandelin.com\/wp-content\/uploads\/Produktfoto_DU_4000-scaled.jpg","datePublished":"2026-05-07T19:19:39+00:00","dateModified":"2026-05-11T23:55:53+00:00","description":"F\u00e5 mere at vide om TRISON DU 4000 doseringsenhed til TRISON 4000.2 | H\u00f8jkvalitets ultralydsbade til medicin og industri fra Bandelin Electronic siden 1955.","breadcrumb":{"@id":"https:\/\/bandelin.com\/shop\/trison-ultraschallbaeder\/zubehoer-trison-ultraschallbaeder\/trison-du-4000-dosiereinheit-fuer-trison-4000-2\/#breadcrumb"},"inLanguage":"da-DK","potentialAction":[{"@type":"ReadAction","target":["https:\/\/bandelin.com\/shop\/trison-ultraschallbaeder\/zubehoer-trison-ultraschallbaeder\/trison-du-4000-dosiereinheit-fuer-trison-4000-2\/"]}]},{"@type":"ImageObject","inLanguage":"da-DK","@id":"https:\/\/bandelin.com\/shop\/trison-ultraschallbaeder\/zubehoer-trison-ultraschallbaeder\/trison-du-4000-dosiereinheit-fuer-trison-4000-2\/#primaryimage","url":"https:\/\/bandelin.com\/wp-content\/uploads\/Produktfoto_DU_4000-scaled.jpg","contentUrl":"https:\/\/bandelin.com\/wp-content\/uploads\/Produktfoto_DU_4000-scaled.jpg","width":2048,"height":2048,"caption":"TRISON DU 4000 Dosiereinheit f\u00fcr TRISON 4000.2 Bild"},{"@type":"BreadcrumbList","@id":"https:\/\/bandelin.com\/shop\/trison-ultraschallbaeder\/zubehoer-trison-ultraschallbaeder\/trison-du-4000-dosiereinheit-fuer-trison-4000-2\/#breadcrumb","itemListElement":[{"@type":"ListItem","position":1,"name":"Startseite","item":"https:\/\/bandelin.com\/"},{"@type":"ListItem","position":2,"name":"Shop","item":"https:\/\/bandelin.com\/shop\/"},{"@type":"ListItem","position":3,"name":"TRISON DU 4000 Dosiereinheit f\u00fcr TRISON 4000.2"}]},{"@type":"WebSite","@id":"https:\/\/bvted2iv.myrdbx.io\/#website","url":"https:\/\/bvted2iv.myrdbx.io\/","name":"BANDELIN electronic GmbH &amp; Co. KG","description":"Ultralyd siden 1955","publisher":{"@id":"https:\/\/bvted2iv.myrdbx.io\/#organization"},"potentialAction":[{"@type":"SearchAction","target":{"@type":"EntryPoint","urlTemplate":"https:\/\/bvted2iv.myrdbx.io\/?s={search_term_string}"},"query-input":{"@type":"PropertyValueSpecification","valueRequired":true,"valueName":"search_term_string"}}],"inLanguage":"da-DK"},{"@type":"Organization","@id":"https:\/\/bvted2iv.myrdbx.io\/#organization","name":"BANDELIN electronic GmbH &amp; Co. KG","url":"https:\/\/bvted2iv.myrdbx.io\/","logo":{"@type":"ImageObject","inLanguage":"da-DK","@id":"https:\/\/bvted2iv.myrdbx.io\/#\/schema\/logo\/image\/","url":"","contentUrl":"","caption":"BANDELIN electronic GmbH & Co. KG"},"image":{"@id":"https:\/\/bvted2iv.myrdbx.io\/#\/schema\/logo\/image\/"},"sameAs":["https:\/\/de-de.facebook.com\/bandelin.electronic\/","https:\/\/www.instagram.com\/bandelin_ultrasonic\/?hl=de","https:\/\/www.linkedin.com\/company\/bandelin-electronic-gmbh-amp-co-kg","https:\/\/www.youtube.com\/channel\/UC5wTNrNxkwMmX-WzysQqw3g"]}]}},"_links":{"self":[{"href":"https:\/\/bandelin.com\/da\/wp-json\/wp\/v2\/product\/697387","targetHints":{"allow":["GET"]}}],"collection":[{"href":"https:\/\/bandelin.com\/da\/wp-json\/wp\/v2\/product"}],"about":[{"href":"https:\/\/bandelin.com\/da\/wp-json\/wp\/v2\/types\/product"}],"version-history":[{"count":1,"href":"https:\/\/bandelin.com\/da\/wp-json\/wp\/v2\/product\/697387\/revisions"}],"predecessor-version":[{"id":697388,"href":"https:\/\/bandelin.com\/da\/wp-json\/wp\/v2\/product\/697387\/revisions\/697388"}],"wp:featuredmedia":[{"embeddable":true,"href":"https:\/\/bandelin.com\/da\/wp-json\/wp\/v2\/media\/697389"}],"wp:attachment":[{"href":"https:\/\/bandelin.com\/da\/wp-json\/wp\/v2\/media?parent=697387"}],"wp:term":[{"taxonomy":"product_brand","embeddable":true,"href":"https:\/\/bandelin.com\/da\/wp-json\/wp\/v2\/product_brand?post=697387"},{"taxonomy":"product_cat","embeddable":true,"href":"https:\/\/bandelin.com\/da\/wp-json\/wp\/v2\/product_cat?post=697387"},{"taxonomy":"product_tag","embeddable":true,"href":"https:\/\/bandelin.com\/da\/wp-json\/wp\/v2\/product_tag?post=697387"}],"curies":[{"name":"wp","href":"https:\/\/api.w.org\/{rel}","templated":true}]}}