{"id":697931,"date":"2026-05-07T21:34:04","date_gmt":"2026-05-07T19:34:04","guid":{"rendered":"https:\/\/bandelin.com\/shop\/unkategorisiert\/sonorex-technik-rm-110-h-spuelbad-mit-heizung-ohne-ultraschall\/"},"modified":"2026-05-14T20:27:09","modified_gmt":"2026-05-14T18:27:09","slug":"sonorex-technik-rm-110-h-skyllebad-med-opvarmning-uden-ultralyd","status":"publish","type":"product","link":"https:\/\/bandelin.com\/da\/shop\/sonorex-technik-ultraschallbaeder\/sonorex-technik-rm-ultraschallbaeder\/sonorex-technik-rm-110-h-spuelbad-mit-heizung-ohne-ultraschall\/","title":{"rendered":"SONOREX TECHNIK RM 110 H skyllebad med opvarmning, uden ultralyd"},"content":{"rendered":"<p>Vask med opvarmning til industri, service og vedligeholdelse. Den svejsede svingtank af rustfrit st\u00e5l 1.4404, 2 mm garanterer maksimal holdbarhed selv ved intensiv brug.<br \/>\n  Et modul\u00e6rt design muligg\u00f8r en bred vifte af konfigurationer, fra individuelle reng\u00f8ringstanke til komplette reng\u00f8ringslinjer.<br \/>\n  Den integrerede overl\u00f8bslomme bruges til at tilslutte en olieseparator til at adskille rensede oliefilm fra reng\u00f8ringsopl\u00f8sningen.<\/p>\n<p>  - Spr\u00f8jter\u00f8r til at fjerne flydende olie fra v\u00e6skeoverfladen til overl\u00f8bslommen<br \/>\n  - Niveauafbryder som t\u00f8rl\u00f8bsbeskyttelse for varmelegeme og ultralydssensor<br \/>\n  - H\u00f8jdejusterbare f\u00f8dder<\/p>\n<p>  Runde badehj\u00f8rner p\u00e5 siderne og i bunden g\u00f8r det lettere at reng\u00f8re badet. Ophobning af snavs undg\u00e5s.<br \/>\n  Ved at montere betjeningselementerne i den \u00f8verste del af tanken bliver det lettere at betjene ultralyds- og varmekontakterne.<br \/>\n  Det skr\u00e5nende tankgulv giver bedre reng\u00f8ringsresultater takket v\u00e6re optimeret lydspredning. Det er nemmere at t\u00f8mme tanken, og man undg\u00e5r stort set ophobning af snavs og restv\u00e6ske p\u00e5 gulvet.<\/p>\n<p>  Egnede kurve, l\u00e5g og reng\u00f8rings- og desinfektionsmiddelkoncentrater f\u00e5s som tilbeh\u00f8r til optimeret ultralydsrensning.<\/p>","protected":false},"excerpt":{"rendered":"<p>Indvendige m\u00e5l: 600 x 450 x 450 mm<\/p>","protected":false},"featured_media":697933,"template":"","meta":{"_acf_changed":false},"product_brand":[],"product_cat":[14254,12497],"product_tag":[14134,14623,12501],"class_list":{"0":"post-697931","1":"product","2":"type-product","3":"status-publish","4":"has-post-thumbnail","6":"product_cat-sonorex-technik-rm-ultraschallbaeder","7":"product_cat-sonorex-technik-ultraschallbaeder","8":"product_tag-ultraschallbad","9":"product_tag-sonorex-technik-ultraschallbaeder-sonorex-technik-rm-ultraschallbaeder","10":"product_tag-rm","11":"pa_ablauf-3-wege-kugelhahn-g-1-inkl-schlauch-und-schlauchtuellen-messing-galvanisch-beschichtet-an-der-linken-seite","12":"pa_arbeitsinhalt-l-14459","13":"pa_aussenmass-breite-mm-12557","14":"pa_aussenmass-hoehe-mm-12558","15":"pa_aussenmass-laenge-mm-12556","16":"pa_bedienung-drehgriff","17":"pa_bestellnummer-12561","18":"pa_betriebsspannung-v-400-v3npe-50-60-hz","19":"pa_ce-kennzeichnung-niederspannungsrichtlinie-2014-35-eu-emv-richtlinie-2014-30-eu-rohs-richtlinie-2011-65-eu-2","20":"pa_einstellb-temp-ber-c-30-80","21":"pa_form-der-wannenecken-rechtwinklig","22":"pa_fuellstandsmarkierung-12549","23":"pa_gehaeusematerial-edelstahl-1-4301","24":"pa_griffe-an-den-seiten-2","25":"pa_heizleistung-w-12554","26":"pa_inhalt-l-14458","27":"pa_innenmass-b-mm-450-2","28":"pa_innenmass-l-mm-600-2","29":"pa_innenmass-t-mm-14304","30":"pa_netzkabel-3-m-fest-am-geraet-mit-drehstromstecker-cekon-16-a","31":"pa_schutzgrad-gehaeuse-ip-32-2","32":"pa_spruehrohr-an-der-linken-seite","33":"pa_ueberlauf-kugelhahn-g-1-inkl-schlauchtuelle-fest-eingeschweisst-messing-galvanisch-beschichtet-an-der-rechten-seite","34":"pa_ueberlauftasche-an-der-rechten-seite","35":"pa_verpackung-breite-mm-12345","36":"pa_verpackung-hoehe-mm-12474","37":"pa_verpackung-laenge-mm-12344","38":"pa_vol-bis-ueberlauft-l-14726","39":"pa_wannenboden-gerade","40":"pa_wannenmaterial-edelstahl-1-4404","41":"pa_wannenstaerke-mm-14422","42":"pa_zulauf-3-wege-kugelhahn-g-1-inkl-schlauch-und-schlauchtuellen-an-der-linken-seite-messing-galvanisch-beschichtet","44":"first","45":"onbackorder","46":"taxable","47":"shipping-taxable","48":"purchasable","49":"product-type-simple"},"acf":[],"yoast_head":"<!-- This site is optimized with the Yoast SEO plugin v27.6 - https:\/\/yoast.com\/product\/yoast-seo-wordpress\/ -->\n<title>SONOREX TECHNIK RM 110 H Sp\u00fclbad mit Heizung, ohne Ultraschall | BANDELIN electronic GmbH &amp; Co. KG<\/title>\n<meta name=\"description\" content=\"Informationen Sie sich \u00fcber SONOREX TECHNIK RM 110 H Sp\u00fclbad mit Heizung, ohne Ultraschall | Hochwertige Ultraschallb\u00e4der f\u00fcr Medizin und Industrie von Bandelin Electronic seit 1955.\" \/>\n<meta name=\"robots\" content=\"index, follow, max-snippet:-1, max-image-preview:large, max-video-preview:-1\" \/>\n<link rel=\"canonical\" href=\"https:\/\/bandelin.com\/da\/butik\/sonorex-teknologi-ultralydsbade\/sonorex-teknologi-rm-ultralydsbade\/sonorex-technik-rm-110-h-skyllebad-med-opvarmning-uden-ultralyd\/\" \/>\n<meta property=\"og:locale\" content=\"da_DK\" \/>\n<meta property=\"og:type\" content=\"article\" \/>\n<meta property=\"og:title\" content=\"SONOREX TECHNIK RM 110 H Sp\u00fclbad mit Heizung, ohne Ultraschall | BANDELIN electronic GmbH &amp; Co. KG\" \/>\n<meta property=\"og:description\" content=\"Informationen Sie sich \u00fcber SONOREX TECHNIK RM 110 H Sp\u00fclbad mit Heizung, ohne Ultraschall | Hochwertige Ultraschallb\u00e4der f\u00fcr Medizin und Industrie von Bandelin Electronic seit 1955.\" \/>\n<meta property=\"og:url\" content=\"https:\/\/bandelin.com\/da\/butik\/sonorex-teknologi-ultralydsbade\/sonorex-teknologi-rm-ultralydsbade\/sonorex-technik-rm-110-h-skyllebad-med-opvarmning-uden-ultralyd\/\" \/>\n<meta property=\"og:site_name\" content=\"BANDELIN electronic GmbH &amp; Co. KG\" \/>\n<meta property=\"article:publisher\" content=\"https:\/\/de-de.facebook.com\/bandelin.electronic\/\" \/>\n<meta property=\"article:modified_time\" content=\"2026-05-14T18:27:09+00:00\" \/>\n<meta property=\"og:image\" content=\"https:\/\/bandelin.com\/wp-content\/uploads\/Produktfoto_RM_110_H-1-scaled.jpg\" \/>\n\t<meta property=\"og:image:width\" content=\"2048\" \/>\n\t<meta property=\"og:image:height\" content=\"2048\" \/>\n\t<meta property=\"og:image:type\" content=\"image\/jpeg\" \/>\n<meta name=\"twitter:card\" content=\"summary_large_image\" \/>\n<meta name=\"twitter:label1\" content=\"Estimeret l\u00e6setid\" \/>\n\t<meta name=\"twitter:data1\" content=\"1 minut\" \/>\n<script type=\"application\/ld+json\" class=\"yoast-schema-graph\">{\"@context\":\"https:\\\/\\\/schema.org\",\"@graph\":[{\"@type\":\"WebPage\",\"@id\":\"https:\\\/\\\/bandelin.com\\\/shop\\\/sonorex-technik-ultraschallbaeder\\\/sonorex-technik-rm-ultraschallbaeder\\\/sonorex-technik-rm-110-h-spuelbad-mit-heizung-ohne-ultraschall\\\/\",\"url\":\"https:\\\/\\\/bandelin.com\\\/shop\\\/sonorex-technik-ultraschallbaeder\\\/sonorex-technik-rm-ultraschallbaeder\\\/sonorex-technik-rm-110-h-spuelbad-mit-heizung-ohne-ultraschall\\\/\",\"name\":\"SONOREX TECHNIK RM 110 H Sp\u00fclbad mit Heizung, ohne Ultraschall | BANDELIN electronic GmbH &amp; Co. KG\",\"isPartOf\":{\"@id\":\"https:\\\/\\\/bvted2iv.myrdbx.io\\\/#website\"},\"primaryImageOfPage\":{\"@id\":\"https:\\\/\\\/bandelin.com\\\/shop\\\/sonorex-technik-ultraschallbaeder\\\/sonorex-technik-rm-ultraschallbaeder\\\/sonorex-technik-rm-110-h-spuelbad-mit-heizung-ohne-ultraschall\\\/#primaryimage\"},\"image\":{\"@id\":\"https:\\\/\\\/bandelin.com\\\/shop\\\/sonorex-technik-ultraschallbaeder\\\/sonorex-technik-rm-ultraschallbaeder\\\/sonorex-technik-rm-110-h-spuelbad-mit-heizung-ohne-ultraschall\\\/#primaryimage\"},\"thumbnailUrl\":\"https:\\\/\\\/bandelin.com\\\/wp-content\\\/uploads\\\/Produktfoto_RM_110_H-1-scaled.jpg\",\"datePublished\":\"2026-05-07T19:34:04+00:00\",\"dateModified\":\"2026-05-14T18:27:09+00:00\",\"description\":\"Informationen Sie sich \u00fcber SONOREX TECHNIK RM 110 H Sp\u00fclbad mit Heizung, ohne Ultraschall | Hochwertige Ultraschallb\u00e4der f\u00fcr Medizin und Industrie von Bandelin Electronic seit 1955.\",\"breadcrumb\":{\"@id\":\"https:\\\/\\\/bandelin.com\\\/shop\\\/sonorex-technik-ultraschallbaeder\\\/sonorex-technik-rm-ultraschallbaeder\\\/sonorex-technik-rm-110-h-spuelbad-mit-heizung-ohne-ultraschall\\\/#breadcrumb\"},\"inLanguage\":\"da-DK\",\"potentialAction\":[{\"@type\":\"ReadAction\",\"target\":[\"https:\\\/\\\/bandelin.com\\\/shop\\\/sonorex-technik-ultraschallbaeder\\\/sonorex-technik-rm-ultraschallbaeder\\\/sonorex-technik-rm-110-h-spuelbad-mit-heizung-ohne-ultraschall\\\/\"]}]},{\"@type\":\"ImageObject\",\"inLanguage\":\"da-DK\",\"@id\":\"https:\\\/\\\/bandelin.com\\\/shop\\\/sonorex-technik-ultraschallbaeder\\\/sonorex-technik-rm-ultraschallbaeder\\\/sonorex-technik-rm-110-h-spuelbad-mit-heizung-ohne-ultraschall\\\/#primaryimage\",\"url\":\"https:\\\/\\\/bandelin.com\\\/wp-content\\\/uploads\\\/Produktfoto_RM_110_H-1-scaled.jpg\",\"contentUrl\":\"https:\\\/\\\/bandelin.com\\\/wp-content\\\/uploads\\\/Produktfoto_RM_110_H-1-scaled.jpg\",\"width\":2048,\"height\":2048,\"caption\":\"SONOREX TECHNIK RM 110 H Sp\u00fclbad mit Heizung\"},{\"@type\":\"BreadcrumbList\",\"@id\":\"https:\\\/\\\/bandelin.com\\\/shop\\\/sonorex-technik-ultraschallbaeder\\\/sonorex-technik-rm-ultraschallbaeder\\\/sonorex-technik-rm-110-h-spuelbad-mit-heizung-ohne-ultraschall\\\/#breadcrumb\",\"itemListElement\":[{\"@type\":\"ListItem\",\"position\":1,\"name\":\"Startseite\",\"item\":\"https:\\\/\\\/bandelin.com\\\/\"},{\"@type\":\"ListItem\",\"position\":2,\"name\":\"Shop\",\"item\":\"https:\\\/\\\/bandelin.com\\\/shop\\\/\"},{\"@type\":\"ListItem\",\"position\":3,\"name\":\"SONOREX TECHNIK RM 110 H Sp\u00fclbad mit Heizung, ohne Ultraschall\"}]},{\"@type\":\"WebSite\",\"@id\":\"https:\\\/\\\/bvted2iv.myrdbx.io\\\/#website\",\"url\":\"https:\\\/\\\/bvted2iv.myrdbx.io\\\/\",\"name\":\"BANDELIN electronic GmbH & Co. KG\",\"description\":\"Ultraschall seit 1955\",\"publisher\":{\"@id\":\"https:\\\/\\\/bvted2iv.myrdbx.io\\\/#organization\"},\"potentialAction\":[{\"@type\":\"SearchAction\",\"target\":{\"@type\":\"EntryPoint\",\"urlTemplate\":\"https:\\\/\\\/bvted2iv.myrdbx.io\\\/?s={search_term_string}\"},\"query-input\":{\"@type\":\"PropertyValueSpecification\",\"valueRequired\":true,\"valueName\":\"search_term_string\"}}],\"inLanguage\":\"da-DK\"},{\"@type\":\"Organization\",\"@id\":\"https:\\\/\\\/bvted2iv.myrdbx.io\\\/#organization\",\"name\":\"BANDELIN electronic GmbH & Co. KG\",\"url\":\"https:\\\/\\\/bvted2iv.myrdbx.io\\\/\",\"logo\":{\"@type\":\"ImageObject\",\"inLanguage\":\"da-DK\",\"@id\":\"https:\\\/\\\/bvted2iv.myrdbx.io\\\/#\\\/schema\\\/logo\\\/image\\\/\",\"url\":\"\",\"contentUrl\":\"\",\"caption\":\"BANDELIN electronic GmbH & Co. KG\"},\"image\":{\"@id\":\"https:\\\/\\\/bvted2iv.myrdbx.io\\\/#\\\/schema\\\/logo\\\/image\\\/\"},\"sameAs\":[\"https:\\\/\\\/de-de.facebook.com\\\/bandelin.electronic\\\/\",\"https:\\\/\\\/www.instagram.com\\\/bandelin_ultrasonic\\\/?hl=de\",\"https:\\\/\\\/www.linkedin.com\\\/company\\\/bandelin-electronic-gmbh-amp-co-kg\",\"https:\\\/\\\/www.youtube.com\\\/channel\\\/UC5wTNrNxkwMmX-WzysQqw3g\"]}]}<\/script>\n<!-- \/ Yoast SEO plugin. -->","yoast_head_json":{"title":"SONOREX TECHNIK RM 110 H skyllebad med opvarmning, uden ultralyd | BANDELIN electronic GmbH &amp; Co. KG","description":"F\u00e5 mere at vide om SONOREX TECHNIK RM 110 H skyllebad med opvarmning, uden ultralyd | Ultralydsbade af h\u00f8j kvalitet til medicin og industri fra Bandelin Electronic siden 1955.","robots":{"index":"index","follow":"follow","max-snippet":"max-snippet:-1","max-image-preview":"max-image-preview:large","max-video-preview":"max-video-preview:-1"},"canonical":"https:\/\/bandelin.com\/da\/butik\/sonorex-teknologi-ultralydsbade\/sonorex-teknologi-rm-ultralydsbade\/sonorex-technik-rm-110-h-skyllebad-med-opvarmning-uden-ultralyd\/","og_locale":"da_DK","og_type":"article","og_title":"SONOREX TECHNIK RM 110 H Sp\u00fclbad mit Heizung, ohne Ultraschall | BANDELIN electronic GmbH &amp; Co. KG","og_description":"Informationen Sie sich \u00fcber SONOREX TECHNIK RM 110 H Sp\u00fclbad mit Heizung, ohne Ultraschall | Hochwertige Ultraschallb\u00e4der f\u00fcr Medizin und Industrie von Bandelin Electronic seit 1955.","og_url":"https:\/\/bandelin.com\/da\/butik\/sonorex-teknologi-ultralydsbade\/sonorex-teknologi-rm-ultralydsbade\/sonorex-technik-rm-110-h-skyllebad-med-opvarmning-uden-ultralyd\/","og_site_name":"BANDELIN electronic GmbH &amp; Co. KG","article_publisher":"https:\/\/de-de.facebook.com\/bandelin.electronic\/","article_modified_time":"2026-05-14T18:27:09+00:00","og_image":[{"width":2048,"height":2048,"url":"https:\/\/bandelin.com\/wp-content\/uploads\/Produktfoto_RM_110_H-1-scaled.jpg","type":"image\/jpeg"}],"twitter_card":"summary_large_image","twitter_misc":{"Estimeret l\u00e6setid":"1 minut"},"schema":{"@context":"https:\/\/schema.org","@graph":[{"@type":"WebPage","@id":"https:\/\/bandelin.com\/shop\/sonorex-technik-ultraschallbaeder\/sonorex-technik-rm-ultraschallbaeder\/sonorex-technik-rm-110-h-spuelbad-mit-heizung-ohne-ultraschall\/","url":"https:\/\/bandelin.com\/shop\/sonorex-technik-ultraschallbaeder\/sonorex-technik-rm-ultraschallbaeder\/sonorex-technik-rm-110-h-spuelbad-mit-heizung-ohne-ultraschall\/","name":"SONOREX TECHNIK RM 110 H skyllebad med opvarmning, uden ultralyd | BANDELIN electronic GmbH &amp; Co. KG","isPartOf":{"@id":"https:\/\/bvted2iv.myrdbx.io\/#website"},"primaryImageOfPage":{"@id":"https:\/\/bandelin.com\/shop\/sonorex-technik-ultraschallbaeder\/sonorex-technik-rm-ultraschallbaeder\/sonorex-technik-rm-110-h-spuelbad-mit-heizung-ohne-ultraschall\/#primaryimage"},"image":{"@id":"https:\/\/bandelin.com\/shop\/sonorex-technik-ultraschallbaeder\/sonorex-technik-rm-ultraschallbaeder\/sonorex-technik-rm-110-h-spuelbad-mit-heizung-ohne-ultraschall\/#primaryimage"},"thumbnailUrl":"https:\/\/bandelin.com\/wp-content\/uploads\/Produktfoto_RM_110_H-1-scaled.jpg","datePublished":"2026-05-07T19:34:04+00:00","dateModified":"2026-05-14T18:27:09+00:00","description":"F\u00e5 mere at vide om SONOREX TECHNIK RM 110 H skyllebad med opvarmning, uden ultralyd | Ultralydsbade af h\u00f8j kvalitet til medicin og industri fra Bandelin Electronic siden 1955.","breadcrumb":{"@id":"https:\/\/bandelin.com\/shop\/sonorex-technik-ultraschallbaeder\/sonorex-technik-rm-ultraschallbaeder\/sonorex-technik-rm-110-h-spuelbad-mit-heizung-ohne-ultraschall\/#breadcrumb"},"inLanguage":"da-DK","potentialAction":[{"@type":"ReadAction","target":["https:\/\/bandelin.com\/shop\/sonorex-technik-ultraschallbaeder\/sonorex-technik-rm-ultraschallbaeder\/sonorex-technik-rm-110-h-spuelbad-mit-heizung-ohne-ultraschall\/"]}]},{"@type":"ImageObject","inLanguage":"da-DK","@id":"https:\/\/bandelin.com\/shop\/sonorex-technik-ultraschallbaeder\/sonorex-technik-rm-ultraschallbaeder\/sonorex-technik-rm-110-h-spuelbad-mit-heizung-ohne-ultraschall\/#primaryimage","url":"https:\/\/bandelin.com\/wp-content\/uploads\/Produktfoto_RM_110_H-1-scaled.jpg","contentUrl":"https:\/\/bandelin.com\/wp-content\/uploads\/Produktfoto_RM_110_H-1-scaled.jpg","width":2048,"height":2048,"caption":"SONOREX TECHNIK RM 110 H Sp\u00fclbad mit Heizung"},{"@type":"BreadcrumbList","@id":"https:\/\/bandelin.com\/shop\/sonorex-technik-ultraschallbaeder\/sonorex-technik-rm-ultraschallbaeder\/sonorex-technik-rm-110-h-spuelbad-mit-heizung-ohne-ultraschall\/#breadcrumb","itemListElement":[{"@type":"ListItem","position":1,"name":"Startseite","item":"https:\/\/bandelin.com\/"},{"@type":"ListItem","position":2,"name":"Shop","item":"https:\/\/bandelin.com\/shop\/"},{"@type":"ListItem","position":3,"name":"SONOREX TECHNIK RM 110 H Sp\u00fclbad mit Heizung, ohne Ultraschall"}]},{"@type":"WebSite","@id":"https:\/\/bvted2iv.myrdbx.io\/#website","url":"https:\/\/bvted2iv.myrdbx.io\/","name":"BANDELIN electronic GmbH &amp; Co. KG","description":"Ultralyd siden 1955","publisher":{"@id":"https:\/\/bvted2iv.myrdbx.io\/#organization"},"potentialAction":[{"@type":"SearchAction","target":{"@type":"EntryPoint","urlTemplate":"https:\/\/bvted2iv.myrdbx.io\/?s={search_term_string}"},"query-input":{"@type":"PropertyValueSpecification","valueRequired":true,"valueName":"search_term_string"}}],"inLanguage":"da-DK"},{"@type":"Organization","@id":"https:\/\/bvted2iv.myrdbx.io\/#organization","name":"BANDELIN electronic GmbH &amp; Co. KG","url":"https:\/\/bvted2iv.myrdbx.io\/","logo":{"@type":"ImageObject","inLanguage":"da-DK","@id":"https:\/\/bvted2iv.myrdbx.io\/#\/schema\/logo\/image\/","url":"","contentUrl":"","caption":"BANDELIN electronic GmbH & Co. KG"},"image":{"@id":"https:\/\/bvted2iv.myrdbx.io\/#\/schema\/logo\/image\/"},"sameAs":["https:\/\/de-de.facebook.com\/bandelin.electronic\/","https:\/\/www.instagram.com\/bandelin_ultrasonic\/?hl=de","https:\/\/www.linkedin.com\/company\/bandelin-electronic-gmbh-amp-co-kg","https:\/\/www.youtube.com\/channel\/UC5wTNrNxkwMmX-WzysQqw3g"]}]}},"_links":{"self":[{"href":"https:\/\/bandelin.com\/da\/wp-json\/wp\/v2\/product\/697931","targetHints":{"allow":["GET"]}}],"collection":[{"href":"https:\/\/bandelin.com\/da\/wp-json\/wp\/v2\/product"}],"about":[{"href":"https:\/\/bandelin.com\/da\/wp-json\/wp\/v2\/types\/product"}],"version-history":[{"count":0,"href":"https:\/\/bandelin.com\/da\/wp-json\/wp\/v2\/product\/697931\/revisions"}],"wp:featuredmedia":[{"embeddable":true,"href":"https:\/\/bandelin.com\/da\/wp-json\/wp\/v2\/media\/697933"}],"wp:attachment":[{"href":"https:\/\/bandelin.com\/da\/wp-json\/wp\/v2\/media?parent=697931"}],"wp:term":[{"taxonomy":"product_brand","embeddable":true,"href":"https:\/\/bandelin.com\/da\/wp-json\/wp\/v2\/product_brand?post=697931"},{"taxonomy":"product_cat","embeddable":true,"href":"https:\/\/bandelin.com\/da\/wp-json\/wp\/v2\/product_cat?post=697931"},{"taxonomy":"product_tag","embeddable":true,"href":"https:\/\/bandelin.com\/da\/wp-json\/wp\/v2\/product_tag?post=697931"}],"curies":[{"name":"wp","href":"https:\/\/api.w.org\/{rel}","templated":true}]}}