{"id":697947,"date":"2026-05-07T21:34:27","date_gmt":"2026-05-07T19:34:27","guid":{"rendered":"https:\/\/bandelin.com\/shop\/unkategorisiert\/sonorex-technik-rm-180-uh-ultraschallbad-mit-ueberlauftasche-und-heizung-40-khz\/"},"modified":"2026-05-14T01:56:13","modified_gmt":"2026-05-13T23:56:13","slug":"sonorex-technik-rm-180-uh-ultralydsbad-med-overlobslomme-og-varmelegeme-40-khz","status":"publish","type":"product","link":"https:\/\/bandelin.com\/da\/shop\/sonorex-technik-ultraschallbaeder\/sonorex-technik-rm-ultraschallbaeder\/sonorex-technik-rm-180-uh-ultraschallbad-mit-ueberlauftasche-und-heizung-40-khz\/","title":{"rendered":"SONOREX TECHNIK RM 180 UH Ultralydsbad med overl\u00f8bslomme og varmelegeme, 40 kHz"},"content":{"rendered":"<p>H\u00f8jtydende ultralydsrensebad med opvarmning til industri, service og vedligeholdelse. Den svejsede oscillerende tank af 2 mm rustfrit st\u00e5l 1.4404 garanterer maksimal holdbarhed selv ved intensiv brug.<br \/>\n  Et modul\u00e6rt design muligg\u00f8r en bred vifte af konfigurationer, fra individuelle reng\u00f8ringstanke til komplette reng\u00f8ringslinjer.<br \/>\n  Den integrerede overl\u00f8bslomme bruges til at tilslutte en olieseparator til at adskille rensede oliefilm fra reng\u00f8ringsopl\u00f8sningen.<\/p>\n<p>  - Spr\u00f8jter\u00f8r til at fjerne flydende olie fra v\u00e6skeoverfladen til overl\u00f8bslommen<br \/>\n  - Niveauafbryder som t\u00f8rl\u00f8bsbeskyttelse for varmelegeme og ultralydssensor<br \/>\n  - H\u00f8jdejusterbare f\u00f8dder<\/p>","protected":false},"excerpt":{"rendered":"<p>Indvendige m\u00e5l: 1000 x 500 x 400 mm<\/p>","protected":false},"featured_media":697949,"template":"","meta":{"_acf_changed":false},"product_brand":[],"product_cat":[14254,12497],"product_tag":[14134,14623,12499],"class_list":{"0":"post-697947","1":"product","2":"type-product","3":"status-publish","4":"has-post-thumbnail","6":"product_cat-sonorex-technik-rm-ultraschallbaeder","7":"product_cat-sonorex-technik-ultraschallbaeder","8":"product_tag-ultraschallbad","9":"product_tag-sonorex-technik-ultraschallbaeder-sonorex-technik-rm-ultraschallbaeder","10":"product_tag-rm0","11":"pa_ablauf-3-wege-kugelhahn-g-1-inkl-schlauch-und-schlauchtuellen-messing-galvanisch-beschichtet-an-der-linken-seite","12":"pa_arbeitsinhalt-l-14461","13":"pa_aussenmass-breite-mm-12575","14":"pa_aussenmass-hoehe-mm-12558","15":"pa_aussenmass-laenge-mm-12574","16":"pa_bedienung-drehgriff","17":"pa_bestellnummer-12566","18":"pa_betriebsspannung-v-400-v3npe-50-60-hz","19":"pa_ce-kennzeichnung-niederspannungsrichtlinie-2014-35-eu-emv-richtlinie-2014-30-eu-rohs-richtlinie-2011-65-eu-2","20":"pa_einstellb-temp-ber-c-30-80","21":"pa_form-der-wannenecken-rechtwinklig","22":"pa_fuellstandsmarkierung-12577","23":"pa_gehaeusematerial-edelstahl-1-4301","24":"pa_griffe-an-den-seiten-2","25":"pa_heizleistung-w-12573","26":"pa_inhalt-l-14460","27":"pa_innenmass-b-mm-12392","28":"pa_innenmass-l-mm-12455","29":"pa_innenmass-t-mm-14305","30":"pa_leistungseinstellung-fix","31":"pa_netzkabel-3-m-fest-am-geraet-mit-drehstromstecker-cekon-16-a","32":"pa_schutzgrad-gehaeuse-ip-32-2","33":"pa_spruehrohr-an-der-linken-seite","34":"pa_ueberlauf-kugelhahn-g-1-inkl-schlauchtuelle-fest-eingeschweisst-messing-galvanisch-beschichtet-an-der-rechten-seite","35":"pa_ueberlauftasche-an-der-rechten-seite","36":"pa_ultraschall-frequenz-khz-40-2","37":"pa_ultraschall-nennleistung-w-2-x-1000","38":"pa_ultraschall-spitzenleistung-w-2-x-4000","39":"pa_verpackung-breite-mm-12345","40":"pa_verpackung-hoehe-mm-12474","41":"pa_verpackung-laenge-mm-1400-2","42":"pa_vol-bis-ueberlauft-l-14729","43":"pa_wannenboden-gerade","44":"pa_wannenmaterial-edelstahl-1-4404","45":"pa_wannenstaerke-mm-14422","46":"pa_zeiteinstellung-min-1-15-dauerbetrieb","47":"pa_zulauf-3-wege-kugelhahn-g-1-inkl-schlauch-und-schlauchtuellen-an-der-linken-seite-messing-galvanisch-beschichtet","49":"first","50":"onbackorder","51":"taxable","52":"shipping-taxable","53":"purchasable","54":"product-type-simple"},"acf":[],"yoast_head":"<!-- This site is optimized with the Yoast SEO plugin v27.6 - https:\/\/yoast.com\/product\/yoast-seo-wordpress\/ -->\n<title>SONOREX TECHNIK RM 180 UH Ultraschallbad mit \u00dcberlauftasche und Heizung, 40 kHz | BANDELIN electronic GmbH &amp; Co. KG<\/title>\n<meta name=\"description\" content=\"Informationen Sie sich \u00fcber SONOREX TECHNIK RM 180 UH Ultraschallbad mit \u00dcberlauftasche und Heizung, 40 kHz | Hochwertige Ultraschallb\u00e4der f\u00fcr Medizin und Industrie von Bandelin Electronic seit 1955.\" \/>\n<meta name=\"robots\" content=\"index, follow, max-snippet:-1, max-image-preview:large, max-video-preview:-1\" \/>\n<link rel=\"canonical\" href=\"https:\/\/bandelin.com\/da\/butik\/sonorex-teknologi-ultralydsbade\/sonorex-teknologi-rm-ultralydsbade\/sonorex-technik-rm-180-uh-ultralydsbad-med-overlobslomme-og-varmelegeme-40-khz\/\" \/>\n<meta property=\"og:locale\" content=\"da_DK\" \/>\n<meta property=\"og:type\" content=\"article\" \/>\n<meta property=\"og:title\" content=\"SONOREX TECHNIK RM 180 UH Ultraschallbad mit \u00dcberlauftasche und Heizung, 40 kHz | BANDELIN electronic GmbH &amp; Co. KG\" \/>\n<meta property=\"og:description\" content=\"Informationen Sie sich \u00fcber SONOREX TECHNIK RM 180 UH Ultraschallbad mit \u00dcberlauftasche und Heizung, 40 kHz | Hochwertige Ultraschallb\u00e4der f\u00fcr Medizin und Industrie von Bandelin Electronic seit 1955.\" \/>\n<meta property=\"og:url\" content=\"https:\/\/bandelin.com\/da\/butik\/sonorex-teknologi-ultralydsbade\/sonorex-teknologi-rm-ultralydsbade\/sonorex-technik-rm-180-uh-ultralydsbad-med-overlobslomme-og-varmelegeme-40-khz\/\" \/>\n<meta property=\"og:site_name\" content=\"BANDELIN electronic GmbH &amp; Co. KG\" \/>\n<meta property=\"article:publisher\" content=\"https:\/\/de-de.facebook.com\/bandelin.electronic\/\" \/>\n<meta property=\"article:modified_time\" content=\"2026-05-13T23:56:13+00:00\" \/>\n<meta property=\"og:image\" content=\"https:\/\/bandelin.com\/wp-content\/uploads\/Produktfoto_RM_180_UH-24-scaled.jpg\" \/>\n\t<meta property=\"og:image:width\" content=\"2048\" \/>\n\t<meta property=\"og:image:height\" content=\"2048\" \/>\n\t<meta property=\"og:image:type\" content=\"image\/jpeg\" \/>\n<meta name=\"twitter:card\" content=\"summary_large_image\" \/>\n<script type=\"application\/ld+json\" class=\"yoast-schema-graph\">{\"@context\":\"https:\\\/\\\/schema.org\",\"@graph\":[{\"@type\":\"WebPage\",\"@id\":\"https:\\\/\\\/bandelin.com\\\/shop\\\/sonorex-technik-ultraschallbaeder\\\/sonorex-technik-rm-ultraschallbaeder\\\/sonorex-technik-rm-180-uh-ultraschallbad-mit-ueberlauftasche-und-heizung-40-khz\\\/\",\"url\":\"https:\\\/\\\/bandelin.com\\\/shop\\\/sonorex-technik-ultraschallbaeder\\\/sonorex-technik-rm-ultraschallbaeder\\\/sonorex-technik-rm-180-uh-ultraschallbad-mit-ueberlauftasche-und-heizung-40-khz\\\/\",\"name\":\"SONOREX TECHNIK RM 180 UH Ultraschallbad mit \u00dcberlauftasche und Heizung, 40 kHz | BANDELIN electronic GmbH &amp; Co. KG\",\"isPartOf\":{\"@id\":\"https:\\\/\\\/bvted2iv.myrdbx.io\\\/#website\"},\"primaryImageOfPage\":{\"@id\":\"https:\\\/\\\/bandelin.com\\\/shop\\\/sonorex-technik-ultraschallbaeder\\\/sonorex-technik-rm-ultraschallbaeder\\\/sonorex-technik-rm-180-uh-ultraschallbad-mit-ueberlauftasche-und-heizung-40-khz\\\/#primaryimage\"},\"image\":{\"@id\":\"https:\\\/\\\/bandelin.com\\\/shop\\\/sonorex-technik-ultraschallbaeder\\\/sonorex-technik-rm-ultraschallbaeder\\\/sonorex-technik-rm-180-uh-ultraschallbad-mit-ueberlauftasche-und-heizung-40-khz\\\/#primaryimage\"},\"thumbnailUrl\":\"https:\\\/\\\/bandelin.com\\\/wp-content\\\/uploads\\\/Produktfoto_RM_180_UH-24-scaled.jpg\",\"datePublished\":\"2026-05-07T19:34:27+00:00\",\"dateModified\":\"2026-05-13T23:56:13+00:00\",\"description\":\"Informationen Sie sich \u00fcber SONOREX TECHNIK RM 180 UH Ultraschallbad mit \u00dcberlauftasche und Heizung, 40 kHz | Hochwertige Ultraschallb\u00e4der f\u00fcr Medizin und Industrie von Bandelin Electronic seit 1955.\",\"breadcrumb\":{\"@id\":\"https:\\\/\\\/bandelin.com\\\/shop\\\/sonorex-technik-ultraschallbaeder\\\/sonorex-technik-rm-ultraschallbaeder\\\/sonorex-technik-rm-180-uh-ultraschallbad-mit-ueberlauftasche-und-heizung-40-khz\\\/#breadcrumb\"},\"inLanguage\":\"da-DK\",\"potentialAction\":[{\"@type\":\"ReadAction\",\"target\":[\"https:\\\/\\\/bandelin.com\\\/shop\\\/sonorex-technik-ultraschallbaeder\\\/sonorex-technik-rm-ultraschallbaeder\\\/sonorex-technik-rm-180-uh-ultraschallbad-mit-ueberlauftasche-und-heizung-40-khz\\\/\"]}]},{\"@type\":\"ImageObject\",\"inLanguage\":\"da-DK\",\"@id\":\"https:\\\/\\\/bandelin.com\\\/shop\\\/sonorex-technik-ultraschallbaeder\\\/sonorex-technik-rm-ultraschallbaeder\\\/sonorex-technik-rm-180-uh-ultraschallbad-mit-ueberlauftasche-und-heizung-40-khz\\\/#primaryimage\",\"url\":\"https:\\\/\\\/bandelin.com\\\/wp-content\\\/uploads\\\/Produktfoto_RM_180_UH-24-scaled.jpg\",\"contentUrl\":\"https:\\\/\\\/bandelin.com\\\/wp-content\\\/uploads\\\/Produktfoto_RM_180_UH-24-scaled.jpg\",\"width\":2048,\"height\":2048,\"caption\":\"SONOREX TECHNIK RM 180 UH Ultraschallbad mit \u00dcberlauftasche und Heizung\"},{\"@type\":\"BreadcrumbList\",\"@id\":\"https:\\\/\\\/bandelin.com\\\/shop\\\/sonorex-technik-ultraschallbaeder\\\/sonorex-technik-rm-ultraschallbaeder\\\/sonorex-technik-rm-180-uh-ultraschallbad-mit-ueberlauftasche-und-heizung-40-khz\\\/#breadcrumb\",\"itemListElement\":[{\"@type\":\"ListItem\",\"position\":1,\"name\":\"Startseite\",\"item\":\"https:\\\/\\\/bandelin.com\\\/\"},{\"@type\":\"ListItem\",\"position\":2,\"name\":\"Shop\",\"item\":\"https:\\\/\\\/bandelin.com\\\/shop\\\/\"},{\"@type\":\"ListItem\",\"position\":3,\"name\":\"SONOREX TECHNIK RM 180 UH Ultraschallbad mit \u00dcberlauftasche und Heizung, 40 kHz\"}]},{\"@type\":\"WebSite\",\"@id\":\"https:\\\/\\\/bvted2iv.myrdbx.io\\\/#website\",\"url\":\"https:\\\/\\\/bvted2iv.myrdbx.io\\\/\",\"name\":\"BANDELIN electronic GmbH & Co. KG\",\"description\":\"Ultraschall seit 1955\",\"publisher\":{\"@id\":\"https:\\\/\\\/bvted2iv.myrdbx.io\\\/#organization\"},\"potentialAction\":[{\"@type\":\"SearchAction\",\"target\":{\"@type\":\"EntryPoint\",\"urlTemplate\":\"https:\\\/\\\/bvted2iv.myrdbx.io\\\/?s={search_term_string}\"},\"query-input\":{\"@type\":\"PropertyValueSpecification\",\"valueRequired\":true,\"valueName\":\"search_term_string\"}}],\"inLanguage\":\"da-DK\"},{\"@type\":\"Organization\",\"@id\":\"https:\\\/\\\/bvted2iv.myrdbx.io\\\/#organization\",\"name\":\"BANDELIN electronic GmbH & Co. KG\",\"url\":\"https:\\\/\\\/bvted2iv.myrdbx.io\\\/\",\"logo\":{\"@type\":\"ImageObject\",\"inLanguage\":\"da-DK\",\"@id\":\"https:\\\/\\\/bvted2iv.myrdbx.io\\\/#\\\/schema\\\/logo\\\/image\\\/\",\"url\":\"\",\"contentUrl\":\"\",\"caption\":\"BANDELIN electronic GmbH & Co. KG\"},\"image\":{\"@id\":\"https:\\\/\\\/bvted2iv.myrdbx.io\\\/#\\\/schema\\\/logo\\\/image\\\/\"},\"sameAs\":[\"https:\\\/\\\/de-de.facebook.com\\\/bandelin.electronic\\\/\",\"https:\\\/\\\/www.instagram.com\\\/bandelin_ultrasonic\\\/?hl=de\",\"https:\\\/\\\/www.linkedin.com\\\/company\\\/bandelin-electronic-gmbh-amp-co-kg\",\"https:\\\/\\\/www.youtube.com\\\/channel\\\/UC5wTNrNxkwMmX-WzysQqw3g\"]}]}<\/script>\n<!-- \/ Yoast SEO plugin. -->","yoast_head_json":{"title":"SONOREX TECHNIK RM 180 UH Ultralydsbad med overl\u00f8bslomme og varmelegeme, 40 kHz | BANDELIN electronic GmbH &amp; Co. KG","description":"F\u00e5 mere at vide om SONOREX TECHNIK RM 180 UH ultralydsbad med overl\u00f8bslomme og varmelegeme, 40 kHz | Ultralydsbade af h\u00f8j kvalitet til medicin og industri fra Bandelin Electronic siden 1955.","robots":{"index":"index","follow":"follow","max-snippet":"max-snippet:-1","max-image-preview":"max-image-preview:large","max-video-preview":"max-video-preview:-1"},"canonical":"https:\/\/bandelin.com\/da\/butik\/sonorex-teknologi-ultralydsbade\/sonorex-teknologi-rm-ultralydsbade\/sonorex-technik-rm-180-uh-ultralydsbad-med-overlobslomme-og-varmelegeme-40-khz\/","og_locale":"da_DK","og_type":"article","og_title":"SONOREX TECHNIK RM 180 UH Ultraschallbad mit \u00dcberlauftasche und Heizung, 40 kHz | BANDELIN electronic GmbH &amp; Co. KG","og_description":"Informationen Sie sich \u00fcber SONOREX TECHNIK RM 180 UH Ultraschallbad mit \u00dcberlauftasche und Heizung, 40 kHz | Hochwertige Ultraschallb\u00e4der f\u00fcr Medizin und Industrie von Bandelin Electronic seit 1955.","og_url":"https:\/\/bandelin.com\/da\/butik\/sonorex-teknologi-ultralydsbade\/sonorex-teknologi-rm-ultralydsbade\/sonorex-technik-rm-180-uh-ultralydsbad-med-overlobslomme-og-varmelegeme-40-khz\/","og_site_name":"BANDELIN electronic GmbH &amp; Co. KG","article_publisher":"https:\/\/de-de.facebook.com\/bandelin.electronic\/","article_modified_time":"2026-05-13T23:56:13+00:00","og_image":[{"width":2048,"height":2048,"url":"https:\/\/bandelin.com\/wp-content\/uploads\/Produktfoto_RM_180_UH-24-scaled.jpg","type":"image\/jpeg"}],"twitter_card":"summary_large_image","schema":{"@context":"https:\/\/schema.org","@graph":[{"@type":"WebPage","@id":"https:\/\/bandelin.com\/shop\/sonorex-technik-ultraschallbaeder\/sonorex-technik-rm-ultraschallbaeder\/sonorex-technik-rm-180-uh-ultraschallbad-mit-ueberlauftasche-und-heizung-40-khz\/","url":"https:\/\/bandelin.com\/shop\/sonorex-technik-ultraschallbaeder\/sonorex-technik-rm-ultraschallbaeder\/sonorex-technik-rm-180-uh-ultraschallbad-mit-ueberlauftasche-und-heizung-40-khz\/","name":"SONOREX TECHNIK RM 180 UH Ultralydsbad med overl\u00f8bslomme og varmelegeme, 40 kHz | BANDELIN electronic GmbH &amp; Co. KG","isPartOf":{"@id":"https:\/\/bvted2iv.myrdbx.io\/#website"},"primaryImageOfPage":{"@id":"https:\/\/bandelin.com\/shop\/sonorex-technik-ultraschallbaeder\/sonorex-technik-rm-ultraschallbaeder\/sonorex-technik-rm-180-uh-ultraschallbad-mit-ueberlauftasche-und-heizung-40-khz\/#primaryimage"},"image":{"@id":"https:\/\/bandelin.com\/shop\/sonorex-technik-ultraschallbaeder\/sonorex-technik-rm-ultraschallbaeder\/sonorex-technik-rm-180-uh-ultraschallbad-mit-ueberlauftasche-und-heizung-40-khz\/#primaryimage"},"thumbnailUrl":"https:\/\/bandelin.com\/wp-content\/uploads\/Produktfoto_RM_180_UH-24-scaled.jpg","datePublished":"2026-05-07T19:34:27+00:00","dateModified":"2026-05-13T23:56:13+00:00","description":"F\u00e5 mere at vide om SONOREX TECHNIK RM 180 UH ultralydsbad med overl\u00f8bslomme og varmelegeme, 40 kHz | Ultralydsbade af h\u00f8j kvalitet til medicin og industri fra Bandelin Electronic siden 1955.","breadcrumb":{"@id":"https:\/\/bandelin.com\/shop\/sonorex-technik-ultraschallbaeder\/sonorex-technik-rm-ultraschallbaeder\/sonorex-technik-rm-180-uh-ultraschallbad-mit-ueberlauftasche-und-heizung-40-khz\/#breadcrumb"},"inLanguage":"da-DK","potentialAction":[{"@type":"ReadAction","target":["https:\/\/bandelin.com\/shop\/sonorex-technik-ultraschallbaeder\/sonorex-technik-rm-ultraschallbaeder\/sonorex-technik-rm-180-uh-ultraschallbad-mit-ueberlauftasche-und-heizung-40-khz\/"]}]},{"@type":"ImageObject","inLanguage":"da-DK","@id":"https:\/\/bandelin.com\/shop\/sonorex-technik-ultraschallbaeder\/sonorex-technik-rm-ultraschallbaeder\/sonorex-technik-rm-180-uh-ultraschallbad-mit-ueberlauftasche-und-heizung-40-khz\/#primaryimage","url":"https:\/\/bandelin.com\/wp-content\/uploads\/Produktfoto_RM_180_UH-24-scaled.jpg","contentUrl":"https:\/\/bandelin.com\/wp-content\/uploads\/Produktfoto_RM_180_UH-24-scaled.jpg","width":2048,"height":2048,"caption":"SONOREX TECHNIK RM 180 UH Ultraschallbad mit \u00dcberlauftasche und Heizung"},{"@type":"BreadcrumbList","@id":"https:\/\/bandelin.com\/shop\/sonorex-technik-ultraschallbaeder\/sonorex-technik-rm-ultraschallbaeder\/sonorex-technik-rm-180-uh-ultraschallbad-mit-ueberlauftasche-und-heizung-40-khz\/#breadcrumb","itemListElement":[{"@type":"ListItem","position":1,"name":"Startseite","item":"https:\/\/bandelin.com\/"},{"@type":"ListItem","position":2,"name":"Shop","item":"https:\/\/bandelin.com\/shop\/"},{"@type":"ListItem","position":3,"name":"SONOREX TECHNIK RM 180 UH Ultraschallbad mit \u00dcberlauftasche und Heizung, 40 kHz"}]},{"@type":"WebSite","@id":"https:\/\/bvted2iv.myrdbx.io\/#website","url":"https:\/\/bvted2iv.myrdbx.io\/","name":"BANDELIN electronic GmbH &amp; Co. KG","description":"Ultralyd siden 1955","publisher":{"@id":"https:\/\/bvted2iv.myrdbx.io\/#organization"},"potentialAction":[{"@type":"SearchAction","target":{"@type":"EntryPoint","urlTemplate":"https:\/\/bvted2iv.myrdbx.io\/?s={search_term_string}"},"query-input":{"@type":"PropertyValueSpecification","valueRequired":true,"valueName":"search_term_string"}}],"inLanguage":"da-DK"},{"@type":"Organization","@id":"https:\/\/bvted2iv.myrdbx.io\/#organization","name":"BANDELIN electronic GmbH &amp; Co. KG","url":"https:\/\/bvted2iv.myrdbx.io\/","logo":{"@type":"ImageObject","inLanguage":"da-DK","@id":"https:\/\/bvted2iv.myrdbx.io\/#\/schema\/logo\/image\/","url":"","contentUrl":"","caption":"BANDELIN electronic GmbH & Co. KG"},"image":{"@id":"https:\/\/bvted2iv.myrdbx.io\/#\/schema\/logo\/image\/"},"sameAs":["https:\/\/de-de.facebook.com\/bandelin.electronic\/","https:\/\/www.instagram.com\/bandelin_ultrasonic\/?hl=de","https:\/\/www.linkedin.com\/company\/bandelin-electronic-gmbh-amp-co-kg","https:\/\/www.youtube.com\/channel\/UC5wTNrNxkwMmX-WzysQqw3g"]}]}},"_links":{"self":[{"href":"https:\/\/bandelin.com\/da\/wp-json\/wp\/v2\/product\/697947","targetHints":{"allow":["GET"]}}],"collection":[{"href":"https:\/\/bandelin.com\/da\/wp-json\/wp\/v2\/product"}],"about":[{"href":"https:\/\/bandelin.com\/da\/wp-json\/wp\/v2\/types\/product"}],"version-history":[{"count":2,"href":"https:\/\/bandelin.com\/da\/wp-json\/wp\/v2\/product\/697947\/revisions"}],"predecessor-version":[{"id":697950,"href":"https:\/\/bandelin.com\/da\/wp-json\/wp\/v2\/product\/697947\/revisions\/697950"}],"wp:featuredmedia":[{"embeddable":true,"href":"https:\/\/bandelin.com\/da\/wp-json\/wp\/v2\/media\/697949"}],"wp:attachment":[{"href":"https:\/\/bandelin.com\/da\/wp-json\/wp\/v2\/media?parent=697947"}],"wp:term":[{"taxonomy":"product_brand","embeddable":true,"href":"https:\/\/bandelin.com\/da\/wp-json\/wp\/v2\/product_brand?post=697947"},{"taxonomy":"product_cat","embeddable":true,"href":"https:\/\/bandelin.com\/da\/wp-json\/wp\/v2\/product_cat?post=697947"},{"taxonomy":"product_tag","embeddable":true,"href":"https:\/\/bandelin.com\/da\/wp-json\/wp\/v2\/product_tag?post=697947"}],"curies":[{"name":"wp","href":"https:\/\/api.w.org\/{rel}","templated":true}]}}