{"id":699164,"date":"2026-05-07T22:08:44","date_gmt":"2026-05-07T20:08:44","guid":{"rendered":"https:\/\/bandelin.com\/shop\/unkategorisiert\/trison-tr-3001-l-rack-linksversion\/"},"modified":"2026-05-11T01:55:27","modified_gmt":"2026-05-10T23:55:27","slug":"trison-tr-3001-l-rack-venstre-version","status":"publish","type":"product","link":"https:\/\/bandelin.com\/da\/shop\/trison-ultraschallbaeder\/zubehoer-trison-ultraschallbaeder\/trison-tr-3001-l-rack-linksversion\/","title":{"rendered":"TRISON TR 3001 L Rack, venstreh\u00e5ndsversion"},"content":{"rendered":"<p>Specialkurv med adaptere til tilslutning af MIS-instrumenter til skylningssystemet i TRISON-ultralydsbade; fremstillet af rustfrit st\u00e5l og POM; venstreh\u00e5ndsversion<\/p>\n<p>  Under ultralydsdrift m\u00e5 der ikke placeres noget p\u00e5 tankgulvet, da det kan for\u00e5rsage slid mellem lydbehandlingsmaterialet og den oscillerende ultralydstank. Det anbefales derfor, at der bruges en passende kurv til at holde sonikeringsmaterialet. BANDELIN-kurvene er designet p\u00e5 en s\u00e5dan m\u00e5de, at sonikeringsmaterialet altid befinder sig i det optimale omr\u00e5de af kavitationsfeltet (1-2 cm fra gulvet) i den oscillerende tank. Ved hj\u00e6lp af en kurv kan sonikeringsmaterialet ogs\u00e5 nemt placeres i enheden og fjernes efter brug, f.eks. til skylning, uden at brugeren kommer i kontakt med sonikeringsv\u00e6sken i den oscillerende tank.<\/p>","protected":false},"excerpt":{"rendered":"<p>Indvendige m\u00e5l: 640 x 405 x 150 mm<\/p>","protected":false},"featured_media":699166,"template":"","meta":{"_acf_changed":false},"product_brand":[],"product_cat":[14220,14449],"product_tag":[6528,14618],"class_list":{"0":"post-699164","1":"product","2":"type-product","3":"status-publish","4":"has-post-thumbnail","6":"product_cat-trison-ultraschallbaeder","7":"product_cat-zubehoer-trison-ultraschallbaeder","8":"product_tag-verbrauchsmaterial","9":"product_tag-trison-ultraschallbaeder-zubehoer","10":"pa_bestellnummer-13099","11":"pa_ce-kennzeichnung-medizinprodukte-klasse-i-2017-745-eu-2","12":"pa_innenmass-b-mm-13097","13":"pa_innenmass-l-mm-13096","14":"pa_innenmass-t-mm-14269","15":"pa_maschenweite-mm-5-x-5-2","16":"pa_nutzlast-kg-10-2","18":"first","19":"onbackorder","20":"taxable","21":"shipping-taxable","22":"purchasable","23":"product-type-simple"},"acf":[],"yoast_head":"<!-- This site is optimized with the Yoast SEO plugin v27.5 - https:\/\/yoast.com\/product\/yoast-seo-wordpress\/ -->\n<title>TRISON TR 3001 L Rack, Linksversion | BANDELIN electronic GmbH &amp; Co. KG<\/title>\n<meta name=\"description\" content=\"Informationen Sie sich \u00fcber TRISON TR 3001 L Rack, Linksversion | Hochwertige Ultraschallb\u00e4der f\u00fcr Medizin und Industrie von Bandelin Electronic seit 1955.\" \/>\n<meta name=\"robots\" content=\"index, follow, max-snippet:-1, max-image-preview:large, max-video-preview:-1\" \/>\n<link rel=\"canonical\" href=\"https:\/\/bandelin.com\/da\/butik\/trison-ultralydsbade\/tilbehor-trison-ultralydsbade\/trison-tr-3001-l-rack-venstre-version\/\" \/>\n<meta property=\"og:locale\" content=\"da_DK\" \/>\n<meta property=\"og:type\" content=\"article\" \/>\n<meta property=\"og:title\" content=\"TRISON TR 3001 L Rack, Linksversion | BANDELIN electronic GmbH &amp; Co. KG\" \/>\n<meta property=\"og:description\" content=\"Informationen Sie sich \u00fcber TRISON TR 3001 L Rack, Linksversion | Hochwertige Ultraschallb\u00e4der f\u00fcr Medizin und Industrie von Bandelin Electronic seit 1955.\" \/>\n<meta property=\"og:url\" content=\"https:\/\/bandelin.com\/da\/butik\/trison-ultralydsbade\/tilbehor-trison-ultralydsbade\/trison-tr-3001-l-rack-venstre-version\/\" \/>\n<meta property=\"og:site_name\" content=\"BANDELIN electronic GmbH &amp; Co. KG\" \/>\n<meta property=\"article:publisher\" content=\"https:\/\/de-de.facebook.com\/bandelin.electronic\/\" \/>\n<meta property=\"article:modified_time\" content=\"2026-05-10T23:55:27+00:00\" \/>\n<meta property=\"og:image\" content=\"https:\/\/bandelin.com\/wp-content\/uploads\/Produktfoto_Rack-9-scaled.jpg\" \/>\n\t<meta property=\"og:image:width\" content=\"2048\" \/>\n\t<meta property=\"og:image:height\" content=\"2048\" \/>\n\t<meta property=\"og:image:type\" content=\"image\/jpeg\" \/>\n<meta name=\"twitter:card\" content=\"summary_large_image\" \/>\n<meta name=\"twitter:label1\" content=\"Estimeret l\u00e6setid\" \/>\n\t<meta name=\"twitter:data1\" content=\"1 minut\" \/>\n<script type=\"application\/ld+json\" class=\"yoast-schema-graph\">{\"@context\":\"https:\\\/\\\/schema.org\",\"@graph\":[{\"@type\":\"WebPage\",\"@id\":\"https:\\\/\\\/bandelin.com\\\/shop\\\/trison-ultraschallbaeder\\\/zubehoer-trison-ultraschallbaeder\\\/trison-tr-3001-l-rack-linksversion\\\/\",\"url\":\"https:\\\/\\\/bandelin.com\\\/shop\\\/trison-ultraschallbaeder\\\/zubehoer-trison-ultraschallbaeder\\\/trison-tr-3001-l-rack-linksversion\\\/\",\"name\":\"TRISON TR 3001 L Rack, Linksversion | BANDELIN electronic GmbH &amp; Co. KG\",\"isPartOf\":{\"@id\":\"https:\\\/\\\/bvted2iv.myrdbx.io\\\/#website\"},\"primaryImageOfPage\":{\"@id\":\"https:\\\/\\\/bandelin.com\\\/shop\\\/trison-ultraschallbaeder\\\/zubehoer-trison-ultraschallbaeder\\\/trison-tr-3001-l-rack-linksversion\\\/#primaryimage\"},\"image\":{\"@id\":\"https:\\\/\\\/bandelin.com\\\/shop\\\/trison-ultraschallbaeder\\\/zubehoer-trison-ultraschallbaeder\\\/trison-tr-3001-l-rack-linksversion\\\/#primaryimage\"},\"thumbnailUrl\":\"https:\\\/\\\/bandelin.com\\\/wp-content\\\/uploads\\\/Produktfoto_Rack-9-scaled.jpg\",\"datePublished\":\"2026-05-07T20:08:44+00:00\",\"dateModified\":\"2026-05-10T23:55:27+00:00\",\"description\":\"Informationen Sie sich \u00fcber TRISON TR 3001 L Rack, Linksversion | Hochwertige Ultraschallb\u00e4der f\u00fcr Medizin und Industrie von Bandelin Electronic seit 1955.\",\"breadcrumb\":{\"@id\":\"https:\\\/\\\/bandelin.com\\\/shop\\\/trison-ultraschallbaeder\\\/zubehoer-trison-ultraschallbaeder\\\/trison-tr-3001-l-rack-linksversion\\\/#breadcrumb\"},\"inLanguage\":\"da-DK\",\"potentialAction\":[{\"@type\":\"ReadAction\",\"target\":[\"https:\\\/\\\/bandelin.com\\\/shop\\\/trison-ultraschallbaeder\\\/zubehoer-trison-ultraschallbaeder\\\/trison-tr-3001-l-rack-linksversion\\\/\"]}]},{\"@type\":\"ImageObject\",\"inLanguage\":\"da-DK\",\"@id\":\"https:\\\/\\\/bandelin.com\\\/shop\\\/trison-ultraschallbaeder\\\/zubehoer-trison-ultraschallbaeder\\\/trison-tr-3001-l-rack-linksversion\\\/#primaryimage\",\"url\":\"https:\\\/\\\/bandelin.com\\\/wp-content\\\/uploads\\\/Produktfoto_Rack-9-scaled.jpg\",\"contentUrl\":\"https:\\\/\\\/bandelin.com\\\/wp-content\\\/uploads\\\/Produktfoto_Rack-9-scaled.jpg\",\"width\":2048,\"height\":2048,\"caption\":\"TRISON TR 3001 L Rack\"},{\"@type\":\"BreadcrumbList\",\"@id\":\"https:\\\/\\\/bandelin.com\\\/shop\\\/trison-ultraschallbaeder\\\/zubehoer-trison-ultraschallbaeder\\\/trison-tr-3001-l-rack-linksversion\\\/#breadcrumb\",\"itemListElement\":[{\"@type\":\"ListItem\",\"position\":1,\"name\":\"Startseite\",\"item\":\"https:\\\/\\\/bandelin.com\\\/\"},{\"@type\":\"ListItem\",\"position\":2,\"name\":\"Shop\",\"item\":\"https:\\\/\\\/bandelin.com\\\/shop\\\/\"},{\"@type\":\"ListItem\",\"position\":3,\"name\":\"TRISON TR 3001 L Rack, Linksversion\"}]},{\"@type\":\"WebSite\",\"@id\":\"https:\\\/\\\/bvted2iv.myrdbx.io\\\/#website\",\"url\":\"https:\\\/\\\/bvted2iv.myrdbx.io\\\/\",\"name\":\"BANDELIN electronic GmbH & Co. KG\",\"description\":\"Ultraschall seit 1955\",\"publisher\":{\"@id\":\"https:\\\/\\\/bvted2iv.myrdbx.io\\\/#organization\"},\"potentialAction\":[{\"@type\":\"SearchAction\",\"target\":{\"@type\":\"EntryPoint\",\"urlTemplate\":\"https:\\\/\\\/bvted2iv.myrdbx.io\\\/?s={search_term_string}\"},\"query-input\":{\"@type\":\"PropertyValueSpecification\",\"valueRequired\":true,\"valueName\":\"search_term_string\"}}],\"inLanguage\":\"da-DK\"},{\"@type\":\"Organization\",\"@id\":\"https:\\\/\\\/bvted2iv.myrdbx.io\\\/#organization\",\"name\":\"BANDELIN electronic GmbH & Co. KG\",\"url\":\"https:\\\/\\\/bvted2iv.myrdbx.io\\\/\",\"logo\":{\"@type\":\"ImageObject\",\"inLanguage\":\"da-DK\",\"@id\":\"https:\\\/\\\/bvted2iv.myrdbx.io\\\/#\\\/schema\\\/logo\\\/image\\\/\",\"url\":\"\",\"contentUrl\":\"\",\"caption\":\"BANDELIN electronic GmbH & Co. KG\"},\"image\":{\"@id\":\"https:\\\/\\\/bvted2iv.myrdbx.io\\\/#\\\/schema\\\/logo\\\/image\\\/\"},\"sameAs\":[\"https:\\\/\\\/de-de.facebook.com\\\/bandelin.electronic\\\/\",\"https:\\\/\\\/www.instagram.com\\\/bandelin_ultrasonic\\\/?hl=de\",\"https:\\\/\\\/www.linkedin.com\\\/company\\\/bandelin-electronic-gmbh-amp-co-kg\",\"https:\\\/\\\/www.youtube.com\\\/channel\\\/UC5wTNrNxkwMmX-WzysQqw3g\"]}]}<\/script>\n<!-- \/ Yoast SEO plugin. -->","yoast_head_json":{"title":"TRISON TR 3001 L Rack, venstreh\u00e5ndsversion | BANDELIN electronic GmbH &amp; Co. KG","description":"F\u00e5 mere at vide om TRISON TR 3001 L Rack, left-hand version | Ultralydsbade i h\u00f8j kvalitet til medicin og industri fra Bandelin Electronic siden 1955.","robots":{"index":"index","follow":"follow","max-snippet":"max-snippet:-1","max-image-preview":"max-image-preview:large","max-video-preview":"max-video-preview:-1"},"canonical":"https:\/\/bandelin.com\/da\/butik\/trison-ultralydsbade\/tilbehor-trison-ultralydsbade\/trison-tr-3001-l-rack-venstre-version\/","og_locale":"da_DK","og_type":"article","og_title":"TRISON TR 3001 L Rack, Linksversion | BANDELIN electronic GmbH &amp; Co. KG","og_description":"Informationen Sie sich \u00fcber TRISON TR 3001 L Rack, Linksversion | Hochwertige Ultraschallb\u00e4der f\u00fcr Medizin und Industrie von Bandelin Electronic seit 1955.","og_url":"https:\/\/bandelin.com\/da\/butik\/trison-ultralydsbade\/tilbehor-trison-ultralydsbade\/trison-tr-3001-l-rack-venstre-version\/","og_site_name":"BANDELIN electronic GmbH &amp; Co. KG","article_publisher":"https:\/\/de-de.facebook.com\/bandelin.electronic\/","article_modified_time":"2026-05-10T23:55:27+00:00","og_image":[{"width":2048,"height":2048,"url":"https:\/\/bandelin.com\/wp-content\/uploads\/Produktfoto_Rack-9-scaled.jpg","type":"image\/jpeg"}],"twitter_card":"summary_large_image","twitter_misc":{"Estimeret l\u00e6setid":"1 minut"},"schema":{"@context":"https:\/\/schema.org","@graph":[{"@type":"WebPage","@id":"https:\/\/bandelin.com\/shop\/trison-ultraschallbaeder\/zubehoer-trison-ultraschallbaeder\/trison-tr-3001-l-rack-linksversion\/","url":"https:\/\/bandelin.com\/shop\/trison-ultraschallbaeder\/zubehoer-trison-ultraschallbaeder\/trison-tr-3001-l-rack-linksversion\/","name":"TRISON TR 3001 L Rack, venstreh\u00e5ndsversion | BANDELIN electronic GmbH &amp; Co. KG","isPartOf":{"@id":"https:\/\/bvted2iv.myrdbx.io\/#website"},"primaryImageOfPage":{"@id":"https:\/\/bandelin.com\/shop\/trison-ultraschallbaeder\/zubehoer-trison-ultraschallbaeder\/trison-tr-3001-l-rack-linksversion\/#primaryimage"},"image":{"@id":"https:\/\/bandelin.com\/shop\/trison-ultraschallbaeder\/zubehoer-trison-ultraschallbaeder\/trison-tr-3001-l-rack-linksversion\/#primaryimage"},"thumbnailUrl":"https:\/\/bandelin.com\/wp-content\/uploads\/Produktfoto_Rack-9-scaled.jpg","datePublished":"2026-05-07T20:08:44+00:00","dateModified":"2026-05-10T23:55:27+00:00","description":"F\u00e5 mere at vide om TRISON TR 3001 L Rack, left-hand version | Ultralydsbade i h\u00f8j kvalitet til medicin og industri fra Bandelin Electronic siden 1955.","breadcrumb":{"@id":"https:\/\/bandelin.com\/shop\/trison-ultraschallbaeder\/zubehoer-trison-ultraschallbaeder\/trison-tr-3001-l-rack-linksversion\/#breadcrumb"},"inLanguage":"da-DK","potentialAction":[{"@type":"ReadAction","target":["https:\/\/bandelin.com\/shop\/trison-ultraschallbaeder\/zubehoer-trison-ultraschallbaeder\/trison-tr-3001-l-rack-linksversion\/"]}]},{"@type":"ImageObject","inLanguage":"da-DK","@id":"https:\/\/bandelin.com\/shop\/trison-ultraschallbaeder\/zubehoer-trison-ultraschallbaeder\/trison-tr-3001-l-rack-linksversion\/#primaryimage","url":"https:\/\/bandelin.com\/wp-content\/uploads\/Produktfoto_Rack-9-scaled.jpg","contentUrl":"https:\/\/bandelin.com\/wp-content\/uploads\/Produktfoto_Rack-9-scaled.jpg","width":2048,"height":2048,"caption":"TRISON TR 3001 L Rack"},{"@type":"BreadcrumbList","@id":"https:\/\/bandelin.com\/shop\/trison-ultraschallbaeder\/zubehoer-trison-ultraschallbaeder\/trison-tr-3001-l-rack-linksversion\/#breadcrumb","itemListElement":[{"@type":"ListItem","position":1,"name":"Startseite","item":"https:\/\/bandelin.com\/"},{"@type":"ListItem","position":2,"name":"Shop","item":"https:\/\/bandelin.com\/shop\/"},{"@type":"ListItem","position":3,"name":"TRISON TR 3001 L Rack, Linksversion"}]},{"@type":"WebSite","@id":"https:\/\/bvted2iv.myrdbx.io\/#website","url":"https:\/\/bvted2iv.myrdbx.io\/","name":"BANDELIN electronic GmbH &amp; Co. KG","description":"Ultralyd siden 1955","publisher":{"@id":"https:\/\/bvted2iv.myrdbx.io\/#organization"},"potentialAction":[{"@type":"SearchAction","target":{"@type":"EntryPoint","urlTemplate":"https:\/\/bvted2iv.myrdbx.io\/?s={search_term_string}"},"query-input":{"@type":"PropertyValueSpecification","valueRequired":true,"valueName":"search_term_string"}}],"inLanguage":"da-DK"},{"@type":"Organization","@id":"https:\/\/bvted2iv.myrdbx.io\/#organization","name":"BANDELIN electronic GmbH &amp; Co. KG","url":"https:\/\/bvted2iv.myrdbx.io\/","logo":{"@type":"ImageObject","inLanguage":"da-DK","@id":"https:\/\/bvted2iv.myrdbx.io\/#\/schema\/logo\/image\/","url":"","contentUrl":"","caption":"BANDELIN electronic GmbH & Co. KG"},"image":{"@id":"https:\/\/bvted2iv.myrdbx.io\/#\/schema\/logo\/image\/"},"sameAs":["https:\/\/de-de.facebook.com\/bandelin.electronic\/","https:\/\/www.instagram.com\/bandelin_ultrasonic\/?hl=de","https:\/\/www.linkedin.com\/company\/bandelin-electronic-gmbh-amp-co-kg","https:\/\/www.youtube.com\/channel\/UC5wTNrNxkwMmX-WzysQqw3g"]}]}},"_links":{"self":[{"href":"https:\/\/bandelin.com\/da\/wp-json\/wp\/v2\/product\/699164","targetHints":{"allow":["GET"]}}],"collection":[{"href":"https:\/\/bandelin.com\/da\/wp-json\/wp\/v2\/product"}],"about":[{"href":"https:\/\/bandelin.com\/da\/wp-json\/wp\/v2\/types\/product"}],"version-history":[{"count":2,"href":"https:\/\/bandelin.com\/da\/wp-json\/wp\/v2\/product\/699164\/revisions"}],"predecessor-version":[{"id":699167,"href":"https:\/\/bandelin.com\/da\/wp-json\/wp\/v2\/product\/699164\/revisions\/699167"}],"wp:featuredmedia":[{"embeddable":true,"href":"https:\/\/bandelin.com\/da\/wp-json\/wp\/v2\/media\/699166"}],"wp:attachment":[{"href":"https:\/\/bandelin.com\/da\/wp-json\/wp\/v2\/media?parent=699164"}],"wp:term":[{"taxonomy":"product_brand","embeddable":true,"href":"https:\/\/bandelin.com\/da\/wp-json\/wp\/v2\/product_brand?post=699164"},{"taxonomy":"product_cat","embeddable":true,"href":"https:\/\/bandelin.com\/da\/wp-json\/wp\/v2\/product_cat?post=699164"},{"taxonomy":"product_tag","embeddable":true,"href":"https:\/\/bandelin.com\/da\/wp-json\/wp\/v2\/product_tag?post=699164"}],"curies":[{"name":"wp","href":"https:\/\/api.w.org\/{rel}","templated":true}]}}