{"id":699236,"date":"2026-05-07T22:11:20","date_gmt":"2026-05-07T20:11:20","guid":{"rendered":"https:\/\/bandelin.com\/shop\/unkategorisiert\/sonorex-technik-wd-300-deckel\/"},"modified":"2026-05-10T20:27:29","modified_gmt":"2026-05-10T18:27:29","slug":"sonorex-technik-wd-300-lag","status":"publish","type":"product","link":"https:\/\/bandelin.com\/da\/shop\/sonorex-technik-ultraschallbaeder\/zubehoer-sonorex-technik-ultraschallbaeder\/sonorex-technik-wd-300-deckel\/","title":{"rendered":"SONOREX TECHNIK WD 300 d\u00e6ksel"},"content":{"rendered":"<p>Et passende l\u00e5g til et ultralydsbad beskytter reng\u00f8ringsv\u00e6sken mod forurening og forhindrer ubehagelige lugte fra reng\u00f8rings- eller desinfektionsv\u00e6sken. Derudover reduceres st\u00f8judsendelsen under drift af ultralydsrenseren, som kan opfattes som forstyrrende. L\u00e5gene er udformet p\u00e5 en s\u00e5dan m\u00e5de, at eventuel kondens ledes tilbage i tanken. Velegnet til W 300<\/p>","protected":false},"excerpt":{"rendered":"<p>Et passende l\u00e5g til et ultralydsbad beskytter reng\u00f8ringsv\u00e6sken mod forurening og forhindrer ubehagelige lugte fra reng\u00f8rings- eller desinfektionsv\u00e6sken. Derudover reduceres st\u00f8judsendelsen under drift af ultralydsrenseren, som kan opfattes som forstyrrende. L\u00e5gene er udformet p\u00e5 en s\u00e5dan m\u00e5de, at eventuel kondens ledes tilbage i tanken. Velegnet til W 300<\/p>","protected":false},"featured_media":699238,"template":"","meta":{"_acf_changed":false},"product_brand":[],"product_cat":[12497,14468],"product_tag":[11259,12480,14629],"class_list":{"0":"post-699236","1":"product","2":"type-product","3":"status-publish","4":"has-post-thumbnail","6":"product_cat-sonorex-technik-ultraschallbaeder","7":"product_cat-zubehoer-sonorex-technik-ultraschallbaeder","8":"product_tag-deckel","9":"product_tag-sonder","10":"product_tag-sonorex-technik-ultraschallbaeder-zubehoer","11":"pa_bestellnummer-12656","13":"first","14":"onbackorder","15":"taxable","16":"shipping-taxable","17":"purchasable","18":"product-type-simple"},"acf":[],"yoast_head":"<!-- This site is optimized with the Yoast SEO plugin v27.5 - https:\/\/yoast.com\/product\/yoast-seo-wordpress\/ -->\n<title>SONOREX TECHNIK WD 300 Deckel | BANDELIN electronic GmbH &amp; Co. KG<\/title>\n<meta name=\"description\" content=\"Informationen Sie sich \u00fcber SONOREX TECHNIK WD 300 Deckel | Hochwertige Ultraschallb\u00e4der f\u00fcr Medizin und Industrie von Bandelin Electronic seit 1955.\" \/>\n<meta name=\"robots\" content=\"index, follow, max-snippet:-1, max-image-preview:large, max-video-preview:-1\" \/>\n<link rel=\"canonical\" href=\"https:\/\/bandelin.com\/da\/butik\/sonorex-teknologi-ultralydsbade\/tilbehor-sonorex-teknologi-ultralydsbade\/sonorex-technik-wd-300-lag\/\" \/>\n<meta property=\"og:locale\" content=\"da_DK\" \/>\n<meta property=\"og:type\" content=\"article\" \/>\n<meta property=\"og:title\" content=\"SONOREX TECHNIK WD 300 Deckel | BANDELIN electronic GmbH &amp; Co. KG\" \/>\n<meta property=\"og:description\" content=\"Informationen Sie sich \u00fcber SONOREX TECHNIK WD 300 Deckel | Hochwertige Ultraschallb\u00e4der f\u00fcr Medizin und Industrie von Bandelin Electronic seit 1955.\" \/>\n<meta property=\"og:url\" content=\"https:\/\/bandelin.com\/da\/butik\/sonorex-teknologi-ultralydsbade\/tilbehor-sonorex-teknologi-ultralydsbade\/sonorex-technik-wd-300-lag\/\" \/>\n<meta property=\"og:site_name\" content=\"BANDELIN electronic GmbH &amp; Co. KG\" \/>\n<meta property=\"article:publisher\" content=\"https:\/\/de-de.facebook.com\/bandelin.electronic\/\" \/>\n<meta property=\"article:modified_time\" content=\"2026-05-10T18:27:29+00:00\" \/>\n<meta property=\"og:image\" content=\"https:\/\/bandelin.com\/wp-content\/uploads\/Produktfoto_WD_300-4-scaled.jpg\" \/>\n\t<meta property=\"og:image:width\" content=\"2048\" \/>\n\t<meta property=\"og:image:height\" content=\"2048\" \/>\n\t<meta property=\"og:image:type\" content=\"image\/jpeg\" \/>\n<meta name=\"twitter:card\" content=\"summary_large_image\" \/>\n<script type=\"application\/ld+json\" class=\"yoast-schema-graph\">{\"@context\":\"https:\\\/\\\/schema.org\",\"@graph\":[{\"@type\":\"WebPage\",\"@id\":\"https:\\\/\\\/bandelin.com\\\/shop\\\/sonorex-technik-ultraschallbaeder\\\/zubehoer-sonorex-technik-ultraschallbaeder\\\/sonorex-technik-wd-300-deckel\\\/\",\"url\":\"https:\\\/\\\/bandelin.com\\\/shop\\\/sonorex-technik-ultraschallbaeder\\\/zubehoer-sonorex-technik-ultraschallbaeder\\\/sonorex-technik-wd-300-deckel\\\/\",\"name\":\"SONOREX TECHNIK WD 300 Deckel | BANDELIN electronic GmbH &amp; Co. KG\",\"isPartOf\":{\"@id\":\"https:\\\/\\\/bvted2iv.myrdbx.io\\\/#website\"},\"primaryImageOfPage\":{\"@id\":\"https:\\\/\\\/bandelin.com\\\/shop\\\/sonorex-technik-ultraschallbaeder\\\/zubehoer-sonorex-technik-ultraschallbaeder\\\/sonorex-technik-wd-300-deckel\\\/#primaryimage\"},\"image\":{\"@id\":\"https:\\\/\\\/bandelin.com\\\/shop\\\/sonorex-technik-ultraschallbaeder\\\/zubehoer-sonorex-technik-ultraschallbaeder\\\/sonorex-technik-wd-300-deckel\\\/#primaryimage\"},\"thumbnailUrl\":\"https:\\\/\\\/bandelin.com\\\/wp-content\\\/uploads\\\/Produktfoto_WD_300-4-scaled.jpg\",\"datePublished\":\"2026-05-07T20:11:20+00:00\",\"dateModified\":\"2026-05-10T18:27:29+00:00\",\"description\":\"Informationen Sie sich \u00fcber SONOREX TECHNIK WD 300 Deckel | Hochwertige Ultraschallb\u00e4der f\u00fcr Medizin und Industrie von Bandelin Electronic seit 1955.\",\"breadcrumb\":{\"@id\":\"https:\\\/\\\/bandelin.com\\\/shop\\\/sonorex-technik-ultraschallbaeder\\\/zubehoer-sonorex-technik-ultraschallbaeder\\\/sonorex-technik-wd-300-deckel\\\/#breadcrumb\"},\"inLanguage\":\"da-DK\",\"potentialAction\":[{\"@type\":\"ReadAction\",\"target\":[\"https:\\\/\\\/bandelin.com\\\/shop\\\/sonorex-technik-ultraschallbaeder\\\/zubehoer-sonorex-technik-ultraschallbaeder\\\/sonorex-technik-wd-300-deckel\\\/\"]}]},{\"@type\":\"ImageObject\",\"inLanguage\":\"da-DK\",\"@id\":\"https:\\\/\\\/bandelin.com\\\/shop\\\/sonorex-technik-ultraschallbaeder\\\/zubehoer-sonorex-technik-ultraschallbaeder\\\/sonorex-technik-wd-300-deckel\\\/#primaryimage\",\"url\":\"https:\\\/\\\/bandelin.com\\\/wp-content\\\/uploads\\\/Produktfoto_WD_300-4-scaled.jpg\",\"contentUrl\":\"https:\\\/\\\/bandelin.com\\\/wp-content\\\/uploads\\\/Produktfoto_WD_300-4-scaled.jpg\",\"width\":2048,\"height\":2048,\"caption\":\"SONOREX TECHNIK WD 300 Deckel Bild\"},{\"@type\":\"BreadcrumbList\",\"@id\":\"https:\\\/\\\/bandelin.com\\\/shop\\\/sonorex-technik-ultraschallbaeder\\\/zubehoer-sonorex-technik-ultraschallbaeder\\\/sonorex-technik-wd-300-deckel\\\/#breadcrumb\",\"itemListElement\":[{\"@type\":\"ListItem\",\"position\":1,\"name\":\"Startseite\",\"item\":\"https:\\\/\\\/bandelin.com\\\/\"},{\"@type\":\"ListItem\",\"position\":2,\"name\":\"Shop\",\"item\":\"https:\\\/\\\/bandelin.com\\\/shop\\\/\"},{\"@type\":\"ListItem\",\"position\":3,\"name\":\"SONOREX TECHNIK WD 300 Deckel\"}]},{\"@type\":\"WebSite\",\"@id\":\"https:\\\/\\\/bvted2iv.myrdbx.io\\\/#website\",\"url\":\"https:\\\/\\\/bvted2iv.myrdbx.io\\\/\",\"name\":\"BANDELIN electronic GmbH & Co. KG\",\"description\":\"Ultraschall seit 1955\",\"publisher\":{\"@id\":\"https:\\\/\\\/bvted2iv.myrdbx.io\\\/#organization\"},\"potentialAction\":[{\"@type\":\"SearchAction\",\"target\":{\"@type\":\"EntryPoint\",\"urlTemplate\":\"https:\\\/\\\/bvted2iv.myrdbx.io\\\/?s={search_term_string}\"},\"query-input\":{\"@type\":\"PropertyValueSpecification\",\"valueRequired\":true,\"valueName\":\"search_term_string\"}}],\"inLanguage\":\"da-DK\"},{\"@type\":\"Organization\",\"@id\":\"https:\\\/\\\/bvted2iv.myrdbx.io\\\/#organization\",\"name\":\"BANDELIN electronic GmbH & Co. KG\",\"url\":\"https:\\\/\\\/bvted2iv.myrdbx.io\\\/\",\"logo\":{\"@type\":\"ImageObject\",\"inLanguage\":\"da-DK\",\"@id\":\"https:\\\/\\\/bvted2iv.myrdbx.io\\\/#\\\/schema\\\/logo\\\/image\\\/\",\"url\":\"\",\"contentUrl\":\"\",\"caption\":\"BANDELIN electronic GmbH & Co. KG\"},\"image\":{\"@id\":\"https:\\\/\\\/bvted2iv.myrdbx.io\\\/#\\\/schema\\\/logo\\\/image\\\/\"},\"sameAs\":[\"https:\\\/\\\/de-de.facebook.com\\\/bandelin.electronic\\\/\",\"https:\\\/\\\/www.instagram.com\\\/bandelin_ultrasonic\\\/?hl=de\",\"https:\\\/\\\/www.linkedin.com\\\/company\\\/bandelin-electronic-gmbh-amp-co-kg\",\"https:\\\/\\\/www.youtube.com\\\/channel\\\/UC5wTNrNxkwMmX-WzysQqw3g\"]}]}<\/script>\n<!-- \/ Yoast SEO plugin. -->","yoast_head_json":{"title":"SONOREX TECHNIK WD 300 cover | BANDELIN electronic GmbH &amp; Co. KG","description":"F\u00e5 mere at vide om SONOREX TECHNIK WD 300 Lid | Ultralydsbade af h\u00f8j kvalitet til medicin og industri fra Bandelin Electronic siden 1955.","robots":{"index":"index","follow":"follow","max-snippet":"max-snippet:-1","max-image-preview":"max-image-preview:large","max-video-preview":"max-video-preview:-1"},"canonical":"https:\/\/bandelin.com\/da\/butik\/sonorex-teknologi-ultralydsbade\/tilbehor-sonorex-teknologi-ultralydsbade\/sonorex-technik-wd-300-lag\/","og_locale":"da_DK","og_type":"article","og_title":"SONOREX TECHNIK WD 300 Deckel | BANDELIN electronic GmbH &amp; Co. KG","og_description":"Informationen Sie sich \u00fcber SONOREX TECHNIK WD 300 Deckel | Hochwertige Ultraschallb\u00e4der f\u00fcr Medizin und Industrie von Bandelin Electronic seit 1955.","og_url":"https:\/\/bandelin.com\/da\/butik\/sonorex-teknologi-ultralydsbade\/tilbehor-sonorex-teknologi-ultralydsbade\/sonorex-technik-wd-300-lag\/","og_site_name":"BANDELIN electronic GmbH &amp; Co. KG","article_publisher":"https:\/\/de-de.facebook.com\/bandelin.electronic\/","article_modified_time":"2026-05-10T18:27:29+00:00","og_image":[{"width":2048,"height":2048,"url":"https:\/\/bandelin.com\/wp-content\/uploads\/Produktfoto_WD_300-4-scaled.jpg","type":"image\/jpeg"}],"twitter_card":"summary_large_image","schema":{"@context":"https:\/\/schema.org","@graph":[{"@type":"WebPage","@id":"https:\/\/bandelin.com\/shop\/sonorex-technik-ultraschallbaeder\/zubehoer-sonorex-technik-ultraschallbaeder\/sonorex-technik-wd-300-deckel\/","url":"https:\/\/bandelin.com\/shop\/sonorex-technik-ultraschallbaeder\/zubehoer-sonorex-technik-ultraschallbaeder\/sonorex-technik-wd-300-deckel\/","name":"SONOREX TECHNIK WD 300 cover | BANDELIN electronic GmbH &amp; Co. KG","isPartOf":{"@id":"https:\/\/bvted2iv.myrdbx.io\/#website"},"primaryImageOfPage":{"@id":"https:\/\/bandelin.com\/shop\/sonorex-technik-ultraschallbaeder\/zubehoer-sonorex-technik-ultraschallbaeder\/sonorex-technik-wd-300-deckel\/#primaryimage"},"image":{"@id":"https:\/\/bandelin.com\/shop\/sonorex-technik-ultraschallbaeder\/zubehoer-sonorex-technik-ultraschallbaeder\/sonorex-technik-wd-300-deckel\/#primaryimage"},"thumbnailUrl":"https:\/\/bandelin.com\/wp-content\/uploads\/Produktfoto_WD_300-4-scaled.jpg","datePublished":"2026-05-07T20:11:20+00:00","dateModified":"2026-05-10T18:27:29+00:00","description":"F\u00e5 mere at vide om SONOREX TECHNIK WD 300 Lid | Ultralydsbade af h\u00f8j kvalitet til medicin og industri fra Bandelin Electronic siden 1955.","breadcrumb":{"@id":"https:\/\/bandelin.com\/shop\/sonorex-technik-ultraschallbaeder\/zubehoer-sonorex-technik-ultraschallbaeder\/sonorex-technik-wd-300-deckel\/#breadcrumb"},"inLanguage":"da-DK","potentialAction":[{"@type":"ReadAction","target":["https:\/\/bandelin.com\/shop\/sonorex-technik-ultraschallbaeder\/zubehoer-sonorex-technik-ultraschallbaeder\/sonorex-technik-wd-300-deckel\/"]}]},{"@type":"ImageObject","inLanguage":"da-DK","@id":"https:\/\/bandelin.com\/shop\/sonorex-technik-ultraschallbaeder\/zubehoer-sonorex-technik-ultraschallbaeder\/sonorex-technik-wd-300-deckel\/#primaryimage","url":"https:\/\/bandelin.com\/wp-content\/uploads\/Produktfoto_WD_300-4-scaled.jpg","contentUrl":"https:\/\/bandelin.com\/wp-content\/uploads\/Produktfoto_WD_300-4-scaled.jpg","width":2048,"height":2048,"caption":"SONOREX TECHNIK WD 300 Deckel Bild"},{"@type":"BreadcrumbList","@id":"https:\/\/bandelin.com\/shop\/sonorex-technik-ultraschallbaeder\/zubehoer-sonorex-technik-ultraschallbaeder\/sonorex-technik-wd-300-deckel\/#breadcrumb","itemListElement":[{"@type":"ListItem","position":1,"name":"Startseite","item":"https:\/\/bandelin.com\/"},{"@type":"ListItem","position":2,"name":"Shop","item":"https:\/\/bandelin.com\/shop\/"},{"@type":"ListItem","position":3,"name":"SONOREX TECHNIK WD 300 Deckel"}]},{"@type":"WebSite","@id":"https:\/\/bvted2iv.myrdbx.io\/#website","url":"https:\/\/bvted2iv.myrdbx.io\/","name":"BANDELIN electronic GmbH &amp; Co. KG","description":"Ultralyd siden 1955","publisher":{"@id":"https:\/\/bvted2iv.myrdbx.io\/#organization"},"potentialAction":[{"@type":"SearchAction","target":{"@type":"EntryPoint","urlTemplate":"https:\/\/bvted2iv.myrdbx.io\/?s={search_term_string}"},"query-input":{"@type":"PropertyValueSpecification","valueRequired":true,"valueName":"search_term_string"}}],"inLanguage":"da-DK"},{"@type":"Organization","@id":"https:\/\/bvted2iv.myrdbx.io\/#organization","name":"BANDELIN electronic GmbH &amp; Co. KG","url":"https:\/\/bvted2iv.myrdbx.io\/","logo":{"@type":"ImageObject","inLanguage":"da-DK","@id":"https:\/\/bvted2iv.myrdbx.io\/#\/schema\/logo\/image\/","url":"","contentUrl":"","caption":"BANDELIN electronic GmbH & Co. KG"},"image":{"@id":"https:\/\/bvted2iv.myrdbx.io\/#\/schema\/logo\/image\/"},"sameAs":["https:\/\/de-de.facebook.com\/bandelin.electronic\/","https:\/\/www.instagram.com\/bandelin_ultrasonic\/?hl=de","https:\/\/www.linkedin.com\/company\/bandelin-electronic-gmbh-amp-co-kg","https:\/\/www.youtube.com\/channel\/UC5wTNrNxkwMmX-WzysQqw3g"]}]}},"_links":{"self":[{"href":"https:\/\/bandelin.com\/da\/wp-json\/wp\/v2\/product\/699236","targetHints":{"allow":["GET"]}}],"collection":[{"href":"https:\/\/bandelin.com\/da\/wp-json\/wp\/v2\/product"}],"about":[{"href":"https:\/\/bandelin.com\/da\/wp-json\/wp\/v2\/types\/product"}],"version-history":[{"count":1,"href":"https:\/\/bandelin.com\/da\/wp-json\/wp\/v2\/product\/699236\/revisions"}],"predecessor-version":[{"id":699237,"href":"https:\/\/bandelin.com\/da\/wp-json\/wp\/v2\/product\/699236\/revisions\/699237"}],"wp:featuredmedia":[{"embeddable":true,"href":"https:\/\/bandelin.com\/da\/wp-json\/wp\/v2\/media\/699238"}],"wp:attachment":[{"href":"https:\/\/bandelin.com\/da\/wp-json\/wp\/v2\/media?parent=699236"}],"wp:term":[{"taxonomy":"product_brand","embeddable":true,"href":"https:\/\/bandelin.com\/da\/wp-json\/wp\/v2\/product_brand?post=699236"},{"taxonomy":"product_cat","embeddable":true,"href":"https:\/\/bandelin.com\/da\/wp-json\/wp\/v2\/product_cat?post=699236"},{"taxonomy":"product_tag","embeddable":true,"href":"https:\/\/bandelin.com\/da\/wp-json\/wp\/v2\/product_tag?post=699236"}],"curies":[{"name":"wp","href":"https:\/\/api.w.org\/{rel}","templated":true}]}}