{"id":612760,"date":"2025-07-15T15:52:00","date_gmt":"2025-07-15T13:52:00","guid":{"rendered":"https:\/\/bandelin.com\/?page_id=612760"},"modified":"2025-07-22T13:37:38","modified_gmt":"2025-07-22T11:37:38","slug":"quiz-end","status":"publish","type":"page","link":"https:\/\/bandelin.com\/en\/quiz\/quiz-ende\/","title":{"rendered":"Quiz - End"},"content":{"rendered":"<p><strong>Thank you for your participation!<\/strong><br>The quiz for the Medical Device Consultant Training 2025 was successfully completed.<br>You will receive your result shortly.<\/p>\n\n\n\n<p><\/p>","protected":false},"excerpt":{"rendered":"<p>Vielen Dank f\u00fcr Ihre Teilnahme!Das Quiz zur Medizinprodukteberaterschulung 2025 wurde erfolgreich abgeschlossen.Sie erhalten Ihr Ergebnis in K\u00fcrze.<\/p>","protected":false},"author":3,"featured_media":0,"parent":612757,"menu_order":0,"comment_status":"closed","ping_status":"closed","template":"","meta":{"_acf_changed":false,"footnotes":""},"class_list":["post-612760","page","type-page","status-publish","hentry"],"acf":[],"yoast_head":"<!-- This site is optimized with the Yoast SEO plugin v27.5 - https:\/\/yoast.com\/product\/yoast-seo-wordpress\/ -->\n<title>Quiz - Ende | BANDELIN electronic GmbH &amp; Co. KG<\/title>\n<meta name=\"description\" content=\"Quiz - Ende \u2013 von Bandelin electronic. Ultraschallb\u00e4der f\u00fcr pr\u00e4zise Reinigung in Medizin, Labor &amp; Industrie \u2013 seit 1955\" \/>\n<meta name=\"robots\" content=\"index, follow, max-snippet:-1, max-image-preview:large, max-video-preview:-1\" \/>\n<link rel=\"canonical\" href=\"https:\/\/bandelin.com\/en\/quiz\/quiz-end\/\" \/>\n<meta property=\"og:locale\" content=\"en_GB\" \/>\n<meta property=\"og:type\" content=\"article\" \/>\n<meta property=\"og:title\" content=\"Quiz - Ende | BANDELIN electronic GmbH &amp; Co. KG\" \/>\n<meta property=\"og:description\" content=\"Quiz - Ende \u2013 von Bandelin electronic. Ultraschallb\u00e4der f\u00fcr pr\u00e4zise Reinigung in Medizin, Labor &amp; Industrie \u2013 seit 1955\" \/>\n<meta property=\"og:url\" content=\"https:\/\/bandelin.com\/en\/quiz\/quiz-end\/\" \/>\n<meta property=\"og:site_name\" content=\"BANDELIN electronic GmbH &amp; Co. KG\" \/>\n<meta property=\"article:publisher\" content=\"https:\/\/de-de.facebook.com\/bandelin.electronic\/\" \/>\n<meta property=\"article:modified_time\" content=\"2025-07-22T11:37:38+00:00\" \/>\n<meta name=\"twitter:card\" content=\"summary_large_image\" \/>\n<meta name=\"twitter:label1\" content=\"Estimated reading time\" \/>\n\t<meta name=\"twitter:data1\" content=\"1 minute\" \/>\n<script type=\"application\/ld+json\" class=\"yoast-schema-graph\">{\"@context\":\"https:\\\/\\\/schema.org\",\"@graph\":[{\"@type\":\"WebPage\",\"@id\":\"https:\\\/\\\/bandelin.com\\\/quiz\\\/quiz-ende\\\/\",\"url\":\"https:\\\/\\\/bandelin.com\\\/quiz\\\/quiz-ende\\\/\",\"name\":\"Quiz - Ende | BANDELIN electronic GmbH &amp; Co. KG\",\"isPartOf\":{\"@id\":\"https:\\\/\\\/bandelin.com\\\/#website\"},\"datePublished\":\"2025-07-15T13:52:00+00:00\",\"dateModified\":\"2025-07-22T11:37:38+00:00\",\"description\":\"Quiz - Ende \u2013 von Bandelin electronic. Ultraschallb\u00e4der f\u00fcr pr\u00e4zise Reinigung in Medizin, Labor & Industrie \u2013 seit 1955\",\"breadcrumb\":{\"@id\":\"https:\\\/\\\/bandelin.com\\\/quiz\\\/quiz-ende\\\/#breadcrumb\"},\"inLanguage\":\"en-GB\",\"potentialAction\":[{\"@type\":\"ReadAction\",\"target\":[\"https:\\\/\\\/bandelin.com\\\/quiz\\\/quiz-ende\\\/\"]}]},{\"@type\":\"BreadcrumbList\",\"@id\":\"https:\\\/\\\/bandelin.com\\\/quiz\\\/quiz-ende\\\/#breadcrumb\",\"itemListElement\":[{\"@type\":\"ListItem\",\"position\":1,\"name\":\"Startseite\",\"item\":\"https:\\\/\\\/bandelin.com\\\/\"},{\"@type\":\"ListItem\",\"position\":2,\"name\":\"Quiz\",\"item\":\"https:\\\/\\\/bandelin.com\\\/quiz\\\/\"},{\"@type\":\"ListItem\",\"position\":3,\"name\":\"Quiz &#8211; Ende\"}]},{\"@type\":\"WebSite\",\"@id\":\"https:\\\/\\\/bandelin.com\\\/#website\",\"url\":\"https:\\\/\\\/bandelin.com\\\/\",\"name\":\"BANDELIN electronic GmbH & Co. KG\",\"description\":\"Ultraschall seit 1955\",\"publisher\":{\"@id\":\"https:\\\/\\\/bandelin.com\\\/#organization\"},\"potentialAction\":[{\"@type\":\"SearchAction\",\"target\":{\"@type\":\"EntryPoint\",\"urlTemplate\":\"https:\\\/\\\/bandelin.com\\\/?s={search_term_string}\"},\"query-input\":{\"@type\":\"PropertyValueSpecification\",\"valueRequired\":true,\"valueName\":\"search_term_string\"}}],\"inLanguage\":\"en-GB\"},{\"@type\":\"Organization\",\"@id\":\"https:\\\/\\\/bandelin.com\\\/#organization\",\"name\":\"BANDELIN electronic GmbH & Co. KG\",\"url\":\"https:\\\/\\\/bandelin.com\\\/\",\"logo\":{\"@type\":\"ImageObject\",\"inLanguage\":\"en-GB\",\"@id\":\"https:\\\/\\\/bandelin.com\\\/#\\\/schema\\\/logo\\\/image\\\/\",\"url\":\"\",\"contentUrl\":\"\",\"caption\":\"BANDELIN electronic GmbH & Co. KG\"},\"image\":{\"@id\":\"https:\\\/\\\/bandelin.com\\\/#\\\/schema\\\/logo\\\/image\\\/\"},\"sameAs\":[\"https:\\\/\\\/de-de.facebook.com\\\/bandelin.electronic\\\/\",\"https:\\\/\\\/www.instagram.com\\\/bandelin_ultrasonic\\\/?hl=de\",\"https:\\\/\\\/www.linkedin.com\\\/company\\\/bandelin-electronic-gmbh-amp-co-kg\",\"https:\\\/\\\/www.youtube.com\\\/channel\\\/UC5wTNrNxkwMmX-WzysQqw3g\"]}]}<\/script>\n<!-- \/ Yoast SEO plugin. -->","yoast_head_json":{"title":"Quiz - End | BANDELIN electronic GmbH &amp; Co. KG","description":"Quiz - End - by Bandelin electronic. Ultrasonic baths for precise cleaning in medicine, laboratory &amp; industry - since 1955","robots":{"index":"index","follow":"follow","max-snippet":"max-snippet:-1","max-image-preview":"max-image-preview:large","max-video-preview":"max-video-preview:-1"},"canonical":"https:\/\/bandelin.com\/en\/quiz\/quiz-end\/","og_locale":"en_GB","og_type":"article","og_title":"Quiz - Ende | BANDELIN electronic GmbH &amp; Co. KG","og_description":"Quiz - Ende \u2013 von Bandelin electronic. Ultraschallb\u00e4der f\u00fcr pr\u00e4zise Reinigung in Medizin, Labor & Industrie \u2013 seit 1955","og_url":"https:\/\/bandelin.com\/en\/quiz\/quiz-end\/","og_site_name":"BANDELIN electronic GmbH &amp; Co. KG","article_publisher":"https:\/\/de-de.facebook.com\/bandelin.electronic\/","article_modified_time":"2025-07-22T11:37:38+00:00","twitter_card":"summary_large_image","twitter_misc":{"Estimated reading time":"1 minute"},"schema":{"@context":"https:\/\/schema.org","@graph":[{"@type":"WebPage","@id":"https:\/\/bandelin.com\/quiz\/quiz-ende\/","url":"https:\/\/bandelin.com\/quiz\/quiz-ende\/","name":"Quiz - End | BANDELIN electronic GmbH &amp; Co. KG","isPartOf":{"@id":"https:\/\/bandelin.com\/#website"},"datePublished":"2025-07-15T13:52:00+00:00","dateModified":"2025-07-22T11:37:38+00:00","description":"Quiz - End - by Bandelin electronic. Ultrasonic baths for precise cleaning in medicine, laboratory &amp; industry - since 1955","breadcrumb":{"@id":"https:\/\/bandelin.com\/quiz\/quiz-ende\/#breadcrumb"},"inLanguage":"en-GB","potentialAction":[{"@type":"ReadAction","target":["https:\/\/bandelin.com\/quiz\/quiz-ende\/"]}]},{"@type":"BreadcrumbList","@id":"https:\/\/bandelin.com\/quiz\/quiz-ende\/#breadcrumb","itemListElement":[{"@type":"ListItem","position":1,"name":"Startseite","item":"https:\/\/bandelin.com\/"},{"@type":"ListItem","position":2,"name":"Quiz","item":"https:\/\/bandelin.com\/quiz\/"},{"@type":"ListItem","position":3,"name":"Quiz &#8211; Ende"}]},{"@type":"WebSite","@id":"https:\/\/bandelin.com\/#website","url":"https:\/\/bandelin.com\/","name":"BANDELIN electronic GmbH &amp; Co. KG","description":"Ultrasound since 1955","publisher":{"@id":"https:\/\/bandelin.com\/#organization"},"potentialAction":[{"@type":"SearchAction","target":{"@type":"EntryPoint","urlTemplate":"https:\/\/bandelin.com\/?s={search_term_string}"},"query-input":{"@type":"PropertyValueSpecification","valueRequired":true,"valueName":"search_term_string"}}],"inLanguage":"en-GB"},{"@type":"Organization","@id":"https:\/\/bandelin.com\/#organization","name":"BANDELIN electronic GmbH &amp; Co. KG","url":"https:\/\/bandelin.com\/","logo":{"@type":"ImageObject","inLanguage":"en-GB","@id":"https:\/\/bandelin.com\/#\/schema\/logo\/image\/","url":"","contentUrl":"","caption":"BANDELIN electronic GmbH & Co. KG"},"image":{"@id":"https:\/\/bandelin.com\/#\/schema\/logo\/image\/"},"sameAs":["https:\/\/de-de.facebook.com\/bandelin.electronic\/","https:\/\/www.instagram.com\/bandelin_ultrasonic\/?hl=de","https:\/\/www.linkedin.com\/company\/bandelin-electronic-gmbh-amp-co-kg","https:\/\/www.youtube.com\/channel\/UC5wTNrNxkwMmX-WzysQqw3g"]}]}},"_links":{"self":[{"href":"https:\/\/bandelin.com\/en\/wp-json\/wp\/v2\/pages\/612760","targetHints":{"allow":["GET"]}}],"collection":[{"href":"https:\/\/bandelin.com\/en\/wp-json\/wp\/v2\/pages"}],"about":[{"href":"https:\/\/bandelin.com\/en\/wp-json\/wp\/v2\/types\/page"}],"author":[{"embeddable":true,"href":"https:\/\/bandelin.com\/en\/wp-json\/wp\/v2\/users\/3"}],"replies":[{"embeddable":true,"href":"https:\/\/bandelin.com\/en\/wp-json\/wp\/v2\/comments?post=612760"}],"version-history":[{"count":0,"href":"https:\/\/bandelin.com\/en\/wp-json\/wp\/v2\/pages\/612760\/revisions"}],"up":[{"embeddable":true,"href":"https:\/\/bandelin.com\/en\/wp-json\/wp\/v2\/pages\/612757"}],"wp:attachment":[{"href":"https:\/\/bandelin.com\/en\/wp-json\/wp\/v2\/media?parent=612760"}],"curies":[{"name":"wp","href":"https:\/\/api.w.org\/{rel}","templated":true}]}}