{"id":665008,"date":"2026-03-31T21:41:40","date_gmt":"2026-03-31T19:41:40","guid":{"rendered":"https:\/\/bandelin.com\/shop\/unkategorisiert\/stammopur-ag-gips-und-alginat-entferner-gebrauchsfertig\/"},"modified":"2026-04-30T20:31:05","modified_gmt":"2026-04-30T18:31:05","slug":"stammopur-ag-gypsum-and-alginate-remover-ready-for-use","status":"publish","type":"product","link":"https:\/\/bandelin.com\/en\/shop\/reinigungs-und-desinfektionspraeparate\/stammopur-reinigungs-und-desinfektionspraeparate\/stammopur-ag-gips-und-alginat-entferner-gebrauchsfertig\/","title":{"rendered":"STAMMOPUR AG Gypsum and alginate remover, ready to use"},"content":{"rendered":"<p>STAMMOPUR AG<br \/>\n  Plaster and Alginate Remover<\/p>\n<p>  Ready-to-use solution for plaster and alginate removal for medical instruments, accessories, tools and components of medical devices used for impression taking and modelling in the dental field. For use in ultrasonic bath and immersion bath processes.<\/p>\n<p>  The preparation is used in the process of instrument and accessory cleaning in the dental practice and in the area of component, instrument and tool cleaning in the dental laboratory.<\/p>\n<p>  At a glance<br \/>\n  - Ready for use<br \/>\n  - Removes plasters and alginates<br \/>\n  - Very high material compatibility, conditionally for light metals<br \/>\n  - Biodegradable<br \/>\n  - High cleaning effect in the ultrasonic bath<\/p>\n<p>  Material compatibility and impurities<br \/>\n  STAMMOPUR AG has a very high material compatibility.<br \/>\n  Due to the formulation in the mild-alkaline range, the preparation itself is conditionally suitable for light metals.<br \/>\n  Light metals and their alloys must be tested for resistance before use.<\/p>\n<p>  Removes<br \/>\n  - Gypsums<br \/>\n  and alginates<\/p>\n<p>  From the following materials<br \/>\n  - Metal,<br \/>\n  - light metals to a certain extent,<br \/>\n  - Titanium,<br \/>\n  - Glass,<br \/>\n  - Porcelain,<br \/>\n  - Ceramics,<br \/>\n  and plastic.<\/p>\n<p>  Application<br \/>\n  The exclusively professional users are trained specialists.<\/p>\n<p>  STAMMOPUR AG has a high cleaning effect on specific impurities such as gypsum and alginates. <\/p>\n<p>  Dental plasters are dissolved with the formation of bubbles. If the bubble formation decreases, the solution must be exchanged.<\/p>\n<p>  Alginates are dissolved by STAMMOPUR AG and can be easily lifted off the instrument, e.g. impression tray, after the exposure time or rinsed down with a strong water jet.<\/p>\n<p>  The application is carried out either in an ultrasonic bath or in an immersion bath.<\/p>\n<p>  Dosage and contact time<br \/>\n  Dosage:<br \/>\n  in ultrasonic bath: undiluted<br \/>\n  without ultrasound: undiluted<\/p>\n<p>  Exposure time:<br \/>\n  in ultrasonic bath: 3-10 min<br \/>\n  without ultrasound: 15-120 min<\/p>\n<p>  Temperature: 20 - 60\u00b0C<\/p>\n<p>  Composition per 100g:<br \/>\n  &gt; 10 % Complexing agent (EDTA),<br \/>\n  1-&lt; 10 % Citric acid,\n  1-&lt; 10 % carbonates,\n  0,1-&lt; 1.0 % amphoteric surfactants\n  \n  Product pH range: mildly alkaline\n  \n  Application without further dilution.\n  \n  Adding additives to the cleaning solution is not permitted.\n  \n  Special notes\n  Adhesives (bonding agents or adhesives) are not removed.\n  \n  Do not treat optics, fibre optics and bonded parts with ultrasound.\n  \n  Hazard statements\n  H318 Causes serious eye damage.\n  \n  Precautionary statements\n  P305+P351+P338 IF IN EYES: Rinse cautiously with water for several minutes.\n  Remove any contact lenses if possible. Continue rinsing.\n<\/p>","protected":false},"excerpt":{"rendered":"<p>STAMMOPUR AG Gips- und Alginat Entferner Gebrauchsfertige L\u00f6sung zur Gips- und Alginat-Entfernung f\u00fcr medizinische Instrumente, Zubeh\u00f6r, Werkzeuge und Komponenten von Medizinprodukten, die f\u00fcr die Abformung und Modellierung im Dentalbereich zum Einsatz kommen. F\u00fcr die Anwendung im Ultraschallbad und im Tauchbadverfahren. Der Einsatz des Pr\u00e4parates erfolgt im Prozess der Instrumenten- und Zubeh\u00f6rreinigung in der Zahnarztpraxis und [&hellip;]<\/p>\n","protected":false},"featured_media":650241,"template":"","meta":{"_acf_changed":false},"product_brand":[],"product_cat":[14263,14181],"product_tag":[14831,14829],"class_list":{"0":"post-665008","1":"product","2":"type-product","3":"status-publish","4":"has-post-thumbnail","6":"product_cat-stammopur-reinigungs-und-desinfektionspraeparate","7":"product_cat-reinigungs-und-desinfektionspraeparate","8":"product_tag-stammopur-reinigungs-und-desinfektionspraeparate","9":"product_tag-reinigungs-und-desinfektionspraeparate","10":"pa_bestellnummer-13997","11":"pa_bestellnummer-13973","12":"pa_bestellnummer-13971","13":"pa_bestellnummer-13041","14":"pa_gebindegroesse-l-1-liter-32-euro-liter","15":"pa_gebindegroesse-l-10-liter-198-euro-liter","16":"pa_gebindegroesse-l-5-liter-22-euro-liter","17":"pa_gebindegroesse-l-2-liter-26-euro-liter","18":"pa_inhalt-l-14541","19":"pa_inhalt-l-14540","20":"pa_inhalt-l-13991","21":"pa_inhalt-l-12484","22":"pa_verpackung-breite-mm-12313","23":"pa_verpackung-breite-mm-130-2","24":"pa_verpackung-hoehe-mm-13038","25":"pa_verpackung-hoehe-mm-12354","26":"pa_verpackung-laenge-mm-12353","27":"pa_verpackung-laenge-mm-250-2","29":"first","30":"instock","31":"taxable","32":"shipping-taxable","33":"purchasable","34":"product-type-variable","35":"has-default-attributes"},"acf":[],"yoast_head":"<!-- This site is optimized with the Yoast SEO plugin v27.5 - https:\/\/yoast.com\/product\/yoast-seo-wordpress\/ -->\n<title>STAMMOPUR AG Gips- und Alginat Entferner, gebrauchsfertig | BANDELIN electronic GmbH &amp; Co. KG<\/title>\n<meta name=\"description\" content=\"Informationen Sie sich \u00fcber STAMMOPUR AG Gips- und Alginat Entferner, gebrauchsfertig | Hochwertige Ultraschallb\u00e4der f\u00fcr Medizin und Industrie von Bandelin Electronic seit 1955.\" \/>\n<meta name=\"robots\" content=\"index, follow, max-snippet:-1, max-image-preview:large, max-video-preview:-1\" \/>\n<link rel=\"canonical\" href=\"https:\/\/bandelin.com\/en\/shop\/cleaning-and-disinfecting-preparations\/stammopur-cleaning-and-disinfection-preparations\/stammopur-ag-gypsum-and-alginate-remover-ready-for-use\/\" \/>\n<meta property=\"og:locale\" content=\"en_GB\" \/>\n<meta property=\"og:type\" content=\"article\" \/>\n<meta property=\"og:title\" content=\"STAMMOPUR AG Gips- und Alginat Entferner, gebrauchsfertig | BANDELIN electronic GmbH &amp; Co. KG\" \/>\n<meta property=\"og:description\" content=\"Informationen Sie sich \u00fcber STAMMOPUR AG Gips- und Alginat Entferner, gebrauchsfertig | Hochwertige Ultraschallb\u00e4der f\u00fcr Medizin und Industrie von Bandelin Electronic seit 1955.\" \/>\n<meta property=\"og:url\" content=\"https:\/\/bandelin.com\/en\/shop\/cleaning-and-disinfecting-preparations\/stammopur-cleaning-and-disinfection-preparations\/stammopur-ag-gypsum-and-alginate-remover-ready-for-use\/\" \/>\n<meta property=\"og:site_name\" content=\"BANDELIN electronic GmbH &amp; Co. KG\" \/>\n<meta property=\"article:publisher\" content=\"https:\/\/de-de.facebook.com\/bandelin.electronic\/\" \/>\n<meta property=\"article:modified_time\" content=\"2026-04-30T18:31:05+00:00\" \/>\n<meta property=\"og:image\" content=\"https:\/\/bandelin.com\/wp-content\/uploads\/Produktfoto_1L_STAMMOPUR_AG-scaled.jpg\" \/>\n\t<meta property=\"og:image:width\" content=\"2048\" \/>\n\t<meta property=\"og:image:height\" content=\"2048\" \/>\n\t<meta property=\"og:image:type\" content=\"image\/jpeg\" \/>\n<meta name=\"twitter:card\" content=\"summary_large_image\" \/>\n<meta name=\"twitter:label1\" content=\"Estimated reading time\" \/>\n\t<meta name=\"twitter:data1\" content=\"2 minutes\" \/>\n<script type=\"application\/ld+json\" class=\"yoast-schema-graph\">{\"@context\":\"https:\\\/\\\/schema.org\",\"@graph\":[{\"@type\":\"WebPage\",\"@id\":\"https:\\\/\\\/bandelin.com\\\/shop\\\/reinigungs-und-desinfektionspraeparate\\\/stammopur-reinigungs-und-desinfektionspraeparate\\\/stammopur-ag-gips-und-alginat-entferner-gebrauchsfertig\\\/\",\"url\":\"https:\\\/\\\/bandelin.com\\\/shop\\\/reinigungs-und-desinfektionspraeparate\\\/stammopur-reinigungs-und-desinfektionspraeparate\\\/stammopur-ag-gips-und-alginat-entferner-gebrauchsfertig\\\/\",\"name\":\"STAMMOPUR AG Gips- und Alginat Entferner, gebrauchsfertig | BANDELIN electronic GmbH &amp; Co. KG\",\"isPartOf\":{\"@id\":\"https:\\\/\\\/bandelin.com\\\/#website\"},\"primaryImageOfPage\":{\"@id\":\"https:\\\/\\\/bandelin.com\\\/shop\\\/reinigungs-und-desinfektionspraeparate\\\/stammopur-reinigungs-und-desinfektionspraeparate\\\/stammopur-ag-gips-und-alginat-entferner-gebrauchsfertig\\\/#primaryimage\"},\"image\":{\"@id\":\"https:\\\/\\\/bandelin.com\\\/shop\\\/reinigungs-und-desinfektionspraeparate\\\/stammopur-reinigungs-und-desinfektionspraeparate\\\/stammopur-ag-gips-und-alginat-entferner-gebrauchsfertig\\\/#primaryimage\"},\"thumbnailUrl\":\"https:\\\/\\\/bandelin.com\\\/wp-content\\\/uploads\\\/Produktfoto_1L_STAMMOPUR_AG-scaled.jpg\",\"datePublished\":\"2026-03-31T19:41:40+00:00\",\"dateModified\":\"2026-04-30T18:31:05+00:00\",\"description\":\"Informationen Sie sich \u00fcber STAMMOPUR AG Gips- und Alginat Entferner, gebrauchsfertig | Hochwertige Ultraschallb\u00e4der f\u00fcr Medizin und Industrie von Bandelin Electronic seit 1955.\",\"breadcrumb\":{\"@id\":\"https:\\\/\\\/bandelin.com\\\/shop\\\/reinigungs-und-desinfektionspraeparate\\\/stammopur-reinigungs-und-desinfektionspraeparate\\\/stammopur-ag-gips-und-alginat-entferner-gebrauchsfertig\\\/#breadcrumb\"},\"inLanguage\":\"en-GB\",\"potentialAction\":[{\"@type\":\"ReadAction\",\"target\":[\"https:\\\/\\\/bandelin.com\\\/shop\\\/reinigungs-und-desinfektionspraeparate\\\/stammopur-reinigungs-und-desinfektionspraeparate\\\/stammopur-ag-gips-und-alginat-entferner-gebrauchsfertig\\\/\"]}]},{\"@type\":\"ImageObject\",\"inLanguage\":\"en-GB\",\"@id\":\"https:\\\/\\\/bandelin.com\\\/shop\\\/reinigungs-und-desinfektionspraeparate\\\/stammopur-reinigungs-und-desinfektionspraeparate\\\/stammopur-ag-gips-und-alginat-entferner-gebrauchsfertig\\\/#primaryimage\",\"url\":\"https:\\\/\\\/bandelin.com\\\/wp-content\\\/uploads\\\/Produktfoto_1L_STAMMOPUR_AG-scaled.jpg\",\"contentUrl\":\"https:\\\/\\\/bandelin.com\\\/wp-content\\\/uploads\\\/Produktfoto_1L_STAMMOPUR_AG-scaled.jpg\",\"width\":2048,\"height\":2048,\"caption\":\"STAMMOPUR AG Gips- und Alginat Entferner\"},{\"@type\":\"BreadcrumbList\",\"@id\":\"https:\\\/\\\/bandelin.com\\\/shop\\\/reinigungs-und-desinfektionspraeparate\\\/stammopur-reinigungs-und-desinfektionspraeparate\\\/stammopur-ag-gips-und-alginat-entferner-gebrauchsfertig\\\/#breadcrumb\",\"itemListElement\":[{\"@type\":\"ListItem\",\"position\":1,\"name\":\"Startseite\",\"item\":\"https:\\\/\\\/bandelin.com\\\/\"},{\"@type\":\"ListItem\",\"position\":2,\"name\":\"Shop\",\"item\":\"https:\\\/\\\/bandelin.com\\\/shop\\\/\"},{\"@type\":\"ListItem\",\"position\":3,\"name\":\"STAMMOPUR AG Gips- und Alginat Entferner, gebrauchsfertig\"}]},{\"@type\":\"WebSite\",\"@id\":\"https:\\\/\\\/bandelin.com\\\/#website\",\"url\":\"https:\\\/\\\/bandelin.com\\\/\",\"name\":\"BANDELIN electronic GmbH & Co. KG\",\"description\":\"Ultraschall seit 1955\",\"publisher\":{\"@id\":\"https:\\\/\\\/bandelin.com\\\/#organization\"},\"potentialAction\":[{\"@type\":\"SearchAction\",\"target\":{\"@type\":\"EntryPoint\",\"urlTemplate\":\"https:\\\/\\\/bandelin.com\\\/?s={search_term_string}\"},\"query-input\":{\"@type\":\"PropertyValueSpecification\",\"valueRequired\":true,\"valueName\":\"search_term_string\"}}],\"inLanguage\":\"en-GB\"},{\"@type\":\"Organization\",\"@id\":\"https:\\\/\\\/bandelin.com\\\/#organization\",\"name\":\"BANDELIN electronic GmbH & Co. KG\",\"url\":\"https:\\\/\\\/bandelin.com\\\/\",\"logo\":{\"@type\":\"ImageObject\",\"inLanguage\":\"en-GB\",\"@id\":\"https:\\\/\\\/bandelin.com\\\/#\\\/schema\\\/logo\\\/image\\\/\",\"url\":\"\",\"contentUrl\":\"\",\"caption\":\"BANDELIN electronic GmbH & Co. KG\"},\"image\":{\"@id\":\"https:\\\/\\\/bandelin.com\\\/#\\\/schema\\\/logo\\\/image\\\/\"},\"sameAs\":[\"https:\\\/\\\/de-de.facebook.com\\\/bandelin.electronic\\\/\",\"https:\\\/\\\/www.instagram.com\\\/bandelin_ultrasonic\\\/?hl=de\",\"https:\\\/\\\/www.linkedin.com\\\/company\\\/bandelin-electronic-gmbh-amp-co-kg\",\"https:\\\/\\\/www.youtube.com\\\/channel\\\/UC5wTNrNxkwMmX-WzysQqw3g\"]}]}<\/script>\n<!-- \/ Yoast SEO plugin. -->","yoast_head_json":{"title":"STAMMOPUR AG Gypsum and alginate remover, ready to use | BANDELIN electronic GmbH &amp; Co. KG","description":"Find out more about STAMMOPUR AG Plaster and alginate remover, ready to use | High-quality ultrasonic baths for medicine and industry from Bandelin Electronic since 1955.","robots":{"index":"index","follow":"follow","max-snippet":"max-snippet:-1","max-image-preview":"max-image-preview:large","max-video-preview":"max-video-preview:-1"},"canonical":"https:\/\/bandelin.com\/en\/shop\/cleaning-and-disinfecting-preparations\/stammopur-cleaning-and-disinfection-preparations\/stammopur-ag-gypsum-and-alginate-remover-ready-for-use\/","og_locale":"en_GB","og_type":"article","og_title":"STAMMOPUR AG Gips- und Alginat Entferner, gebrauchsfertig | BANDELIN electronic GmbH &amp; Co. KG","og_description":"Informationen Sie sich \u00fcber STAMMOPUR AG Gips- und Alginat Entferner, gebrauchsfertig | Hochwertige Ultraschallb\u00e4der f\u00fcr Medizin und Industrie von Bandelin Electronic seit 1955.","og_url":"https:\/\/bandelin.com\/en\/shop\/cleaning-and-disinfecting-preparations\/stammopur-cleaning-and-disinfection-preparations\/stammopur-ag-gypsum-and-alginate-remover-ready-for-use\/","og_site_name":"BANDELIN electronic GmbH &amp; Co. KG","article_publisher":"https:\/\/de-de.facebook.com\/bandelin.electronic\/","article_modified_time":"2026-04-30T18:31:05+00:00","og_image":[{"width":2048,"height":2048,"url":"https:\/\/bandelin.com\/wp-content\/uploads\/Produktfoto_1L_STAMMOPUR_AG-scaled.jpg","type":"image\/jpeg"}],"twitter_card":"summary_large_image","twitter_misc":{"Estimated reading time":"2 minutes"},"schema":{"@context":"https:\/\/schema.org","@graph":[{"@type":"WebPage","@id":"https:\/\/bandelin.com\/shop\/reinigungs-und-desinfektionspraeparate\/stammopur-reinigungs-und-desinfektionspraeparate\/stammopur-ag-gips-und-alginat-entferner-gebrauchsfertig\/","url":"https:\/\/bandelin.com\/shop\/reinigungs-und-desinfektionspraeparate\/stammopur-reinigungs-und-desinfektionspraeparate\/stammopur-ag-gips-und-alginat-entferner-gebrauchsfertig\/","name":"STAMMOPUR AG Gypsum and alginate remover, ready to use | BANDELIN electronic GmbH &amp; Co. KG","isPartOf":{"@id":"https:\/\/bandelin.com\/#website"},"primaryImageOfPage":{"@id":"https:\/\/bandelin.com\/shop\/reinigungs-und-desinfektionspraeparate\/stammopur-reinigungs-und-desinfektionspraeparate\/stammopur-ag-gips-und-alginat-entferner-gebrauchsfertig\/#primaryimage"},"image":{"@id":"https:\/\/bandelin.com\/shop\/reinigungs-und-desinfektionspraeparate\/stammopur-reinigungs-und-desinfektionspraeparate\/stammopur-ag-gips-und-alginat-entferner-gebrauchsfertig\/#primaryimage"},"thumbnailUrl":"https:\/\/bandelin.com\/wp-content\/uploads\/Produktfoto_1L_STAMMOPUR_AG-scaled.jpg","datePublished":"2026-03-31T19:41:40+00:00","dateModified":"2026-04-30T18:31:05+00:00","description":"Find out more about STAMMOPUR AG Plaster and alginate remover, ready to use | High-quality ultrasonic baths for medicine and industry from Bandelin Electronic since 1955.","breadcrumb":{"@id":"https:\/\/bandelin.com\/shop\/reinigungs-und-desinfektionspraeparate\/stammopur-reinigungs-und-desinfektionspraeparate\/stammopur-ag-gips-und-alginat-entferner-gebrauchsfertig\/#breadcrumb"},"inLanguage":"en-GB","potentialAction":[{"@type":"ReadAction","target":["https:\/\/bandelin.com\/shop\/reinigungs-und-desinfektionspraeparate\/stammopur-reinigungs-und-desinfektionspraeparate\/stammopur-ag-gips-und-alginat-entferner-gebrauchsfertig\/"]}]},{"@type":"ImageObject","inLanguage":"en-GB","@id":"https:\/\/bandelin.com\/shop\/reinigungs-und-desinfektionspraeparate\/stammopur-reinigungs-und-desinfektionspraeparate\/stammopur-ag-gips-und-alginat-entferner-gebrauchsfertig\/#primaryimage","url":"https:\/\/bandelin.com\/wp-content\/uploads\/Produktfoto_1L_STAMMOPUR_AG-scaled.jpg","contentUrl":"https:\/\/bandelin.com\/wp-content\/uploads\/Produktfoto_1L_STAMMOPUR_AG-scaled.jpg","width":2048,"height":2048,"caption":"STAMMOPUR AG Gips- und Alginat Entferner"},{"@type":"BreadcrumbList","@id":"https:\/\/bandelin.com\/shop\/reinigungs-und-desinfektionspraeparate\/stammopur-reinigungs-und-desinfektionspraeparate\/stammopur-ag-gips-und-alginat-entferner-gebrauchsfertig\/#breadcrumb","itemListElement":[{"@type":"ListItem","position":1,"name":"Startseite","item":"https:\/\/bandelin.com\/"},{"@type":"ListItem","position":2,"name":"Shop","item":"https:\/\/bandelin.com\/shop\/"},{"@type":"ListItem","position":3,"name":"STAMMOPUR AG Gips- und Alginat Entferner, gebrauchsfertig"}]},{"@type":"WebSite","@id":"https:\/\/bandelin.com\/#website","url":"https:\/\/bandelin.com\/","name":"BANDELIN electronic GmbH &amp; Co. KG","description":"Ultrasound since 1955","publisher":{"@id":"https:\/\/bandelin.com\/#organization"},"potentialAction":[{"@type":"SearchAction","target":{"@type":"EntryPoint","urlTemplate":"https:\/\/bandelin.com\/?s={search_term_string}"},"query-input":{"@type":"PropertyValueSpecification","valueRequired":true,"valueName":"search_term_string"}}],"inLanguage":"en-GB"},{"@type":"Organization","@id":"https:\/\/bandelin.com\/#organization","name":"BANDELIN electronic GmbH &amp; Co. KG","url":"https:\/\/bandelin.com\/","logo":{"@type":"ImageObject","inLanguage":"en-GB","@id":"https:\/\/bandelin.com\/#\/schema\/logo\/image\/","url":"","contentUrl":"","caption":"BANDELIN electronic GmbH & Co. KG"},"image":{"@id":"https:\/\/bandelin.com\/#\/schema\/logo\/image\/"},"sameAs":["https:\/\/de-de.facebook.com\/bandelin.electronic\/","https:\/\/www.instagram.com\/bandelin_ultrasonic\/?hl=de","https:\/\/www.linkedin.com\/company\/bandelin-electronic-gmbh-amp-co-kg","https:\/\/www.youtube.com\/channel\/UC5wTNrNxkwMmX-WzysQqw3g"]}]}},"_links":{"self":[{"href":"https:\/\/bandelin.com\/en\/wp-json\/wp\/v2\/product\/665008","targetHints":{"allow":["GET"]}}],"collection":[{"href":"https:\/\/bandelin.com\/en\/wp-json\/wp\/v2\/product"}],"about":[{"href":"https:\/\/bandelin.com\/en\/wp-json\/wp\/v2\/types\/product"}],"version-history":[{"count":1,"href":"https:\/\/bandelin.com\/en\/wp-json\/wp\/v2\/product\/665008\/revisions"}],"predecessor-version":[{"id":665009,"href":"https:\/\/bandelin.com\/en\/wp-json\/wp\/v2\/product\/665008\/revisions\/665009"}],"wp:featuredmedia":[{"embeddable":true,"href":"https:\/\/bandelin.com\/en\/wp-json\/wp\/v2\/media\/650241"}],"wp:attachment":[{"href":"https:\/\/bandelin.com\/en\/wp-json\/wp\/v2\/media?parent=665008"}],"wp:term":[{"taxonomy":"product_brand","embeddable":true,"href":"https:\/\/bandelin.com\/en\/wp-json\/wp\/v2\/product_brand?post=665008"},{"taxonomy":"product_cat","embeddable":true,"href":"https:\/\/bandelin.com\/en\/wp-json\/wp\/v2\/product_cat?post=665008"},{"taxonomy":"product_tag","embeddable":true,"href":"https:\/\/bandelin.com\/en\/wp-json\/wp\/v2\/product_tag?post=665008"}],"curies":[{"name":"wp","href":"https:\/\/api.w.org\/{rel}","templated":true}]}}