{"id":665167,"date":"2026-03-31T21:52:10","date_gmt":"2026-03-31T19:52:10","guid":{"rendered":"https:\/\/bandelin.com\/shop\/unkategorisiert\/sonorex-digitec-dt-102-h-ultraschallbad-mit-heizung\/"},"modified":"2026-04-30T01:55:25","modified_gmt":"2026-04-29T23:55:25","slug":"sonorex-digitec-dt-102-h-ultrasonic-bath-with-heater","status":"publish","type":"product","link":"https:\/\/bandelin.com\/en\/shop\/sonorex-ultraschallbaeder\/sonorex-digitec-dt-ultraschallbaeder\/sonorex-digitec-dt-102-h-ultraschallbad-mit-heizung\/","title":{"rendered":"SONOREX DIGITEC DT 102 H Ultrasonic bath with heater"},"content":{"rendered":"<p>High-performance ultrasonic cleaner with heating for use in the practice, laboratory and workshop.<\/p>\n<p>  The proven and particularly robust SONOREX ultrasonic baths clean thoroughly and gently by means of intensive cavitation bubbles, even in the hard-to-reach places of the cleaning objects.<\/p>\n<p>  A user-friendly and easy-to-wipe button control is used to easily set the cleaning time and bath temperature.<\/p>\n<p>  The display clearly shows the remaining cleaning time and the current set and actual bath temperature.<br \/>\n  The fully automatic SweepTec function prevents standing waves in the ultrasonic field and achieves particularly even cleaning. The degassing function (Degas), which can be activated at the beginning of the cleaning process, further enhances the cleaning effect of the ultrasound.<\/p>\n<p>  For optimally coordinated ultrasonic cleaning, matching baskets, lids and cleaning and disinfection concentrates are available as accessories.<\/p>","protected":false},"excerpt":{"rendered":"<p>Internal dimensions: 240 x 140 x 100 mm<\/p>","protected":false},"featured_media":650544,"template":"","meta":{"_acf_changed":false},"product_brand":[],"product_cat":[14195,14233],"product_tag":[14134,14605],"class_list":{"0":"post-665167","1":"product","2":"type-product","3":"status-publish","4":"has-post-thumbnail","6":"product_cat-sonorex-ultraschallbaeder","7":"product_cat-sonorex-digitec-dt-ultraschallbaeder","8":"product_tag-ultraschallbad","9":"product_tag-sonorex-ultraschallbaeder-sonorex-digitec-dt-ultraschallbaeder","10":"pa_ablauf-kugelhahn-g--mit-25-cm-schlauch-an-der-rechten-seite","11":"pa_arbeitsinhalt-l-20-2","12":"pa_aussenmass-breite-mm-160-2","13":"pa_aussenmass-hoehe-mm-12275","14":"pa_aussenmass-laenge-mm-260-2","15":"pa_bedienung-tasten","16":"pa_bestellnummer-12370","17":"pa_betriebsspannung-v-230-v--10-50-60-hz","18":"pa_ce-kennzeichnung-medizinprodukte-klasse-i-2017-745-eu-niederspannungsrichtlinie-2014-35-eu-emv-richtlinie-2014-30-eu-rohs-richtlinie-2011-65-eu-2","19":"pa_einstellb-temp-ber-c-20-80-2","20":"pa_fuellstandsmarkierung-ja","21":"pa_gehaeusematerial-edelstahl-1-4301","22":"pa_griffe-an-den-seiten-2","23":"pa_hartverchromung-ja","24":"pa_heizleistung-w-12274","25":"pa_inhalt-l-14415","26":"pa_innenmass-b-mm-12266","27":"pa_innenmass-l-mm-12265","28":"pa_innenmass-t-mm-14281","29":"pa_netzkabel-2-m-fest-am-geraet","30":"pa_schutzgrad-gehaeuse-ip-33-2","31":"pa_ultraschall-frequenz-khz-35-2","32":"pa_ultraschall-nennleistung-w-12272","33":"pa_ultraschall-spitzenleistung-w-12271","34":"pa_verpackung-breite-mm-12313","35":"pa_verpackung-hoehe-mm-315-2","36":"pa_verpackung-laenge-mm-12312","37":"pa_wannenmaterial-edelstahl-1-4301","38":"pa_wannenstaerke-mm-14553","39":"pa_zeiteinstellung-min--1-2-3-4-5-10-15-30-min--5--dauerbetrieb","41":"first","42":"instock","43":"taxable","44":"shipping-taxable","45":"purchasable","46":"product-type-simple"},"acf":[],"yoast_head":"<!-- This site is optimized with the Yoast SEO plugin v27.5 - https:\/\/yoast.com\/product\/yoast-seo-wordpress\/ -->\n<title>SONOREX DIGITEC DT 102 H Ultraschallbad mit Heizung | BANDELIN electronic GmbH &amp; Co. KG<\/title>\n<meta name=\"description\" content=\"Informationen Sie sich \u00fcber SONOREX DIGITEC DT 102 H Ultraschallbad mit Heizung | Hochwertige Ultraschallb\u00e4der f\u00fcr Medizin und Industrie von Bandelin Electronic seit 1955.\" \/>\n<meta name=\"robots\" content=\"index, follow, max-snippet:-1, max-image-preview:large, max-video-preview:-1\" \/>\n<link rel=\"canonical\" href=\"https:\/\/bandelin.com\/en\/shop\/sonorex-ultrasonic-baths\/sonorex-digitec-dt-ultrasonic-baths\/sonorex-digitec-dt-102-h-ultrasonic-bath-with-heater\/\" \/>\n<meta property=\"og:locale\" content=\"en_GB\" \/>\n<meta property=\"og:type\" content=\"article\" \/>\n<meta property=\"og:title\" content=\"SONOREX DIGITEC DT 102 H Ultraschallbad mit Heizung | BANDELIN electronic GmbH &amp; Co. KG\" \/>\n<meta property=\"og:description\" content=\"Informationen Sie sich \u00fcber SONOREX DIGITEC DT 102 H Ultraschallbad mit Heizung | Hochwertige Ultraschallb\u00e4der f\u00fcr Medizin und Industrie von Bandelin Electronic seit 1955.\" \/>\n<meta property=\"og:url\" content=\"https:\/\/bandelin.com\/en\/shop\/sonorex-ultrasonic-baths\/sonorex-digitec-dt-ultrasonic-baths\/sonorex-digitec-dt-102-h-ultrasonic-bath-with-heater\/\" \/>\n<meta property=\"og:site_name\" content=\"BANDELIN electronic GmbH &amp; Co. KG\" \/>\n<meta property=\"article:publisher\" content=\"https:\/\/de-de.facebook.com\/bandelin.electronic\/\" \/>\n<meta property=\"article:modified_time\" content=\"2026-04-29T23:55:25+00:00\" \/>\n<meta property=\"og:image\" content=\"https:\/\/bandelin.com\/wp-content\/uploads\/Produktfoto_DT_102_H-1-scaled.jpg\" \/>\n\t<meta property=\"og:image:width\" content=\"2048\" \/>\n\t<meta property=\"og:image:height\" content=\"2048\" \/>\n\t<meta property=\"og:image:type\" content=\"image\/jpeg\" \/>\n<meta name=\"twitter:card\" content=\"summary_large_image\" \/>\n<meta name=\"twitter:label1\" content=\"Estimated reading time\" \/>\n\t<meta name=\"twitter:data1\" content=\"1 minute\" \/>\n<script type=\"application\/ld+json\" class=\"yoast-schema-graph\">{\"@context\":\"https:\\\/\\\/schema.org\",\"@graph\":[{\"@type\":\"WebPage\",\"@id\":\"https:\\\/\\\/bandelin.com\\\/shop\\\/sonorex-ultraschallbaeder\\\/sonorex-digitec-dt-ultraschallbaeder\\\/sonorex-digitec-dt-102-h-ultraschallbad-mit-heizung\\\/\",\"url\":\"https:\\\/\\\/bandelin.com\\\/shop\\\/sonorex-ultraschallbaeder\\\/sonorex-digitec-dt-ultraschallbaeder\\\/sonorex-digitec-dt-102-h-ultraschallbad-mit-heizung\\\/\",\"name\":\"SONOREX DIGITEC DT 102 H Ultraschallbad mit Heizung | BANDELIN electronic GmbH &amp; Co. KG\",\"isPartOf\":{\"@id\":\"https:\\\/\\\/bandelin.com\\\/#website\"},\"primaryImageOfPage\":{\"@id\":\"https:\\\/\\\/bandelin.com\\\/shop\\\/sonorex-ultraschallbaeder\\\/sonorex-digitec-dt-ultraschallbaeder\\\/sonorex-digitec-dt-102-h-ultraschallbad-mit-heizung\\\/#primaryimage\"},\"image\":{\"@id\":\"https:\\\/\\\/bandelin.com\\\/shop\\\/sonorex-ultraschallbaeder\\\/sonorex-digitec-dt-ultraschallbaeder\\\/sonorex-digitec-dt-102-h-ultraschallbad-mit-heizung\\\/#primaryimage\"},\"thumbnailUrl\":\"https:\\\/\\\/bandelin.com\\\/wp-content\\\/uploads\\\/Produktfoto_DT_102_H-1-scaled.jpg\",\"datePublished\":\"2026-03-31T19:52:10+00:00\",\"dateModified\":\"2026-04-29T23:55:25+00:00\",\"description\":\"Informationen Sie sich \u00fcber SONOREX DIGITEC DT 102 H Ultraschallbad mit Heizung | Hochwertige Ultraschallb\u00e4der f\u00fcr Medizin und Industrie von Bandelin Electronic seit 1955.\",\"breadcrumb\":{\"@id\":\"https:\\\/\\\/bandelin.com\\\/shop\\\/sonorex-ultraschallbaeder\\\/sonorex-digitec-dt-ultraschallbaeder\\\/sonorex-digitec-dt-102-h-ultraschallbad-mit-heizung\\\/#breadcrumb\"},\"inLanguage\":\"en-GB\",\"potentialAction\":[{\"@type\":\"ReadAction\",\"target\":[\"https:\\\/\\\/bandelin.com\\\/shop\\\/sonorex-ultraschallbaeder\\\/sonorex-digitec-dt-ultraschallbaeder\\\/sonorex-digitec-dt-102-h-ultraschallbad-mit-heizung\\\/\"]}]},{\"@type\":\"ImageObject\",\"inLanguage\":\"en-GB\",\"@id\":\"https:\\\/\\\/bandelin.com\\\/shop\\\/sonorex-ultraschallbaeder\\\/sonorex-digitec-dt-ultraschallbaeder\\\/sonorex-digitec-dt-102-h-ultraschallbad-mit-heizung\\\/#primaryimage\",\"url\":\"https:\\\/\\\/bandelin.com\\\/wp-content\\\/uploads\\\/Produktfoto_DT_102_H-1-scaled.jpg\",\"contentUrl\":\"https:\\\/\\\/bandelin.com\\\/wp-content\\\/uploads\\\/Produktfoto_DT_102_H-1-scaled.jpg\",\"width\":2048,\"height\":2048,\"caption\":\"SONOREX DIGITEC DT 102 H Ultraschallbad mit Heizung Bild\"},{\"@type\":\"BreadcrumbList\",\"@id\":\"https:\\\/\\\/bandelin.com\\\/shop\\\/sonorex-ultraschallbaeder\\\/sonorex-digitec-dt-ultraschallbaeder\\\/sonorex-digitec-dt-102-h-ultraschallbad-mit-heizung\\\/#breadcrumb\",\"itemListElement\":[{\"@type\":\"ListItem\",\"position\":1,\"name\":\"Startseite\",\"item\":\"https:\\\/\\\/bandelin.com\\\/\"},{\"@type\":\"ListItem\",\"position\":2,\"name\":\"Shop\",\"item\":\"https:\\\/\\\/bandelin.com\\\/shop\\\/\"},{\"@type\":\"ListItem\",\"position\":3,\"name\":\"SONOREX DIGITEC DT 102 H Ultraschallbad mit Heizung\"}]},{\"@type\":\"WebSite\",\"@id\":\"https:\\\/\\\/bandelin.com\\\/#website\",\"url\":\"https:\\\/\\\/bandelin.com\\\/\",\"name\":\"BANDELIN electronic GmbH & Co. KG\",\"description\":\"Ultraschall seit 1955\",\"publisher\":{\"@id\":\"https:\\\/\\\/bandelin.com\\\/#organization\"},\"potentialAction\":[{\"@type\":\"SearchAction\",\"target\":{\"@type\":\"EntryPoint\",\"urlTemplate\":\"https:\\\/\\\/bandelin.com\\\/?s={search_term_string}\"},\"query-input\":{\"@type\":\"PropertyValueSpecification\",\"valueRequired\":true,\"valueName\":\"search_term_string\"}}],\"inLanguage\":\"en-GB\"},{\"@type\":\"Organization\",\"@id\":\"https:\\\/\\\/bandelin.com\\\/#organization\",\"name\":\"BANDELIN electronic GmbH & Co. KG\",\"url\":\"https:\\\/\\\/bandelin.com\\\/\",\"logo\":{\"@type\":\"ImageObject\",\"inLanguage\":\"en-GB\",\"@id\":\"https:\\\/\\\/bandelin.com\\\/#\\\/schema\\\/logo\\\/image\\\/\",\"url\":\"\",\"contentUrl\":\"\",\"caption\":\"BANDELIN electronic GmbH & Co. KG\"},\"image\":{\"@id\":\"https:\\\/\\\/bandelin.com\\\/#\\\/schema\\\/logo\\\/image\\\/\"},\"sameAs\":[\"https:\\\/\\\/de-de.facebook.com\\\/bandelin.electronic\\\/\",\"https:\\\/\\\/www.instagram.com\\\/bandelin_ultrasonic\\\/?hl=de\",\"https:\\\/\\\/www.linkedin.com\\\/company\\\/bandelin-electronic-gmbh-amp-co-kg\",\"https:\\\/\\\/www.youtube.com\\\/channel\\\/UC5wTNrNxkwMmX-WzysQqw3g\"]}]}<\/script>\n<!-- \/ Yoast SEO plugin. -->","yoast_head_json":{"title":"SONOREX DIGITEC DT 102 H Ultrasonic bath with heating | BANDELIN electronic GmbH &amp; Co. KG","description":"Find out more about SONOREX DIGITEC DT 102 H Ultrasonic bath with heating | High-quality ultrasonic baths for medicine and industry from Bandelin Electronic since 1955.","robots":{"index":"index","follow":"follow","max-snippet":"max-snippet:-1","max-image-preview":"max-image-preview:large","max-video-preview":"max-video-preview:-1"},"canonical":"https:\/\/bandelin.com\/en\/shop\/sonorex-ultrasonic-baths\/sonorex-digitec-dt-ultrasonic-baths\/sonorex-digitec-dt-102-h-ultrasonic-bath-with-heater\/","og_locale":"en_GB","og_type":"article","og_title":"SONOREX DIGITEC DT 102 H Ultraschallbad mit Heizung | BANDELIN electronic GmbH &amp; Co. KG","og_description":"Informationen Sie sich \u00fcber SONOREX DIGITEC DT 102 H Ultraschallbad mit Heizung | Hochwertige Ultraschallb\u00e4der f\u00fcr Medizin und Industrie von Bandelin Electronic seit 1955.","og_url":"https:\/\/bandelin.com\/en\/shop\/sonorex-ultrasonic-baths\/sonorex-digitec-dt-ultrasonic-baths\/sonorex-digitec-dt-102-h-ultrasonic-bath-with-heater\/","og_site_name":"BANDELIN electronic GmbH &amp; Co. KG","article_publisher":"https:\/\/de-de.facebook.com\/bandelin.electronic\/","article_modified_time":"2026-04-29T23:55:25+00:00","og_image":[{"width":2048,"height":2048,"url":"https:\/\/bandelin.com\/wp-content\/uploads\/Produktfoto_DT_102_H-1-scaled.jpg","type":"image\/jpeg"}],"twitter_card":"summary_large_image","twitter_misc":{"Estimated reading time":"1 minute"},"schema":{"@context":"https:\/\/schema.org","@graph":[{"@type":"WebPage","@id":"https:\/\/bandelin.com\/shop\/sonorex-ultraschallbaeder\/sonorex-digitec-dt-ultraschallbaeder\/sonorex-digitec-dt-102-h-ultraschallbad-mit-heizung\/","url":"https:\/\/bandelin.com\/shop\/sonorex-ultraschallbaeder\/sonorex-digitec-dt-ultraschallbaeder\/sonorex-digitec-dt-102-h-ultraschallbad-mit-heizung\/","name":"SONOREX DIGITEC DT 102 H Ultrasonic bath with heating | BANDELIN electronic GmbH &amp; Co. KG","isPartOf":{"@id":"https:\/\/bandelin.com\/#website"},"primaryImageOfPage":{"@id":"https:\/\/bandelin.com\/shop\/sonorex-ultraschallbaeder\/sonorex-digitec-dt-ultraschallbaeder\/sonorex-digitec-dt-102-h-ultraschallbad-mit-heizung\/#primaryimage"},"image":{"@id":"https:\/\/bandelin.com\/shop\/sonorex-ultraschallbaeder\/sonorex-digitec-dt-ultraschallbaeder\/sonorex-digitec-dt-102-h-ultraschallbad-mit-heizung\/#primaryimage"},"thumbnailUrl":"https:\/\/bandelin.com\/wp-content\/uploads\/Produktfoto_DT_102_H-1-scaled.jpg","datePublished":"2026-03-31T19:52:10+00:00","dateModified":"2026-04-29T23:55:25+00:00","description":"Find out more about SONOREX DIGITEC DT 102 H Ultrasonic bath with heating | High-quality ultrasonic baths for medicine and industry from Bandelin Electronic since 1955.","breadcrumb":{"@id":"https:\/\/bandelin.com\/shop\/sonorex-ultraschallbaeder\/sonorex-digitec-dt-ultraschallbaeder\/sonorex-digitec-dt-102-h-ultraschallbad-mit-heizung\/#breadcrumb"},"inLanguage":"en-GB","potentialAction":[{"@type":"ReadAction","target":["https:\/\/bandelin.com\/shop\/sonorex-ultraschallbaeder\/sonorex-digitec-dt-ultraschallbaeder\/sonorex-digitec-dt-102-h-ultraschallbad-mit-heizung\/"]}]},{"@type":"ImageObject","inLanguage":"en-GB","@id":"https:\/\/bandelin.com\/shop\/sonorex-ultraschallbaeder\/sonorex-digitec-dt-ultraschallbaeder\/sonorex-digitec-dt-102-h-ultraschallbad-mit-heizung\/#primaryimage","url":"https:\/\/bandelin.com\/wp-content\/uploads\/Produktfoto_DT_102_H-1-scaled.jpg","contentUrl":"https:\/\/bandelin.com\/wp-content\/uploads\/Produktfoto_DT_102_H-1-scaled.jpg","width":2048,"height":2048,"caption":"SONOREX DIGITEC DT 102 H Ultraschallbad mit Heizung Bild"},{"@type":"BreadcrumbList","@id":"https:\/\/bandelin.com\/shop\/sonorex-ultraschallbaeder\/sonorex-digitec-dt-ultraschallbaeder\/sonorex-digitec-dt-102-h-ultraschallbad-mit-heizung\/#breadcrumb","itemListElement":[{"@type":"ListItem","position":1,"name":"Startseite","item":"https:\/\/bandelin.com\/"},{"@type":"ListItem","position":2,"name":"Shop","item":"https:\/\/bandelin.com\/shop\/"},{"@type":"ListItem","position":3,"name":"SONOREX DIGITEC DT 102 H Ultraschallbad mit Heizung"}]},{"@type":"WebSite","@id":"https:\/\/bandelin.com\/#website","url":"https:\/\/bandelin.com\/","name":"BANDELIN electronic GmbH &amp; Co. KG","description":"Ultrasound since 1955","publisher":{"@id":"https:\/\/bandelin.com\/#organization"},"potentialAction":[{"@type":"SearchAction","target":{"@type":"EntryPoint","urlTemplate":"https:\/\/bandelin.com\/?s={search_term_string}"},"query-input":{"@type":"PropertyValueSpecification","valueRequired":true,"valueName":"search_term_string"}}],"inLanguage":"en-GB"},{"@type":"Organization","@id":"https:\/\/bandelin.com\/#organization","name":"BANDELIN electronic GmbH &amp; Co. KG","url":"https:\/\/bandelin.com\/","logo":{"@type":"ImageObject","inLanguage":"en-GB","@id":"https:\/\/bandelin.com\/#\/schema\/logo\/image\/","url":"","contentUrl":"","caption":"BANDELIN electronic GmbH & Co. KG"},"image":{"@id":"https:\/\/bandelin.com\/#\/schema\/logo\/image\/"},"sameAs":["https:\/\/de-de.facebook.com\/bandelin.electronic\/","https:\/\/www.instagram.com\/bandelin_ultrasonic\/?hl=de","https:\/\/www.linkedin.com\/company\/bandelin-electronic-gmbh-amp-co-kg","https:\/\/www.youtube.com\/channel\/UC5wTNrNxkwMmX-WzysQqw3g"]}]}},"_links":{"self":[{"href":"https:\/\/bandelin.com\/en\/wp-json\/wp\/v2\/product\/665167","targetHints":{"allow":["GET"]}}],"collection":[{"href":"https:\/\/bandelin.com\/en\/wp-json\/wp\/v2\/product"}],"about":[{"href":"https:\/\/bandelin.com\/en\/wp-json\/wp\/v2\/types\/product"}],"version-history":[{"count":2,"href":"https:\/\/bandelin.com\/en\/wp-json\/wp\/v2\/product\/665167\/revisions"}],"predecessor-version":[{"id":665169,"href":"https:\/\/bandelin.com\/en\/wp-json\/wp\/v2\/product\/665167\/revisions\/665169"}],"wp:featuredmedia":[{"embeddable":true,"href":"https:\/\/bandelin.com\/en\/wp-json\/wp\/v2\/media\/650544"}],"wp:attachment":[{"href":"https:\/\/bandelin.com\/en\/wp-json\/wp\/v2\/media?parent=665167"}],"wp:term":[{"taxonomy":"product_brand","embeddable":true,"href":"https:\/\/bandelin.com\/en\/wp-json\/wp\/v2\/product_brand?post=665167"},{"taxonomy":"product_cat","embeddable":true,"href":"https:\/\/bandelin.com\/en\/wp-json\/wp\/v2\/product_cat?post=665167"},{"taxonomy":"product_tag","embeddable":true,"href":"https:\/\/bandelin.com\/en\/wp-json\/wp\/v2\/product_tag?post=665167"}],"curies":[{"name":"wp","href":"https:\/\/api.w.org\/{rel}","templated":true}]}}