{"id":665220,"date":"2026-03-31T21:53:14","date_gmt":"2026-03-31T19:53:14","guid":{"rendered":"https:\/\/bandelin.com\/shop\/unkategorisiert\/sonoshake-sonoshake-set\/"},"modified":"2026-04-30T03:10:02","modified_gmt":"2026-04-30T01:10:02","slug":"sonoshake-sonoshake-set","status":"publish","type":"product","link":"https:\/\/bandelin.com\/en\/shop\/sonoshake-schuettelaufsatz\/zubehoer-sonoshake-schuettelaufsatz\/sonoshake-sonoshake-set\/","title":{"rendered":"SONOSHAKE SONOSHAKE Set"},"content":{"rendered":"<p>Ready-to-use set consisting of high-performance ultrasonic bath SONOREX DIGITEC DT 1028 F and shaker attachment SA 1028<\/p>\n<p>  Please order the required mounting clamps EK 10 - EK 250 for laboratory flasks separately.<\/p>\n<p>  The SONOSHAKE offers a wide range of applications for sample preparation in many areas of analysis, e.g. in environmental and food analysis as well as in medical diagnostics. The ultrasonic bath has a footprint of 500 mm x 300 mm, a well depth of only 65 mm and is thus ideal for sonication of samples in laboratory flasks. The samples can be sonicated both in a defined time and in continuous operation. Rapid degassing via DEGAS function is also possible. The shaking attachment allows gentle to strong horizontal movement up to a maximum of 20 mm through four different shaking frequencies. Both processes can be carried out simultaneously or separately. For example, pre-homogenisation can be achieved with a defined shaking frequency and final homogenisation with ultrasound in a significantly shorter time.<\/p>","protected":false},"excerpt":{"rendered":"<p>Betriebsfertiges Set bestehend aus Hochleistungs-Ultraschallbad SONOREX DIGITEC DT 1028 F und Sch\u00fcttelaufsatz SA 1028 Erforderliche Aufnahmeklammern EK 10 &#8211; EK 250 f\u00fcr Laborkolben bitte separat bestellen. Der SONOSHAKE bietet breite Einsatzm\u00f6glichkeiten bei der Probenvorbereitung in vielen Bereichen der Analytik, z.B. in der Umwelt- und Lebensmittelanalytik sowie in der medizinischen Diagnostik. Das Ultraschallbad besitzt eine Grundfl\u00e4che [&hellip;]<\/p>\n","protected":false},"featured_media":649160,"template":"","meta":{"_acf_changed":false},"product_brand":[],"product_cat":[14555,14556],"product_tag":[14606],"class_list":{"0":"post-665220","1":"product","2":"type-product","3":"status-publish","4":"has-post-thumbnail","6":"product_cat-sonoshake-schuettelaufsatz","7":"product_cat-zubehoer-sonoshake-schuettelaufsatz","8":"product_tag-sonoshake-schuettelaufsatz-zubehoer","9":"pa_bestellnummer-13034","10":"pa_betriebsspannung-v-230-v--10-50-60-hz","11":"pa_ultraschall-frequenz-khz-35-2","13":"first","14":"instock","15":"taxable","16":"shipping-taxable","17":"purchasable","18":"product-type-simple"},"acf":[],"yoast_head":"<!-- This site is optimized with the Yoast SEO plugin v27.5 - https:\/\/yoast.com\/product\/yoast-seo-wordpress\/ -->\n<title>SONOSHAKE SONOSHAKE Set | BANDELIN electronic GmbH &amp; Co. KG<\/title>\n<meta name=\"description\" content=\"Informationen Sie sich \u00fcber SONOSHAKE SONOSHAKE Set | Hochwertige Ultraschallb\u00e4der f\u00fcr Medizin und Industrie von Bandelin Electronic seit 1955.\" \/>\n<meta name=\"robots\" content=\"index, follow, max-snippet:-1, max-image-preview:large, max-video-preview:-1\" \/>\n<link rel=\"canonical\" href=\"https:\/\/bandelin.com\/en\/shop\/sonoshake-bowl-attachment\/accessories-sonoshake-bowl-attachment\/sonoshake-sonoshake-set\/\" \/>\n<meta property=\"og:locale\" content=\"en_GB\" \/>\n<meta property=\"og:type\" content=\"article\" \/>\n<meta property=\"og:title\" content=\"SONOSHAKE SONOSHAKE Set | BANDELIN electronic GmbH &amp; Co. KG\" \/>\n<meta property=\"og:description\" content=\"Informationen Sie sich \u00fcber SONOSHAKE SONOSHAKE Set | Hochwertige Ultraschallb\u00e4der f\u00fcr Medizin und Industrie von Bandelin Electronic seit 1955.\" \/>\n<meta property=\"og:url\" content=\"https:\/\/bandelin.com\/en\/shop\/sonoshake-bowl-attachment\/accessories-sonoshake-bowl-attachment\/sonoshake-sonoshake-set\/\" \/>\n<meta property=\"og:site_name\" content=\"BANDELIN electronic GmbH &amp; Co. KG\" \/>\n<meta property=\"article:publisher\" content=\"https:\/\/de-de.facebook.com\/bandelin.electronic\/\" \/>\n<meta property=\"article:modified_time\" content=\"2026-04-30T01:10:02+00:00\" \/>\n<meta property=\"og:image\" content=\"https:\/\/bandelin.com\/wp-content\/uploads\/Produktfoto_SA_1028_2-1-scaled.jpg\" \/>\n\t<meta property=\"og:image:width\" content=\"2048\" \/>\n\t<meta property=\"og:image:height\" content=\"2048\" \/>\n\t<meta property=\"og:image:type\" content=\"image\/jpeg\" \/>\n<meta name=\"twitter:card\" content=\"summary_large_image\" \/>\n<meta name=\"twitter:label1\" content=\"Estimated reading time\" \/>\n\t<meta name=\"twitter:data1\" content=\"1 minute\" \/>\n<script type=\"application\/ld+json\" class=\"yoast-schema-graph\">{\"@context\":\"https:\\\/\\\/schema.org\",\"@graph\":[{\"@type\":\"WebPage\",\"@id\":\"https:\\\/\\\/bandelin.com\\\/shop\\\/sonoshake-schuettelaufsatz\\\/zubehoer-sonoshake-schuettelaufsatz\\\/sonoshake-sonoshake-set\\\/\",\"url\":\"https:\\\/\\\/bandelin.com\\\/shop\\\/sonoshake-schuettelaufsatz\\\/zubehoer-sonoshake-schuettelaufsatz\\\/sonoshake-sonoshake-set\\\/\",\"name\":\"SONOSHAKE SONOSHAKE Set | BANDELIN electronic GmbH &amp; Co. KG\",\"isPartOf\":{\"@id\":\"https:\\\/\\\/bandelin.com\\\/#website\"},\"primaryImageOfPage\":{\"@id\":\"https:\\\/\\\/bandelin.com\\\/shop\\\/sonoshake-schuettelaufsatz\\\/zubehoer-sonoshake-schuettelaufsatz\\\/sonoshake-sonoshake-set\\\/#primaryimage\"},\"image\":{\"@id\":\"https:\\\/\\\/bandelin.com\\\/shop\\\/sonoshake-schuettelaufsatz\\\/zubehoer-sonoshake-schuettelaufsatz\\\/sonoshake-sonoshake-set\\\/#primaryimage\"},\"thumbnailUrl\":\"https:\\\/\\\/bandelin.com\\\/wp-content\\\/uploads\\\/Produktfoto_SA_1028_2-1-scaled.jpg\",\"datePublished\":\"2026-03-31T19:53:14+00:00\",\"dateModified\":\"2026-04-30T01:10:02+00:00\",\"description\":\"Informationen Sie sich \u00fcber SONOSHAKE SONOSHAKE Set | Hochwertige Ultraschallb\u00e4der f\u00fcr Medizin und Industrie von Bandelin Electronic seit 1955.\",\"breadcrumb\":{\"@id\":\"https:\\\/\\\/bandelin.com\\\/shop\\\/sonoshake-schuettelaufsatz\\\/zubehoer-sonoshake-schuettelaufsatz\\\/sonoshake-sonoshake-set\\\/#breadcrumb\"},\"inLanguage\":\"en-GB\",\"potentialAction\":[{\"@type\":\"ReadAction\",\"target\":[\"https:\\\/\\\/bandelin.com\\\/shop\\\/sonoshake-schuettelaufsatz\\\/zubehoer-sonoshake-schuettelaufsatz\\\/sonoshake-sonoshake-set\\\/\"]}]},{\"@type\":\"ImageObject\",\"inLanguage\":\"en-GB\",\"@id\":\"https:\\\/\\\/bandelin.com\\\/shop\\\/sonoshake-schuettelaufsatz\\\/zubehoer-sonoshake-schuettelaufsatz\\\/sonoshake-sonoshake-set\\\/#primaryimage\",\"url\":\"https:\\\/\\\/bandelin.com\\\/wp-content\\\/uploads\\\/Produktfoto_SA_1028_2-1-scaled.jpg\",\"contentUrl\":\"https:\\\/\\\/bandelin.com\\\/wp-content\\\/uploads\\\/Produktfoto_SA_1028_2-1-scaled.jpg\",\"width\":2048,\"height\":2048,\"caption\":\"SONOSHAKE SONOSHAKE Set Bild\"},{\"@type\":\"BreadcrumbList\",\"@id\":\"https:\\\/\\\/bandelin.com\\\/shop\\\/sonoshake-schuettelaufsatz\\\/zubehoer-sonoshake-schuettelaufsatz\\\/sonoshake-sonoshake-set\\\/#breadcrumb\",\"itemListElement\":[{\"@type\":\"ListItem\",\"position\":1,\"name\":\"Startseite\",\"item\":\"https:\\\/\\\/bandelin.com\\\/\"},{\"@type\":\"ListItem\",\"position\":2,\"name\":\"Shop\",\"item\":\"https:\\\/\\\/bandelin.com\\\/shop\\\/\"},{\"@type\":\"ListItem\",\"position\":3,\"name\":\"SONOSHAKE SONOSHAKE Set\"}]},{\"@type\":\"WebSite\",\"@id\":\"https:\\\/\\\/bandelin.com\\\/#website\",\"url\":\"https:\\\/\\\/bandelin.com\\\/\",\"name\":\"BANDELIN electronic GmbH & Co. KG\",\"description\":\"Ultraschall seit 1955\",\"publisher\":{\"@id\":\"https:\\\/\\\/bandelin.com\\\/#organization\"},\"potentialAction\":[{\"@type\":\"SearchAction\",\"target\":{\"@type\":\"EntryPoint\",\"urlTemplate\":\"https:\\\/\\\/bandelin.com\\\/?s={search_term_string}\"},\"query-input\":{\"@type\":\"PropertyValueSpecification\",\"valueRequired\":true,\"valueName\":\"search_term_string\"}}],\"inLanguage\":\"en-GB\"},{\"@type\":\"Organization\",\"@id\":\"https:\\\/\\\/bandelin.com\\\/#organization\",\"name\":\"BANDELIN electronic GmbH & Co. KG\",\"url\":\"https:\\\/\\\/bandelin.com\\\/\",\"logo\":{\"@type\":\"ImageObject\",\"inLanguage\":\"en-GB\",\"@id\":\"https:\\\/\\\/bandelin.com\\\/#\\\/schema\\\/logo\\\/image\\\/\",\"url\":\"\",\"contentUrl\":\"\",\"caption\":\"BANDELIN electronic GmbH & Co. KG\"},\"image\":{\"@id\":\"https:\\\/\\\/bandelin.com\\\/#\\\/schema\\\/logo\\\/image\\\/\"},\"sameAs\":[\"https:\\\/\\\/de-de.facebook.com\\\/bandelin.electronic\\\/\",\"https:\\\/\\\/www.instagram.com\\\/bandelin_ultrasonic\\\/?hl=de\",\"https:\\\/\\\/www.linkedin.com\\\/company\\\/bandelin-electronic-gmbh-amp-co-kg\",\"https:\\\/\\\/www.youtube.com\\\/channel\\\/UC5wTNrNxkwMmX-WzysQqw3g\"]}]}<\/script>\n<!-- \/ Yoast SEO plugin. -->","yoast_head_json":{"title":"SONOSHAKE SONOSHAKE Set | BANDELIN electronic GmbH &amp; Co. KG","description":"Find out more about SONOSHAKE SONOSHAKE Set | High-quality ultrasonic baths for medicine and industry from Bandelin Electronic since 1955.","robots":{"index":"index","follow":"follow","max-snippet":"max-snippet:-1","max-image-preview":"max-image-preview:large","max-video-preview":"max-video-preview:-1"},"canonical":"https:\/\/bandelin.com\/en\/shop\/sonoshake-bowl-attachment\/accessories-sonoshake-bowl-attachment\/sonoshake-sonoshake-set\/","og_locale":"en_GB","og_type":"article","og_title":"SONOSHAKE SONOSHAKE Set | BANDELIN electronic GmbH &amp; Co. KG","og_description":"Informationen Sie sich \u00fcber SONOSHAKE SONOSHAKE Set | Hochwertige Ultraschallb\u00e4der f\u00fcr Medizin und Industrie von Bandelin Electronic seit 1955.","og_url":"https:\/\/bandelin.com\/en\/shop\/sonoshake-bowl-attachment\/accessories-sonoshake-bowl-attachment\/sonoshake-sonoshake-set\/","og_site_name":"BANDELIN electronic GmbH &amp; Co. KG","article_publisher":"https:\/\/de-de.facebook.com\/bandelin.electronic\/","article_modified_time":"2026-04-30T01:10:02+00:00","og_image":[{"width":2048,"height":2048,"url":"https:\/\/bandelin.com\/wp-content\/uploads\/Produktfoto_SA_1028_2-1-scaled.jpg","type":"image\/jpeg"}],"twitter_card":"summary_large_image","twitter_misc":{"Estimated reading time":"1 minute"},"schema":{"@context":"https:\/\/schema.org","@graph":[{"@type":"WebPage","@id":"https:\/\/bandelin.com\/shop\/sonoshake-schuettelaufsatz\/zubehoer-sonoshake-schuettelaufsatz\/sonoshake-sonoshake-set\/","url":"https:\/\/bandelin.com\/shop\/sonoshake-schuettelaufsatz\/zubehoer-sonoshake-schuettelaufsatz\/sonoshake-sonoshake-set\/","name":"SONOSHAKE SONOSHAKE Set | BANDELIN electronic GmbH &amp; Co. KG","isPartOf":{"@id":"https:\/\/bandelin.com\/#website"},"primaryImageOfPage":{"@id":"https:\/\/bandelin.com\/shop\/sonoshake-schuettelaufsatz\/zubehoer-sonoshake-schuettelaufsatz\/sonoshake-sonoshake-set\/#primaryimage"},"image":{"@id":"https:\/\/bandelin.com\/shop\/sonoshake-schuettelaufsatz\/zubehoer-sonoshake-schuettelaufsatz\/sonoshake-sonoshake-set\/#primaryimage"},"thumbnailUrl":"https:\/\/bandelin.com\/wp-content\/uploads\/Produktfoto_SA_1028_2-1-scaled.jpg","datePublished":"2026-03-31T19:53:14+00:00","dateModified":"2026-04-30T01:10:02+00:00","description":"Find out more about SONOSHAKE SONOSHAKE Set | High-quality ultrasonic baths for medicine and industry from Bandelin Electronic since 1955.","breadcrumb":{"@id":"https:\/\/bandelin.com\/shop\/sonoshake-schuettelaufsatz\/zubehoer-sonoshake-schuettelaufsatz\/sonoshake-sonoshake-set\/#breadcrumb"},"inLanguage":"en-GB","potentialAction":[{"@type":"ReadAction","target":["https:\/\/bandelin.com\/shop\/sonoshake-schuettelaufsatz\/zubehoer-sonoshake-schuettelaufsatz\/sonoshake-sonoshake-set\/"]}]},{"@type":"ImageObject","inLanguage":"en-GB","@id":"https:\/\/bandelin.com\/shop\/sonoshake-schuettelaufsatz\/zubehoer-sonoshake-schuettelaufsatz\/sonoshake-sonoshake-set\/#primaryimage","url":"https:\/\/bandelin.com\/wp-content\/uploads\/Produktfoto_SA_1028_2-1-scaled.jpg","contentUrl":"https:\/\/bandelin.com\/wp-content\/uploads\/Produktfoto_SA_1028_2-1-scaled.jpg","width":2048,"height":2048,"caption":"SONOSHAKE SONOSHAKE Set Bild"},{"@type":"BreadcrumbList","@id":"https:\/\/bandelin.com\/shop\/sonoshake-schuettelaufsatz\/zubehoer-sonoshake-schuettelaufsatz\/sonoshake-sonoshake-set\/#breadcrumb","itemListElement":[{"@type":"ListItem","position":1,"name":"Startseite","item":"https:\/\/bandelin.com\/"},{"@type":"ListItem","position":2,"name":"Shop","item":"https:\/\/bandelin.com\/shop\/"},{"@type":"ListItem","position":3,"name":"SONOSHAKE SONOSHAKE Set"}]},{"@type":"WebSite","@id":"https:\/\/bandelin.com\/#website","url":"https:\/\/bandelin.com\/","name":"BANDELIN electronic GmbH &amp; Co. KG","description":"Ultrasound since 1955","publisher":{"@id":"https:\/\/bandelin.com\/#organization"},"potentialAction":[{"@type":"SearchAction","target":{"@type":"EntryPoint","urlTemplate":"https:\/\/bandelin.com\/?s={search_term_string}"},"query-input":{"@type":"PropertyValueSpecification","valueRequired":true,"valueName":"search_term_string"}}],"inLanguage":"en-GB"},{"@type":"Organization","@id":"https:\/\/bandelin.com\/#organization","name":"BANDELIN electronic GmbH &amp; Co. KG","url":"https:\/\/bandelin.com\/","logo":{"@type":"ImageObject","inLanguage":"en-GB","@id":"https:\/\/bandelin.com\/#\/schema\/logo\/image\/","url":"","contentUrl":"","caption":"BANDELIN electronic GmbH & Co. KG"},"image":{"@id":"https:\/\/bandelin.com\/#\/schema\/logo\/image\/"},"sameAs":["https:\/\/de-de.facebook.com\/bandelin.electronic\/","https:\/\/www.instagram.com\/bandelin_ultrasonic\/?hl=de","https:\/\/www.linkedin.com\/company\/bandelin-electronic-gmbh-amp-co-kg","https:\/\/www.youtube.com\/channel\/UC5wTNrNxkwMmX-WzysQqw3g"]}]}},"_links":{"self":[{"href":"https:\/\/bandelin.com\/en\/wp-json\/wp\/v2\/product\/665220","targetHints":{"allow":["GET"]}}],"collection":[{"href":"https:\/\/bandelin.com\/en\/wp-json\/wp\/v2\/product"}],"about":[{"href":"https:\/\/bandelin.com\/en\/wp-json\/wp\/v2\/types\/product"}],"version-history":[{"count":1,"href":"https:\/\/bandelin.com\/en\/wp-json\/wp\/v2\/product\/665220\/revisions"}],"predecessor-version":[{"id":665221,"href":"https:\/\/bandelin.com\/en\/wp-json\/wp\/v2\/product\/665220\/revisions\/665221"}],"wp:featuredmedia":[{"embeddable":true,"href":"https:\/\/bandelin.com\/en\/wp-json\/wp\/v2\/media\/649160"}],"wp:attachment":[{"href":"https:\/\/bandelin.com\/en\/wp-json\/wp\/v2\/media?parent=665220"}],"wp:term":[{"taxonomy":"product_brand","embeddable":true,"href":"https:\/\/bandelin.com\/en\/wp-json\/wp\/v2\/product_brand?post=665220"},{"taxonomy":"product_cat","embeddable":true,"href":"https:\/\/bandelin.com\/en\/wp-json\/wp\/v2\/product_cat?post=665220"},{"taxonomy":"product_tag","embeddable":true,"href":"https:\/\/bandelin.com\/en\/wp-json\/wp\/v2\/product_tag?post=665220"}],"curies":[{"name":"wp","href":"https:\/\/api.w.org\/{rel}","templated":true}]}}