{"id":665828,"date":"2026-03-31T22:06:06","date_gmt":"2026-03-31T20:06:06","guid":{"rendered":"https:\/\/bandelin.com\/shop\/unkategorisiert\/sonorex-technik-sonobloc-sb-8-1002-03-sonoreaktor-1000-w-25-khz\/"},"modified":"2026-04-30T20:28:43","modified_gmt":"2026-04-30T18:28:43","slug":"sonorex-technik-sonobloc-sb-8-1002-03-sonoreactor-1000-w-25-khz","status":"publish","type":"product","link":"https:\/\/bandelin.com\/en\/shop\/sonorex-technik-ultraschall-reaktoren\/sonorex-technik-sb-sonoreaktor\/sonorex-technik-sonobloc-sb-8-1002-03-sonoreaktor-1000-w-25-khz\/","title":{"rendered":"SONOREX TECHNIK SONOBLOC SB 8-1002.03 Sonoreactor, 1000 W, 25 kHz"},"content":{"rendered":"<p>The BANDELIN tubular reactor enables the flow treatment of high volume flows in process engineering and is also used in wire cleaning. The vibrating systems are mounted on the outside of the reactor tube, which means that there is no need for internals inside the reactor tube. The tubular reactor is therefore particularly insensitive to clogging when sonicating substrates containing solids.<\/p>\n<p>  The main fields of application of the BANDELIN tubular reactor are:<\/p>\n<p>  - Ultrasonic intensive treatment of filamentous and ribbon-like products<br \/>\n  - Support of industrial and biotechnological processes in purification, disintegration, degassing and deagglomeration<br \/>\n  - Efficient cleaning of greases, oils, emulsions and\/or crack residues during single and multi-wire cleaning<br \/>\n  - CO2 degassing from aqueous reactants<br \/>\n  - Support of disinfection (bacteria killing) in water and waste water treatment<br \/>\n  - Acceleration of disintegration and\/or degradation of organic pollutant material in the treatment of sewage sludge<br \/>\n  - Disintegration of biogas substrate<br \/>\n  - Support for the disinfection of germ- and parasite-contaminated fish-farming recirculating waters<br \/>\n  - Dispersing solids in liquids (pharmaceutical production)<\/p>","protected":false},"excerpt":{"rendered":"<p>Der BANDELIN-Rohrreaktor erm\u00f6glicht die Durchflussbehandlung von hohen Volumenstr\u00f6men in der Verfahrenstechnik und wird au\u00dferdem in der Drahtreinigung eingesetzt. Die Schwingsysteme sind von au\u00dfen am Reaktorrohr montiert, wodurch auf Einbauten innerhalb des Reaktorrohres verzichtet werden kann. Der Rohrreaktor ist daher besonders unempfindlich gegen Verstopfungen bei der Beschallung von feststoffhaltigen Substraten. Die Haupteinsatzfelder des BANDELIN-Rohrreaktors sind: &#8211; [&hellip;]<\/p>\n","protected":false},"featured_media":649464,"template":"","meta":{"_acf_changed":false},"product_brand":[],"product_cat":[14256,14197],"product_tag":[14634],"class_list":{"0":"post-665828","1":"product","2":"type-product","3":"status-publish","4":"has-post-thumbnail","6":"product_cat-sonorex-technik-sb-sonoreaktor","7":"product_cat-sonorex-technik-ultraschall-reaktoren","8":"product_tag-sonorex-technik-ultraschall-reaktoren-sonorex-technik-sb-sonoreaktor","9":"pa_aussenmass-breite-mm-12995","10":"pa_aussenmass-hoehe-mm-12996","11":"pa_aussenmass-laenge-mm-260-2","12":"pa_bestellnummer-13000","13":"pa_betriebsspannung-v-230-v--10-50-60-hz","14":"pa_durchflussrate-l-h-60-6000","15":"pa_einbaulaenge-cm-12992","16":"pa_leistungseinstellung-20-100","17":"pa_max-zul-druck-bar-12994","18":"pa_schutzgrad-gehaeuse-ip-22-optional-ip-65","19":"pa_ultraschall-frequenz-khz-12564","20":"pa_ultraschall-nennleistung-w-12513","21":"pa_ultraschall-spitzenleistung-w-12512","22":"pa_verpackung-breite-mm-12345","23":"pa_verpackung-hoehe-mm-12780","24":"pa_verpackung-laenge-mm-12344","26":"first","27":"onbackorder","28":"taxable","29":"shipping-taxable","30":"purchasable","31":"product-type-simple"},"acf":[],"yoast_head":"<!-- This site is optimized with the Yoast SEO plugin v27.5 - https:\/\/yoast.com\/product\/yoast-seo-wordpress\/ -->\n<title>SONOREX TECHNIK SONOBLOC SB 8-1002.03 Sonoreaktor, 1000 W, 25 kHz | BANDELIN electronic GmbH &amp; Co. KG<\/title>\n<meta name=\"description\" content=\"Informationen Sie sich \u00fcber SONOREX TECHNIK SONOBLOC SB 8-1002.03 Sonoreaktor, 1000 W, 25 kHz | Hochwertige Ultraschallb\u00e4der f\u00fcr Medizin und Industrie von Bandelin Electronic seit 1955.\" \/>\n<meta name=\"robots\" content=\"index, follow, max-snippet:-1, max-image-preview:large, max-video-preview:-1\" \/>\n<link rel=\"canonical\" href=\"https:\/\/bandelin.com\/en\/shop\/sonorex-technology-ultrasonic-reactors\/sonorex-technology-sb-sonoreactor\/sonorex-technik-sonobloc-sb-8-1002-03-sonoreactor-1000-w-25-khz\/\" \/>\n<meta property=\"og:locale\" content=\"en_GB\" \/>\n<meta property=\"og:type\" content=\"article\" \/>\n<meta property=\"og:title\" content=\"SONOREX TECHNIK SONOBLOC SB 8-1002.03 Sonoreaktor, 1000 W, 25 kHz | BANDELIN electronic GmbH &amp; Co. KG\" \/>\n<meta property=\"og:description\" content=\"Informationen Sie sich \u00fcber SONOREX TECHNIK SONOBLOC SB 8-1002.03 Sonoreaktor, 1000 W, 25 kHz | Hochwertige Ultraschallb\u00e4der f\u00fcr Medizin und Industrie von Bandelin Electronic seit 1955.\" \/>\n<meta property=\"og:url\" content=\"https:\/\/bandelin.com\/en\/shop\/sonorex-technology-ultrasonic-reactors\/sonorex-technology-sb-sonoreactor\/sonorex-technik-sonobloc-sb-8-1002-03-sonoreactor-1000-w-25-khz\/\" \/>\n<meta property=\"og:site_name\" content=\"BANDELIN electronic GmbH &amp; Co. KG\" \/>\n<meta property=\"article:publisher\" content=\"https:\/\/de-de.facebook.com\/bandelin.electronic\/\" \/>\n<meta property=\"article:modified_time\" content=\"2026-04-30T18:28:43+00:00\" \/>\n<meta property=\"og:image\" content=\"https:\/\/bandelin.com\/wp-content\/uploads\/Produktfoto_SB-scaled.jpg\" \/>\n\t<meta property=\"og:image:width\" content=\"2048\" \/>\n\t<meta property=\"og:image:height\" content=\"2048\" \/>\n\t<meta property=\"og:image:type\" content=\"image\/jpeg\" \/>\n<meta name=\"twitter:card\" content=\"summary_large_image\" \/>\n<meta name=\"twitter:label1\" content=\"Estimated reading time\" \/>\n\t<meta name=\"twitter:data1\" content=\"1 minute\" \/>\n<script type=\"application\/ld+json\" class=\"yoast-schema-graph\">{\"@context\":\"https:\\\/\\\/schema.org\",\"@graph\":[{\"@type\":\"WebPage\",\"@id\":\"https:\\\/\\\/bandelin.com\\\/shop\\\/sonorex-technik-ultraschall-reaktoren\\\/sonorex-technik-sb-sonoreaktor\\\/sonorex-technik-sonobloc-sb-8-1002-03-sonoreaktor-1000-w-25-khz\\\/\",\"url\":\"https:\\\/\\\/bandelin.com\\\/shop\\\/sonorex-technik-ultraschall-reaktoren\\\/sonorex-technik-sb-sonoreaktor\\\/sonorex-technik-sonobloc-sb-8-1002-03-sonoreaktor-1000-w-25-khz\\\/\",\"name\":\"SONOREX TECHNIK SONOBLOC SB 8-1002.03 Sonoreaktor, 1000 W, 25 kHz | BANDELIN electronic GmbH &amp; Co. KG\",\"isPartOf\":{\"@id\":\"https:\\\/\\\/bandelin.com\\\/#website\"},\"primaryImageOfPage\":{\"@id\":\"https:\\\/\\\/bandelin.com\\\/shop\\\/sonorex-technik-ultraschall-reaktoren\\\/sonorex-technik-sb-sonoreaktor\\\/sonorex-technik-sonobloc-sb-8-1002-03-sonoreaktor-1000-w-25-khz\\\/#primaryimage\"},\"image\":{\"@id\":\"https:\\\/\\\/bandelin.com\\\/shop\\\/sonorex-technik-ultraschall-reaktoren\\\/sonorex-technik-sb-sonoreaktor\\\/sonorex-technik-sonobloc-sb-8-1002-03-sonoreaktor-1000-w-25-khz\\\/#primaryimage\"},\"thumbnailUrl\":\"https:\\\/\\\/bandelin.com\\\/wp-content\\\/uploads\\\/Produktfoto_SB-scaled.jpg\",\"datePublished\":\"2026-03-31T20:06:06+00:00\",\"dateModified\":\"2026-04-30T18:28:43+00:00\",\"description\":\"Informationen Sie sich \u00fcber SONOREX TECHNIK SONOBLOC SB 8-1002.03 Sonoreaktor, 1000 W, 25 kHz | Hochwertige Ultraschallb\u00e4der f\u00fcr Medizin und Industrie von Bandelin Electronic seit 1955.\",\"breadcrumb\":{\"@id\":\"https:\\\/\\\/bandelin.com\\\/shop\\\/sonorex-technik-ultraschall-reaktoren\\\/sonorex-technik-sb-sonoreaktor\\\/sonorex-technik-sonobloc-sb-8-1002-03-sonoreaktor-1000-w-25-khz\\\/#breadcrumb\"},\"inLanguage\":\"en-GB\",\"potentialAction\":[{\"@type\":\"ReadAction\",\"target\":[\"https:\\\/\\\/bandelin.com\\\/shop\\\/sonorex-technik-ultraschall-reaktoren\\\/sonorex-technik-sb-sonoreaktor\\\/sonorex-technik-sonobloc-sb-8-1002-03-sonoreaktor-1000-w-25-khz\\\/\"]}]},{\"@type\":\"ImageObject\",\"inLanguage\":\"en-GB\",\"@id\":\"https:\\\/\\\/bandelin.com\\\/shop\\\/sonorex-technik-ultraschall-reaktoren\\\/sonorex-technik-sb-sonoreaktor\\\/sonorex-technik-sonobloc-sb-8-1002-03-sonoreaktor-1000-w-25-khz\\\/#primaryimage\",\"url\":\"https:\\\/\\\/bandelin.com\\\/wp-content\\\/uploads\\\/Produktfoto_SB-scaled.jpg\",\"contentUrl\":\"https:\\\/\\\/bandelin.com\\\/wp-content\\\/uploads\\\/Produktfoto_SB-scaled.jpg\",\"width\":2048,\"height\":2048,\"caption\":\"SONOREX TECHNIK SONOBLOC SB 8-1004.04 Sonoreaktor\"},{\"@type\":\"BreadcrumbList\",\"@id\":\"https:\\\/\\\/bandelin.com\\\/shop\\\/sonorex-technik-ultraschall-reaktoren\\\/sonorex-technik-sb-sonoreaktor\\\/sonorex-technik-sonobloc-sb-8-1002-03-sonoreaktor-1000-w-25-khz\\\/#breadcrumb\",\"itemListElement\":[{\"@type\":\"ListItem\",\"position\":1,\"name\":\"Startseite\",\"item\":\"https:\\\/\\\/bandelin.com\\\/\"},{\"@type\":\"ListItem\",\"position\":2,\"name\":\"Shop\",\"item\":\"https:\\\/\\\/bandelin.com\\\/shop\\\/\"},{\"@type\":\"ListItem\",\"position\":3,\"name\":\"SONOREX TECHNIK SONOBLOC SB 8-1002.03 Sonoreaktor, 1000 W, 25 kHz\"}]},{\"@type\":\"WebSite\",\"@id\":\"https:\\\/\\\/bandelin.com\\\/#website\",\"url\":\"https:\\\/\\\/bandelin.com\\\/\",\"name\":\"BANDELIN electronic GmbH & Co. KG\",\"description\":\"Ultraschall seit 1955\",\"publisher\":{\"@id\":\"https:\\\/\\\/bandelin.com\\\/#organization\"},\"potentialAction\":[{\"@type\":\"SearchAction\",\"target\":{\"@type\":\"EntryPoint\",\"urlTemplate\":\"https:\\\/\\\/bandelin.com\\\/?s={search_term_string}\"},\"query-input\":{\"@type\":\"PropertyValueSpecification\",\"valueRequired\":true,\"valueName\":\"search_term_string\"}}],\"inLanguage\":\"en-GB\"},{\"@type\":\"Organization\",\"@id\":\"https:\\\/\\\/bandelin.com\\\/#organization\",\"name\":\"BANDELIN electronic GmbH & Co. KG\",\"url\":\"https:\\\/\\\/bandelin.com\\\/\",\"logo\":{\"@type\":\"ImageObject\",\"inLanguage\":\"en-GB\",\"@id\":\"https:\\\/\\\/bandelin.com\\\/#\\\/schema\\\/logo\\\/image\\\/\",\"url\":\"\",\"contentUrl\":\"\",\"caption\":\"BANDELIN electronic GmbH & Co. KG\"},\"image\":{\"@id\":\"https:\\\/\\\/bandelin.com\\\/#\\\/schema\\\/logo\\\/image\\\/\"},\"sameAs\":[\"https:\\\/\\\/de-de.facebook.com\\\/bandelin.electronic\\\/\",\"https:\\\/\\\/www.instagram.com\\\/bandelin_ultrasonic\\\/?hl=de\",\"https:\\\/\\\/www.linkedin.com\\\/company\\\/bandelin-electronic-gmbh-amp-co-kg\",\"https:\\\/\\\/www.youtube.com\\\/channel\\\/UC5wTNrNxkwMmX-WzysQqw3g\"]}]}<\/script>\n<!-- \/ Yoast SEO plugin. -->","yoast_head_json":{"title":"SONOREX TECHNIK SONOBLOC SB 8-1002.03 Sonoreactor, 1000 W, 25 kHz | BANDELIN electronic GmbH &amp; Co. KG","description":"Find out more about SONOREX TECHNIK SONOBLOC SB 8-1002.03 Sonoreactor, 1000 W, 25 kHz | High-quality ultrasonic baths for medicine and industry from Bandelin Electronic since 1955.","robots":{"index":"index","follow":"follow","max-snippet":"max-snippet:-1","max-image-preview":"max-image-preview:large","max-video-preview":"max-video-preview:-1"},"canonical":"https:\/\/bandelin.com\/en\/shop\/sonorex-technology-ultrasonic-reactors\/sonorex-technology-sb-sonoreactor\/sonorex-technik-sonobloc-sb-8-1002-03-sonoreactor-1000-w-25-khz\/","og_locale":"en_GB","og_type":"article","og_title":"SONOREX TECHNIK SONOBLOC SB 8-1002.03 Sonoreaktor, 1000 W, 25 kHz | BANDELIN electronic GmbH &amp; Co. KG","og_description":"Informationen Sie sich \u00fcber SONOREX TECHNIK SONOBLOC SB 8-1002.03 Sonoreaktor, 1000 W, 25 kHz | Hochwertige Ultraschallb\u00e4der f\u00fcr Medizin und Industrie von Bandelin Electronic seit 1955.","og_url":"https:\/\/bandelin.com\/en\/shop\/sonorex-technology-ultrasonic-reactors\/sonorex-technology-sb-sonoreactor\/sonorex-technik-sonobloc-sb-8-1002-03-sonoreactor-1000-w-25-khz\/","og_site_name":"BANDELIN electronic GmbH &amp; Co. KG","article_publisher":"https:\/\/de-de.facebook.com\/bandelin.electronic\/","article_modified_time":"2026-04-30T18:28:43+00:00","og_image":[{"width":2048,"height":2048,"url":"https:\/\/bandelin.com\/wp-content\/uploads\/Produktfoto_SB-scaled.jpg","type":"image\/jpeg"}],"twitter_card":"summary_large_image","twitter_misc":{"Estimated reading time":"1 minute"},"schema":{"@context":"https:\/\/schema.org","@graph":[{"@type":"WebPage","@id":"https:\/\/bandelin.com\/shop\/sonorex-technik-ultraschall-reaktoren\/sonorex-technik-sb-sonoreaktor\/sonorex-technik-sonobloc-sb-8-1002-03-sonoreaktor-1000-w-25-khz\/","url":"https:\/\/bandelin.com\/shop\/sonorex-technik-ultraschall-reaktoren\/sonorex-technik-sb-sonoreaktor\/sonorex-technik-sonobloc-sb-8-1002-03-sonoreaktor-1000-w-25-khz\/","name":"SONOREX TECHNIK SONOBLOC SB 8-1002.03 Sonoreactor, 1000 W, 25 kHz | BANDELIN electronic GmbH &amp; Co. KG","isPartOf":{"@id":"https:\/\/bandelin.com\/#website"},"primaryImageOfPage":{"@id":"https:\/\/bandelin.com\/shop\/sonorex-technik-ultraschall-reaktoren\/sonorex-technik-sb-sonoreaktor\/sonorex-technik-sonobloc-sb-8-1002-03-sonoreaktor-1000-w-25-khz\/#primaryimage"},"image":{"@id":"https:\/\/bandelin.com\/shop\/sonorex-technik-ultraschall-reaktoren\/sonorex-technik-sb-sonoreaktor\/sonorex-technik-sonobloc-sb-8-1002-03-sonoreaktor-1000-w-25-khz\/#primaryimage"},"thumbnailUrl":"https:\/\/bandelin.com\/wp-content\/uploads\/Produktfoto_SB-scaled.jpg","datePublished":"2026-03-31T20:06:06+00:00","dateModified":"2026-04-30T18:28:43+00:00","description":"Find out more about SONOREX TECHNIK SONOBLOC SB 8-1002.03 Sonoreactor, 1000 W, 25 kHz | High-quality ultrasonic baths for medicine and industry from Bandelin Electronic since 1955.","breadcrumb":{"@id":"https:\/\/bandelin.com\/shop\/sonorex-technik-ultraschall-reaktoren\/sonorex-technik-sb-sonoreaktor\/sonorex-technik-sonobloc-sb-8-1002-03-sonoreaktor-1000-w-25-khz\/#breadcrumb"},"inLanguage":"en-GB","potentialAction":[{"@type":"ReadAction","target":["https:\/\/bandelin.com\/shop\/sonorex-technik-ultraschall-reaktoren\/sonorex-technik-sb-sonoreaktor\/sonorex-technik-sonobloc-sb-8-1002-03-sonoreaktor-1000-w-25-khz\/"]}]},{"@type":"ImageObject","inLanguage":"en-GB","@id":"https:\/\/bandelin.com\/shop\/sonorex-technik-ultraschall-reaktoren\/sonorex-technik-sb-sonoreaktor\/sonorex-technik-sonobloc-sb-8-1002-03-sonoreaktor-1000-w-25-khz\/#primaryimage","url":"https:\/\/bandelin.com\/wp-content\/uploads\/Produktfoto_SB-scaled.jpg","contentUrl":"https:\/\/bandelin.com\/wp-content\/uploads\/Produktfoto_SB-scaled.jpg","width":2048,"height":2048,"caption":"SONOREX TECHNIK SONOBLOC SB 8-1004.04 Sonoreaktor"},{"@type":"BreadcrumbList","@id":"https:\/\/bandelin.com\/shop\/sonorex-technik-ultraschall-reaktoren\/sonorex-technik-sb-sonoreaktor\/sonorex-technik-sonobloc-sb-8-1002-03-sonoreaktor-1000-w-25-khz\/#breadcrumb","itemListElement":[{"@type":"ListItem","position":1,"name":"Startseite","item":"https:\/\/bandelin.com\/"},{"@type":"ListItem","position":2,"name":"Shop","item":"https:\/\/bandelin.com\/shop\/"},{"@type":"ListItem","position":3,"name":"SONOREX TECHNIK SONOBLOC SB 8-1002.03 Sonoreaktor, 1000 W, 25 kHz"}]},{"@type":"WebSite","@id":"https:\/\/bandelin.com\/#website","url":"https:\/\/bandelin.com\/","name":"BANDELIN electronic GmbH &amp; Co. KG","description":"Ultrasound since 1955","publisher":{"@id":"https:\/\/bandelin.com\/#organization"},"potentialAction":[{"@type":"SearchAction","target":{"@type":"EntryPoint","urlTemplate":"https:\/\/bandelin.com\/?s={search_term_string}"},"query-input":{"@type":"PropertyValueSpecification","valueRequired":true,"valueName":"search_term_string"}}],"inLanguage":"en-GB"},{"@type":"Organization","@id":"https:\/\/bandelin.com\/#organization","name":"BANDELIN electronic GmbH &amp; Co. KG","url":"https:\/\/bandelin.com\/","logo":{"@type":"ImageObject","inLanguage":"en-GB","@id":"https:\/\/bandelin.com\/#\/schema\/logo\/image\/","url":"","contentUrl":"","caption":"BANDELIN electronic GmbH & Co. KG"},"image":{"@id":"https:\/\/bandelin.com\/#\/schema\/logo\/image\/"},"sameAs":["https:\/\/de-de.facebook.com\/bandelin.electronic\/","https:\/\/www.instagram.com\/bandelin_ultrasonic\/?hl=de","https:\/\/www.linkedin.com\/company\/bandelin-electronic-gmbh-amp-co-kg","https:\/\/www.youtube.com\/channel\/UC5wTNrNxkwMmX-WzysQqw3g"]}]}},"_links":{"self":[{"href":"https:\/\/bandelin.com\/en\/wp-json\/wp\/v2\/product\/665828","targetHints":{"allow":["GET"]}}],"collection":[{"href":"https:\/\/bandelin.com\/en\/wp-json\/wp\/v2\/product"}],"about":[{"href":"https:\/\/bandelin.com\/en\/wp-json\/wp\/v2\/types\/product"}],"version-history":[{"count":1,"href":"https:\/\/bandelin.com\/en\/wp-json\/wp\/v2\/product\/665828\/revisions"}],"predecessor-version":[{"id":665829,"href":"https:\/\/bandelin.com\/en\/wp-json\/wp\/v2\/product\/665828\/revisions\/665829"}],"wp:featuredmedia":[{"embeddable":true,"href":"https:\/\/bandelin.com\/en\/wp-json\/wp\/v2\/media\/649464"}],"wp:attachment":[{"href":"https:\/\/bandelin.com\/en\/wp-json\/wp\/v2\/media?parent=665828"}],"wp:term":[{"taxonomy":"product_brand","embeddable":true,"href":"https:\/\/bandelin.com\/en\/wp-json\/wp\/v2\/product_brand?post=665828"},{"taxonomy":"product_cat","embeddable":true,"href":"https:\/\/bandelin.com\/en\/wp-json\/wp\/v2\/product_cat?post=665828"},{"taxonomy":"product_tag","embeddable":true,"href":"https:\/\/bandelin.com\/en\/wp-json\/wp\/v2\/product_tag?post=665828"}],"curies":[{"name":"wp","href":"https:\/\/api.w.org\/{rel}","templated":true}]}}