{"id":666502,"date":"2026-03-31T22:22:28","date_gmt":"2026-03-31T20:22:28","guid":{"rendered":"https:\/\/bandelin.com\/shop\/unkategorisiert\/sonopuls-ts-225-titansonotrode\/"},"modified":"2026-04-26T20:27:14","modified_gmt":"2026-04-26T18:27:14","slug":"sonopuls-ts-225-titanium-sonotrode","status":"publish","type":"product","link":"https:\/\/bandelin.com\/en\/shop\/sonopuls-ultraschall-homogenisatoren\/zubehoer-sonopuls-ultraschall-homogenisatoren\/sonopuls-ts-225-titansonotrode\/","title":{"rendered":"SONOPULS TS 225 titanium sonotrode"},"content":{"rendered":"<p>Beam diameter 25 mm, suitable for SH 200 G (HD 4200). Sonotrodes transmit the mechanical vibrations into the sample, are thermostable, autoclavable and resistant to corrosive media. Sample volume, vessel diameter and desired amplitude determine device selection<br \/>\n  and sonotrode type. A high amplitude means a particularly intensive sonication. The horn is connected to step or booster horns. All BANDELIN horns are made of the titanium alloy TiAl6V4 (3.7165).<\/p>","protected":false},"excerpt":{"rendered":"<p>Suitable for HD 4200<\/p>","protected":false},"featured_media":649933,"template":"","meta":{"_acf_changed":false},"product_brand":[],"product_cat":[14485,11669],"product_tag":[14637,11543,11348],"class_list":{"0":"post-666502","1":"product","2":"type-product","3":"status-publish","4":"has-post-thumbnail","6":"product_cat-zubehoer-sonopuls-ultraschall-homogenisatoren","7":"product_cat-sonopuls-ultraschall-homogenisatoren","8":"product_tag-sonopuls-ultraschall-homogenisatoren-zubehoer","9":"product_tag-4000-2","10":"product_tag-sonotrode-3","11":"pa_amplitude-4200-micrometer-50-3","12":"pa_anschluss-stufenhorn-m8x1-2","13":"pa_bestellnummer-3748-2","14":"pa_durchmesser-mm-14835","15":"pa_passend-zu-hd-4200-hd-5200","16":"pa_sonotrodendurchmesser-mm-25-2","17":"pa_sonotrodenlaenge-mm-153-2","18":"pa_verpackung-breite-mm-30-2","19":"pa_verpackung-hoehe-mm-30-2","20":"pa_verpackung-laenge-mm-250-2","21":"pa_volumen-hd-4200-ml-30-1000-2","23":"first","24":"instock","25":"taxable","26":"shipping-taxable","27":"purchasable","28":"product-type-simple"},"acf":[],"yoast_head":"<!-- This site is optimized with the Yoast SEO plugin v27.5 - https:\/\/yoast.com\/product\/yoast-seo-wordpress\/ -->\n<title>SONOPULS TS 225 Titansonotrode | BANDELIN electronic GmbH &amp; Co. KG<\/title>\n<meta name=\"description\" content=\"Informationen Sie sich \u00fcber SONOPULS TS 225 Titansonotrode | Hochwertige Ultraschallb\u00e4der f\u00fcr Medizin und Industrie von Bandelin Electronic seit 1955.\" \/>\n<meta name=\"robots\" content=\"index, follow, max-snippet:-1, max-image-preview:large, max-video-preview:-1\" \/>\n<link rel=\"canonical\" href=\"https:\/\/bandelin.com\/en\/shop\/sonopulse-ultrasonic-homogenisers\/accessories-sonopuls-ultrasonic-homogenisers\/sonopuls-ts-225-titanium-sonotrode\/\" \/>\n<meta property=\"og:locale\" content=\"en_GB\" \/>\n<meta property=\"og:type\" content=\"article\" \/>\n<meta property=\"og:title\" content=\"SONOPULS TS 225 Titansonotrode | BANDELIN electronic GmbH &amp; Co. KG\" \/>\n<meta property=\"og:description\" content=\"Informationen Sie sich \u00fcber SONOPULS TS 225 Titansonotrode | Hochwertige Ultraschallb\u00e4der f\u00fcr Medizin und Industrie von Bandelin Electronic seit 1955.\" \/>\n<meta property=\"og:url\" content=\"https:\/\/bandelin.com\/en\/shop\/sonopulse-ultrasonic-homogenisers\/accessories-sonopuls-ultrasonic-homogenisers\/sonopuls-ts-225-titanium-sonotrode\/\" \/>\n<meta property=\"og:site_name\" content=\"BANDELIN electronic GmbH &amp; Co. KG\" \/>\n<meta property=\"article:publisher\" content=\"https:\/\/de-de.facebook.com\/bandelin.electronic\/\" \/>\n<meta property=\"article:modified_time\" content=\"2026-04-26T18:27:14+00:00\" \/>\n<meta property=\"og:image\" content=\"https:\/\/bandelin.com\/wp-content\/uploads\/Produktfoto_TS_225_frontal-scaled.jpg\" \/>\n\t<meta property=\"og:image:width\" content=\"2048\" \/>\n\t<meta property=\"og:image:height\" content=\"2048\" \/>\n\t<meta property=\"og:image:type\" content=\"image\/jpeg\" \/>\n<meta name=\"twitter:card\" content=\"summary_large_image\" \/>\n<script type=\"application\/ld+json\" class=\"yoast-schema-graph\">{\"@context\":\"https:\\\/\\\/schema.org\",\"@graph\":[{\"@type\":\"WebPage\",\"@id\":\"https:\\\/\\\/bandelin.com\\\/shop\\\/sonopuls-ultraschall-homogenisatoren\\\/zubehoer-sonopuls-ultraschall-homogenisatoren\\\/sonopuls-ts-225-titansonotrode\\\/\",\"url\":\"https:\\\/\\\/bandelin.com\\\/shop\\\/sonopuls-ultraschall-homogenisatoren\\\/zubehoer-sonopuls-ultraschall-homogenisatoren\\\/sonopuls-ts-225-titansonotrode\\\/\",\"name\":\"SONOPULS TS 225 Titansonotrode | BANDELIN electronic GmbH &amp; Co. KG\",\"isPartOf\":{\"@id\":\"https:\\\/\\\/bandelin.com\\\/#website\"},\"primaryImageOfPage\":{\"@id\":\"https:\\\/\\\/bandelin.com\\\/shop\\\/sonopuls-ultraschall-homogenisatoren\\\/zubehoer-sonopuls-ultraschall-homogenisatoren\\\/sonopuls-ts-225-titansonotrode\\\/#primaryimage\"},\"image\":{\"@id\":\"https:\\\/\\\/bandelin.com\\\/shop\\\/sonopuls-ultraschall-homogenisatoren\\\/zubehoer-sonopuls-ultraschall-homogenisatoren\\\/sonopuls-ts-225-titansonotrode\\\/#primaryimage\"},\"thumbnailUrl\":\"https:\\\/\\\/bandelin.com\\\/wp-content\\\/uploads\\\/Produktfoto_TS_225_frontal-scaled.jpg\",\"datePublished\":\"2026-03-31T20:22:28+00:00\",\"dateModified\":\"2026-04-26T18:27:14+00:00\",\"description\":\"Informationen Sie sich \u00fcber SONOPULS TS 225 Titansonotrode | Hochwertige Ultraschallb\u00e4der f\u00fcr Medizin und Industrie von Bandelin Electronic seit 1955.\",\"breadcrumb\":{\"@id\":\"https:\\\/\\\/bandelin.com\\\/shop\\\/sonopuls-ultraschall-homogenisatoren\\\/zubehoer-sonopuls-ultraschall-homogenisatoren\\\/sonopuls-ts-225-titansonotrode\\\/#breadcrumb\"},\"inLanguage\":\"en-GB\",\"potentialAction\":[{\"@type\":\"ReadAction\",\"target\":[\"https:\\\/\\\/bandelin.com\\\/shop\\\/sonopuls-ultraschall-homogenisatoren\\\/zubehoer-sonopuls-ultraschall-homogenisatoren\\\/sonopuls-ts-225-titansonotrode\\\/\"]}]},{\"@type\":\"ImageObject\",\"inLanguage\":\"en-GB\",\"@id\":\"https:\\\/\\\/bandelin.com\\\/shop\\\/sonopuls-ultraschall-homogenisatoren\\\/zubehoer-sonopuls-ultraschall-homogenisatoren\\\/sonopuls-ts-225-titansonotrode\\\/#primaryimage\",\"url\":\"https:\\\/\\\/bandelin.com\\\/wp-content\\\/uploads\\\/Produktfoto_TS_225_frontal-scaled.jpg\",\"contentUrl\":\"https:\\\/\\\/bandelin.com\\\/wp-content\\\/uploads\\\/Produktfoto_TS_225_frontal-scaled.jpg\",\"width\":2048,\"height\":2048,\"caption\":\"SONOPULS TS 225 Titansonotrode Bild\"},{\"@type\":\"BreadcrumbList\",\"@id\":\"https:\\\/\\\/bandelin.com\\\/shop\\\/sonopuls-ultraschall-homogenisatoren\\\/zubehoer-sonopuls-ultraschall-homogenisatoren\\\/sonopuls-ts-225-titansonotrode\\\/#breadcrumb\",\"itemListElement\":[{\"@type\":\"ListItem\",\"position\":1,\"name\":\"Startseite\",\"item\":\"https:\\\/\\\/bandelin.com\\\/\"},{\"@type\":\"ListItem\",\"position\":2,\"name\":\"Shop\",\"item\":\"https:\\\/\\\/bandelin.com\\\/shop\\\/\"},{\"@type\":\"ListItem\",\"position\":3,\"name\":\"SONOPULS TS 225 Titansonotrode\"}]},{\"@type\":\"WebSite\",\"@id\":\"https:\\\/\\\/bandelin.com\\\/#website\",\"url\":\"https:\\\/\\\/bandelin.com\\\/\",\"name\":\"BANDELIN electronic GmbH & Co. KG\",\"description\":\"Ultraschall seit 1955\",\"publisher\":{\"@id\":\"https:\\\/\\\/bandelin.com\\\/#organization\"},\"potentialAction\":[{\"@type\":\"SearchAction\",\"target\":{\"@type\":\"EntryPoint\",\"urlTemplate\":\"https:\\\/\\\/bandelin.com\\\/?s={search_term_string}\"},\"query-input\":{\"@type\":\"PropertyValueSpecification\",\"valueRequired\":true,\"valueName\":\"search_term_string\"}}],\"inLanguage\":\"en-GB\"},{\"@type\":\"Organization\",\"@id\":\"https:\\\/\\\/bandelin.com\\\/#organization\",\"name\":\"BANDELIN electronic GmbH & Co. KG\",\"url\":\"https:\\\/\\\/bandelin.com\\\/\",\"logo\":{\"@type\":\"ImageObject\",\"inLanguage\":\"en-GB\",\"@id\":\"https:\\\/\\\/bandelin.com\\\/#\\\/schema\\\/logo\\\/image\\\/\",\"url\":\"\",\"contentUrl\":\"\",\"caption\":\"BANDELIN electronic GmbH & Co. KG\"},\"image\":{\"@id\":\"https:\\\/\\\/bandelin.com\\\/#\\\/schema\\\/logo\\\/image\\\/\"},\"sameAs\":[\"https:\\\/\\\/de-de.facebook.com\\\/bandelin.electronic\\\/\",\"https:\\\/\\\/www.instagram.com\\\/bandelin_ultrasonic\\\/?hl=de\",\"https:\\\/\\\/www.linkedin.com\\\/company\\\/bandelin-electronic-gmbh-amp-co-kg\",\"https:\\\/\\\/www.youtube.com\\\/channel\\\/UC5wTNrNxkwMmX-WzysQqw3g\"]}]}<\/script>\n<!-- \/ Yoast SEO plugin. -->","yoast_head_json":{"title":"SONOPULS TS 225 Titanium sonotrode | BANDELIN electronic GmbH &amp; Co. KG","description":"Find out more about SONOPULS TS 225 Titanium sonotrode | High-quality ultrasonic baths for medicine and industry from Bandelin Electronic since 1955.","robots":{"index":"index","follow":"follow","max-snippet":"max-snippet:-1","max-image-preview":"max-image-preview:large","max-video-preview":"max-video-preview:-1"},"canonical":"https:\/\/bandelin.com\/en\/shop\/sonopulse-ultrasonic-homogenisers\/accessories-sonopuls-ultrasonic-homogenisers\/sonopuls-ts-225-titanium-sonotrode\/","og_locale":"en_GB","og_type":"article","og_title":"SONOPULS TS 225 Titansonotrode | BANDELIN electronic GmbH &amp; Co. KG","og_description":"Informationen Sie sich \u00fcber SONOPULS TS 225 Titansonotrode | Hochwertige Ultraschallb\u00e4der f\u00fcr Medizin und Industrie von Bandelin Electronic seit 1955.","og_url":"https:\/\/bandelin.com\/en\/shop\/sonopulse-ultrasonic-homogenisers\/accessories-sonopuls-ultrasonic-homogenisers\/sonopuls-ts-225-titanium-sonotrode\/","og_site_name":"BANDELIN electronic GmbH &amp; Co. KG","article_publisher":"https:\/\/de-de.facebook.com\/bandelin.electronic\/","article_modified_time":"2026-04-26T18:27:14+00:00","og_image":[{"width":2048,"height":2048,"url":"https:\/\/bandelin.com\/wp-content\/uploads\/Produktfoto_TS_225_frontal-scaled.jpg","type":"image\/jpeg"}],"twitter_card":"summary_large_image","schema":{"@context":"https:\/\/schema.org","@graph":[{"@type":"WebPage","@id":"https:\/\/bandelin.com\/shop\/sonopuls-ultraschall-homogenisatoren\/zubehoer-sonopuls-ultraschall-homogenisatoren\/sonopuls-ts-225-titansonotrode\/","url":"https:\/\/bandelin.com\/shop\/sonopuls-ultraschall-homogenisatoren\/zubehoer-sonopuls-ultraschall-homogenisatoren\/sonopuls-ts-225-titansonotrode\/","name":"SONOPULS TS 225 Titanium sonotrode | BANDELIN electronic GmbH &amp; Co. KG","isPartOf":{"@id":"https:\/\/bandelin.com\/#website"},"primaryImageOfPage":{"@id":"https:\/\/bandelin.com\/shop\/sonopuls-ultraschall-homogenisatoren\/zubehoer-sonopuls-ultraschall-homogenisatoren\/sonopuls-ts-225-titansonotrode\/#primaryimage"},"image":{"@id":"https:\/\/bandelin.com\/shop\/sonopuls-ultraschall-homogenisatoren\/zubehoer-sonopuls-ultraschall-homogenisatoren\/sonopuls-ts-225-titansonotrode\/#primaryimage"},"thumbnailUrl":"https:\/\/bandelin.com\/wp-content\/uploads\/Produktfoto_TS_225_frontal-scaled.jpg","datePublished":"2026-03-31T20:22:28+00:00","dateModified":"2026-04-26T18:27:14+00:00","description":"Find out more about SONOPULS TS 225 Titanium sonotrode | High-quality ultrasonic baths for medicine and industry from Bandelin Electronic since 1955.","breadcrumb":{"@id":"https:\/\/bandelin.com\/shop\/sonopuls-ultraschall-homogenisatoren\/zubehoer-sonopuls-ultraschall-homogenisatoren\/sonopuls-ts-225-titansonotrode\/#breadcrumb"},"inLanguage":"en-GB","potentialAction":[{"@type":"ReadAction","target":["https:\/\/bandelin.com\/shop\/sonopuls-ultraschall-homogenisatoren\/zubehoer-sonopuls-ultraschall-homogenisatoren\/sonopuls-ts-225-titansonotrode\/"]}]},{"@type":"ImageObject","inLanguage":"en-GB","@id":"https:\/\/bandelin.com\/shop\/sonopuls-ultraschall-homogenisatoren\/zubehoer-sonopuls-ultraschall-homogenisatoren\/sonopuls-ts-225-titansonotrode\/#primaryimage","url":"https:\/\/bandelin.com\/wp-content\/uploads\/Produktfoto_TS_225_frontal-scaled.jpg","contentUrl":"https:\/\/bandelin.com\/wp-content\/uploads\/Produktfoto_TS_225_frontal-scaled.jpg","width":2048,"height":2048,"caption":"SONOPULS TS 225 Titansonotrode Bild"},{"@type":"BreadcrumbList","@id":"https:\/\/bandelin.com\/shop\/sonopuls-ultraschall-homogenisatoren\/zubehoer-sonopuls-ultraschall-homogenisatoren\/sonopuls-ts-225-titansonotrode\/#breadcrumb","itemListElement":[{"@type":"ListItem","position":1,"name":"Startseite","item":"https:\/\/bandelin.com\/"},{"@type":"ListItem","position":2,"name":"Shop","item":"https:\/\/bandelin.com\/shop\/"},{"@type":"ListItem","position":3,"name":"SONOPULS TS 225 Titansonotrode"}]},{"@type":"WebSite","@id":"https:\/\/bandelin.com\/#website","url":"https:\/\/bandelin.com\/","name":"BANDELIN electronic GmbH &amp; Co. KG","description":"Ultrasound since 1955","publisher":{"@id":"https:\/\/bandelin.com\/#organization"},"potentialAction":[{"@type":"SearchAction","target":{"@type":"EntryPoint","urlTemplate":"https:\/\/bandelin.com\/?s={search_term_string}"},"query-input":{"@type":"PropertyValueSpecification","valueRequired":true,"valueName":"search_term_string"}}],"inLanguage":"en-GB"},{"@type":"Organization","@id":"https:\/\/bandelin.com\/#organization","name":"BANDELIN electronic GmbH &amp; Co. KG","url":"https:\/\/bandelin.com\/","logo":{"@type":"ImageObject","inLanguage":"en-GB","@id":"https:\/\/bandelin.com\/#\/schema\/logo\/image\/","url":"","contentUrl":"","caption":"BANDELIN electronic GmbH & Co. KG"},"image":{"@id":"https:\/\/bandelin.com\/#\/schema\/logo\/image\/"},"sameAs":["https:\/\/de-de.facebook.com\/bandelin.electronic\/","https:\/\/www.instagram.com\/bandelin_ultrasonic\/?hl=de","https:\/\/www.linkedin.com\/company\/bandelin-electronic-gmbh-amp-co-kg","https:\/\/www.youtube.com\/channel\/UC5wTNrNxkwMmX-WzysQqw3g"]}]}},"_links":{"self":[{"href":"https:\/\/bandelin.com\/en\/wp-json\/wp\/v2\/product\/666502","targetHints":{"allow":["GET"]}}],"collection":[{"href":"https:\/\/bandelin.com\/en\/wp-json\/wp\/v2\/product"}],"about":[{"href":"https:\/\/bandelin.com\/en\/wp-json\/wp\/v2\/types\/product"}],"version-history":[{"count":2,"href":"https:\/\/bandelin.com\/en\/wp-json\/wp\/v2\/product\/666502\/revisions"}],"predecessor-version":[{"id":666504,"href":"https:\/\/bandelin.com\/en\/wp-json\/wp\/v2\/product\/666502\/revisions\/666504"}],"wp:featuredmedia":[{"embeddable":true,"href":"https:\/\/bandelin.com\/en\/wp-json\/wp\/v2\/media\/649933"}],"wp:attachment":[{"href":"https:\/\/bandelin.com\/en\/wp-json\/wp\/v2\/media?parent=666502"}],"wp:term":[{"taxonomy":"product_brand","embeddable":true,"href":"https:\/\/bandelin.com\/en\/wp-json\/wp\/v2\/product_brand?post=666502"},{"taxonomy":"product_cat","embeddable":true,"href":"https:\/\/bandelin.com\/en\/wp-json\/wp\/v2\/product_cat?post=666502"},{"taxonomy":"product_tag","embeddable":true,"href":"https:\/\/bandelin.com\/en\/wp-json\/wp\/v2\/product_tag?post=666502"}],"curies":[{"name":"wp","href":"https:\/\/api.w.org\/{rel}","templated":true}]}}