{"id":697335,"date":"2026-05-07T21:04:04","date_gmt":"2026-05-07T19:04:04","guid":{"rendered":"https:\/\/bandelin.com\/shop\/unkategorisiert\/stammopur-rd-5-instrumenten-reiniger-konzentrat\/"},"modified":"2026-05-07T23:06:56","modified_gmt":"2026-05-07T21:06:56","slug":"stammopur-rd-5-instrument-cleaner-concentrate","status":"publish","type":"product","link":"https:\/\/bandelin.com\/en\/shop\/reinigungs-und-desinfektionspraeparate\/stammopur-reinigungs-und-desinfektionspraeparate\/stammopur-rd-5-instrumenten-reiniger-konzentrat\/","title":{"rendered":"STAMMOPUR RD 5 Instrument cleaner, concentrate"},"content":{"rendered":"<p>STAMMOPUR RD 5<br \/>\n  Instrument cleaner<\/p>\n<p>  Concentrate for the removal of contaminants from tools, workpieces and medical devices from production and processing in the dental laboratory.<\/p>\n<p>  The preparation is mainly used in dental laboratories to remove machining residues such as waxes and polishing and grinding residues on dental prostheses such as crowns, implants, dentures as well as on machining tools.<br \/>\n  Particularly suitable for removing stubborn, dried impurities from blood, secretions, sputum and tissue residues.<\/p>\n<p>  The application is carried out both in an ultrasonic bath and in an immersion bath.<\/p>\n<p>  Also for manual cleaning and pre-cleaning of dental, surgical, invasive and non-invasive dental instruments, accessories and components of medical devices.<\/p>\n<p>  The use in the process of instrument reprocessing takes place in the dental practice, dental clinic, oral surgery and orthodontics.<\/p>\n<p>  At a glance<br \/>\n  - Concentrate<br \/>\n  - Very high material compatibility<br \/>\n  - High cleaning effect in the ultrasonic bath<br \/>\n  - Removal of stubborn, dried-in contaminants<\/p>\n<p>  Material compatibility and impurities<br \/>\n  STAMMOPUR RD 5 has a very high material compatibility. <\/p>\n<p>  Not suitable for use on aluminium and alkali-sensitive materials such as copper, brass, tin, zinc.<\/p>\n<p>  Removes<br \/>\n  - Grow,<br \/>\n  - Polishing,<br \/>\n  - Grinding residues,<br \/>\n  - Blood,<br \/>\n  - Secretions,<br \/>\n  - Sputum<br \/>\n  and tissue remnants <\/p>\n<p>  From the following materials<br \/>\n  - Stainless steel,<br \/>\n  - Instrument steel,<br \/>\n  - Titanium,<br \/>\n  - Glass,<br \/>\n  - Porcelain,<br \/>\n  - Ceramics,<br \/>\n  and plastic.<\/p>\n<p>  Application<br \/>\n  The exclusively professional users are trained specialists.<\/p>\n<p>  The application is intended for cleaning and pre-cleaning as part of technical cleaning in the dental laboratory as well as for manual instrument preparation in the practice and clinic.<\/p>\n<p>  Dosage and contact time<br \/>\n  Dosage:<br \/>\n  in ultrasonic bath: 3%<br \/>\n  without ultrasound: 5%<\/p>\n<p>  Exposure time:<br \/>\n  in ultrasonic bath: 3-10 min<br \/>\n  without ultrasound: exposure time depending on the type and stubbornness of the contamination, max. 60 minutes. <\/p>\n<p>  Temperature:<br \/>\n  For fresh contamination with blood and proteins, prepare cold.<br \/>\n  Can be heated up to 60 \u00b0C for stubborn contamination.<\/p>\n<p>  Composition per 100g:<br \/>\n  1-&lt; 10 % anionic surfactants,\n  1-&lt; 10 % non-ionic surfactants,\n  1-&lt; 10 % complexing agent,\n  1-&lt; 10 % 2-propanol,\n  1-&lt; 10 % Phenols,\n  1-&lt; 1.0 % Sodium hydroxide.\n  \n  Product pH range: alkaline\n  \n  Use diluted with water of at least drinking water quality.\n  \n  Adding additives to the cleaning solution is not permitted.\n  \n  Special instructions\n  Do not treat optics, fibre optics and bonded parts with ultrasound.\n  \n  Hazard statements\n  H315 Causes skin irritation.\n  H318 Causes serious eye damage.\n  \n  Precautionary statements\n  P280 Wear protective gloves\/protective clothing\/eye protection\/face protection.\n  P305+P351+P338 IF IN EYES: Rinse cautiously with water for several minutes.\n  Remove any contact lenses if possible. Continue rinsing.\n<\/p>","protected":false},"excerpt":{"rendered":"<p>STAMMOPUR RD 5 Instrumenten-Reiniger Konzentrat zur Entfernung von Verunreinigungen an Werkzeugen, Werkst\u00fccken und Medizinprodukten aus der Herstellung und Bearbeitung im Dentallabor. Der Einsatz des Pr\u00e4parates erfolgt vorwiegend im Dentallabor zur Entfernung von Bearbeitungsr\u00fcckst\u00e4nden wie Wachsen und Polier- und Schleifr\u00fcckst\u00e4nden an Zahnersatz wie Kronen, Implantaten, Prothesen sowie an Bearbeitungswerkzeugen. Besonders zur Entfernung von hartn\u00e4ckigen, eingetrockneten Verunreinigungen [&hellip;]<\/p>\n","protected":false},"featured_media":650240,"template":"","meta":{"_acf_changed":false},"product_brand":[],"product_cat":[14263,14181],"product_tag":[14831,14829],"class_list":{"0":"post-697335","1":"product","2":"type-product","3":"status-publish","4":"has-post-thumbnail","6":"product_cat-stammopur-reinigungs-und-desinfektionspraeparate","7":"product_cat-reinigungs-und-desinfektionspraeparate","8":"product_tag-stammopur-reinigungs-und-desinfektionspraeparate","9":"product_tag-reinigungs-und-desinfektionspraeparate","10":"pa_bestellnummer-14001","11":"pa_bestellnummer-13969","12":"pa_bestellnummer-13967","13":"pa_bestellnummer-13043","14":"pa_gebindegroesse-l-1-liter-33-euro-liter","15":"pa_gebindegroesse-l-10-liter-184-euro-liter","16":"pa_gebindegroesse-l-5-liter-208-euro-liter","17":"pa_gebindegroesse-l-2-liter-25-euro-liter","18":"pa_inhalt-l-14541","19":"pa_inhalt-l-14540","20":"pa_inhalt-l-13991","21":"pa_inhalt-l-12484","22":"pa_verpackung-breite-mm-12313","23":"pa_verpackung-breite-mm-130-2","24":"pa_verpackung-hoehe-mm-13038","25":"pa_verpackung-hoehe-mm-12354","26":"pa_verpackung-laenge-mm-12353","27":"pa_verpackung-laenge-mm-250-2","29":"first","30":"instock","31":"taxable","32":"shipping-taxable","33":"purchasable","34":"product-type-variable","35":"has-default-attributes"},"acf":[],"yoast_head":"<!-- This site is optimized with the Yoast SEO plugin v27.5 - https:\/\/yoast.com\/product\/yoast-seo-wordpress\/ -->\n<title>STAMMOPUR RD 5 Instrumenten-Reiniger, Konzentrat | BANDELIN electronic GmbH &amp; Co. KG<\/title>\n<meta name=\"description\" content=\"Informationen Sie sich \u00fcber STAMMOPUR RD 5 Instrumenten-Reiniger, Konzentrat | Hochwertige Ultraschallb\u00e4der f\u00fcr Medizin und Industrie von Bandelin Electronic seit 1955.\" \/>\n<meta name=\"robots\" content=\"index, follow, max-snippet:-1, max-image-preview:large, max-video-preview:-1\" \/>\n<link rel=\"canonical\" href=\"https:\/\/bandelin.com\/en\/shop\/cleaning-and-disinfecting-preparations\/stammopur-cleaning-and-disinfection-preparations\/stammopur-rd-5-instrument-cleaner-concentrate\/\" \/>\n<meta property=\"og:locale\" content=\"en_GB\" \/>\n<meta property=\"og:type\" content=\"article\" \/>\n<meta property=\"og:title\" content=\"STAMMOPUR RD 5 Instrumenten-Reiniger, Konzentrat | BANDELIN electronic GmbH &amp; Co. KG\" \/>\n<meta property=\"og:description\" content=\"Informationen Sie sich \u00fcber STAMMOPUR RD 5 Instrumenten-Reiniger, Konzentrat | Hochwertige Ultraschallb\u00e4der f\u00fcr Medizin und Industrie von Bandelin Electronic seit 1955.\" \/>\n<meta property=\"og:url\" content=\"https:\/\/bandelin.com\/en\/shop\/cleaning-and-disinfecting-preparations\/stammopur-cleaning-and-disinfection-preparations\/stammopur-rd-5-instrument-cleaner-concentrate\/\" \/>\n<meta property=\"og:site_name\" content=\"BANDELIN electronic GmbH &amp; Co. KG\" \/>\n<meta property=\"article:publisher\" content=\"https:\/\/de-de.facebook.com\/bandelin.electronic\/\" \/>\n<meta property=\"article:modified_time\" content=\"2026-05-07T21:06:56+00:00\" \/>\n<meta property=\"og:image\" content=\"https:\/\/bandelin.com\/wp-content\/uploads\/Produktfoto_1L_STAMMOPUR_RD_5-scaled.jpg\" \/>\n\t<meta property=\"og:image:width\" content=\"2048\" \/>\n\t<meta property=\"og:image:height\" content=\"2048\" \/>\n\t<meta property=\"og:image:type\" content=\"image\/jpeg\" \/>\n<meta name=\"twitter:card\" content=\"summary_large_image\" \/>\n<meta name=\"twitter:label1\" content=\"Estimated reading time\" \/>\n\t<meta name=\"twitter:data1\" content=\"2 minutes\" \/>\n<script type=\"application\/ld+json\" class=\"yoast-schema-graph\">{\"@context\":\"https:\\\/\\\/schema.org\",\"@graph\":[{\"@type\":\"WebPage\",\"@id\":\"https:\\\/\\\/bandelin.com\\\/shop\\\/reinigungs-und-desinfektionspraeparate\\\/stammopur-reinigungs-und-desinfektionspraeparate\\\/stammopur-rd-5-instrumenten-reiniger-konzentrat\\\/\",\"url\":\"https:\\\/\\\/bandelin.com\\\/shop\\\/reinigungs-und-desinfektionspraeparate\\\/stammopur-reinigungs-und-desinfektionspraeparate\\\/stammopur-rd-5-instrumenten-reiniger-konzentrat\\\/\",\"name\":\"STAMMOPUR RD 5 Instrumenten-Reiniger, Konzentrat | BANDELIN electronic GmbH &amp; Co. KG\",\"isPartOf\":{\"@id\":\"https:\\\/\\\/bvted2iv.myrdbx.io\\\/#website\"},\"primaryImageOfPage\":{\"@id\":\"https:\\\/\\\/bandelin.com\\\/shop\\\/reinigungs-und-desinfektionspraeparate\\\/stammopur-reinigungs-und-desinfektionspraeparate\\\/stammopur-rd-5-instrumenten-reiniger-konzentrat\\\/#primaryimage\"},\"image\":{\"@id\":\"https:\\\/\\\/bandelin.com\\\/shop\\\/reinigungs-und-desinfektionspraeparate\\\/stammopur-reinigungs-und-desinfektionspraeparate\\\/stammopur-rd-5-instrumenten-reiniger-konzentrat\\\/#primaryimage\"},\"thumbnailUrl\":\"https:\\\/\\\/bandelin.com\\\/wp-content\\\/uploads\\\/Produktfoto_1L_STAMMOPUR_RD_5-scaled.jpg\",\"datePublished\":\"2026-05-07T19:04:04+00:00\",\"dateModified\":\"2026-05-07T21:06:56+00:00\",\"description\":\"Informationen Sie sich \u00fcber STAMMOPUR RD 5 Instrumenten-Reiniger, Konzentrat | Hochwertige Ultraschallb\u00e4der f\u00fcr Medizin und Industrie von Bandelin Electronic seit 1955.\",\"breadcrumb\":{\"@id\":\"https:\\\/\\\/bandelin.com\\\/shop\\\/reinigungs-und-desinfektionspraeparate\\\/stammopur-reinigungs-und-desinfektionspraeparate\\\/stammopur-rd-5-instrumenten-reiniger-konzentrat\\\/#breadcrumb\"},\"inLanguage\":\"en-GB\",\"potentialAction\":[{\"@type\":\"ReadAction\",\"target\":[\"https:\\\/\\\/bandelin.com\\\/shop\\\/reinigungs-und-desinfektionspraeparate\\\/stammopur-reinigungs-und-desinfektionspraeparate\\\/stammopur-rd-5-instrumenten-reiniger-konzentrat\\\/\"]}]},{\"@type\":\"ImageObject\",\"inLanguage\":\"en-GB\",\"@id\":\"https:\\\/\\\/bandelin.com\\\/shop\\\/reinigungs-und-desinfektionspraeparate\\\/stammopur-reinigungs-und-desinfektionspraeparate\\\/stammopur-rd-5-instrumenten-reiniger-konzentrat\\\/#primaryimage\",\"url\":\"https:\\\/\\\/bandelin.com\\\/wp-content\\\/uploads\\\/Produktfoto_1L_STAMMOPUR_RD_5-scaled.jpg\",\"contentUrl\":\"https:\\\/\\\/bandelin.com\\\/wp-content\\\/uploads\\\/Produktfoto_1L_STAMMOPUR_RD_5-scaled.jpg\",\"width\":2048,\"height\":2048,\"caption\":\"STAMMOPUR RD 5 Instrumenten-Reiniger\"},{\"@type\":\"BreadcrumbList\",\"@id\":\"https:\\\/\\\/bandelin.com\\\/shop\\\/reinigungs-und-desinfektionspraeparate\\\/stammopur-reinigungs-und-desinfektionspraeparate\\\/stammopur-rd-5-instrumenten-reiniger-konzentrat\\\/#breadcrumb\",\"itemListElement\":[{\"@type\":\"ListItem\",\"position\":1,\"name\":\"Startseite\",\"item\":\"https:\\\/\\\/bandelin.com\\\/\"},{\"@type\":\"ListItem\",\"position\":2,\"name\":\"Shop\",\"item\":\"https:\\\/\\\/bandelin.com\\\/shop\\\/\"},{\"@type\":\"ListItem\",\"position\":3,\"name\":\"STAMMOPUR RD 5 Instrumenten-Reiniger, Konzentrat\"}]},{\"@type\":\"WebSite\",\"@id\":\"https:\\\/\\\/bvted2iv.myrdbx.io\\\/#website\",\"url\":\"https:\\\/\\\/bvted2iv.myrdbx.io\\\/\",\"name\":\"BANDELIN electronic GmbH & Co. KG\",\"description\":\"Ultraschall seit 1955\",\"publisher\":{\"@id\":\"https:\\\/\\\/bvted2iv.myrdbx.io\\\/#organization\"},\"potentialAction\":[{\"@type\":\"SearchAction\",\"target\":{\"@type\":\"EntryPoint\",\"urlTemplate\":\"https:\\\/\\\/bvted2iv.myrdbx.io\\\/?s={search_term_string}\"},\"query-input\":{\"@type\":\"PropertyValueSpecification\",\"valueRequired\":true,\"valueName\":\"search_term_string\"}}],\"inLanguage\":\"en-GB\"},{\"@type\":\"Organization\",\"@id\":\"https:\\\/\\\/bvted2iv.myrdbx.io\\\/#organization\",\"name\":\"BANDELIN electronic GmbH & Co. KG\",\"url\":\"https:\\\/\\\/bvted2iv.myrdbx.io\\\/\",\"logo\":{\"@type\":\"ImageObject\",\"inLanguage\":\"en-GB\",\"@id\":\"https:\\\/\\\/bvted2iv.myrdbx.io\\\/#\\\/schema\\\/logo\\\/image\\\/\",\"url\":\"\",\"contentUrl\":\"\",\"caption\":\"BANDELIN electronic GmbH & Co. KG\"},\"image\":{\"@id\":\"https:\\\/\\\/bvted2iv.myrdbx.io\\\/#\\\/schema\\\/logo\\\/image\\\/\"},\"sameAs\":[\"https:\\\/\\\/de-de.facebook.com\\\/bandelin.electronic\\\/\",\"https:\\\/\\\/www.instagram.com\\\/bandelin_ultrasonic\\\/?hl=de\",\"https:\\\/\\\/www.linkedin.com\\\/company\\\/bandelin-electronic-gmbh-amp-co-kg\",\"https:\\\/\\\/www.youtube.com\\\/channel\\\/UC5wTNrNxkwMmX-WzysQqw3g\"]}]}<\/script>\n<!-- \/ Yoast SEO plugin. -->","yoast_head_json":{"title":"STAMMOPUR RD 5 Instrument Cleaner, Concentrate | BANDELIN electronic GmbH &amp; Co. KG","description":"Find out more about STAMMOPUR RD 5 Instrument Cleaner, Concentrate | High-quality ultrasonic baths for medicine and industry from Bandelin Electronic since 1955.","robots":{"index":"index","follow":"follow","max-snippet":"max-snippet:-1","max-image-preview":"max-image-preview:large","max-video-preview":"max-video-preview:-1"},"canonical":"https:\/\/bandelin.com\/en\/shop\/cleaning-and-disinfecting-preparations\/stammopur-cleaning-and-disinfection-preparations\/stammopur-rd-5-instrument-cleaner-concentrate\/","og_locale":"en_GB","og_type":"article","og_title":"STAMMOPUR RD 5 Instrumenten-Reiniger, Konzentrat | BANDELIN electronic GmbH &amp; Co. KG","og_description":"Informationen Sie sich \u00fcber STAMMOPUR RD 5 Instrumenten-Reiniger, Konzentrat | Hochwertige Ultraschallb\u00e4der f\u00fcr Medizin und Industrie von Bandelin Electronic seit 1955.","og_url":"https:\/\/bandelin.com\/en\/shop\/cleaning-and-disinfecting-preparations\/stammopur-cleaning-and-disinfection-preparations\/stammopur-rd-5-instrument-cleaner-concentrate\/","og_site_name":"BANDELIN electronic GmbH &amp; Co. KG","article_publisher":"https:\/\/de-de.facebook.com\/bandelin.electronic\/","article_modified_time":"2026-05-07T21:06:56+00:00","og_image":[{"width":2048,"height":2048,"url":"https:\/\/bandelin.com\/wp-content\/uploads\/Produktfoto_1L_STAMMOPUR_RD_5-scaled.jpg","type":"image\/jpeg"}],"twitter_card":"summary_large_image","twitter_misc":{"Estimated reading time":"2 minutes"},"schema":{"@context":"https:\/\/schema.org","@graph":[{"@type":"WebPage","@id":"https:\/\/bandelin.com\/shop\/reinigungs-und-desinfektionspraeparate\/stammopur-reinigungs-und-desinfektionspraeparate\/stammopur-rd-5-instrumenten-reiniger-konzentrat\/","url":"https:\/\/bandelin.com\/shop\/reinigungs-und-desinfektionspraeparate\/stammopur-reinigungs-und-desinfektionspraeparate\/stammopur-rd-5-instrumenten-reiniger-konzentrat\/","name":"STAMMOPUR RD 5 Instrument Cleaner, Concentrate | BANDELIN electronic GmbH &amp; Co. KG","isPartOf":{"@id":"https:\/\/bvted2iv.myrdbx.io\/#website"},"primaryImageOfPage":{"@id":"https:\/\/bandelin.com\/shop\/reinigungs-und-desinfektionspraeparate\/stammopur-reinigungs-und-desinfektionspraeparate\/stammopur-rd-5-instrumenten-reiniger-konzentrat\/#primaryimage"},"image":{"@id":"https:\/\/bandelin.com\/shop\/reinigungs-und-desinfektionspraeparate\/stammopur-reinigungs-und-desinfektionspraeparate\/stammopur-rd-5-instrumenten-reiniger-konzentrat\/#primaryimage"},"thumbnailUrl":"https:\/\/bandelin.com\/wp-content\/uploads\/Produktfoto_1L_STAMMOPUR_RD_5-scaled.jpg","datePublished":"2026-05-07T19:04:04+00:00","dateModified":"2026-05-07T21:06:56+00:00","description":"Find out more about STAMMOPUR RD 5 Instrument Cleaner, Concentrate | High-quality ultrasonic baths for medicine and industry from Bandelin Electronic since 1955.","breadcrumb":{"@id":"https:\/\/bandelin.com\/shop\/reinigungs-und-desinfektionspraeparate\/stammopur-reinigungs-und-desinfektionspraeparate\/stammopur-rd-5-instrumenten-reiniger-konzentrat\/#breadcrumb"},"inLanguage":"en-GB","potentialAction":[{"@type":"ReadAction","target":["https:\/\/bandelin.com\/shop\/reinigungs-und-desinfektionspraeparate\/stammopur-reinigungs-und-desinfektionspraeparate\/stammopur-rd-5-instrumenten-reiniger-konzentrat\/"]}]},{"@type":"ImageObject","inLanguage":"en-GB","@id":"https:\/\/bandelin.com\/shop\/reinigungs-und-desinfektionspraeparate\/stammopur-reinigungs-und-desinfektionspraeparate\/stammopur-rd-5-instrumenten-reiniger-konzentrat\/#primaryimage","url":"https:\/\/bandelin.com\/wp-content\/uploads\/Produktfoto_1L_STAMMOPUR_RD_5-scaled.jpg","contentUrl":"https:\/\/bandelin.com\/wp-content\/uploads\/Produktfoto_1L_STAMMOPUR_RD_5-scaled.jpg","width":2048,"height":2048,"caption":"STAMMOPUR RD 5 Instrumenten-Reiniger"},{"@type":"BreadcrumbList","@id":"https:\/\/bandelin.com\/shop\/reinigungs-und-desinfektionspraeparate\/stammopur-reinigungs-und-desinfektionspraeparate\/stammopur-rd-5-instrumenten-reiniger-konzentrat\/#breadcrumb","itemListElement":[{"@type":"ListItem","position":1,"name":"Startseite","item":"https:\/\/bandelin.com\/"},{"@type":"ListItem","position":2,"name":"Shop","item":"https:\/\/bandelin.com\/shop\/"},{"@type":"ListItem","position":3,"name":"STAMMOPUR RD 5 Instrumenten-Reiniger, Konzentrat"}]},{"@type":"WebSite","@id":"https:\/\/bvted2iv.myrdbx.io\/#website","url":"https:\/\/bvted2iv.myrdbx.io\/","name":"BANDELIN electronic GmbH &amp; Co. KG","description":"Ultrasound since 1955","publisher":{"@id":"https:\/\/bvted2iv.myrdbx.io\/#organization"},"potentialAction":[{"@type":"SearchAction","target":{"@type":"EntryPoint","urlTemplate":"https:\/\/bvted2iv.myrdbx.io\/?s={search_term_string}"},"query-input":{"@type":"PropertyValueSpecification","valueRequired":true,"valueName":"search_term_string"}}],"inLanguage":"en-GB"},{"@type":"Organization","@id":"https:\/\/bvted2iv.myrdbx.io\/#organization","name":"BANDELIN electronic GmbH &amp; Co. KG","url":"https:\/\/bvted2iv.myrdbx.io\/","logo":{"@type":"ImageObject","inLanguage":"en-GB","@id":"https:\/\/bvted2iv.myrdbx.io\/#\/schema\/logo\/image\/","url":"","contentUrl":"","caption":"BANDELIN electronic GmbH & Co. KG"},"image":{"@id":"https:\/\/bvted2iv.myrdbx.io\/#\/schema\/logo\/image\/"},"sameAs":["https:\/\/de-de.facebook.com\/bandelin.electronic\/","https:\/\/www.instagram.com\/bandelin_ultrasonic\/?hl=de","https:\/\/www.linkedin.com\/company\/bandelin-electronic-gmbh-amp-co-kg","https:\/\/www.youtube.com\/channel\/UC5wTNrNxkwMmX-WzysQqw3g"]}]}},"_links":{"self":[{"href":"https:\/\/bandelin.com\/en\/wp-json\/wp\/v2\/product\/697335","targetHints":{"allow":["GET"]}}],"collection":[{"href":"https:\/\/bandelin.com\/en\/wp-json\/wp\/v2\/product"}],"about":[{"href":"https:\/\/bandelin.com\/en\/wp-json\/wp\/v2\/types\/product"}],"version-history":[{"count":1,"href":"https:\/\/bandelin.com\/en\/wp-json\/wp\/v2\/product\/697335\/revisions"}],"predecessor-version":[{"id":697336,"href":"https:\/\/bandelin.com\/en\/wp-json\/wp\/v2\/product\/697335\/revisions\/697336"}],"wp:featuredmedia":[{"embeddable":true,"href":"https:\/\/bandelin.com\/en\/wp-json\/wp\/v2\/media\/650240"}],"wp:attachment":[{"href":"https:\/\/bandelin.com\/en\/wp-json\/wp\/v2\/media?parent=697335"}],"wp:term":[{"taxonomy":"product_brand","embeddable":true,"href":"https:\/\/bandelin.com\/en\/wp-json\/wp\/v2\/product_brand?post=697335"},{"taxonomy":"product_cat","embeddable":true,"href":"https:\/\/bandelin.com\/en\/wp-json\/wp\/v2\/product_cat?post=697335"},{"taxonomy":"product_tag","embeddable":true,"href":"https:\/\/bandelin.com\/en\/wp-json\/wp\/v2\/product_tag?post=697335"}],"curies":[{"name":"wp","href":"https:\/\/api.w.org\/{rel}","templated":true}]}}