{"id":697363,"date":"2026-05-07T21:04:48","date_gmt":"2026-05-07T19:04:48","guid":{"rendered":"https:\/\/bandelin.com\/shop\/unkategorisiert\/stammopur-dr-8-instrumenten-desinfektion-und-intensiv-reinigung-konzentrat\/"},"modified":"2026-05-07T23:07:55","modified_gmt":"2026-05-07T21:07:55","slug":"stammopur-dr-8-instrument-disinfection-and-intensive-cleaning-concentrate","status":"publish","type":"product","link":"https:\/\/bandelin.com\/en\/shop\/reinigungs-und-desinfektionspraeparate\/stammopur-reinigungs-und-desinfektionspraeparate\/stammopur-dr-8-instrumenten-desinfektion-und-intensiv-reinigung-konzentrat\/","title":{"rendered":"STAMMOPUR DR 8 Instrument disinfection and intensive cleaning, concentrate"},"content":{"rendered":"<p>STAMMOPUR DR 8<br \/>\n  Instrument disinfection and intensive cleaning<\/p>\n<p>  Concentrate for manual, chemical disinfection and disinfectant, non-fixing intensive cleaning of general, surgical, invasive and non-invasive medical instruments and accessories in ultrasonic baths as well as in immersion baths.<\/p>\n<p>  The preparation is used in the process of instrument reprocessing in the AEMP (reprocessing unit for medical devices) in the clinic, the doctor's and dentist's practice, as well as in the dental laboratory and in medical foot care. <\/p>\n<p>  For critical and semi-critical medical devices, further reprocessing steps are necessary, do not use for final disinfection.<\/p>\n<p>  Spectrum of action<br \/>\n  - Bactericidal and levurocidal (EN 13727, EN 145661, EN 13624, EN 14562, DGHM, high load)<br \/>\n  - Limited virucidal (EN 14476, high load) <\/p>\n<p>  At a glance<br \/>\n  - Concentrate<br \/>\n  - VAH listed<br \/>\n  - Economical due to low application concentration<br \/>\n  - Very high material compatibility<br \/>\n  - Free from aldehydes, chlorine and phenols<br \/>\n  - Bactericidal, levurocidal, limited virucidal<br \/>\n  - Effective against coronaviruses (SARS-CoV-2)<br \/>\n  - Biodegradable<br \/>\n  - Very high cleaning effect in the ultrasonic bath<\/p>\n<p>  Material compatibility and impurities<br \/>\n  STAMMOPUR DR 8 has a very high material compatibility.<br \/>\n  Due to the formulation in the mild-alkaline range, the preparation is also suitable for light metals within the scope of the exposure times.<\/p>\n<p>  Cleans manually, disinfecting, non-fixing and intensively from the following materials<br \/>\n  - Metal,<br \/>\n  - Light metals,<br \/>\n  - Titanium,<br \/>\n  - Glass,<br \/>\n  - Porcelain,<br \/>\n  - Ceramics<br \/>\n  and plastic.<\/p>\n<p>  Application<br \/>\n  The exclusively professional users are trained specialists.<\/p>\n<p>  STAMMOPUR DR 8 has a very high cleaning effect. In the ultrasonic bath, it leads to a time reduction of the cleaning process in the multitude of applications. The time reduction of the disinfection due to the ultrasonic effect, which has been confirmed by an expert, additionally leads to an overall shortening of the reprocessing process.<\/p>\n<p>  For endoscopes and accessories, the suitability recommendations of the companies Karl Storz GmbH and Richard Wolf GmbH are available. The instructions of the instrument manufacturers must be strictly observed when reprocessing with STAMMOPUR DR 8, especially in the ultrasonic bath.<\/p>\n<p>  STAMMOPUR DR 8 is not compatible with aldehydic preparations. These must be thoroughly removed from cleaning materials and accessories before using STAMMOPUR DR 8. <\/p>\n<p>  The standing time of the disinfectant solution has been extended to three days by expert opinion.<\/p>\n<p>  Dosage and exposure times<br \/>\n  Application with ultrasound:<\/p>\n<p>  Bactericidal, levurocidal,<br \/>\n  limited virucidal incl. H5N1: 2% - 5 min<\/p>\n<p>  SV40 2 % - 10 minutes<\/p>\n<p>  Adeno 3 % - 15 minutes<\/p>\n<p>  Application without ultrasound:<\/p>\n<p>  Bactericidal, levurocidal: 1 % - 60 min<\/p>\n<p>  Bactericidal, levurocidal, limited virucidal<br \/>\n  incl. H5N1 and additionally against SV 40: 2 % - 30 min or 3 % - 15 min<\/p>\n<p>  Temperature: prepare cold and do not heat additionally (max. 45 \u00b0C).<\/p>\n<p>  Adeno (EN 14476, high load) Effectiveness only when used in an ultrasonic bath. <\/p>\n<p>  Composition per 100g:<br \/>\n  9.9 g bis(3-aminopropyl)dodecaylamine,<br \/>\n  8.4 g didecyl methyl polyoxyethyl ammonium propionate,<br \/>\n  &lt; 30 % butane-1,4-diol,\n  5-15 % butyl diglycol,\n  5-15 % non-ionic surfactants,\n  &lt; 5 % Piperazine,\n  Complexing agent,\n  pH regulators.\n  \n  Product pH range: mildly alkaline\n  \n  Use diluted with water of at least drinking water quality.\n  \n  Adding additives to the solution is not permitted.\n  \n  Special instructions\n  Do not treat optics, fibre optics and bonded parts with ultrasound.\n  \n  Hazard statements\n  H302 Harmful if swallowed.\n  H314 Causes severe skin burns and eye damage.\n  H317 May cause an allergic skin reaction.\n  H334 May cause allergy or asthma symptoms or breathing difficulties if inhaled.\n  if inhaled.\n  H336 May cause drowsiness or dizziness.\n  H361fd Suspected of damaging fertility. Suspected of damaging the unborn child.\n  may cause harm to the unborn child.\n  H411 Toxic to aquatic life with long lasting effects.\n  \n  Precautionary statements\n  P280 Wear protective gloves\/protective clothing\/eye protection\/face protection.\n  P305+P351+P338 IF IN EYES: Rinse cautiously with water for several minutes.\n  Remove any contact lenses if possible. Continue rinsing.\n  P308+P313 IF exposed or concerned: Get medical advice\/attention.\n  P310 Immediately call a POISON CENTER\/doctor.\n<\/p>","protected":false},"excerpt":{"rendered":"<p>STAMMOPUR DR 8 Instrumenten-Desinfektion und Intensiv-Reinigung Konzentrat zur manuellen, chemischen Desinfektion und desinfizierenden, nicht-fixierenden Intensiv-Reinigung allgemeiner, chirurgischer, invasiver und nicht-invasiver medizinischer Instrumente und Zubeh\u00f6r im Ultraschallbad sowie im Tauchbadverfahren. Der Einsatz des Pr\u00e4parates erfolgt im Prozess der Instrumentenaufbereitung in der AEMP (Aufbereitungseinheit f\u00fcr Medizinprodukte) in der Klinik, der Arzt- und Zahnarztpraxis, sowie in dem Dentallabor [&hellip;]<\/p>\n","protected":false},"featured_media":650254,"template":"","meta":{"_acf_changed":false},"product_brand":[],"product_cat":[14263,14181],"product_tag":[14831,14829],"class_list":{"0":"post-697363","1":"product","2":"type-product","3":"status-publish","4":"has-post-thumbnail","6":"product_cat-stammopur-reinigungs-und-desinfektionspraeparate","7":"product_cat-reinigungs-und-desinfektionspraeparate","8":"product_tag-stammopur-reinigungs-und-desinfektionspraeparate","9":"product_tag-reinigungs-und-desinfektionspraeparate","10":"pa_bestellnummer-13981","11":"pa_bestellnummer-13990","12":"pa_bestellnummer-13048","13":"pa_gebindegroesse-l-10-liter-446-euro-liter","14":"pa_gebindegroesse-l-5-liter-47-euro-liter","15":"pa_gebindegroesse-l-2-liter-51-euro-liter","16":"pa_inhalt-l-14541","17":"pa_inhalt-l-14540","18":"pa_inhalt-l-12484","19":"pa_verpackung-breite-mm-12313","20":"pa_verpackung-breite-mm-130-2","21":"pa_verpackung-hoehe-mm-13038","22":"pa_verpackung-hoehe-mm-12354","23":"pa_verpackung-laenge-mm-12353","24":"pa_verpackung-laenge-mm-250-2","26":"first","27":"instock","28":"taxable","29":"shipping-taxable","30":"purchasable","31":"product-type-variable","32":"has-default-attributes"},"acf":[],"yoast_head":"<!-- This site is optimized with the Yoast SEO plugin v27.5 - https:\/\/yoast.com\/product\/yoast-seo-wordpress\/ -->\n<title>STAMMOPUR DR 8 Instrumenten-Desinfektion und Intensiv-Reinigung, Konzentrat | BANDELIN electronic GmbH &amp; Co. KG<\/title>\n<meta name=\"description\" content=\"Informationen Sie sich \u00fcber STAMMOPUR DR 8 Instrumenten-Desinfektion und Intensiv-Reinigung, Konzentrat | Hochwertige Ultraschallb\u00e4der f\u00fcr Medizin und Industrie von Bandelin Electronic seit 1955.\" \/>\n<meta name=\"robots\" content=\"index, follow, max-snippet:-1, max-image-preview:large, max-video-preview:-1\" \/>\n<link rel=\"canonical\" href=\"https:\/\/bandelin.com\/en\/shop\/cleaning-and-disinfecting-preparations\/stammopur-cleaning-and-disinfection-preparations\/stammopur-dr-8-instrument-disinfection-and-intensive-cleaning-concentrate\/\" \/>\n<meta property=\"og:locale\" content=\"en_GB\" \/>\n<meta property=\"og:type\" content=\"article\" \/>\n<meta property=\"og:title\" content=\"STAMMOPUR DR 8 Instrumenten-Desinfektion und Intensiv-Reinigung, Konzentrat | BANDELIN electronic GmbH &amp; Co. KG\" \/>\n<meta property=\"og:description\" content=\"Informationen Sie sich \u00fcber STAMMOPUR DR 8 Instrumenten-Desinfektion und Intensiv-Reinigung, Konzentrat | Hochwertige Ultraschallb\u00e4der f\u00fcr Medizin und Industrie von Bandelin Electronic seit 1955.\" \/>\n<meta property=\"og:url\" content=\"https:\/\/bandelin.com\/en\/shop\/cleaning-and-disinfecting-preparations\/stammopur-cleaning-and-disinfection-preparations\/stammopur-dr-8-instrument-disinfection-and-intensive-cleaning-concentrate\/\" \/>\n<meta property=\"og:site_name\" content=\"BANDELIN electronic GmbH &amp; Co. KG\" \/>\n<meta property=\"article:publisher\" content=\"https:\/\/de-de.facebook.com\/bandelin.electronic\/\" \/>\n<meta property=\"article:modified_time\" content=\"2026-05-07T21:07:55+00:00\" \/>\n<meta property=\"og:image\" content=\"https:\/\/bandelin.com\/wp-content\/uploads\/Produktfoto_2L_STAMMOPUR_DR_8-scaled.jpg\" \/>\n\t<meta property=\"og:image:width\" content=\"2048\" \/>\n\t<meta property=\"og:image:height\" content=\"2048\" \/>\n\t<meta property=\"og:image:type\" content=\"image\/jpeg\" \/>\n<meta name=\"twitter:card\" content=\"summary_large_image\" \/>\n<meta name=\"twitter:label1\" content=\"Estimated reading time\" \/>\n\t<meta name=\"twitter:data1\" content=\"3 minutes\" \/>\n<script type=\"application\/ld+json\" class=\"yoast-schema-graph\">{\"@context\":\"https:\\\/\\\/schema.org\",\"@graph\":[{\"@type\":\"WebPage\",\"@id\":\"https:\\\/\\\/bandelin.com\\\/shop\\\/reinigungs-und-desinfektionspraeparate\\\/stammopur-reinigungs-und-desinfektionspraeparate\\\/stammopur-dr-8-instrumenten-desinfektion-und-intensiv-reinigung-konzentrat\\\/\",\"url\":\"https:\\\/\\\/bandelin.com\\\/shop\\\/reinigungs-und-desinfektionspraeparate\\\/stammopur-reinigungs-und-desinfektionspraeparate\\\/stammopur-dr-8-instrumenten-desinfektion-und-intensiv-reinigung-konzentrat\\\/\",\"name\":\"STAMMOPUR DR 8 Instrumenten-Desinfektion und Intensiv-Reinigung, Konzentrat | BANDELIN electronic GmbH &amp; Co. KG\",\"isPartOf\":{\"@id\":\"https:\\\/\\\/bvted2iv.myrdbx.io\\\/#website\"},\"primaryImageOfPage\":{\"@id\":\"https:\\\/\\\/bandelin.com\\\/shop\\\/reinigungs-und-desinfektionspraeparate\\\/stammopur-reinigungs-und-desinfektionspraeparate\\\/stammopur-dr-8-instrumenten-desinfektion-und-intensiv-reinigung-konzentrat\\\/#primaryimage\"},\"image\":{\"@id\":\"https:\\\/\\\/bandelin.com\\\/shop\\\/reinigungs-und-desinfektionspraeparate\\\/stammopur-reinigungs-und-desinfektionspraeparate\\\/stammopur-dr-8-instrumenten-desinfektion-und-intensiv-reinigung-konzentrat\\\/#primaryimage\"},\"thumbnailUrl\":\"https:\\\/\\\/bandelin.com\\\/wp-content\\\/uploads\\\/Produktfoto_2L_STAMMOPUR_DR_8-scaled.jpg\",\"datePublished\":\"2026-05-07T19:04:48+00:00\",\"dateModified\":\"2026-05-07T21:07:55+00:00\",\"description\":\"Informationen Sie sich \u00fcber STAMMOPUR DR 8 Instrumenten-Desinfektion und Intensiv-Reinigung, Konzentrat | Hochwertige Ultraschallb\u00e4der f\u00fcr Medizin und Industrie von Bandelin Electronic seit 1955.\",\"breadcrumb\":{\"@id\":\"https:\\\/\\\/bandelin.com\\\/shop\\\/reinigungs-und-desinfektionspraeparate\\\/stammopur-reinigungs-und-desinfektionspraeparate\\\/stammopur-dr-8-instrumenten-desinfektion-und-intensiv-reinigung-konzentrat\\\/#breadcrumb\"},\"inLanguage\":\"en-GB\",\"potentialAction\":[{\"@type\":\"ReadAction\",\"target\":[\"https:\\\/\\\/bandelin.com\\\/shop\\\/reinigungs-und-desinfektionspraeparate\\\/stammopur-reinigungs-und-desinfektionspraeparate\\\/stammopur-dr-8-instrumenten-desinfektion-und-intensiv-reinigung-konzentrat\\\/\"]}]},{\"@type\":\"ImageObject\",\"inLanguage\":\"en-GB\",\"@id\":\"https:\\\/\\\/bandelin.com\\\/shop\\\/reinigungs-und-desinfektionspraeparate\\\/stammopur-reinigungs-und-desinfektionspraeparate\\\/stammopur-dr-8-instrumenten-desinfektion-und-intensiv-reinigung-konzentrat\\\/#primaryimage\",\"url\":\"https:\\\/\\\/bandelin.com\\\/wp-content\\\/uploads\\\/Produktfoto_2L_STAMMOPUR_DR_8-scaled.jpg\",\"contentUrl\":\"https:\\\/\\\/bandelin.com\\\/wp-content\\\/uploads\\\/Produktfoto_2L_STAMMOPUR_DR_8-scaled.jpg\",\"width\":2048,\"height\":2048,\"caption\":\"STAMMOPUR DR 8 Instrumenten-Desinfektion und Intensiv-Reinigung\"},{\"@type\":\"BreadcrumbList\",\"@id\":\"https:\\\/\\\/bandelin.com\\\/shop\\\/reinigungs-und-desinfektionspraeparate\\\/stammopur-reinigungs-und-desinfektionspraeparate\\\/stammopur-dr-8-instrumenten-desinfektion-und-intensiv-reinigung-konzentrat\\\/#breadcrumb\",\"itemListElement\":[{\"@type\":\"ListItem\",\"position\":1,\"name\":\"Startseite\",\"item\":\"https:\\\/\\\/bandelin.com\\\/\"},{\"@type\":\"ListItem\",\"position\":2,\"name\":\"Shop\",\"item\":\"https:\\\/\\\/bandelin.com\\\/shop\\\/\"},{\"@type\":\"ListItem\",\"position\":3,\"name\":\"STAMMOPUR DR 8 Instrumenten-Desinfektion und Intensiv-Reinigung, Konzentrat\"}]},{\"@type\":\"WebSite\",\"@id\":\"https:\\\/\\\/bvted2iv.myrdbx.io\\\/#website\",\"url\":\"https:\\\/\\\/bvted2iv.myrdbx.io\\\/\",\"name\":\"BANDELIN electronic GmbH & Co. KG\",\"description\":\"Ultraschall seit 1955\",\"publisher\":{\"@id\":\"https:\\\/\\\/bvted2iv.myrdbx.io\\\/#organization\"},\"potentialAction\":[{\"@type\":\"SearchAction\",\"target\":{\"@type\":\"EntryPoint\",\"urlTemplate\":\"https:\\\/\\\/bvted2iv.myrdbx.io\\\/?s={search_term_string}\"},\"query-input\":{\"@type\":\"PropertyValueSpecification\",\"valueRequired\":true,\"valueName\":\"search_term_string\"}}],\"inLanguage\":\"en-GB\"},{\"@type\":\"Organization\",\"@id\":\"https:\\\/\\\/bvted2iv.myrdbx.io\\\/#organization\",\"name\":\"BANDELIN electronic GmbH & Co. KG\",\"url\":\"https:\\\/\\\/bvted2iv.myrdbx.io\\\/\",\"logo\":{\"@type\":\"ImageObject\",\"inLanguage\":\"en-GB\",\"@id\":\"https:\\\/\\\/bvted2iv.myrdbx.io\\\/#\\\/schema\\\/logo\\\/image\\\/\",\"url\":\"\",\"contentUrl\":\"\",\"caption\":\"BANDELIN electronic GmbH & Co. KG\"},\"image\":{\"@id\":\"https:\\\/\\\/bvted2iv.myrdbx.io\\\/#\\\/schema\\\/logo\\\/image\\\/\"},\"sameAs\":[\"https:\\\/\\\/de-de.facebook.com\\\/bandelin.electronic\\\/\",\"https:\\\/\\\/www.instagram.com\\\/bandelin_ultrasonic\\\/?hl=de\",\"https:\\\/\\\/www.linkedin.com\\\/company\\\/bandelin-electronic-gmbh-amp-co-kg\",\"https:\\\/\\\/www.youtube.com\\\/channel\\\/UC5wTNrNxkwMmX-WzysQqw3g\"]}]}<\/script>\n<!-- \/ Yoast SEO plugin. -->","yoast_head_json":{"title":"STAMMOPUR DR 8 Instrument Disinfection and Intensive Cleaning, Concentrate | BANDELIN electronic GmbH &amp; Co. KG","description":"Find out more about STAMMOPUR DR 8 Instrument Disinfection and Intensive Cleaning, Concentrate | High-quality ultrasonic baths for medicine and industry from Bandelin Electronic since 1955.","robots":{"index":"index","follow":"follow","max-snippet":"max-snippet:-1","max-image-preview":"max-image-preview:large","max-video-preview":"max-video-preview:-1"},"canonical":"https:\/\/bandelin.com\/en\/shop\/cleaning-and-disinfecting-preparations\/stammopur-cleaning-and-disinfection-preparations\/stammopur-dr-8-instrument-disinfection-and-intensive-cleaning-concentrate\/","og_locale":"en_GB","og_type":"article","og_title":"STAMMOPUR DR 8 Instrumenten-Desinfektion und Intensiv-Reinigung, Konzentrat | BANDELIN electronic GmbH &amp; Co. KG","og_description":"Informationen Sie sich \u00fcber STAMMOPUR DR 8 Instrumenten-Desinfektion und Intensiv-Reinigung, Konzentrat | Hochwertige Ultraschallb\u00e4der f\u00fcr Medizin und Industrie von Bandelin Electronic seit 1955.","og_url":"https:\/\/bandelin.com\/en\/shop\/cleaning-and-disinfecting-preparations\/stammopur-cleaning-and-disinfection-preparations\/stammopur-dr-8-instrument-disinfection-and-intensive-cleaning-concentrate\/","og_site_name":"BANDELIN electronic GmbH &amp; Co. KG","article_publisher":"https:\/\/de-de.facebook.com\/bandelin.electronic\/","article_modified_time":"2026-05-07T21:07:55+00:00","og_image":[{"width":2048,"height":2048,"url":"https:\/\/bandelin.com\/wp-content\/uploads\/Produktfoto_2L_STAMMOPUR_DR_8-scaled.jpg","type":"image\/jpeg"}],"twitter_card":"summary_large_image","twitter_misc":{"Estimated reading time":"3 minutes"},"schema":{"@context":"https:\/\/schema.org","@graph":[{"@type":"WebPage","@id":"https:\/\/bandelin.com\/shop\/reinigungs-und-desinfektionspraeparate\/stammopur-reinigungs-und-desinfektionspraeparate\/stammopur-dr-8-instrumenten-desinfektion-und-intensiv-reinigung-konzentrat\/","url":"https:\/\/bandelin.com\/shop\/reinigungs-und-desinfektionspraeparate\/stammopur-reinigungs-und-desinfektionspraeparate\/stammopur-dr-8-instrumenten-desinfektion-und-intensiv-reinigung-konzentrat\/","name":"STAMMOPUR DR 8 Instrument Disinfection and Intensive Cleaning, Concentrate | BANDELIN electronic GmbH &amp; Co. KG","isPartOf":{"@id":"https:\/\/bvted2iv.myrdbx.io\/#website"},"primaryImageOfPage":{"@id":"https:\/\/bandelin.com\/shop\/reinigungs-und-desinfektionspraeparate\/stammopur-reinigungs-und-desinfektionspraeparate\/stammopur-dr-8-instrumenten-desinfektion-und-intensiv-reinigung-konzentrat\/#primaryimage"},"image":{"@id":"https:\/\/bandelin.com\/shop\/reinigungs-und-desinfektionspraeparate\/stammopur-reinigungs-und-desinfektionspraeparate\/stammopur-dr-8-instrumenten-desinfektion-und-intensiv-reinigung-konzentrat\/#primaryimage"},"thumbnailUrl":"https:\/\/bandelin.com\/wp-content\/uploads\/Produktfoto_2L_STAMMOPUR_DR_8-scaled.jpg","datePublished":"2026-05-07T19:04:48+00:00","dateModified":"2026-05-07T21:07:55+00:00","description":"Find out more about STAMMOPUR DR 8 Instrument Disinfection and Intensive Cleaning, Concentrate | High-quality ultrasonic baths for medicine and industry from Bandelin Electronic since 1955.","breadcrumb":{"@id":"https:\/\/bandelin.com\/shop\/reinigungs-und-desinfektionspraeparate\/stammopur-reinigungs-und-desinfektionspraeparate\/stammopur-dr-8-instrumenten-desinfektion-und-intensiv-reinigung-konzentrat\/#breadcrumb"},"inLanguage":"en-GB","potentialAction":[{"@type":"ReadAction","target":["https:\/\/bandelin.com\/shop\/reinigungs-und-desinfektionspraeparate\/stammopur-reinigungs-und-desinfektionspraeparate\/stammopur-dr-8-instrumenten-desinfektion-und-intensiv-reinigung-konzentrat\/"]}]},{"@type":"ImageObject","inLanguage":"en-GB","@id":"https:\/\/bandelin.com\/shop\/reinigungs-und-desinfektionspraeparate\/stammopur-reinigungs-und-desinfektionspraeparate\/stammopur-dr-8-instrumenten-desinfektion-und-intensiv-reinigung-konzentrat\/#primaryimage","url":"https:\/\/bandelin.com\/wp-content\/uploads\/Produktfoto_2L_STAMMOPUR_DR_8-scaled.jpg","contentUrl":"https:\/\/bandelin.com\/wp-content\/uploads\/Produktfoto_2L_STAMMOPUR_DR_8-scaled.jpg","width":2048,"height":2048,"caption":"STAMMOPUR DR 8 Instrumenten-Desinfektion und Intensiv-Reinigung"},{"@type":"BreadcrumbList","@id":"https:\/\/bandelin.com\/shop\/reinigungs-und-desinfektionspraeparate\/stammopur-reinigungs-und-desinfektionspraeparate\/stammopur-dr-8-instrumenten-desinfektion-und-intensiv-reinigung-konzentrat\/#breadcrumb","itemListElement":[{"@type":"ListItem","position":1,"name":"Startseite","item":"https:\/\/bandelin.com\/"},{"@type":"ListItem","position":2,"name":"Shop","item":"https:\/\/bandelin.com\/shop\/"},{"@type":"ListItem","position":3,"name":"STAMMOPUR DR 8 Instrumenten-Desinfektion und Intensiv-Reinigung, Konzentrat"}]},{"@type":"WebSite","@id":"https:\/\/bvted2iv.myrdbx.io\/#website","url":"https:\/\/bvted2iv.myrdbx.io\/","name":"BANDELIN electronic GmbH &amp; Co. KG","description":"Ultrasound since 1955","publisher":{"@id":"https:\/\/bvted2iv.myrdbx.io\/#organization"},"potentialAction":[{"@type":"SearchAction","target":{"@type":"EntryPoint","urlTemplate":"https:\/\/bvted2iv.myrdbx.io\/?s={search_term_string}"},"query-input":{"@type":"PropertyValueSpecification","valueRequired":true,"valueName":"search_term_string"}}],"inLanguage":"en-GB"},{"@type":"Organization","@id":"https:\/\/bvted2iv.myrdbx.io\/#organization","name":"BANDELIN electronic GmbH &amp; Co. KG","url":"https:\/\/bvted2iv.myrdbx.io\/","logo":{"@type":"ImageObject","inLanguage":"en-GB","@id":"https:\/\/bvted2iv.myrdbx.io\/#\/schema\/logo\/image\/","url":"","contentUrl":"","caption":"BANDELIN electronic GmbH & Co. KG"},"image":{"@id":"https:\/\/bvted2iv.myrdbx.io\/#\/schema\/logo\/image\/"},"sameAs":["https:\/\/de-de.facebook.com\/bandelin.electronic\/","https:\/\/www.instagram.com\/bandelin_ultrasonic\/?hl=de","https:\/\/www.linkedin.com\/company\/bandelin-electronic-gmbh-amp-co-kg","https:\/\/www.youtube.com\/channel\/UC5wTNrNxkwMmX-WzysQqw3g"]}]}},"_links":{"self":[{"href":"https:\/\/bandelin.com\/en\/wp-json\/wp\/v2\/product\/697363","targetHints":{"allow":["GET"]}}],"collection":[{"href":"https:\/\/bandelin.com\/en\/wp-json\/wp\/v2\/product"}],"about":[{"href":"https:\/\/bandelin.com\/en\/wp-json\/wp\/v2\/types\/product"}],"version-history":[{"count":1,"href":"https:\/\/bandelin.com\/en\/wp-json\/wp\/v2\/product\/697363\/revisions"}],"predecessor-version":[{"id":697364,"href":"https:\/\/bandelin.com\/en\/wp-json\/wp\/v2\/product\/697363\/revisions\/697364"}],"wp:featuredmedia":[{"embeddable":true,"href":"https:\/\/bandelin.com\/en\/wp-json\/wp\/v2\/media\/650254"}],"wp:attachment":[{"href":"https:\/\/bandelin.com\/en\/wp-json\/wp\/v2\/media?parent=697363"}],"wp:term":[{"taxonomy":"product_brand","embeddable":true,"href":"https:\/\/bandelin.com\/en\/wp-json\/wp\/v2\/product_brand?post=697363"},{"taxonomy":"product_cat","embeddable":true,"href":"https:\/\/bandelin.com\/en\/wp-json\/wp\/v2\/product_cat?post=697363"},{"taxonomy":"product_tag","embeddable":true,"href":"https:\/\/bandelin.com\/en\/wp-json\/wp\/v2\/product_tag?post=697363"}],"curies":[{"name":"wp","href":"https:\/\/api.w.org\/{rel}","templated":true}]}}