{"id":697749,"date":"2026-05-07T21:28:54","date_gmt":"2026-05-07T19:28:54","guid":{"rendered":"https:\/\/bandelin.com\/shop\/unkategorisiert\/sonorex-ze-1032-dt-ultraschallbad-zum-einbau\/"},"modified":"2026-05-10T02:55:06","modified_gmt":"2026-05-10T00:55:06","slug":"sonorex-ze-1032-dt-ultrasonic-bath-for-installation","status":"publish","type":"product","link":"https:\/\/bandelin.com\/en\/shop\/sonorex-einbau-ultraschallbaeder\/sonorex-ze-einbau-ultraschallbaeder\/sonorex-ze-1032-dt-ultraschallbad-zum-einbau\/","title":{"rendered":"SONOREX ZE 1032 DT Ultrasonic bath for installation"},"content":{"rendered":"<p>High-performance ultrasonic baths for installation with bottom and side sound<\/p>\n<p>  Equipment features<br \/>\n  - Digital, easy-to-clean controls on the front panel<br \/>\n  - Filling level marking for safe filling<br \/>\n  - Sloping tub bottom for easy emptying and rounded tub corners for hygienic care<br \/>\n  - Size suitable for 1\/1 DIN baskets<\/p>\n<p>  The space-saving and simple installation in the worktop creates an unobstructed working area. The design with simultaneous floor and side sound<br \/>\n  enables optimal sound distribution and reduction of sound shadows. Optimal cleaning is achieved even without oscillation and movement of the instrument basket. The electronically generated sound field movements through TwinSonic\u00ae technology reduce local effect peaks.<br \/>\n  Thanks to automatic SweepTec\u00ae frequency control, the ultrasonic effect is constantly adapted to the bath conditions and an intensive and gentle cleaning effect is achieved for particularly sensitive micro instruments.<\/p>","protected":false},"excerpt":{"rendered":"<p>Internal dimensions: 510 x 300 x 200\/220 mm<\/p>","protected":false},"featured_media":697751,"template":"","meta":{"_acf_changed":false},"product_brand":[],"product_cat":[14262,12001],"product_tag":[14134,14611],"class_list":{"0":"post-697749","1":"product","2":"type-product","3":"status-publish","4":"has-post-thumbnail","6":"product_cat-sonorex-ze-einbau-ultraschallbaeder","7":"product_cat-sonorex-einbau-ultraschallbaeder","8":"product_tag-ultraschallbad","9":"product_tag-sonorex-einbau-ultraschallbaeder-sonorex-ze-einbau-ultraschallbaeder","10":"pa_ablauf-sicke-1-","11":"pa_arbeitsinhalt-l-12641","12":"pa_aussenmass-schwingw-b-mm-404-2","13":"pa_aussenmass-schwingw-h-mm-270-290-2","14":"pa_aussenmass-schwingw-l-mm-570-2","15":"pa_bedienung-tasten","16":"pa_bestellnummer-12168","17":"pa_betriebsspannung-v-230-v--10-50-60-hz","18":"pa_ce-kennzeichnung-medizinprodukte-klasse-i-2017-745-eu-niederspannungsrichtlinie-2014-35-eu-emv-richtlinie-2014-30-eu-rohs-richtlinie-2011-65-eu-2","19":"pa_form-der-wannenecken-abgerundet","20":"pa_fuellstandsmarkierung-ja","21":"pa_inhalt-l-14442","22":"pa_innenmass-b-mm-300-2","23":"pa_innenmass-l-mm-510-2","24":"pa_innenmass-t-mm-200-220","25":"pa_netzkabel-netzkabel-fest-am-geraet","26":"pa_schutzgrad-schwingwanne-ip-30-3","27":"pa_schwingeranzahl-wannenboden-8-2","28":"pa_schwingeranzahl-wannenseite-4-2","29":"pa_ultraschall-frequenz-khz-35-2","30":"pa_ultraschall-nennleistung-w-440-2","31":"pa_ultraschall-spitzenleistung-w-1760-2","32":"pa_verpackung-breite-mm-12376","33":"pa_verpackung-hoehe-mm-12377","34":"pa_verpackung-laenge-mm-12375","35":"pa_wannenboden-geneigt","36":"pa_wannenmaterial-edelstahl-1-4404","37":"pa_wannenstaerke-mm-14422","38":"pa_zeiteinstellung-min-12345101530-unendlich-2","40":"first","41":"onbackorder","42":"taxable","43":"shipping-taxable","44":"purchasable","45":"product-type-simple"},"acf":[],"yoast_head":"<!-- This site is optimized with the Yoast SEO plugin v27.5 - https:\/\/yoast.com\/product\/yoast-seo-wordpress\/ -->\n<title>SONOREX ZE 1032 DT Ultraschallbad zum Einbau | BANDELIN electronic GmbH &amp; Co. KG<\/title>\n<meta name=\"description\" content=\"Informationen Sie sich \u00fcber SONOREX ZE 1032 DT Ultraschallbad zum Einbau | Hochwertige Ultraschallb\u00e4der f\u00fcr Medizin und Industrie von Bandelin Electronic seit 1955.\" \/>\n<meta name=\"robots\" content=\"index, follow, max-snippet:-1, max-image-preview:large, max-video-preview:-1\" \/>\n<link rel=\"canonical\" href=\"https:\/\/bandelin.com\/en\/shop\/sonorex-built-in-ultrasonic-baths\/sonorex-ze-installation-ultrasonic-baths\/sonorex-ze-1032-dt-ultrasonic-bath-for-installation\/\" \/>\n<meta property=\"og:locale\" content=\"en_GB\" \/>\n<meta property=\"og:type\" content=\"article\" \/>\n<meta property=\"og:title\" content=\"SONOREX ZE 1032 DT Ultraschallbad zum Einbau | BANDELIN electronic GmbH &amp; Co. KG\" \/>\n<meta property=\"og:description\" content=\"Informationen Sie sich \u00fcber SONOREX ZE 1032 DT Ultraschallbad zum Einbau | Hochwertige Ultraschallb\u00e4der f\u00fcr Medizin und Industrie von Bandelin Electronic seit 1955.\" \/>\n<meta property=\"og:url\" content=\"https:\/\/bandelin.com\/en\/shop\/sonorex-built-in-ultrasonic-baths\/sonorex-ze-installation-ultrasonic-baths\/sonorex-ze-1032-dt-ultrasonic-bath-for-installation\/\" \/>\n<meta property=\"og:site_name\" content=\"BANDELIN electronic GmbH &amp; Co. KG\" \/>\n<meta property=\"article:publisher\" content=\"https:\/\/de-de.facebook.com\/bandelin.electronic\/\" \/>\n<meta property=\"article:modified_time\" content=\"2026-05-10T00:55:06+00:00\" \/>\n<meta property=\"og:image\" content=\"https:\/\/bandelin.com\/wp-content\/uploads\/Produktfoto_ZE_1032_DT-4-scaled.jpg\" \/>\n\t<meta property=\"og:image:width\" content=\"2048\" \/>\n\t<meta property=\"og:image:height\" content=\"2048\" \/>\n\t<meta property=\"og:image:type\" content=\"image\/jpeg\" \/>\n<meta name=\"twitter:card\" content=\"summary_large_image\" \/>\n<meta name=\"twitter:label1\" content=\"Estimated reading time\" \/>\n\t<meta name=\"twitter:data1\" content=\"1 minute\" \/>\n<script type=\"application\/ld+json\" class=\"yoast-schema-graph\">{\"@context\":\"https:\\\/\\\/schema.org\",\"@graph\":[{\"@type\":\"WebPage\",\"@id\":\"https:\\\/\\\/bandelin.com\\\/shop\\\/sonorex-einbau-ultraschallbaeder\\\/sonorex-ze-einbau-ultraschallbaeder\\\/sonorex-ze-1032-dt-ultraschallbad-zum-einbau\\\/\",\"url\":\"https:\\\/\\\/bandelin.com\\\/shop\\\/sonorex-einbau-ultraschallbaeder\\\/sonorex-ze-einbau-ultraschallbaeder\\\/sonorex-ze-1032-dt-ultraschallbad-zum-einbau\\\/\",\"name\":\"SONOREX ZE 1032 DT Ultraschallbad zum Einbau | BANDELIN electronic GmbH &amp; Co. KG\",\"isPartOf\":{\"@id\":\"https:\\\/\\\/bvted2iv.myrdbx.io\\\/#website\"},\"primaryImageOfPage\":{\"@id\":\"https:\\\/\\\/bandelin.com\\\/shop\\\/sonorex-einbau-ultraschallbaeder\\\/sonorex-ze-einbau-ultraschallbaeder\\\/sonorex-ze-1032-dt-ultraschallbad-zum-einbau\\\/#primaryimage\"},\"image\":{\"@id\":\"https:\\\/\\\/bandelin.com\\\/shop\\\/sonorex-einbau-ultraschallbaeder\\\/sonorex-ze-einbau-ultraschallbaeder\\\/sonorex-ze-1032-dt-ultraschallbad-zum-einbau\\\/#primaryimage\"},\"thumbnailUrl\":\"https:\\\/\\\/bandelin.com\\\/wp-content\\\/uploads\\\/Produktfoto_ZE_1032_DT-4-scaled.jpg\",\"datePublished\":\"2026-05-07T19:28:54+00:00\",\"dateModified\":\"2026-05-10T00:55:06+00:00\",\"description\":\"Informationen Sie sich \u00fcber SONOREX ZE 1032 DT Ultraschallbad zum Einbau | Hochwertige Ultraschallb\u00e4der f\u00fcr Medizin und Industrie von Bandelin Electronic seit 1955.\",\"breadcrumb\":{\"@id\":\"https:\\\/\\\/bandelin.com\\\/shop\\\/sonorex-einbau-ultraschallbaeder\\\/sonorex-ze-einbau-ultraschallbaeder\\\/sonorex-ze-1032-dt-ultraschallbad-zum-einbau\\\/#breadcrumb\"},\"inLanguage\":\"en-GB\",\"potentialAction\":[{\"@type\":\"ReadAction\",\"target\":[\"https:\\\/\\\/bandelin.com\\\/shop\\\/sonorex-einbau-ultraschallbaeder\\\/sonorex-ze-einbau-ultraschallbaeder\\\/sonorex-ze-1032-dt-ultraschallbad-zum-einbau\\\/\"]}]},{\"@type\":\"ImageObject\",\"inLanguage\":\"en-GB\",\"@id\":\"https:\\\/\\\/bandelin.com\\\/shop\\\/sonorex-einbau-ultraschallbaeder\\\/sonorex-ze-einbau-ultraschallbaeder\\\/sonorex-ze-1032-dt-ultraschallbad-zum-einbau\\\/#primaryimage\",\"url\":\"https:\\\/\\\/bandelin.com\\\/wp-content\\\/uploads\\\/Produktfoto_ZE_1032_DT-4-scaled.jpg\",\"contentUrl\":\"https:\\\/\\\/bandelin.com\\\/wp-content\\\/uploads\\\/Produktfoto_ZE_1032_DT-4-scaled.jpg\",\"width\":2048,\"height\":2048,\"caption\":\"SONOREX ZE 1032 DT Ultraschallbad zum Einbau Bild\"},{\"@type\":\"BreadcrumbList\",\"@id\":\"https:\\\/\\\/bandelin.com\\\/shop\\\/sonorex-einbau-ultraschallbaeder\\\/sonorex-ze-einbau-ultraschallbaeder\\\/sonorex-ze-1032-dt-ultraschallbad-zum-einbau\\\/#breadcrumb\",\"itemListElement\":[{\"@type\":\"ListItem\",\"position\":1,\"name\":\"Startseite\",\"item\":\"https:\\\/\\\/bandelin.com\\\/\"},{\"@type\":\"ListItem\",\"position\":2,\"name\":\"Shop\",\"item\":\"https:\\\/\\\/bandelin.com\\\/shop\\\/\"},{\"@type\":\"ListItem\",\"position\":3,\"name\":\"SONOREX ZE 1032 DT Ultraschallbad zum Einbau\"}]},{\"@type\":\"WebSite\",\"@id\":\"https:\\\/\\\/bvted2iv.myrdbx.io\\\/#website\",\"url\":\"https:\\\/\\\/bvted2iv.myrdbx.io\\\/\",\"name\":\"BANDELIN electronic GmbH & Co. KG\",\"description\":\"Ultraschall seit 1955\",\"publisher\":{\"@id\":\"https:\\\/\\\/bvted2iv.myrdbx.io\\\/#organization\"},\"potentialAction\":[{\"@type\":\"SearchAction\",\"target\":{\"@type\":\"EntryPoint\",\"urlTemplate\":\"https:\\\/\\\/bvted2iv.myrdbx.io\\\/?s={search_term_string}\"},\"query-input\":{\"@type\":\"PropertyValueSpecification\",\"valueRequired\":true,\"valueName\":\"search_term_string\"}}],\"inLanguage\":\"en-GB\"},{\"@type\":\"Organization\",\"@id\":\"https:\\\/\\\/bvted2iv.myrdbx.io\\\/#organization\",\"name\":\"BANDELIN electronic GmbH & Co. KG\",\"url\":\"https:\\\/\\\/bvted2iv.myrdbx.io\\\/\",\"logo\":{\"@type\":\"ImageObject\",\"inLanguage\":\"en-GB\",\"@id\":\"https:\\\/\\\/bvted2iv.myrdbx.io\\\/#\\\/schema\\\/logo\\\/image\\\/\",\"url\":\"\",\"contentUrl\":\"\",\"caption\":\"BANDELIN electronic GmbH & Co. KG\"},\"image\":{\"@id\":\"https:\\\/\\\/bvted2iv.myrdbx.io\\\/#\\\/schema\\\/logo\\\/image\\\/\"},\"sameAs\":[\"https:\\\/\\\/de-de.facebook.com\\\/bandelin.electronic\\\/\",\"https:\\\/\\\/www.instagram.com\\\/bandelin_ultrasonic\\\/?hl=de\",\"https:\\\/\\\/www.linkedin.com\\\/company\\\/bandelin-electronic-gmbh-amp-co-kg\",\"https:\\\/\\\/www.youtube.com\\\/channel\\\/UC5wTNrNxkwMmX-WzysQqw3g\"]}]}<\/script>\n<!-- \/ Yoast SEO plugin. -->","yoast_head_json":{"title":"SONOREX ZE 1032 DT Ultrasonic bath for installation | BANDELIN electronic GmbH &amp; Co. KG","description":"Find out more about SONOREX ZE 1032 DT ultrasonic bath for installation | High-quality ultrasonic baths for medicine and industry from Bandelin Electronic since 1955.","robots":{"index":"index","follow":"follow","max-snippet":"max-snippet:-1","max-image-preview":"max-image-preview:large","max-video-preview":"max-video-preview:-1"},"canonical":"https:\/\/bandelin.com\/en\/shop\/sonorex-built-in-ultrasonic-baths\/sonorex-ze-installation-ultrasonic-baths\/sonorex-ze-1032-dt-ultrasonic-bath-for-installation\/","og_locale":"en_GB","og_type":"article","og_title":"SONOREX ZE 1032 DT Ultraschallbad zum Einbau | BANDELIN electronic GmbH &amp; Co. KG","og_description":"Informationen Sie sich \u00fcber SONOREX ZE 1032 DT Ultraschallbad zum Einbau | Hochwertige Ultraschallb\u00e4der f\u00fcr Medizin und Industrie von Bandelin Electronic seit 1955.","og_url":"https:\/\/bandelin.com\/en\/shop\/sonorex-built-in-ultrasonic-baths\/sonorex-ze-installation-ultrasonic-baths\/sonorex-ze-1032-dt-ultrasonic-bath-for-installation\/","og_site_name":"BANDELIN electronic GmbH &amp; Co. KG","article_publisher":"https:\/\/de-de.facebook.com\/bandelin.electronic\/","article_modified_time":"2026-05-10T00:55:06+00:00","og_image":[{"width":2048,"height":2048,"url":"https:\/\/bandelin.com\/wp-content\/uploads\/Produktfoto_ZE_1032_DT-4-scaled.jpg","type":"image\/jpeg"}],"twitter_card":"summary_large_image","twitter_misc":{"Estimated reading time":"1 minute"},"schema":{"@context":"https:\/\/schema.org","@graph":[{"@type":"WebPage","@id":"https:\/\/bandelin.com\/shop\/sonorex-einbau-ultraschallbaeder\/sonorex-ze-einbau-ultraschallbaeder\/sonorex-ze-1032-dt-ultraschallbad-zum-einbau\/","url":"https:\/\/bandelin.com\/shop\/sonorex-einbau-ultraschallbaeder\/sonorex-ze-einbau-ultraschallbaeder\/sonorex-ze-1032-dt-ultraschallbad-zum-einbau\/","name":"SONOREX ZE 1032 DT Ultrasonic bath for installation | BANDELIN electronic GmbH &amp; Co. KG","isPartOf":{"@id":"https:\/\/bvted2iv.myrdbx.io\/#website"},"primaryImageOfPage":{"@id":"https:\/\/bandelin.com\/shop\/sonorex-einbau-ultraschallbaeder\/sonorex-ze-einbau-ultraschallbaeder\/sonorex-ze-1032-dt-ultraschallbad-zum-einbau\/#primaryimage"},"image":{"@id":"https:\/\/bandelin.com\/shop\/sonorex-einbau-ultraschallbaeder\/sonorex-ze-einbau-ultraschallbaeder\/sonorex-ze-1032-dt-ultraschallbad-zum-einbau\/#primaryimage"},"thumbnailUrl":"https:\/\/bandelin.com\/wp-content\/uploads\/Produktfoto_ZE_1032_DT-4-scaled.jpg","datePublished":"2026-05-07T19:28:54+00:00","dateModified":"2026-05-10T00:55:06+00:00","description":"Find out more about SONOREX ZE 1032 DT ultrasonic bath for installation | High-quality ultrasonic baths for medicine and industry from Bandelin Electronic since 1955.","breadcrumb":{"@id":"https:\/\/bandelin.com\/shop\/sonorex-einbau-ultraschallbaeder\/sonorex-ze-einbau-ultraschallbaeder\/sonorex-ze-1032-dt-ultraschallbad-zum-einbau\/#breadcrumb"},"inLanguage":"en-GB","potentialAction":[{"@type":"ReadAction","target":["https:\/\/bandelin.com\/shop\/sonorex-einbau-ultraschallbaeder\/sonorex-ze-einbau-ultraschallbaeder\/sonorex-ze-1032-dt-ultraschallbad-zum-einbau\/"]}]},{"@type":"ImageObject","inLanguage":"en-GB","@id":"https:\/\/bandelin.com\/shop\/sonorex-einbau-ultraschallbaeder\/sonorex-ze-einbau-ultraschallbaeder\/sonorex-ze-1032-dt-ultraschallbad-zum-einbau\/#primaryimage","url":"https:\/\/bandelin.com\/wp-content\/uploads\/Produktfoto_ZE_1032_DT-4-scaled.jpg","contentUrl":"https:\/\/bandelin.com\/wp-content\/uploads\/Produktfoto_ZE_1032_DT-4-scaled.jpg","width":2048,"height":2048,"caption":"SONOREX ZE 1032 DT Ultraschallbad zum Einbau Bild"},{"@type":"BreadcrumbList","@id":"https:\/\/bandelin.com\/shop\/sonorex-einbau-ultraschallbaeder\/sonorex-ze-einbau-ultraschallbaeder\/sonorex-ze-1032-dt-ultraschallbad-zum-einbau\/#breadcrumb","itemListElement":[{"@type":"ListItem","position":1,"name":"Startseite","item":"https:\/\/bandelin.com\/"},{"@type":"ListItem","position":2,"name":"Shop","item":"https:\/\/bandelin.com\/shop\/"},{"@type":"ListItem","position":3,"name":"SONOREX ZE 1032 DT Ultraschallbad zum Einbau"}]},{"@type":"WebSite","@id":"https:\/\/bvted2iv.myrdbx.io\/#website","url":"https:\/\/bvted2iv.myrdbx.io\/","name":"BANDELIN electronic GmbH &amp; Co. KG","description":"Ultrasound since 1955","publisher":{"@id":"https:\/\/bvted2iv.myrdbx.io\/#organization"},"potentialAction":[{"@type":"SearchAction","target":{"@type":"EntryPoint","urlTemplate":"https:\/\/bvted2iv.myrdbx.io\/?s={search_term_string}"},"query-input":{"@type":"PropertyValueSpecification","valueRequired":true,"valueName":"search_term_string"}}],"inLanguage":"en-GB"},{"@type":"Organization","@id":"https:\/\/bvted2iv.myrdbx.io\/#organization","name":"BANDELIN electronic GmbH &amp; Co. KG","url":"https:\/\/bvted2iv.myrdbx.io\/","logo":{"@type":"ImageObject","inLanguage":"en-GB","@id":"https:\/\/bvted2iv.myrdbx.io\/#\/schema\/logo\/image\/","url":"","contentUrl":"","caption":"BANDELIN electronic GmbH & Co. KG"},"image":{"@id":"https:\/\/bvted2iv.myrdbx.io\/#\/schema\/logo\/image\/"},"sameAs":["https:\/\/de-de.facebook.com\/bandelin.electronic\/","https:\/\/www.instagram.com\/bandelin_ultrasonic\/?hl=de","https:\/\/www.linkedin.com\/company\/bandelin-electronic-gmbh-amp-co-kg","https:\/\/www.youtube.com\/channel\/UC5wTNrNxkwMmX-WzysQqw3g"]}]}},"_links":{"self":[{"href":"https:\/\/bandelin.com\/en\/wp-json\/wp\/v2\/product\/697749","targetHints":{"allow":["GET"]}}],"collection":[{"href":"https:\/\/bandelin.com\/en\/wp-json\/wp\/v2\/product"}],"about":[{"href":"https:\/\/bandelin.com\/en\/wp-json\/wp\/v2\/types\/product"}],"version-history":[{"count":2,"href":"https:\/\/bandelin.com\/en\/wp-json\/wp\/v2\/product\/697749\/revisions"}],"predecessor-version":[{"id":697752,"href":"https:\/\/bandelin.com\/en\/wp-json\/wp\/v2\/product\/697749\/revisions\/697752"}],"wp:featuredmedia":[{"embeddable":true,"href":"https:\/\/bandelin.com\/en\/wp-json\/wp\/v2\/media\/697751"}],"wp:attachment":[{"href":"https:\/\/bandelin.com\/en\/wp-json\/wp\/v2\/media?parent=697749"}],"wp:term":[{"taxonomy":"product_brand","embeddable":true,"href":"https:\/\/bandelin.com\/en\/wp-json\/wp\/v2\/product_brand?post=697749"},{"taxonomy":"product_cat","embeddable":true,"href":"https:\/\/bandelin.com\/en\/wp-json\/wp\/v2\/product_cat?post=697749"},{"taxonomy":"product_tag","embeddable":true,"href":"https:\/\/bandelin.com\/en\/wp-json\/wp\/v2\/product_tag?post=697749"}],"curies":[{"name":"wp","href":"https:\/\/api.w.org\/{rel}","templated":true}]}}