{"id":697788,"date":"2026-05-07T21:29:50","date_gmt":"2026-05-07T19:29:50","guid":{"rendered":"https:\/\/bandelin.com\/shop\/unkategorisiert\/sonocool-sc-255-2-set-ultraschallbad-mit-kuehlung-fuer-labor\/"},"modified":"2026-05-10T02:55:11","modified_gmt":"2026-05-10T00:55:11","slug":"sonocool-sc-255-2-set-ultrasonic-bath-with-cooling-for-laboratory","status":"publish","type":"product","link":"https:\/\/bandelin.com\/en\/shop\/sonocool-ultraschallbaeder\/sonocool-sc-ultraschallbaeder\/sonocool-sc-255-2-set-ultraschallbad-mit-kuehlung-fuer-labor\/","title":{"rendered":"SONOCOOL SC 255.2 Set ultrasonic bath with cooling for laboratory"},"content":{"rendered":"<p>Ultrasonic bath with cooling as a ready-to-use set for use in the laboratory consisting of: Ultrasonic bath SC 255.2, hanging basket K 5 SC and TICKOPUR TR 3 - 1 L (contact liquid, concentrate.)<\/p>\n<p>  In pathology as well as in the analysis laboratory, ultrasound is now an integral part when it comes to fast diagnostics and high process efficiency. The SONOCOOL now combines the process-accelerating effect of ultrasound with simultaneous cooling of the samples.<br \/>\n  In analytical laboratories, the catalytic effect of ultrasound can now also be used for heat-sensitive samples with SONOCOOL. Exothermic reactions remain controllable thanks to the cooling function, and process sequences are faster and more effective. <\/p>\n<p>  Advantages:<br \/>\n  - Compact design, long service life due to welded tray made of stainless steel V4A (1 4404) 2 mm, glass lid for sample observation and easy cleaning, safety due to fill level monitoring, illuminated LCD display for displaying the fill level and the temperature.<br \/>\n  Remaining time - actual temperature - pause\/diagnosis - set time\/set temperature - ultrasonic power.<\/p>","protected":false},"excerpt":{"rendered":"<p>Internal dimensions: 280 x 150 x 150 mm<\/p>","protected":false},"featured_media":697790,"template":"","meta":{"_acf_changed":false},"product_brand":[],"product_cat":[14186,14228],"product_tag":[14617,14134],"class_list":{"0":"post-697788","1":"product","2":"type-product","3":"status-publish","4":"has-post-thumbnail","6":"product_cat-sonocool-ultraschallbaeder","7":"product_cat-sonocool-sc-ultraschallbaeder","8":"product_tag-sonocool-ultraschallbaeder-sonocool-sc-ultraschallbaeder","9":"product_tag-ultraschallbad","10":"pa_ablauf-schlauch-vorn-links-verdeckt","11":"pa_arbeitsinhalt-l-14446","12":"pa_aussenmass-breite-mm-605-2","13":"pa_aussenmass-hoehe-mm-385-2","14":"pa_aussenmass-laenge-mm-360-2","15":"pa_bedienung-tasten-lc-display","16":"pa_bestellnummer-3500032-2","17":"pa_betriebsfertiges-set-ja","18":"pa_betriebsspannung-v-230-v--10-50-hz","19":"pa_einstellb-temp-ber-c-4-40-c-bei-20-c-umgebung","20":"pa_fuellstandsmarkierung-ja","21":"pa_fuellstandssensor-ja","22":"pa_gehaeusematerial-aluminium-lackiert","23":"pa_griffe-griffmulden-im-gehaeuse","24":"pa_inhalt-l-63-2","25":"pa_innenmass-b-mm-150-2","26":"pa_innenmass-l-mm-280-2","27":"pa_innenmass-t-mm-14269","28":"pa_kuehlleistung-w-200-2","29":"pa_leistungseinstellung-25-50-75-100-2","30":"pa_netzkabel-2-m-fest-am-geraet","31":"pa_schutzgrad-gehaeuse-ip-2x-2","32":"pa_ultraschall-frequenz-khz-35-2","33":"pa_ultraschall-nennleistung-w-180-2","34":"pa_ultraschall-spitzenleistung-w-720-2","35":"pa_verpackung-breite-mm-14402","36":"pa_verpackung-hoehe-mm-14663","37":"pa_verpackung-laenge-mm-14662","38":"pa_wannenmaterial-edelstahl-1-4404","39":"pa_wannenstaerke-mm-14422","40":"pa_zeiteinstellung-min-10-s-99-h-59-min-59-s-countdownbetrieb-2","42":"first","43":"instock","44":"taxable","45":"shipping-taxable","46":"purchasable","47":"product-type-simple"},"acf":[],"yoast_head":"<!-- This site is optimized with the Yoast SEO plugin v27.5 - https:\/\/yoast.com\/product\/yoast-seo-wordpress\/ -->\n<title>SONOCOOL SC 255.2 Set Ultraschallbad mit K\u00fchlung f\u00fcr Labor | BANDELIN electronic GmbH &amp; Co. KG<\/title>\n<meta name=\"description\" content=\"Informationen Sie sich \u00fcber SONOCOOL SC 255.2 Set Ultraschallbad mit K\u00fchlung f\u00fcr Labor | Hochwertige Ultraschallb\u00e4der f\u00fcr Medizin und Industrie von Bandelin Electronic seit 1955.\" \/>\n<meta name=\"robots\" content=\"index, follow, max-snippet:-1, max-image-preview:large, max-video-preview:-1\" \/>\n<link rel=\"canonical\" href=\"https:\/\/bandelin.com\/en\/shop\/sonocool-ultrasonic-baths\/sonocool-sc-ultrasonic-baths\/sonocool-sc-255-2-set-ultrasonic-bath-with-cooling-for-laboratory\/\" \/>\n<meta property=\"og:locale\" content=\"en_GB\" \/>\n<meta property=\"og:type\" content=\"article\" \/>\n<meta property=\"og:title\" content=\"SONOCOOL SC 255.2 Set Ultraschallbad mit K\u00fchlung f\u00fcr Labor | BANDELIN electronic GmbH &amp; Co. KG\" \/>\n<meta property=\"og:description\" content=\"Informationen Sie sich \u00fcber SONOCOOL SC 255.2 Set Ultraschallbad mit K\u00fchlung f\u00fcr Labor | Hochwertige Ultraschallb\u00e4der f\u00fcr Medizin und Industrie von Bandelin Electronic seit 1955.\" \/>\n<meta property=\"og:url\" content=\"https:\/\/bandelin.com\/en\/shop\/sonocool-ultrasonic-baths\/sonocool-sc-ultrasonic-baths\/sonocool-sc-255-2-set-ultrasonic-bath-with-cooling-for-laboratory\/\" \/>\n<meta property=\"og:site_name\" content=\"BANDELIN electronic GmbH &amp; Co. KG\" \/>\n<meta property=\"article:publisher\" content=\"https:\/\/de-de.facebook.com\/bandelin.electronic\/\" \/>\n<meta property=\"article:modified_time\" content=\"2026-05-10T00:55:11+00:00\" \/>\n<meta property=\"og:image\" content=\"https:\/\/bandelin.com\/wp-content\/uploads\/Produktfoto_SONOCOOL_Labor_1-4-scaled.jpg\" \/>\n\t<meta property=\"og:image:width\" content=\"2048\" \/>\n\t<meta property=\"og:image:height\" content=\"2048\" \/>\n\t<meta property=\"og:image:type\" content=\"image\/jpeg\" \/>\n<meta name=\"twitter:card\" content=\"summary_large_image\" \/>\n<meta name=\"twitter:label1\" content=\"Estimated reading time\" \/>\n\t<meta name=\"twitter:data1\" content=\"1 minute\" \/>\n<script type=\"application\/ld+json\" class=\"yoast-schema-graph\">{\"@context\":\"https:\\\/\\\/schema.org\",\"@graph\":[{\"@type\":\"WebPage\",\"@id\":\"https:\\\/\\\/bandelin.com\\\/shop\\\/sonocool-ultraschallbaeder\\\/sonocool-sc-ultraschallbaeder\\\/sonocool-sc-255-2-set-ultraschallbad-mit-kuehlung-fuer-labor\\\/\",\"url\":\"https:\\\/\\\/bandelin.com\\\/shop\\\/sonocool-ultraschallbaeder\\\/sonocool-sc-ultraschallbaeder\\\/sonocool-sc-255-2-set-ultraschallbad-mit-kuehlung-fuer-labor\\\/\",\"name\":\"SONOCOOL SC 255.2 Set Ultraschallbad mit K\u00fchlung f\u00fcr Labor | BANDELIN electronic GmbH &amp; Co. KG\",\"isPartOf\":{\"@id\":\"https:\\\/\\\/bvted2iv.myrdbx.io\\\/#website\"},\"primaryImageOfPage\":{\"@id\":\"https:\\\/\\\/bandelin.com\\\/shop\\\/sonocool-ultraschallbaeder\\\/sonocool-sc-ultraschallbaeder\\\/sonocool-sc-255-2-set-ultraschallbad-mit-kuehlung-fuer-labor\\\/#primaryimage\"},\"image\":{\"@id\":\"https:\\\/\\\/bandelin.com\\\/shop\\\/sonocool-ultraschallbaeder\\\/sonocool-sc-ultraschallbaeder\\\/sonocool-sc-255-2-set-ultraschallbad-mit-kuehlung-fuer-labor\\\/#primaryimage\"},\"thumbnailUrl\":\"https:\\\/\\\/bandelin.com\\\/wp-content\\\/uploads\\\/Produktfoto_SONOCOOL_Labor_1-4-scaled.jpg\",\"datePublished\":\"2026-05-07T19:29:50+00:00\",\"dateModified\":\"2026-05-10T00:55:11+00:00\",\"description\":\"Informationen Sie sich \u00fcber SONOCOOL SC 255.2 Set Ultraschallbad mit K\u00fchlung f\u00fcr Labor | Hochwertige Ultraschallb\u00e4der f\u00fcr Medizin und Industrie von Bandelin Electronic seit 1955.\",\"breadcrumb\":{\"@id\":\"https:\\\/\\\/bandelin.com\\\/shop\\\/sonocool-ultraschallbaeder\\\/sonocool-sc-ultraschallbaeder\\\/sonocool-sc-255-2-set-ultraschallbad-mit-kuehlung-fuer-labor\\\/#breadcrumb\"},\"inLanguage\":\"en-GB\",\"potentialAction\":[{\"@type\":\"ReadAction\",\"target\":[\"https:\\\/\\\/bandelin.com\\\/shop\\\/sonocool-ultraschallbaeder\\\/sonocool-sc-ultraschallbaeder\\\/sonocool-sc-255-2-set-ultraschallbad-mit-kuehlung-fuer-labor\\\/\"]}]},{\"@type\":\"ImageObject\",\"inLanguage\":\"en-GB\",\"@id\":\"https:\\\/\\\/bandelin.com\\\/shop\\\/sonocool-ultraschallbaeder\\\/sonocool-sc-ultraschallbaeder\\\/sonocool-sc-255-2-set-ultraschallbad-mit-kuehlung-fuer-labor\\\/#primaryimage\",\"url\":\"https:\\\/\\\/bandelin.com\\\/wp-content\\\/uploads\\\/Produktfoto_SONOCOOL_Labor_1-4-scaled.jpg\",\"contentUrl\":\"https:\\\/\\\/bandelin.com\\\/wp-content\\\/uploads\\\/Produktfoto_SONOCOOL_Labor_1-4-scaled.jpg\",\"width\":2048,\"height\":2048,\"caption\":\"SONOCOOL SC 255.2 Set Ultraschallbad mit K\u00fchlung f\u00fcr Labor Bild\"},{\"@type\":\"BreadcrumbList\",\"@id\":\"https:\\\/\\\/bandelin.com\\\/shop\\\/sonocool-ultraschallbaeder\\\/sonocool-sc-ultraschallbaeder\\\/sonocool-sc-255-2-set-ultraschallbad-mit-kuehlung-fuer-labor\\\/#breadcrumb\",\"itemListElement\":[{\"@type\":\"ListItem\",\"position\":1,\"name\":\"Startseite\",\"item\":\"https:\\\/\\\/bandelin.com\\\/\"},{\"@type\":\"ListItem\",\"position\":2,\"name\":\"Shop\",\"item\":\"https:\\\/\\\/bandelin.com\\\/shop\\\/\"},{\"@type\":\"ListItem\",\"position\":3,\"name\":\"SONOCOOL SC 255.2 Set Ultraschallbad mit K\u00fchlung f\u00fcr Labor\"}]},{\"@type\":\"WebSite\",\"@id\":\"https:\\\/\\\/bvted2iv.myrdbx.io\\\/#website\",\"url\":\"https:\\\/\\\/bvted2iv.myrdbx.io\\\/\",\"name\":\"BANDELIN electronic GmbH & Co. KG\",\"description\":\"Ultraschall seit 1955\",\"publisher\":{\"@id\":\"https:\\\/\\\/bvted2iv.myrdbx.io\\\/#organization\"},\"potentialAction\":[{\"@type\":\"SearchAction\",\"target\":{\"@type\":\"EntryPoint\",\"urlTemplate\":\"https:\\\/\\\/bvted2iv.myrdbx.io\\\/?s={search_term_string}\"},\"query-input\":{\"@type\":\"PropertyValueSpecification\",\"valueRequired\":true,\"valueName\":\"search_term_string\"}}],\"inLanguage\":\"en-GB\"},{\"@type\":\"Organization\",\"@id\":\"https:\\\/\\\/bvted2iv.myrdbx.io\\\/#organization\",\"name\":\"BANDELIN electronic GmbH & Co. KG\",\"url\":\"https:\\\/\\\/bvted2iv.myrdbx.io\\\/\",\"logo\":{\"@type\":\"ImageObject\",\"inLanguage\":\"en-GB\",\"@id\":\"https:\\\/\\\/bvted2iv.myrdbx.io\\\/#\\\/schema\\\/logo\\\/image\\\/\",\"url\":\"\",\"contentUrl\":\"\",\"caption\":\"BANDELIN electronic GmbH & Co. KG\"},\"image\":{\"@id\":\"https:\\\/\\\/bvted2iv.myrdbx.io\\\/#\\\/schema\\\/logo\\\/image\\\/\"},\"sameAs\":[\"https:\\\/\\\/de-de.facebook.com\\\/bandelin.electronic\\\/\",\"https:\\\/\\\/www.instagram.com\\\/bandelin_ultrasonic\\\/?hl=de\",\"https:\\\/\\\/www.linkedin.com\\\/company\\\/bandelin-electronic-gmbh-amp-co-kg\",\"https:\\\/\\\/www.youtube.com\\\/channel\\\/UC5wTNrNxkwMmX-WzysQqw3g\"]}]}<\/script>\n<!-- \/ Yoast SEO plugin. -->","yoast_head_json":{"title":"SONOCOOL SC 255.2 Set ultrasonic bath with cooling for laboratory | BANDELIN electronic GmbH &amp; Co. KG","description":"Find out more about SONOCOOL SC 255.2 Set Ultrasonic bath with cooling for laboratory | High-quality ultrasonic baths for medicine and industry from Bandelin Electronic since 1955.","robots":{"index":"index","follow":"follow","max-snippet":"max-snippet:-1","max-image-preview":"max-image-preview:large","max-video-preview":"max-video-preview:-1"},"canonical":"https:\/\/bandelin.com\/en\/shop\/sonocool-ultrasonic-baths\/sonocool-sc-ultrasonic-baths\/sonocool-sc-255-2-set-ultrasonic-bath-with-cooling-for-laboratory\/","og_locale":"en_GB","og_type":"article","og_title":"SONOCOOL SC 255.2 Set Ultraschallbad mit K\u00fchlung f\u00fcr Labor | BANDELIN electronic GmbH &amp; Co. KG","og_description":"Informationen Sie sich \u00fcber SONOCOOL SC 255.2 Set Ultraschallbad mit K\u00fchlung f\u00fcr Labor | Hochwertige Ultraschallb\u00e4der f\u00fcr Medizin und Industrie von Bandelin Electronic seit 1955.","og_url":"https:\/\/bandelin.com\/en\/shop\/sonocool-ultrasonic-baths\/sonocool-sc-ultrasonic-baths\/sonocool-sc-255-2-set-ultrasonic-bath-with-cooling-for-laboratory\/","og_site_name":"BANDELIN electronic GmbH &amp; Co. KG","article_publisher":"https:\/\/de-de.facebook.com\/bandelin.electronic\/","article_modified_time":"2026-05-10T00:55:11+00:00","og_image":[{"width":2048,"height":2048,"url":"https:\/\/bandelin.com\/wp-content\/uploads\/Produktfoto_SONOCOOL_Labor_1-4-scaled.jpg","type":"image\/jpeg"}],"twitter_card":"summary_large_image","twitter_misc":{"Estimated reading time":"1 minute"},"schema":{"@context":"https:\/\/schema.org","@graph":[{"@type":"WebPage","@id":"https:\/\/bandelin.com\/shop\/sonocool-ultraschallbaeder\/sonocool-sc-ultraschallbaeder\/sonocool-sc-255-2-set-ultraschallbad-mit-kuehlung-fuer-labor\/","url":"https:\/\/bandelin.com\/shop\/sonocool-ultraschallbaeder\/sonocool-sc-ultraschallbaeder\/sonocool-sc-255-2-set-ultraschallbad-mit-kuehlung-fuer-labor\/","name":"SONOCOOL SC 255.2 Set ultrasonic bath with cooling for laboratory | BANDELIN electronic GmbH &amp; Co. KG","isPartOf":{"@id":"https:\/\/bvted2iv.myrdbx.io\/#website"},"primaryImageOfPage":{"@id":"https:\/\/bandelin.com\/shop\/sonocool-ultraschallbaeder\/sonocool-sc-ultraschallbaeder\/sonocool-sc-255-2-set-ultraschallbad-mit-kuehlung-fuer-labor\/#primaryimage"},"image":{"@id":"https:\/\/bandelin.com\/shop\/sonocool-ultraschallbaeder\/sonocool-sc-ultraschallbaeder\/sonocool-sc-255-2-set-ultraschallbad-mit-kuehlung-fuer-labor\/#primaryimage"},"thumbnailUrl":"https:\/\/bandelin.com\/wp-content\/uploads\/Produktfoto_SONOCOOL_Labor_1-4-scaled.jpg","datePublished":"2026-05-07T19:29:50+00:00","dateModified":"2026-05-10T00:55:11+00:00","description":"Find out more about SONOCOOL SC 255.2 Set Ultrasonic bath with cooling for laboratory | High-quality ultrasonic baths for medicine and industry from Bandelin Electronic since 1955.","breadcrumb":{"@id":"https:\/\/bandelin.com\/shop\/sonocool-ultraschallbaeder\/sonocool-sc-ultraschallbaeder\/sonocool-sc-255-2-set-ultraschallbad-mit-kuehlung-fuer-labor\/#breadcrumb"},"inLanguage":"en-GB","potentialAction":[{"@type":"ReadAction","target":["https:\/\/bandelin.com\/shop\/sonocool-ultraschallbaeder\/sonocool-sc-ultraschallbaeder\/sonocool-sc-255-2-set-ultraschallbad-mit-kuehlung-fuer-labor\/"]}]},{"@type":"ImageObject","inLanguage":"en-GB","@id":"https:\/\/bandelin.com\/shop\/sonocool-ultraschallbaeder\/sonocool-sc-ultraschallbaeder\/sonocool-sc-255-2-set-ultraschallbad-mit-kuehlung-fuer-labor\/#primaryimage","url":"https:\/\/bandelin.com\/wp-content\/uploads\/Produktfoto_SONOCOOL_Labor_1-4-scaled.jpg","contentUrl":"https:\/\/bandelin.com\/wp-content\/uploads\/Produktfoto_SONOCOOL_Labor_1-4-scaled.jpg","width":2048,"height":2048,"caption":"SONOCOOL SC 255.2 Set Ultraschallbad mit K\u00fchlung f\u00fcr Labor Bild"},{"@type":"BreadcrumbList","@id":"https:\/\/bandelin.com\/shop\/sonocool-ultraschallbaeder\/sonocool-sc-ultraschallbaeder\/sonocool-sc-255-2-set-ultraschallbad-mit-kuehlung-fuer-labor\/#breadcrumb","itemListElement":[{"@type":"ListItem","position":1,"name":"Startseite","item":"https:\/\/bandelin.com\/"},{"@type":"ListItem","position":2,"name":"Shop","item":"https:\/\/bandelin.com\/shop\/"},{"@type":"ListItem","position":3,"name":"SONOCOOL SC 255.2 Set Ultraschallbad mit K\u00fchlung f\u00fcr Labor"}]},{"@type":"WebSite","@id":"https:\/\/bvted2iv.myrdbx.io\/#website","url":"https:\/\/bvted2iv.myrdbx.io\/","name":"BANDELIN electronic GmbH &amp; Co. KG","description":"Ultrasound since 1955","publisher":{"@id":"https:\/\/bvted2iv.myrdbx.io\/#organization"},"potentialAction":[{"@type":"SearchAction","target":{"@type":"EntryPoint","urlTemplate":"https:\/\/bvted2iv.myrdbx.io\/?s={search_term_string}"},"query-input":{"@type":"PropertyValueSpecification","valueRequired":true,"valueName":"search_term_string"}}],"inLanguage":"en-GB"},{"@type":"Organization","@id":"https:\/\/bvted2iv.myrdbx.io\/#organization","name":"BANDELIN electronic GmbH &amp; Co. KG","url":"https:\/\/bvted2iv.myrdbx.io\/","logo":{"@type":"ImageObject","inLanguage":"en-GB","@id":"https:\/\/bvted2iv.myrdbx.io\/#\/schema\/logo\/image\/","url":"","contentUrl":"","caption":"BANDELIN electronic GmbH & Co. KG"},"image":{"@id":"https:\/\/bvted2iv.myrdbx.io\/#\/schema\/logo\/image\/"},"sameAs":["https:\/\/de-de.facebook.com\/bandelin.electronic\/","https:\/\/www.instagram.com\/bandelin_ultrasonic\/?hl=de","https:\/\/www.linkedin.com\/company\/bandelin-electronic-gmbh-amp-co-kg","https:\/\/www.youtube.com\/channel\/UC5wTNrNxkwMmX-WzysQqw3g"]}]}},"_links":{"self":[{"href":"https:\/\/bandelin.com\/en\/wp-json\/wp\/v2\/product\/697788","targetHints":{"allow":["GET"]}}],"collection":[{"href":"https:\/\/bandelin.com\/en\/wp-json\/wp\/v2\/product"}],"about":[{"href":"https:\/\/bandelin.com\/en\/wp-json\/wp\/v2\/types\/product"}],"version-history":[{"count":2,"href":"https:\/\/bandelin.com\/en\/wp-json\/wp\/v2\/product\/697788\/revisions"}],"predecessor-version":[{"id":697792,"href":"https:\/\/bandelin.com\/en\/wp-json\/wp\/v2\/product\/697788\/revisions\/697792"}],"wp:featuredmedia":[{"embeddable":true,"href":"https:\/\/bandelin.com\/en\/wp-json\/wp\/v2\/media\/697790"}],"wp:attachment":[{"href":"https:\/\/bandelin.com\/en\/wp-json\/wp\/v2\/media?parent=697788"}],"wp:term":[{"taxonomy":"product_brand","embeddable":true,"href":"https:\/\/bandelin.com\/en\/wp-json\/wp\/v2\/product_brand?post=697788"},{"taxonomy":"product_cat","embeddable":true,"href":"https:\/\/bandelin.com\/en\/wp-json\/wp\/v2\/product_cat?post=697788"},{"taxonomy":"product_tag","embeddable":true,"href":"https:\/\/bandelin.com\/en\/wp-json\/wp\/v2\/product_tag?post=697788"}],"curies":[{"name":"wp","href":"https:\/\/api.w.org\/{rel}","templated":true}]}}