{"id":697845,"date":"2026-05-07T21:31:55","date_gmt":"2026-05-07T19:31:55","guid":{"rendered":"https:\/\/bandelin.com\/shop\/unkategorisiert\/trison-tb-4000-2-base-steuereinheit\/"},"modified":"2026-05-14T01:55:57","modified_gmt":"2026-05-13T23:55:57","slug":"trison-tb-4000-2-base-control-unit","status":"publish","type":"product","link":"https:\/\/bandelin.com\/en\/shop\/trison-ultraschallbaeder\/zubehoer-trison-ultraschallbaeder\/trison-tb-4000-2-base-steuereinheit\/","title":{"rendered":"TRISON TB 4000.2 Base - Control unit"},"content":{"rendered":"<p>Control unit for TRISON ultrasonic baths;<\/p>\n<p>  During sonication, each instrument is individually enabled for rinsing and checked for flow by a patented system (DE 20 2006 020 523). Instruments that cannot be rinsed are reliably detected and indicated on the touch screen at the end of the process. The integrated process monitoring for determining, assigning and clearly displaying the successful rinsability of each individual instrument provides more safety during reprocessing.<\/p>\n<p>  Up to four robotic instruments are fixed to the TRISON Twist using a simple sliding mechanism - an additional basket is not required. Each instrument is connected to the rinsing circuit via a double luer plug.<br \/>\n  With the help of the TRISON Rack basket, up to eight MIC instruments can be connected via the proven SONOMIC adapters for irrigation. The connection to the TRISON Base control unit is made quickly and without confusion via two multi-tube couplings.<\/p>\n<p>  The TRISON was specially developed for robotic instruments. However, MIS and standard instruments can also be cleaned effectively with the appropriate accessories. In order to best meet the respective cleaning requirements, a cleaning programme is available for each instrument type.<\/p>\n<p>  The TRISON contains a temperature sensor and checks whether the temperature of the bath fluid is within the permissible range before each cleaning cycle. To prevent protein coagulation, a warning message is displayed at a temperature of approx. 45 \u00b0C. If the temperature of the bath fluid is too low (&lt; 16 \u00b0C), a warning message is also issued.\n  \n  Two interfaces are available on the TRISON for digital documentation and quality certificates. A USB interface enables simple and flexible data transfer via USB stick. The Ethernet interface enables connection to CSSD management software, for example. Logging is possible: Cleaning mode, temperature of the bath, evaluation of patency and much more.\n<\/p>","protected":false},"excerpt":{"rendered":"<p>Steuereinheit f\u00fcr Ultraschallb\u00e4der TRISON; W\u00e4hrend der Beschallung wird jedes Instrument einzeln zur Sp\u00fclung freigeschaltet und auf Durchfluss durch ein patentiertes System (DE 20 2006 020 523) kontrolliert. Nicht sp\u00fclbare \u00adInstrumente werden sicher erkannt und zum Prozess\u00adende auf dem Touchscreen ausgewiesen. Die integrierte Prozess\u00fcberwachung zur Ermittlung, Zuordnung und klaren Anzeige der erfolgreichen Sp\u00fclbarkeit jedes einzelnen Instruments [&hellip;]<\/p>\n","protected":false},"featured_media":697847,"template":"","meta":{"_acf_changed":false},"product_brand":[],"product_cat":[14449,14220],"product_tag":[14618],"class_list":{"0":"post-697845","1":"product","2":"type-product","3":"status-publish","4":"has-post-thumbnail","6":"product_cat-zubehoer-trison-ultraschallbaeder","7":"product_cat-trison-ultraschallbaeder","8":"product_tag-trison-ultraschallbaeder-zubehoer","9":"pa_aussenmass-breite-mm-200-2","10":"pa_aussenmass-hoehe-mm-13127","11":"pa_aussenmass-laenge-mm-13004","12":"pa_bedienung-touchscreen-2","13":"pa_bestellnummer-13125","14":"pa_betriebsspannung-v-230-v--10-50-60-hz","15":"pa_ce-kennzeichnung-medizinprodukte-klasse-i-2017-745-eu-rohs-richtlinie-2011-65-eu","16":"pa_gehaeusematerial-abs-kunststoff-edelstahl-1-4301","17":"pa_netzkabel-14-m-mit-flanschdose-anschluss-an-netzweiche","18":"pa_schutzgrad-gehaeuse-ip-22","19":"pa_zeiteinstellung-min-menuegesteuert","21":"first","22":"onbackorder","23":"taxable","24":"shipping-taxable","25":"purchasable","26":"product-type-simple"},"acf":[],"yoast_head":"<!-- This site is optimized with the Yoast SEO plugin v27.6 - https:\/\/yoast.com\/product\/yoast-seo-wordpress\/ -->\n<title>TRISON TB 4000.2 Base - Steuereinheit | BANDELIN electronic GmbH &amp; Co. KG<\/title>\n<meta name=\"description\" content=\"Informationen Sie sich \u00fcber TRISON TB 4000.2 Base - Steuereinheit | Hochwertige Ultraschallb\u00e4der f\u00fcr Medizin und Industrie von Bandelin Electronic seit 1955.\" \/>\n<meta name=\"robots\" content=\"index, follow, max-snippet:-1, max-image-preview:large, max-video-preview:-1\" \/>\n<link rel=\"canonical\" href=\"https:\/\/bandelin.com\/en\/shop\/trison-ultrasonic-baths\/accessories-trison-ultrasonic-baths\/trison-tb-4000-2-base-control-unit\/\" \/>\n<meta property=\"og:locale\" content=\"en_GB\" \/>\n<meta property=\"og:type\" content=\"article\" \/>\n<meta property=\"og:title\" content=\"TRISON TB 4000.2 Base - Steuereinheit | BANDELIN electronic GmbH &amp; Co. KG\" \/>\n<meta property=\"og:description\" content=\"Informationen Sie sich \u00fcber TRISON TB 4000.2 Base - Steuereinheit | Hochwertige Ultraschallb\u00e4der f\u00fcr Medizin und Industrie von Bandelin Electronic seit 1955.\" \/>\n<meta property=\"og:url\" content=\"https:\/\/bandelin.com\/en\/shop\/trison-ultrasonic-baths\/accessories-trison-ultrasonic-baths\/trison-tb-4000-2-base-control-unit\/\" \/>\n<meta property=\"og:site_name\" content=\"BANDELIN electronic GmbH &amp; Co. KG\" \/>\n<meta property=\"article:publisher\" content=\"https:\/\/de-de.facebook.com\/bandelin.electronic\/\" \/>\n<meta property=\"article:modified_time\" content=\"2026-05-13T23:55:57+00:00\" \/>\n<meta property=\"og:image\" content=\"https:\/\/bandelin.com\/wp-content\/uploads\/Produktfoto_TRISON_TB_40002-4-scaled.jpg\" \/>\n\t<meta property=\"og:image:width\" content=\"2048\" \/>\n\t<meta property=\"og:image:height\" content=\"2048\" \/>\n\t<meta property=\"og:image:type\" content=\"image\/jpeg\" \/>\n<meta name=\"twitter:card\" content=\"summary_large_image\" \/>\n<meta name=\"twitter:label1\" content=\"Estimated reading time\" \/>\n\t<meta name=\"twitter:data1\" content=\"1 minute\" \/>\n<script type=\"application\/ld+json\" class=\"yoast-schema-graph\">{\"@context\":\"https:\\\/\\\/schema.org\",\"@graph\":[{\"@type\":\"WebPage\",\"@id\":\"https:\\\/\\\/bandelin.com\\\/shop\\\/trison-ultraschallbaeder\\\/zubehoer-trison-ultraschallbaeder\\\/trison-tb-4000-2-base-steuereinheit\\\/\",\"url\":\"https:\\\/\\\/bandelin.com\\\/shop\\\/trison-ultraschallbaeder\\\/zubehoer-trison-ultraschallbaeder\\\/trison-tb-4000-2-base-steuereinheit\\\/\",\"name\":\"TRISON TB 4000.2 Base - Steuereinheit | BANDELIN electronic GmbH &amp; Co. KG\",\"isPartOf\":{\"@id\":\"https:\\\/\\\/bvted2iv.myrdbx.io\\\/#website\"},\"primaryImageOfPage\":{\"@id\":\"https:\\\/\\\/bandelin.com\\\/shop\\\/trison-ultraschallbaeder\\\/zubehoer-trison-ultraschallbaeder\\\/trison-tb-4000-2-base-steuereinheit\\\/#primaryimage\"},\"image\":{\"@id\":\"https:\\\/\\\/bandelin.com\\\/shop\\\/trison-ultraschallbaeder\\\/zubehoer-trison-ultraschallbaeder\\\/trison-tb-4000-2-base-steuereinheit\\\/#primaryimage\"},\"thumbnailUrl\":\"https:\\\/\\\/bandelin.com\\\/wp-content\\\/uploads\\\/Produktfoto_TRISON_TB_40002-4-scaled.jpg\",\"datePublished\":\"2026-05-07T19:31:55+00:00\",\"dateModified\":\"2026-05-13T23:55:57+00:00\",\"description\":\"Informationen Sie sich \u00fcber TRISON TB 4000.2 Base - Steuereinheit | Hochwertige Ultraschallb\u00e4der f\u00fcr Medizin und Industrie von Bandelin Electronic seit 1955.\",\"breadcrumb\":{\"@id\":\"https:\\\/\\\/bandelin.com\\\/shop\\\/trison-ultraschallbaeder\\\/zubehoer-trison-ultraschallbaeder\\\/trison-tb-4000-2-base-steuereinheit\\\/#breadcrumb\"},\"inLanguage\":\"en-GB\",\"potentialAction\":[{\"@type\":\"ReadAction\",\"target\":[\"https:\\\/\\\/bandelin.com\\\/shop\\\/trison-ultraschallbaeder\\\/zubehoer-trison-ultraschallbaeder\\\/trison-tb-4000-2-base-steuereinheit\\\/\"]}]},{\"@type\":\"ImageObject\",\"inLanguage\":\"en-GB\",\"@id\":\"https:\\\/\\\/bandelin.com\\\/shop\\\/trison-ultraschallbaeder\\\/zubehoer-trison-ultraschallbaeder\\\/trison-tb-4000-2-base-steuereinheit\\\/#primaryimage\",\"url\":\"https:\\\/\\\/bandelin.com\\\/wp-content\\\/uploads\\\/Produktfoto_TRISON_TB_40002-4-scaled.jpg\",\"contentUrl\":\"https:\\\/\\\/bandelin.com\\\/wp-content\\\/uploads\\\/Produktfoto_TRISON_TB_40002-4-scaled.jpg\",\"width\":2048,\"height\":2048,\"caption\":\"TRISON TB 4000.2 Base - Steuereinheit Bild\"},{\"@type\":\"BreadcrumbList\",\"@id\":\"https:\\\/\\\/bandelin.com\\\/shop\\\/trison-ultraschallbaeder\\\/zubehoer-trison-ultraschallbaeder\\\/trison-tb-4000-2-base-steuereinheit\\\/#breadcrumb\",\"itemListElement\":[{\"@type\":\"ListItem\",\"position\":1,\"name\":\"Startseite\",\"item\":\"https:\\\/\\\/bandelin.com\\\/\"},{\"@type\":\"ListItem\",\"position\":2,\"name\":\"Shop\",\"item\":\"https:\\\/\\\/bandelin.com\\\/shop\\\/\"},{\"@type\":\"ListItem\",\"position\":3,\"name\":\"TRISON TB 4000.2 Base &#8211; Steuereinheit\"}]},{\"@type\":\"WebSite\",\"@id\":\"https:\\\/\\\/bvted2iv.myrdbx.io\\\/#website\",\"url\":\"https:\\\/\\\/bvted2iv.myrdbx.io\\\/\",\"name\":\"BANDELIN electronic GmbH & Co. KG\",\"description\":\"Ultraschall seit 1955\",\"publisher\":{\"@id\":\"https:\\\/\\\/bvted2iv.myrdbx.io\\\/#organization\"},\"potentialAction\":[{\"@type\":\"SearchAction\",\"target\":{\"@type\":\"EntryPoint\",\"urlTemplate\":\"https:\\\/\\\/bvted2iv.myrdbx.io\\\/?s={search_term_string}\"},\"query-input\":{\"@type\":\"PropertyValueSpecification\",\"valueRequired\":true,\"valueName\":\"search_term_string\"}}],\"inLanguage\":\"en-GB\"},{\"@type\":\"Organization\",\"@id\":\"https:\\\/\\\/bvted2iv.myrdbx.io\\\/#organization\",\"name\":\"BANDELIN electronic GmbH & Co. KG\",\"url\":\"https:\\\/\\\/bvted2iv.myrdbx.io\\\/\",\"logo\":{\"@type\":\"ImageObject\",\"inLanguage\":\"en-GB\",\"@id\":\"https:\\\/\\\/bvted2iv.myrdbx.io\\\/#\\\/schema\\\/logo\\\/image\\\/\",\"url\":\"\",\"contentUrl\":\"\",\"caption\":\"BANDELIN electronic GmbH & Co. KG\"},\"image\":{\"@id\":\"https:\\\/\\\/bvted2iv.myrdbx.io\\\/#\\\/schema\\\/logo\\\/image\\\/\"},\"sameAs\":[\"https:\\\/\\\/de-de.facebook.com\\\/bandelin.electronic\\\/\",\"https:\\\/\\\/www.instagram.com\\\/bandelin_ultrasonic\\\/?hl=de\",\"https:\\\/\\\/www.linkedin.com\\\/company\\\/bandelin-electronic-gmbh-amp-co-kg\",\"https:\\\/\\\/www.youtube.com\\\/channel\\\/UC5wTNrNxkwMmX-WzysQqw3g\"]}]}<\/script>\n<!-- \/ Yoast SEO plugin. -->","yoast_head_json":{"title":"TRISON TB 4000.2 Base - Control unit | BANDELIN electronic GmbH &amp; Co. KG","description":"Find out more about TRISON TB 4000.2 Base - Control unit | High-quality ultrasonic baths for medicine and industry from Bandelin Electronic since 1955.","robots":{"index":"index","follow":"follow","max-snippet":"max-snippet:-1","max-image-preview":"max-image-preview:large","max-video-preview":"max-video-preview:-1"},"canonical":"https:\/\/bandelin.com\/en\/shop\/trison-ultrasonic-baths\/accessories-trison-ultrasonic-baths\/trison-tb-4000-2-base-control-unit\/","og_locale":"en_GB","og_type":"article","og_title":"TRISON TB 4000.2 Base - Steuereinheit | BANDELIN electronic GmbH &amp; Co. KG","og_description":"Informationen Sie sich \u00fcber TRISON TB 4000.2 Base - Steuereinheit | Hochwertige Ultraschallb\u00e4der f\u00fcr Medizin und Industrie von Bandelin Electronic seit 1955.","og_url":"https:\/\/bandelin.com\/en\/shop\/trison-ultrasonic-baths\/accessories-trison-ultrasonic-baths\/trison-tb-4000-2-base-control-unit\/","og_site_name":"BANDELIN electronic GmbH &amp; Co. KG","article_publisher":"https:\/\/de-de.facebook.com\/bandelin.electronic\/","article_modified_time":"2026-05-13T23:55:57+00:00","og_image":[{"width":2048,"height":2048,"url":"https:\/\/bandelin.com\/wp-content\/uploads\/Produktfoto_TRISON_TB_40002-4-scaled.jpg","type":"image\/jpeg"}],"twitter_card":"summary_large_image","twitter_misc":{"Estimated reading time":"1 minute"},"schema":{"@context":"https:\/\/schema.org","@graph":[{"@type":"WebPage","@id":"https:\/\/bandelin.com\/shop\/trison-ultraschallbaeder\/zubehoer-trison-ultraschallbaeder\/trison-tb-4000-2-base-steuereinheit\/","url":"https:\/\/bandelin.com\/shop\/trison-ultraschallbaeder\/zubehoer-trison-ultraschallbaeder\/trison-tb-4000-2-base-steuereinheit\/","name":"TRISON TB 4000.2 Base - Control unit | BANDELIN electronic GmbH &amp; Co. KG","isPartOf":{"@id":"https:\/\/bvted2iv.myrdbx.io\/#website"},"primaryImageOfPage":{"@id":"https:\/\/bandelin.com\/shop\/trison-ultraschallbaeder\/zubehoer-trison-ultraschallbaeder\/trison-tb-4000-2-base-steuereinheit\/#primaryimage"},"image":{"@id":"https:\/\/bandelin.com\/shop\/trison-ultraschallbaeder\/zubehoer-trison-ultraschallbaeder\/trison-tb-4000-2-base-steuereinheit\/#primaryimage"},"thumbnailUrl":"https:\/\/bandelin.com\/wp-content\/uploads\/Produktfoto_TRISON_TB_40002-4-scaled.jpg","datePublished":"2026-05-07T19:31:55+00:00","dateModified":"2026-05-13T23:55:57+00:00","description":"Find out more about TRISON TB 4000.2 Base - Control unit | High-quality ultrasonic baths for medicine and industry from Bandelin Electronic since 1955.","breadcrumb":{"@id":"https:\/\/bandelin.com\/shop\/trison-ultraschallbaeder\/zubehoer-trison-ultraschallbaeder\/trison-tb-4000-2-base-steuereinheit\/#breadcrumb"},"inLanguage":"en-GB","potentialAction":[{"@type":"ReadAction","target":["https:\/\/bandelin.com\/shop\/trison-ultraschallbaeder\/zubehoer-trison-ultraschallbaeder\/trison-tb-4000-2-base-steuereinheit\/"]}]},{"@type":"ImageObject","inLanguage":"en-GB","@id":"https:\/\/bandelin.com\/shop\/trison-ultraschallbaeder\/zubehoer-trison-ultraschallbaeder\/trison-tb-4000-2-base-steuereinheit\/#primaryimage","url":"https:\/\/bandelin.com\/wp-content\/uploads\/Produktfoto_TRISON_TB_40002-4-scaled.jpg","contentUrl":"https:\/\/bandelin.com\/wp-content\/uploads\/Produktfoto_TRISON_TB_40002-4-scaled.jpg","width":2048,"height":2048,"caption":"TRISON TB 4000.2 Base - Steuereinheit Bild"},{"@type":"BreadcrumbList","@id":"https:\/\/bandelin.com\/shop\/trison-ultraschallbaeder\/zubehoer-trison-ultraschallbaeder\/trison-tb-4000-2-base-steuereinheit\/#breadcrumb","itemListElement":[{"@type":"ListItem","position":1,"name":"Startseite","item":"https:\/\/bandelin.com\/"},{"@type":"ListItem","position":2,"name":"Shop","item":"https:\/\/bandelin.com\/shop\/"},{"@type":"ListItem","position":3,"name":"TRISON TB 4000.2 Base &#8211; Steuereinheit"}]},{"@type":"WebSite","@id":"https:\/\/bvted2iv.myrdbx.io\/#website","url":"https:\/\/bvted2iv.myrdbx.io\/","name":"BANDELIN electronic GmbH &amp; Co. KG","description":"Ultrasound since 1955","publisher":{"@id":"https:\/\/bvted2iv.myrdbx.io\/#organization"},"potentialAction":[{"@type":"SearchAction","target":{"@type":"EntryPoint","urlTemplate":"https:\/\/bvted2iv.myrdbx.io\/?s={search_term_string}"},"query-input":{"@type":"PropertyValueSpecification","valueRequired":true,"valueName":"search_term_string"}}],"inLanguage":"en-GB"},{"@type":"Organization","@id":"https:\/\/bvted2iv.myrdbx.io\/#organization","name":"BANDELIN electronic GmbH &amp; Co. KG","url":"https:\/\/bvted2iv.myrdbx.io\/","logo":{"@type":"ImageObject","inLanguage":"en-GB","@id":"https:\/\/bvted2iv.myrdbx.io\/#\/schema\/logo\/image\/","url":"","contentUrl":"","caption":"BANDELIN electronic GmbH & Co. KG"},"image":{"@id":"https:\/\/bvted2iv.myrdbx.io\/#\/schema\/logo\/image\/"},"sameAs":["https:\/\/de-de.facebook.com\/bandelin.electronic\/","https:\/\/www.instagram.com\/bandelin_ultrasonic\/?hl=de","https:\/\/www.linkedin.com\/company\/bandelin-electronic-gmbh-amp-co-kg","https:\/\/www.youtube.com\/channel\/UC5wTNrNxkwMmX-WzysQqw3g"]}]}},"_links":{"self":[{"href":"https:\/\/bandelin.com\/en\/wp-json\/wp\/v2\/product\/697845","targetHints":{"allow":["GET"]}}],"collection":[{"href":"https:\/\/bandelin.com\/en\/wp-json\/wp\/v2\/product"}],"about":[{"href":"https:\/\/bandelin.com\/en\/wp-json\/wp\/v2\/types\/product"}],"version-history":[{"count":0,"href":"https:\/\/bandelin.com\/en\/wp-json\/wp\/v2\/product\/697845\/revisions"}],"wp:featuredmedia":[{"embeddable":true,"href":"https:\/\/bandelin.com\/en\/wp-json\/wp\/v2\/media\/697847"}],"wp:attachment":[{"href":"https:\/\/bandelin.com\/en\/wp-json\/wp\/v2\/media?parent=697845"}],"wp:term":[{"taxonomy":"product_brand","embeddable":true,"href":"https:\/\/bandelin.com\/en\/wp-json\/wp\/v2\/product_brand?post=697845"},{"taxonomy":"product_cat","embeddable":true,"href":"https:\/\/bandelin.com\/en\/wp-json\/wp\/v2\/product_cat?post=697845"},{"taxonomy":"product_tag","embeddable":true,"href":"https:\/\/bandelin.com\/en\/wp-json\/wp\/v2\/product_tag?post=697845"}],"curies":[{"name":"wp","href":"https:\/\/api.w.org\/{rel}","templated":true}]}}