{"id":698203,"date":"2026-05-07T21:41:56","date_gmt":"2026-05-07T19:41:56","guid":{"rendered":"https:\/\/bandelin.com\/shop\/unkategorisiert\/sonorex-technik-rm-112-uh-st-ultraschallbad-mit-heizung-und-schnittstelle-40-khz\/"},"modified":"2026-05-10T01:56:45","modified_gmt":"2026-05-09T23:56:45","slug":"sonorex-technik-rm-112-uh-st-ultrasonic-bath-with-heater-and-interface-40-khz","status":"publish","type":"product","link":"https:\/\/bandelin.com\/en\/shop\/sonorex-technik-ultraschallbaeder\/sonorex-technik-rm-st-ultraschallbaeder\/sonorex-technik-rm-112-uh-st-ultraschallbad-mit-heizung-und-schnittstelle-40-khz\/","title":{"rendered":"SONOREX TECHNIK RM 112 UH-ST Ultrasonic bath with heating and interface, 40 kHz"},"content":{"rendered":"<p>High-performance ultrasonic cleaning bath with heating for industry, service and maintenance. The welded oscillating tank made of stainless steel 1.4404, 2 mm guarantees maximum durability even with intensive use. A modular design enables a wide range of configurations from individual cleaning tanks to complete cleaning lines. The integrated overflow pocket is used to connect an oil separator for separating cleaned oil films from the cleaning solution.<\/p>\n<p> - Spray tube for removing floating oils from the liquid surface into the overflow pocket<br \/>\n - Level switch as dry-boil protection for heating and ultrasonic transmitter<br \/>\n - Height adjustable feet<\/p>\n<p> Round bath corners on the sides and base make cleaning the bath easier. Dirt build-up is avoided. Mounting the controls in the upper part of the tank makes it easier to operate the ultrasonic and heating switches. The inclined tank floor enables better cleaning results thanks to optimised sound propagation. Emptying the tank is made easier, dirt accumulation and residual liquid on the floor are largely avoided.<\/p>\n<p> The ultrasonic\/rinsing baths with the additional designation ...-ST are equipped with an interface (potential-free contacts) for control and monitoring by an external control unit.<br \/>\n Application examples:<br \/>\n - Activation via relay of a PLC or robot controller<br \/>\n - Activation by means of control voltage from a PLC or robot controller<br \/>\n - Activation via manual switch and indication via signal light<\/p>\n<p> For optimally coordinated ultrasonic cleaning, matching baskets, lids and cleaning and disinfection concentrates are available as accessories.<\/p>","protected":false},"excerpt":{"rendered":"<p>Internal dimensions: 600 x 450 x 450\/470 mm<\/p>","protected":false},"featured_media":698205,"template":"","meta":{"_acf_changed":false},"product_brand":[],"product_cat":[14255,12497],"product_tag":[12881,14122,14134,14632],"class_list":{"0":"post-698203","1":"product","2":"type-product","3":"status-publish","4":"has-post-thumbnail","6":"product_cat-sonorex-technik-rm-st-ultraschallbaeder","7":"product_cat-sonorex-technik-ultraschallbaeder","8":"product_tag-rundecken","9":"product_tag-rm-st","10":"product_tag-ultraschallbad","11":"product_tag-sonorex-technik-ultraschallbaeder-sonorex-technik-rm-st-ultraschallbaeder","12":"pa_ablauf-3-wege-kugelhahn-g-1-inkl-schlauch-und-schlauchtuellen-messing-galvanisch-beschichtet-an-der-linken-seite","13":"pa_arbeitsinhalt-l-14470","14":"pa_aussenmass-breite-mm-12880","15":"pa_aussenmass-hoehe-mm-12558","16":"pa_aussenmass-laenge-mm-12556","17":"pa_bedienung-per-schnittstelle","18":"pa_bestellnummer-13936","19":"pa_betriebsspannung-v-400-v3npe-50-60-hz","20":"pa_ce-kennzeichnung-niederspannungsrichtlinie-2014-35-eu-emv-richtlinie-2014-30-eu-rohs-richtlinie-2011-65-eu-2","21":"pa_einstellb-temp-ber-c-30-80","22":"pa_form-der-wannenecken-abgerundet","23":"pa_fuellstandsmarkierung-12877","24":"pa_fuellstandssensor-schwimmerschalter","25":"pa_gehaeusematerial-edelstahl-1-4301","26":"pa_griffe-an-den-seiten-2","27":"pa_heizleistung-w-12554","28":"pa_inhalt-l-14469","29":"pa_innenmass-b-mm-450-2","30":"pa_innenmass-l-mm-600-2","31":"pa_innenmass-t-mm-450-470","32":"pa_leistungseinstellung-fix","33":"pa_netzkabel-3-m-fest-am-geraet-mit-drehstromstecker-cekon-16-a","34":"pa_schutzgrad-gehaeuse-ip-32-2","35":"pa_spruehrohr-an-der-linken-seite","36":"pa_ueberlauf-kugelhahn-g-1-inkl-schlauchtuelle-messing-galvanisch-beschichtet-an-der-rechten-seite","37":"pa_ueberlauftasche-an-der-rechten-seite","38":"pa_ultraschall-frequenz-khz-40-2","39":"pa_ultraschall-nennleistung-w-12513","40":"pa_ultraschall-spitzenleistung-w-12512","41":"pa_verpackung-breite-mm-12345","42":"pa_verpackung-hoehe-mm-12474","43":"pa_verpackung-laenge-mm-12473","44":"pa_vol-bis-ueberlauft-l-14738","45":"pa_wannenboden-geneigt","46":"pa_wannenmaterial-edelstahl-1-4404","47":"pa_wannenstaerke-mm-14422","48":"pa_zeiteinstellung-min-1-15-dauerbetrieb","49":"pa_zulauf-3-wege-kugelhahn-g-1-inkl-schlauch-und-schlauchtuellen-an-der-linken-seite-messing-galvanisch-beschichtet","51":"first","52":"onbackorder","53":"taxable","54":"shipping-taxable","55":"purchasable","56":"product-type-simple"},"acf":[],"yoast_head":"<!-- This site is optimized with the Yoast SEO plugin v27.5 - https:\/\/yoast.com\/product\/yoast-seo-wordpress\/ -->\n<title>SONOREX TECHNIK RM 112 UH-ST Ultraschallbad mit Heizung und Schnittstelle, 40 kHz | BANDELIN electronic GmbH &amp; Co. KG<\/title>\n<meta name=\"description\" content=\"Informationen Sie sich \u00fcber SONOREX TECHNIK RM 112 UH-ST Ultraschallbad mit Heizung und Schnittstelle, 40 kHz | Hochwertige Ultraschallb\u00e4der f\u00fcr Medizin und Industrie von Bandelin Electronic seit 1955.\" \/>\n<meta name=\"robots\" content=\"index, follow, max-snippet:-1, max-image-preview:large, max-video-preview:-1\" \/>\n<link rel=\"canonical\" href=\"https:\/\/bandelin.com\/en\/shop\/sonorex-technik-ultraschallbaeder\/sonorex-technik-rm-st-ultrasonic-baths\/sonorex-technik-rm-112-uh-st-ultrasonic-bath-with-heater-and-interface-40-khz\/\" \/>\n<meta property=\"og:locale\" content=\"en_GB\" \/>\n<meta property=\"og:type\" content=\"article\" \/>\n<meta property=\"og:title\" content=\"SONOREX TECHNIK RM 112 UH-ST Ultraschallbad mit Heizung und Schnittstelle, 40 kHz | BANDELIN electronic GmbH &amp; Co. KG\" \/>\n<meta property=\"og:description\" content=\"Informationen Sie sich \u00fcber SONOREX TECHNIK RM 112 UH-ST Ultraschallbad mit Heizung und Schnittstelle, 40 kHz | Hochwertige Ultraschallb\u00e4der f\u00fcr Medizin und Industrie von Bandelin Electronic seit 1955.\" \/>\n<meta property=\"og:url\" content=\"https:\/\/bandelin.com\/en\/shop\/sonorex-technik-ultraschallbaeder\/sonorex-technik-rm-st-ultrasonic-baths\/sonorex-technik-rm-112-uh-st-ultrasonic-bath-with-heater-and-interface-40-khz\/\" \/>\n<meta property=\"og:site_name\" content=\"BANDELIN electronic GmbH &amp; Co. KG\" \/>\n<meta property=\"article:publisher\" content=\"https:\/\/de-de.facebook.com\/bandelin.electronic\/\" \/>\n<meta property=\"article:modified_time\" content=\"2026-05-09T23:56:45+00:00\" \/>\n<meta property=\"og:image\" content=\"https:\/\/bandelin.com\/wp-content\/uploads\/Produktfoto_RM_112_UH-ST-9.jpg\" \/>\n\t<meta property=\"og:image:width\" content=\"2000\" \/>\n\t<meta property=\"og:image:height\" content=\"2000\" \/>\n\t<meta property=\"og:image:type\" content=\"image\/jpeg\" \/>\n<meta name=\"twitter:card\" content=\"summary_large_image\" \/>\n<meta name=\"twitter:label1\" content=\"Estimated reading time\" \/>\n\t<meta name=\"twitter:data1\" content=\"1 minute\" \/>\n<script type=\"application\/ld+json\" class=\"yoast-schema-graph\">{\"@context\":\"https:\\\/\\\/schema.org\",\"@graph\":[{\"@type\":\"WebPage\",\"@id\":\"https:\\\/\\\/bandelin.com\\\/shop\\\/sonorex-technik-ultraschallbaeder\\\/sonorex-technik-rm-st-ultraschallbaeder\\\/sonorex-technik-rm-112-uh-st-ultraschallbad-mit-heizung-und-schnittstelle-40-khz\\\/\",\"url\":\"https:\\\/\\\/bandelin.com\\\/shop\\\/sonorex-technik-ultraschallbaeder\\\/sonorex-technik-rm-st-ultraschallbaeder\\\/sonorex-technik-rm-112-uh-st-ultraschallbad-mit-heizung-und-schnittstelle-40-khz\\\/\",\"name\":\"SONOREX TECHNIK RM 112 UH-ST Ultraschallbad mit Heizung und Schnittstelle, 40 kHz | BANDELIN electronic GmbH &amp; Co. KG\",\"isPartOf\":{\"@id\":\"https:\\\/\\\/bvted2iv.myrdbx.io\\\/#website\"},\"primaryImageOfPage\":{\"@id\":\"https:\\\/\\\/bandelin.com\\\/shop\\\/sonorex-technik-ultraschallbaeder\\\/sonorex-technik-rm-st-ultraschallbaeder\\\/sonorex-technik-rm-112-uh-st-ultraschallbad-mit-heizung-und-schnittstelle-40-khz\\\/#primaryimage\"},\"image\":{\"@id\":\"https:\\\/\\\/bandelin.com\\\/shop\\\/sonorex-technik-ultraschallbaeder\\\/sonorex-technik-rm-st-ultraschallbaeder\\\/sonorex-technik-rm-112-uh-st-ultraschallbad-mit-heizung-und-schnittstelle-40-khz\\\/#primaryimage\"},\"thumbnailUrl\":\"https:\\\/\\\/bandelin.com\\\/wp-content\\\/uploads\\\/Produktfoto_RM_112_UH-ST-9.jpg\",\"datePublished\":\"2026-05-07T19:41:56+00:00\",\"dateModified\":\"2026-05-09T23:56:45+00:00\",\"description\":\"Informationen Sie sich \u00fcber SONOREX TECHNIK RM 112 UH-ST Ultraschallbad mit Heizung und Schnittstelle, 40 kHz | Hochwertige Ultraschallb\u00e4der f\u00fcr Medizin und Industrie von Bandelin Electronic seit 1955.\",\"breadcrumb\":{\"@id\":\"https:\\\/\\\/bandelin.com\\\/shop\\\/sonorex-technik-ultraschallbaeder\\\/sonorex-technik-rm-st-ultraschallbaeder\\\/sonorex-technik-rm-112-uh-st-ultraschallbad-mit-heizung-und-schnittstelle-40-khz\\\/#breadcrumb\"},\"inLanguage\":\"en-GB\",\"potentialAction\":[{\"@type\":\"ReadAction\",\"target\":[\"https:\\\/\\\/bandelin.com\\\/shop\\\/sonorex-technik-ultraschallbaeder\\\/sonorex-technik-rm-st-ultraschallbaeder\\\/sonorex-technik-rm-112-uh-st-ultraschallbad-mit-heizung-und-schnittstelle-40-khz\\\/\"]}]},{\"@type\":\"ImageObject\",\"inLanguage\":\"en-GB\",\"@id\":\"https:\\\/\\\/bandelin.com\\\/shop\\\/sonorex-technik-ultraschallbaeder\\\/sonorex-technik-rm-st-ultraschallbaeder\\\/sonorex-technik-rm-112-uh-st-ultraschallbad-mit-heizung-und-schnittstelle-40-khz\\\/#primaryimage\",\"url\":\"https:\\\/\\\/bandelin.com\\\/wp-content\\\/uploads\\\/Produktfoto_RM_112_UH-ST-9.jpg\",\"contentUrl\":\"https:\\\/\\\/bandelin.com\\\/wp-content\\\/uploads\\\/Produktfoto_RM_112_UH-ST-9.jpg\",\"width\":2000,\"height\":2000,\"caption\":\"SONOREX TECHNIK RM 112 UH-ST Ultraschallbad mit Heizung und Schnittstelle\"},{\"@type\":\"BreadcrumbList\",\"@id\":\"https:\\\/\\\/bandelin.com\\\/shop\\\/sonorex-technik-ultraschallbaeder\\\/sonorex-technik-rm-st-ultraschallbaeder\\\/sonorex-technik-rm-112-uh-st-ultraschallbad-mit-heizung-und-schnittstelle-40-khz\\\/#breadcrumb\",\"itemListElement\":[{\"@type\":\"ListItem\",\"position\":1,\"name\":\"Startseite\",\"item\":\"https:\\\/\\\/bandelin.com\\\/\"},{\"@type\":\"ListItem\",\"position\":2,\"name\":\"Shop\",\"item\":\"https:\\\/\\\/bandelin.com\\\/shop\\\/\"},{\"@type\":\"ListItem\",\"position\":3,\"name\":\"SONOREX TECHNIK RM 112 UH-ST Ultraschallbad mit Heizung und Schnittstelle, 40 kHz\"}]},{\"@type\":\"WebSite\",\"@id\":\"https:\\\/\\\/bvted2iv.myrdbx.io\\\/#website\",\"url\":\"https:\\\/\\\/bvted2iv.myrdbx.io\\\/\",\"name\":\"BANDELIN electronic GmbH & Co. KG\",\"description\":\"Ultraschall seit 1955\",\"publisher\":{\"@id\":\"https:\\\/\\\/bvted2iv.myrdbx.io\\\/#organization\"},\"potentialAction\":[{\"@type\":\"SearchAction\",\"target\":{\"@type\":\"EntryPoint\",\"urlTemplate\":\"https:\\\/\\\/bvted2iv.myrdbx.io\\\/?s={search_term_string}\"},\"query-input\":{\"@type\":\"PropertyValueSpecification\",\"valueRequired\":true,\"valueName\":\"search_term_string\"}}],\"inLanguage\":\"en-GB\"},{\"@type\":\"Organization\",\"@id\":\"https:\\\/\\\/bvted2iv.myrdbx.io\\\/#organization\",\"name\":\"BANDELIN electronic GmbH & Co. KG\",\"url\":\"https:\\\/\\\/bvted2iv.myrdbx.io\\\/\",\"logo\":{\"@type\":\"ImageObject\",\"inLanguage\":\"en-GB\",\"@id\":\"https:\\\/\\\/bvted2iv.myrdbx.io\\\/#\\\/schema\\\/logo\\\/image\\\/\",\"url\":\"\",\"contentUrl\":\"\",\"caption\":\"BANDELIN electronic GmbH & Co. KG\"},\"image\":{\"@id\":\"https:\\\/\\\/bvted2iv.myrdbx.io\\\/#\\\/schema\\\/logo\\\/image\\\/\"},\"sameAs\":[\"https:\\\/\\\/de-de.facebook.com\\\/bandelin.electronic\\\/\",\"https:\\\/\\\/www.instagram.com\\\/bandelin_ultrasonic\\\/?hl=de\",\"https:\\\/\\\/www.linkedin.com\\\/company\\\/bandelin-electronic-gmbh-amp-co-kg\",\"https:\\\/\\\/www.youtube.com\\\/channel\\\/UC5wTNrNxkwMmX-WzysQqw3g\"]}]}<\/script>\n<!-- \/ Yoast SEO plugin. -->","yoast_head_json":{"title":"SONOREX TECHNIK RM 112 UH-ST Ultrasonic bath with heating and interface, 40 kHz | BANDELIN electronic GmbH &amp; Co. KG","description":"Find out more about SONOREX TECHNIK RM 112 UH-ST Ultrasonic bath with heating and interface, 40 kHz | High-quality ultrasonic baths for medicine and industry from Bandelin Electronic since 1955.","robots":{"index":"index","follow":"follow","max-snippet":"max-snippet:-1","max-image-preview":"max-image-preview:large","max-video-preview":"max-video-preview:-1"},"canonical":"https:\/\/bandelin.com\/en\/shop\/sonorex-technik-ultraschallbaeder\/sonorex-technik-rm-st-ultrasonic-baths\/sonorex-technik-rm-112-uh-st-ultrasonic-bath-with-heater-and-interface-40-khz\/","og_locale":"en_GB","og_type":"article","og_title":"SONOREX TECHNIK RM 112 UH-ST Ultraschallbad mit Heizung und Schnittstelle, 40 kHz | BANDELIN electronic GmbH &amp; Co. KG","og_description":"Informationen Sie sich \u00fcber SONOREX TECHNIK RM 112 UH-ST Ultraschallbad mit Heizung und Schnittstelle, 40 kHz | Hochwertige Ultraschallb\u00e4der f\u00fcr Medizin und Industrie von Bandelin Electronic seit 1955.","og_url":"https:\/\/bandelin.com\/en\/shop\/sonorex-technik-ultraschallbaeder\/sonorex-technik-rm-st-ultrasonic-baths\/sonorex-technik-rm-112-uh-st-ultrasonic-bath-with-heater-and-interface-40-khz\/","og_site_name":"BANDELIN electronic GmbH &amp; Co. KG","article_publisher":"https:\/\/de-de.facebook.com\/bandelin.electronic\/","article_modified_time":"2026-05-09T23:56:45+00:00","og_image":[{"width":2000,"height":2000,"url":"https:\/\/bandelin.com\/wp-content\/uploads\/Produktfoto_RM_112_UH-ST-9.jpg","type":"image\/jpeg"}],"twitter_card":"summary_large_image","twitter_misc":{"Estimated reading time":"1 minute"},"schema":{"@context":"https:\/\/schema.org","@graph":[{"@type":"WebPage","@id":"https:\/\/bandelin.com\/shop\/sonorex-technik-ultraschallbaeder\/sonorex-technik-rm-st-ultraschallbaeder\/sonorex-technik-rm-112-uh-st-ultraschallbad-mit-heizung-und-schnittstelle-40-khz\/","url":"https:\/\/bandelin.com\/shop\/sonorex-technik-ultraschallbaeder\/sonorex-technik-rm-st-ultraschallbaeder\/sonorex-technik-rm-112-uh-st-ultraschallbad-mit-heizung-und-schnittstelle-40-khz\/","name":"SONOREX TECHNIK RM 112 UH-ST Ultrasonic bath with heating and interface, 40 kHz | BANDELIN electronic GmbH &amp; Co. KG","isPartOf":{"@id":"https:\/\/bvted2iv.myrdbx.io\/#website"},"primaryImageOfPage":{"@id":"https:\/\/bandelin.com\/shop\/sonorex-technik-ultraschallbaeder\/sonorex-technik-rm-st-ultraschallbaeder\/sonorex-technik-rm-112-uh-st-ultraschallbad-mit-heizung-und-schnittstelle-40-khz\/#primaryimage"},"image":{"@id":"https:\/\/bandelin.com\/shop\/sonorex-technik-ultraschallbaeder\/sonorex-technik-rm-st-ultraschallbaeder\/sonorex-technik-rm-112-uh-st-ultraschallbad-mit-heizung-und-schnittstelle-40-khz\/#primaryimage"},"thumbnailUrl":"https:\/\/bandelin.com\/wp-content\/uploads\/Produktfoto_RM_112_UH-ST-9.jpg","datePublished":"2026-05-07T19:41:56+00:00","dateModified":"2026-05-09T23:56:45+00:00","description":"Find out more about SONOREX TECHNIK RM 112 UH-ST Ultrasonic bath with heating and interface, 40 kHz | High-quality ultrasonic baths for medicine and industry from Bandelin Electronic since 1955.","breadcrumb":{"@id":"https:\/\/bandelin.com\/shop\/sonorex-technik-ultraschallbaeder\/sonorex-technik-rm-st-ultraschallbaeder\/sonorex-technik-rm-112-uh-st-ultraschallbad-mit-heizung-und-schnittstelle-40-khz\/#breadcrumb"},"inLanguage":"en-GB","potentialAction":[{"@type":"ReadAction","target":["https:\/\/bandelin.com\/shop\/sonorex-technik-ultraschallbaeder\/sonorex-technik-rm-st-ultraschallbaeder\/sonorex-technik-rm-112-uh-st-ultraschallbad-mit-heizung-und-schnittstelle-40-khz\/"]}]},{"@type":"ImageObject","inLanguage":"en-GB","@id":"https:\/\/bandelin.com\/shop\/sonorex-technik-ultraschallbaeder\/sonorex-technik-rm-st-ultraschallbaeder\/sonorex-technik-rm-112-uh-st-ultraschallbad-mit-heizung-und-schnittstelle-40-khz\/#primaryimage","url":"https:\/\/bandelin.com\/wp-content\/uploads\/Produktfoto_RM_112_UH-ST-9.jpg","contentUrl":"https:\/\/bandelin.com\/wp-content\/uploads\/Produktfoto_RM_112_UH-ST-9.jpg","width":2000,"height":2000,"caption":"SONOREX TECHNIK RM 112 UH-ST Ultraschallbad mit Heizung und Schnittstelle"},{"@type":"BreadcrumbList","@id":"https:\/\/bandelin.com\/shop\/sonorex-technik-ultraschallbaeder\/sonorex-technik-rm-st-ultraschallbaeder\/sonorex-technik-rm-112-uh-st-ultraschallbad-mit-heizung-und-schnittstelle-40-khz\/#breadcrumb","itemListElement":[{"@type":"ListItem","position":1,"name":"Startseite","item":"https:\/\/bandelin.com\/"},{"@type":"ListItem","position":2,"name":"Shop","item":"https:\/\/bandelin.com\/shop\/"},{"@type":"ListItem","position":3,"name":"SONOREX TECHNIK RM 112 UH-ST Ultraschallbad mit Heizung und Schnittstelle, 40 kHz"}]},{"@type":"WebSite","@id":"https:\/\/bvted2iv.myrdbx.io\/#website","url":"https:\/\/bvted2iv.myrdbx.io\/","name":"BANDELIN electronic GmbH &amp; Co. KG","description":"Ultrasound since 1955","publisher":{"@id":"https:\/\/bvted2iv.myrdbx.io\/#organization"},"potentialAction":[{"@type":"SearchAction","target":{"@type":"EntryPoint","urlTemplate":"https:\/\/bvted2iv.myrdbx.io\/?s={search_term_string}"},"query-input":{"@type":"PropertyValueSpecification","valueRequired":true,"valueName":"search_term_string"}}],"inLanguage":"en-GB"},{"@type":"Organization","@id":"https:\/\/bvted2iv.myrdbx.io\/#organization","name":"BANDELIN electronic GmbH &amp; Co. KG","url":"https:\/\/bvted2iv.myrdbx.io\/","logo":{"@type":"ImageObject","inLanguage":"en-GB","@id":"https:\/\/bvted2iv.myrdbx.io\/#\/schema\/logo\/image\/","url":"","contentUrl":"","caption":"BANDELIN electronic GmbH & Co. KG"},"image":{"@id":"https:\/\/bvted2iv.myrdbx.io\/#\/schema\/logo\/image\/"},"sameAs":["https:\/\/de-de.facebook.com\/bandelin.electronic\/","https:\/\/www.instagram.com\/bandelin_ultrasonic\/?hl=de","https:\/\/www.linkedin.com\/company\/bandelin-electronic-gmbh-amp-co-kg","https:\/\/www.youtube.com\/channel\/UC5wTNrNxkwMmX-WzysQqw3g"]}]}},"_links":{"self":[{"href":"https:\/\/bandelin.com\/en\/wp-json\/wp\/v2\/product\/698203","targetHints":{"allow":["GET"]}}],"collection":[{"href":"https:\/\/bandelin.com\/en\/wp-json\/wp\/v2\/product"}],"about":[{"href":"https:\/\/bandelin.com\/en\/wp-json\/wp\/v2\/types\/product"}],"version-history":[{"count":2,"href":"https:\/\/bandelin.com\/en\/wp-json\/wp\/v2\/product\/698203\/revisions"}],"predecessor-version":[{"id":698207,"href":"https:\/\/bandelin.com\/en\/wp-json\/wp\/v2\/product\/698203\/revisions\/698207"}],"wp:featuredmedia":[{"embeddable":true,"href":"https:\/\/bandelin.com\/en\/wp-json\/wp\/v2\/media\/698205"}],"wp:attachment":[{"href":"https:\/\/bandelin.com\/en\/wp-json\/wp\/v2\/media?parent=698203"}],"wp:term":[{"taxonomy":"product_brand","embeddable":true,"href":"https:\/\/bandelin.com\/en\/wp-json\/wp\/v2\/product_brand?post=698203"},{"taxonomy":"product_cat","embeddable":true,"href":"https:\/\/bandelin.com\/en\/wp-json\/wp\/v2\/product_cat?post=698203"},{"taxonomy":"product_tag","embeddable":true,"href":"https:\/\/bandelin.com\/en\/wp-json\/wp\/v2\/product_tag?post=698203"}],"curies":[{"name":"wp","href":"https:\/\/api.w.org\/{rel}","templated":true}]}}