{"id":698361,"date":"2026-05-07T21:45:07","date_gmt":"2026-05-07T19:45:07","guid":{"rendered":"https:\/\/bandelin.com\/shop\/unkategorisiert\/sonorex-technik-rm-182-h-spuelbad-mit-ueberlauftasche-und-heizung\/"},"modified":"2026-05-15T15:12:00","modified_gmt":"2026-05-15T13:12:00","slug":"sonorex-technik-rm-182-h-rinsing-bath-with-overflow-bag-and-heater","status":"publish","type":"product","link":"https:\/\/bandelin.com\/en\/shop\/sonorex-technik-ultraschallbaeder\/sonorex-technik-rm-ultraschallbaeder\/sonorex-technik-rm-182-h-spuelbad-mit-ueberlauftasche-und-heizung\/","title":{"rendered":"SONOREX TECHNIK RM 182 H Rinse bath with overflow pocket and heater"},"content":{"rendered":"<p>Sink with heating for industry, service and maintenance. The welded oscillating tank made of stainless steel 1.4404, 2 mm guarantees maximum durability even with intensive use.<br \/>\n  A modular design enables a wide variety of configurations from the individual cleaning tank to the complete cleaning line.<br \/>\n  The integrated overflow pocket is used to connect an oil separator to separate cleaned oil films from the cleaning solution.<\/p>\n<p>  - Spray tube for removing floating oils from the liquid surface into the overflow pocket<br \/>\n  - Level switch as dry-boil protection for heating and ultrasonic transmitter<br \/>\n  - Height adjustable feet<\/p>\n<p>  For optimally coordinated ultrasonic cleaning, matching baskets, lids and cleaning and disinfection concentrates are available as accessories.<\/p>","protected":false},"excerpt":{"rendered":"<p>Internal dimensions: 1000 x 500 x 400\/420 mm<\/p>","protected":false},"featured_media":698363,"template":"","meta":{"_acf_changed":false},"product_brand":[],"product_cat":[14254,12497],"product_tag":[12881,14134,14623,12501],"class_list":{"0":"post-698361","1":"product","2":"type-product","3":"status-publish","4":"has-post-thumbnail","6":"product_cat-sonorex-technik-rm-ultraschallbaeder","7":"product_cat-sonorex-technik-ultraschallbaeder","8":"product_tag-rundecken","9":"product_tag-ultraschallbad","10":"product_tag-sonorex-technik-ultraschallbaeder-sonorex-technik-rm-ultraschallbaeder","11":"product_tag-rm","12":"pa_ablauf-3-wege-kugelhahn-g-1-inkl-schlauch-und-schlauchtuellen-messing-galvanisch-beschichtet-an-der-linken-seite","13":"pa_arbeitsinhalt-l-14472","14":"pa_aussenmass-breite-mm-12921","15":"pa_aussenmass-hoehe-mm-12558","16":"pa_aussenmass-laenge-mm-12574","17":"pa_bedienung-drehgriff","18":"pa_bestellnummer-12926","19":"pa_betriebsspannung-v-400-v3npe-50-60-hz","20":"pa_ce-kennzeichnung-niederspannungsrichtlinie-2014-35-eu-emv-richtlinie-2014-30-eu-rohs-richtlinie-2011-65-eu-2","21":"pa_einstellb-temp-ber-c-30-80","22":"pa_form-der-wannenecken-abgerundet","23":"pa_fuellstandsmarkierung-12918","24":"pa_fuellstandssensor-schwimmerschalter","25":"pa_gehaeusematerial-edelstahl-1-4301","26":"pa_griffe-an-den-seiten-2","27":"pa_heizleistung-w-12573","28":"pa_inhalt-l-14471","29":"pa_innenmass-b-mm-12392","30":"pa_innenmass-l-mm-12455","31":"pa_innenmass-t-mm-400-420","32":"pa_netzkabel-3-m-fest-am-geraet-mit-drehstromstecker-cekon-16-a","33":"pa_schutzgrad-gehaeuse-ip-32-2","34":"pa_spruehrohr-an-der-linken-seite","35":"pa_ueberlauf-kugelhahn-g-1-inkl-schlauchtuelle-messing-galvanisch-beschichtet-an-der-rechten-seite","36":"pa_ueberlauftasche-an-der-rechten-seite","37":"pa_verpackung-breite-mm-12345","38":"pa_verpackung-hoehe-mm-12474","39":"pa_verpackung-laenge-mm-1400-2","40":"pa_vol-bis-ueberlauft-l-14740","41":"pa_wannenboden-geneigt","42":"pa_wannenmaterial-edelstahl-1-4404","43":"pa_wannenstaerke-mm-14422","44":"pa_zulauf-3-wege-kugelhahn-g-1-inkl-schlauch-und-schlauchtuellen-an-der-linken-seite-messing-galvanisch-beschichtet","46":"first","47":"onbackorder","48":"taxable","49":"shipping-taxable","50":"purchasable","51":"product-type-simple"},"acf":[],"yoast_head":"<!-- This site is optimized with the Yoast SEO plugin v27.6 - https:\/\/yoast.com\/product\/yoast-seo-wordpress\/ -->\n<title>SONOREX TECHNIK RM 182 H Sp\u00fclbad mit \u00dcberlauftasche und Heizung | BANDELIN electronic GmbH &amp; Co. KG<\/title>\n<meta name=\"description\" content=\"Informationen Sie sich \u00fcber SONOREX TECHNIK RM 182 H Sp\u00fclbad mit \u00dcberlauftasche und Heizung | Hochwertige Ultraschallb\u00e4der f\u00fcr Medizin und Industrie von Bandelin Electronic seit 1955.\" \/>\n<meta name=\"robots\" content=\"index, follow, max-snippet:-1, max-image-preview:large, max-video-preview:-1\" \/>\n<link rel=\"canonical\" href=\"https:\/\/bandelin.com\/en\/shop\/sonorex-technik-ultraschallbaeder\/sonorex-technology-rm-ultrasonic-baths\/sonorex-technik-rm-182-h-rinsing-bath-with-overflow-bag-and-heater\/\" \/>\n<meta property=\"og:locale\" content=\"en_GB\" \/>\n<meta property=\"og:type\" content=\"article\" \/>\n<meta property=\"og:title\" content=\"SONOREX TECHNIK RM 182 H Sp\u00fclbad mit \u00dcberlauftasche und Heizung | BANDELIN electronic GmbH &amp; Co. KG\" \/>\n<meta property=\"og:description\" content=\"Informationen Sie sich \u00fcber SONOREX TECHNIK RM 182 H Sp\u00fclbad mit \u00dcberlauftasche und Heizung | Hochwertige Ultraschallb\u00e4der f\u00fcr Medizin und Industrie von Bandelin Electronic seit 1955.\" \/>\n<meta property=\"og:url\" content=\"https:\/\/bandelin.com\/en\/shop\/sonorex-technik-ultraschallbaeder\/sonorex-technology-rm-ultrasonic-baths\/sonorex-technik-rm-182-h-rinsing-bath-with-overflow-bag-and-heater\/\" \/>\n<meta property=\"og:site_name\" content=\"BANDELIN electronic GmbH &amp; Co. KG\" \/>\n<meta property=\"article:publisher\" content=\"https:\/\/de-de.facebook.com\/bandelin.electronic\/\" \/>\n<meta property=\"article:modified_time\" content=\"2026-05-15T13:12:00+00:00\" \/>\n<meta property=\"og:image\" content=\"https:\/\/bandelin.com\/wp-content\/uploads\/Produktfoto_RM_182_H-1.jpg\" \/>\n\t<meta property=\"og:image:width\" content=\"2000\" \/>\n\t<meta property=\"og:image:height\" content=\"2000\" \/>\n\t<meta property=\"og:image:type\" content=\"image\/jpeg\" \/>\n<meta name=\"twitter:card\" content=\"summary_large_image\" \/>\n<meta name=\"twitter:label1\" content=\"Estimated reading time\" \/>\n\t<meta name=\"twitter:data1\" content=\"1 minute\" \/>\n<script type=\"application\/ld+json\" class=\"yoast-schema-graph\">{\"@context\":\"https:\\\/\\\/schema.org\",\"@graph\":[{\"@type\":\"WebPage\",\"@id\":\"https:\\\/\\\/bandelin.com\\\/shop\\\/sonorex-technik-ultraschallbaeder\\\/sonorex-technik-rm-ultraschallbaeder\\\/sonorex-technik-rm-182-h-spuelbad-mit-ueberlauftasche-und-heizung\\\/\",\"url\":\"https:\\\/\\\/bandelin.com\\\/shop\\\/sonorex-technik-ultraschallbaeder\\\/sonorex-technik-rm-ultraschallbaeder\\\/sonorex-technik-rm-182-h-spuelbad-mit-ueberlauftasche-und-heizung\\\/\",\"name\":\"SONOREX TECHNIK RM 182 H Sp\u00fclbad mit \u00dcberlauftasche und Heizung | BANDELIN electronic GmbH &amp; Co. KG\",\"isPartOf\":{\"@id\":\"https:\\\/\\\/bvted2iv.myrdbx.io\\\/#website\"},\"primaryImageOfPage\":{\"@id\":\"https:\\\/\\\/bandelin.com\\\/shop\\\/sonorex-technik-ultraschallbaeder\\\/sonorex-technik-rm-ultraschallbaeder\\\/sonorex-technik-rm-182-h-spuelbad-mit-ueberlauftasche-und-heizung\\\/#primaryimage\"},\"image\":{\"@id\":\"https:\\\/\\\/bandelin.com\\\/shop\\\/sonorex-technik-ultraschallbaeder\\\/sonorex-technik-rm-ultraschallbaeder\\\/sonorex-technik-rm-182-h-spuelbad-mit-ueberlauftasche-und-heizung\\\/#primaryimage\"},\"thumbnailUrl\":\"https:\\\/\\\/bandelin.com\\\/wp-content\\\/uploads\\\/Produktfoto_RM_182_H-1.jpg\",\"datePublished\":\"2026-05-07T19:45:07+00:00\",\"dateModified\":\"2026-05-15T13:12:00+00:00\",\"description\":\"Informationen Sie sich \u00fcber SONOREX TECHNIK RM 182 H Sp\u00fclbad mit \u00dcberlauftasche und Heizung | Hochwertige Ultraschallb\u00e4der f\u00fcr Medizin und Industrie von Bandelin Electronic seit 1955.\",\"breadcrumb\":{\"@id\":\"https:\\\/\\\/bandelin.com\\\/shop\\\/sonorex-technik-ultraschallbaeder\\\/sonorex-technik-rm-ultraschallbaeder\\\/sonorex-technik-rm-182-h-spuelbad-mit-ueberlauftasche-und-heizung\\\/#breadcrumb\"},\"inLanguage\":\"en-GB\",\"potentialAction\":[{\"@type\":\"ReadAction\",\"target\":[\"https:\\\/\\\/bandelin.com\\\/shop\\\/sonorex-technik-ultraschallbaeder\\\/sonorex-technik-rm-ultraschallbaeder\\\/sonorex-technik-rm-182-h-spuelbad-mit-ueberlauftasche-und-heizung\\\/\"]}]},{\"@type\":\"ImageObject\",\"inLanguage\":\"en-GB\",\"@id\":\"https:\\\/\\\/bandelin.com\\\/shop\\\/sonorex-technik-ultraschallbaeder\\\/sonorex-technik-rm-ultraschallbaeder\\\/sonorex-technik-rm-182-h-spuelbad-mit-ueberlauftasche-und-heizung\\\/#primaryimage\",\"url\":\"https:\\\/\\\/bandelin.com\\\/wp-content\\\/uploads\\\/Produktfoto_RM_182_H-1.jpg\",\"contentUrl\":\"https:\\\/\\\/bandelin.com\\\/wp-content\\\/uploads\\\/Produktfoto_RM_182_H-1.jpg\",\"width\":2000,\"height\":2000,\"caption\":\"SONOREX TECHNIK RM 182 H Sp\u00fclbad mit \u00dcberlauftasche und Heizung Bild\"},{\"@type\":\"BreadcrumbList\",\"@id\":\"https:\\\/\\\/bandelin.com\\\/shop\\\/sonorex-technik-ultraschallbaeder\\\/sonorex-technik-rm-ultraschallbaeder\\\/sonorex-technik-rm-182-h-spuelbad-mit-ueberlauftasche-und-heizung\\\/#breadcrumb\",\"itemListElement\":[{\"@type\":\"ListItem\",\"position\":1,\"name\":\"Startseite\",\"item\":\"https:\\\/\\\/bandelin.com\\\/\"},{\"@type\":\"ListItem\",\"position\":2,\"name\":\"Shop\",\"item\":\"https:\\\/\\\/bandelin.com\\\/shop\\\/\"},{\"@type\":\"ListItem\",\"position\":3,\"name\":\"SONOREX TECHNIK RM 182 H Sp\u00fclbad mit \u00dcberlauftasche und Heizung\"}]},{\"@type\":\"WebSite\",\"@id\":\"https:\\\/\\\/bvted2iv.myrdbx.io\\\/#website\",\"url\":\"https:\\\/\\\/bvted2iv.myrdbx.io\\\/\",\"name\":\"BANDELIN electronic GmbH & Co. KG\",\"description\":\"Ultraschall seit 1955\",\"publisher\":{\"@id\":\"https:\\\/\\\/bvted2iv.myrdbx.io\\\/#organization\"},\"potentialAction\":[{\"@type\":\"SearchAction\",\"target\":{\"@type\":\"EntryPoint\",\"urlTemplate\":\"https:\\\/\\\/bvted2iv.myrdbx.io\\\/?s={search_term_string}\"},\"query-input\":{\"@type\":\"PropertyValueSpecification\",\"valueRequired\":true,\"valueName\":\"search_term_string\"}}],\"inLanguage\":\"en-GB\"},{\"@type\":\"Organization\",\"@id\":\"https:\\\/\\\/bvted2iv.myrdbx.io\\\/#organization\",\"name\":\"BANDELIN electronic GmbH & Co. KG\",\"url\":\"https:\\\/\\\/bvted2iv.myrdbx.io\\\/\",\"logo\":{\"@type\":\"ImageObject\",\"inLanguage\":\"en-GB\",\"@id\":\"https:\\\/\\\/bvted2iv.myrdbx.io\\\/#\\\/schema\\\/logo\\\/image\\\/\",\"url\":\"\",\"contentUrl\":\"\",\"caption\":\"BANDELIN electronic GmbH & Co. KG\"},\"image\":{\"@id\":\"https:\\\/\\\/bvted2iv.myrdbx.io\\\/#\\\/schema\\\/logo\\\/image\\\/\"},\"sameAs\":[\"https:\\\/\\\/de-de.facebook.com\\\/bandelin.electronic\\\/\",\"https:\\\/\\\/www.instagram.com\\\/bandelin_ultrasonic\\\/?hl=de\",\"https:\\\/\\\/www.linkedin.com\\\/company\\\/bandelin-electronic-gmbh-amp-co-kg\",\"https:\\\/\\\/www.youtube.com\\\/channel\\\/UC5wTNrNxkwMmX-WzysQqw3g\"]}]}<\/script>\n<!-- \/ Yoast SEO plugin. -->","yoast_head_json":{"title":"SONOREX TECHNIK RM 182 H rinsing bath with overflow pocket and heating | BANDELIN electronic GmbH &amp; Co. KG","description":"Find out more about SONOREX TECHNIK RM 182 H rinsing bath with overflow pocket and heater | High-quality ultrasonic baths for medicine and industry from Bandelin Electronic since 1955.","robots":{"index":"index","follow":"follow","max-snippet":"max-snippet:-1","max-image-preview":"max-image-preview:large","max-video-preview":"max-video-preview:-1"},"canonical":"https:\/\/bandelin.com\/en\/shop\/sonorex-technik-ultraschallbaeder\/sonorex-technology-rm-ultrasonic-baths\/sonorex-technik-rm-182-h-rinsing-bath-with-overflow-bag-and-heater\/","og_locale":"en_GB","og_type":"article","og_title":"SONOREX TECHNIK RM 182 H Sp\u00fclbad mit \u00dcberlauftasche und Heizung | BANDELIN electronic GmbH &amp; Co. KG","og_description":"Informationen Sie sich \u00fcber SONOREX TECHNIK RM 182 H Sp\u00fclbad mit \u00dcberlauftasche und Heizung | Hochwertige Ultraschallb\u00e4der f\u00fcr Medizin und Industrie von Bandelin Electronic seit 1955.","og_url":"https:\/\/bandelin.com\/en\/shop\/sonorex-technik-ultraschallbaeder\/sonorex-technology-rm-ultrasonic-baths\/sonorex-technik-rm-182-h-rinsing-bath-with-overflow-bag-and-heater\/","og_site_name":"BANDELIN electronic GmbH &amp; Co. KG","article_publisher":"https:\/\/de-de.facebook.com\/bandelin.electronic\/","article_modified_time":"2026-05-15T13:12:00+00:00","og_image":[{"width":2000,"height":2000,"url":"https:\/\/bandelin.com\/wp-content\/uploads\/Produktfoto_RM_182_H-1.jpg","type":"image\/jpeg"}],"twitter_card":"summary_large_image","twitter_misc":{"Estimated reading time":"1 minute"},"schema":{"@context":"https:\/\/schema.org","@graph":[{"@type":"WebPage","@id":"https:\/\/bandelin.com\/shop\/sonorex-technik-ultraschallbaeder\/sonorex-technik-rm-ultraschallbaeder\/sonorex-technik-rm-182-h-spuelbad-mit-ueberlauftasche-und-heizung\/","url":"https:\/\/bandelin.com\/shop\/sonorex-technik-ultraschallbaeder\/sonorex-technik-rm-ultraschallbaeder\/sonorex-technik-rm-182-h-spuelbad-mit-ueberlauftasche-und-heizung\/","name":"SONOREX TECHNIK RM 182 H rinsing bath with overflow pocket and heating | BANDELIN electronic GmbH &amp; Co. KG","isPartOf":{"@id":"https:\/\/bvted2iv.myrdbx.io\/#website"},"primaryImageOfPage":{"@id":"https:\/\/bandelin.com\/shop\/sonorex-technik-ultraschallbaeder\/sonorex-technik-rm-ultraschallbaeder\/sonorex-technik-rm-182-h-spuelbad-mit-ueberlauftasche-und-heizung\/#primaryimage"},"image":{"@id":"https:\/\/bandelin.com\/shop\/sonorex-technik-ultraschallbaeder\/sonorex-technik-rm-ultraschallbaeder\/sonorex-technik-rm-182-h-spuelbad-mit-ueberlauftasche-und-heizung\/#primaryimage"},"thumbnailUrl":"https:\/\/bandelin.com\/wp-content\/uploads\/Produktfoto_RM_182_H-1.jpg","datePublished":"2026-05-07T19:45:07+00:00","dateModified":"2026-05-15T13:12:00+00:00","description":"Find out more about SONOREX TECHNIK RM 182 H rinsing bath with overflow pocket and heater | High-quality ultrasonic baths for medicine and industry from Bandelin Electronic since 1955.","breadcrumb":{"@id":"https:\/\/bandelin.com\/shop\/sonorex-technik-ultraschallbaeder\/sonorex-technik-rm-ultraschallbaeder\/sonorex-technik-rm-182-h-spuelbad-mit-ueberlauftasche-und-heizung\/#breadcrumb"},"inLanguage":"en-GB","potentialAction":[{"@type":"ReadAction","target":["https:\/\/bandelin.com\/shop\/sonorex-technik-ultraschallbaeder\/sonorex-technik-rm-ultraschallbaeder\/sonorex-technik-rm-182-h-spuelbad-mit-ueberlauftasche-und-heizung\/"]}]},{"@type":"ImageObject","inLanguage":"en-GB","@id":"https:\/\/bandelin.com\/shop\/sonorex-technik-ultraschallbaeder\/sonorex-technik-rm-ultraschallbaeder\/sonorex-technik-rm-182-h-spuelbad-mit-ueberlauftasche-und-heizung\/#primaryimage","url":"https:\/\/bandelin.com\/wp-content\/uploads\/Produktfoto_RM_182_H-1.jpg","contentUrl":"https:\/\/bandelin.com\/wp-content\/uploads\/Produktfoto_RM_182_H-1.jpg","width":2000,"height":2000,"caption":"SONOREX TECHNIK RM 182 H Sp\u00fclbad mit \u00dcberlauftasche und Heizung Bild"},{"@type":"BreadcrumbList","@id":"https:\/\/bandelin.com\/shop\/sonorex-technik-ultraschallbaeder\/sonorex-technik-rm-ultraschallbaeder\/sonorex-technik-rm-182-h-spuelbad-mit-ueberlauftasche-und-heizung\/#breadcrumb","itemListElement":[{"@type":"ListItem","position":1,"name":"Startseite","item":"https:\/\/bandelin.com\/"},{"@type":"ListItem","position":2,"name":"Shop","item":"https:\/\/bandelin.com\/shop\/"},{"@type":"ListItem","position":3,"name":"SONOREX TECHNIK RM 182 H Sp\u00fclbad mit \u00dcberlauftasche und Heizung"}]},{"@type":"WebSite","@id":"https:\/\/bvted2iv.myrdbx.io\/#website","url":"https:\/\/bvted2iv.myrdbx.io\/","name":"BANDELIN electronic GmbH &amp; Co. KG","description":"Ultrasound since 1955","publisher":{"@id":"https:\/\/bvted2iv.myrdbx.io\/#organization"},"potentialAction":[{"@type":"SearchAction","target":{"@type":"EntryPoint","urlTemplate":"https:\/\/bvted2iv.myrdbx.io\/?s={search_term_string}"},"query-input":{"@type":"PropertyValueSpecification","valueRequired":true,"valueName":"search_term_string"}}],"inLanguage":"en-GB"},{"@type":"Organization","@id":"https:\/\/bvted2iv.myrdbx.io\/#organization","name":"BANDELIN electronic GmbH &amp; Co. KG","url":"https:\/\/bvted2iv.myrdbx.io\/","logo":{"@type":"ImageObject","inLanguage":"en-GB","@id":"https:\/\/bvted2iv.myrdbx.io\/#\/schema\/logo\/image\/","url":"","contentUrl":"","caption":"BANDELIN electronic GmbH & Co. KG"},"image":{"@id":"https:\/\/bvted2iv.myrdbx.io\/#\/schema\/logo\/image\/"},"sameAs":["https:\/\/de-de.facebook.com\/bandelin.electronic\/","https:\/\/www.instagram.com\/bandelin_ultrasonic\/?hl=de","https:\/\/www.linkedin.com\/company\/bandelin-electronic-gmbh-amp-co-kg","https:\/\/www.youtube.com\/channel\/UC5wTNrNxkwMmX-WzysQqw3g"]}]}},"_links":{"self":[{"href":"https:\/\/bandelin.com\/en\/wp-json\/wp\/v2\/product\/698361","targetHints":{"allow":["GET"]}}],"collection":[{"href":"https:\/\/bandelin.com\/en\/wp-json\/wp\/v2\/product"}],"about":[{"href":"https:\/\/bandelin.com\/en\/wp-json\/wp\/v2\/types\/product"}],"version-history":[{"count":1,"href":"https:\/\/bandelin.com\/en\/wp-json\/wp\/v2\/product\/698361\/revisions"}],"predecessor-version":[{"id":732234,"href":"https:\/\/bandelin.com\/en\/wp-json\/wp\/v2\/product\/698361\/revisions\/732234"}],"wp:featuredmedia":[{"embeddable":true,"href":"https:\/\/bandelin.com\/en\/wp-json\/wp\/v2\/media\/698363"}],"wp:attachment":[{"href":"https:\/\/bandelin.com\/en\/wp-json\/wp\/v2\/media?parent=698361"}],"wp:term":[{"taxonomy":"product_brand","embeddable":true,"href":"https:\/\/bandelin.com\/en\/wp-json\/wp\/v2\/product_brand?post=698361"},{"taxonomy":"product_cat","embeddable":true,"href":"https:\/\/bandelin.com\/en\/wp-json\/wp\/v2\/product_cat?post=698361"},{"taxonomy":"product_tag","embeddable":true,"href":"https:\/\/bandelin.com\/en\/wp-json\/wp\/v2\/product_tag?post=698361"}],"curies":[{"name":"wp","href":"https:\/\/api.w.org\/{rel}","templated":true}]}}