{"id":698748,"date":"2026-05-07T21:56:36","date_gmt":"2026-05-07T19:56:36","guid":{"rendered":"https:\/\/bandelin.com\/shop\/unkategorisiert\/sonorex-rg-2-reagenzglashalter\/"},"modified":"2026-05-09T20:27:27","modified_gmt":"2026-05-09T18:27:27","slug":"sonorex-rg-2-test-tube-holder","status":"publish","type":"product","link":"https:\/\/bandelin.com\/en\/shop\/sonorex-ultraschallbaeder\/zubehoer-sonorex-ultraschallbaeder\/sonorex-rg-2-reagenzglashalter\/","title":{"rendered":"SONOREX RG 2 test tube holder"},"content":{"rendered":"<p>The test tube holder is used for safe positioning of the samples in the SONOREX ultrasonic bath. Up to 6 test tubes with a maximum diameter of 25 mm or 8 test tubes with a diameter of 16 mm can be sonicated.<\/p>","protected":false},"excerpt":{"rendered":"<p>Suitable for RK 52\/H, DT 52\/H, RK \/ DT 100\/H, 102 H, DL 102 H, DT 102 H\/102 H-RC<\/p>","protected":false},"featured_media":698750,"template":"","meta":{"_acf_changed":false},"product_brand":[],"product_cat":[14195,14412],"product_tag":[11256,14609],"class_list":{"0":"post-698748","1":"product","2":"type-product","3":"status-publish","4":"has-post-thumbnail","6":"product_cat-sonorex-ultraschallbaeder","7":"product_cat-zubehoer-sonorex-ultraschallbaeder","8":"product_tag-glashalter","9":"product_tag-sonorex-ultraschallbaeder-zubehoer","10":"pa_aussenmass-breite-mm-99-2","11":"pa_aussenmass-hoehe-mm-88-2","12":"pa_aussenmass-laenge-mm-132-2","13":"pa_bestellnummer-279-2","14":"pa_durchmesser-mm-26-17-13-3","15":"pa_gehaeusematerial-edelstahl","16":"pa_passend-zu-rk-52-h-dt-52-h-rk-dt-100-h-102-h-dt-102-h-102-h-rc-dl-102-h-2","17":"pa_verpackung-breite-mm-100-2","18":"pa_verpackung-hoehe-mm-90-2","19":"pa_verpackung-laenge-mm-130-2","21":"first","22":"instock","23":"taxable","24":"shipping-taxable","25":"purchasable","26":"product-type-simple"},"acf":[],"yoast_head":"<!-- This site is optimized with the Yoast SEO plugin v27.5 - https:\/\/yoast.com\/product\/yoast-seo-wordpress\/ -->\n<title>SONOREX RG 2 Reagenzglashalter | BANDELIN electronic GmbH &amp; Co. KG<\/title>\n<meta name=\"description\" content=\"Informationen Sie sich \u00fcber SONOREX RG 2 Reagenzglashalter | Hochwertige Ultraschallb\u00e4der f\u00fcr Medizin und Industrie von Bandelin Electronic seit 1955.\" \/>\n<meta name=\"robots\" content=\"index, follow, max-snippet:-1, max-image-preview:large, max-video-preview:-1\" \/>\n<link rel=\"canonical\" href=\"https:\/\/bandelin.com\/en\/shop\/sonorex-ultrasonic-baths\/accessories-sonorex-ultrasonic-baths\/sonorex-rg-2-test-tube-holder\/\" \/>\n<meta property=\"og:locale\" content=\"en_GB\" \/>\n<meta property=\"og:type\" content=\"article\" \/>\n<meta property=\"og:title\" content=\"SONOREX RG 2 Reagenzglashalter | BANDELIN electronic GmbH &amp; Co. KG\" \/>\n<meta property=\"og:description\" content=\"Informationen Sie sich \u00fcber SONOREX RG 2 Reagenzglashalter | Hochwertige Ultraschallb\u00e4der f\u00fcr Medizin und Industrie von Bandelin Electronic seit 1955.\" \/>\n<meta property=\"og:url\" content=\"https:\/\/bandelin.com\/en\/shop\/sonorex-ultrasonic-baths\/accessories-sonorex-ultrasonic-baths\/sonorex-rg-2-test-tube-holder\/\" \/>\n<meta property=\"og:site_name\" content=\"BANDELIN electronic GmbH &amp; Co. KG\" \/>\n<meta property=\"article:publisher\" content=\"https:\/\/de-de.facebook.com\/bandelin.electronic\/\" \/>\n<meta property=\"article:modified_time\" content=\"2026-05-09T18:27:27+00:00\" \/>\n<meta property=\"og:image\" content=\"https:\/\/bandelin.com\/wp-content\/uploads\/Produktfoto_RG_2-4-scaled.jpg\" \/>\n\t<meta property=\"og:image:width\" content=\"2048\" \/>\n\t<meta property=\"og:image:height\" content=\"2048\" \/>\n\t<meta property=\"og:image:type\" content=\"image\/jpeg\" \/>\n<meta name=\"twitter:card\" content=\"summary_large_image\" \/>\n<script type=\"application\/ld+json\" class=\"yoast-schema-graph\">{\"@context\":\"https:\\\/\\\/schema.org\",\"@graph\":[{\"@type\":\"WebPage\",\"@id\":\"https:\\\/\\\/bandelin.com\\\/shop\\\/sonorex-ultraschallbaeder\\\/zubehoer-sonorex-ultraschallbaeder\\\/sonorex-rg-2-reagenzglashalter\\\/\",\"url\":\"https:\\\/\\\/bandelin.com\\\/shop\\\/sonorex-ultraschallbaeder\\\/zubehoer-sonorex-ultraschallbaeder\\\/sonorex-rg-2-reagenzglashalter\\\/\",\"name\":\"SONOREX RG 2 Reagenzglashalter | BANDELIN electronic GmbH &amp; Co. KG\",\"isPartOf\":{\"@id\":\"https:\\\/\\\/bvted2iv.myrdbx.io\\\/#website\"},\"primaryImageOfPage\":{\"@id\":\"https:\\\/\\\/bandelin.com\\\/shop\\\/sonorex-ultraschallbaeder\\\/zubehoer-sonorex-ultraschallbaeder\\\/sonorex-rg-2-reagenzglashalter\\\/#primaryimage\"},\"image\":{\"@id\":\"https:\\\/\\\/bandelin.com\\\/shop\\\/sonorex-ultraschallbaeder\\\/zubehoer-sonorex-ultraschallbaeder\\\/sonorex-rg-2-reagenzglashalter\\\/#primaryimage\"},\"thumbnailUrl\":\"https:\\\/\\\/bandelin.com\\\/wp-content\\\/uploads\\\/Produktfoto_RG_2-4-scaled.jpg\",\"datePublished\":\"2026-05-07T19:56:36+00:00\",\"dateModified\":\"2026-05-09T18:27:27+00:00\",\"description\":\"Informationen Sie sich \u00fcber SONOREX RG 2 Reagenzglashalter | Hochwertige Ultraschallb\u00e4der f\u00fcr Medizin und Industrie von Bandelin Electronic seit 1955.\",\"breadcrumb\":{\"@id\":\"https:\\\/\\\/bandelin.com\\\/shop\\\/sonorex-ultraschallbaeder\\\/zubehoer-sonorex-ultraschallbaeder\\\/sonorex-rg-2-reagenzglashalter\\\/#breadcrumb\"},\"inLanguage\":\"en-GB\",\"potentialAction\":[{\"@type\":\"ReadAction\",\"target\":[\"https:\\\/\\\/bandelin.com\\\/shop\\\/sonorex-ultraschallbaeder\\\/zubehoer-sonorex-ultraschallbaeder\\\/sonorex-rg-2-reagenzglashalter\\\/\"]}]},{\"@type\":\"ImageObject\",\"inLanguage\":\"en-GB\",\"@id\":\"https:\\\/\\\/bandelin.com\\\/shop\\\/sonorex-ultraschallbaeder\\\/zubehoer-sonorex-ultraschallbaeder\\\/sonorex-rg-2-reagenzglashalter\\\/#primaryimage\",\"url\":\"https:\\\/\\\/bandelin.com\\\/wp-content\\\/uploads\\\/Produktfoto_RG_2-4-scaled.jpg\",\"contentUrl\":\"https:\\\/\\\/bandelin.com\\\/wp-content\\\/uploads\\\/Produktfoto_RG_2-4-scaled.jpg\",\"width\":2048,\"height\":2048,\"caption\":\"SONOREX RG 2 Reagenzglashalter Bild\"},{\"@type\":\"BreadcrumbList\",\"@id\":\"https:\\\/\\\/bandelin.com\\\/shop\\\/sonorex-ultraschallbaeder\\\/zubehoer-sonorex-ultraschallbaeder\\\/sonorex-rg-2-reagenzglashalter\\\/#breadcrumb\",\"itemListElement\":[{\"@type\":\"ListItem\",\"position\":1,\"name\":\"Startseite\",\"item\":\"https:\\\/\\\/bandelin.com\\\/\"},{\"@type\":\"ListItem\",\"position\":2,\"name\":\"Shop\",\"item\":\"https:\\\/\\\/bandelin.com\\\/shop\\\/\"},{\"@type\":\"ListItem\",\"position\":3,\"name\":\"SONOREX RG 2 Reagenzglashalter\"}]},{\"@type\":\"WebSite\",\"@id\":\"https:\\\/\\\/bvted2iv.myrdbx.io\\\/#website\",\"url\":\"https:\\\/\\\/bvted2iv.myrdbx.io\\\/\",\"name\":\"BANDELIN electronic GmbH & Co. KG\",\"description\":\"Ultraschall seit 1955\",\"publisher\":{\"@id\":\"https:\\\/\\\/bvted2iv.myrdbx.io\\\/#organization\"},\"potentialAction\":[{\"@type\":\"SearchAction\",\"target\":{\"@type\":\"EntryPoint\",\"urlTemplate\":\"https:\\\/\\\/bvted2iv.myrdbx.io\\\/?s={search_term_string}\"},\"query-input\":{\"@type\":\"PropertyValueSpecification\",\"valueRequired\":true,\"valueName\":\"search_term_string\"}}],\"inLanguage\":\"en-GB\"},{\"@type\":\"Organization\",\"@id\":\"https:\\\/\\\/bvted2iv.myrdbx.io\\\/#organization\",\"name\":\"BANDELIN electronic GmbH & Co. KG\",\"url\":\"https:\\\/\\\/bvted2iv.myrdbx.io\\\/\",\"logo\":{\"@type\":\"ImageObject\",\"inLanguage\":\"en-GB\",\"@id\":\"https:\\\/\\\/bvted2iv.myrdbx.io\\\/#\\\/schema\\\/logo\\\/image\\\/\",\"url\":\"\",\"contentUrl\":\"\",\"caption\":\"BANDELIN electronic GmbH & Co. KG\"},\"image\":{\"@id\":\"https:\\\/\\\/bvted2iv.myrdbx.io\\\/#\\\/schema\\\/logo\\\/image\\\/\"},\"sameAs\":[\"https:\\\/\\\/de-de.facebook.com\\\/bandelin.electronic\\\/\",\"https:\\\/\\\/www.instagram.com\\\/bandelin_ultrasonic\\\/?hl=de\",\"https:\\\/\\\/www.linkedin.com\\\/company\\\/bandelin-electronic-gmbh-amp-co-kg\",\"https:\\\/\\\/www.youtube.com\\\/channel\\\/UC5wTNrNxkwMmX-WzysQqw3g\"]}]}<\/script>\n<!-- \/ Yoast SEO plugin. -->","yoast_head_json":{"title":"SONOREX RG 2 test tube holder | BANDELIN electronic GmbH &amp; Co. KG","description":"Find out more about SONOREX RG 2 test tube holder | High-quality ultrasonic baths for medicine and industry from Bandelin Electronic since 1955.","robots":{"index":"index","follow":"follow","max-snippet":"max-snippet:-1","max-image-preview":"max-image-preview:large","max-video-preview":"max-video-preview:-1"},"canonical":"https:\/\/bandelin.com\/en\/shop\/sonorex-ultrasonic-baths\/accessories-sonorex-ultrasonic-baths\/sonorex-rg-2-test-tube-holder\/","og_locale":"en_GB","og_type":"article","og_title":"SONOREX RG 2 Reagenzglashalter | BANDELIN electronic GmbH &amp; Co. KG","og_description":"Informationen Sie sich \u00fcber SONOREX RG 2 Reagenzglashalter | Hochwertige Ultraschallb\u00e4der f\u00fcr Medizin und Industrie von Bandelin Electronic seit 1955.","og_url":"https:\/\/bandelin.com\/en\/shop\/sonorex-ultrasonic-baths\/accessories-sonorex-ultrasonic-baths\/sonorex-rg-2-test-tube-holder\/","og_site_name":"BANDELIN electronic GmbH &amp; Co. KG","article_publisher":"https:\/\/de-de.facebook.com\/bandelin.electronic\/","article_modified_time":"2026-05-09T18:27:27+00:00","og_image":[{"width":2048,"height":2048,"url":"https:\/\/bandelin.com\/wp-content\/uploads\/Produktfoto_RG_2-4-scaled.jpg","type":"image\/jpeg"}],"twitter_card":"summary_large_image","schema":{"@context":"https:\/\/schema.org","@graph":[{"@type":"WebPage","@id":"https:\/\/bandelin.com\/shop\/sonorex-ultraschallbaeder\/zubehoer-sonorex-ultraschallbaeder\/sonorex-rg-2-reagenzglashalter\/","url":"https:\/\/bandelin.com\/shop\/sonorex-ultraschallbaeder\/zubehoer-sonorex-ultraschallbaeder\/sonorex-rg-2-reagenzglashalter\/","name":"SONOREX RG 2 test tube holder | BANDELIN electronic GmbH &amp; Co. KG","isPartOf":{"@id":"https:\/\/bvted2iv.myrdbx.io\/#website"},"primaryImageOfPage":{"@id":"https:\/\/bandelin.com\/shop\/sonorex-ultraschallbaeder\/zubehoer-sonorex-ultraschallbaeder\/sonorex-rg-2-reagenzglashalter\/#primaryimage"},"image":{"@id":"https:\/\/bandelin.com\/shop\/sonorex-ultraschallbaeder\/zubehoer-sonorex-ultraschallbaeder\/sonorex-rg-2-reagenzglashalter\/#primaryimage"},"thumbnailUrl":"https:\/\/bandelin.com\/wp-content\/uploads\/Produktfoto_RG_2-4-scaled.jpg","datePublished":"2026-05-07T19:56:36+00:00","dateModified":"2026-05-09T18:27:27+00:00","description":"Find out more about SONOREX RG 2 test tube holder | High-quality ultrasonic baths for medicine and industry from Bandelin Electronic since 1955.","breadcrumb":{"@id":"https:\/\/bandelin.com\/shop\/sonorex-ultraschallbaeder\/zubehoer-sonorex-ultraschallbaeder\/sonorex-rg-2-reagenzglashalter\/#breadcrumb"},"inLanguage":"en-GB","potentialAction":[{"@type":"ReadAction","target":["https:\/\/bandelin.com\/shop\/sonorex-ultraschallbaeder\/zubehoer-sonorex-ultraschallbaeder\/sonorex-rg-2-reagenzglashalter\/"]}]},{"@type":"ImageObject","inLanguage":"en-GB","@id":"https:\/\/bandelin.com\/shop\/sonorex-ultraschallbaeder\/zubehoer-sonorex-ultraschallbaeder\/sonorex-rg-2-reagenzglashalter\/#primaryimage","url":"https:\/\/bandelin.com\/wp-content\/uploads\/Produktfoto_RG_2-4-scaled.jpg","contentUrl":"https:\/\/bandelin.com\/wp-content\/uploads\/Produktfoto_RG_2-4-scaled.jpg","width":2048,"height":2048,"caption":"SONOREX RG 2 Reagenzglashalter Bild"},{"@type":"BreadcrumbList","@id":"https:\/\/bandelin.com\/shop\/sonorex-ultraschallbaeder\/zubehoer-sonorex-ultraschallbaeder\/sonorex-rg-2-reagenzglashalter\/#breadcrumb","itemListElement":[{"@type":"ListItem","position":1,"name":"Startseite","item":"https:\/\/bandelin.com\/"},{"@type":"ListItem","position":2,"name":"Shop","item":"https:\/\/bandelin.com\/shop\/"},{"@type":"ListItem","position":3,"name":"SONOREX RG 2 Reagenzglashalter"}]},{"@type":"WebSite","@id":"https:\/\/bvted2iv.myrdbx.io\/#website","url":"https:\/\/bvted2iv.myrdbx.io\/","name":"BANDELIN electronic GmbH &amp; Co. KG","description":"Ultrasound since 1955","publisher":{"@id":"https:\/\/bvted2iv.myrdbx.io\/#organization"},"potentialAction":[{"@type":"SearchAction","target":{"@type":"EntryPoint","urlTemplate":"https:\/\/bvted2iv.myrdbx.io\/?s={search_term_string}"},"query-input":{"@type":"PropertyValueSpecification","valueRequired":true,"valueName":"search_term_string"}}],"inLanguage":"en-GB"},{"@type":"Organization","@id":"https:\/\/bvted2iv.myrdbx.io\/#organization","name":"BANDELIN electronic GmbH &amp; Co. KG","url":"https:\/\/bvted2iv.myrdbx.io\/","logo":{"@type":"ImageObject","inLanguage":"en-GB","@id":"https:\/\/bvted2iv.myrdbx.io\/#\/schema\/logo\/image\/","url":"","contentUrl":"","caption":"BANDELIN electronic GmbH & Co. KG"},"image":{"@id":"https:\/\/bvted2iv.myrdbx.io\/#\/schema\/logo\/image\/"},"sameAs":["https:\/\/de-de.facebook.com\/bandelin.electronic\/","https:\/\/www.instagram.com\/bandelin_ultrasonic\/?hl=de","https:\/\/www.linkedin.com\/company\/bandelin-electronic-gmbh-amp-co-kg","https:\/\/www.youtube.com\/channel\/UC5wTNrNxkwMmX-WzysQqw3g"]}]}},"_links":{"self":[{"href":"https:\/\/bandelin.com\/en\/wp-json\/wp\/v2\/product\/698748","targetHints":{"allow":["GET"]}}],"collection":[{"href":"https:\/\/bandelin.com\/en\/wp-json\/wp\/v2\/product"}],"about":[{"href":"https:\/\/bandelin.com\/en\/wp-json\/wp\/v2\/types\/product"}],"version-history":[{"count":2,"href":"https:\/\/bandelin.com\/en\/wp-json\/wp\/v2\/product\/698748\/revisions"}],"predecessor-version":[{"id":698751,"href":"https:\/\/bandelin.com\/en\/wp-json\/wp\/v2\/product\/698748\/revisions\/698751"}],"wp:featuredmedia":[{"embeddable":true,"href":"https:\/\/bandelin.com\/en\/wp-json\/wp\/v2\/media\/698750"}],"wp:attachment":[{"href":"https:\/\/bandelin.com\/en\/wp-json\/wp\/v2\/media?parent=698748"}],"wp:term":[{"taxonomy":"product_brand","embeddable":true,"href":"https:\/\/bandelin.com\/en\/wp-json\/wp\/v2\/product_brand?post=698748"},{"taxonomy":"product_cat","embeddable":true,"href":"https:\/\/bandelin.com\/en\/wp-json\/wp\/v2\/product_cat?post=698748"},{"taxonomy":"product_tag","embeddable":true,"href":"https:\/\/bandelin.com\/en\/wp-json\/wp\/v2\/product_tag?post=698748"}],"curies":[{"name":"wp","href":"https:\/\/api.w.org\/{rel}","templated":true}]}}