{"id":700184,"date":"2026-05-07T22:41:24","date_gmt":"2026-05-07T20:41:24","guid":{"rendered":"https:\/\/bandelin.com\/shop\/unkategorisiert\/sonorex-eg-2-einlegegitter-fuer-koerbe\/"},"modified":"2026-05-12T06:22:30","modified_gmt":"2026-05-12T04:22:30","slug":"sonorex-eg-2-insert-grille-for-baskets","status":"publish","type":"product","link":"https:\/\/bandelin.com\/en\/shop\/sonorex-ultraschallbaeder\/zubehoer-sonorex-ultraschallbaeder\/sonorex-eg-2-einlegegitter-fuer-koerbe\/","title":{"rendered":"SONOREX EG 2 insert grille for baskets"},"content":{"rendered":"<p>The insert grid enables easy and scratch-free storage of cleaning products in the hanging basket.<br \/>\nScope of delivery: 1 insert grille (1,000 x 700 mm, mesh size 3 x 3 mm) made of polypropylene for cutting to size, 10 fastening buttons<\/p>","protected":false},"excerpt":{"rendered":"<p>Suitable for all hanging baskets from<\/p>","protected":false},"featured_media":700186,"template":"","meta":{"_acf_changed":false},"product_brand":[],"product_cat":[14195,14412],"product_tag":[14548,14609],"class_list":{"0":"post-700184","1":"product","2":"type-product","3":"status-publish","4":"has-post-thumbnail","6":"product_cat-sonorex-ultraschallbaeder","7":"product_cat-zubehoer-sonorex-ultraschallbaeder","8":"product_tag-konfektionierbar","9":"product_tag-sonorex-ultraschallbaeder-zubehoer","10":"pa_aussenmass-breite-mm-700-2","11":"pa_aussenmass-laenge-mm-12647","12":"pa_bestellnummer-14543","13":"pa_gehaeusematerial-polypropylen","14":"pa_maschenweite-mm-3-x-3","15":"pa_passend-zu-k-7-wk-300-wk-300-s-mk-180-mk-180-a-mk-180-b-mk-180-s-mk-180-bs-mk-210-mk-210-b-mk-210-s-mk-210-bs","16":"pa_verpackung-breite-mm-80-2","17":"pa_verpackung-hoehe-mm-14546","18":"pa_verpackung-laenge-mm-80-2","20":"first","21":"instock","22":"taxable","23":"shipping-taxable","24":"purchasable","25":"product-type-simple"},"acf":[],"yoast_head":"<!-- This site is optimized with the Yoast SEO plugin v27.5 - https:\/\/yoast.com\/product\/yoast-seo-wordpress\/ -->\n<title>SONOREX EG 2 Einlegegitter f\u00fcr K\u00f6rbe | BANDELIN electronic GmbH &amp; Co. KG<\/title>\n<meta name=\"description\" content=\"Informationen Sie sich \u00fcber SONOREX EG 2 Einlegegitter f\u00fcr K\u00f6rbe | Hochwertige Ultraschallb\u00e4der f\u00fcr Medizin und Industrie von Bandelin Electronic seit 1955.\" \/>\n<meta name=\"robots\" content=\"index, follow, max-snippet:-1, max-image-preview:large, max-video-preview:-1\" \/>\n<link rel=\"canonical\" href=\"https:\/\/bandelin.com\/en\/shop\/sonorex-ultrasonic-baths\/accessories-sonorex-ultrasonic-baths\/sonorex-eg-2-insert-grille-for-baskets\/\" \/>\n<meta property=\"og:locale\" content=\"en_GB\" \/>\n<meta property=\"og:type\" content=\"article\" \/>\n<meta property=\"og:title\" content=\"SONOREX EG 2 Einlegegitter f\u00fcr K\u00f6rbe | BANDELIN electronic GmbH &amp; Co. KG\" \/>\n<meta property=\"og:description\" content=\"Informationen Sie sich \u00fcber SONOREX EG 2 Einlegegitter f\u00fcr K\u00f6rbe | Hochwertige Ultraschallb\u00e4der f\u00fcr Medizin und Industrie von Bandelin Electronic seit 1955.\" \/>\n<meta property=\"og:url\" content=\"https:\/\/bandelin.com\/en\/shop\/sonorex-ultrasonic-baths\/accessories-sonorex-ultrasonic-baths\/sonorex-eg-2-insert-grille-for-baskets\/\" \/>\n<meta property=\"og:site_name\" content=\"BANDELIN electronic GmbH &amp; Co. KG\" \/>\n<meta property=\"article:publisher\" content=\"https:\/\/de-de.facebook.com\/bandelin.electronic\/\" \/>\n<meta property=\"article:modified_time\" content=\"2026-05-12T04:22:30+00:00\" \/>\n<meta property=\"og:image\" content=\"https:\/\/bandelin.com\/wp-content\/uploads\/Produktfoto_EG_1_2_Rolle-8-scaled.jpg\" \/>\n\t<meta property=\"og:image:width\" content=\"2048\" \/>\n\t<meta property=\"og:image:height\" content=\"2048\" \/>\n\t<meta property=\"og:image:type\" content=\"image\/jpeg\" \/>\n<meta name=\"twitter:card\" content=\"summary_large_image\" \/>\n<script type=\"application\/ld+json\" class=\"yoast-schema-graph\">{\"@context\":\"https:\\\/\\\/schema.org\",\"@graph\":[{\"@type\":\"WebPage\",\"@id\":\"https:\\\/\\\/bandelin.com\\\/shop\\\/sonorex-ultraschallbaeder\\\/zubehoer-sonorex-ultraschallbaeder\\\/sonorex-eg-2-einlegegitter-fuer-koerbe\\\/\",\"url\":\"https:\\\/\\\/bandelin.com\\\/shop\\\/sonorex-ultraschallbaeder\\\/zubehoer-sonorex-ultraschallbaeder\\\/sonorex-eg-2-einlegegitter-fuer-koerbe\\\/\",\"name\":\"SONOREX EG 2 Einlegegitter f\u00fcr K\u00f6rbe | BANDELIN electronic GmbH &amp; Co. KG\",\"isPartOf\":{\"@id\":\"https:\\\/\\\/bvted2iv.myrdbx.io\\\/#website\"},\"primaryImageOfPage\":{\"@id\":\"https:\\\/\\\/bandelin.com\\\/shop\\\/sonorex-ultraschallbaeder\\\/zubehoer-sonorex-ultraschallbaeder\\\/sonorex-eg-2-einlegegitter-fuer-koerbe\\\/#primaryimage\"},\"image\":{\"@id\":\"https:\\\/\\\/bandelin.com\\\/shop\\\/sonorex-ultraschallbaeder\\\/zubehoer-sonorex-ultraschallbaeder\\\/sonorex-eg-2-einlegegitter-fuer-koerbe\\\/#primaryimage\"},\"thumbnailUrl\":\"https:\\\/\\\/bandelin.com\\\/wp-content\\\/uploads\\\/Produktfoto_EG_1_2_Rolle-8-scaled.jpg\",\"datePublished\":\"2026-05-07T20:41:24+00:00\",\"dateModified\":\"2026-05-12T04:22:30+00:00\",\"description\":\"Informationen Sie sich \u00fcber SONOREX EG 2 Einlegegitter f\u00fcr K\u00f6rbe | Hochwertige Ultraschallb\u00e4der f\u00fcr Medizin und Industrie von Bandelin Electronic seit 1955.\",\"breadcrumb\":{\"@id\":\"https:\\\/\\\/bandelin.com\\\/shop\\\/sonorex-ultraschallbaeder\\\/zubehoer-sonorex-ultraschallbaeder\\\/sonorex-eg-2-einlegegitter-fuer-koerbe\\\/#breadcrumb\"},\"inLanguage\":\"en-GB\",\"potentialAction\":[{\"@type\":\"ReadAction\",\"target\":[\"https:\\\/\\\/bandelin.com\\\/shop\\\/sonorex-ultraschallbaeder\\\/zubehoer-sonorex-ultraschallbaeder\\\/sonorex-eg-2-einlegegitter-fuer-koerbe\\\/\"]}]},{\"@type\":\"ImageObject\",\"inLanguage\":\"en-GB\",\"@id\":\"https:\\\/\\\/bandelin.com\\\/shop\\\/sonorex-ultraschallbaeder\\\/zubehoer-sonorex-ultraschallbaeder\\\/sonorex-eg-2-einlegegitter-fuer-koerbe\\\/#primaryimage\",\"url\":\"https:\\\/\\\/bandelin.com\\\/wp-content\\\/uploads\\\/Produktfoto_EG_1_2_Rolle-8-scaled.jpg\",\"contentUrl\":\"https:\\\/\\\/bandelin.com\\\/wp-content\\\/uploads\\\/Produktfoto_EG_1_2_Rolle-8-scaled.jpg\",\"width\":2048,\"height\":2048,\"caption\":\"SONOREX EG 2 Einlegegitter f\u00fcr K\u00f6rbe Bild\"},{\"@type\":\"BreadcrumbList\",\"@id\":\"https:\\\/\\\/bandelin.com\\\/shop\\\/sonorex-ultraschallbaeder\\\/zubehoer-sonorex-ultraschallbaeder\\\/sonorex-eg-2-einlegegitter-fuer-koerbe\\\/#breadcrumb\",\"itemListElement\":[{\"@type\":\"ListItem\",\"position\":1,\"name\":\"Startseite\",\"item\":\"https:\\\/\\\/bandelin.com\\\/\"},{\"@type\":\"ListItem\",\"position\":2,\"name\":\"Shop\",\"item\":\"https:\\\/\\\/bandelin.com\\\/shop\\\/\"},{\"@type\":\"ListItem\",\"position\":3,\"name\":\"SONOREX EG 2 Einlegegitter f\u00fcr K\u00f6rbe\"}]},{\"@type\":\"WebSite\",\"@id\":\"https:\\\/\\\/bvted2iv.myrdbx.io\\\/#website\",\"url\":\"https:\\\/\\\/bvted2iv.myrdbx.io\\\/\",\"name\":\"BANDELIN electronic GmbH & Co. KG\",\"description\":\"Ultraschall seit 1955\",\"publisher\":{\"@id\":\"https:\\\/\\\/bvted2iv.myrdbx.io\\\/#organization\"},\"potentialAction\":[{\"@type\":\"SearchAction\",\"target\":{\"@type\":\"EntryPoint\",\"urlTemplate\":\"https:\\\/\\\/bvted2iv.myrdbx.io\\\/?s={search_term_string}\"},\"query-input\":{\"@type\":\"PropertyValueSpecification\",\"valueRequired\":true,\"valueName\":\"search_term_string\"}}],\"inLanguage\":\"en-GB\"},{\"@type\":\"Organization\",\"@id\":\"https:\\\/\\\/bvted2iv.myrdbx.io\\\/#organization\",\"name\":\"BANDELIN electronic GmbH & Co. KG\",\"url\":\"https:\\\/\\\/bvted2iv.myrdbx.io\\\/\",\"logo\":{\"@type\":\"ImageObject\",\"inLanguage\":\"en-GB\",\"@id\":\"https:\\\/\\\/bvted2iv.myrdbx.io\\\/#\\\/schema\\\/logo\\\/image\\\/\",\"url\":\"\",\"contentUrl\":\"\",\"caption\":\"BANDELIN electronic GmbH & Co. KG\"},\"image\":{\"@id\":\"https:\\\/\\\/bvted2iv.myrdbx.io\\\/#\\\/schema\\\/logo\\\/image\\\/\"},\"sameAs\":[\"https:\\\/\\\/de-de.facebook.com\\\/bandelin.electronic\\\/\",\"https:\\\/\\\/www.instagram.com\\\/bandelin_ultrasonic\\\/?hl=de\",\"https:\\\/\\\/www.linkedin.com\\\/company\\\/bandelin-electronic-gmbh-amp-co-kg\",\"https:\\\/\\\/www.youtube.com\\\/channel\\\/UC5wTNrNxkwMmX-WzysQqw3g\"]}]}<\/script>\n<!-- \/ Yoast SEO plugin. -->","yoast_head_json":{"title":"SONOREX EG 2 insert grille for baskets | BANDELIN electronic GmbH &amp; Co. KG","description":"Find out more about SONOREX EG 2 insert grids for baskets | High-quality ultrasonic baths for medicine and industry from Bandelin Electronic since 1955.","robots":{"index":"index","follow":"follow","max-snippet":"max-snippet:-1","max-image-preview":"max-image-preview:large","max-video-preview":"max-video-preview:-1"},"canonical":"https:\/\/bandelin.com\/en\/shop\/sonorex-ultrasonic-baths\/accessories-sonorex-ultrasonic-baths\/sonorex-eg-2-insert-grille-for-baskets\/","og_locale":"en_GB","og_type":"article","og_title":"SONOREX EG 2 Einlegegitter f\u00fcr K\u00f6rbe | BANDELIN electronic GmbH &amp; Co. KG","og_description":"Informationen Sie sich \u00fcber SONOREX EG 2 Einlegegitter f\u00fcr K\u00f6rbe | Hochwertige Ultraschallb\u00e4der f\u00fcr Medizin und Industrie von Bandelin Electronic seit 1955.","og_url":"https:\/\/bandelin.com\/en\/shop\/sonorex-ultrasonic-baths\/accessories-sonorex-ultrasonic-baths\/sonorex-eg-2-insert-grille-for-baskets\/","og_site_name":"BANDELIN electronic GmbH &amp; Co. KG","article_publisher":"https:\/\/de-de.facebook.com\/bandelin.electronic\/","article_modified_time":"2026-05-12T04:22:30+00:00","og_image":[{"width":2048,"height":2048,"url":"https:\/\/bandelin.com\/wp-content\/uploads\/Produktfoto_EG_1_2_Rolle-8-scaled.jpg","type":"image\/jpeg"}],"twitter_card":"summary_large_image","schema":{"@context":"https:\/\/schema.org","@graph":[{"@type":"WebPage","@id":"https:\/\/bandelin.com\/shop\/sonorex-ultraschallbaeder\/zubehoer-sonorex-ultraschallbaeder\/sonorex-eg-2-einlegegitter-fuer-koerbe\/","url":"https:\/\/bandelin.com\/shop\/sonorex-ultraschallbaeder\/zubehoer-sonorex-ultraschallbaeder\/sonorex-eg-2-einlegegitter-fuer-koerbe\/","name":"SONOREX EG 2 insert grille for baskets | BANDELIN electronic GmbH &amp; Co. KG","isPartOf":{"@id":"https:\/\/bvted2iv.myrdbx.io\/#website"},"primaryImageOfPage":{"@id":"https:\/\/bandelin.com\/shop\/sonorex-ultraschallbaeder\/zubehoer-sonorex-ultraschallbaeder\/sonorex-eg-2-einlegegitter-fuer-koerbe\/#primaryimage"},"image":{"@id":"https:\/\/bandelin.com\/shop\/sonorex-ultraschallbaeder\/zubehoer-sonorex-ultraschallbaeder\/sonorex-eg-2-einlegegitter-fuer-koerbe\/#primaryimage"},"thumbnailUrl":"https:\/\/bandelin.com\/wp-content\/uploads\/Produktfoto_EG_1_2_Rolle-8-scaled.jpg","datePublished":"2026-05-07T20:41:24+00:00","dateModified":"2026-05-12T04:22:30+00:00","description":"Find out more about SONOREX EG 2 insert grids for baskets | High-quality ultrasonic baths for medicine and industry from Bandelin Electronic since 1955.","breadcrumb":{"@id":"https:\/\/bandelin.com\/shop\/sonorex-ultraschallbaeder\/zubehoer-sonorex-ultraschallbaeder\/sonorex-eg-2-einlegegitter-fuer-koerbe\/#breadcrumb"},"inLanguage":"en-GB","potentialAction":[{"@type":"ReadAction","target":["https:\/\/bandelin.com\/shop\/sonorex-ultraschallbaeder\/zubehoer-sonorex-ultraschallbaeder\/sonorex-eg-2-einlegegitter-fuer-koerbe\/"]}]},{"@type":"ImageObject","inLanguage":"en-GB","@id":"https:\/\/bandelin.com\/shop\/sonorex-ultraschallbaeder\/zubehoer-sonorex-ultraschallbaeder\/sonorex-eg-2-einlegegitter-fuer-koerbe\/#primaryimage","url":"https:\/\/bandelin.com\/wp-content\/uploads\/Produktfoto_EG_1_2_Rolle-8-scaled.jpg","contentUrl":"https:\/\/bandelin.com\/wp-content\/uploads\/Produktfoto_EG_1_2_Rolle-8-scaled.jpg","width":2048,"height":2048,"caption":"SONOREX EG 2 Einlegegitter f\u00fcr K\u00f6rbe Bild"},{"@type":"BreadcrumbList","@id":"https:\/\/bandelin.com\/shop\/sonorex-ultraschallbaeder\/zubehoer-sonorex-ultraschallbaeder\/sonorex-eg-2-einlegegitter-fuer-koerbe\/#breadcrumb","itemListElement":[{"@type":"ListItem","position":1,"name":"Startseite","item":"https:\/\/bandelin.com\/"},{"@type":"ListItem","position":2,"name":"Shop","item":"https:\/\/bandelin.com\/shop\/"},{"@type":"ListItem","position":3,"name":"SONOREX EG 2 Einlegegitter f\u00fcr K\u00f6rbe"}]},{"@type":"WebSite","@id":"https:\/\/bvted2iv.myrdbx.io\/#website","url":"https:\/\/bvted2iv.myrdbx.io\/","name":"BANDELIN electronic GmbH &amp; Co. KG","description":"Ultrasound since 1955","publisher":{"@id":"https:\/\/bvted2iv.myrdbx.io\/#organization"},"potentialAction":[{"@type":"SearchAction","target":{"@type":"EntryPoint","urlTemplate":"https:\/\/bvted2iv.myrdbx.io\/?s={search_term_string}"},"query-input":{"@type":"PropertyValueSpecification","valueRequired":true,"valueName":"search_term_string"}}],"inLanguage":"en-GB"},{"@type":"Organization","@id":"https:\/\/bvted2iv.myrdbx.io\/#organization","name":"BANDELIN electronic GmbH &amp; Co. KG","url":"https:\/\/bvted2iv.myrdbx.io\/","logo":{"@type":"ImageObject","inLanguage":"en-GB","@id":"https:\/\/bvted2iv.myrdbx.io\/#\/schema\/logo\/image\/","url":"","contentUrl":"","caption":"BANDELIN electronic GmbH & Co. KG"},"image":{"@id":"https:\/\/bvted2iv.myrdbx.io\/#\/schema\/logo\/image\/"},"sameAs":["https:\/\/de-de.facebook.com\/bandelin.electronic\/","https:\/\/www.instagram.com\/bandelin_ultrasonic\/?hl=de","https:\/\/www.linkedin.com\/company\/bandelin-electronic-gmbh-amp-co-kg","https:\/\/www.youtube.com\/channel\/UC5wTNrNxkwMmX-WzysQqw3g"]}]}},"_links":{"self":[{"href":"https:\/\/bandelin.com\/en\/wp-json\/wp\/v2\/product\/700184","targetHints":{"allow":["GET"]}}],"collection":[{"href":"https:\/\/bandelin.com\/en\/wp-json\/wp\/v2\/product"}],"about":[{"href":"https:\/\/bandelin.com\/en\/wp-json\/wp\/v2\/types\/product"}],"version-history":[{"count":2,"href":"https:\/\/bandelin.com\/en\/wp-json\/wp\/v2\/product\/700184\/revisions"}],"predecessor-version":[{"id":700189,"href":"https:\/\/bandelin.com\/en\/wp-json\/wp\/v2\/product\/700184\/revisions\/700189"}],"wp:featuredmedia":[{"embeddable":true,"href":"https:\/\/bandelin.com\/en\/wp-json\/wp\/v2\/media\/700186"}],"wp:attachment":[{"href":"https:\/\/bandelin.com\/en\/wp-json\/wp\/v2\/media?parent=700184"}],"wp:term":[{"taxonomy":"product_brand","embeddable":true,"href":"https:\/\/bandelin.com\/en\/wp-json\/wp\/v2\/product_brand?post=700184"},{"taxonomy":"product_cat","embeddable":true,"href":"https:\/\/bandelin.com\/en\/wp-json\/wp\/v2\/product_cat?post=700184"},{"taxonomy":"product_tag","embeddable":true,"href":"https:\/\/bandelin.com\/en\/wp-json\/wp\/v2\/product_tag?post=700184"}],"curies":[{"name":"wp","href":"https:\/\/api.w.org\/{rel}","templated":true}]}}