{"id":664942,"date":"2026-03-31T21:38:54","date_gmt":"2026-03-31T19:38:54","guid":{"rendered":"https:\/\/bandelin.com\/shop\/unkategorisiert\/tickopur-j-80-u-entoxidationsmittel-fuer-ultraschall-gebrauchsfertig\/"},"modified":"2026-04-23T20:31:04","modified_gmt":"2026-04-23T18:31:04","slug":"tickopur-j-80-u-desoxidante-para-ultrasonidos-listo-para-usar","status":"publish","type":"product","link":"https:\/\/bandelin.com\/es\/shop\/reinigungs-und-desinfektionspraeparate\/tickopur-reinigungspraeparate\/tickopur-j-80-u-entoxidationsmittel-fuer-ultraschall-gebrauchsfertig\/","title":{"rendered":"TICKOPUR J 80 U Desoxidante para ultrasonidos, listo para usar"},"content":{"rendered":"<p>Agente desoxidante para ultrasonidos<br \/>\n  listo para usar - \u00e1cido - sin cianuro<br \/>\n  Utilizar s\u00f3lo en el recipiente de inserci\u00f3n<\/p>\n<p>  TICKOPUR J 80 U para la desoxidaci\u00f3n y limpieza de metales no f\u00e9rricos y preciosos en el comercio, la industria y los laboratorios. Si se utiliza correctamente, se garantiza una desoxidaci\u00f3n y limpieza r\u00e1pidas y suaves. TICKOPUR J 80 U est\u00e1 especialmente dise\u00f1ado para la desoxidaci\u00f3n y limpieza en aparatos de ultrasonidos SONOREX, pero tambi\u00e9n puede utilizarse para aplicaciones de inmersi\u00f3n y limpieza por frotamiento.<\/p>\n<p>  TICKOPUR J 80 U eliminado:<br \/>\n  Capas de \u00f3xido y sulfuro, fundentes, aceites y grasas<br \/>\n  de<br \/>\n  Piezas fabricadas con metales preciosos y sus aleaciones, cobre, bronce, lat\u00f3n, como joyas, monedas, obras de arte, etc.<\/p>\n<p>  Las joyas con perlas, coral y \u00e1mbar, as\u00ed como los art\u00edculos chapados en oro y plata pueden ser atacados. Desoxide los distintos metales en recipientes separados.<\/p>\n<p>  Propiedades<br \/>\n  - L\u00edquido<br \/>\n  - Listo para usar<br \/>\n  - Para aplicaci\u00f3n ultras\u00f3nica<br \/>\n  - pH 1,5<br \/>\n  - Tiempo de desoxidaci\u00f3n muy corto<br \/>\n  - Con protecci\u00f3n antimanchas<br \/>\n  - Biodegradable<\/p>\n<p>  Aplicaci\u00f3n<br \/>\n  Aplicaci\u00f3n con ultrasonidos<br \/>\n  Tiempo de sonicaci\u00f3n: menos de 30 segundos<br \/>\n  Temperatura: Temperatura ambiente<br \/>\n  Utilice el recipiente de inserci\u00f3n<\/p>\n<p>  Aplicaci\u00f3n sin ultrasonidos<br \/>\n  Tiempo de aplicaci\u00f3n: menos de 3 minutos<br \/>\n  Temperatura: Temperatura ambiente<\/p>\n<p>  Notas de aplicaci\u00f3n<br \/>\n  Llene el dep\u00f3sito del ba\u00f1o de ultrasonidos con l\u00edquido de contacto, por ejemplo TICKOPUR R 33 - 3 %. Vierta TICKOPUR J 80 U en un recipiente (por ejemplo, un vaso de precipitados) y col\u00f3quelo en el ba\u00f1o de ultrasonidos. El tiempo de exposici\u00f3n no debe superar los 30 segundos en el ba\u00f1o de ultrasonidos ni los 3 minutos en el proceso de inmersi\u00f3n o limpieza. No caliente adicionalmente.<\/p>\n<p>  Inmediatamente despu\u00e9s de la limpieza, aclare a fondo con agua los objetos a limpiar, enju\u00e1guelos con agua desionizada para eliminar los residuos y s\u00e9quelos.<\/p>\n<p>  Compatibilidad de materiales<br \/>\n  Mantenga el tiempo de desoxidaci\u00f3n al m\u00ednimo. Se recomienda realizar pruebas preliminares sobre la resistencia de los materiales sensibles.<\/p>\n<p>  Advertencias de peligro<br \/>\n  H351 Se sospecha que provoca c\u00e1ncer.<br \/>\n  H361d Sospechosa de da\u00f1ar al feto.<br \/>\n  H412 Nocivo para la vida acu\u00e1tica con efectos nocivos duraderos.<\/p>\n<p>  Instrucciones de seguridad<br \/>\n  P202 Lea y comprenda todas las instrucciones de seguridad antes de utilizar el aparato.<br \/>\n  P273 Evitar su liberaci\u00f3n al medio ambiente.<br \/>\n  P280 Lleve guantes\/ropa protectora\/protecci\u00f3n ocular\/protecci\u00f3n facial.<br \/>\n  P308+P313 EN CASO DE exposici\u00f3n o preocupaci\u00f3n: Obtenga asesoramiento\/atenci\u00f3n m\u00e9dica.<br \/>\n  P405 Mant\u00e9ngase encerrado.<\/p>","protected":false},"excerpt":{"rendered":"<p>Entoxidationsmittel f\u00fcr Ultraschall gebrauchsfertig &#8211; sauer &#8211; cyanidfrei Anwendung nur im Einsatzgef\u00e4\u00df TICKOPUR J 80 U zur Entoxidation und Reinigung von Bunt- und Edelmetallen in Handwerk, Industrie und Laboratorien. Bei sachgem\u00e4\u00dfer Anwendung wird eine schnelle und materialschonende Entoxidation und Reinigung gew\u00e4hrleistet. TICKOPUR J 80 U ist speziell f\u00fcr die Entoxidation und Reinigung in SONOREX-Ultraschallger\u00e4ten, aber [&hellip;]<\/p>\n","protected":false},"featured_media":650185,"template":"","meta":{"_acf_changed":false},"product_brand":[],"product_cat":[14264,14181],"product_tag":[14830,14829],"class_list":{"0":"post-664942","1":"product","2":"type-product","3":"status-publish","4":"has-post-thumbnail","6":"product_cat-tickopur-reinigungspraeparate","7":"product_cat-reinigungs-und-desinfektionspraeparate","8":"product_tag-tickopur-reinigungspraeparate","9":"product_tag-reinigungs-und-desinfektionspraeparate","10":"pa_bestellnummer-14057","11":"pa_bestellnummer-14102","12":"pa_bestellnummer-14073","13":"pa_bestellnummer-13073","14":"pa_gebindegroesse-l-10-liter-9-euro-liter","15":"pa_gebindegroesse-l-2-liter-14-euro-liter","16":"pa_gebindegroesse-l-5-liter-11-euro-liter","17":"pa_gebindegroesse-l-1-liter-19-euro-liter","18":"pa_inhalt-l-14541","19":"pa_inhalt-l-14540","20":"pa_inhalt-l-13991","21":"pa_inhalt-l-12484","22":"pa_verpackung-breite-mm-12313","23":"pa_verpackung-breite-mm-130-2","24":"pa_verpackung-hoehe-mm-13038","25":"pa_verpackung-hoehe-mm-12354","26":"pa_verpackung-laenge-mm-12353","27":"pa_verpackung-laenge-mm-250-2","29":"first","30":"instock","31":"taxable","32":"shipping-taxable","33":"purchasable","34":"product-type-variable","35":"has-default-attributes"},"acf":[],"yoast_head":"<!-- This site is optimized with the Yoast SEO plugin v27.4 - https:\/\/yoast.com\/product\/yoast-seo-wordpress\/ -->\n<title>TICKOPUR J 80 U Entoxidationsmittel f\u00fcr Ultraschall, gebrauchsfertig | BANDELIN electronic GmbH &amp; Co. KG<\/title>\n<meta name=\"description\" content=\"Informationen Sie sich \u00fcber TICKOPUR J 80 U Entoxidationsmittel f\u00fcr Ultraschall, gebrauchsfertig | Hochwertige Ultraschallb\u00e4der f\u00fcr Medizin und Industrie von Bandelin Electronic seit 1955.\" \/>\n<meta name=\"robots\" content=\"index, follow, max-snippet:-1, max-image-preview:large, max-video-preview:-1\" \/>\n<link rel=\"canonical\" href=\"https:\/\/bandelin.com\/es\/tienda\/preparados-de-limpieza-y-desinfeccion\/preparados-de-limpieza-tickopur-2\/tickopur-j-80-u-desoxidante-para-ultrasonidos-listo-para-usar\/\" \/>\n<meta property=\"og:locale\" content=\"es_ES\" \/>\n<meta property=\"og:type\" content=\"article\" \/>\n<meta property=\"og:title\" content=\"TICKOPUR J 80 U Entoxidationsmittel f\u00fcr Ultraschall, gebrauchsfertig | BANDELIN electronic GmbH &amp; Co. KG\" \/>\n<meta property=\"og:description\" content=\"Informationen Sie sich \u00fcber TICKOPUR J 80 U Entoxidationsmittel f\u00fcr Ultraschall, gebrauchsfertig | Hochwertige Ultraschallb\u00e4der f\u00fcr Medizin und Industrie von Bandelin Electronic seit 1955.\" \/>\n<meta property=\"og:url\" content=\"https:\/\/bandelin.com\/es\/tienda\/preparados-de-limpieza-y-desinfeccion\/preparados-de-limpieza-tickopur-2\/tickopur-j-80-u-desoxidante-para-ultrasonidos-listo-para-usar\/\" \/>\n<meta property=\"og:site_name\" content=\"BANDELIN electronic GmbH &amp; Co. KG\" \/>\n<meta property=\"article:publisher\" content=\"https:\/\/de-de.facebook.com\/bandelin.electronic\/\" \/>\n<meta property=\"article:modified_time\" content=\"2026-04-23T18:31:04+00:00\" \/>\n<meta property=\"og:image\" content=\"https:\/\/bandelin.com\/wp-content\/uploads\/Produktfoto_1L_TICKOPUR_J_80_U-scaled.jpg\" \/>\n\t<meta property=\"og:image:width\" content=\"2048\" \/>\n\t<meta property=\"og:image:height\" content=\"2048\" \/>\n\t<meta property=\"og:image:type\" content=\"image\/jpeg\" \/>\n<meta name=\"twitter:card\" content=\"summary_large_image\" \/>\n<meta name=\"twitter:label1\" content=\"Tiempo de lectura\" \/>\n\t<meta name=\"twitter:data1\" content=\"2 minutos\" \/>\n<script type=\"application\/ld+json\" class=\"yoast-schema-graph\">{\"@context\":\"https:\\\/\\\/schema.org\",\"@graph\":[{\"@type\":\"WebPage\",\"@id\":\"https:\\\/\\\/bandelin.com\\\/shop\\\/reinigungs-und-desinfektionspraeparate\\\/tickopur-reinigungspraeparate\\\/tickopur-j-80-u-entoxidationsmittel-fuer-ultraschall-gebrauchsfertig\\\/\",\"url\":\"https:\\\/\\\/bandelin.com\\\/shop\\\/reinigungs-und-desinfektionspraeparate\\\/tickopur-reinigungspraeparate\\\/tickopur-j-80-u-entoxidationsmittel-fuer-ultraschall-gebrauchsfertig\\\/\",\"name\":\"TICKOPUR J 80 U Entoxidationsmittel f\u00fcr Ultraschall, gebrauchsfertig | BANDELIN electronic GmbH &amp; Co. KG\",\"isPartOf\":{\"@id\":\"https:\\\/\\\/bandelin.com\\\/#website\"},\"primaryImageOfPage\":{\"@id\":\"https:\\\/\\\/bandelin.com\\\/shop\\\/reinigungs-und-desinfektionspraeparate\\\/tickopur-reinigungspraeparate\\\/tickopur-j-80-u-entoxidationsmittel-fuer-ultraschall-gebrauchsfertig\\\/#primaryimage\"},\"image\":{\"@id\":\"https:\\\/\\\/bandelin.com\\\/shop\\\/reinigungs-und-desinfektionspraeparate\\\/tickopur-reinigungspraeparate\\\/tickopur-j-80-u-entoxidationsmittel-fuer-ultraschall-gebrauchsfertig\\\/#primaryimage\"},\"thumbnailUrl\":\"https:\\\/\\\/bandelin.com\\\/wp-content\\\/uploads\\\/Produktfoto_1L_TICKOPUR_J_80_U-scaled.jpg\",\"datePublished\":\"2026-03-31T19:38:54+00:00\",\"dateModified\":\"2026-04-23T18:31:04+00:00\",\"description\":\"Informationen Sie sich \u00fcber TICKOPUR J 80 U Entoxidationsmittel f\u00fcr Ultraschall, gebrauchsfertig | Hochwertige Ultraschallb\u00e4der f\u00fcr Medizin und Industrie von Bandelin Electronic seit 1955.\",\"breadcrumb\":{\"@id\":\"https:\\\/\\\/bandelin.com\\\/shop\\\/reinigungs-und-desinfektionspraeparate\\\/tickopur-reinigungspraeparate\\\/tickopur-j-80-u-entoxidationsmittel-fuer-ultraschall-gebrauchsfertig\\\/#breadcrumb\"},\"inLanguage\":\"es\",\"potentialAction\":[{\"@type\":\"ReadAction\",\"target\":[\"https:\\\/\\\/bandelin.com\\\/shop\\\/reinigungs-und-desinfektionspraeparate\\\/tickopur-reinigungspraeparate\\\/tickopur-j-80-u-entoxidationsmittel-fuer-ultraschall-gebrauchsfertig\\\/\"]}]},{\"@type\":\"ImageObject\",\"inLanguage\":\"es\",\"@id\":\"https:\\\/\\\/bandelin.com\\\/shop\\\/reinigungs-und-desinfektionspraeparate\\\/tickopur-reinigungspraeparate\\\/tickopur-j-80-u-entoxidationsmittel-fuer-ultraschall-gebrauchsfertig\\\/#primaryimage\",\"url\":\"https:\\\/\\\/bandelin.com\\\/wp-content\\\/uploads\\\/Produktfoto_1L_TICKOPUR_J_80_U-scaled.jpg\",\"contentUrl\":\"https:\\\/\\\/bandelin.com\\\/wp-content\\\/uploads\\\/Produktfoto_1L_TICKOPUR_J_80_U-scaled.jpg\",\"width\":2048,\"height\":2048,\"caption\":\"TICKOPUR J 80 U Entoxidationsmittel f\u00fcr Ultraschall\"},{\"@type\":\"BreadcrumbList\",\"@id\":\"https:\\\/\\\/bandelin.com\\\/shop\\\/reinigungs-und-desinfektionspraeparate\\\/tickopur-reinigungspraeparate\\\/tickopur-j-80-u-entoxidationsmittel-fuer-ultraschall-gebrauchsfertig\\\/#breadcrumb\",\"itemListElement\":[{\"@type\":\"ListItem\",\"position\":1,\"name\":\"Startseite\",\"item\":\"https:\\\/\\\/bandelin.com\\\/\"},{\"@type\":\"ListItem\",\"position\":2,\"name\":\"Shop\",\"item\":\"https:\\\/\\\/bandelin.com\\\/shop\\\/\"},{\"@type\":\"ListItem\",\"position\":3,\"name\":\"TICKOPUR J 80 U Entoxidationsmittel f\u00fcr Ultraschall, gebrauchsfertig\"}]},{\"@type\":\"WebSite\",\"@id\":\"https:\\\/\\\/bandelin.com\\\/#website\",\"url\":\"https:\\\/\\\/bandelin.com\\\/\",\"name\":\"BANDELIN electronic GmbH & Co. KG\",\"description\":\"Ultraschall seit 1955\",\"publisher\":{\"@id\":\"https:\\\/\\\/bandelin.com\\\/#organization\"},\"potentialAction\":[{\"@type\":\"SearchAction\",\"target\":{\"@type\":\"EntryPoint\",\"urlTemplate\":\"https:\\\/\\\/bandelin.com\\\/?s={search_term_string}\"},\"query-input\":{\"@type\":\"PropertyValueSpecification\",\"valueRequired\":true,\"valueName\":\"search_term_string\"}}],\"inLanguage\":\"es\"},{\"@type\":\"Organization\",\"@id\":\"https:\\\/\\\/bandelin.com\\\/#organization\",\"name\":\"BANDELIN electronic GmbH & Co. KG\",\"url\":\"https:\\\/\\\/bandelin.com\\\/\",\"logo\":{\"@type\":\"ImageObject\",\"inLanguage\":\"es\",\"@id\":\"https:\\\/\\\/bandelin.com\\\/#\\\/schema\\\/logo\\\/image\\\/\",\"url\":\"\",\"contentUrl\":\"\",\"caption\":\"BANDELIN electronic GmbH & Co. KG\"},\"image\":{\"@id\":\"https:\\\/\\\/bandelin.com\\\/#\\\/schema\\\/logo\\\/image\\\/\"},\"sameAs\":[\"https:\\\/\\\/de-de.facebook.com\\\/bandelin.electronic\\\/\",\"https:\\\/\\\/www.instagram.com\\\/bandelin_ultrasonic\\\/?hl=de\",\"https:\\\/\\\/www.linkedin.com\\\/company\\\/bandelin-electronic-gmbh-amp-co-kg\",\"https:\\\/\\\/www.youtube.com\\\/channel\\\/UC5wTNrNxkwMmX-WzysQqw3g\"]}]}<\/script>\n<!-- \/ Yoast SEO plugin. -->","yoast_head_json":{"title":"TICKOPUR J 80 U Agente desoxidante para ultrasonidos, listo para usar | BANDELIN electronic GmbH &amp; Co. KG","description":"M\u00e1s informaci\u00f3n sobre TICKOPUR J 80 U Desoxidante para ultrasonidos, listo para usar | Ba\u00f1os de ultrasonidos de alta calidad para la medicina y la industria de Bandelin Electronic desde 1955.","robots":{"index":"index","follow":"follow","max-snippet":"max-snippet:-1","max-image-preview":"max-image-preview:large","max-video-preview":"max-video-preview:-1"},"canonical":"https:\/\/bandelin.com\/es\/tienda\/preparados-de-limpieza-y-desinfeccion\/preparados-de-limpieza-tickopur-2\/tickopur-j-80-u-desoxidante-para-ultrasonidos-listo-para-usar\/","og_locale":"es_ES","og_type":"article","og_title":"TICKOPUR J 80 U Entoxidationsmittel f\u00fcr Ultraschall, gebrauchsfertig | BANDELIN electronic GmbH &amp; Co. KG","og_description":"Informationen Sie sich \u00fcber TICKOPUR J 80 U Entoxidationsmittel f\u00fcr Ultraschall, gebrauchsfertig | Hochwertige Ultraschallb\u00e4der f\u00fcr Medizin und Industrie von Bandelin Electronic seit 1955.","og_url":"https:\/\/bandelin.com\/es\/tienda\/preparados-de-limpieza-y-desinfeccion\/preparados-de-limpieza-tickopur-2\/tickopur-j-80-u-desoxidante-para-ultrasonidos-listo-para-usar\/","og_site_name":"BANDELIN electronic GmbH &amp; Co. KG","article_publisher":"https:\/\/de-de.facebook.com\/bandelin.electronic\/","article_modified_time":"2026-04-23T18:31:04+00:00","og_image":[{"width":2048,"height":2048,"url":"https:\/\/bandelin.com\/wp-content\/uploads\/Produktfoto_1L_TICKOPUR_J_80_U-scaled.jpg","type":"image\/jpeg"}],"twitter_card":"summary_large_image","twitter_misc":{"Tiempo de lectura":"2 minutos"},"schema":{"@context":"https:\/\/schema.org","@graph":[{"@type":"WebPage","@id":"https:\/\/bandelin.com\/shop\/reinigungs-und-desinfektionspraeparate\/tickopur-reinigungspraeparate\/tickopur-j-80-u-entoxidationsmittel-fuer-ultraschall-gebrauchsfertig\/","url":"https:\/\/bandelin.com\/shop\/reinigungs-und-desinfektionspraeparate\/tickopur-reinigungspraeparate\/tickopur-j-80-u-entoxidationsmittel-fuer-ultraschall-gebrauchsfertig\/","name":"TICKOPUR J 80 U Agente desoxidante para ultrasonidos, listo para usar | BANDELIN electronic GmbH &amp; Co. KG","isPartOf":{"@id":"https:\/\/bandelin.com\/#website"},"primaryImageOfPage":{"@id":"https:\/\/bandelin.com\/shop\/reinigungs-und-desinfektionspraeparate\/tickopur-reinigungspraeparate\/tickopur-j-80-u-entoxidationsmittel-fuer-ultraschall-gebrauchsfertig\/#primaryimage"},"image":{"@id":"https:\/\/bandelin.com\/shop\/reinigungs-und-desinfektionspraeparate\/tickopur-reinigungspraeparate\/tickopur-j-80-u-entoxidationsmittel-fuer-ultraschall-gebrauchsfertig\/#primaryimage"},"thumbnailUrl":"https:\/\/bandelin.com\/wp-content\/uploads\/Produktfoto_1L_TICKOPUR_J_80_U-scaled.jpg","datePublished":"2026-03-31T19:38:54+00:00","dateModified":"2026-04-23T18:31:04+00:00","description":"M\u00e1s informaci\u00f3n sobre TICKOPUR J 80 U Desoxidante para ultrasonidos, listo para usar | Ba\u00f1os de ultrasonidos de alta calidad para la medicina y la industria de Bandelin Electronic desde 1955.","breadcrumb":{"@id":"https:\/\/bandelin.com\/shop\/reinigungs-und-desinfektionspraeparate\/tickopur-reinigungspraeparate\/tickopur-j-80-u-entoxidationsmittel-fuer-ultraschall-gebrauchsfertig\/#breadcrumb"},"inLanguage":"es","potentialAction":[{"@type":"ReadAction","target":["https:\/\/bandelin.com\/shop\/reinigungs-und-desinfektionspraeparate\/tickopur-reinigungspraeparate\/tickopur-j-80-u-entoxidationsmittel-fuer-ultraschall-gebrauchsfertig\/"]}]},{"@type":"ImageObject","inLanguage":"es","@id":"https:\/\/bandelin.com\/shop\/reinigungs-und-desinfektionspraeparate\/tickopur-reinigungspraeparate\/tickopur-j-80-u-entoxidationsmittel-fuer-ultraschall-gebrauchsfertig\/#primaryimage","url":"https:\/\/bandelin.com\/wp-content\/uploads\/Produktfoto_1L_TICKOPUR_J_80_U-scaled.jpg","contentUrl":"https:\/\/bandelin.com\/wp-content\/uploads\/Produktfoto_1L_TICKOPUR_J_80_U-scaled.jpg","width":2048,"height":2048,"caption":"TICKOPUR J 80 U Entoxidationsmittel f\u00fcr Ultraschall"},{"@type":"BreadcrumbList","@id":"https:\/\/bandelin.com\/shop\/reinigungs-und-desinfektionspraeparate\/tickopur-reinigungspraeparate\/tickopur-j-80-u-entoxidationsmittel-fuer-ultraschall-gebrauchsfertig\/#breadcrumb","itemListElement":[{"@type":"ListItem","position":1,"name":"Startseite","item":"https:\/\/bandelin.com\/"},{"@type":"ListItem","position":2,"name":"Shop","item":"https:\/\/bandelin.com\/shop\/"},{"@type":"ListItem","position":3,"name":"TICKOPUR J 80 U Entoxidationsmittel f\u00fcr Ultraschall, gebrauchsfertig"}]},{"@type":"WebSite","@id":"https:\/\/bandelin.com\/#website","url":"https:\/\/bandelin.com\/","name":"BANDELIN electronic GmbH &amp; Co. KG","description":"Ultrasonidos desde 1955","publisher":{"@id":"https:\/\/bandelin.com\/#organization"},"potentialAction":[{"@type":"SearchAction","target":{"@type":"EntryPoint","urlTemplate":"https:\/\/bandelin.com\/?s={search_term_string}"},"query-input":{"@type":"PropertyValueSpecification","valueRequired":true,"valueName":"search_term_string"}}],"inLanguage":"es"},{"@type":"Organization","@id":"https:\/\/bandelin.com\/#organization","name":"BANDELIN electronic GmbH &amp; Co. KG","url":"https:\/\/bandelin.com\/","logo":{"@type":"ImageObject","inLanguage":"es","@id":"https:\/\/bandelin.com\/#\/schema\/logo\/image\/","url":"","contentUrl":"","caption":"BANDELIN electronic GmbH & Co. KG"},"image":{"@id":"https:\/\/bandelin.com\/#\/schema\/logo\/image\/"},"sameAs":["https:\/\/de-de.facebook.com\/bandelin.electronic\/","https:\/\/www.instagram.com\/bandelin_ultrasonic\/?hl=de","https:\/\/www.linkedin.com\/company\/bandelin-electronic-gmbh-amp-co-kg","https:\/\/www.youtube.com\/channel\/UC5wTNrNxkwMmX-WzysQqw3g"]}]}},"_links":{"self":[{"href":"https:\/\/bandelin.com\/es\/wp-json\/wp\/v2\/product\/664942","targetHints":{"allow":["GET"]}}],"collection":[{"href":"https:\/\/bandelin.com\/es\/wp-json\/wp\/v2\/product"}],"about":[{"href":"https:\/\/bandelin.com\/es\/wp-json\/wp\/v2\/types\/product"}],"version-history":[{"count":1,"href":"https:\/\/bandelin.com\/es\/wp-json\/wp\/v2\/product\/664942\/revisions"}],"predecessor-version":[{"id":664943,"href":"https:\/\/bandelin.com\/es\/wp-json\/wp\/v2\/product\/664942\/revisions\/664943"}],"wp:featuredmedia":[{"embeddable":true,"href":"https:\/\/bandelin.com\/es\/wp-json\/wp\/v2\/media\/650185"}],"wp:attachment":[{"href":"https:\/\/bandelin.com\/es\/wp-json\/wp\/v2\/media?parent=664942"}],"wp:term":[{"taxonomy":"product_brand","embeddable":true,"href":"https:\/\/bandelin.com\/es\/wp-json\/wp\/v2\/product_brand?post=664942"},{"taxonomy":"product_cat","embeddable":true,"href":"https:\/\/bandelin.com\/es\/wp-json\/wp\/v2\/product_cat?post=664942"},{"taxonomy":"product_tag","embeddable":true,"href":"https:\/\/bandelin.com\/es\/wp-json\/wp\/v2\/product_tag?post=664942"}],"curies":[{"name":"wp","href":"https:\/\/api.w.org\/{rel}","templated":true}]}}