{"id":665036,"date":"2026-03-31T21:42:23","date_gmt":"2026-03-31T19:42:23","guid":{"rendered":"https:\/\/bandelin.com\/shop\/unkategorisiert\/stammopur-24-intensiv-reinigung-und-desinfektion-konzentrat\/"},"modified":"2026-04-17T20:27:24","modified_gmt":"2026-04-17T18:27:24","slug":"stammopur-24-concentrado-de-limpieza-y-desinfeccion-intensiva","status":"publish","type":"product","link":"https:\/\/bandelin.com\/es\/shop\/reinigungs-und-desinfektionspraeparate\/stammopur-reinigungs-und-desinfektionspraeparate\/stammopur-24-intensiv-reinigung-und-desinfektion-konzentrat\/","title":{"rendered":"STAMMOPUR 24 Limpieza y desinfecci\u00f3n intensiva, concentrado"},"content":{"rendered":"<p>STAMMOPUR 24<br \/>\n  Limpieza y desinfecci\u00f3n intensivas<\/p>\n<p>  Solicitud de EPI y mascarillas respiratorias<br \/>\n  STAMMOPUR 24 es un concentrado que figura en la lista VAH para el reprocesamiento manual de equipos de protecci\u00f3n individual (EPI), en particular para m\u00e1scaras respiratorias, gafas protectoras y pantallas faciales, en ba\u00f1os ultras\u00f3nicos y ba\u00f1os de inmersi\u00f3n.<br \/>\n  Tambi\u00e9n se utiliza en laboratorios no m\u00e9dicos para equipos e instrumentos de laboratorio.<\/p>\n<p>  La compatibilidad del material STAMMOPUR 24 en el ba\u00f1o de ultrasonidos en las conexiones respiratorias de MSA AUER GmbH ha sido confirmada por un dictamen pericial del centro especializado en protecci\u00f3n respiratoria EXAM.<\/p>\n<p>  STAMMOPUR 24 est\u00e1 registrado como biocida seg\u00fan la Directiva de Biocidas (Reglamento (UE) n\u00ba 528\/2012).<\/p>\n<p>  Uso como producto sanitario<br \/>\n  STAMMOPUR 24 es un concentrado para la desinfecci\u00f3n manual, la limpieza intensiva sin fijaci\u00f3n y la desinfecci\u00f3n qu\u00edmica de instrumental y accesorios m\u00e9dicos generales, quir\u00fargicos, invasivos y no invasivos, as\u00ed como de equipos e instrumental de laboratorio, siempre que est\u00e9n clasificados como productos sanitarios, en ba\u00f1os ultras\u00f3nicos y ba\u00f1os de inmersi\u00f3n.<\/p>\n<p>  El preparado se utiliza en el proceso de reprocesamiento de instrumentos en la AEMP (unidad de reprocesamiento de productos sanitarios) en cl\u00ednicas y consultas m\u00e9dicas.<br \/>\n  Se requieren m\u00e1s pasos de reprocesamiento para los productos sanitarios cr\u00edticos y semicr\u00edticos; no utilizar para la desinfecci\u00f3n final.<\/p>\n<p>  Espectro de acci\u00f3n<br \/>\n  - Bactericida y levurocida (EN 13727, EN 145661, EN 13624, EN 14562, DGHM, alta carga)<br \/>\n  - Virucida limitada (EN 14476, alta carga)<br \/>\n  - Eficaz contra el virus de la gripe aviar H5N1 (EN 14476, alta carga)<\/p>\n<p>  De un vistazo<br \/>\n  - Concentrado<br \/>\n  - Listado VAH<br \/>\n  - Econ\u00f3mico gracias a su baja concentraci\u00f3n de aplicaci\u00f3n<br \/>\n  - Aclarado sin residuos<br \/>\n  - Muy alta compatibilidad de materiales<br \/>\n  - Sin aldeh\u00eddos, cloro ni fenoles<br \/>\n  - Bactericida, levurocida, virucida limitada<br \/>\n  - Eficaz contra el virus de la gripe aviar H5N1<br \/>\n  - Biodegradable<br \/>\n  - Efecto de limpieza muy elevado en el ba\u00f1o ultras\u00f3nico<\/p>\n<p>  Compatibilidad de materiales y contaminaci\u00f3n<br \/>\n  STAMMOPUR 24 tiene una compatibilidad de materiales muy elevada.<br \/>\n  Gracias a su formulaci\u00f3n en la gama alcalina suave, el producto tambi\u00e9n es adecuado para metales ligeros dentro del \u00e1mbito de los tiempos de exposici\u00f3n. <\/p>\n<p>  Limpia los siguientes materiales de forma manual, desinfectante, no fijadora e intensiva<\/p>\n<p>  EPI y mascarillas respiratorias:<br \/>\n  - Metal,<br \/>\n  - Metales ligeros,<br \/>\n  - Titanio,<br \/>\n  - Goma<br \/>\n  y pl\u00e1stico.<\/p>\n<p>  del instrumental m\u00e9dico:<br \/>\n  - Metal,<br \/>\n  - Metales ligeros,<br \/>\n  - Titanio,<br \/>\n  - Vidrio,<br \/>\n  - Porcelana,<br \/>\n  - Cer\u00e1mica<br \/>\n  y pl\u00e1stico.<\/p>\n<p>  Aplicaci\u00f3n<br \/>\n  Los usuarios exclusivamente profesionales son personal especializado formado.<\/p>\n<p>  STAMMOPUR 24 tiene un efecto limpiador muy elevado. En el ba\u00f1o ultras\u00f3nico, acorta el proceso de limpieza en muchas aplicaciones. La reducci\u00f3n del tiempo de desinfecci\u00f3n gracias al efecto ultras\u00f3nico, confirmada por expertos, tambi\u00e9n conlleva un acortamiento general del proceso de reprocesamiento.<\/p>\n<p>  STAMMOPUR 24 no es compatible con preparados aldeh\u00eddicos. \u00c9stos deben eliminarse completamente de los art\u00edculos de limpieza y accesorios antes de utilizar STAMMOPUR 24. <\/p>\n<p>  TICKOPUR R 33 ha demostrado su eficacia para la limpieza previa de mascarillas respiratorias.<\/p>\n<p>  La vida \u00fatil de la soluci\u00f3n desinfectante se ha ampliado a tres d\u00edas.<\/p>\n<p>  Dosis y tiempos de exposici\u00f3n<br \/>\n  Aplicaci\u00f3n con ultrasonidos:<\/p>\n<p>  Bactericida, levurocida,<br \/>\n  virucida limitada incl. H5N1 1 % - 15 min o 2 % - 5 min<\/p>\n<p>  Aplicaci\u00f3n sin ultrasonidos:<\/p>\n<p>  Bactericida, levurocida: 1 % - 60 min<\/p>\n<p>  Bactericida, levurocida, virucida limitada<br \/>\n  incl. H5N1 y adicionalmente contra SV 40: 2 % - 30 min o 3 % - 15 min<\/p>\n<p>  Temperatura: preparar en fr\u00edo y no calentar adicionalmente (m\u00e1x. 45 \u00b0C)<\/p>\n<p>  Composici\u00f3n por 100 g:<br \/>\n  9,9 g de bis(3-aminopropil)dodecaylamina,<br \/>\n  8,4 g de propionato de didecyl polioxietil amonio,<br \/>\n  &lt; 30% Butano-1,4-diol,\n  5-15 % butil diglicol,\n  5-15 % tensioactivos no i\u00f3nicos,\n  &lt; 5 % Piperazina,\n  Agente complejante,\n  Reguladores del pH.\n  \n  Gama de pH del producto: ligeramente alcalino\n  \n  Utilizar diluido con agua de calidad al menos potable.\n  \n  No est\u00e1 permitido a\u00f1adir aditivos a la soluci\u00f3n.\n  \n  Indicaciones especiales\n  No tratar con ultrasonidos la \u00f3ptica, la fibra \u00f3ptica y las piezas adheridas.\n  \n  Indicaciones de peligro\n  H302 Nocivo por ingesti\u00f3n.\n  H314 Provoca quemaduras graves en la piel y lesiones oculares.\n  H317 Puede provocar una reacci\u00f3n al\u00e9rgica en la piel.\n  H334 Puede provocar s\u00edntomas de alergia o asma o dificultades respiratorias en caso de inhalaci\u00f3n.\n  en caso de inhalaci\u00f3n.\n  H336 Puede provocar somnolencia o v\u00e9rtigo.\n  H361fd Se sospecha que perjudica la fertilidad. Se sospecha que perjudica al feto.\n  Puede perjudicar al feto.\n  H411 T\u00f3xico para los organismos acu\u00e1ticos, con efectos nocivos duraderos.\n  \n  Consejos de prudencia\n  P280 \u00dasense guantes\/prendas\/gafas de protecci\u00f3n\/protecci\u00f3n ocular\/protecci\u00f3n facial.\n  P305+P351+P338 EN CASO DE CONTACTO CON LOS OJOS: Aclarar cuidadosamente con agua durante varios minutos.\n  Si es posible, retirar las lentes de contacto. Continuar enjuagando.\n  P308+P313 EN CASO DE exposici\u00f3n o preocupaci\u00f3n: Consultar a un m\u00e9dico.\n  P310 Llamar inmediatamente a un CENTRO DE INFORMACI\u00d3N TOXICOL\u00d3GICA\/m\u00e9dico.\n<\/p>","protected":false},"excerpt":{"rendered":"<p>STAMMOPUR 24 Intensiv-Reinigung und Desinfektion Anwendung f\u00fcr PSA und Atemschutzmasken STAMMOPUR 24 ist ein VAH-gelistetes Konzentrat zur manuellen Aufbereitung von pers\u00f6nlicher Schutzausr\u00fcstung (PSA), insbesondere f\u00fcr Atemschutzmasken, Schutzbrillen und Gesichtsschilden, im Ultraschallbad sowie im Tauchbadverfahren. Es findet ebenso Anwendung im nicht-medizinischen Labor f\u00fcr Laborger\u00e4te und Laborinstrumentarium. Die Materialvertr\u00e4glichkeit von STAMMOPUR 24 im Ultraschallbad auf Atemanschl\u00fcsse der [&hellip;]<\/p>\n","protected":false},"featured_media":650255,"template":"","meta":{"_acf_changed":false},"product_brand":[],"product_cat":[14263,14181],"product_tag":[14831,14829],"class_list":{"0":"post-665036","1":"product","2":"type-product","3":"status-publish","4":"has-post-thumbnail","6":"product_cat-stammopur-reinigungs-und-desinfektionspraeparate","7":"product_cat-reinigungs-und-desinfektionspraeparate","8":"product_tag-stammopur-reinigungs-und-desinfektionspraeparate","9":"product_tag-reinigungs-und-desinfektionspraeparate","10":"pa_bestellnummer-14004","11":"pa_bestellnummer-13983","12":"pa_bestellnummer-13050","13":"pa_gebindegroesse-l-5-liter-47-euro-liter","14":"pa_gebindegroesse-l-10-liter-447-euro-liter","15":"pa_gebindegroesse-l-2-liter-51-euro-liter","16":"pa_inhalt-l-14541","17":"pa_inhalt-l-14540","18":"pa_inhalt-l-12484","19":"pa_verpackung-breite-mm-12313","20":"pa_verpackung-breite-mm-130-2","21":"pa_verpackung-hoehe-mm-13038","22":"pa_verpackung-hoehe-mm-12354","23":"pa_verpackung-laenge-mm-12353","24":"pa_verpackung-laenge-mm-250-2","26":"first","27":"instock","28":"taxable","29":"shipping-taxable","30":"purchasable","31":"product-type-variable","32":"has-default-attributes"},"acf":[],"yoast_head":"<!-- This site is optimized with the Yoast SEO plugin v27.4 - https:\/\/yoast.com\/product\/yoast-seo-wordpress\/ -->\n<title>STAMMOPUR 24 Intensiv-Reinigung und Desinfektion, Konzentrat | BANDELIN electronic GmbH &amp; Co. KG<\/title>\n<meta name=\"description\" content=\"Informationen Sie sich \u00fcber STAMMOPUR 24 Intensiv-Reinigung und Desinfektion, Konzentrat | Hochwertige Ultraschallb\u00e4der f\u00fcr Medizin und Industrie von Bandelin Electronic seit 1955.\" \/>\n<meta name=\"robots\" content=\"index, follow, max-snippet:-1, max-image-preview:large, max-video-preview:-1\" \/>\n<link rel=\"canonical\" href=\"https:\/\/bandelin.com\/es\/tienda\/preparados-de-limpieza-y-desinfeccion\/preparados-de-limpieza-y-desinfeccion-stammopur\/stammopur-24-concentrado-de-limpieza-y-desinfeccion-intensiva\/\" \/>\n<meta property=\"og:locale\" content=\"es_ES\" \/>\n<meta property=\"og:type\" content=\"article\" \/>\n<meta property=\"og:title\" content=\"STAMMOPUR 24 Intensiv-Reinigung und Desinfektion, Konzentrat | BANDELIN electronic GmbH &amp; Co. KG\" \/>\n<meta property=\"og:description\" content=\"Informationen Sie sich \u00fcber STAMMOPUR 24 Intensiv-Reinigung und Desinfektion, Konzentrat | Hochwertige Ultraschallb\u00e4der f\u00fcr Medizin und Industrie von Bandelin Electronic seit 1955.\" \/>\n<meta property=\"og:url\" content=\"https:\/\/bandelin.com\/es\/tienda\/preparados-de-limpieza-y-desinfeccion\/preparados-de-limpieza-y-desinfeccion-stammopur\/stammopur-24-concentrado-de-limpieza-y-desinfeccion-intensiva\/\" \/>\n<meta property=\"og:site_name\" content=\"BANDELIN electronic GmbH &amp; Co. KG\" \/>\n<meta property=\"article:publisher\" content=\"https:\/\/de-de.facebook.com\/bandelin.electronic\/\" \/>\n<meta property=\"article:modified_time\" content=\"2026-04-17T18:27:24+00:00\" \/>\n<meta property=\"og:image\" content=\"https:\/\/bandelin.com\/wp-content\/uploads\/Produktfoto_2L_STAMMOPUR_24-scaled.jpg\" \/>\n\t<meta property=\"og:image:width\" content=\"2048\" \/>\n\t<meta property=\"og:image:height\" content=\"2048\" \/>\n\t<meta property=\"og:image:type\" content=\"image\/jpeg\" \/>\n<meta name=\"twitter:card\" content=\"summary_large_image\" \/>\n<meta name=\"twitter:label1\" content=\"Tiempo de lectura\" \/>\n\t<meta name=\"twitter:data1\" content=\"3 minutos\" \/>\n<script type=\"application\/ld+json\" class=\"yoast-schema-graph\">{\"@context\":\"https:\\\/\\\/schema.org\",\"@graph\":[{\"@type\":\"WebPage\",\"@id\":\"https:\\\/\\\/bandelin.com\\\/shop\\\/reinigungs-und-desinfektionspraeparate\\\/stammopur-reinigungs-und-desinfektionspraeparate\\\/stammopur-24-intensiv-reinigung-und-desinfektion-konzentrat\\\/\",\"url\":\"https:\\\/\\\/bandelin.com\\\/shop\\\/reinigungs-und-desinfektionspraeparate\\\/stammopur-reinigungs-und-desinfektionspraeparate\\\/stammopur-24-intensiv-reinigung-und-desinfektion-konzentrat\\\/\",\"name\":\"STAMMOPUR 24 Intensiv-Reinigung und Desinfektion, Konzentrat | BANDELIN electronic GmbH &amp; Co. KG\",\"isPartOf\":{\"@id\":\"https:\\\/\\\/bandelin.com\\\/#website\"},\"primaryImageOfPage\":{\"@id\":\"https:\\\/\\\/bandelin.com\\\/shop\\\/reinigungs-und-desinfektionspraeparate\\\/stammopur-reinigungs-und-desinfektionspraeparate\\\/stammopur-24-intensiv-reinigung-und-desinfektion-konzentrat\\\/#primaryimage\"},\"image\":{\"@id\":\"https:\\\/\\\/bandelin.com\\\/shop\\\/reinigungs-und-desinfektionspraeparate\\\/stammopur-reinigungs-und-desinfektionspraeparate\\\/stammopur-24-intensiv-reinigung-und-desinfektion-konzentrat\\\/#primaryimage\"},\"thumbnailUrl\":\"https:\\\/\\\/bandelin.com\\\/wp-content\\\/uploads\\\/Produktfoto_2L_STAMMOPUR_24-scaled.jpg\",\"datePublished\":\"2026-03-31T19:42:23+00:00\",\"dateModified\":\"2026-04-17T18:27:24+00:00\",\"description\":\"Informationen Sie sich \u00fcber STAMMOPUR 24 Intensiv-Reinigung und Desinfektion, Konzentrat | Hochwertige Ultraschallb\u00e4der f\u00fcr Medizin und Industrie von Bandelin Electronic seit 1955.\",\"breadcrumb\":{\"@id\":\"https:\\\/\\\/bandelin.com\\\/shop\\\/reinigungs-und-desinfektionspraeparate\\\/stammopur-reinigungs-und-desinfektionspraeparate\\\/stammopur-24-intensiv-reinigung-und-desinfektion-konzentrat\\\/#breadcrumb\"},\"inLanguage\":\"es\",\"potentialAction\":[{\"@type\":\"ReadAction\",\"target\":[\"https:\\\/\\\/bandelin.com\\\/shop\\\/reinigungs-und-desinfektionspraeparate\\\/stammopur-reinigungs-und-desinfektionspraeparate\\\/stammopur-24-intensiv-reinigung-und-desinfektion-konzentrat\\\/\"]}]},{\"@type\":\"ImageObject\",\"inLanguage\":\"es\",\"@id\":\"https:\\\/\\\/bandelin.com\\\/shop\\\/reinigungs-und-desinfektionspraeparate\\\/stammopur-reinigungs-und-desinfektionspraeparate\\\/stammopur-24-intensiv-reinigung-und-desinfektion-konzentrat\\\/#primaryimage\",\"url\":\"https:\\\/\\\/bandelin.com\\\/wp-content\\\/uploads\\\/Produktfoto_2L_STAMMOPUR_24-scaled.jpg\",\"contentUrl\":\"https:\\\/\\\/bandelin.com\\\/wp-content\\\/uploads\\\/Produktfoto_2L_STAMMOPUR_24-scaled.jpg\",\"width\":2048,\"height\":2048,\"caption\":\"STAMMOPUR 24 Intensiv-Reinigung und Desinfektion\"},{\"@type\":\"BreadcrumbList\",\"@id\":\"https:\\\/\\\/bandelin.com\\\/shop\\\/reinigungs-und-desinfektionspraeparate\\\/stammopur-reinigungs-und-desinfektionspraeparate\\\/stammopur-24-intensiv-reinigung-und-desinfektion-konzentrat\\\/#breadcrumb\",\"itemListElement\":[{\"@type\":\"ListItem\",\"position\":1,\"name\":\"Startseite\",\"item\":\"https:\\\/\\\/bandelin.com\\\/\"},{\"@type\":\"ListItem\",\"position\":2,\"name\":\"Shop\",\"item\":\"https:\\\/\\\/bandelin.com\\\/shop\\\/\"},{\"@type\":\"ListItem\",\"position\":3,\"name\":\"STAMMOPUR 24 Intensiv-Reinigung und Desinfektion, Konzentrat\"}]},{\"@type\":\"WebSite\",\"@id\":\"https:\\\/\\\/bandelin.com\\\/#website\",\"url\":\"https:\\\/\\\/bandelin.com\\\/\",\"name\":\"BANDELIN electronic GmbH & Co. KG\",\"description\":\"Ultraschall seit 1955\",\"publisher\":{\"@id\":\"https:\\\/\\\/bandelin.com\\\/#organization\"},\"potentialAction\":[{\"@type\":\"SearchAction\",\"target\":{\"@type\":\"EntryPoint\",\"urlTemplate\":\"https:\\\/\\\/bandelin.com\\\/?s={search_term_string}\"},\"query-input\":{\"@type\":\"PropertyValueSpecification\",\"valueRequired\":true,\"valueName\":\"search_term_string\"}}],\"inLanguage\":\"es\"},{\"@type\":\"Organization\",\"@id\":\"https:\\\/\\\/bandelin.com\\\/#organization\",\"name\":\"BANDELIN electronic GmbH & Co. KG\",\"url\":\"https:\\\/\\\/bandelin.com\\\/\",\"logo\":{\"@type\":\"ImageObject\",\"inLanguage\":\"es\",\"@id\":\"https:\\\/\\\/bandelin.com\\\/#\\\/schema\\\/logo\\\/image\\\/\",\"url\":\"\",\"contentUrl\":\"\",\"caption\":\"BANDELIN electronic GmbH & Co. KG\"},\"image\":{\"@id\":\"https:\\\/\\\/bandelin.com\\\/#\\\/schema\\\/logo\\\/image\\\/\"},\"sameAs\":[\"https:\\\/\\\/de-de.facebook.com\\\/bandelin.electronic\\\/\",\"https:\\\/\\\/www.instagram.com\\\/bandelin_ultrasonic\\\/?hl=de\",\"https:\\\/\\\/www.linkedin.com\\\/company\\\/bandelin-electronic-gmbh-amp-co-kg\",\"https:\\\/\\\/www.youtube.com\\\/channel\\\/UC5wTNrNxkwMmX-WzysQqw3g\"]}]}<\/script>\n<!-- \/ Yoast SEO plugin. -->","yoast_head_json":{"title":"STAMMOPUR 24 Limpieza y desinfecci\u00f3n intensiva, concentrado | BANDELIN electronic GmbH &amp; Co. KG","description":"M\u00e1s informaci\u00f3n sobre STAMMOPUR 24 limpieza y desinfecci\u00f3n intensiva, concentrado | Ba\u00f1os ultras\u00f3nicos de alta calidad para la medicina y la industria de Bandelin Electronic desde 1955.","robots":{"index":"index","follow":"follow","max-snippet":"max-snippet:-1","max-image-preview":"max-image-preview:large","max-video-preview":"max-video-preview:-1"},"canonical":"https:\/\/bandelin.com\/es\/tienda\/preparados-de-limpieza-y-desinfeccion\/preparados-de-limpieza-y-desinfeccion-stammopur\/stammopur-24-concentrado-de-limpieza-y-desinfeccion-intensiva\/","og_locale":"es_ES","og_type":"article","og_title":"STAMMOPUR 24 Intensiv-Reinigung und Desinfektion, Konzentrat | BANDELIN electronic GmbH &amp; Co. KG","og_description":"Informationen Sie sich \u00fcber STAMMOPUR 24 Intensiv-Reinigung und Desinfektion, Konzentrat | Hochwertige Ultraschallb\u00e4der f\u00fcr Medizin und Industrie von Bandelin Electronic seit 1955.","og_url":"https:\/\/bandelin.com\/es\/tienda\/preparados-de-limpieza-y-desinfeccion\/preparados-de-limpieza-y-desinfeccion-stammopur\/stammopur-24-concentrado-de-limpieza-y-desinfeccion-intensiva\/","og_site_name":"BANDELIN electronic GmbH &amp; Co. KG","article_publisher":"https:\/\/de-de.facebook.com\/bandelin.electronic\/","article_modified_time":"2026-04-17T18:27:24+00:00","og_image":[{"width":2048,"height":2048,"url":"https:\/\/bandelin.com\/wp-content\/uploads\/Produktfoto_2L_STAMMOPUR_24-scaled.jpg","type":"image\/jpeg"}],"twitter_card":"summary_large_image","twitter_misc":{"Tiempo de lectura":"3 minutos"},"schema":{"@context":"https:\/\/schema.org","@graph":[{"@type":"WebPage","@id":"https:\/\/bandelin.com\/shop\/reinigungs-und-desinfektionspraeparate\/stammopur-reinigungs-und-desinfektionspraeparate\/stammopur-24-intensiv-reinigung-und-desinfektion-konzentrat\/","url":"https:\/\/bandelin.com\/shop\/reinigungs-und-desinfektionspraeparate\/stammopur-reinigungs-und-desinfektionspraeparate\/stammopur-24-intensiv-reinigung-und-desinfektion-konzentrat\/","name":"STAMMOPUR 24 Limpieza y desinfecci\u00f3n intensiva, concentrado | BANDELIN electronic GmbH &amp; Co. KG","isPartOf":{"@id":"https:\/\/bandelin.com\/#website"},"primaryImageOfPage":{"@id":"https:\/\/bandelin.com\/shop\/reinigungs-und-desinfektionspraeparate\/stammopur-reinigungs-und-desinfektionspraeparate\/stammopur-24-intensiv-reinigung-und-desinfektion-konzentrat\/#primaryimage"},"image":{"@id":"https:\/\/bandelin.com\/shop\/reinigungs-und-desinfektionspraeparate\/stammopur-reinigungs-und-desinfektionspraeparate\/stammopur-24-intensiv-reinigung-und-desinfektion-konzentrat\/#primaryimage"},"thumbnailUrl":"https:\/\/bandelin.com\/wp-content\/uploads\/Produktfoto_2L_STAMMOPUR_24-scaled.jpg","datePublished":"2026-03-31T19:42:23+00:00","dateModified":"2026-04-17T18:27:24+00:00","description":"M\u00e1s informaci\u00f3n sobre STAMMOPUR 24 limpieza y desinfecci\u00f3n intensiva, concentrado | Ba\u00f1os ultras\u00f3nicos de alta calidad para la medicina y la industria de Bandelin Electronic desde 1955.","breadcrumb":{"@id":"https:\/\/bandelin.com\/shop\/reinigungs-und-desinfektionspraeparate\/stammopur-reinigungs-und-desinfektionspraeparate\/stammopur-24-intensiv-reinigung-und-desinfektion-konzentrat\/#breadcrumb"},"inLanguage":"es","potentialAction":[{"@type":"ReadAction","target":["https:\/\/bandelin.com\/shop\/reinigungs-und-desinfektionspraeparate\/stammopur-reinigungs-und-desinfektionspraeparate\/stammopur-24-intensiv-reinigung-und-desinfektion-konzentrat\/"]}]},{"@type":"ImageObject","inLanguage":"es","@id":"https:\/\/bandelin.com\/shop\/reinigungs-und-desinfektionspraeparate\/stammopur-reinigungs-und-desinfektionspraeparate\/stammopur-24-intensiv-reinigung-und-desinfektion-konzentrat\/#primaryimage","url":"https:\/\/bandelin.com\/wp-content\/uploads\/Produktfoto_2L_STAMMOPUR_24-scaled.jpg","contentUrl":"https:\/\/bandelin.com\/wp-content\/uploads\/Produktfoto_2L_STAMMOPUR_24-scaled.jpg","width":2048,"height":2048,"caption":"STAMMOPUR 24 Intensiv-Reinigung und Desinfektion"},{"@type":"BreadcrumbList","@id":"https:\/\/bandelin.com\/shop\/reinigungs-und-desinfektionspraeparate\/stammopur-reinigungs-und-desinfektionspraeparate\/stammopur-24-intensiv-reinigung-und-desinfektion-konzentrat\/#breadcrumb","itemListElement":[{"@type":"ListItem","position":1,"name":"Startseite","item":"https:\/\/bandelin.com\/"},{"@type":"ListItem","position":2,"name":"Shop","item":"https:\/\/bandelin.com\/shop\/"},{"@type":"ListItem","position":3,"name":"STAMMOPUR 24 Intensiv-Reinigung und Desinfektion, Konzentrat"}]},{"@type":"WebSite","@id":"https:\/\/bandelin.com\/#website","url":"https:\/\/bandelin.com\/","name":"BANDELIN electronic GmbH &amp; Co. KG","description":"Ultrasonidos desde 1955","publisher":{"@id":"https:\/\/bandelin.com\/#organization"},"potentialAction":[{"@type":"SearchAction","target":{"@type":"EntryPoint","urlTemplate":"https:\/\/bandelin.com\/?s={search_term_string}"},"query-input":{"@type":"PropertyValueSpecification","valueRequired":true,"valueName":"search_term_string"}}],"inLanguage":"es"},{"@type":"Organization","@id":"https:\/\/bandelin.com\/#organization","name":"BANDELIN electronic GmbH &amp; Co. KG","url":"https:\/\/bandelin.com\/","logo":{"@type":"ImageObject","inLanguage":"es","@id":"https:\/\/bandelin.com\/#\/schema\/logo\/image\/","url":"","contentUrl":"","caption":"BANDELIN electronic GmbH & Co. KG"},"image":{"@id":"https:\/\/bandelin.com\/#\/schema\/logo\/image\/"},"sameAs":["https:\/\/de-de.facebook.com\/bandelin.electronic\/","https:\/\/www.instagram.com\/bandelin_ultrasonic\/?hl=de","https:\/\/www.linkedin.com\/company\/bandelin-electronic-gmbh-amp-co-kg","https:\/\/www.youtube.com\/channel\/UC5wTNrNxkwMmX-WzysQqw3g"]}]}},"_links":{"self":[{"href":"https:\/\/bandelin.com\/es\/wp-json\/wp\/v2\/product\/665036","targetHints":{"allow":["GET"]}}],"collection":[{"href":"https:\/\/bandelin.com\/es\/wp-json\/wp\/v2\/product"}],"about":[{"href":"https:\/\/bandelin.com\/es\/wp-json\/wp\/v2\/types\/product"}],"version-history":[{"count":1,"href":"https:\/\/bandelin.com\/es\/wp-json\/wp\/v2\/product\/665036\/revisions"}],"predecessor-version":[{"id":665037,"href":"https:\/\/bandelin.com\/es\/wp-json\/wp\/v2\/product\/665036\/revisions\/665037"}],"wp:featuredmedia":[{"embeddable":true,"href":"https:\/\/bandelin.com\/es\/wp-json\/wp\/v2\/media\/650255"}],"wp:attachment":[{"href":"https:\/\/bandelin.com\/es\/wp-json\/wp\/v2\/media?parent=665036"}],"wp:term":[{"taxonomy":"product_brand","embeddable":true,"href":"https:\/\/bandelin.com\/es\/wp-json\/wp\/v2\/product_brand?post=665036"},{"taxonomy":"product_cat","embeddable":true,"href":"https:\/\/bandelin.com\/es\/wp-json\/wp\/v2\/product_cat?post=665036"},{"taxonomy":"product_tag","embeddable":true,"href":"https:\/\/bandelin.com\/es\/wp-json\/wp\/v2\/product_tag?post=665036"}],"curies":[{"name":"wp","href":"https:\/\/api.w.org\/{rel}","templated":true}]}}