{"id":665062,"date":"2026-03-31T21:49:58","date_gmt":"2026-03-31T19:49:58","guid":{"rendered":"https:\/\/bandelin.com\/shop\/unkategorisiert\/sonorex-smart-st-103-h-ultraschallbad-mit-heizung\/"},"modified":"2026-04-26T20:28:07","modified_gmt":"2026-04-26T18:28:07","slug":"sonorex-smart-st-103-h-bano-de-ultrasonidos-con-calentador","status":"publish","type":"product","link":"https:\/\/bandelin.com\/es\/shop\/sonorex-ultraschallbaeder\/sonorex-smart-st-ultraschallbaeder\/sonorex-smart-st-103-h-ultraschallbad-mit-heizung\/","title":{"rendered":"SONOREX smart ST 103 H Ba\u00f1o de ultrasonidos con calefacci\u00f3n"},"content":{"rendered":"<p>Limpiador ultras\u00f3nico de alto rendimiento con calefacci\u00f3n para su uso en consultas, laboratorios y talleres.<\/p>\n<p>  Los ba\u00f1os de ultrasonidos SONOREX, de eficacia probada y especialmente robustos, limpian a fondo y con suavidad mediante burbujas de cavitaci\u00f3n intensiva, incluso en las zonas de dif\u00edcil acceso de los objetos a limpiar.<\/p>\n<p>  Una pantalla t\u00e1ctil intuitiva permite configurar y controlar f\u00e1cilmente todos los par\u00e1metros, como la potencia de los ultrasonidos, el tiempo de limpieza y la temperatura. Se pueden ajustar los intervalos de sonicaci\u00f3n y los l\u00edmites de temperatura.<\/p>\n<p>  La memoria interna de programas permite una reproducibilidad fiable de sus procesos validados de preparaci\u00f3n de muestras.<br \/>\n  La funci\u00f3n SweepTec totalmente autom\u00e1tica evita las ondas estacionarias en el campo de ultrasonidos y consigue una limpieza especialmente uniforme. La funci\u00f3n de desgasificaci\u00f3n (Degas), que puede activarse al inicio del proceso de limpieza, mejora a\u00fan m\u00e1s el efecto limpiador de los ultrasonidos.<\/p>\n<p>  Disponemos de cestas, tapas y concentrados de limpieza y desinfecci\u00f3n adecuados como accesorios para optimizar la limpieza por ultrasonidos.<\/p>\n<p> Tambi\u00e9n disponible bajo pedido como variante con 115 V (n\u00famero de pedido 7101-1), enchufe suizo (n\u00famero de pedido 7101-CH) o enchufe brit\u00e1nico (n\u00famero de pedido 7101-GB).<\/p>","protected":false},"excerpt":{"rendered":"<p>Dimensiones interiores: 240 x 140 x 150 mm<\/p>","protected":false},"featured_media":649072,"template":"","meta":{"_acf_changed":false},"product_brand":[],"product_cat":[14195,14239],"product_tag":[14134,14608],"class_list":{"0":"post-665062","1":"product","2":"type-product","3":"status-publish","4":"has-post-thumbnail","6":"product_cat-sonorex-ultraschallbaeder","7":"product_cat-sonorex-smart-st-ultraschallbaeder","8":"product_tag-ultraschallbad","9":"product_tag-sonorex-ultraschallbaeder-sonorex-smart-st-ultraschallbaeder","10":"pa_ablauf-kugelhahn-g--mit-25-cm-schlauch-an-der-rechten-seite","11":"pa_arbeitsinhalt-l-27-2","12":"pa_aussenmass-breite-mm-160-2","13":"pa_aussenmass-hoehe-mm-12286","14":"pa_aussenmass-laenge-mm-260-2","15":"pa_bedienung-touchscreen-2","16":"pa_bestellnummer-14140","17":"pa_betriebsspannung-v-230-v--10-50-60-hz","18":"pa_ce-kennzeichnung-medizinprodukte-klasse-i-2017-745-eu-niederspannungsrichtlinie-2014-35-eu-emv-richtlinie-2014-30-eu-rohs-richtlinie-2011-65-eu","19":"pa_einstellb-temp-ber-c-20-80-2","20":"pa_fuellstandsmarkierung-ja","21":"pa_gehaeusematerial-edelstahl-1-4301","22":"pa_griffe-an-den-seiten-2","23":"pa_heizleistung-w-12342","24":"pa_inhalt-l-12199","25":"pa_innenmass-b-mm-12266","26":"pa_innenmass-l-mm-12265","27":"pa_innenmass-t-mm-14269","28":"pa_leistungseinstellung-10-100","29":"pa_netzkabel-1-m-fest-am-geraet","30":"pa_pulsationszeiten-1-s-60-s","31":"pa_schutzgrad-gehaeuse-ip-32-2","32":"pa_ultraschall-frequenz-khz-40-2","33":"pa_ultraschall-nennleistung-w-12341","34":"pa_ultraschall-spitzenleistung-w-12340","35":"pa_verpackung-breite-mm-12313","36":"pa_verpackung-hoehe-mm-380-2","37":"pa_verpackung-laenge-mm-12312","38":"pa_wannenmaterial-edelstahl-1-4301","39":"pa_wannenstaerke-mm-14553","40":"pa_zeiteinstellung-min-1-s-bis-8-h-in-1-s-schritten","42":"first","43":"instock","44":"taxable","45":"shipping-taxable","46":"purchasable","47":"product-type-simple"},"acf":[],"yoast_head":"<!-- This site is optimized with the Yoast SEO plugin v27.4 - https:\/\/yoast.com\/product\/yoast-seo-wordpress\/ -->\n<title>SONOREX smart ST 103 H Ultraschallbad mit Heizung | BANDELIN electronic GmbH &amp; Co. KG<\/title>\n<meta name=\"description\" content=\"Informationen Sie sich \u00fcber SONOREX smart ST 103 H Ultraschallbad mit Heizung | Hochwertige Ultraschallb\u00e4der f\u00fcr Medizin und Industrie von Bandelin Electronic seit 1955.\" \/>\n<meta name=\"robots\" content=\"index, follow, max-snippet:-1, max-image-preview:large, max-video-preview:-1\" \/>\n<link rel=\"canonical\" href=\"https:\/\/bandelin.com\/es\/tienda\/banos-de-ultrasonidos-sonorex\/banos-de-ultrasonidos-sonorex-smart-st\/sonorex-smart-st-103-h-bano-de-ultrasonidos-con-calentador\/\" \/>\n<meta property=\"og:locale\" content=\"es_ES\" \/>\n<meta property=\"og:type\" content=\"article\" \/>\n<meta property=\"og:title\" content=\"SONOREX smart ST 103 H Ultraschallbad mit Heizung | BANDELIN electronic GmbH &amp; Co. KG\" \/>\n<meta property=\"og:description\" content=\"Informationen Sie sich \u00fcber SONOREX smart ST 103 H Ultraschallbad mit Heizung | Hochwertige Ultraschallb\u00e4der f\u00fcr Medizin und Industrie von Bandelin Electronic seit 1955.\" \/>\n<meta property=\"og:url\" content=\"https:\/\/bandelin.com\/es\/tienda\/banos-de-ultrasonidos-sonorex\/banos-de-ultrasonidos-sonorex-smart-st\/sonorex-smart-st-103-h-bano-de-ultrasonidos-con-calentador\/\" \/>\n<meta property=\"og:site_name\" content=\"BANDELIN electronic GmbH &amp; Co. KG\" \/>\n<meta property=\"article:publisher\" content=\"https:\/\/de-de.facebook.com\/bandelin.electronic\/\" \/>\n<meta property=\"article:modified_time\" content=\"2026-04-26T18:28:07+00:00\" \/>\n<meta property=\"og:image\" content=\"https:\/\/bandelin.com\/wp-content\/uploads\/Produktfoto_ST_103_H-2-scaled.jpg\" \/>\n\t<meta property=\"og:image:width\" content=\"2048\" \/>\n\t<meta property=\"og:image:height\" content=\"2048\" \/>\n\t<meta property=\"og:image:type\" content=\"image\/jpeg\" \/>\n<meta name=\"twitter:card\" content=\"summary_large_image\" \/>\n<meta name=\"twitter:label1\" content=\"Tiempo de lectura\" \/>\n\t<meta name=\"twitter:data1\" content=\"1 minuto\" \/>\n<script type=\"application\/ld+json\" class=\"yoast-schema-graph\">{\"@context\":\"https:\\\/\\\/schema.org\",\"@graph\":[{\"@type\":\"WebPage\",\"@id\":\"https:\\\/\\\/bandelin.com\\\/shop\\\/sonorex-ultraschallbaeder\\\/sonorex-smart-st-ultraschallbaeder\\\/sonorex-smart-st-103-h-ultraschallbad-mit-heizung\\\/\",\"url\":\"https:\\\/\\\/bandelin.com\\\/shop\\\/sonorex-ultraschallbaeder\\\/sonorex-smart-st-ultraschallbaeder\\\/sonorex-smart-st-103-h-ultraschallbad-mit-heizung\\\/\",\"name\":\"SONOREX smart ST 103 H Ultraschallbad mit Heizung | BANDELIN electronic GmbH &amp; Co. KG\",\"isPartOf\":{\"@id\":\"https:\\\/\\\/bandelin.com\\\/#website\"},\"primaryImageOfPage\":{\"@id\":\"https:\\\/\\\/bandelin.com\\\/shop\\\/sonorex-ultraschallbaeder\\\/sonorex-smart-st-ultraschallbaeder\\\/sonorex-smart-st-103-h-ultraschallbad-mit-heizung\\\/#primaryimage\"},\"image\":{\"@id\":\"https:\\\/\\\/bandelin.com\\\/shop\\\/sonorex-ultraschallbaeder\\\/sonorex-smart-st-ultraschallbaeder\\\/sonorex-smart-st-103-h-ultraschallbad-mit-heizung\\\/#primaryimage\"},\"thumbnailUrl\":\"https:\\\/\\\/bandelin.com\\\/wp-content\\\/uploads\\\/Produktfoto_ST_103_H-2-scaled.jpg\",\"datePublished\":\"2026-03-31T19:49:58+00:00\",\"dateModified\":\"2026-04-26T18:28:07+00:00\",\"description\":\"Informationen Sie sich \u00fcber SONOREX smart ST 103 H Ultraschallbad mit Heizung | Hochwertige Ultraschallb\u00e4der f\u00fcr Medizin und Industrie von Bandelin Electronic seit 1955.\",\"breadcrumb\":{\"@id\":\"https:\\\/\\\/bandelin.com\\\/shop\\\/sonorex-ultraschallbaeder\\\/sonorex-smart-st-ultraschallbaeder\\\/sonorex-smart-st-103-h-ultraschallbad-mit-heizung\\\/#breadcrumb\"},\"inLanguage\":\"es\",\"potentialAction\":[{\"@type\":\"ReadAction\",\"target\":[\"https:\\\/\\\/bandelin.com\\\/shop\\\/sonorex-ultraschallbaeder\\\/sonorex-smart-st-ultraschallbaeder\\\/sonorex-smart-st-103-h-ultraschallbad-mit-heizung\\\/\"]}]},{\"@type\":\"ImageObject\",\"inLanguage\":\"es\",\"@id\":\"https:\\\/\\\/bandelin.com\\\/shop\\\/sonorex-ultraschallbaeder\\\/sonorex-smart-st-ultraschallbaeder\\\/sonorex-smart-st-103-h-ultraschallbad-mit-heizung\\\/#primaryimage\",\"url\":\"https:\\\/\\\/bandelin.com\\\/wp-content\\\/uploads\\\/Produktfoto_ST_103_H-2-scaled.jpg\",\"contentUrl\":\"https:\\\/\\\/bandelin.com\\\/wp-content\\\/uploads\\\/Produktfoto_ST_103_H-2-scaled.jpg\",\"width\":2048,\"height\":2048,\"caption\":\"SONOREX smart ST 103 H Ultraschallbad mit Heizung Bild\"},{\"@type\":\"BreadcrumbList\",\"@id\":\"https:\\\/\\\/bandelin.com\\\/shop\\\/sonorex-ultraschallbaeder\\\/sonorex-smart-st-ultraschallbaeder\\\/sonorex-smart-st-103-h-ultraschallbad-mit-heizung\\\/#breadcrumb\",\"itemListElement\":[{\"@type\":\"ListItem\",\"position\":1,\"name\":\"Startseite\",\"item\":\"https:\\\/\\\/bandelin.com\\\/\"},{\"@type\":\"ListItem\",\"position\":2,\"name\":\"Shop\",\"item\":\"https:\\\/\\\/bandelin.com\\\/shop\\\/\"},{\"@type\":\"ListItem\",\"position\":3,\"name\":\"SONOREX smart ST 103 H Ultraschallbad mit Heizung\"}]},{\"@type\":\"WebSite\",\"@id\":\"https:\\\/\\\/bandelin.com\\\/#website\",\"url\":\"https:\\\/\\\/bandelin.com\\\/\",\"name\":\"BANDELIN electronic GmbH & Co. KG\",\"description\":\"Ultraschall seit 1955\",\"publisher\":{\"@id\":\"https:\\\/\\\/bandelin.com\\\/#organization\"},\"potentialAction\":[{\"@type\":\"SearchAction\",\"target\":{\"@type\":\"EntryPoint\",\"urlTemplate\":\"https:\\\/\\\/bandelin.com\\\/?s={search_term_string}\"},\"query-input\":{\"@type\":\"PropertyValueSpecification\",\"valueRequired\":true,\"valueName\":\"search_term_string\"}}],\"inLanguage\":\"es\"},{\"@type\":\"Organization\",\"@id\":\"https:\\\/\\\/bandelin.com\\\/#organization\",\"name\":\"BANDELIN electronic GmbH & Co. KG\",\"url\":\"https:\\\/\\\/bandelin.com\\\/\",\"logo\":{\"@type\":\"ImageObject\",\"inLanguage\":\"es\",\"@id\":\"https:\\\/\\\/bandelin.com\\\/#\\\/schema\\\/logo\\\/image\\\/\",\"url\":\"\",\"contentUrl\":\"\",\"caption\":\"BANDELIN electronic GmbH & Co. KG\"},\"image\":{\"@id\":\"https:\\\/\\\/bandelin.com\\\/#\\\/schema\\\/logo\\\/image\\\/\"},\"sameAs\":[\"https:\\\/\\\/de-de.facebook.com\\\/bandelin.electronic\\\/\",\"https:\\\/\\\/www.instagram.com\\\/bandelin_ultrasonic\\\/?hl=de\",\"https:\\\/\\\/www.linkedin.com\\\/company\\\/bandelin-electronic-gmbh-amp-co-kg\",\"https:\\\/\\\/www.youtube.com\\\/channel\\\/UC5wTNrNxkwMmX-WzysQqw3g\"]}]}<\/script>\n<!-- \/ Yoast SEO plugin. -->","yoast_head_json":{"title":"SONOREX smart ST 103 H Ba\u00f1o de ultrasonidos con calefacci\u00f3n | BANDELIN electronic GmbH &amp; Co. KG","description":"M\u00e1s informaci\u00f3n sobre SONOREX smart ST 103 H Ba\u00f1o de ultrasonidos con calefacci\u00f3n | Ba\u00f1os de ultrasonidos de alta calidad para la medicina y la industria de Bandelin Electronic desde 1955.","robots":{"index":"index","follow":"follow","max-snippet":"max-snippet:-1","max-image-preview":"max-image-preview:large","max-video-preview":"max-video-preview:-1"},"canonical":"https:\/\/bandelin.com\/es\/tienda\/banos-de-ultrasonidos-sonorex\/banos-de-ultrasonidos-sonorex-smart-st\/sonorex-smart-st-103-h-bano-de-ultrasonidos-con-calentador\/","og_locale":"es_ES","og_type":"article","og_title":"SONOREX smart ST 103 H Ultraschallbad mit Heizung | BANDELIN electronic GmbH &amp; Co. KG","og_description":"Informationen Sie sich \u00fcber SONOREX smart ST 103 H Ultraschallbad mit Heizung | Hochwertige Ultraschallb\u00e4der f\u00fcr Medizin und Industrie von Bandelin Electronic seit 1955.","og_url":"https:\/\/bandelin.com\/es\/tienda\/banos-de-ultrasonidos-sonorex\/banos-de-ultrasonidos-sonorex-smart-st\/sonorex-smart-st-103-h-bano-de-ultrasonidos-con-calentador\/","og_site_name":"BANDELIN electronic GmbH &amp; Co. KG","article_publisher":"https:\/\/de-de.facebook.com\/bandelin.electronic\/","article_modified_time":"2026-04-26T18:28:07+00:00","og_image":[{"width":2048,"height":2048,"url":"https:\/\/bandelin.com\/wp-content\/uploads\/Produktfoto_ST_103_H-2-scaled.jpg","type":"image\/jpeg"}],"twitter_card":"summary_large_image","twitter_misc":{"Tiempo de lectura":"1 minuto"},"schema":{"@context":"https:\/\/schema.org","@graph":[{"@type":"WebPage","@id":"https:\/\/bandelin.com\/shop\/sonorex-ultraschallbaeder\/sonorex-smart-st-ultraschallbaeder\/sonorex-smart-st-103-h-ultraschallbad-mit-heizung\/","url":"https:\/\/bandelin.com\/shop\/sonorex-ultraschallbaeder\/sonorex-smart-st-ultraschallbaeder\/sonorex-smart-st-103-h-ultraschallbad-mit-heizung\/","name":"SONOREX smart ST 103 H Ba\u00f1o de ultrasonidos con calefacci\u00f3n | BANDELIN electronic GmbH &amp; Co. KG","isPartOf":{"@id":"https:\/\/bandelin.com\/#website"},"primaryImageOfPage":{"@id":"https:\/\/bandelin.com\/shop\/sonorex-ultraschallbaeder\/sonorex-smart-st-ultraschallbaeder\/sonorex-smart-st-103-h-ultraschallbad-mit-heizung\/#primaryimage"},"image":{"@id":"https:\/\/bandelin.com\/shop\/sonorex-ultraschallbaeder\/sonorex-smart-st-ultraschallbaeder\/sonorex-smart-st-103-h-ultraschallbad-mit-heizung\/#primaryimage"},"thumbnailUrl":"https:\/\/bandelin.com\/wp-content\/uploads\/Produktfoto_ST_103_H-2-scaled.jpg","datePublished":"2026-03-31T19:49:58+00:00","dateModified":"2026-04-26T18:28:07+00:00","description":"M\u00e1s informaci\u00f3n sobre SONOREX smart ST 103 H Ba\u00f1o de ultrasonidos con calefacci\u00f3n | Ba\u00f1os de ultrasonidos de alta calidad para la medicina y la industria de Bandelin Electronic desde 1955.","breadcrumb":{"@id":"https:\/\/bandelin.com\/shop\/sonorex-ultraschallbaeder\/sonorex-smart-st-ultraschallbaeder\/sonorex-smart-st-103-h-ultraschallbad-mit-heizung\/#breadcrumb"},"inLanguage":"es","potentialAction":[{"@type":"ReadAction","target":["https:\/\/bandelin.com\/shop\/sonorex-ultraschallbaeder\/sonorex-smart-st-ultraschallbaeder\/sonorex-smart-st-103-h-ultraschallbad-mit-heizung\/"]}]},{"@type":"ImageObject","inLanguage":"es","@id":"https:\/\/bandelin.com\/shop\/sonorex-ultraschallbaeder\/sonorex-smart-st-ultraschallbaeder\/sonorex-smart-st-103-h-ultraschallbad-mit-heizung\/#primaryimage","url":"https:\/\/bandelin.com\/wp-content\/uploads\/Produktfoto_ST_103_H-2-scaled.jpg","contentUrl":"https:\/\/bandelin.com\/wp-content\/uploads\/Produktfoto_ST_103_H-2-scaled.jpg","width":2048,"height":2048,"caption":"SONOREX smart ST 103 H Ultraschallbad mit Heizung Bild"},{"@type":"BreadcrumbList","@id":"https:\/\/bandelin.com\/shop\/sonorex-ultraschallbaeder\/sonorex-smart-st-ultraschallbaeder\/sonorex-smart-st-103-h-ultraschallbad-mit-heizung\/#breadcrumb","itemListElement":[{"@type":"ListItem","position":1,"name":"Startseite","item":"https:\/\/bandelin.com\/"},{"@type":"ListItem","position":2,"name":"Shop","item":"https:\/\/bandelin.com\/shop\/"},{"@type":"ListItem","position":3,"name":"SONOREX smart ST 103 H Ultraschallbad mit Heizung"}]},{"@type":"WebSite","@id":"https:\/\/bandelin.com\/#website","url":"https:\/\/bandelin.com\/","name":"BANDELIN electronic GmbH &amp; Co. KG","description":"Ultrasonidos desde 1955","publisher":{"@id":"https:\/\/bandelin.com\/#organization"},"potentialAction":[{"@type":"SearchAction","target":{"@type":"EntryPoint","urlTemplate":"https:\/\/bandelin.com\/?s={search_term_string}"},"query-input":{"@type":"PropertyValueSpecification","valueRequired":true,"valueName":"search_term_string"}}],"inLanguage":"es"},{"@type":"Organization","@id":"https:\/\/bandelin.com\/#organization","name":"BANDELIN electronic GmbH &amp; Co. KG","url":"https:\/\/bandelin.com\/","logo":{"@type":"ImageObject","inLanguage":"es","@id":"https:\/\/bandelin.com\/#\/schema\/logo\/image\/","url":"","contentUrl":"","caption":"BANDELIN electronic GmbH & Co. KG"},"image":{"@id":"https:\/\/bandelin.com\/#\/schema\/logo\/image\/"},"sameAs":["https:\/\/de-de.facebook.com\/bandelin.electronic\/","https:\/\/www.instagram.com\/bandelin_ultrasonic\/?hl=de","https:\/\/www.linkedin.com\/company\/bandelin-electronic-gmbh-amp-co-kg","https:\/\/www.youtube.com\/channel\/UC5wTNrNxkwMmX-WzysQqw3g"]}]}},"_links":{"self":[{"href":"https:\/\/bandelin.com\/es\/wp-json\/wp\/v2\/product\/665062","targetHints":{"allow":["GET"]}}],"collection":[{"href":"https:\/\/bandelin.com\/es\/wp-json\/wp\/v2\/product"}],"about":[{"href":"https:\/\/bandelin.com\/es\/wp-json\/wp\/v2\/types\/product"}],"version-history":[{"count":2,"href":"https:\/\/bandelin.com\/es\/wp-json\/wp\/v2\/product\/665062\/revisions"}],"predecessor-version":[{"id":665064,"href":"https:\/\/bandelin.com\/es\/wp-json\/wp\/v2\/product\/665062\/revisions\/665064"}],"wp:featuredmedia":[{"embeddable":true,"href":"https:\/\/bandelin.com\/es\/wp-json\/wp\/v2\/media\/649072"}],"wp:attachment":[{"href":"https:\/\/bandelin.com\/es\/wp-json\/wp\/v2\/media?parent=665062"}],"wp:term":[{"taxonomy":"product_brand","embeddable":true,"href":"https:\/\/bandelin.com\/es\/wp-json\/wp\/v2\/product_brand?post=665062"},{"taxonomy":"product_cat","embeddable":true,"href":"https:\/\/bandelin.com\/es\/wp-json\/wp\/v2\/product_cat?post=665062"},{"taxonomy":"product_tag","embeddable":true,"href":"https:\/\/bandelin.com\/es\/wp-json\/wp\/v2\/product_tag?post=665062"}],"curies":[{"name":"wp","href":"https:\/\/api.w.org\/{rel}","templated":true}]}}