{"id":665740,"date":"2026-03-31T22:04:24","date_gmt":"2026-03-31T20:04:24","guid":{"rendered":"https:\/\/bandelin.com\/shop\/unkategorisiert\/sonorex-technik-zm-182-u-ultraschallbad-mit-ueberlauftasche-40-khz\/"},"modified":"2026-04-23T20:30:57","modified_gmt":"2026-04-23T18:30:57","slug":"sonorex-technik-zm-182-u-bano-de-ultrasonidos-con-rebosadero-bolsillo-40-khz","status":"publish","type":"product","link":"https:\/\/bandelin.com\/es\/shop\/sonorex-technik-ultraschallbaeder\/sonorex-technik-zm-ultraschallbaeder\/sonorex-technik-zm-182-u-ultraschallbad-mit-ueberlauftasche-40-khz\/","title":{"rendered":"SONOREX TECHNIK ZM 182 U Ba\u00f1o de ultrasonidos con bolsa de rebose, 40 kHz"},"content":{"rendered":"<p>Ba\u00f1o de limpieza por ultrasonidos de alto rendimiento con s\u00f3nico de suelo, sin calefacci\u00f3n para la industria, el servicio y el mantenimiento.<br \/>\n  El dep\u00f3sito oscilante soldado de acero inoxidable 1.4404 de 2 mm garantiza la m\u00e1xima durabilidad incluso con un uso intensivo.<br \/>\n  Su dise\u00f1o modular permite una gran variedad de configuraciones, desde tanques de limpieza individuales hasta l\u00edneas de limpieza completas.<br \/>\n  La bolsa de rebose integrada se utiliza para conectar un separador de aceite para separar las pel\u00edculas de aceite limpio de la soluci\u00f3n limpiadora.<\/p>\n<p>  - Tubo pulverizador para eliminar el aceite flotante de la superficie del l\u00edquido hacia la bolsa de rebose<br \/>\n  - Interruptor de nivel como protecci\u00f3n contra el funcionamiento en seco del calentador y el sensor ultras\u00f3nico<br \/>\n  - Pies ajustables en altura<\/p>\n<p>  Las esquinas redondeadas de los laterales y la base facilitan la limpieza de la ba\u00f1era. Se evita la acumulaci\u00f3n de suciedad.<br \/>\n  El montaje de los controles en la parte superior del tanque facilita el manejo de los interruptores ultras\u00f3nicos.<br \/>\n  El suelo inclinado de la cuba permite obtener mejores resultados de limpieza gracias a la dispersi\u00f3n optimizada del sonido. Se facilita el vaciado del dep\u00f3sito, se evita en gran medida la acumulaci\u00f3n de suciedad y de l\u00edquido residual en el suelo.<\/p>\n<p>  El dise\u00f1o en dos partes permite instalar el generador de ultrasonidos separado de la zona h\u00fameda.<br \/>\n  El generador de ultrasonidos est\u00e1 equipado con un control de potencia infinitamente variable, una interfaz en serie y una conexi\u00f3n de control remoto para el control y la supervisi\u00f3n externos.<br \/>\n  Se pueden poner en funcionamiento varias cubas de limpieza, incluso de frecuencias diferentes, con un solo generador de ultrasonidos.<\/p>\n<p>  Disponemos de cestas, tapas y concentrados de limpieza y desinfecci\u00f3n adecuados como accesorios para optimizar la limpieza por ultrasonidos.<\/p>","protected":false},"excerpt":{"rendered":"<p>Dimensiones interiores: 1000 x 500 x 400\/420 mm<\/p>","protected":false},"featured_media":649436,"template":"","meta":{"_acf_changed":false},"product_brand":[],"product_cat":[14261,12497],"product_tag":[12881,12897,14134,14633],"class_list":{"0":"post-665740","1":"product","2":"type-product","3":"status-publish","4":"has-post-thumbnail","6":"product_cat-sonorex-technik-zm-ultraschallbaeder","7":"product_cat-sonorex-technik-ultraschallbaeder","8":"product_tag-rundecken","9":"product_tag-zweiteilig","10":"product_tag-ultraschallbad","11":"product_tag-sonorex-technik-ultraschallbaeder-sonorex-technik-zm-ultraschallbaeder","12":"pa_ablauf-3-wege-kugelhahn-g-1-inkl-schlauch-und-schlauchtuellen-messing-galvanisch-beschichtet-an-der-linken-seite","13":"pa_arbeitsinhalt-l-14472","14":"pa_aussenmass-breite-mm-12921","15":"pa_aussenmass-hoehe-mm-12558","16":"pa_aussenmass-laenge-mm-12574","17":"pa_aussenmass-schwingw-b-mm-12931","18":"pa_aussenmass-schwingw-h-mm-12893","19":"pa_aussenmass-schwingw-l-mm-12930","20":"pa_bedienung-drehgriff","21":"pa_bestellnummer-12934","22":"pa_betriebsspannung-v-230-v--10-50-60-hz","23":"pa_form-der-wannenecken-abgerundet","24":"pa_fuellstandsmarkierung-12918","25":"pa_gehaeusematerial-edelstahl-1-4301","26":"pa_griffe-an-den-seiten-2","27":"pa_inhalt-l-14475","28":"pa_innenmass-b-mm-12392","29":"pa_innenmass-l-mm-12455","30":"pa_innenmass-t-mm-400-420","31":"pa_leistungseinstellung-10-100","32":"pa_netzkabel-3-m-fest-am-geraet-mit-schutzkontaktstecker-cee-7-7-typ-ef","33":"pa_schutzgrad-gehaeuse-ip-32-2","34":"pa_schutzgrad-schwingwanne-ip-32","35":"pa_schwingeranzahl-wannenboden-14819","36":"pa_spruehrohr-an-der-linken-seite","37":"pa_ueberlauf-kugelhahn-g-1-inkl-schlauchtuelle-messing-galvanisch-beschichtet-an-der-rechten-seite","38":"pa_ueberlauftasche-an-der-rechten-wannenseite-ablauf-g-1","39":"pa_ultraschall-frequenz-khz-40-2","40":"pa_ultraschall-nennleistung-w-12572","41":"pa_ultraschall-spitzenleistung-w-12571","42":"pa_verpackung-breite-mm-12345","43":"pa_verpackung-hoehe-mm-12474","44":"pa_verpackung-laenge-mm-1400-2","45":"pa_vol-bis-ueberlauft-l-14740","46":"pa_wannenboden-geneigt","47":"pa_wannenmaterial-edelstahl-1-4404","48":"pa_wannenstaerke-mm-14422","49":"pa_zeiteinstellung-min-1-15-dauerbetrieb","50":"pa_zulauf-3-wege-kugelhahn-g-1-inkl-schlauch-und-schlauchtuelle-1","52":"first","53":"onbackorder","54":"taxable","55":"shipping-taxable","56":"purchasable","57":"product-type-simple"},"acf":[],"yoast_head":"<!-- This site is optimized with the Yoast SEO plugin v27.4 - https:\/\/yoast.com\/product\/yoast-seo-wordpress\/ -->\n<title>SONOREX TECHNIK ZM 182 U Ultraschallbad mit \u00dcberlauftasche, 40 kHz | BANDELIN electronic GmbH &amp; Co. KG<\/title>\n<meta name=\"description\" content=\"Informationen Sie sich \u00fcber SONOREX TECHNIK ZM 182 U Ultraschallbad mit \u00dcberlauftasche, 40 kHz | Hochwertige Ultraschallb\u00e4der f\u00fcr Medizin und Industrie von Bandelin Electronic seit 1955.\" \/>\n<meta name=\"robots\" content=\"index, follow, max-snippet:-1, max-image-preview:large, max-video-preview:-1\" \/>\n<link rel=\"canonical\" href=\"https:\/\/bandelin.com\/es\/tienda\/banos-de-ultrasonidos-con-tecnologia-sonorex\/banos-de-ultrasonidos-sonorex-technology-zm\/sonorex-technik-zm-182-u-bano-de-ultrasonidos-con-rebosadero-bolsillo-40-khz\/\" \/>\n<meta property=\"og:locale\" content=\"es_ES\" \/>\n<meta property=\"og:type\" content=\"article\" \/>\n<meta property=\"og:title\" content=\"SONOREX TECHNIK ZM 182 U Ultraschallbad mit \u00dcberlauftasche, 40 kHz | BANDELIN electronic GmbH &amp; Co. KG\" \/>\n<meta property=\"og:description\" content=\"Informationen Sie sich \u00fcber SONOREX TECHNIK ZM 182 U Ultraschallbad mit \u00dcberlauftasche, 40 kHz | Hochwertige Ultraschallb\u00e4der f\u00fcr Medizin und Industrie von Bandelin Electronic seit 1955.\" \/>\n<meta property=\"og:url\" content=\"https:\/\/bandelin.com\/es\/tienda\/banos-de-ultrasonidos-con-tecnologia-sonorex\/banos-de-ultrasonidos-sonorex-technology-zm\/sonorex-technik-zm-182-u-bano-de-ultrasonidos-con-rebosadero-bolsillo-40-khz\/\" \/>\n<meta property=\"og:site_name\" content=\"BANDELIN electronic GmbH &amp; Co. KG\" \/>\n<meta property=\"article:publisher\" content=\"https:\/\/de-de.facebook.com\/bandelin.electronic\/\" \/>\n<meta property=\"article:modified_time\" content=\"2026-04-23T18:30:57+00:00\" \/>\n<meta property=\"og:image\" content=\"https:\/\/bandelin.com\/wp-content\/uploads\/Produktfoto_ZM_182_U-scaled.jpg\" \/>\n\t<meta property=\"og:image:width\" content=\"2048\" \/>\n\t<meta property=\"og:image:height\" content=\"2048\" \/>\n\t<meta property=\"og:image:type\" content=\"image\/jpeg\" \/>\n<meta name=\"twitter:card\" content=\"summary_large_image\" \/>\n<meta name=\"twitter:label1\" content=\"Tiempo de lectura\" \/>\n\t<meta name=\"twitter:data1\" content=\"1 minuto\" \/>\n<script type=\"application\/ld+json\" class=\"yoast-schema-graph\">{\"@context\":\"https:\\\/\\\/schema.org\",\"@graph\":[{\"@type\":\"WebPage\",\"@id\":\"https:\\\/\\\/bandelin.com\\\/shop\\\/sonorex-technik-ultraschallbaeder\\\/sonorex-technik-zm-ultraschallbaeder\\\/sonorex-technik-zm-182-u-ultraschallbad-mit-ueberlauftasche-40-khz\\\/\",\"url\":\"https:\\\/\\\/bandelin.com\\\/shop\\\/sonorex-technik-ultraschallbaeder\\\/sonorex-technik-zm-ultraschallbaeder\\\/sonorex-technik-zm-182-u-ultraschallbad-mit-ueberlauftasche-40-khz\\\/\",\"name\":\"SONOREX TECHNIK ZM 182 U Ultraschallbad mit \u00dcberlauftasche, 40 kHz | BANDELIN electronic GmbH &amp; Co. KG\",\"isPartOf\":{\"@id\":\"https:\\\/\\\/bandelin.com\\\/#website\"},\"primaryImageOfPage\":{\"@id\":\"https:\\\/\\\/bandelin.com\\\/shop\\\/sonorex-technik-ultraschallbaeder\\\/sonorex-technik-zm-ultraschallbaeder\\\/sonorex-technik-zm-182-u-ultraschallbad-mit-ueberlauftasche-40-khz\\\/#primaryimage\"},\"image\":{\"@id\":\"https:\\\/\\\/bandelin.com\\\/shop\\\/sonorex-technik-ultraschallbaeder\\\/sonorex-technik-zm-ultraschallbaeder\\\/sonorex-technik-zm-182-u-ultraschallbad-mit-ueberlauftasche-40-khz\\\/#primaryimage\"},\"thumbnailUrl\":\"https:\\\/\\\/bandelin.com\\\/wp-content\\\/uploads\\\/Produktfoto_ZM_182_U-scaled.jpg\",\"datePublished\":\"2026-03-31T20:04:24+00:00\",\"dateModified\":\"2026-04-23T18:30:57+00:00\",\"description\":\"Informationen Sie sich \u00fcber SONOREX TECHNIK ZM 182 U Ultraschallbad mit \u00dcberlauftasche, 40 kHz | Hochwertige Ultraschallb\u00e4der f\u00fcr Medizin und Industrie von Bandelin Electronic seit 1955.\",\"breadcrumb\":{\"@id\":\"https:\\\/\\\/bandelin.com\\\/shop\\\/sonorex-technik-ultraschallbaeder\\\/sonorex-technik-zm-ultraschallbaeder\\\/sonorex-technik-zm-182-u-ultraschallbad-mit-ueberlauftasche-40-khz\\\/#breadcrumb\"},\"inLanguage\":\"es\",\"potentialAction\":[{\"@type\":\"ReadAction\",\"target\":[\"https:\\\/\\\/bandelin.com\\\/shop\\\/sonorex-technik-ultraschallbaeder\\\/sonorex-technik-zm-ultraschallbaeder\\\/sonorex-technik-zm-182-u-ultraschallbad-mit-ueberlauftasche-40-khz\\\/\"]}]},{\"@type\":\"ImageObject\",\"inLanguage\":\"es\",\"@id\":\"https:\\\/\\\/bandelin.com\\\/shop\\\/sonorex-technik-ultraschallbaeder\\\/sonorex-technik-zm-ultraschallbaeder\\\/sonorex-technik-zm-182-u-ultraschallbad-mit-ueberlauftasche-40-khz\\\/#primaryimage\",\"url\":\"https:\\\/\\\/bandelin.com\\\/wp-content\\\/uploads\\\/Produktfoto_ZM_182_U-scaled.jpg\",\"contentUrl\":\"https:\\\/\\\/bandelin.com\\\/wp-content\\\/uploads\\\/Produktfoto_ZM_182_U-scaled.jpg\",\"width\":2048,\"height\":2048,\"caption\":\"SONOREX TECHNIK ZM 182 U Ultraschallbad mit \u00dcberlauftasche\"},{\"@type\":\"BreadcrumbList\",\"@id\":\"https:\\\/\\\/bandelin.com\\\/shop\\\/sonorex-technik-ultraschallbaeder\\\/sonorex-technik-zm-ultraschallbaeder\\\/sonorex-technik-zm-182-u-ultraschallbad-mit-ueberlauftasche-40-khz\\\/#breadcrumb\",\"itemListElement\":[{\"@type\":\"ListItem\",\"position\":1,\"name\":\"Startseite\",\"item\":\"https:\\\/\\\/bandelin.com\\\/\"},{\"@type\":\"ListItem\",\"position\":2,\"name\":\"Shop\",\"item\":\"https:\\\/\\\/bandelin.com\\\/shop\\\/\"},{\"@type\":\"ListItem\",\"position\":3,\"name\":\"SONOREX TECHNIK ZM 182 U Ultraschallbad mit \u00dcberlauftasche, 40 kHz\"}]},{\"@type\":\"WebSite\",\"@id\":\"https:\\\/\\\/bandelin.com\\\/#website\",\"url\":\"https:\\\/\\\/bandelin.com\\\/\",\"name\":\"BANDELIN electronic GmbH & Co. KG\",\"description\":\"Ultraschall seit 1955\",\"publisher\":{\"@id\":\"https:\\\/\\\/bandelin.com\\\/#organization\"},\"potentialAction\":[{\"@type\":\"SearchAction\",\"target\":{\"@type\":\"EntryPoint\",\"urlTemplate\":\"https:\\\/\\\/bandelin.com\\\/?s={search_term_string}\"},\"query-input\":{\"@type\":\"PropertyValueSpecification\",\"valueRequired\":true,\"valueName\":\"search_term_string\"}}],\"inLanguage\":\"es\"},{\"@type\":\"Organization\",\"@id\":\"https:\\\/\\\/bandelin.com\\\/#organization\",\"name\":\"BANDELIN electronic GmbH & Co. KG\",\"url\":\"https:\\\/\\\/bandelin.com\\\/\",\"logo\":{\"@type\":\"ImageObject\",\"inLanguage\":\"es\",\"@id\":\"https:\\\/\\\/bandelin.com\\\/#\\\/schema\\\/logo\\\/image\\\/\",\"url\":\"\",\"contentUrl\":\"\",\"caption\":\"BANDELIN electronic GmbH & Co. KG\"},\"image\":{\"@id\":\"https:\\\/\\\/bandelin.com\\\/#\\\/schema\\\/logo\\\/image\\\/\"},\"sameAs\":[\"https:\\\/\\\/de-de.facebook.com\\\/bandelin.electronic\\\/\",\"https:\\\/\\\/www.instagram.com\\\/bandelin_ultrasonic\\\/?hl=de\",\"https:\\\/\\\/www.linkedin.com\\\/company\\\/bandelin-electronic-gmbh-amp-co-kg\",\"https:\\\/\\\/www.youtube.com\\\/channel\\\/UC5wTNrNxkwMmX-WzysQqw3g\"]}]}<\/script>\n<!-- \/ Yoast SEO plugin. -->","yoast_head_json":{"title":"SONOREX TECHNIK ZM 182 U Ba\u00f1o de ultrasonidos con bolsa de rebose, 40 kHz | BANDELIN electronic GmbH &amp; Co. KG","description":"M\u00e1s informaci\u00f3n sobre SONOREX TECHNIK ZM 182 U ba\u00f1o de ultrasonidos con bolsa de rebose, 40 kHz | Ba\u00f1os de ultrasonidos de alta calidad para la medicina y la industria de Bandelin Electronic desde 1955.","robots":{"index":"index","follow":"follow","max-snippet":"max-snippet:-1","max-image-preview":"max-image-preview:large","max-video-preview":"max-video-preview:-1"},"canonical":"https:\/\/bandelin.com\/es\/tienda\/banos-de-ultrasonidos-con-tecnologia-sonorex\/banos-de-ultrasonidos-sonorex-technology-zm\/sonorex-technik-zm-182-u-bano-de-ultrasonidos-con-rebosadero-bolsillo-40-khz\/","og_locale":"es_ES","og_type":"article","og_title":"SONOREX TECHNIK ZM 182 U Ultraschallbad mit \u00dcberlauftasche, 40 kHz | BANDELIN electronic GmbH &amp; Co. KG","og_description":"Informationen Sie sich \u00fcber SONOREX TECHNIK ZM 182 U Ultraschallbad mit \u00dcberlauftasche, 40 kHz | Hochwertige Ultraschallb\u00e4der f\u00fcr Medizin und Industrie von Bandelin Electronic seit 1955.","og_url":"https:\/\/bandelin.com\/es\/tienda\/banos-de-ultrasonidos-con-tecnologia-sonorex\/banos-de-ultrasonidos-sonorex-technology-zm\/sonorex-technik-zm-182-u-bano-de-ultrasonidos-con-rebosadero-bolsillo-40-khz\/","og_site_name":"BANDELIN electronic GmbH &amp; Co. KG","article_publisher":"https:\/\/de-de.facebook.com\/bandelin.electronic\/","article_modified_time":"2026-04-23T18:30:57+00:00","og_image":[{"width":2048,"height":2048,"url":"https:\/\/bandelin.com\/wp-content\/uploads\/Produktfoto_ZM_182_U-scaled.jpg","type":"image\/jpeg"}],"twitter_card":"summary_large_image","twitter_misc":{"Tiempo de lectura":"1 minuto"},"schema":{"@context":"https:\/\/schema.org","@graph":[{"@type":"WebPage","@id":"https:\/\/bandelin.com\/shop\/sonorex-technik-ultraschallbaeder\/sonorex-technik-zm-ultraschallbaeder\/sonorex-technik-zm-182-u-ultraschallbad-mit-ueberlauftasche-40-khz\/","url":"https:\/\/bandelin.com\/shop\/sonorex-technik-ultraschallbaeder\/sonorex-technik-zm-ultraschallbaeder\/sonorex-technik-zm-182-u-ultraschallbad-mit-ueberlauftasche-40-khz\/","name":"SONOREX TECHNIK ZM 182 U Ba\u00f1o de ultrasonidos con bolsa de rebose, 40 kHz | BANDELIN electronic GmbH &amp; Co. KG","isPartOf":{"@id":"https:\/\/bandelin.com\/#website"},"primaryImageOfPage":{"@id":"https:\/\/bandelin.com\/shop\/sonorex-technik-ultraschallbaeder\/sonorex-technik-zm-ultraschallbaeder\/sonorex-technik-zm-182-u-ultraschallbad-mit-ueberlauftasche-40-khz\/#primaryimage"},"image":{"@id":"https:\/\/bandelin.com\/shop\/sonorex-technik-ultraschallbaeder\/sonorex-technik-zm-ultraschallbaeder\/sonorex-technik-zm-182-u-ultraschallbad-mit-ueberlauftasche-40-khz\/#primaryimage"},"thumbnailUrl":"https:\/\/bandelin.com\/wp-content\/uploads\/Produktfoto_ZM_182_U-scaled.jpg","datePublished":"2026-03-31T20:04:24+00:00","dateModified":"2026-04-23T18:30:57+00:00","description":"M\u00e1s informaci\u00f3n sobre SONOREX TECHNIK ZM 182 U ba\u00f1o de ultrasonidos con bolsa de rebose, 40 kHz | Ba\u00f1os de ultrasonidos de alta calidad para la medicina y la industria de Bandelin Electronic desde 1955.","breadcrumb":{"@id":"https:\/\/bandelin.com\/shop\/sonorex-technik-ultraschallbaeder\/sonorex-technik-zm-ultraschallbaeder\/sonorex-technik-zm-182-u-ultraschallbad-mit-ueberlauftasche-40-khz\/#breadcrumb"},"inLanguage":"es","potentialAction":[{"@type":"ReadAction","target":["https:\/\/bandelin.com\/shop\/sonorex-technik-ultraschallbaeder\/sonorex-technik-zm-ultraschallbaeder\/sonorex-technik-zm-182-u-ultraschallbad-mit-ueberlauftasche-40-khz\/"]}]},{"@type":"ImageObject","inLanguage":"es","@id":"https:\/\/bandelin.com\/shop\/sonorex-technik-ultraschallbaeder\/sonorex-technik-zm-ultraschallbaeder\/sonorex-technik-zm-182-u-ultraschallbad-mit-ueberlauftasche-40-khz\/#primaryimage","url":"https:\/\/bandelin.com\/wp-content\/uploads\/Produktfoto_ZM_182_U-scaled.jpg","contentUrl":"https:\/\/bandelin.com\/wp-content\/uploads\/Produktfoto_ZM_182_U-scaled.jpg","width":2048,"height":2048,"caption":"SONOREX TECHNIK ZM 182 U Ultraschallbad mit \u00dcberlauftasche"},{"@type":"BreadcrumbList","@id":"https:\/\/bandelin.com\/shop\/sonorex-technik-ultraschallbaeder\/sonorex-technik-zm-ultraschallbaeder\/sonorex-technik-zm-182-u-ultraschallbad-mit-ueberlauftasche-40-khz\/#breadcrumb","itemListElement":[{"@type":"ListItem","position":1,"name":"Startseite","item":"https:\/\/bandelin.com\/"},{"@type":"ListItem","position":2,"name":"Shop","item":"https:\/\/bandelin.com\/shop\/"},{"@type":"ListItem","position":3,"name":"SONOREX TECHNIK ZM 182 U Ultraschallbad mit \u00dcberlauftasche, 40 kHz"}]},{"@type":"WebSite","@id":"https:\/\/bandelin.com\/#website","url":"https:\/\/bandelin.com\/","name":"BANDELIN electronic GmbH &amp; Co. KG","description":"Ultrasonidos desde 1955","publisher":{"@id":"https:\/\/bandelin.com\/#organization"},"potentialAction":[{"@type":"SearchAction","target":{"@type":"EntryPoint","urlTemplate":"https:\/\/bandelin.com\/?s={search_term_string}"},"query-input":{"@type":"PropertyValueSpecification","valueRequired":true,"valueName":"search_term_string"}}],"inLanguage":"es"},{"@type":"Organization","@id":"https:\/\/bandelin.com\/#organization","name":"BANDELIN electronic GmbH &amp; Co. KG","url":"https:\/\/bandelin.com\/","logo":{"@type":"ImageObject","inLanguage":"es","@id":"https:\/\/bandelin.com\/#\/schema\/logo\/image\/","url":"","contentUrl":"","caption":"BANDELIN electronic GmbH & Co. KG"},"image":{"@id":"https:\/\/bandelin.com\/#\/schema\/logo\/image\/"},"sameAs":["https:\/\/de-de.facebook.com\/bandelin.electronic\/","https:\/\/www.instagram.com\/bandelin_ultrasonic\/?hl=de","https:\/\/www.linkedin.com\/company\/bandelin-electronic-gmbh-amp-co-kg","https:\/\/www.youtube.com\/channel\/UC5wTNrNxkwMmX-WzysQqw3g"]}]}},"_links":{"self":[{"href":"https:\/\/bandelin.com\/es\/wp-json\/wp\/v2\/product\/665740","targetHints":{"allow":["GET"]}}],"collection":[{"href":"https:\/\/bandelin.com\/es\/wp-json\/wp\/v2\/product"}],"about":[{"href":"https:\/\/bandelin.com\/es\/wp-json\/wp\/v2\/types\/product"}],"version-history":[{"count":2,"href":"https:\/\/bandelin.com\/es\/wp-json\/wp\/v2\/product\/665740\/revisions"}],"predecessor-version":[{"id":665742,"href":"https:\/\/bandelin.com\/es\/wp-json\/wp\/v2\/product\/665740\/revisions\/665742"}],"wp:featuredmedia":[{"embeddable":true,"href":"https:\/\/bandelin.com\/es\/wp-json\/wp\/v2\/media\/649436"}],"wp:attachment":[{"href":"https:\/\/bandelin.com\/es\/wp-json\/wp\/v2\/media?parent=665740"}],"wp:term":[{"taxonomy":"product_brand","embeddable":true,"href":"https:\/\/bandelin.com\/es\/wp-json\/wp\/v2\/product_brand?post=665740"},{"taxonomy":"product_cat","embeddable":true,"href":"https:\/\/bandelin.com\/es\/wp-json\/wp\/v2\/product_cat?post=665740"},{"taxonomy":"product_tag","embeddable":true,"href":"https:\/\/bandelin.com\/es\/wp-json\/wp\/v2\/product_tag?post=665740"}],"curies":[{"name":"wp","href":"https:\/\/api.w.org\/{rel}","templated":true}]}}