{"id":665838,"date":"2026-03-31T22:06:22","date_gmt":"2026-03-31T20:06:22","guid":{"rendered":"https:\/\/bandelin.com\/shop\/unkategorisiert\/sonorex-technik-vortex-wr-4-1402-02-wirbelreaktor-1400-w-25-khz\/"},"modified":"2026-04-30T20:29:22","modified_gmt":"2026-04-30T18:29:22","slug":"sonorex-technik-vortex-wr-4-1402-02-reactor-vortex-1400-w-25-khz","status":"publish","type":"product","link":"https:\/\/bandelin.com\/es\/shop\/sonorex-technik-ultraschall-reaktoren\/sonorex-technik-wr-wirbelreaktor\/sonorex-technik-vortex-wr-4-1402-02-wirbelreaktor-1400-w-25-khz\/","title":{"rendered":"SONOREX TECHNIK VORTEX WR 4-1402.02 Reactor v\u00f3rtex, 1400 W, 25 kHz"},"content":{"rendered":"<p>El flujo definido del medio l\u00edquido a sonicar a trav\u00e9s de una doble hendidura en el reactor de v\u00f3rtice BANDELIN garantiza una sonicaci\u00f3n homog\u00e9nea en la superficie interior del tubo del reactor, particularmente intensiva en cavitaci\u00f3n, y en el campo sonoro intensivo en la zona de la doble hendidura. La turbulencia adicional del medio a sonicar al entrar en el tubo del reactor mejora a\u00fan m\u00e1s la homogeneizaci\u00f3n. <\/p>\n<p>  El reactor vortex se utiliza para las siguientes aplicaciones:<\/p>\n<p>  - Intensificaci\u00f3n de procesos industriales, biotecnol\u00f3gicos y qu\u00edmicos en suspensi\u00f3n, emulsificaci\u00f3n, desaglomeraci\u00f3n, aceleraci\u00f3n de reacciones, desgasificaci\u00f3n<br \/>\n  - Desgasificaci\u00f3n intensiva de soluciones de tintes y coladas fotogr\u00e1ficas<br \/>\n  - Desgasificaci\u00f3n de CO2 a partir de reactivos acuosos<br \/>\n  - Apoyo a la desinfecci\u00f3n (acci\u00f3n bactericida) en el tratamiento del agua y las aguas residuales<br \/>\n  - Esterilizaci\u00f3n de ingredientes org\u00e1nicos en l\u00edquidos de enjuague industriales para su reutilizaci\u00f3n<br \/>\n  - Apoyo a la desinfecci\u00f3n del agua de recirculaci\u00f3n de piscifactor\u00edas contaminada con g\u00e9rmenes y par\u00e1sitos<br \/>\n  - Producci\u00f3n de pastas de pulido ultrafinas para la industria de obleas<br \/>\n  - Homogeneizaci\u00f3n de pigmentos colorantes en aceite (producci\u00f3n de color)<\/p>","protected":false},"excerpt":{"rendered":"<p>Die definierte Stromf\u00fchrung des zu beschallenden fl\u00fcssigen Mediums durch einen Doppelspalt im BANDELIN-Wirbelreaktor garantiert eine homogene Beschallung an der besonders kavitationsintensiven Innenfl\u00e4che des Reaktorrohres und in dem intensiven Schallfeld im Bereich des Doppelspaltes. Eine zus\u00e4tzliche Verwirbelung des zu beschallenden Mediums beim Eintritt in das Reaktorrohr verbessert die Homogenisierung zus\u00e4tzlich. Der Wirbelreaktor wird f\u00fcr folgende Einsatzzwecke [&hellip;]<\/p>\n","protected":false},"featured_media":649470,"template":"","meta":{"_acf_changed":false},"product_brand":[],"product_cat":[14260,14197],"product_tag":[14635],"class_list":{"0":"post-665838","1":"product","2":"type-product","3":"status-publish","4":"has-post-thumbnail","6":"product_cat-sonorex-technik-wr-wirbelreaktor","7":"product_cat-sonorex-technik-ultraschall-reaktoren","8":"product_tag-sonorex-technik-ultraschall-reaktoren-sonorex-technik-wr-wirbelreaktor","9":"pa_aussenmass-breite-mm-13017","10":"pa_aussenmass-hoehe-mm-13018","11":"pa_aussenmass-laenge-mm-13016","12":"pa_bestellnummer-13021","13":"pa_betriebsspannung-v-230-v--10-50-60-hz","14":"pa_durchflussrate-l-h-60-3000","15":"pa_einbaulaenge-cm-13013","16":"pa_leistungseinstellung-20-100","17":"pa_max-zul-druck-bar-12994","18":"pa_schutzgrad-gehaeuse-ip-22","19":"pa_ultraschall-frequenz-khz-12564","20":"pa_ultraschall-nennleistung-w-13015","21":"pa_ultraschall-spitzenleistung-w-14558","23":"first","24":"onbackorder","25":"taxable","26":"shipping-taxable","27":"purchasable","28":"product-type-simple"},"acf":[],"yoast_head":"<!-- This site is optimized with the Yoast SEO plugin v27.5 - https:\/\/yoast.com\/product\/yoast-seo-wordpress\/ -->\n<title>SONOREX TECHNIK VORTEX WR 4-1402.02 Wirbelreaktor, 1400 W, 25 kHz | BANDELIN electronic GmbH &amp; Co. KG<\/title>\n<meta name=\"description\" content=\"Informationen Sie sich \u00fcber SONOREX TECHNIK VORTEX WR 4-1402.02 Wirbelreaktor, 1400 W, 25 kHz | Hochwertige Ultraschallb\u00e4der f\u00fcr Medizin und Industrie von Bandelin Electronic seit 1955.\" \/>\n<meta name=\"robots\" content=\"index, follow, max-snippet:-1, max-image-preview:large, max-video-preview:-1\" \/>\n<link rel=\"canonical\" href=\"https:\/\/bandelin.com\/es\/tienda\/tecnologia-sonorex-reactores-ultrasonicos\/tecnologia-sonorex-reactor-wr-vortex\/sonorex-technik-vortex-wr-4-1402-02-reactor-vortex-1400-w-25-khz\/\" \/>\n<meta property=\"og:locale\" content=\"es_ES\" \/>\n<meta property=\"og:type\" content=\"article\" \/>\n<meta property=\"og:title\" content=\"SONOREX TECHNIK VORTEX WR 4-1402.02 Wirbelreaktor, 1400 W, 25 kHz | BANDELIN electronic GmbH &amp; Co. KG\" \/>\n<meta property=\"og:description\" content=\"Informationen Sie sich \u00fcber SONOREX TECHNIK VORTEX WR 4-1402.02 Wirbelreaktor, 1400 W, 25 kHz | Hochwertige Ultraschallb\u00e4der f\u00fcr Medizin und Industrie von Bandelin Electronic seit 1955.\" \/>\n<meta property=\"og:url\" content=\"https:\/\/bandelin.com\/es\/tienda\/tecnologia-sonorex-reactores-ultrasonicos\/tecnologia-sonorex-reactor-wr-vortex\/sonorex-technik-vortex-wr-4-1402-02-reactor-vortex-1400-w-25-khz\/\" \/>\n<meta property=\"og:site_name\" content=\"BANDELIN electronic GmbH &amp; Co. KG\" \/>\n<meta property=\"article:publisher\" content=\"https:\/\/de-de.facebook.com\/bandelin.electronic\/\" \/>\n<meta property=\"article:modified_time\" content=\"2026-04-30T18:29:22+00:00\" \/>\n<meta property=\"og:image\" content=\"https:\/\/bandelin.com\/wp-content\/uploads\/Produktfoto_WR-scaled.jpg\" \/>\n\t<meta property=\"og:image:width\" content=\"2048\" \/>\n\t<meta property=\"og:image:height\" content=\"2048\" \/>\n\t<meta property=\"og:image:type\" content=\"image\/jpeg\" \/>\n<meta name=\"twitter:card\" content=\"summary_large_image\" \/>\n<meta name=\"twitter:label1\" content=\"Tiempo de lectura\" \/>\n\t<meta name=\"twitter:data1\" content=\"1 minuto\" \/>\n<script type=\"application\/ld+json\" class=\"yoast-schema-graph\">{\"@context\":\"https:\\\/\\\/schema.org\",\"@graph\":[{\"@type\":\"WebPage\",\"@id\":\"https:\\\/\\\/bandelin.com\\\/shop\\\/sonorex-technik-ultraschall-reaktoren\\\/sonorex-technik-wr-wirbelreaktor\\\/sonorex-technik-vortex-wr-4-1402-02-wirbelreaktor-1400-w-25-khz\\\/\",\"url\":\"https:\\\/\\\/bandelin.com\\\/shop\\\/sonorex-technik-ultraschall-reaktoren\\\/sonorex-technik-wr-wirbelreaktor\\\/sonorex-technik-vortex-wr-4-1402-02-wirbelreaktor-1400-w-25-khz\\\/\",\"name\":\"SONOREX TECHNIK VORTEX WR 4-1402.02 Wirbelreaktor, 1400 W, 25 kHz | BANDELIN electronic GmbH &amp; Co. KG\",\"isPartOf\":{\"@id\":\"https:\\\/\\\/bandelin.com\\\/#website\"},\"primaryImageOfPage\":{\"@id\":\"https:\\\/\\\/bandelin.com\\\/shop\\\/sonorex-technik-ultraschall-reaktoren\\\/sonorex-technik-wr-wirbelreaktor\\\/sonorex-technik-vortex-wr-4-1402-02-wirbelreaktor-1400-w-25-khz\\\/#primaryimage\"},\"image\":{\"@id\":\"https:\\\/\\\/bandelin.com\\\/shop\\\/sonorex-technik-ultraschall-reaktoren\\\/sonorex-technik-wr-wirbelreaktor\\\/sonorex-technik-vortex-wr-4-1402-02-wirbelreaktor-1400-w-25-khz\\\/#primaryimage\"},\"thumbnailUrl\":\"https:\\\/\\\/bandelin.com\\\/wp-content\\\/uploads\\\/Produktfoto_WR-scaled.jpg\",\"datePublished\":\"2026-03-31T20:06:22+00:00\",\"dateModified\":\"2026-04-30T18:29:22+00:00\",\"description\":\"Informationen Sie sich \u00fcber SONOREX TECHNIK VORTEX WR 4-1402.02 Wirbelreaktor, 1400 W, 25 kHz | Hochwertige Ultraschallb\u00e4der f\u00fcr Medizin und Industrie von Bandelin Electronic seit 1955.\",\"breadcrumb\":{\"@id\":\"https:\\\/\\\/bandelin.com\\\/shop\\\/sonorex-technik-ultraschall-reaktoren\\\/sonorex-technik-wr-wirbelreaktor\\\/sonorex-technik-vortex-wr-4-1402-02-wirbelreaktor-1400-w-25-khz\\\/#breadcrumb\"},\"inLanguage\":\"es\",\"potentialAction\":[{\"@type\":\"ReadAction\",\"target\":[\"https:\\\/\\\/bandelin.com\\\/shop\\\/sonorex-technik-ultraschall-reaktoren\\\/sonorex-technik-wr-wirbelreaktor\\\/sonorex-technik-vortex-wr-4-1402-02-wirbelreaktor-1400-w-25-khz\\\/\"]}]},{\"@type\":\"ImageObject\",\"inLanguage\":\"es\",\"@id\":\"https:\\\/\\\/bandelin.com\\\/shop\\\/sonorex-technik-ultraschall-reaktoren\\\/sonorex-technik-wr-wirbelreaktor\\\/sonorex-technik-vortex-wr-4-1402-02-wirbelreaktor-1400-w-25-khz\\\/#primaryimage\",\"url\":\"https:\\\/\\\/bandelin.com\\\/wp-content\\\/uploads\\\/Produktfoto_WR-scaled.jpg\",\"contentUrl\":\"https:\\\/\\\/bandelin.com\\\/wp-content\\\/uploads\\\/Produktfoto_WR-scaled.jpg\",\"width\":2048,\"height\":2048,\"caption\":\"SONOREX TECHNIK VORTEX WR 4-1604.04 Wirbelreaktor\"},{\"@type\":\"BreadcrumbList\",\"@id\":\"https:\\\/\\\/bandelin.com\\\/shop\\\/sonorex-technik-ultraschall-reaktoren\\\/sonorex-technik-wr-wirbelreaktor\\\/sonorex-technik-vortex-wr-4-1402-02-wirbelreaktor-1400-w-25-khz\\\/#breadcrumb\",\"itemListElement\":[{\"@type\":\"ListItem\",\"position\":1,\"name\":\"Startseite\",\"item\":\"https:\\\/\\\/bandelin.com\\\/\"},{\"@type\":\"ListItem\",\"position\":2,\"name\":\"Shop\",\"item\":\"https:\\\/\\\/bandelin.com\\\/shop\\\/\"},{\"@type\":\"ListItem\",\"position\":3,\"name\":\"SONOREX TECHNIK VORTEX WR 4-1402.02 Wirbelreaktor, 1400 W, 25 kHz\"}]},{\"@type\":\"WebSite\",\"@id\":\"https:\\\/\\\/bandelin.com\\\/#website\",\"url\":\"https:\\\/\\\/bandelin.com\\\/\",\"name\":\"BANDELIN electronic GmbH & Co. KG\",\"description\":\"Ultraschall seit 1955\",\"publisher\":{\"@id\":\"https:\\\/\\\/bandelin.com\\\/#organization\"},\"potentialAction\":[{\"@type\":\"SearchAction\",\"target\":{\"@type\":\"EntryPoint\",\"urlTemplate\":\"https:\\\/\\\/bandelin.com\\\/?s={search_term_string}\"},\"query-input\":{\"@type\":\"PropertyValueSpecification\",\"valueRequired\":true,\"valueName\":\"search_term_string\"}}],\"inLanguage\":\"es\"},{\"@type\":\"Organization\",\"@id\":\"https:\\\/\\\/bandelin.com\\\/#organization\",\"name\":\"BANDELIN electronic GmbH & Co. KG\",\"url\":\"https:\\\/\\\/bandelin.com\\\/\",\"logo\":{\"@type\":\"ImageObject\",\"inLanguage\":\"es\",\"@id\":\"https:\\\/\\\/bandelin.com\\\/#\\\/schema\\\/logo\\\/image\\\/\",\"url\":\"\",\"contentUrl\":\"\",\"caption\":\"BANDELIN electronic GmbH & Co. KG\"},\"image\":{\"@id\":\"https:\\\/\\\/bandelin.com\\\/#\\\/schema\\\/logo\\\/image\\\/\"},\"sameAs\":[\"https:\\\/\\\/de-de.facebook.com\\\/bandelin.electronic\\\/\",\"https:\\\/\\\/www.instagram.com\\\/bandelin_ultrasonic\\\/?hl=de\",\"https:\\\/\\\/www.linkedin.com\\\/company\\\/bandelin-electronic-gmbh-amp-co-kg\",\"https:\\\/\\\/www.youtube.com\\\/channel\\\/UC5wTNrNxkwMmX-WzysQqw3g\"]}]}<\/script>\n<!-- \/ Yoast SEO plugin. -->","yoast_head_json":{"title":"SONOREX TECHNIK VORTEX WR 4-1402.02 Reactor vortex, 1400 W, 25 kHz | BANDELIN electronic GmbH &amp; Co. KG","description":"M\u00e1s informaci\u00f3n sobre SONOREX TECHNIK VORTEX WR 4-1402.02 Reactor vortex, 1400 W, 25 kHz | Ba\u00f1os ultras\u00f3nicos de alta calidad para medicina e industria de Bandelin Electronic desde 1955.","robots":{"index":"index","follow":"follow","max-snippet":"max-snippet:-1","max-image-preview":"max-image-preview:large","max-video-preview":"max-video-preview:-1"},"canonical":"https:\/\/bandelin.com\/es\/tienda\/tecnologia-sonorex-reactores-ultrasonicos\/tecnologia-sonorex-reactor-wr-vortex\/sonorex-technik-vortex-wr-4-1402-02-reactor-vortex-1400-w-25-khz\/","og_locale":"es_ES","og_type":"article","og_title":"SONOREX TECHNIK VORTEX WR 4-1402.02 Wirbelreaktor, 1400 W, 25 kHz | BANDELIN electronic GmbH &amp; Co. KG","og_description":"Informationen Sie sich \u00fcber SONOREX TECHNIK VORTEX WR 4-1402.02 Wirbelreaktor, 1400 W, 25 kHz | Hochwertige Ultraschallb\u00e4der f\u00fcr Medizin und Industrie von Bandelin Electronic seit 1955.","og_url":"https:\/\/bandelin.com\/es\/tienda\/tecnologia-sonorex-reactores-ultrasonicos\/tecnologia-sonorex-reactor-wr-vortex\/sonorex-technik-vortex-wr-4-1402-02-reactor-vortex-1400-w-25-khz\/","og_site_name":"BANDELIN electronic GmbH &amp; Co. KG","article_publisher":"https:\/\/de-de.facebook.com\/bandelin.electronic\/","article_modified_time":"2026-04-30T18:29:22+00:00","og_image":[{"width":2048,"height":2048,"url":"https:\/\/bandelin.com\/wp-content\/uploads\/Produktfoto_WR-scaled.jpg","type":"image\/jpeg"}],"twitter_card":"summary_large_image","twitter_misc":{"Tiempo de lectura":"1 minuto"},"schema":{"@context":"https:\/\/schema.org","@graph":[{"@type":"WebPage","@id":"https:\/\/bandelin.com\/shop\/sonorex-technik-ultraschall-reaktoren\/sonorex-technik-wr-wirbelreaktor\/sonorex-technik-vortex-wr-4-1402-02-wirbelreaktor-1400-w-25-khz\/","url":"https:\/\/bandelin.com\/shop\/sonorex-technik-ultraschall-reaktoren\/sonorex-technik-wr-wirbelreaktor\/sonorex-technik-vortex-wr-4-1402-02-wirbelreaktor-1400-w-25-khz\/","name":"SONOREX TECHNIK VORTEX WR 4-1402.02 Reactor vortex, 1400 W, 25 kHz | BANDELIN electronic GmbH &amp; Co. KG","isPartOf":{"@id":"https:\/\/bandelin.com\/#website"},"primaryImageOfPage":{"@id":"https:\/\/bandelin.com\/shop\/sonorex-technik-ultraschall-reaktoren\/sonorex-technik-wr-wirbelreaktor\/sonorex-technik-vortex-wr-4-1402-02-wirbelreaktor-1400-w-25-khz\/#primaryimage"},"image":{"@id":"https:\/\/bandelin.com\/shop\/sonorex-technik-ultraschall-reaktoren\/sonorex-technik-wr-wirbelreaktor\/sonorex-technik-vortex-wr-4-1402-02-wirbelreaktor-1400-w-25-khz\/#primaryimage"},"thumbnailUrl":"https:\/\/bandelin.com\/wp-content\/uploads\/Produktfoto_WR-scaled.jpg","datePublished":"2026-03-31T20:06:22+00:00","dateModified":"2026-04-30T18:29:22+00:00","description":"M\u00e1s informaci\u00f3n sobre SONOREX TECHNIK VORTEX WR 4-1402.02 Reactor vortex, 1400 W, 25 kHz | Ba\u00f1os ultras\u00f3nicos de alta calidad para medicina e industria de Bandelin Electronic desde 1955.","breadcrumb":{"@id":"https:\/\/bandelin.com\/shop\/sonorex-technik-ultraschall-reaktoren\/sonorex-technik-wr-wirbelreaktor\/sonorex-technik-vortex-wr-4-1402-02-wirbelreaktor-1400-w-25-khz\/#breadcrumb"},"inLanguage":"es","potentialAction":[{"@type":"ReadAction","target":["https:\/\/bandelin.com\/shop\/sonorex-technik-ultraschall-reaktoren\/sonorex-technik-wr-wirbelreaktor\/sonorex-technik-vortex-wr-4-1402-02-wirbelreaktor-1400-w-25-khz\/"]}]},{"@type":"ImageObject","inLanguage":"es","@id":"https:\/\/bandelin.com\/shop\/sonorex-technik-ultraschall-reaktoren\/sonorex-technik-wr-wirbelreaktor\/sonorex-technik-vortex-wr-4-1402-02-wirbelreaktor-1400-w-25-khz\/#primaryimage","url":"https:\/\/bandelin.com\/wp-content\/uploads\/Produktfoto_WR-scaled.jpg","contentUrl":"https:\/\/bandelin.com\/wp-content\/uploads\/Produktfoto_WR-scaled.jpg","width":2048,"height":2048,"caption":"SONOREX TECHNIK VORTEX WR 4-1604.04 Wirbelreaktor"},{"@type":"BreadcrumbList","@id":"https:\/\/bandelin.com\/shop\/sonorex-technik-ultraschall-reaktoren\/sonorex-technik-wr-wirbelreaktor\/sonorex-technik-vortex-wr-4-1402-02-wirbelreaktor-1400-w-25-khz\/#breadcrumb","itemListElement":[{"@type":"ListItem","position":1,"name":"Startseite","item":"https:\/\/bandelin.com\/"},{"@type":"ListItem","position":2,"name":"Shop","item":"https:\/\/bandelin.com\/shop\/"},{"@type":"ListItem","position":3,"name":"SONOREX TECHNIK VORTEX WR 4-1402.02 Wirbelreaktor, 1400 W, 25 kHz"}]},{"@type":"WebSite","@id":"https:\/\/bandelin.com\/#website","url":"https:\/\/bandelin.com\/","name":"BANDELIN electronic GmbH &amp; Co. KG","description":"Ultrasonidos desde 1955","publisher":{"@id":"https:\/\/bandelin.com\/#organization"},"potentialAction":[{"@type":"SearchAction","target":{"@type":"EntryPoint","urlTemplate":"https:\/\/bandelin.com\/?s={search_term_string}"},"query-input":{"@type":"PropertyValueSpecification","valueRequired":true,"valueName":"search_term_string"}}],"inLanguage":"es"},{"@type":"Organization","@id":"https:\/\/bandelin.com\/#organization","name":"BANDELIN electronic GmbH &amp; Co. KG","url":"https:\/\/bandelin.com\/","logo":{"@type":"ImageObject","inLanguage":"es","@id":"https:\/\/bandelin.com\/#\/schema\/logo\/image\/","url":"","contentUrl":"","caption":"BANDELIN electronic GmbH & Co. KG"},"image":{"@id":"https:\/\/bandelin.com\/#\/schema\/logo\/image\/"},"sameAs":["https:\/\/de-de.facebook.com\/bandelin.electronic\/","https:\/\/www.instagram.com\/bandelin_ultrasonic\/?hl=de","https:\/\/www.linkedin.com\/company\/bandelin-electronic-gmbh-amp-co-kg","https:\/\/www.youtube.com\/channel\/UC5wTNrNxkwMmX-WzysQqw3g"]}]}},"_links":{"self":[{"href":"https:\/\/bandelin.com\/es\/wp-json\/wp\/v2\/product\/665838","targetHints":{"allow":["GET"]}}],"collection":[{"href":"https:\/\/bandelin.com\/es\/wp-json\/wp\/v2\/product"}],"about":[{"href":"https:\/\/bandelin.com\/es\/wp-json\/wp\/v2\/types\/product"}],"version-history":[{"count":1,"href":"https:\/\/bandelin.com\/es\/wp-json\/wp\/v2\/product\/665838\/revisions"}],"predecessor-version":[{"id":665839,"href":"https:\/\/bandelin.com\/es\/wp-json\/wp\/v2\/product\/665838\/revisions\/665839"}],"wp:featuredmedia":[{"embeddable":true,"href":"https:\/\/bandelin.com\/es\/wp-json\/wp\/v2\/media\/649470"}],"wp:attachment":[{"href":"https:\/\/bandelin.com\/es\/wp-json\/wp\/v2\/media?parent=665838"}],"wp:term":[{"taxonomy":"product_brand","embeddable":true,"href":"https:\/\/bandelin.com\/es\/wp-json\/wp\/v2\/product_brand?post=665838"},{"taxonomy":"product_cat","embeddable":true,"href":"https:\/\/bandelin.com\/es\/wp-json\/wp\/v2\/product_cat?post=665838"},{"taxonomy":"product_tag","embeddable":true,"href":"https:\/\/bandelin.com\/es\/wp-json\/wp\/v2\/product_tag?post=665838"}],"curies":[{"name":"wp","href":"https:\/\/api.w.org\/{rel}","templated":true}]}}