{"id":665905,"date":"2026-03-31T22:07:58","date_gmt":"2026-03-31T20:07:58","guid":{"rendered":"https:\/\/bandelin.com\/shop\/unkategorisiert\/sonopuls-hd-4400-ultraschallhomogenisator\/"},"modified":"2026-04-28T02:55:24","modified_gmt":"2026-04-28T00:55:24","slug":"homogeneizador-ultrasonico-sonopuls-hd-4400","status":"publish","type":"product","link":"https:\/\/bandelin.com\/es\/shop\/sonopuls-ultraschall-homogenisatoren\/sonopuls-hd-4000-ultraschall-homogenisatoren\/sonopuls-hd-4400-ultraschallhomogenisator\/","title":{"rendered":"Homogeneizador ultras\u00f3nico SONOPULS HD 4400"},"content":{"rendered":"<p>Homogeneizador ultras\u00f3nico para vol\u00famenes de 100 - 3000 ml<\/p>\n<p>  Equipo b\u00e1sico listo para usar para vol\u00famenes de 500 ml a 2000 ml compuesto por<br \/>\n  - Generador de ultrasonidos GM 4400<br \/>\n  - Transductor ultras\u00f3nico UW 400<br \/>\n  - Bocina escalonada SH 400 G<br \/>\n  - Sonotrodo de titanio TS 425, \u00d8 25 mm<br \/>\n  - Incluye herramientas para montar las sondas<\/p>\n<p>  Homogeneizadores SONOPULS con control de amplitud de 10 a 100 % y visualizaci\u00f3n del valor real, pulsaci\u00f3n, circuito AMPLICHRON\u00ae (garantiza una amplitud constante independientemente de las condiciones cambiantes), temporizador integrado, mando a distancia. <\/p>\n<p>  \u00c1mbitos de aplicaci\u00f3n<br \/>\n  - Alteraci\u00f3n de c\u00e9lulas, bacterias, virus, tejidos (alteraci\u00f3n celular)<br \/>\n  - Producci\u00f3n de las emulsiones m\u00e1s finas<br \/>\n  - Homogeneizaci\u00f3n de sustancias<br \/>\n  - Desgasificaci\u00f3n de l\u00edquidos<br \/>\n  - Preparaci\u00f3n de la muestra para el an\u00e1lisis granulom\u00e9trico<br \/>\n  - Aceleraci\u00f3n de las reacciones qu\u00edmicas<\/p>","protected":false},"excerpt":{"rendered":"<p>Betriebsfertiges Set f\u00fcr Volumina von 500 &#8211; 2000 ml mit einer Ultraschall-Nennleistung von max. 400 W.<\/p>","protected":false},"featured_media":649549,"template":"","meta":{"_acf_changed":false},"product_brand":[],"product_cat":[14230,11669],"product_tag":[14638,14136],"class_list":{"0":"post-665905","1":"product","2":"type-product","3":"status-publish","4":"has-post-thumbnail","6":"product_cat-sonopuls-hd-4000-ultraschall-homogenisatoren","7":"product_cat-sonopuls-ultraschall-homogenisatoren","8":"product_tag-sonopuls-ultraschall-homogenisatoren-sonopuls-hd-4000-ultraschall-homogenisatoren","9":"product_tag-homogenisator","10":"pa_anschluss-stufenhorn-m-16-2","11":"pa_aussenmass-breite-mm-220-2","12":"pa_aussenmass-hoehe-mm-335-2","13":"pa_aussenmass-laenge-mm-150-2","14":"pa_beschallungsvolumen-l-500-2000-2","15":"pa_bestellnummer-4400-2","16":"pa_betriebsfertiges-set-ja","17":"pa_betriebsspannung-v-230-v--10-50-60-hz","18":"pa_energieanzeige-in-kj-2","19":"pa_pulsationszeiten-arbeitsintervalle-02-600-s-ruheintervalle-03-600-s","20":"pa_sonotrodendurchmesser-mm-25-2","21":"pa_sonotrodenlaenge-mm-130-2","22":"pa_ultraschall-frequenz-khz-20-2","23":"pa_ultraschall-nennleistung-w-400-2","24":"pa_verpackung-breite-mm-255-2","25":"pa_verpackung-hoehe-mm-315-2","26":"pa_verpackung-laenge-mm-355-3","27":"pa_zeiteinstellung-min-99-h-59-min-59-s-oder-dauerbetrieb-2","29":"first","30":"instock","31":"taxable","32":"shipping-taxable","33":"purchasable","34":"product-type-simple"},"acf":[],"yoast_head":"<!-- This site is optimized with the Yoast SEO plugin v27.4 - https:\/\/yoast.com\/product\/yoast-seo-wordpress\/ -->\n<title>SONOPULS HD 4400 Ultraschallhomogenisator | BANDELIN electronic GmbH &amp; Co. KG<\/title>\n<meta name=\"description\" content=\"Informationen Sie sich \u00fcber SONOPULS HD 4400 Ultraschallhomogenisator | Hochwertige Ultraschallb\u00e4der f\u00fcr Medizin und Industrie von Bandelin Electronic seit 1955.\" \/>\n<meta name=\"robots\" content=\"index, follow, max-snippet:-1, max-image-preview:large, max-video-preview:-1\" \/>\n<link rel=\"canonical\" href=\"https:\/\/bandelin.com\/es\/tienda\/homogeneizadores-ultrasonicos-sonopuls-2\/homogeneizadores-ultrasonicos-sonopuls-hd-4000\/homogeneizador-ultrasonico-sonopuls-hd-4400\/\" \/>\n<meta property=\"og:locale\" content=\"es_ES\" \/>\n<meta property=\"og:type\" content=\"article\" \/>\n<meta property=\"og:title\" content=\"SONOPULS HD 4400 Ultraschallhomogenisator | BANDELIN electronic GmbH &amp; Co. KG\" \/>\n<meta property=\"og:description\" content=\"Informationen Sie sich \u00fcber SONOPULS HD 4400 Ultraschallhomogenisator | Hochwertige Ultraschallb\u00e4der f\u00fcr Medizin und Industrie von Bandelin Electronic seit 1955.\" \/>\n<meta property=\"og:url\" content=\"https:\/\/bandelin.com\/es\/tienda\/homogeneizadores-ultrasonicos-sonopuls-2\/homogeneizadores-ultrasonicos-sonopuls-hd-4000\/homogeneizador-ultrasonico-sonopuls-hd-4400\/\" \/>\n<meta property=\"og:site_name\" content=\"BANDELIN electronic GmbH &amp; Co. KG\" \/>\n<meta property=\"article:publisher\" content=\"https:\/\/de-de.facebook.com\/bandelin.electronic\/\" \/>\n<meta property=\"article:modified_time\" content=\"2026-04-28T00:55:24+00:00\" \/>\n<meta property=\"og:image\" content=\"https:\/\/bandelin.com\/wp-content\/uploads\/Produktfoto_HD_4400-scaled.jpg\" \/>\n\t<meta property=\"og:image:width\" content=\"2048\" \/>\n\t<meta property=\"og:image:height\" content=\"2048\" \/>\n\t<meta property=\"og:image:type\" content=\"image\/jpeg\" \/>\n<meta name=\"twitter:card\" content=\"summary_large_image\" \/>\n<script type=\"application\/ld+json\" class=\"yoast-schema-graph\">{\"@context\":\"https:\\\/\\\/schema.org\",\"@graph\":[{\"@type\":\"WebPage\",\"@id\":\"https:\\\/\\\/bandelin.com\\\/shop\\\/sonopuls-ultraschall-homogenisatoren\\\/sonopuls-hd-4000-ultraschall-homogenisatoren\\\/sonopuls-hd-4400-ultraschallhomogenisator\\\/\",\"url\":\"https:\\\/\\\/bandelin.com\\\/shop\\\/sonopuls-ultraschall-homogenisatoren\\\/sonopuls-hd-4000-ultraschall-homogenisatoren\\\/sonopuls-hd-4400-ultraschallhomogenisator\\\/\",\"name\":\"SONOPULS HD 4400 Ultraschallhomogenisator | BANDELIN electronic GmbH &amp; Co. KG\",\"isPartOf\":{\"@id\":\"https:\\\/\\\/bandelin.com\\\/#website\"},\"primaryImageOfPage\":{\"@id\":\"https:\\\/\\\/bandelin.com\\\/shop\\\/sonopuls-ultraschall-homogenisatoren\\\/sonopuls-hd-4000-ultraschall-homogenisatoren\\\/sonopuls-hd-4400-ultraschallhomogenisator\\\/#primaryimage\"},\"image\":{\"@id\":\"https:\\\/\\\/bandelin.com\\\/shop\\\/sonopuls-ultraschall-homogenisatoren\\\/sonopuls-hd-4000-ultraschall-homogenisatoren\\\/sonopuls-hd-4400-ultraschallhomogenisator\\\/#primaryimage\"},\"thumbnailUrl\":\"https:\\\/\\\/bandelin.com\\\/wp-content\\\/uploads\\\/Produktfoto_HD_4400-scaled.jpg\",\"datePublished\":\"2026-03-31T20:07:58+00:00\",\"dateModified\":\"2026-04-28T00:55:24+00:00\",\"description\":\"Informationen Sie sich \u00fcber SONOPULS HD 4400 Ultraschallhomogenisator | Hochwertige Ultraschallb\u00e4der f\u00fcr Medizin und Industrie von Bandelin Electronic seit 1955.\",\"breadcrumb\":{\"@id\":\"https:\\\/\\\/bandelin.com\\\/shop\\\/sonopuls-ultraschall-homogenisatoren\\\/sonopuls-hd-4000-ultraschall-homogenisatoren\\\/sonopuls-hd-4400-ultraschallhomogenisator\\\/#breadcrumb\"},\"inLanguage\":\"es\",\"potentialAction\":[{\"@type\":\"ReadAction\",\"target\":[\"https:\\\/\\\/bandelin.com\\\/shop\\\/sonopuls-ultraschall-homogenisatoren\\\/sonopuls-hd-4000-ultraschall-homogenisatoren\\\/sonopuls-hd-4400-ultraschallhomogenisator\\\/\"]}]},{\"@type\":\"ImageObject\",\"inLanguage\":\"es\",\"@id\":\"https:\\\/\\\/bandelin.com\\\/shop\\\/sonopuls-ultraschall-homogenisatoren\\\/sonopuls-hd-4000-ultraschall-homogenisatoren\\\/sonopuls-hd-4400-ultraschallhomogenisator\\\/#primaryimage\",\"url\":\"https:\\\/\\\/bandelin.com\\\/wp-content\\\/uploads\\\/Produktfoto_HD_4400-scaled.jpg\",\"contentUrl\":\"https:\\\/\\\/bandelin.com\\\/wp-content\\\/uploads\\\/Produktfoto_HD_4400-scaled.jpg\",\"width\":2048,\"height\":2048,\"caption\":\"SONOPULS HD 4400 Ultraschallhomogenisator Bild\"},{\"@type\":\"BreadcrumbList\",\"@id\":\"https:\\\/\\\/bandelin.com\\\/shop\\\/sonopuls-ultraschall-homogenisatoren\\\/sonopuls-hd-4000-ultraschall-homogenisatoren\\\/sonopuls-hd-4400-ultraschallhomogenisator\\\/#breadcrumb\",\"itemListElement\":[{\"@type\":\"ListItem\",\"position\":1,\"name\":\"Startseite\",\"item\":\"https:\\\/\\\/bandelin.com\\\/\"},{\"@type\":\"ListItem\",\"position\":2,\"name\":\"Shop\",\"item\":\"https:\\\/\\\/bandelin.com\\\/shop\\\/\"},{\"@type\":\"ListItem\",\"position\":3,\"name\":\"SONOPULS HD 4400 Ultraschallhomogenisator\"}]},{\"@type\":\"WebSite\",\"@id\":\"https:\\\/\\\/bandelin.com\\\/#website\",\"url\":\"https:\\\/\\\/bandelin.com\\\/\",\"name\":\"BANDELIN electronic GmbH & Co. KG\",\"description\":\"Ultraschall seit 1955\",\"publisher\":{\"@id\":\"https:\\\/\\\/bandelin.com\\\/#organization\"},\"potentialAction\":[{\"@type\":\"SearchAction\",\"target\":{\"@type\":\"EntryPoint\",\"urlTemplate\":\"https:\\\/\\\/bandelin.com\\\/?s={search_term_string}\"},\"query-input\":{\"@type\":\"PropertyValueSpecification\",\"valueRequired\":true,\"valueName\":\"search_term_string\"}}],\"inLanguage\":\"es\"},{\"@type\":\"Organization\",\"@id\":\"https:\\\/\\\/bandelin.com\\\/#organization\",\"name\":\"BANDELIN electronic GmbH & Co. KG\",\"url\":\"https:\\\/\\\/bandelin.com\\\/\",\"logo\":{\"@type\":\"ImageObject\",\"inLanguage\":\"es\",\"@id\":\"https:\\\/\\\/bandelin.com\\\/#\\\/schema\\\/logo\\\/image\\\/\",\"url\":\"\",\"contentUrl\":\"\",\"caption\":\"BANDELIN electronic GmbH & Co. KG\"},\"image\":{\"@id\":\"https:\\\/\\\/bandelin.com\\\/#\\\/schema\\\/logo\\\/image\\\/\"},\"sameAs\":[\"https:\\\/\\\/de-de.facebook.com\\\/bandelin.electronic\\\/\",\"https:\\\/\\\/www.instagram.com\\\/bandelin_ultrasonic\\\/?hl=de\",\"https:\\\/\\\/www.linkedin.com\\\/company\\\/bandelin-electronic-gmbh-amp-co-kg\",\"https:\\\/\\\/www.youtube.com\\\/channel\\\/UC5wTNrNxkwMmX-WzysQqw3g\"]}]}<\/script>\n<!-- \/ Yoast SEO plugin. -->","yoast_head_json":{"title":"SONOPULS HD 4400 Homogeneizador ultras\u00f3nico | BANDELIN electronic GmbH &amp; Co. KG","description":"M\u00e1s informaci\u00f3n sobre el homogeneizador ultras\u00f3nico SONOPULS HD 4400 | Ba\u00f1os ultras\u00f3nicos de alta calidad para la medicina y la industria de Bandelin Electronic desde 1955.","robots":{"index":"index","follow":"follow","max-snippet":"max-snippet:-1","max-image-preview":"max-image-preview:large","max-video-preview":"max-video-preview:-1"},"canonical":"https:\/\/bandelin.com\/es\/tienda\/homogeneizadores-ultrasonicos-sonopuls-2\/homogeneizadores-ultrasonicos-sonopuls-hd-4000\/homogeneizador-ultrasonico-sonopuls-hd-4400\/","og_locale":"es_ES","og_type":"article","og_title":"SONOPULS HD 4400 Ultraschallhomogenisator | BANDELIN electronic GmbH &amp; Co. KG","og_description":"Informationen Sie sich \u00fcber SONOPULS HD 4400 Ultraschallhomogenisator | Hochwertige Ultraschallb\u00e4der f\u00fcr Medizin und Industrie von Bandelin Electronic seit 1955.","og_url":"https:\/\/bandelin.com\/es\/tienda\/homogeneizadores-ultrasonicos-sonopuls-2\/homogeneizadores-ultrasonicos-sonopuls-hd-4000\/homogeneizador-ultrasonico-sonopuls-hd-4400\/","og_site_name":"BANDELIN electronic GmbH &amp; Co. KG","article_publisher":"https:\/\/de-de.facebook.com\/bandelin.electronic\/","article_modified_time":"2026-04-28T00:55:24+00:00","og_image":[{"width":2048,"height":2048,"url":"https:\/\/bandelin.com\/wp-content\/uploads\/Produktfoto_HD_4400-scaled.jpg","type":"image\/jpeg"}],"twitter_card":"summary_large_image","schema":{"@context":"https:\/\/schema.org","@graph":[{"@type":"WebPage","@id":"https:\/\/bandelin.com\/shop\/sonopuls-ultraschall-homogenisatoren\/sonopuls-hd-4000-ultraschall-homogenisatoren\/sonopuls-hd-4400-ultraschallhomogenisator\/","url":"https:\/\/bandelin.com\/shop\/sonopuls-ultraschall-homogenisatoren\/sonopuls-hd-4000-ultraschall-homogenisatoren\/sonopuls-hd-4400-ultraschallhomogenisator\/","name":"SONOPULS HD 4400 Homogeneizador ultras\u00f3nico | BANDELIN electronic GmbH &amp; Co. KG","isPartOf":{"@id":"https:\/\/bandelin.com\/#website"},"primaryImageOfPage":{"@id":"https:\/\/bandelin.com\/shop\/sonopuls-ultraschall-homogenisatoren\/sonopuls-hd-4000-ultraschall-homogenisatoren\/sonopuls-hd-4400-ultraschallhomogenisator\/#primaryimage"},"image":{"@id":"https:\/\/bandelin.com\/shop\/sonopuls-ultraschall-homogenisatoren\/sonopuls-hd-4000-ultraschall-homogenisatoren\/sonopuls-hd-4400-ultraschallhomogenisator\/#primaryimage"},"thumbnailUrl":"https:\/\/bandelin.com\/wp-content\/uploads\/Produktfoto_HD_4400-scaled.jpg","datePublished":"2026-03-31T20:07:58+00:00","dateModified":"2026-04-28T00:55:24+00:00","description":"M\u00e1s informaci\u00f3n sobre el homogeneizador ultras\u00f3nico SONOPULS HD 4400 | Ba\u00f1os ultras\u00f3nicos de alta calidad para la medicina y la industria de Bandelin Electronic desde 1955.","breadcrumb":{"@id":"https:\/\/bandelin.com\/shop\/sonopuls-ultraschall-homogenisatoren\/sonopuls-hd-4000-ultraschall-homogenisatoren\/sonopuls-hd-4400-ultraschallhomogenisator\/#breadcrumb"},"inLanguage":"es","potentialAction":[{"@type":"ReadAction","target":["https:\/\/bandelin.com\/shop\/sonopuls-ultraschall-homogenisatoren\/sonopuls-hd-4000-ultraschall-homogenisatoren\/sonopuls-hd-4400-ultraschallhomogenisator\/"]}]},{"@type":"ImageObject","inLanguage":"es","@id":"https:\/\/bandelin.com\/shop\/sonopuls-ultraschall-homogenisatoren\/sonopuls-hd-4000-ultraschall-homogenisatoren\/sonopuls-hd-4400-ultraschallhomogenisator\/#primaryimage","url":"https:\/\/bandelin.com\/wp-content\/uploads\/Produktfoto_HD_4400-scaled.jpg","contentUrl":"https:\/\/bandelin.com\/wp-content\/uploads\/Produktfoto_HD_4400-scaled.jpg","width":2048,"height":2048,"caption":"SONOPULS HD 4400 Ultraschallhomogenisator Bild"},{"@type":"BreadcrumbList","@id":"https:\/\/bandelin.com\/shop\/sonopuls-ultraschall-homogenisatoren\/sonopuls-hd-4000-ultraschall-homogenisatoren\/sonopuls-hd-4400-ultraschallhomogenisator\/#breadcrumb","itemListElement":[{"@type":"ListItem","position":1,"name":"Startseite","item":"https:\/\/bandelin.com\/"},{"@type":"ListItem","position":2,"name":"Shop","item":"https:\/\/bandelin.com\/shop\/"},{"@type":"ListItem","position":3,"name":"SONOPULS HD 4400 Ultraschallhomogenisator"}]},{"@type":"WebSite","@id":"https:\/\/bandelin.com\/#website","url":"https:\/\/bandelin.com\/","name":"BANDELIN electronic GmbH &amp; Co. KG","description":"Ultrasonidos desde 1955","publisher":{"@id":"https:\/\/bandelin.com\/#organization"},"potentialAction":[{"@type":"SearchAction","target":{"@type":"EntryPoint","urlTemplate":"https:\/\/bandelin.com\/?s={search_term_string}"},"query-input":{"@type":"PropertyValueSpecification","valueRequired":true,"valueName":"search_term_string"}}],"inLanguage":"es"},{"@type":"Organization","@id":"https:\/\/bandelin.com\/#organization","name":"BANDELIN electronic GmbH &amp; Co. KG","url":"https:\/\/bandelin.com\/","logo":{"@type":"ImageObject","inLanguage":"es","@id":"https:\/\/bandelin.com\/#\/schema\/logo\/image\/","url":"","contentUrl":"","caption":"BANDELIN electronic GmbH & Co. KG"},"image":{"@id":"https:\/\/bandelin.com\/#\/schema\/logo\/image\/"},"sameAs":["https:\/\/de-de.facebook.com\/bandelin.electronic\/","https:\/\/www.instagram.com\/bandelin_ultrasonic\/?hl=de","https:\/\/www.linkedin.com\/company\/bandelin-electronic-gmbh-amp-co-kg","https:\/\/www.youtube.com\/channel\/UC5wTNrNxkwMmX-WzysQqw3g"]}]}},"_links":{"self":[{"href":"https:\/\/bandelin.com\/es\/wp-json\/wp\/v2\/product\/665905","targetHints":{"allow":["GET"]}}],"collection":[{"href":"https:\/\/bandelin.com\/es\/wp-json\/wp\/v2\/product"}],"about":[{"href":"https:\/\/bandelin.com\/es\/wp-json\/wp\/v2\/types\/product"}],"version-history":[{"count":2,"href":"https:\/\/bandelin.com\/es\/wp-json\/wp\/v2\/product\/665905\/revisions"}],"predecessor-version":[{"id":665907,"href":"https:\/\/bandelin.com\/es\/wp-json\/wp\/v2\/product\/665905\/revisions\/665907"}],"wp:featuredmedia":[{"embeddable":true,"href":"https:\/\/bandelin.com\/es\/wp-json\/wp\/v2\/media\/649549"}],"wp:attachment":[{"href":"https:\/\/bandelin.com\/es\/wp-json\/wp\/v2\/media?parent=665905"}],"wp:term":[{"taxonomy":"product_brand","embeddable":true,"href":"https:\/\/bandelin.com\/es\/wp-json\/wp\/v2\/product_brand?post=665905"},{"taxonomy":"product_cat","embeddable":true,"href":"https:\/\/bandelin.com\/es\/wp-json\/wp\/v2\/product_cat?post=665905"},{"taxonomy":"product_tag","embeddable":true,"href":"https:\/\/bandelin.com\/es\/wp-json\/wp\/v2\/product_tag?post=665905"}],"curies":[{"name":"wp","href":"https:\/\/api.w.org\/{rel}","templated":true}]}}