{"id":666323,"date":"2026-03-31T22:17:44","date_gmt":"2026-03-31T20:17:44","guid":{"rendered":"https:\/\/bandelin.com\/shop\/unkategorisiert\/sonorex-technik-mk-16-mb-einhaengekorb\/"},"modified":"2026-04-21T22:30:04","modified_gmt":"2026-04-21T20:30:04","slug":"sonorex-technik-mk-16-mb-basket","status":"publish","type":"product","link":"https:\/\/bandelin.com\/es\/shop\/sonorex-technik-ultraschallbaeder\/zubehoer-sonorex-technik-ultraschallbaeder\/sonorex-technik-mk-16-mb-einhaengekorb\/","title":{"rendered":"Cesta colgante SONOREX TECHNIK MK 16 MB"},"content":{"rendered":"","protected":false},"excerpt":{"rendered":"","protected":false},"featured_media":649802,"template":"","meta":{"_acf_changed":false},"product_brand":[],"product_cat":[12497,14468],"product_tag":[14629],"class_list":{"0":"post-666323","1":"product","2":"type-product","3":"status-publish","4":"has-post-thumbnail","6":"product_cat-sonorex-technik-ultraschallbaeder","7":"product_cat-zubehoer-sonorex-technik-ultraschallbaeder","8":"product_tag-sonorex-technik-ultraschallbaeder-zubehoer","9":"pa_bestellnummer-13920","10":"pa_innenmass-b-mm-245-2","11":"pa_innenmass-l-mm-275-2","12":"pa_innenmass-t-mm-14322","13":"pa_nutzlast-kg-10-2","14":"pa_passend-zu-mb","16":"first","17":"instock","18":"taxable","19":"shipping-taxable","20":"purchasable","21":"product-type-simple"},"acf":[],"yoast_head":"<!-- This site is optimized with the Yoast SEO plugin v27.4 - https:\/\/yoast.com\/product\/yoast-seo-wordpress\/ -->\n<title>SONOREX TECHNIK MK 16 MB Einh\u00e4ngekorb | BANDELIN electronic GmbH &amp; Co. KG<\/title>\n<meta name=\"description\" content=\"Informationen Sie sich \u00fcber SONOREX TECHNIK MK 16 MB Einh\u00e4ngekorb | Hochwertige Ultraschallb\u00e4der f\u00fcr Medizin und Industrie von Bandelin Electronic seit 1955.\" \/>\n<meta name=\"robots\" content=\"index, follow, max-snippet:-1, max-image-preview:large, max-video-preview:-1\" \/>\n<link rel=\"canonical\" href=\"https:\/\/bandelin.com\/es\/tienda\/banos-de-ultrasonidos-con-tecnologia-sonorex\/accesorios-tecnologia-sonorex-banos-de-ultrasonidos\/sonorex-technik-mk-16-mb-basket\/\" \/>\n<meta property=\"og:locale\" content=\"es_ES\" \/>\n<meta property=\"og:type\" content=\"article\" \/>\n<meta property=\"og:title\" content=\"SONOREX TECHNIK MK 16 MB Einh\u00e4ngekorb | BANDELIN electronic GmbH &amp; Co. KG\" \/>\n<meta property=\"og:description\" content=\"Informationen Sie sich \u00fcber SONOREX TECHNIK MK 16 MB Einh\u00e4ngekorb | Hochwertige Ultraschallb\u00e4der f\u00fcr Medizin und Industrie von Bandelin Electronic seit 1955.\" \/>\n<meta property=\"og:url\" content=\"https:\/\/bandelin.com\/es\/tienda\/banos-de-ultrasonidos-con-tecnologia-sonorex\/accesorios-tecnologia-sonorex-banos-de-ultrasonidos\/sonorex-technik-mk-16-mb-basket\/\" \/>\n<meta property=\"og:site_name\" content=\"BANDELIN electronic GmbH &amp; Co. KG\" \/>\n<meta property=\"article:publisher\" content=\"https:\/\/de-de.facebook.com\/bandelin.electronic\/\" \/>\n<meta property=\"article:modified_time\" content=\"2026-04-21T20:30:04+00:00\" \/>\n<meta property=\"og:image\" content=\"https:\/\/bandelin.com\/wp-content\/uploads\/Produktfoto_MK_16_MB.jpg\" \/>\n\t<meta property=\"og:image:width\" content=\"2000\" \/>\n\t<meta property=\"og:image:height\" content=\"2000\" \/>\n\t<meta property=\"og:image:type\" content=\"image\/jpeg\" \/>\n<meta name=\"twitter:card\" content=\"summary_large_image\" \/>\n<script type=\"application\/ld+json\" class=\"yoast-schema-graph\">{\"@context\":\"https:\\\/\\\/schema.org\",\"@graph\":[{\"@type\":\"WebPage\",\"@id\":\"https:\\\/\\\/bandelin.com\\\/shop\\\/sonorex-technik-ultraschallbaeder\\\/zubehoer-sonorex-technik-ultraschallbaeder\\\/sonorex-technik-mk-16-mb-einhaengekorb\\\/\",\"url\":\"https:\\\/\\\/bandelin.com\\\/shop\\\/sonorex-technik-ultraschallbaeder\\\/zubehoer-sonorex-technik-ultraschallbaeder\\\/sonorex-technik-mk-16-mb-einhaengekorb\\\/\",\"name\":\"SONOREX TECHNIK MK 16 MB Einh\u00e4ngekorb | BANDELIN electronic GmbH &amp; Co. KG\",\"isPartOf\":{\"@id\":\"https:\\\/\\\/bandelin.com\\\/#website\"},\"primaryImageOfPage\":{\"@id\":\"https:\\\/\\\/bandelin.com\\\/shop\\\/sonorex-technik-ultraschallbaeder\\\/zubehoer-sonorex-technik-ultraschallbaeder\\\/sonorex-technik-mk-16-mb-einhaengekorb\\\/#primaryimage\"},\"image\":{\"@id\":\"https:\\\/\\\/bandelin.com\\\/shop\\\/sonorex-technik-ultraschallbaeder\\\/zubehoer-sonorex-technik-ultraschallbaeder\\\/sonorex-technik-mk-16-mb-einhaengekorb\\\/#primaryimage\"},\"thumbnailUrl\":\"https:\\\/\\\/bandelin.com\\\/wp-content\\\/uploads\\\/Produktfoto_MK_16_MB.jpg\",\"datePublished\":\"2026-03-31T20:17:44+00:00\",\"dateModified\":\"2026-04-21T20:30:04+00:00\",\"description\":\"Informationen Sie sich \u00fcber SONOREX TECHNIK MK 16 MB Einh\u00e4ngekorb | Hochwertige Ultraschallb\u00e4der f\u00fcr Medizin und Industrie von Bandelin Electronic seit 1955.\",\"breadcrumb\":{\"@id\":\"https:\\\/\\\/bandelin.com\\\/shop\\\/sonorex-technik-ultraschallbaeder\\\/zubehoer-sonorex-technik-ultraschallbaeder\\\/sonorex-technik-mk-16-mb-einhaengekorb\\\/#breadcrumb\"},\"inLanguage\":\"es\",\"potentialAction\":[{\"@type\":\"ReadAction\",\"target\":[\"https:\\\/\\\/bandelin.com\\\/shop\\\/sonorex-technik-ultraschallbaeder\\\/zubehoer-sonorex-technik-ultraschallbaeder\\\/sonorex-technik-mk-16-mb-einhaengekorb\\\/\"]}]},{\"@type\":\"ImageObject\",\"inLanguage\":\"es\",\"@id\":\"https:\\\/\\\/bandelin.com\\\/shop\\\/sonorex-technik-ultraschallbaeder\\\/zubehoer-sonorex-technik-ultraschallbaeder\\\/sonorex-technik-mk-16-mb-einhaengekorb\\\/#primaryimage\",\"url\":\"https:\\\/\\\/bandelin.com\\\/wp-content\\\/uploads\\\/Produktfoto_MK_16_MB.jpg\",\"contentUrl\":\"https:\\\/\\\/bandelin.com\\\/wp-content\\\/uploads\\\/Produktfoto_MK_16_MB.jpg\",\"width\":2000,\"height\":2000,\"caption\":\"SONOREX TECHNIK MK 16 MB Einh\u00e4ngekorb Bild\"},{\"@type\":\"BreadcrumbList\",\"@id\":\"https:\\\/\\\/bandelin.com\\\/shop\\\/sonorex-technik-ultraschallbaeder\\\/zubehoer-sonorex-technik-ultraschallbaeder\\\/sonorex-technik-mk-16-mb-einhaengekorb\\\/#breadcrumb\",\"itemListElement\":[{\"@type\":\"ListItem\",\"position\":1,\"name\":\"Startseite\",\"item\":\"https:\\\/\\\/bandelin.com\\\/\"},{\"@type\":\"ListItem\",\"position\":2,\"name\":\"Shop\",\"item\":\"https:\\\/\\\/bandelin.com\\\/shop\\\/\"},{\"@type\":\"ListItem\",\"position\":3,\"name\":\"SONOREX TECHNIK MK 16 MB Einh\u00e4ngekorb\"}]},{\"@type\":\"WebSite\",\"@id\":\"https:\\\/\\\/bandelin.com\\\/#website\",\"url\":\"https:\\\/\\\/bandelin.com\\\/\",\"name\":\"BANDELIN electronic GmbH & Co. KG\",\"description\":\"Ultraschall seit 1955\",\"publisher\":{\"@id\":\"https:\\\/\\\/bandelin.com\\\/#organization\"},\"potentialAction\":[{\"@type\":\"SearchAction\",\"target\":{\"@type\":\"EntryPoint\",\"urlTemplate\":\"https:\\\/\\\/bandelin.com\\\/?s={search_term_string}\"},\"query-input\":{\"@type\":\"PropertyValueSpecification\",\"valueRequired\":true,\"valueName\":\"search_term_string\"}}],\"inLanguage\":\"es\"},{\"@type\":\"Organization\",\"@id\":\"https:\\\/\\\/bandelin.com\\\/#organization\",\"name\":\"BANDELIN electronic GmbH & Co. KG\",\"url\":\"https:\\\/\\\/bandelin.com\\\/\",\"logo\":{\"@type\":\"ImageObject\",\"inLanguage\":\"es\",\"@id\":\"https:\\\/\\\/bandelin.com\\\/#\\\/schema\\\/logo\\\/image\\\/\",\"url\":\"\",\"contentUrl\":\"\",\"caption\":\"BANDELIN electronic GmbH & Co. KG\"},\"image\":{\"@id\":\"https:\\\/\\\/bandelin.com\\\/#\\\/schema\\\/logo\\\/image\\\/\"},\"sameAs\":[\"https:\\\/\\\/de-de.facebook.com\\\/bandelin.electronic\\\/\",\"https:\\\/\\\/www.instagram.com\\\/bandelin_ultrasonic\\\/?hl=de\",\"https:\\\/\\\/www.linkedin.com\\\/company\\\/bandelin-electronic-gmbh-amp-co-kg\",\"https:\\\/\\\/www.youtube.com\\\/channel\\\/UC5wTNrNxkwMmX-WzysQqw3g\"]}]}<\/script>\n<!-- \/ Yoast SEO plugin. -->","yoast_head_json":{"title":"Cesta colgante SONOREX TECHNIK MK 16 MB | BANDELIN electronic GmbH &amp; Co. KG","description":"M\u00e1s informaci\u00f3n sobre la cesta colgante SONOREX TECHNIK MK 16 MB | Ba\u00f1os de ultrasonidos de alta calidad para la medicina y la industria de Bandelin Electronic desde 1955.","robots":{"index":"index","follow":"follow","max-snippet":"max-snippet:-1","max-image-preview":"max-image-preview:large","max-video-preview":"max-video-preview:-1"},"canonical":"https:\/\/bandelin.com\/es\/tienda\/banos-de-ultrasonidos-con-tecnologia-sonorex\/accesorios-tecnologia-sonorex-banos-de-ultrasonidos\/sonorex-technik-mk-16-mb-basket\/","og_locale":"es_ES","og_type":"article","og_title":"SONOREX TECHNIK MK 16 MB Einh\u00e4ngekorb | BANDELIN electronic GmbH &amp; Co. KG","og_description":"Informationen Sie sich \u00fcber SONOREX TECHNIK MK 16 MB Einh\u00e4ngekorb | Hochwertige Ultraschallb\u00e4der f\u00fcr Medizin und Industrie von Bandelin Electronic seit 1955.","og_url":"https:\/\/bandelin.com\/es\/tienda\/banos-de-ultrasonidos-con-tecnologia-sonorex\/accesorios-tecnologia-sonorex-banos-de-ultrasonidos\/sonorex-technik-mk-16-mb-basket\/","og_site_name":"BANDELIN electronic GmbH &amp; Co. KG","article_publisher":"https:\/\/de-de.facebook.com\/bandelin.electronic\/","article_modified_time":"2026-04-21T20:30:04+00:00","og_image":[{"width":2000,"height":2000,"url":"https:\/\/bandelin.com\/wp-content\/uploads\/Produktfoto_MK_16_MB.jpg","type":"image\/jpeg"}],"twitter_card":"summary_large_image","schema":{"@context":"https:\/\/schema.org","@graph":[{"@type":"WebPage","@id":"https:\/\/bandelin.com\/shop\/sonorex-technik-ultraschallbaeder\/zubehoer-sonorex-technik-ultraschallbaeder\/sonorex-technik-mk-16-mb-einhaengekorb\/","url":"https:\/\/bandelin.com\/shop\/sonorex-technik-ultraschallbaeder\/zubehoer-sonorex-technik-ultraschallbaeder\/sonorex-technik-mk-16-mb-einhaengekorb\/","name":"Cesta colgante SONOREX TECHNIK MK 16 MB | BANDELIN electronic GmbH &amp; Co. KG","isPartOf":{"@id":"https:\/\/bandelin.com\/#website"},"primaryImageOfPage":{"@id":"https:\/\/bandelin.com\/shop\/sonorex-technik-ultraschallbaeder\/zubehoer-sonorex-technik-ultraschallbaeder\/sonorex-technik-mk-16-mb-einhaengekorb\/#primaryimage"},"image":{"@id":"https:\/\/bandelin.com\/shop\/sonorex-technik-ultraschallbaeder\/zubehoer-sonorex-technik-ultraschallbaeder\/sonorex-technik-mk-16-mb-einhaengekorb\/#primaryimage"},"thumbnailUrl":"https:\/\/bandelin.com\/wp-content\/uploads\/Produktfoto_MK_16_MB.jpg","datePublished":"2026-03-31T20:17:44+00:00","dateModified":"2026-04-21T20:30:04+00:00","description":"M\u00e1s informaci\u00f3n sobre la cesta colgante SONOREX TECHNIK MK 16 MB | Ba\u00f1os de ultrasonidos de alta calidad para la medicina y la industria de Bandelin Electronic desde 1955.","breadcrumb":{"@id":"https:\/\/bandelin.com\/shop\/sonorex-technik-ultraschallbaeder\/zubehoer-sonorex-technik-ultraschallbaeder\/sonorex-technik-mk-16-mb-einhaengekorb\/#breadcrumb"},"inLanguage":"es","potentialAction":[{"@type":"ReadAction","target":["https:\/\/bandelin.com\/shop\/sonorex-technik-ultraschallbaeder\/zubehoer-sonorex-technik-ultraschallbaeder\/sonorex-technik-mk-16-mb-einhaengekorb\/"]}]},{"@type":"ImageObject","inLanguage":"es","@id":"https:\/\/bandelin.com\/shop\/sonorex-technik-ultraschallbaeder\/zubehoer-sonorex-technik-ultraschallbaeder\/sonorex-technik-mk-16-mb-einhaengekorb\/#primaryimage","url":"https:\/\/bandelin.com\/wp-content\/uploads\/Produktfoto_MK_16_MB.jpg","contentUrl":"https:\/\/bandelin.com\/wp-content\/uploads\/Produktfoto_MK_16_MB.jpg","width":2000,"height":2000,"caption":"SONOREX TECHNIK MK 16 MB Einh\u00e4ngekorb Bild"},{"@type":"BreadcrumbList","@id":"https:\/\/bandelin.com\/shop\/sonorex-technik-ultraschallbaeder\/zubehoer-sonorex-technik-ultraschallbaeder\/sonorex-technik-mk-16-mb-einhaengekorb\/#breadcrumb","itemListElement":[{"@type":"ListItem","position":1,"name":"Startseite","item":"https:\/\/bandelin.com\/"},{"@type":"ListItem","position":2,"name":"Shop","item":"https:\/\/bandelin.com\/shop\/"},{"@type":"ListItem","position":3,"name":"SONOREX TECHNIK MK 16 MB Einh\u00e4ngekorb"}]},{"@type":"WebSite","@id":"https:\/\/bandelin.com\/#website","url":"https:\/\/bandelin.com\/","name":"BANDELIN electronic GmbH &amp; Co. KG","description":"Ultrasonidos desde 1955","publisher":{"@id":"https:\/\/bandelin.com\/#organization"},"potentialAction":[{"@type":"SearchAction","target":{"@type":"EntryPoint","urlTemplate":"https:\/\/bandelin.com\/?s={search_term_string}"},"query-input":{"@type":"PropertyValueSpecification","valueRequired":true,"valueName":"search_term_string"}}],"inLanguage":"es"},{"@type":"Organization","@id":"https:\/\/bandelin.com\/#organization","name":"BANDELIN electronic GmbH &amp; Co. KG","url":"https:\/\/bandelin.com\/","logo":{"@type":"ImageObject","inLanguage":"es","@id":"https:\/\/bandelin.com\/#\/schema\/logo\/image\/","url":"","contentUrl":"","caption":"BANDELIN electronic GmbH & Co. KG"},"image":{"@id":"https:\/\/bandelin.com\/#\/schema\/logo\/image\/"},"sameAs":["https:\/\/de-de.facebook.com\/bandelin.electronic\/","https:\/\/www.instagram.com\/bandelin_ultrasonic\/?hl=de","https:\/\/www.linkedin.com\/company\/bandelin-electronic-gmbh-amp-co-kg","https:\/\/www.youtube.com\/channel\/UC5wTNrNxkwMmX-WzysQqw3g"]}]}},"_links":{"self":[{"href":"https:\/\/bandelin.com\/es\/wp-json\/wp\/v2\/product\/666323","targetHints":{"allow":["GET"]}}],"collection":[{"href":"https:\/\/bandelin.com\/es\/wp-json\/wp\/v2\/product"}],"about":[{"href":"https:\/\/bandelin.com\/es\/wp-json\/wp\/v2\/types\/product"}],"version-history":[{"count":1,"href":"https:\/\/bandelin.com\/es\/wp-json\/wp\/v2\/product\/666323\/revisions"}],"predecessor-version":[{"id":666324,"href":"https:\/\/bandelin.com\/es\/wp-json\/wp\/v2\/product\/666323\/revisions\/666324"}],"wp:featuredmedia":[{"embeddable":true,"href":"https:\/\/bandelin.com\/es\/wp-json\/wp\/v2\/media\/649802"}],"wp:attachment":[{"href":"https:\/\/bandelin.com\/es\/wp-json\/wp\/v2\/media?parent=666323"}],"wp:term":[{"taxonomy":"product_brand","embeddable":true,"href":"https:\/\/bandelin.com\/es\/wp-json\/wp\/v2\/product_brand?post=666323"},{"taxonomy":"product_cat","embeddable":true,"href":"https:\/\/bandelin.com\/es\/wp-json\/wp\/v2\/product_cat?post=666323"},{"taxonomy":"product_tag","embeddable":true,"href":"https:\/\/bandelin.com\/es\/wp-json\/wp\/v2\/product_tag?post=666323"}],"curies":[{"name":"wp","href":"https:\/\/api.w.org\/{rel}","templated":true}]}}