{"id":666407,"date":"2026-03-31T22:20:05","date_gmt":"2026-03-31T20:20:05","guid":{"rendered":"https:\/\/bandelin.com\/shop\/unkategorisiert\/sonorex-technik-wg-16-3-wannengestell\/"},"modified":"2026-04-23T20:29:59","modified_gmt":"2026-04-23T18:29:59","slug":"sonorex-technik-wg-16-3-tub-frame","status":"publish","type":"product","link":"https:\/\/bandelin.com\/es\/shop\/sonorex-technik-ultraschallbaeder\/zubehoer-sonorex-technik-ultraschallbaeder\/sonorex-technik-wg-16-3-wannengestell\/","title":{"rendered":"Bastidor de ba\u00f1era SONOREX TECHNIK WG 16-3"},"content":{"rendered":"<p>Con el soporte para 3 cubetas WG, el dispositivo de elevaci\u00f3n disponible por separado con oscilaci\u00f3n MB puede desplazarse entre las etapas de limpieza. De este modo, las cestas de limpieza pueden transportarse c\u00f3modamente entre las etapas de limpieza. La estanter\u00eda para cubas se utiliza para realizar l\u00edneas de limpieza de varias etapas que constan de cubas de limpieza y aclarado, as\u00ed como de secadoras.<\/p>","protected":false},"excerpt":{"rendered":"<p>Con el soporte para 3 cubetas WG, el dispositivo de elevaci\u00f3n disponible por separado con oscilaci\u00f3n MB puede desplazarse entre las etapas de limpieza. De este modo, las cestas de limpieza pueden transportarse c\u00f3modamente entre las etapas de limpieza. La estanter\u00eda para cubas se utiliza para realizar l\u00edneas de limpieza de varias etapas que constan de cubas de limpieza y aclarado, as\u00ed como de secadoras.<\/p>","protected":false},"featured_media":649854,"template":"","meta":{"_acf_changed":false},"product_brand":[],"product_cat":[12497,14468],"product_tag":[12804,14629],"class_list":{"0":"post-666407","1":"product","2":"type-product","3":"status-publish","4":"has-post-thumbnail","6":"product_cat-sonorex-technik-ultraschallbaeder","7":"product_cat-zubehoer-sonorex-technik-ultraschallbaeder","8":"product_tag-wannengestell","9":"product_tag-sonorex-technik-ultraschallbaeder-zubehoer","10":"pa_aussenmass-breite-mm-12800","11":"pa_aussenmass-hoehe-mm-12801","12":"pa_aussenmass-laenge-mm-12799","13":"pa_bestellnummer-12798","14":"pa_verpackung-breite-mm-12345","15":"pa_verpackung-hoehe-mm-12803","16":"pa_verpackung-laenge-mm-12802","18":"first","19":"onbackorder","20":"taxable","21":"shipping-taxable","22":"purchasable","23":"product-type-simple"},"acf":[],"yoast_head":"<!-- This site is optimized with the Yoast SEO plugin v27.4 - https:\/\/yoast.com\/product\/yoast-seo-wordpress\/ -->\n<title>SONOREX TECHNIK WG 16-3 Wannengestell | BANDELIN electronic GmbH &amp; Co. KG<\/title>\n<meta name=\"description\" content=\"Informationen Sie sich \u00fcber SONOREX TECHNIK WG 16-3 Wannengestell | Hochwertige Ultraschallb\u00e4der f\u00fcr Medizin und Industrie von Bandelin Electronic seit 1955.\" \/>\n<meta name=\"robots\" content=\"index, follow, max-snippet:-1, max-image-preview:large, max-video-preview:-1\" \/>\n<link rel=\"canonical\" href=\"https:\/\/bandelin.com\/es\/tienda\/banos-de-ultrasonidos-con-tecnologia-sonorex\/accesorios-tecnologia-sonorex-banos-de-ultrasonidos\/sonorex-technik-wg-16-3-tub-frame\/\" \/>\n<meta property=\"og:locale\" content=\"es_ES\" \/>\n<meta property=\"og:type\" content=\"article\" \/>\n<meta property=\"og:title\" content=\"SONOREX TECHNIK WG 16-3 Wannengestell | BANDELIN electronic GmbH &amp; Co. KG\" \/>\n<meta property=\"og:description\" content=\"Informationen Sie sich \u00fcber SONOREX TECHNIK WG 16-3 Wannengestell | Hochwertige Ultraschallb\u00e4der f\u00fcr Medizin und Industrie von Bandelin Electronic seit 1955.\" \/>\n<meta property=\"og:url\" content=\"https:\/\/bandelin.com\/es\/tienda\/banos-de-ultrasonidos-con-tecnologia-sonorex\/accesorios-tecnologia-sonorex-banos-de-ultrasonidos\/sonorex-technik-wg-16-3-tub-frame\/\" \/>\n<meta property=\"og:site_name\" content=\"BANDELIN electronic GmbH &amp; Co. KG\" \/>\n<meta property=\"article:publisher\" content=\"https:\/\/de-de.facebook.com\/bandelin.electronic\/\" \/>\n<meta property=\"article:modified_time\" content=\"2026-04-23T18:29:59+00:00\" \/>\n<meta property=\"og:image\" content=\"https:\/\/bandelin.com\/wp-content\/uploads\/Produktfoto_WG_16_3-scaled.jpg\" \/>\n\t<meta property=\"og:image:width\" content=\"2048\" \/>\n\t<meta property=\"og:image:height\" content=\"2048\" \/>\n\t<meta property=\"og:image:type\" content=\"image\/jpeg\" \/>\n<meta name=\"twitter:card\" content=\"summary_large_image\" \/>\n<script type=\"application\/ld+json\" class=\"yoast-schema-graph\">{\"@context\":\"https:\\\/\\\/schema.org\",\"@graph\":[{\"@type\":\"WebPage\",\"@id\":\"https:\\\/\\\/bandelin.com\\\/shop\\\/sonorex-technik-ultraschallbaeder\\\/zubehoer-sonorex-technik-ultraschallbaeder\\\/sonorex-technik-wg-16-3-wannengestell\\\/\",\"url\":\"https:\\\/\\\/bandelin.com\\\/shop\\\/sonorex-technik-ultraschallbaeder\\\/zubehoer-sonorex-technik-ultraschallbaeder\\\/sonorex-technik-wg-16-3-wannengestell\\\/\",\"name\":\"SONOREX TECHNIK WG 16-3 Wannengestell | BANDELIN electronic GmbH &amp; Co. KG\",\"isPartOf\":{\"@id\":\"https:\\\/\\\/bandelin.com\\\/#website\"},\"primaryImageOfPage\":{\"@id\":\"https:\\\/\\\/bandelin.com\\\/shop\\\/sonorex-technik-ultraschallbaeder\\\/zubehoer-sonorex-technik-ultraschallbaeder\\\/sonorex-technik-wg-16-3-wannengestell\\\/#primaryimage\"},\"image\":{\"@id\":\"https:\\\/\\\/bandelin.com\\\/shop\\\/sonorex-technik-ultraschallbaeder\\\/zubehoer-sonorex-technik-ultraschallbaeder\\\/sonorex-technik-wg-16-3-wannengestell\\\/#primaryimage\"},\"thumbnailUrl\":\"https:\\\/\\\/bandelin.com\\\/wp-content\\\/uploads\\\/Produktfoto_WG_16_3-scaled.jpg\",\"datePublished\":\"2026-03-31T20:20:05+00:00\",\"dateModified\":\"2026-04-23T18:29:59+00:00\",\"description\":\"Informationen Sie sich \u00fcber SONOREX TECHNIK WG 16-3 Wannengestell | Hochwertige Ultraschallb\u00e4der f\u00fcr Medizin und Industrie von Bandelin Electronic seit 1955.\",\"breadcrumb\":{\"@id\":\"https:\\\/\\\/bandelin.com\\\/shop\\\/sonorex-technik-ultraschallbaeder\\\/zubehoer-sonorex-technik-ultraschallbaeder\\\/sonorex-technik-wg-16-3-wannengestell\\\/#breadcrumb\"},\"inLanguage\":\"es\",\"potentialAction\":[{\"@type\":\"ReadAction\",\"target\":[\"https:\\\/\\\/bandelin.com\\\/shop\\\/sonorex-technik-ultraschallbaeder\\\/zubehoer-sonorex-technik-ultraschallbaeder\\\/sonorex-technik-wg-16-3-wannengestell\\\/\"]}]},{\"@type\":\"ImageObject\",\"inLanguage\":\"es\",\"@id\":\"https:\\\/\\\/bandelin.com\\\/shop\\\/sonorex-technik-ultraschallbaeder\\\/zubehoer-sonorex-technik-ultraschallbaeder\\\/sonorex-technik-wg-16-3-wannengestell\\\/#primaryimage\",\"url\":\"https:\\\/\\\/bandelin.com\\\/wp-content\\\/uploads\\\/Produktfoto_WG_16_3-scaled.jpg\",\"contentUrl\":\"https:\\\/\\\/bandelin.com\\\/wp-content\\\/uploads\\\/Produktfoto_WG_16_3-scaled.jpg\",\"width\":2048,\"height\":2048,\"caption\":\"SONOREX TECHNIK WG 16-2 Wannengestell Bild\"},{\"@type\":\"BreadcrumbList\",\"@id\":\"https:\\\/\\\/bandelin.com\\\/shop\\\/sonorex-technik-ultraschallbaeder\\\/zubehoer-sonorex-technik-ultraschallbaeder\\\/sonorex-technik-wg-16-3-wannengestell\\\/#breadcrumb\",\"itemListElement\":[{\"@type\":\"ListItem\",\"position\":1,\"name\":\"Startseite\",\"item\":\"https:\\\/\\\/bandelin.com\\\/\"},{\"@type\":\"ListItem\",\"position\":2,\"name\":\"Shop\",\"item\":\"https:\\\/\\\/bandelin.com\\\/shop\\\/\"},{\"@type\":\"ListItem\",\"position\":3,\"name\":\"SONOREX TECHNIK WG 16-3 Wannengestell\"}]},{\"@type\":\"WebSite\",\"@id\":\"https:\\\/\\\/bandelin.com\\\/#website\",\"url\":\"https:\\\/\\\/bandelin.com\\\/\",\"name\":\"BANDELIN electronic GmbH & Co. KG\",\"description\":\"Ultraschall seit 1955\",\"publisher\":{\"@id\":\"https:\\\/\\\/bandelin.com\\\/#organization\"},\"potentialAction\":[{\"@type\":\"SearchAction\",\"target\":{\"@type\":\"EntryPoint\",\"urlTemplate\":\"https:\\\/\\\/bandelin.com\\\/?s={search_term_string}\"},\"query-input\":{\"@type\":\"PropertyValueSpecification\",\"valueRequired\":true,\"valueName\":\"search_term_string\"}}],\"inLanguage\":\"es\"},{\"@type\":\"Organization\",\"@id\":\"https:\\\/\\\/bandelin.com\\\/#organization\",\"name\":\"BANDELIN electronic GmbH & Co. KG\",\"url\":\"https:\\\/\\\/bandelin.com\\\/\",\"logo\":{\"@type\":\"ImageObject\",\"inLanguage\":\"es\",\"@id\":\"https:\\\/\\\/bandelin.com\\\/#\\\/schema\\\/logo\\\/image\\\/\",\"url\":\"\",\"contentUrl\":\"\",\"caption\":\"BANDELIN electronic GmbH & Co. KG\"},\"image\":{\"@id\":\"https:\\\/\\\/bandelin.com\\\/#\\\/schema\\\/logo\\\/image\\\/\"},\"sameAs\":[\"https:\\\/\\\/de-de.facebook.com\\\/bandelin.electronic\\\/\",\"https:\\\/\\\/www.instagram.com\\\/bandelin_ultrasonic\\\/?hl=de\",\"https:\\\/\\\/www.linkedin.com\\\/company\\\/bandelin-electronic-gmbh-amp-co-kg\",\"https:\\\/\\\/www.youtube.com\\\/channel\\\/UC5wTNrNxkwMmX-WzysQqw3g\"]}]}<\/script>\n<!-- \/ Yoast SEO plugin. -->","yoast_head_json":{"title":"SONOREX TECHNIK WG 16-3 bandeja rack | BANDELIN electronic GmbH &amp; Co. KG","description":"M\u00e1s informaci\u00f3n sobre la cubeta SONOREX TECHNIK WG 16-3 | Ba\u00f1os de ultrasonidos de alta calidad para la medicina y la industria de Bandelin Electronic desde 1955.","robots":{"index":"index","follow":"follow","max-snippet":"max-snippet:-1","max-image-preview":"max-image-preview:large","max-video-preview":"max-video-preview:-1"},"canonical":"https:\/\/bandelin.com\/es\/tienda\/banos-de-ultrasonidos-con-tecnologia-sonorex\/accesorios-tecnologia-sonorex-banos-de-ultrasonidos\/sonorex-technik-wg-16-3-tub-frame\/","og_locale":"es_ES","og_type":"article","og_title":"SONOREX TECHNIK WG 16-3 Wannengestell | BANDELIN electronic GmbH &amp; Co. KG","og_description":"Informationen Sie sich \u00fcber SONOREX TECHNIK WG 16-3 Wannengestell | Hochwertige Ultraschallb\u00e4der f\u00fcr Medizin und Industrie von Bandelin Electronic seit 1955.","og_url":"https:\/\/bandelin.com\/es\/tienda\/banos-de-ultrasonidos-con-tecnologia-sonorex\/accesorios-tecnologia-sonorex-banos-de-ultrasonidos\/sonorex-technik-wg-16-3-tub-frame\/","og_site_name":"BANDELIN electronic GmbH &amp; Co. KG","article_publisher":"https:\/\/de-de.facebook.com\/bandelin.electronic\/","article_modified_time":"2026-04-23T18:29:59+00:00","og_image":[{"width":2048,"height":2048,"url":"https:\/\/bandelin.com\/wp-content\/uploads\/Produktfoto_WG_16_3-scaled.jpg","type":"image\/jpeg"}],"twitter_card":"summary_large_image","schema":{"@context":"https:\/\/schema.org","@graph":[{"@type":"WebPage","@id":"https:\/\/bandelin.com\/shop\/sonorex-technik-ultraschallbaeder\/zubehoer-sonorex-technik-ultraschallbaeder\/sonorex-technik-wg-16-3-wannengestell\/","url":"https:\/\/bandelin.com\/shop\/sonorex-technik-ultraschallbaeder\/zubehoer-sonorex-technik-ultraschallbaeder\/sonorex-technik-wg-16-3-wannengestell\/","name":"SONOREX TECHNIK WG 16-3 bandeja rack | BANDELIN electronic GmbH &amp; Co. KG","isPartOf":{"@id":"https:\/\/bandelin.com\/#website"},"primaryImageOfPage":{"@id":"https:\/\/bandelin.com\/shop\/sonorex-technik-ultraschallbaeder\/zubehoer-sonorex-technik-ultraschallbaeder\/sonorex-technik-wg-16-3-wannengestell\/#primaryimage"},"image":{"@id":"https:\/\/bandelin.com\/shop\/sonorex-technik-ultraschallbaeder\/zubehoer-sonorex-technik-ultraschallbaeder\/sonorex-technik-wg-16-3-wannengestell\/#primaryimage"},"thumbnailUrl":"https:\/\/bandelin.com\/wp-content\/uploads\/Produktfoto_WG_16_3-scaled.jpg","datePublished":"2026-03-31T20:20:05+00:00","dateModified":"2026-04-23T18:29:59+00:00","description":"M\u00e1s informaci\u00f3n sobre la cubeta SONOREX TECHNIK WG 16-3 | Ba\u00f1os de ultrasonidos de alta calidad para la medicina y la industria de Bandelin Electronic desde 1955.","breadcrumb":{"@id":"https:\/\/bandelin.com\/shop\/sonorex-technik-ultraschallbaeder\/zubehoer-sonorex-technik-ultraschallbaeder\/sonorex-technik-wg-16-3-wannengestell\/#breadcrumb"},"inLanguage":"es","potentialAction":[{"@type":"ReadAction","target":["https:\/\/bandelin.com\/shop\/sonorex-technik-ultraschallbaeder\/zubehoer-sonorex-technik-ultraschallbaeder\/sonorex-technik-wg-16-3-wannengestell\/"]}]},{"@type":"ImageObject","inLanguage":"es","@id":"https:\/\/bandelin.com\/shop\/sonorex-technik-ultraschallbaeder\/zubehoer-sonorex-technik-ultraschallbaeder\/sonorex-technik-wg-16-3-wannengestell\/#primaryimage","url":"https:\/\/bandelin.com\/wp-content\/uploads\/Produktfoto_WG_16_3-scaled.jpg","contentUrl":"https:\/\/bandelin.com\/wp-content\/uploads\/Produktfoto_WG_16_3-scaled.jpg","width":2048,"height":2048,"caption":"SONOREX TECHNIK WG 16-2 Wannengestell Bild"},{"@type":"BreadcrumbList","@id":"https:\/\/bandelin.com\/shop\/sonorex-technik-ultraschallbaeder\/zubehoer-sonorex-technik-ultraschallbaeder\/sonorex-technik-wg-16-3-wannengestell\/#breadcrumb","itemListElement":[{"@type":"ListItem","position":1,"name":"Startseite","item":"https:\/\/bandelin.com\/"},{"@type":"ListItem","position":2,"name":"Shop","item":"https:\/\/bandelin.com\/shop\/"},{"@type":"ListItem","position":3,"name":"SONOREX TECHNIK WG 16-3 Wannengestell"}]},{"@type":"WebSite","@id":"https:\/\/bandelin.com\/#website","url":"https:\/\/bandelin.com\/","name":"BANDELIN electronic GmbH &amp; Co. KG","description":"Ultrasonidos desde 1955","publisher":{"@id":"https:\/\/bandelin.com\/#organization"},"potentialAction":[{"@type":"SearchAction","target":{"@type":"EntryPoint","urlTemplate":"https:\/\/bandelin.com\/?s={search_term_string}"},"query-input":{"@type":"PropertyValueSpecification","valueRequired":true,"valueName":"search_term_string"}}],"inLanguage":"es"},{"@type":"Organization","@id":"https:\/\/bandelin.com\/#organization","name":"BANDELIN electronic GmbH &amp; Co. KG","url":"https:\/\/bandelin.com\/","logo":{"@type":"ImageObject","inLanguage":"es","@id":"https:\/\/bandelin.com\/#\/schema\/logo\/image\/","url":"","contentUrl":"","caption":"BANDELIN electronic GmbH & Co. KG"},"image":{"@id":"https:\/\/bandelin.com\/#\/schema\/logo\/image\/"},"sameAs":["https:\/\/de-de.facebook.com\/bandelin.electronic\/","https:\/\/www.instagram.com\/bandelin_ultrasonic\/?hl=de","https:\/\/www.linkedin.com\/company\/bandelin-electronic-gmbh-amp-co-kg","https:\/\/www.youtube.com\/channel\/UC5wTNrNxkwMmX-WzysQqw3g"]}]}},"_links":{"self":[{"href":"https:\/\/bandelin.com\/es\/wp-json\/wp\/v2\/product\/666407","targetHints":{"allow":["GET"]}}],"collection":[{"href":"https:\/\/bandelin.com\/es\/wp-json\/wp\/v2\/product"}],"about":[{"href":"https:\/\/bandelin.com\/es\/wp-json\/wp\/v2\/types\/product"}],"version-history":[{"count":1,"href":"https:\/\/bandelin.com\/es\/wp-json\/wp\/v2\/product\/666407\/revisions"}],"predecessor-version":[{"id":666408,"href":"https:\/\/bandelin.com\/es\/wp-json\/wp\/v2\/product\/666407\/revisions\/666408"}],"wp:featuredmedia":[{"embeddable":true,"href":"https:\/\/bandelin.com\/es\/wp-json\/wp\/v2\/media\/649854"}],"wp:attachment":[{"href":"https:\/\/bandelin.com\/es\/wp-json\/wp\/v2\/media?parent=666407"}],"wp:term":[{"taxonomy":"product_brand","embeddable":true,"href":"https:\/\/bandelin.com\/es\/wp-json\/wp\/v2\/product_brand?post=666407"},{"taxonomy":"product_cat","embeddable":true,"href":"https:\/\/bandelin.com\/es\/wp-json\/wp\/v2\/product_cat?post=666407"},{"taxonomy":"product_tag","embeddable":true,"href":"https:\/\/bandelin.com\/es\/wp-json\/wp\/v2\/product_tag?post=666407"}],"curies":[{"name":"wp","href":"https:\/\/api.w.org\/{rel}","templated":true}]}}