{"id":666658,"date":"2026-03-31T22:25:41","date_gmt":"2026-03-31T20:25:41","guid":{"rendered":"https:\/\/bandelin.com\/shop\/unkategorisiert\/sonorex-kw-50-b-0-einhaengewanne-mit-deckel\/"},"modified":"2026-04-26T20:27:49","modified_gmt":"2026-04-26T18:27:49","slug":"sonorex-kw-50-b-0-bandeja-de-un-gancho-con-tapa","status":"publish","type":"product","link":"https:\/\/bandelin.com\/es\/shop\/sonorex-ultraschallbaeder\/zubehoer-sonorex-ultraschallbaeder\/sonorex-kw-50-b-0-einhaengewanne-mit-deckel\/","title":{"rendered":"SONOREX KW 50 B-0 Bandeja de suspensi\u00f3n con tapa"},"content":{"rendered":"<p>Las cubetas colgantes se utilizan cuando se aplican l\u00edquidos qu\u00edmicamente agresivos (por ejemplo, TICKOPUR J 80 U), se elimina suciedad qu\u00edmicamente agresiva o abrasiva o se sonican l\u00edquidos de muestra (sonicaci\u00f3n indirecta). Dado que no se puede colocar nada en el fondo del ba\u00f1o de ultrasonidos, BANDELIN ofrece bandejas colgantes de pl\u00e1stico adecuadas con tapa.<br \/>\n  Tenga en cuenta que la tensi\u00f3n superficial del agua debe reducirse para transferir el ultrasonido al recipiente de inserci\u00f3n y, por lo tanto, debe utilizarse una soluci\u00f3n de limpieza (por ejemplo, TICKOPUR R 33 - 3%) como l\u00edquido de acoplamiento \/ l\u00edquido de contacto.<\/p>","protected":false},"excerpt":{"rendered":"<p>Adecuado para RK 1050 CH, DT 1050 CH<\/p>","protected":false},"featured_media":650059,"template":"","meta":{"_acf_changed":false},"product_brand":[],"product_cat":[14412,14195],"product_tag":[14609,11839],"class_list":{"0":"post-666658","1":"product","2":"type-product","3":"status-publish","4":"has-post-thumbnail","6":"product_cat-zubehoer-sonorex-ultraschallbaeder","7":"product_cat-sonorex-ultraschallbaeder","8":"product_tag-sonorex-ultraschallbaeder-zubehoer","9":"product_tag-einhaengewanne","10":"pa_aussenmass-breite-mm-532-2","11":"pa_aussenmass-hoehe-mm-284-2","12":"pa_aussenmass-laenge-mm-650-2","13":"pa_bestellnummer-568-2","14":"pa_innenmass-b-mm-445-2","15":"pa_innenmass-l-mm-520-2","16":"pa_innenmass-t-mm-14338","17":"pa_passend-zu-rk-1050-ch-dt-1050-ch-2","18":"pa_verpackung-breite-mm-450-2","19":"pa_verpackung-hoehe-mm-280-2","20":"pa_verpackung-laenge-mm-520-2","21":"pa_wannenmaterial-kunststoff-pp","23":"first","24":"instock","25":"taxable","26":"shipping-taxable","27":"purchasable","28":"product-type-simple"},"acf":[],"yoast_head":"<!-- This site is optimized with the Yoast SEO plugin v27.5 - https:\/\/yoast.com\/product\/yoast-seo-wordpress\/ -->\n<title>SONOREX KW 50 B-0 Einh\u00e4ngewanne mit Deckel | BANDELIN electronic GmbH &amp; Co. KG<\/title>\n<meta name=\"description\" content=\"Informationen Sie sich \u00fcber SONOREX KW 50 B-0 Einh\u00e4ngewanne mit Deckel | Hochwertige Ultraschallb\u00e4der f\u00fcr Medizin und Industrie von Bandelin Electronic seit 1955.\" \/>\n<meta name=\"robots\" content=\"index, follow, max-snippet:-1, max-image-preview:large, max-video-preview:-1\" \/>\n<link rel=\"canonical\" href=\"https:\/\/bandelin.com\/es\/tienda\/banos-de-ultrasonidos-sonorex\/accesorios-banos-de-ultrasonidos-sonorex\/sonorex-kw-50-b-0-bandeja-de-un-gancho-con-tapa\/\" \/>\n<meta property=\"og:locale\" content=\"es_ES\" \/>\n<meta property=\"og:type\" content=\"article\" \/>\n<meta property=\"og:title\" content=\"SONOREX KW 50 B-0 Einh\u00e4ngewanne mit Deckel | BANDELIN electronic GmbH &amp; Co. KG\" \/>\n<meta property=\"og:description\" content=\"Informationen Sie sich \u00fcber SONOREX KW 50 B-0 Einh\u00e4ngewanne mit Deckel | Hochwertige Ultraschallb\u00e4der f\u00fcr Medizin und Industrie von Bandelin Electronic seit 1955.\" \/>\n<meta property=\"og:url\" content=\"https:\/\/bandelin.com\/es\/tienda\/banos-de-ultrasonidos-sonorex\/accesorios-banos-de-ultrasonidos-sonorex\/sonorex-kw-50-b-0-bandeja-de-un-gancho-con-tapa\/\" \/>\n<meta property=\"og:site_name\" content=\"BANDELIN electronic GmbH &amp; Co. KG\" \/>\n<meta property=\"article:publisher\" content=\"https:\/\/de-de.facebook.com\/bandelin.electronic\/\" \/>\n<meta property=\"article:modified_time\" content=\"2026-04-26T18:27:49+00:00\" \/>\n<meta property=\"og:image\" content=\"https:\/\/bandelin.com\/wp-content\/uploads\/Produktfoto_KW_50_B_0-scaled.jpg\" \/>\n\t<meta property=\"og:image:width\" content=\"2048\" \/>\n\t<meta property=\"og:image:height\" content=\"2048\" \/>\n\t<meta property=\"og:image:type\" content=\"image\/jpeg\" \/>\n<meta name=\"twitter:card\" content=\"summary_large_image\" \/>\n<script type=\"application\/ld+json\" class=\"yoast-schema-graph\">{\"@context\":\"https:\\\/\\\/schema.org\",\"@graph\":[{\"@type\":\"WebPage\",\"@id\":\"https:\\\/\\\/bandelin.com\\\/shop\\\/sonorex-ultraschallbaeder\\\/zubehoer-sonorex-ultraschallbaeder\\\/sonorex-kw-50-b-0-einhaengewanne-mit-deckel\\\/\",\"url\":\"https:\\\/\\\/bandelin.com\\\/shop\\\/sonorex-ultraschallbaeder\\\/zubehoer-sonorex-ultraschallbaeder\\\/sonorex-kw-50-b-0-einhaengewanne-mit-deckel\\\/\",\"name\":\"SONOREX KW 50 B-0 Einh\u00e4ngewanne mit Deckel | BANDELIN electronic GmbH &amp; Co. KG\",\"isPartOf\":{\"@id\":\"https:\\\/\\\/bandelin.com\\\/#website\"},\"primaryImageOfPage\":{\"@id\":\"https:\\\/\\\/bandelin.com\\\/shop\\\/sonorex-ultraschallbaeder\\\/zubehoer-sonorex-ultraschallbaeder\\\/sonorex-kw-50-b-0-einhaengewanne-mit-deckel\\\/#primaryimage\"},\"image\":{\"@id\":\"https:\\\/\\\/bandelin.com\\\/shop\\\/sonorex-ultraschallbaeder\\\/zubehoer-sonorex-ultraschallbaeder\\\/sonorex-kw-50-b-0-einhaengewanne-mit-deckel\\\/#primaryimage\"},\"thumbnailUrl\":\"https:\\\/\\\/bandelin.com\\\/wp-content\\\/uploads\\\/Produktfoto_KW_50_B_0-scaled.jpg\",\"datePublished\":\"2026-03-31T20:25:41+00:00\",\"dateModified\":\"2026-04-26T18:27:49+00:00\",\"description\":\"Informationen Sie sich \u00fcber SONOREX KW 50 B-0 Einh\u00e4ngewanne mit Deckel | Hochwertige Ultraschallb\u00e4der f\u00fcr Medizin und Industrie von Bandelin Electronic seit 1955.\",\"breadcrumb\":{\"@id\":\"https:\\\/\\\/bandelin.com\\\/shop\\\/sonorex-ultraschallbaeder\\\/zubehoer-sonorex-ultraschallbaeder\\\/sonorex-kw-50-b-0-einhaengewanne-mit-deckel\\\/#breadcrumb\"},\"inLanguage\":\"es\",\"potentialAction\":[{\"@type\":\"ReadAction\",\"target\":[\"https:\\\/\\\/bandelin.com\\\/shop\\\/sonorex-ultraschallbaeder\\\/zubehoer-sonorex-ultraschallbaeder\\\/sonorex-kw-50-b-0-einhaengewanne-mit-deckel\\\/\"]}]},{\"@type\":\"ImageObject\",\"inLanguage\":\"es\",\"@id\":\"https:\\\/\\\/bandelin.com\\\/shop\\\/sonorex-ultraschallbaeder\\\/zubehoer-sonorex-ultraschallbaeder\\\/sonorex-kw-50-b-0-einhaengewanne-mit-deckel\\\/#primaryimage\",\"url\":\"https:\\\/\\\/bandelin.com\\\/wp-content\\\/uploads\\\/Produktfoto_KW_50_B_0-scaled.jpg\",\"contentUrl\":\"https:\\\/\\\/bandelin.com\\\/wp-content\\\/uploads\\\/Produktfoto_KW_50_B_0-scaled.jpg\",\"width\":2048,\"height\":2048,\"caption\":\"SONOREX KW 50 B-0 Einh\u00e4ngewanne mit Deckel Bild\"},{\"@type\":\"BreadcrumbList\",\"@id\":\"https:\\\/\\\/bandelin.com\\\/shop\\\/sonorex-ultraschallbaeder\\\/zubehoer-sonorex-ultraschallbaeder\\\/sonorex-kw-50-b-0-einhaengewanne-mit-deckel\\\/#breadcrumb\",\"itemListElement\":[{\"@type\":\"ListItem\",\"position\":1,\"name\":\"Startseite\",\"item\":\"https:\\\/\\\/bandelin.com\\\/\"},{\"@type\":\"ListItem\",\"position\":2,\"name\":\"Shop\",\"item\":\"https:\\\/\\\/bandelin.com\\\/shop\\\/\"},{\"@type\":\"ListItem\",\"position\":3,\"name\":\"SONOREX KW 50 B-0 Einh\u00e4ngewanne mit Deckel\"}]},{\"@type\":\"WebSite\",\"@id\":\"https:\\\/\\\/bandelin.com\\\/#website\",\"url\":\"https:\\\/\\\/bandelin.com\\\/\",\"name\":\"BANDELIN electronic GmbH & Co. KG\",\"description\":\"Ultraschall seit 1955\",\"publisher\":{\"@id\":\"https:\\\/\\\/bandelin.com\\\/#organization\"},\"potentialAction\":[{\"@type\":\"SearchAction\",\"target\":{\"@type\":\"EntryPoint\",\"urlTemplate\":\"https:\\\/\\\/bandelin.com\\\/?s={search_term_string}\"},\"query-input\":{\"@type\":\"PropertyValueSpecification\",\"valueRequired\":true,\"valueName\":\"search_term_string\"}}],\"inLanguage\":\"es\"},{\"@type\":\"Organization\",\"@id\":\"https:\\\/\\\/bandelin.com\\\/#organization\",\"name\":\"BANDELIN electronic GmbH & Co. KG\",\"url\":\"https:\\\/\\\/bandelin.com\\\/\",\"logo\":{\"@type\":\"ImageObject\",\"inLanguage\":\"es\",\"@id\":\"https:\\\/\\\/bandelin.com\\\/#\\\/schema\\\/logo\\\/image\\\/\",\"url\":\"\",\"contentUrl\":\"\",\"caption\":\"BANDELIN electronic GmbH & Co. KG\"},\"image\":{\"@id\":\"https:\\\/\\\/bandelin.com\\\/#\\\/schema\\\/logo\\\/image\\\/\"},\"sameAs\":[\"https:\\\/\\\/de-de.facebook.com\\\/bandelin.electronic\\\/\",\"https:\\\/\\\/www.instagram.com\\\/bandelin_ultrasonic\\\/?hl=de\",\"https:\\\/\\\/www.linkedin.com\\\/company\\\/bandelin-electronic-gmbh-amp-co-kg\",\"https:\\\/\\\/www.youtube.com\\\/channel\\\/UC5wTNrNxkwMmX-WzysQqw3g\"]}]}<\/script>\n<!-- \/ Yoast SEO plugin. -->","yoast_head_json":{"title":"SONOREX KW 50 B-0 Bandeja de suspensi\u00f3n con tapa | BANDELIN electronic GmbH &amp; Co. KG","description":"M\u00e1s informaci\u00f3n sobre SONOREX KW 50 B-0 Cubeta de suspensi\u00f3n con tapa | Ba\u00f1os de ultrasonidos de alta calidad para la medicina y la industria de Bandelin Electronic desde 1955.","robots":{"index":"index","follow":"follow","max-snippet":"max-snippet:-1","max-image-preview":"max-image-preview:large","max-video-preview":"max-video-preview:-1"},"canonical":"https:\/\/bandelin.com\/es\/tienda\/banos-de-ultrasonidos-sonorex\/accesorios-banos-de-ultrasonidos-sonorex\/sonorex-kw-50-b-0-bandeja-de-un-gancho-con-tapa\/","og_locale":"es_ES","og_type":"article","og_title":"SONOREX KW 50 B-0 Einh\u00e4ngewanne mit Deckel | BANDELIN electronic GmbH &amp; Co. KG","og_description":"Informationen Sie sich \u00fcber SONOREX KW 50 B-0 Einh\u00e4ngewanne mit Deckel | Hochwertige Ultraschallb\u00e4der f\u00fcr Medizin und Industrie von Bandelin Electronic seit 1955.","og_url":"https:\/\/bandelin.com\/es\/tienda\/banos-de-ultrasonidos-sonorex\/accesorios-banos-de-ultrasonidos-sonorex\/sonorex-kw-50-b-0-bandeja-de-un-gancho-con-tapa\/","og_site_name":"BANDELIN electronic GmbH &amp; Co. KG","article_publisher":"https:\/\/de-de.facebook.com\/bandelin.electronic\/","article_modified_time":"2026-04-26T18:27:49+00:00","og_image":[{"width":2048,"height":2048,"url":"https:\/\/bandelin.com\/wp-content\/uploads\/Produktfoto_KW_50_B_0-scaled.jpg","type":"image\/jpeg"}],"twitter_card":"summary_large_image","schema":{"@context":"https:\/\/schema.org","@graph":[{"@type":"WebPage","@id":"https:\/\/bandelin.com\/shop\/sonorex-ultraschallbaeder\/zubehoer-sonorex-ultraschallbaeder\/sonorex-kw-50-b-0-einhaengewanne-mit-deckel\/","url":"https:\/\/bandelin.com\/shop\/sonorex-ultraschallbaeder\/zubehoer-sonorex-ultraschallbaeder\/sonorex-kw-50-b-0-einhaengewanne-mit-deckel\/","name":"SONOREX KW 50 B-0 Bandeja de suspensi\u00f3n con tapa | BANDELIN electronic GmbH &amp; Co. KG","isPartOf":{"@id":"https:\/\/bandelin.com\/#website"},"primaryImageOfPage":{"@id":"https:\/\/bandelin.com\/shop\/sonorex-ultraschallbaeder\/zubehoer-sonorex-ultraschallbaeder\/sonorex-kw-50-b-0-einhaengewanne-mit-deckel\/#primaryimage"},"image":{"@id":"https:\/\/bandelin.com\/shop\/sonorex-ultraschallbaeder\/zubehoer-sonorex-ultraschallbaeder\/sonorex-kw-50-b-0-einhaengewanne-mit-deckel\/#primaryimage"},"thumbnailUrl":"https:\/\/bandelin.com\/wp-content\/uploads\/Produktfoto_KW_50_B_0-scaled.jpg","datePublished":"2026-03-31T20:25:41+00:00","dateModified":"2026-04-26T18:27:49+00:00","description":"M\u00e1s informaci\u00f3n sobre SONOREX KW 50 B-0 Cubeta de suspensi\u00f3n con tapa | Ba\u00f1os de ultrasonidos de alta calidad para la medicina y la industria de Bandelin Electronic desde 1955.","breadcrumb":{"@id":"https:\/\/bandelin.com\/shop\/sonorex-ultraschallbaeder\/zubehoer-sonorex-ultraschallbaeder\/sonorex-kw-50-b-0-einhaengewanne-mit-deckel\/#breadcrumb"},"inLanguage":"es","potentialAction":[{"@type":"ReadAction","target":["https:\/\/bandelin.com\/shop\/sonorex-ultraschallbaeder\/zubehoer-sonorex-ultraschallbaeder\/sonorex-kw-50-b-0-einhaengewanne-mit-deckel\/"]}]},{"@type":"ImageObject","inLanguage":"es","@id":"https:\/\/bandelin.com\/shop\/sonorex-ultraschallbaeder\/zubehoer-sonorex-ultraschallbaeder\/sonorex-kw-50-b-0-einhaengewanne-mit-deckel\/#primaryimage","url":"https:\/\/bandelin.com\/wp-content\/uploads\/Produktfoto_KW_50_B_0-scaled.jpg","contentUrl":"https:\/\/bandelin.com\/wp-content\/uploads\/Produktfoto_KW_50_B_0-scaled.jpg","width":2048,"height":2048,"caption":"SONOREX KW 50 B-0 Einh\u00e4ngewanne mit Deckel Bild"},{"@type":"BreadcrumbList","@id":"https:\/\/bandelin.com\/shop\/sonorex-ultraschallbaeder\/zubehoer-sonorex-ultraschallbaeder\/sonorex-kw-50-b-0-einhaengewanne-mit-deckel\/#breadcrumb","itemListElement":[{"@type":"ListItem","position":1,"name":"Startseite","item":"https:\/\/bandelin.com\/"},{"@type":"ListItem","position":2,"name":"Shop","item":"https:\/\/bandelin.com\/shop\/"},{"@type":"ListItem","position":3,"name":"SONOREX KW 50 B-0 Einh\u00e4ngewanne mit Deckel"}]},{"@type":"WebSite","@id":"https:\/\/bandelin.com\/#website","url":"https:\/\/bandelin.com\/","name":"BANDELIN electronic GmbH &amp; Co. KG","description":"Ultrasonidos desde 1955","publisher":{"@id":"https:\/\/bandelin.com\/#organization"},"potentialAction":[{"@type":"SearchAction","target":{"@type":"EntryPoint","urlTemplate":"https:\/\/bandelin.com\/?s={search_term_string}"},"query-input":{"@type":"PropertyValueSpecification","valueRequired":true,"valueName":"search_term_string"}}],"inLanguage":"es"},{"@type":"Organization","@id":"https:\/\/bandelin.com\/#organization","name":"BANDELIN electronic GmbH &amp; Co. KG","url":"https:\/\/bandelin.com\/","logo":{"@type":"ImageObject","inLanguage":"es","@id":"https:\/\/bandelin.com\/#\/schema\/logo\/image\/","url":"","contentUrl":"","caption":"BANDELIN electronic GmbH & Co. KG"},"image":{"@id":"https:\/\/bandelin.com\/#\/schema\/logo\/image\/"},"sameAs":["https:\/\/de-de.facebook.com\/bandelin.electronic\/","https:\/\/www.instagram.com\/bandelin_ultrasonic\/?hl=de","https:\/\/www.linkedin.com\/company\/bandelin-electronic-gmbh-amp-co-kg","https:\/\/www.youtube.com\/channel\/UC5wTNrNxkwMmX-WzysQqw3g"]}]}},"_links":{"self":[{"href":"https:\/\/bandelin.com\/es\/wp-json\/wp\/v2\/product\/666658","targetHints":{"allow":["GET"]}}],"collection":[{"href":"https:\/\/bandelin.com\/es\/wp-json\/wp\/v2\/product"}],"about":[{"href":"https:\/\/bandelin.com\/es\/wp-json\/wp\/v2\/types\/product"}],"version-history":[{"count":2,"href":"https:\/\/bandelin.com\/es\/wp-json\/wp\/v2\/product\/666658\/revisions"}],"predecessor-version":[{"id":666660,"href":"https:\/\/bandelin.com\/es\/wp-json\/wp\/v2\/product\/666658\/revisions\/666660"}],"wp:featuredmedia":[{"embeddable":true,"href":"https:\/\/bandelin.com\/es\/wp-json\/wp\/v2\/media\/650059"}],"wp:attachment":[{"href":"https:\/\/bandelin.com\/es\/wp-json\/wp\/v2\/media?parent=666658"}],"wp:term":[{"taxonomy":"product_brand","embeddable":true,"href":"https:\/\/bandelin.com\/es\/wp-json\/wp\/v2\/product_brand?post=666658"},{"taxonomy":"product_cat","embeddable":true,"href":"https:\/\/bandelin.com\/es\/wp-json\/wp\/v2\/product_cat?post=666658"},{"taxonomy":"product_tag","embeddable":true,"href":"https:\/\/bandelin.com\/es\/wp-json\/wp\/v2\/product_tag?post=666658"}],"curies":[{"name":"wp","href":"https:\/\/api.w.org\/{rel}","templated":true}]}}