{"id":697245,"date":"2026-05-07T21:00:51","date_gmt":"2026-05-07T19:00:51","guid":{"rendered":"https:\/\/bandelin.com\/shop\/unkategorisiert\/tickopur-r-27-phosphorsaeure-reiniger-fuer-ultraschallreinigung-konzentrat\/"},"modified":"2026-05-07T23:06:49","modified_gmt":"2026-05-07T21:06:49","slug":"tickopur-r-27-limpiador-de-acido-fosforico-para-limpieza-por-ultrasonidos-concentrado","status":"publish","type":"product","link":"https:\/\/bandelin.com\/es\/shop\/reinigungs-und-desinfektionspraeparate\/tickopur-reinigungspraeparate\/tickopur-r-27-phosphorsaeure-reiniger-fuer-ultraschallreinigung-konzentrat\/","title":{"rendered":"TICKOPUR R 27 Limpiador de \u00e1cido fosf\u00f3rico para limpieza por ultrasonidos, concentrado"},"content":{"rendered":"<p>Limpiador especial<br \/>\n  Concentrado - a base de \u00e1cido fosf\u00f3rico<br \/>\n  Para desincrustar y eliminar el \u00f3xido de piezas de m\u00e1quinas, accesorios, contadores de agua, piezas de trabajo, cadenas, piezas de vidrio y cer\u00e1mica en la industria, el comercio y los laboratorios. TICKOPUR R 27 est\u00e1 especialmente dise\u00f1ado para la limpieza en aparatos de ultrasonidos SONOREX, pero tambi\u00e9n puede utilizarse para la limpieza por inmersi\u00f3n y con pa\u00f1os.<br \/>\n  Si se utiliza correctamente, se garantiza una limpieza r\u00e1pida y suave.<\/p>\n<p>  TICKOPUR R 27 eliminado:<br \/>\n  Dep\u00f3sitos minerales pesados como cal, silicatos, fosfatos, cementos, etc., as\u00ed como \u00f3xido, deslustre, \u00f3xidos met\u00e1licos, grasa y pel\u00edculas de aceite.<br \/>\n  de<br \/>\n  Acero, acero inoxidable, metales preciosos vidrio, cer\u00e1mica, pl\u00e1stico y caucho<\/p>\n<p>  Propiedades<br \/>\n  - L\u00edquido<br \/>\n  - Altamente concentrado<br \/>\n  - Para aplicaci\u00f3n ultras\u00f3nica<br \/>\n  - pH 1,9 a 1 %<br \/>\n  - Emulsionar<br \/>\n  - Biodegradable<br \/>\n  Concentraci\u00f3n de la aplicaci\u00f3n<br \/>\n  Aplicaci\u00f3n con ultrasonidos<br \/>\n  Dosificaci\u00f3n: 5 %<br \/>\n  Tiempo de sonicaci\u00f3n: 2 - 10 minutos<br \/>\n  Temperatura: 20 - 60 \u00b0C<br \/>\n  Aplicaci\u00f3n sin ultrasonidos<br \/>\n  Dosificaci\u00f3n: 10 - 20 %<br \/>\n  Tiempo de aplicaci\u00f3n: hasta 12 horas<br \/>\n  Temperatura: 20 - 60 \u00b0C<\/p>\n<p>  Notas de aplicaci\u00f3n<br \/>\n  Aseg\u00farese de que los objetos de limpieza est\u00e9n completamente mojados. Introduzca los objetos huecos de forma que el aire salga completamente de las cavidades. La concentraci\u00f3n y el tiempo de exposici\u00f3n dependen del tipo y la obstinaci\u00f3n de la suciedad. El proceso de limpieza se acelera aumentando la temperatura hasta un m\u00e1ximo de 60 \u00b0C. Tras la limpieza, aclare a fondo los objetos a limpiar con agua, o con agua desmineralizada para eliminar cualquier residuo.<\/p>\n<p>  Compatibilidad de materiales<br \/>\n  TICKOPUR R 27 es adecuado para muchos materiales. Tenga cuidado con el esta\u00f1o, el zinc, los metales ligeros y el acero sin protecci\u00f3n. Se recomienda realizar pruebas preliminares sobre la resistencia de los materiales sensibles.<\/p>\n<p>  Advertencias de peligro<br \/>\n  H314 Provoca quemaduras graves en la piel y lesiones oculares.<\/p>\n<p>  Instrucciones de seguridad<br \/>\n  P280 Lleve guantes\/ropa protectora\/protecci\u00f3n ocular\/protecci\u00f3n facial.<br \/>\n  P305+P351+P338 EN CASO DE CONTACTO CON LOS OJOS: Aclarar cuidadosamente con agua durante varios minutos.<br \/>\n  Si es posible, qu\u00edtese las lentes de contacto existentes. Contin\u00fae aclarando.<\/p>","protected":false},"excerpt":{"rendered":"<p>Spezial-Reiniger Konzentrat &#8211; Basis Phosphors\u00e4ure Zur Entkalkung und Entrostung von Maschinenteilen, Armaturen, Wasserz\u00e4hlern, Werkst\u00fccken, Ketten, Glas und Keramikteilen in Industrie, Handwerk und Laboratorien. TICKOPUR R 27 ist speziell f\u00fcr die Reinigung in SONOREX-Ultraschallger\u00e4ten, aber auch zur Tauch und Wischreinigung einzusetzen. Bei sachgem\u00e4\u00dfer Anwendung wird eine schnelle und materialschonende Reinigung gew\u00e4hrleistet. TICKOPUR R 27 entfernt: starke [&hellip;]<\/p>\n","protected":false},"featured_media":650176,"template":"","meta":{"_acf_changed":false},"product_brand":[],"product_cat":[14264,14181],"product_tag":[14830,14829],"class_list":{"0":"post-697245","1":"product","2":"type-product","3":"status-publish","4":"has-post-thumbnail","6":"product_cat-tickopur-reinigungspraeparate","7":"product_cat-reinigungs-und-desinfektionspraeparate","8":"product_tag-tickopur-reinigungspraeparate","9":"product_tag-reinigungs-und-desinfektionspraeparate","10":"pa_bestellnummer-14090","11":"pa_bestellnummer-14054","12":"pa_bestellnummer-14021","13":"pa_bestellnummer-14019","14":"pa_bestellnummer-13055","15":"pa_gebindegroesse-l-5-liter-376-euro-liter","16":"pa_gebindegroesse-l-10-liter-353-euro-liter","17":"pa_gebindegroesse-l-2-liter-415-euro-liter","18":"pa_gebindegroesse-l-200-liter-147-euro-liter","19":"pa_gebindegroesse-l-1-liter-47-euro-liter","20":"pa_inhalt-l-14542","21":"pa_inhalt-l-14541","22":"pa_inhalt-l-14540","23":"pa_inhalt-l-13991","24":"pa_inhalt-l-12484","25":"pa_verpackung-breite-mm-12313","26":"pa_verpackung-breite-mm-130-2","27":"pa_verpackung-hoehe-mm-14018","28":"pa_verpackung-hoehe-mm-13038","29":"pa_verpackung-hoehe-mm-12354","30":"pa_verpackung-laenge-mm-o-600","31":"pa_verpackung-laenge-mm-12353","32":"pa_verpackung-laenge-mm-250-2","34":"first","35":"instock","36":"taxable","37":"shipping-taxable","38":"purchasable","39":"product-type-variable","40":"has-default-attributes"},"acf":[],"yoast_head":"<!-- This site is optimized with the Yoast SEO plugin v27.5 - https:\/\/yoast.com\/product\/yoast-seo-wordpress\/ -->\n<title>TICKOPUR R 27 Phosphors\u00e4ure-Reiniger f\u00fcr Ultraschallreinigung, Konzentrat | BANDELIN electronic GmbH &amp; Co. KG<\/title>\n<meta name=\"description\" content=\"Informationen Sie sich \u00fcber TICKOPUR R 27 Phosphors\u00e4ure-Reiniger f\u00fcr Ultraschallreinigung, Konzentrat | Hochwertige Ultraschallb\u00e4der f\u00fcr Medizin und Industrie von Bandelin Electronic seit 1955.\" \/>\n<meta name=\"robots\" content=\"index, follow, max-snippet:-1, max-image-preview:large, max-video-preview:-1\" \/>\n<link rel=\"canonical\" href=\"https:\/\/bandelin.com\/es\/tienda\/preparados-de-limpieza-y-desinfeccion\/preparados-de-limpieza-tickopur-2\/tickopur-r-27-limpiador-de-acido-fosforico-para-limpieza-por-ultrasonidos-concentrado\/\" \/>\n<meta property=\"og:locale\" content=\"es_ES\" \/>\n<meta property=\"og:type\" content=\"article\" \/>\n<meta property=\"og:title\" content=\"TICKOPUR R 27 Phosphors\u00e4ure-Reiniger f\u00fcr Ultraschallreinigung, Konzentrat | BANDELIN electronic GmbH &amp; Co. KG\" \/>\n<meta property=\"og:description\" content=\"Informationen Sie sich \u00fcber TICKOPUR R 27 Phosphors\u00e4ure-Reiniger f\u00fcr Ultraschallreinigung, Konzentrat | Hochwertige Ultraschallb\u00e4der f\u00fcr Medizin und Industrie von Bandelin Electronic seit 1955.\" \/>\n<meta property=\"og:url\" content=\"https:\/\/bandelin.com\/es\/tienda\/preparados-de-limpieza-y-desinfeccion\/preparados-de-limpieza-tickopur-2\/tickopur-r-27-limpiador-de-acido-fosforico-para-limpieza-por-ultrasonidos-concentrado\/\" \/>\n<meta property=\"og:site_name\" content=\"BANDELIN electronic GmbH &amp; Co. KG\" \/>\n<meta property=\"article:publisher\" content=\"https:\/\/de-de.facebook.com\/bandelin.electronic\/\" \/>\n<meta property=\"article:modified_time\" content=\"2026-05-07T21:06:49+00:00\" \/>\n<meta property=\"og:image\" content=\"https:\/\/bandelin.com\/wp-content\/uploads\/Produktfoto_1L_TICKOPUR_R_27-scaled.jpg\" \/>\n\t<meta property=\"og:image:width\" content=\"2048\" \/>\n\t<meta property=\"og:image:height\" content=\"2048\" \/>\n\t<meta property=\"og:image:type\" content=\"image\/jpeg\" \/>\n<meta name=\"twitter:card\" content=\"summary_large_image\" \/>\n<meta name=\"twitter:label1\" content=\"Tiempo de lectura\" \/>\n\t<meta name=\"twitter:data1\" content=\"1 minuto\" \/>\n<script type=\"application\/ld+json\" class=\"yoast-schema-graph\">{\"@context\":\"https:\\\/\\\/schema.org\",\"@graph\":[{\"@type\":\"WebPage\",\"@id\":\"https:\\\/\\\/bandelin.com\\\/shop\\\/reinigungs-und-desinfektionspraeparate\\\/tickopur-reinigungspraeparate\\\/tickopur-r-27-phosphorsaeure-reiniger-fuer-ultraschallreinigung-konzentrat\\\/\",\"url\":\"https:\\\/\\\/bandelin.com\\\/shop\\\/reinigungs-und-desinfektionspraeparate\\\/tickopur-reinigungspraeparate\\\/tickopur-r-27-phosphorsaeure-reiniger-fuer-ultraschallreinigung-konzentrat\\\/\",\"name\":\"TICKOPUR R 27 Phosphors\u00e4ure-Reiniger f\u00fcr Ultraschallreinigung, Konzentrat | BANDELIN electronic GmbH &amp; Co. KG\",\"isPartOf\":{\"@id\":\"https:\\\/\\\/bvted2iv.myrdbx.io\\\/#website\"},\"primaryImageOfPage\":{\"@id\":\"https:\\\/\\\/bandelin.com\\\/shop\\\/reinigungs-und-desinfektionspraeparate\\\/tickopur-reinigungspraeparate\\\/tickopur-r-27-phosphorsaeure-reiniger-fuer-ultraschallreinigung-konzentrat\\\/#primaryimage\"},\"image\":{\"@id\":\"https:\\\/\\\/bandelin.com\\\/shop\\\/reinigungs-und-desinfektionspraeparate\\\/tickopur-reinigungspraeparate\\\/tickopur-r-27-phosphorsaeure-reiniger-fuer-ultraschallreinigung-konzentrat\\\/#primaryimage\"},\"thumbnailUrl\":\"https:\\\/\\\/bandelin.com\\\/wp-content\\\/uploads\\\/Produktfoto_1L_TICKOPUR_R_27-scaled.jpg\",\"datePublished\":\"2026-05-07T19:00:51+00:00\",\"dateModified\":\"2026-05-07T21:06:49+00:00\",\"description\":\"Informationen Sie sich \u00fcber TICKOPUR R 27 Phosphors\u00e4ure-Reiniger f\u00fcr Ultraschallreinigung, Konzentrat | Hochwertige Ultraschallb\u00e4der f\u00fcr Medizin und Industrie von Bandelin Electronic seit 1955.\",\"breadcrumb\":{\"@id\":\"https:\\\/\\\/bandelin.com\\\/shop\\\/reinigungs-und-desinfektionspraeparate\\\/tickopur-reinigungspraeparate\\\/tickopur-r-27-phosphorsaeure-reiniger-fuer-ultraschallreinigung-konzentrat\\\/#breadcrumb\"},\"inLanguage\":\"es\",\"potentialAction\":[{\"@type\":\"ReadAction\",\"target\":[\"https:\\\/\\\/bandelin.com\\\/shop\\\/reinigungs-und-desinfektionspraeparate\\\/tickopur-reinigungspraeparate\\\/tickopur-r-27-phosphorsaeure-reiniger-fuer-ultraschallreinigung-konzentrat\\\/\"]}]},{\"@type\":\"ImageObject\",\"inLanguage\":\"es\",\"@id\":\"https:\\\/\\\/bandelin.com\\\/shop\\\/reinigungs-und-desinfektionspraeparate\\\/tickopur-reinigungspraeparate\\\/tickopur-r-27-phosphorsaeure-reiniger-fuer-ultraschallreinigung-konzentrat\\\/#primaryimage\",\"url\":\"https:\\\/\\\/bandelin.com\\\/wp-content\\\/uploads\\\/Produktfoto_1L_TICKOPUR_R_27-scaled.jpg\",\"contentUrl\":\"https:\\\/\\\/bandelin.com\\\/wp-content\\\/uploads\\\/Produktfoto_1L_TICKOPUR_R_27-scaled.jpg\",\"width\":2048,\"height\":2048,\"caption\":\"TICKOPUR R 27 Phosphors\u00e4ure-Reiniger f\u00fcr Ultraschallreinigung\"},{\"@type\":\"BreadcrumbList\",\"@id\":\"https:\\\/\\\/bandelin.com\\\/shop\\\/reinigungs-und-desinfektionspraeparate\\\/tickopur-reinigungspraeparate\\\/tickopur-r-27-phosphorsaeure-reiniger-fuer-ultraschallreinigung-konzentrat\\\/#breadcrumb\",\"itemListElement\":[{\"@type\":\"ListItem\",\"position\":1,\"name\":\"Startseite\",\"item\":\"https:\\\/\\\/bandelin.com\\\/\"},{\"@type\":\"ListItem\",\"position\":2,\"name\":\"Shop\",\"item\":\"https:\\\/\\\/bandelin.com\\\/shop\\\/\"},{\"@type\":\"ListItem\",\"position\":3,\"name\":\"TICKOPUR R 27 Phosphors\u00e4ure-Reiniger f\u00fcr Ultraschallreinigung, Konzentrat\"}]},{\"@type\":\"WebSite\",\"@id\":\"https:\\\/\\\/bvted2iv.myrdbx.io\\\/#website\",\"url\":\"https:\\\/\\\/bvted2iv.myrdbx.io\\\/\",\"name\":\"BANDELIN electronic GmbH & Co. KG\",\"description\":\"Ultraschall seit 1955\",\"publisher\":{\"@id\":\"https:\\\/\\\/bvted2iv.myrdbx.io\\\/#organization\"},\"potentialAction\":[{\"@type\":\"SearchAction\",\"target\":{\"@type\":\"EntryPoint\",\"urlTemplate\":\"https:\\\/\\\/bvted2iv.myrdbx.io\\\/?s={search_term_string}\"},\"query-input\":{\"@type\":\"PropertyValueSpecification\",\"valueRequired\":true,\"valueName\":\"search_term_string\"}}],\"inLanguage\":\"es\"},{\"@type\":\"Organization\",\"@id\":\"https:\\\/\\\/bvted2iv.myrdbx.io\\\/#organization\",\"name\":\"BANDELIN electronic GmbH & Co. KG\",\"url\":\"https:\\\/\\\/bvted2iv.myrdbx.io\\\/\",\"logo\":{\"@type\":\"ImageObject\",\"inLanguage\":\"es\",\"@id\":\"https:\\\/\\\/bvted2iv.myrdbx.io\\\/#\\\/schema\\\/logo\\\/image\\\/\",\"url\":\"\",\"contentUrl\":\"\",\"caption\":\"BANDELIN electronic GmbH & Co. KG\"},\"image\":{\"@id\":\"https:\\\/\\\/bvted2iv.myrdbx.io\\\/#\\\/schema\\\/logo\\\/image\\\/\"},\"sameAs\":[\"https:\\\/\\\/de-de.facebook.com\\\/bandelin.electronic\\\/\",\"https:\\\/\\\/www.instagram.com\\\/bandelin_ultrasonic\\\/?hl=de\",\"https:\\\/\\\/www.linkedin.com\\\/company\\\/bandelin-electronic-gmbh-amp-co-kg\",\"https:\\\/\\\/www.youtube.com\\\/channel\\\/UC5wTNrNxkwMmX-WzysQqw3g\"]}]}<\/script>\n<!-- \/ Yoast SEO plugin. -->","yoast_head_json":{"title":"TICKOPUR R 27 Limpiador de \u00e1cido fosf\u00f3rico para la limpieza por ultrasonidos, concentrado | BANDELIN electronic GmbH &amp; Co. KG","description":"M\u00e1s informaci\u00f3n sobre TICKOPUR R 27 Limpiador de \u00e1cido fosf\u00f3rico para la limpieza por ultrasonidos, concentrado | Ba\u00f1os de ultrasonidos de alta calidad para la medicina y la industria de Bandelin Electronic desde 1955.","robots":{"index":"index","follow":"follow","max-snippet":"max-snippet:-1","max-image-preview":"max-image-preview:large","max-video-preview":"max-video-preview:-1"},"canonical":"https:\/\/bandelin.com\/es\/tienda\/preparados-de-limpieza-y-desinfeccion\/preparados-de-limpieza-tickopur-2\/tickopur-r-27-limpiador-de-acido-fosforico-para-limpieza-por-ultrasonidos-concentrado\/","og_locale":"es_ES","og_type":"article","og_title":"TICKOPUR R 27 Phosphors\u00e4ure-Reiniger f\u00fcr Ultraschallreinigung, Konzentrat | BANDELIN electronic GmbH &amp; Co. KG","og_description":"Informationen Sie sich \u00fcber TICKOPUR R 27 Phosphors\u00e4ure-Reiniger f\u00fcr Ultraschallreinigung, Konzentrat | Hochwertige Ultraschallb\u00e4der f\u00fcr Medizin und Industrie von Bandelin Electronic seit 1955.","og_url":"https:\/\/bandelin.com\/es\/tienda\/preparados-de-limpieza-y-desinfeccion\/preparados-de-limpieza-tickopur-2\/tickopur-r-27-limpiador-de-acido-fosforico-para-limpieza-por-ultrasonidos-concentrado\/","og_site_name":"BANDELIN electronic GmbH &amp; Co. KG","article_publisher":"https:\/\/de-de.facebook.com\/bandelin.electronic\/","article_modified_time":"2026-05-07T21:06:49+00:00","og_image":[{"width":2048,"height":2048,"url":"https:\/\/bandelin.com\/wp-content\/uploads\/Produktfoto_1L_TICKOPUR_R_27-scaled.jpg","type":"image\/jpeg"}],"twitter_card":"summary_large_image","twitter_misc":{"Tiempo de lectura":"1 minuto"},"schema":{"@context":"https:\/\/schema.org","@graph":[{"@type":"WebPage","@id":"https:\/\/bandelin.com\/shop\/reinigungs-und-desinfektionspraeparate\/tickopur-reinigungspraeparate\/tickopur-r-27-phosphorsaeure-reiniger-fuer-ultraschallreinigung-konzentrat\/","url":"https:\/\/bandelin.com\/shop\/reinigungs-und-desinfektionspraeparate\/tickopur-reinigungspraeparate\/tickopur-r-27-phosphorsaeure-reiniger-fuer-ultraschallreinigung-konzentrat\/","name":"TICKOPUR R 27 Limpiador de \u00e1cido fosf\u00f3rico para la limpieza por ultrasonidos, concentrado | BANDELIN electronic GmbH &amp; Co. KG","isPartOf":{"@id":"https:\/\/bvted2iv.myrdbx.io\/#website"},"primaryImageOfPage":{"@id":"https:\/\/bandelin.com\/shop\/reinigungs-und-desinfektionspraeparate\/tickopur-reinigungspraeparate\/tickopur-r-27-phosphorsaeure-reiniger-fuer-ultraschallreinigung-konzentrat\/#primaryimage"},"image":{"@id":"https:\/\/bandelin.com\/shop\/reinigungs-und-desinfektionspraeparate\/tickopur-reinigungspraeparate\/tickopur-r-27-phosphorsaeure-reiniger-fuer-ultraschallreinigung-konzentrat\/#primaryimage"},"thumbnailUrl":"https:\/\/bandelin.com\/wp-content\/uploads\/Produktfoto_1L_TICKOPUR_R_27-scaled.jpg","datePublished":"2026-05-07T19:00:51+00:00","dateModified":"2026-05-07T21:06:49+00:00","description":"M\u00e1s informaci\u00f3n sobre TICKOPUR R 27 Limpiador de \u00e1cido fosf\u00f3rico para la limpieza por ultrasonidos, concentrado | Ba\u00f1os de ultrasonidos de alta calidad para la medicina y la industria de Bandelin Electronic desde 1955.","breadcrumb":{"@id":"https:\/\/bandelin.com\/shop\/reinigungs-und-desinfektionspraeparate\/tickopur-reinigungspraeparate\/tickopur-r-27-phosphorsaeure-reiniger-fuer-ultraschallreinigung-konzentrat\/#breadcrumb"},"inLanguage":"es","potentialAction":[{"@type":"ReadAction","target":["https:\/\/bandelin.com\/shop\/reinigungs-und-desinfektionspraeparate\/tickopur-reinigungspraeparate\/tickopur-r-27-phosphorsaeure-reiniger-fuer-ultraschallreinigung-konzentrat\/"]}]},{"@type":"ImageObject","inLanguage":"es","@id":"https:\/\/bandelin.com\/shop\/reinigungs-und-desinfektionspraeparate\/tickopur-reinigungspraeparate\/tickopur-r-27-phosphorsaeure-reiniger-fuer-ultraschallreinigung-konzentrat\/#primaryimage","url":"https:\/\/bandelin.com\/wp-content\/uploads\/Produktfoto_1L_TICKOPUR_R_27-scaled.jpg","contentUrl":"https:\/\/bandelin.com\/wp-content\/uploads\/Produktfoto_1L_TICKOPUR_R_27-scaled.jpg","width":2048,"height":2048,"caption":"TICKOPUR R 27 Phosphors\u00e4ure-Reiniger f\u00fcr Ultraschallreinigung"},{"@type":"BreadcrumbList","@id":"https:\/\/bandelin.com\/shop\/reinigungs-und-desinfektionspraeparate\/tickopur-reinigungspraeparate\/tickopur-r-27-phosphorsaeure-reiniger-fuer-ultraschallreinigung-konzentrat\/#breadcrumb","itemListElement":[{"@type":"ListItem","position":1,"name":"Startseite","item":"https:\/\/bandelin.com\/"},{"@type":"ListItem","position":2,"name":"Shop","item":"https:\/\/bandelin.com\/shop\/"},{"@type":"ListItem","position":3,"name":"TICKOPUR R 27 Phosphors\u00e4ure-Reiniger f\u00fcr Ultraschallreinigung, Konzentrat"}]},{"@type":"WebSite","@id":"https:\/\/bvted2iv.myrdbx.io\/#website","url":"https:\/\/bvted2iv.myrdbx.io\/","name":"BANDELIN electronic GmbH &amp; Co. KG","description":"Ultrasonidos desde 1955","publisher":{"@id":"https:\/\/bvted2iv.myrdbx.io\/#organization"},"potentialAction":[{"@type":"SearchAction","target":{"@type":"EntryPoint","urlTemplate":"https:\/\/bvted2iv.myrdbx.io\/?s={search_term_string}"},"query-input":{"@type":"PropertyValueSpecification","valueRequired":true,"valueName":"search_term_string"}}],"inLanguage":"es"},{"@type":"Organization","@id":"https:\/\/bvted2iv.myrdbx.io\/#organization","name":"BANDELIN electronic GmbH &amp; Co. KG","url":"https:\/\/bvted2iv.myrdbx.io\/","logo":{"@type":"ImageObject","inLanguage":"es","@id":"https:\/\/bvted2iv.myrdbx.io\/#\/schema\/logo\/image\/","url":"","contentUrl":"","caption":"BANDELIN electronic GmbH & Co. KG"},"image":{"@id":"https:\/\/bvted2iv.myrdbx.io\/#\/schema\/logo\/image\/"},"sameAs":["https:\/\/de-de.facebook.com\/bandelin.electronic\/","https:\/\/www.instagram.com\/bandelin_ultrasonic\/?hl=de","https:\/\/www.linkedin.com\/company\/bandelin-electronic-gmbh-amp-co-kg","https:\/\/www.youtube.com\/channel\/UC5wTNrNxkwMmX-WzysQqw3g"]}]}},"_links":{"self":[{"href":"https:\/\/bandelin.com\/es\/wp-json\/wp\/v2\/product\/697245","targetHints":{"allow":["GET"]}}],"collection":[{"href":"https:\/\/bandelin.com\/es\/wp-json\/wp\/v2\/product"}],"about":[{"href":"https:\/\/bandelin.com\/es\/wp-json\/wp\/v2\/types\/product"}],"version-history":[{"count":1,"href":"https:\/\/bandelin.com\/es\/wp-json\/wp\/v2\/product\/697245\/revisions"}],"predecessor-version":[{"id":697246,"href":"https:\/\/bandelin.com\/es\/wp-json\/wp\/v2\/product\/697245\/revisions\/697246"}],"wp:featuredmedia":[{"embeddable":true,"href":"https:\/\/bandelin.com\/es\/wp-json\/wp\/v2\/media\/650176"}],"wp:attachment":[{"href":"https:\/\/bandelin.com\/es\/wp-json\/wp\/v2\/media?parent=697245"}],"wp:term":[{"taxonomy":"product_brand","embeddable":true,"href":"https:\/\/bandelin.com\/es\/wp-json\/wp\/v2\/product_brand?post=697245"},{"taxonomy":"product_cat","embeddable":true,"href":"https:\/\/bandelin.com\/es\/wp-json\/wp\/v2\/product_cat?post=697245"},{"taxonomy":"product_tag","embeddable":true,"href":"https:\/\/bandelin.com\/es\/wp-json\/wp\/v2\/product_tag?post=697245"}],"curies":[{"name":"wp","href":"https:\/\/api.w.org\/{rel}","templated":true}]}}