{"id":697338,"date":"2026-05-07T21:04:07","date_gmt":"2026-05-07T19:04:07","guid":{"rendered":"https:\/\/bandelin.com\/shop\/unkategorisiert\/stammopur-ag-gips-und-alginat-entferner-gebrauchsfertig\/"},"modified":"2026-05-13T20:29:03","modified_gmt":"2026-05-13T18:29:03","slug":"stammopur-ag-eliminador-de-yeso-y-alginato-listo-para-usar","status":"publish","type":"product","link":"https:\/\/bandelin.com\/es\/shop\/reinigungs-und-desinfektionspraeparate\/stammopur-reinigungs-und-desinfektionspraeparate\/stammopur-ag-gips-und-alginat-entferner-gebrauchsfertig\/","title":{"rendered":"STAMMOPUR AG Eliminador de yeso y alginato, listo para usar"},"content":{"rendered":"<p>STAMMOPUR AG<br \/>\n  Eliminador de yeso y alginato<\/p>\n<p>  Soluci\u00f3n lista para usar para eliminar el yeso y el alginato de instrumentos m\u00e9dicos, accesorios, herramientas y componentes de dispositivos m\u00e9dicos utilizados para la toma de impresiones y el modelado en el sector dental. Para uso en ba\u00f1os ultras\u00f3nicos y ba\u00f1os de inmersi\u00f3n.<\/p>\n<p>  El preparado se utiliza en el proceso de limpieza de instrumentos y accesorios en la consulta dental y en el \u00e1rea de limpieza de componentes, instrumentos y herramientas en el laboratorio dental.<\/p>\n<p>  De un vistazo<br \/>\n  - Listo para usar<br \/>\n  - Elimina yesos y alginatos<br \/>\n  - Compatibilidad de materiales muy alta, limitada para metales ligeros<br \/>\n  - Biodegradable<br \/>\n  - Alto efecto de limpieza en el ba\u00f1o ultras\u00f3nico<\/p>\n<p>  Compatibilidad de materiales y contaminaci\u00f3n<br \/>\n  STAMMOPUR AG tiene una compatibilidad de materiales muy elevada.<br \/>\n  Debido a su formulaci\u00f3n en el rango ligeramente alcalino, el producto es incluso condicionalmente adecuado para metales ligeros.<br \/>\n  Los metales ligeros y sus aleaciones deben someterse a pruebas de resistencia antes de su uso.<\/p>\n<p>  Eliminado<br \/>\n  - Yesos<br \/>\n  y alginatos<\/p>\n<p>  de los siguientes materiales<br \/>\n  - Metal,<br \/>\n  - metales ligeros de forma limitada,<br \/>\n  - Titanio,<br \/>\n  - Vidrio,<br \/>\n  - Porcelana,<br \/>\n  - Cer\u00e1mica,<br \/>\n  y pl\u00e1stico.<\/p>\n<p>  Aplicaci\u00f3n<br \/>\n  Los usuarios exclusivamente profesionales son personal especializado formado.<\/p>\n<p>  El STAMMOPUR AG tiene un alto efecto limpiador sobre impurezas espec\u00edficas como el yeso y los alginatos. <\/p>\n<p>  Los yesos dentales se disuelven con la formaci\u00f3n de burbujas. La soluci\u00f3n debe sustituirse si disminuye la formaci\u00f3n de burbujas.<\/p>\n<p>  Los alginatos se disuelven con STAMMOPUR AG y pueden retirarse f\u00e1cilmente del instrumento, p. ej. la cubeta de impresi\u00f3n, una vez transcurrido el tiempo de reacci\u00f3n o enjuagarse con un fuerte chorro de agua.<\/p>\n<p>  La aplicaci\u00f3n se realiza en un ba\u00f1o de ultrasonidos o en un ba\u00f1o de inmersi\u00f3n.<\/p>\n<p>  Dosis y tiempo de exposici\u00f3n<br \/>\n  Dosificaci\u00f3n:<br \/>\n  en un ba\u00f1o ultras\u00f3nico: sin diluir<br \/>\n  sin ultrasonidos: sin diluir<\/p>\n<p>  Tiempo de exposici\u00f3n:<br \/>\n  en el ba\u00f1o ultras\u00f3nico: 3-10 min<br \/>\n  sin ultrasonidos: 15-120 min<\/p>\n<p>  Temperatura: 20 - 60\u00b0C<\/p>\n<p>  Composici\u00f3n por 100 g:<br \/>\n  &gt; 10 % agente complejante (EDTA),<br \/>\n  1-&lt; 10 % \u00c1cido c\u00edtrico,\n  1-&lt; 10 % carbonatos,\n  0,1-&lt; 1,0 % tensioactivos anf\u00f3teros\n  \n  Gama de pH del producto: ligeramente alcalino\n  \n  Aplicaci\u00f3n sin diluci\u00f3n adicional.\n  \n  No est\u00e1 permitido a\u00f1adir aditivos a la soluci\u00f3n de limpieza.\n  \n  Notas especiales\n  Los adhesivos (agentes de uni\u00f3n o pegamentos) no se eliminan.\n  \n  No tratar con ultrasonidos la \u00f3ptica, la fibra \u00f3ptica ni las piezas adheridas.\n  \n  Indicaciones de peligro\n  H318 Provoca lesiones oculares graves.\n  \n  Consejos de prudencia\n  P305+P351+P338 EN CASO DE CONTACTO CON LOS OJOS: Aclarar cuidadosamente con agua durante varios minutos.\n  Si es posible, retirar las lentes de contacto. Continuar enjuagando.\n<\/p>","protected":false},"excerpt":{"rendered":"<p>STAMMOPUR AG Gips- und Alginat Entferner Gebrauchsfertige L\u00f6sung zur Gips- und Alginat-Entfernung f\u00fcr medizinische Instrumente, Zubeh\u00f6r, Werkzeuge und Komponenten von Medizinprodukten, die f\u00fcr die Abformung und Modellierung im Dentalbereich zum Einsatz kommen. F\u00fcr die Anwendung im Ultraschallbad und im Tauchbadverfahren. Der Einsatz des Pr\u00e4parates erfolgt im Prozess der Instrumenten- und Zubeh\u00f6rreinigung in der Zahnarztpraxis und [&hellip;]<\/p>\n","protected":false},"featured_media":650241,"template":"","meta":{"_acf_changed":false},"product_brand":[],"product_cat":[14263,14181],"product_tag":[14831,14829],"class_list":{"0":"post-697338","1":"product","2":"type-product","3":"status-publish","4":"has-post-thumbnail","6":"product_cat-stammopur-reinigungs-und-desinfektionspraeparate","7":"product_cat-reinigungs-und-desinfektionspraeparate","8":"product_tag-stammopur-reinigungs-und-desinfektionspraeparate","9":"product_tag-reinigungs-und-desinfektionspraeparate","10":"pa_bestellnummer-13997","11":"pa_bestellnummer-13973","12":"pa_bestellnummer-13971","13":"pa_bestellnummer-13041","14":"pa_gebindegroesse-l-1-liter-32-euro-liter","15":"pa_gebindegroesse-l-10-liter-198-euro-liter","16":"pa_gebindegroesse-l-5-liter-22-euro-liter","17":"pa_gebindegroesse-l-2-liter-26-euro-liter","18":"pa_inhalt-l-14541","19":"pa_inhalt-l-14540","20":"pa_inhalt-l-13991","21":"pa_inhalt-l-12484","22":"pa_verpackung-breite-mm-12313","23":"pa_verpackung-breite-mm-130-2","24":"pa_verpackung-hoehe-mm-13038","25":"pa_verpackung-hoehe-mm-12354","26":"pa_verpackung-laenge-mm-12353","27":"pa_verpackung-laenge-mm-250-2","29":"first","30":"onbackorder","31":"taxable","32":"shipping-taxable","33":"purchasable","34":"product-type-variable","35":"has-default-attributes"},"acf":[],"yoast_head":"<!-- This site is optimized with the Yoast SEO plugin v27.6 - https:\/\/yoast.com\/product\/yoast-seo-wordpress\/ -->\n<title>STAMMOPUR AG Gips- und Alginat Entferner, gebrauchsfertig | BANDELIN electronic GmbH &amp; Co. KG<\/title>\n<meta name=\"description\" content=\"Informationen Sie sich \u00fcber STAMMOPUR AG Gips- und Alginat Entferner, gebrauchsfertig | Hochwertige Ultraschallb\u00e4der f\u00fcr Medizin und Industrie von Bandelin Electronic seit 1955.\" \/>\n<meta name=\"robots\" content=\"index, follow, max-snippet:-1, max-image-preview:large, max-video-preview:-1\" \/>\n<link rel=\"canonical\" href=\"https:\/\/bandelin.com\/es\/tienda\/preparados-de-limpieza-y-desinfeccion\/preparados-de-limpieza-y-desinfeccion-stammopur\/stammopur-ag-eliminador-de-yeso-y-alginato-listo-para-usar\/\" \/>\n<meta property=\"og:locale\" content=\"es_ES\" \/>\n<meta property=\"og:type\" content=\"article\" \/>\n<meta property=\"og:title\" content=\"STAMMOPUR AG Gips- und Alginat Entferner, gebrauchsfertig | BANDELIN electronic GmbH &amp; Co. KG\" \/>\n<meta property=\"og:description\" content=\"Informationen Sie sich \u00fcber STAMMOPUR AG Gips- und Alginat Entferner, gebrauchsfertig | Hochwertige Ultraschallb\u00e4der f\u00fcr Medizin und Industrie von Bandelin Electronic seit 1955.\" \/>\n<meta property=\"og:url\" content=\"https:\/\/bandelin.com\/es\/tienda\/preparados-de-limpieza-y-desinfeccion\/preparados-de-limpieza-y-desinfeccion-stammopur\/stammopur-ag-eliminador-de-yeso-y-alginato-listo-para-usar\/\" \/>\n<meta property=\"og:site_name\" content=\"BANDELIN electronic GmbH &amp; Co. KG\" \/>\n<meta property=\"article:publisher\" content=\"https:\/\/de-de.facebook.com\/bandelin.electronic\/\" \/>\n<meta property=\"article:modified_time\" content=\"2026-05-13T18:29:03+00:00\" \/>\n<meta property=\"og:image\" content=\"https:\/\/bandelin.com\/wp-content\/uploads\/Produktfoto_1L_STAMMOPUR_AG-scaled.jpg\" \/>\n\t<meta property=\"og:image:width\" content=\"2048\" \/>\n\t<meta property=\"og:image:height\" content=\"2048\" \/>\n\t<meta property=\"og:image:type\" content=\"image\/jpeg\" \/>\n<meta name=\"twitter:card\" content=\"summary_large_image\" \/>\n<meta name=\"twitter:label1\" content=\"Tiempo de lectura\" \/>\n\t<meta name=\"twitter:data1\" content=\"2 minutos\" \/>\n<script type=\"application\/ld+json\" class=\"yoast-schema-graph\">{\"@context\":\"https:\\\/\\\/schema.org\",\"@graph\":[{\"@type\":\"WebPage\",\"@id\":\"https:\\\/\\\/bandelin.com\\\/shop\\\/reinigungs-und-desinfektionspraeparate\\\/stammopur-reinigungs-und-desinfektionspraeparate\\\/stammopur-ag-gips-und-alginat-entferner-gebrauchsfertig\\\/\",\"url\":\"https:\\\/\\\/bandelin.com\\\/shop\\\/reinigungs-und-desinfektionspraeparate\\\/stammopur-reinigungs-und-desinfektionspraeparate\\\/stammopur-ag-gips-und-alginat-entferner-gebrauchsfertig\\\/\",\"name\":\"STAMMOPUR AG Gips- und Alginat Entferner, gebrauchsfertig | BANDELIN electronic GmbH &amp; Co. KG\",\"isPartOf\":{\"@id\":\"https:\\\/\\\/bvted2iv.myrdbx.io\\\/#website\"},\"primaryImageOfPage\":{\"@id\":\"https:\\\/\\\/bandelin.com\\\/shop\\\/reinigungs-und-desinfektionspraeparate\\\/stammopur-reinigungs-und-desinfektionspraeparate\\\/stammopur-ag-gips-und-alginat-entferner-gebrauchsfertig\\\/#primaryimage\"},\"image\":{\"@id\":\"https:\\\/\\\/bandelin.com\\\/shop\\\/reinigungs-und-desinfektionspraeparate\\\/stammopur-reinigungs-und-desinfektionspraeparate\\\/stammopur-ag-gips-und-alginat-entferner-gebrauchsfertig\\\/#primaryimage\"},\"thumbnailUrl\":\"https:\\\/\\\/bandelin.com\\\/wp-content\\\/uploads\\\/Produktfoto_1L_STAMMOPUR_AG-scaled.jpg\",\"datePublished\":\"2026-05-07T19:04:07+00:00\",\"dateModified\":\"2026-05-13T18:29:03+00:00\",\"description\":\"Informationen Sie sich \u00fcber STAMMOPUR AG Gips- und Alginat Entferner, gebrauchsfertig | Hochwertige Ultraschallb\u00e4der f\u00fcr Medizin und Industrie von Bandelin Electronic seit 1955.\",\"breadcrumb\":{\"@id\":\"https:\\\/\\\/bandelin.com\\\/shop\\\/reinigungs-und-desinfektionspraeparate\\\/stammopur-reinigungs-und-desinfektionspraeparate\\\/stammopur-ag-gips-und-alginat-entferner-gebrauchsfertig\\\/#breadcrumb\"},\"inLanguage\":\"es\",\"potentialAction\":[{\"@type\":\"ReadAction\",\"target\":[\"https:\\\/\\\/bandelin.com\\\/shop\\\/reinigungs-und-desinfektionspraeparate\\\/stammopur-reinigungs-und-desinfektionspraeparate\\\/stammopur-ag-gips-und-alginat-entferner-gebrauchsfertig\\\/\"]}]},{\"@type\":\"ImageObject\",\"inLanguage\":\"es\",\"@id\":\"https:\\\/\\\/bandelin.com\\\/shop\\\/reinigungs-und-desinfektionspraeparate\\\/stammopur-reinigungs-und-desinfektionspraeparate\\\/stammopur-ag-gips-und-alginat-entferner-gebrauchsfertig\\\/#primaryimage\",\"url\":\"https:\\\/\\\/bandelin.com\\\/wp-content\\\/uploads\\\/Produktfoto_1L_STAMMOPUR_AG-scaled.jpg\",\"contentUrl\":\"https:\\\/\\\/bandelin.com\\\/wp-content\\\/uploads\\\/Produktfoto_1L_STAMMOPUR_AG-scaled.jpg\",\"width\":2048,\"height\":2048,\"caption\":\"STAMMOPUR AG Gips- und Alginat Entferner\"},{\"@type\":\"BreadcrumbList\",\"@id\":\"https:\\\/\\\/bandelin.com\\\/shop\\\/reinigungs-und-desinfektionspraeparate\\\/stammopur-reinigungs-und-desinfektionspraeparate\\\/stammopur-ag-gips-und-alginat-entferner-gebrauchsfertig\\\/#breadcrumb\",\"itemListElement\":[{\"@type\":\"ListItem\",\"position\":1,\"name\":\"Startseite\",\"item\":\"https:\\\/\\\/bandelin.com\\\/\"},{\"@type\":\"ListItem\",\"position\":2,\"name\":\"Shop\",\"item\":\"https:\\\/\\\/bandelin.com\\\/shop\\\/\"},{\"@type\":\"ListItem\",\"position\":3,\"name\":\"STAMMOPUR AG Gips- und Alginat Entferner, gebrauchsfertig\"}]},{\"@type\":\"WebSite\",\"@id\":\"https:\\\/\\\/bvted2iv.myrdbx.io\\\/#website\",\"url\":\"https:\\\/\\\/bvted2iv.myrdbx.io\\\/\",\"name\":\"BANDELIN electronic GmbH & Co. KG\",\"description\":\"Ultraschall seit 1955\",\"publisher\":{\"@id\":\"https:\\\/\\\/bvted2iv.myrdbx.io\\\/#organization\"},\"potentialAction\":[{\"@type\":\"SearchAction\",\"target\":{\"@type\":\"EntryPoint\",\"urlTemplate\":\"https:\\\/\\\/bvted2iv.myrdbx.io\\\/?s={search_term_string}\"},\"query-input\":{\"@type\":\"PropertyValueSpecification\",\"valueRequired\":true,\"valueName\":\"search_term_string\"}}],\"inLanguage\":\"es\"},{\"@type\":\"Organization\",\"@id\":\"https:\\\/\\\/bvted2iv.myrdbx.io\\\/#organization\",\"name\":\"BANDELIN electronic GmbH & Co. KG\",\"url\":\"https:\\\/\\\/bvted2iv.myrdbx.io\\\/\",\"logo\":{\"@type\":\"ImageObject\",\"inLanguage\":\"es\",\"@id\":\"https:\\\/\\\/bvted2iv.myrdbx.io\\\/#\\\/schema\\\/logo\\\/image\\\/\",\"url\":\"\",\"contentUrl\":\"\",\"caption\":\"BANDELIN electronic GmbH & Co. KG\"},\"image\":{\"@id\":\"https:\\\/\\\/bvted2iv.myrdbx.io\\\/#\\\/schema\\\/logo\\\/image\\\/\"},\"sameAs\":[\"https:\\\/\\\/de-de.facebook.com\\\/bandelin.electronic\\\/\",\"https:\\\/\\\/www.instagram.com\\\/bandelin_ultrasonic\\\/?hl=de\",\"https:\\\/\\\/www.linkedin.com\\\/company\\\/bandelin-electronic-gmbh-amp-co-kg\",\"https:\\\/\\\/www.youtube.com\\\/channel\\\/UC5wTNrNxkwMmX-WzysQqw3g\"]}]}<\/script>\n<!-- \/ Yoast SEO plugin. -->","yoast_head_json":{"title":"STAMMOPUR AG Eliminador de yeso y alginato, listo para usar | BANDELIN electronic GmbH &amp; Co. KG","description":"M\u00e1s informaci\u00f3n sobre STAMMOPUR AG Eliminador de yeso y alginato, listo para usar | Ba\u00f1os ultras\u00f3nicos de alta calidad para la medicina y la industria de Bandelin Electronic desde 1955.","robots":{"index":"index","follow":"follow","max-snippet":"max-snippet:-1","max-image-preview":"max-image-preview:large","max-video-preview":"max-video-preview:-1"},"canonical":"https:\/\/bandelin.com\/es\/tienda\/preparados-de-limpieza-y-desinfeccion\/preparados-de-limpieza-y-desinfeccion-stammopur\/stammopur-ag-eliminador-de-yeso-y-alginato-listo-para-usar\/","og_locale":"es_ES","og_type":"article","og_title":"STAMMOPUR AG Gips- und Alginat Entferner, gebrauchsfertig | BANDELIN electronic GmbH &amp; Co. KG","og_description":"Informationen Sie sich \u00fcber STAMMOPUR AG Gips- und Alginat Entferner, gebrauchsfertig | Hochwertige Ultraschallb\u00e4der f\u00fcr Medizin und Industrie von Bandelin Electronic seit 1955.","og_url":"https:\/\/bandelin.com\/es\/tienda\/preparados-de-limpieza-y-desinfeccion\/preparados-de-limpieza-y-desinfeccion-stammopur\/stammopur-ag-eliminador-de-yeso-y-alginato-listo-para-usar\/","og_site_name":"BANDELIN electronic GmbH &amp; Co. KG","article_publisher":"https:\/\/de-de.facebook.com\/bandelin.electronic\/","article_modified_time":"2026-05-13T18:29:03+00:00","og_image":[{"width":2048,"height":2048,"url":"https:\/\/bandelin.com\/wp-content\/uploads\/Produktfoto_1L_STAMMOPUR_AG-scaled.jpg","type":"image\/jpeg"}],"twitter_card":"summary_large_image","twitter_misc":{"Tiempo de lectura":"2 minutos"},"schema":{"@context":"https:\/\/schema.org","@graph":[{"@type":"WebPage","@id":"https:\/\/bandelin.com\/shop\/reinigungs-und-desinfektionspraeparate\/stammopur-reinigungs-und-desinfektionspraeparate\/stammopur-ag-gips-und-alginat-entferner-gebrauchsfertig\/","url":"https:\/\/bandelin.com\/shop\/reinigungs-und-desinfektionspraeparate\/stammopur-reinigungs-und-desinfektionspraeparate\/stammopur-ag-gips-und-alginat-entferner-gebrauchsfertig\/","name":"STAMMOPUR AG Eliminador de yeso y alginato, listo para usar | BANDELIN electronic GmbH &amp; Co. KG","isPartOf":{"@id":"https:\/\/bvted2iv.myrdbx.io\/#website"},"primaryImageOfPage":{"@id":"https:\/\/bandelin.com\/shop\/reinigungs-und-desinfektionspraeparate\/stammopur-reinigungs-und-desinfektionspraeparate\/stammopur-ag-gips-und-alginat-entferner-gebrauchsfertig\/#primaryimage"},"image":{"@id":"https:\/\/bandelin.com\/shop\/reinigungs-und-desinfektionspraeparate\/stammopur-reinigungs-und-desinfektionspraeparate\/stammopur-ag-gips-und-alginat-entferner-gebrauchsfertig\/#primaryimage"},"thumbnailUrl":"https:\/\/bandelin.com\/wp-content\/uploads\/Produktfoto_1L_STAMMOPUR_AG-scaled.jpg","datePublished":"2026-05-07T19:04:07+00:00","dateModified":"2026-05-13T18:29:03+00:00","description":"M\u00e1s informaci\u00f3n sobre STAMMOPUR AG Eliminador de yeso y alginato, listo para usar | Ba\u00f1os ultras\u00f3nicos de alta calidad para la medicina y la industria de Bandelin Electronic desde 1955.","breadcrumb":{"@id":"https:\/\/bandelin.com\/shop\/reinigungs-und-desinfektionspraeparate\/stammopur-reinigungs-und-desinfektionspraeparate\/stammopur-ag-gips-und-alginat-entferner-gebrauchsfertig\/#breadcrumb"},"inLanguage":"es","potentialAction":[{"@type":"ReadAction","target":["https:\/\/bandelin.com\/shop\/reinigungs-und-desinfektionspraeparate\/stammopur-reinigungs-und-desinfektionspraeparate\/stammopur-ag-gips-und-alginat-entferner-gebrauchsfertig\/"]}]},{"@type":"ImageObject","inLanguage":"es","@id":"https:\/\/bandelin.com\/shop\/reinigungs-und-desinfektionspraeparate\/stammopur-reinigungs-und-desinfektionspraeparate\/stammopur-ag-gips-und-alginat-entferner-gebrauchsfertig\/#primaryimage","url":"https:\/\/bandelin.com\/wp-content\/uploads\/Produktfoto_1L_STAMMOPUR_AG-scaled.jpg","contentUrl":"https:\/\/bandelin.com\/wp-content\/uploads\/Produktfoto_1L_STAMMOPUR_AG-scaled.jpg","width":2048,"height":2048,"caption":"STAMMOPUR AG Gips- und Alginat Entferner"},{"@type":"BreadcrumbList","@id":"https:\/\/bandelin.com\/shop\/reinigungs-und-desinfektionspraeparate\/stammopur-reinigungs-und-desinfektionspraeparate\/stammopur-ag-gips-und-alginat-entferner-gebrauchsfertig\/#breadcrumb","itemListElement":[{"@type":"ListItem","position":1,"name":"Startseite","item":"https:\/\/bandelin.com\/"},{"@type":"ListItem","position":2,"name":"Shop","item":"https:\/\/bandelin.com\/shop\/"},{"@type":"ListItem","position":3,"name":"STAMMOPUR AG Gips- und Alginat Entferner, gebrauchsfertig"}]},{"@type":"WebSite","@id":"https:\/\/bvted2iv.myrdbx.io\/#website","url":"https:\/\/bvted2iv.myrdbx.io\/","name":"BANDELIN electronic GmbH &amp; Co. KG","description":"Ultrasonidos desde 1955","publisher":{"@id":"https:\/\/bvted2iv.myrdbx.io\/#organization"},"potentialAction":[{"@type":"SearchAction","target":{"@type":"EntryPoint","urlTemplate":"https:\/\/bvted2iv.myrdbx.io\/?s={search_term_string}"},"query-input":{"@type":"PropertyValueSpecification","valueRequired":true,"valueName":"search_term_string"}}],"inLanguage":"es"},{"@type":"Organization","@id":"https:\/\/bvted2iv.myrdbx.io\/#organization","name":"BANDELIN electronic GmbH &amp; Co. KG","url":"https:\/\/bvted2iv.myrdbx.io\/","logo":{"@type":"ImageObject","inLanguage":"es","@id":"https:\/\/bvted2iv.myrdbx.io\/#\/schema\/logo\/image\/","url":"","contentUrl":"","caption":"BANDELIN electronic GmbH & Co. KG"},"image":{"@id":"https:\/\/bvted2iv.myrdbx.io\/#\/schema\/logo\/image\/"},"sameAs":["https:\/\/de-de.facebook.com\/bandelin.electronic\/","https:\/\/www.instagram.com\/bandelin_ultrasonic\/?hl=de","https:\/\/www.linkedin.com\/company\/bandelin-electronic-gmbh-amp-co-kg","https:\/\/www.youtube.com\/channel\/UC5wTNrNxkwMmX-WzysQqw3g"]}]}},"_links":{"self":[{"href":"https:\/\/bandelin.com\/es\/wp-json\/wp\/v2\/product\/697338","targetHints":{"allow":["GET"]}}],"collection":[{"href":"https:\/\/bandelin.com\/es\/wp-json\/wp\/v2\/product"}],"about":[{"href":"https:\/\/bandelin.com\/es\/wp-json\/wp\/v2\/types\/product"}],"version-history":[{"count":1,"href":"https:\/\/bandelin.com\/es\/wp-json\/wp\/v2\/product\/697338\/revisions"}],"predecessor-version":[{"id":697339,"href":"https:\/\/bandelin.com\/es\/wp-json\/wp\/v2\/product\/697338\/revisions\/697339"}],"wp:featuredmedia":[{"embeddable":true,"href":"https:\/\/bandelin.com\/es\/wp-json\/wp\/v2\/media\/650241"}],"wp:attachment":[{"href":"https:\/\/bandelin.com\/es\/wp-json\/wp\/v2\/media?parent=697338"}],"wp:term":[{"taxonomy":"product_brand","embeddable":true,"href":"https:\/\/bandelin.com\/es\/wp-json\/wp\/v2\/product_brand?post=697338"},{"taxonomy":"product_cat","embeddable":true,"href":"https:\/\/bandelin.com\/es\/wp-json\/wp\/v2\/product_cat?post=697338"},{"taxonomy":"product_tag","embeddable":true,"href":"https:\/\/bandelin.com\/es\/wp-json\/wp\/v2\/product_tag?post=697338"}],"curies":[{"name":"wp","href":"https:\/\/api.w.org\/{rel}","templated":true}]}}