{"id":697344,"date":"2026-05-07T21:04:14","date_gmt":"2026-05-07T19:04:14","guid":{"rendered":"https:\/\/bandelin.com\/shop\/unkategorisiert\/tickomed-1-dental-instrumenten-reiniger-konzentrat\/"},"modified":"2026-05-07T23:07:53","modified_gmt":"2026-05-07T21:07:53","slug":"tickomed-1-limpiador-concentrado-de-instrumental-dental","status":"publish","type":"product","link":"https:\/\/bandelin.com\/es\/shop\/reinigungs-und-desinfektionspraeparate\/stammopur-reinigungs-und-desinfektionspraeparate\/tickomed-1-dental-instrumenten-reiniger-konzentrat\/","title":{"rendered":"TICKOMED 1 Limpiador de instrumentos dentales, concentrado"},"content":{"rendered":"<p>TICKOMED 1<br \/>\n  Limpiador de instrumentos dentales<\/p>\n<p>  Concentrado para la limpieza manual y la limpieza previa de instrumental odontol\u00f3gico, quir\u00fargico, m\u00e9dico invasivo y no invasivo, instrumental rotatorio y no rotatorio peque\u00f1o y de precisi\u00f3n, as\u00ed como peque\u00f1o instrumental endodontol\u00f3gico, accesorios y componentes de dispositivos m\u00e9dicos, tanto en ba\u00f1os ultras\u00f3nicos como en ba\u00f1os de inmersi\u00f3n.<\/p>\n<p>  El preparado se utiliza en el proceso de preparaci\u00f3n del instrumental en consultas odontol\u00f3gicas, cl\u00ednicas dentales, cirug\u00eda oral y ortodoncia. <\/p>\n<p>  La aplicaci\u00f3n est\u00e1 pensada para la limpieza y la prelimpieza como parte del reprocesamiento manual.<\/p>\n<p>  De un vistazo<br \/>\n  - Concentrado<br \/>\n  - Elimina sangre, secreciones y saliva, hueso y<br \/>\n  Sustancia dental, dentina<br \/>\n  - Muy alta compatibilidad de materiales, tambi\u00e9n para<br \/>\n  Metales ligeros<br \/>\n  - Puede utilizarse como fluido de contacto<br \/>\n  - Biodegradable<br \/>\n  - Efecto de limpieza muy elevado en el ba\u00f1o ultras\u00f3nico<\/p>\n<p>  Compatibilidad de materiales y contaminaci\u00f3n<br \/>\n  TICKOMED 1 tiene una compatibilidad de materiales muy elevada.<br \/>\n  Gracias a su formulaci\u00f3n ligeramente alcalina, el producto es adecuado incluso para piezas de aluminio y anodizadas.<\/p>\n<p>  Elimina la suciedad fresca y persistente, como<br \/>\n  - Sangre,<br \/>\n  - Secretario,<br \/>\n  - Spoke<br \/>\n  - Dentina,<br \/>\n  - Hueso<br \/>\n  y sustancia dental<\/p>\n<p>  de los siguientes materiales<br \/>\n  - Metal,<br \/>\n  - Aluminio,<br \/>\n  - piezas anodizadas,<br \/>\n  - Titanio,<br \/>\n  - Vidrio,<br \/>\n  - Porcelana,<br \/>\n  - Cer\u00e1mica<br \/>\n  y pl\u00e1stico.<\/p>\n<p>  Aplicaci\u00f3n<br \/>\n  Los usuarios exclusivamente profesionales son personal especializado formado.<\/p>\n<p>  El TICKOMED 1 tiene un efecto limpiador muy elevado. En el ba\u00f1o de ultrasonidos, acorta el proceso de limpieza gracias a su soporte f\u00edsico en muchas aplicaciones.<\/p>\n<p>  Recomendado como fluido de contacto para el proceso indirecto en el ba\u00f1o de ultrasonidos para STAMMOPUR GR y STAMMOPUR Z.<\/p>\n<p>  Dosis y tiempo de exposici\u00f3n<br \/>\n  Dosificaci\u00f3n:<br \/>\n  en ba\u00f1o de ultrasonidos: 3%<br \/>\n  sin ultrasonidos: 5%<\/p>\n<p>  Tiempo de exposici\u00f3n:<br \/>\n  en el ba\u00f1o ultras\u00f3nico: 3-10 min<br \/>\n  sin ultrasonidos: tiempo de exposici\u00f3n en funci\u00f3n del tipo y la tenacidad de la suciedad, m\u00e1x. 12 horas. Para el aluminio y sus aleaciones, no supere un tiempo de exposici\u00f3n de 60 minutos.<\/p>\n<p>  Temperatura:<br \/>\n  Prepare el fr\u00edo para la suciedad fresca,<br \/>\n  Puede calentarse hasta 60 \u00b0C para la suciedad persistente.<\/p>\n<p>  Composici\u00f3n por 100 g:<br \/>\n  5-15 Tensioactivos no i\u00f3nicos %,<br \/>\n  5-15 Tensioactivos cati\u00f3nicos %,<br \/>\n  &lt; 5 % Fosfato,\n  agente complejante\n  \n  Intervalo de pH del producto: ligeramente alcalino\n  \n  Utilizar diluido con agua de calidad al menos potable.\n  \n  No est\u00e1 permitido a\u00f1adir aditivos a la soluci\u00f3n de limpieza.\n  \n  Indicaciones especiales\n  No tratar con ultrasonidos la \u00f3ptica, la fibra \u00f3ptica y las piezas adheridas.\n  \n  Indicaciones de peligro\n  H318 Provoca lesiones oculares graves.\n  H315 Provoca irritaci\u00f3n cut\u00e1nea.\n  \n  Consejos de prudencia\n  P280 \u00dasense guantes\/prendas\/gafas\/protecci\u00f3n ocular\/protecci\u00f3n facial.\n  P305+P351+P338 EN CASO DE CONTACTO CON LOS OJOS: Aclarar cuidadosamente con agua durante varios minutos.\n  Si es posible, retirar las lentes de contacto. Continuar enjuagando.\n<\/p>","protected":false},"excerpt":{"rendered":"<p>TICKOMED 1 Dental-Instrumenten-Reiniger Konzentrat zur manuellen Reinigung und Vorreinigung zahn\u00e4rztlicher, chirurgischer, invasiver und nicht-invasiver medizinischer Instrumente, rotierender und nicht-rotierender Klein- und Pr\u00e4zisionsinstrumente sowie endodontologischer Kleininstrumente, Zubeh\u00f6r und Komponenten von Medizinprodukten, sowohl im Ultraschallbad als auch im Tauchbadverfahren. Der Einsatz des Pr\u00e4parates erfolgt im Prozess der Instrumentenaufbereitung in der Zahnarztpraxis, Zahnklinik, Kieferchirurgie und Kieferorthop\u00e4die. Die Anwendung [&hellip;]<\/p>\n","protected":false},"featured_media":650243,"template":"","meta":{"_acf_changed":false},"product_brand":[],"product_cat":[14263,14181],"product_tag":[14831,14829],"class_list":{"0":"post-697344","1":"product","2":"type-product","3":"status-publish","4":"has-post-thumbnail","6":"product_cat-stammopur-reinigungs-und-desinfektionspraeparate","7":"product_cat-reinigungs-und-desinfektionspraeparate","8":"product_tag-stammopur-reinigungs-und-desinfektionspraeparate","9":"product_tag-reinigungs-und-desinfektionspraeparate","10":"pa_bestellnummer-14006","11":"pa_bestellnummer-14010","12":"pa_bestellnummer-14008","13":"pa_bestellnummer-13051","14":"pa_gebindegroesse-l-10-liter-144-euro-liter","15":"pa_gebindegroesse-l-5-liter-168-euro-liter","16":"pa_gebindegroesse-l-1-liter-26-euro-liter","17":"pa_gebindegroesse-l-2-liter-21-euro-liter","18":"pa_inhalt-l-14541","19":"pa_inhalt-l-14540","20":"pa_inhalt-l-13991","21":"pa_inhalt-l-12484","22":"pa_verpackung-breite-mm-12313","23":"pa_verpackung-breite-mm-130-2","24":"pa_verpackung-hoehe-mm-13038","25":"pa_verpackung-hoehe-mm-12354","26":"pa_verpackung-laenge-mm-12353","27":"pa_verpackung-laenge-mm-250-2","29":"first","30":"instock","31":"taxable","32":"shipping-taxable","33":"purchasable","34":"product-type-variable","35":"has-default-attributes"},"acf":[],"yoast_head":"<!-- This site is optimized with the Yoast SEO plugin v27.5 - https:\/\/yoast.com\/product\/yoast-seo-wordpress\/ -->\n<title>TICKOMED 1 Dental-Instrumenten-Reiniger, Konzentrat | BANDELIN electronic GmbH &amp; Co. KG<\/title>\n<meta name=\"description\" content=\"Informationen Sie sich \u00fcber TICKOMED 1 Dental-Instrumenten-Reiniger, Konzentrat | Hochwertige Ultraschallb\u00e4der f\u00fcr Medizin und Industrie von Bandelin Electronic seit 1955.\" \/>\n<meta name=\"robots\" content=\"index, follow, max-snippet:-1, max-image-preview:large, max-video-preview:-1\" \/>\n<link rel=\"canonical\" href=\"https:\/\/bandelin.com\/es\/tienda\/preparados-de-limpieza-y-desinfeccion\/preparados-de-limpieza-y-desinfeccion-stammopur\/tickomed-1-limpiador-concentrado-de-instrumental-dental\/\" \/>\n<meta property=\"og:locale\" content=\"es_ES\" \/>\n<meta property=\"og:type\" content=\"article\" \/>\n<meta property=\"og:title\" content=\"TICKOMED 1 Dental-Instrumenten-Reiniger, Konzentrat | BANDELIN electronic GmbH &amp; Co. KG\" \/>\n<meta property=\"og:description\" content=\"Informationen Sie sich \u00fcber TICKOMED 1 Dental-Instrumenten-Reiniger, Konzentrat | Hochwertige Ultraschallb\u00e4der f\u00fcr Medizin und Industrie von Bandelin Electronic seit 1955.\" \/>\n<meta property=\"og:url\" content=\"https:\/\/bandelin.com\/es\/tienda\/preparados-de-limpieza-y-desinfeccion\/preparados-de-limpieza-y-desinfeccion-stammopur\/tickomed-1-limpiador-concentrado-de-instrumental-dental\/\" \/>\n<meta property=\"og:site_name\" content=\"BANDELIN electronic GmbH &amp; Co. KG\" \/>\n<meta property=\"article:publisher\" content=\"https:\/\/de-de.facebook.com\/bandelin.electronic\/\" \/>\n<meta property=\"article:modified_time\" content=\"2026-05-07T21:07:53+00:00\" \/>\n<meta property=\"og:image\" content=\"https:\/\/bandelin.com\/wp-content\/uploads\/Produktfoto_1L_TICKOMED_1-scaled.jpg\" \/>\n\t<meta property=\"og:image:width\" content=\"2048\" \/>\n\t<meta property=\"og:image:height\" content=\"2048\" \/>\n\t<meta property=\"og:image:type\" content=\"image\/jpeg\" \/>\n<meta name=\"twitter:card\" content=\"summary_large_image\" \/>\n<meta name=\"twitter:label1\" content=\"Tiempo de lectura\" \/>\n\t<meta name=\"twitter:data1\" content=\"2 minutos\" \/>\n<script type=\"application\/ld+json\" class=\"yoast-schema-graph\">{\"@context\":\"https:\\\/\\\/schema.org\",\"@graph\":[{\"@type\":\"WebPage\",\"@id\":\"https:\\\/\\\/bandelin.com\\\/shop\\\/reinigungs-und-desinfektionspraeparate\\\/stammopur-reinigungs-und-desinfektionspraeparate\\\/tickomed-1-dental-instrumenten-reiniger-konzentrat\\\/\",\"url\":\"https:\\\/\\\/bandelin.com\\\/shop\\\/reinigungs-und-desinfektionspraeparate\\\/stammopur-reinigungs-und-desinfektionspraeparate\\\/tickomed-1-dental-instrumenten-reiniger-konzentrat\\\/\",\"name\":\"TICKOMED 1 Dental-Instrumenten-Reiniger, Konzentrat | BANDELIN electronic GmbH &amp; Co. KG\",\"isPartOf\":{\"@id\":\"https:\\\/\\\/bvted2iv.myrdbx.io\\\/#website\"},\"primaryImageOfPage\":{\"@id\":\"https:\\\/\\\/bandelin.com\\\/shop\\\/reinigungs-und-desinfektionspraeparate\\\/stammopur-reinigungs-und-desinfektionspraeparate\\\/tickomed-1-dental-instrumenten-reiniger-konzentrat\\\/#primaryimage\"},\"image\":{\"@id\":\"https:\\\/\\\/bandelin.com\\\/shop\\\/reinigungs-und-desinfektionspraeparate\\\/stammopur-reinigungs-und-desinfektionspraeparate\\\/tickomed-1-dental-instrumenten-reiniger-konzentrat\\\/#primaryimage\"},\"thumbnailUrl\":\"https:\\\/\\\/bandelin.com\\\/wp-content\\\/uploads\\\/Produktfoto_1L_TICKOMED_1-scaled.jpg\",\"datePublished\":\"2026-05-07T19:04:14+00:00\",\"dateModified\":\"2026-05-07T21:07:53+00:00\",\"description\":\"Informationen Sie sich \u00fcber TICKOMED 1 Dental-Instrumenten-Reiniger, Konzentrat | Hochwertige Ultraschallb\u00e4der f\u00fcr Medizin und Industrie von Bandelin Electronic seit 1955.\",\"breadcrumb\":{\"@id\":\"https:\\\/\\\/bandelin.com\\\/shop\\\/reinigungs-und-desinfektionspraeparate\\\/stammopur-reinigungs-und-desinfektionspraeparate\\\/tickomed-1-dental-instrumenten-reiniger-konzentrat\\\/#breadcrumb\"},\"inLanguage\":\"es\",\"potentialAction\":[{\"@type\":\"ReadAction\",\"target\":[\"https:\\\/\\\/bandelin.com\\\/shop\\\/reinigungs-und-desinfektionspraeparate\\\/stammopur-reinigungs-und-desinfektionspraeparate\\\/tickomed-1-dental-instrumenten-reiniger-konzentrat\\\/\"]}]},{\"@type\":\"ImageObject\",\"inLanguage\":\"es\",\"@id\":\"https:\\\/\\\/bandelin.com\\\/shop\\\/reinigungs-und-desinfektionspraeparate\\\/stammopur-reinigungs-und-desinfektionspraeparate\\\/tickomed-1-dental-instrumenten-reiniger-konzentrat\\\/#primaryimage\",\"url\":\"https:\\\/\\\/bandelin.com\\\/wp-content\\\/uploads\\\/Produktfoto_1L_TICKOMED_1-scaled.jpg\",\"contentUrl\":\"https:\\\/\\\/bandelin.com\\\/wp-content\\\/uploads\\\/Produktfoto_1L_TICKOMED_1-scaled.jpg\",\"width\":2048,\"height\":2048,\"caption\":\"TICKOMED 1 Dental-Instrumenten-Reiniger\"},{\"@type\":\"BreadcrumbList\",\"@id\":\"https:\\\/\\\/bandelin.com\\\/shop\\\/reinigungs-und-desinfektionspraeparate\\\/stammopur-reinigungs-und-desinfektionspraeparate\\\/tickomed-1-dental-instrumenten-reiniger-konzentrat\\\/#breadcrumb\",\"itemListElement\":[{\"@type\":\"ListItem\",\"position\":1,\"name\":\"Startseite\",\"item\":\"https:\\\/\\\/bandelin.com\\\/\"},{\"@type\":\"ListItem\",\"position\":2,\"name\":\"Shop\",\"item\":\"https:\\\/\\\/bandelin.com\\\/shop\\\/\"},{\"@type\":\"ListItem\",\"position\":3,\"name\":\"TICKOMED 1 Dental-Instrumenten-Reiniger, Konzentrat\"}]},{\"@type\":\"WebSite\",\"@id\":\"https:\\\/\\\/bvted2iv.myrdbx.io\\\/#website\",\"url\":\"https:\\\/\\\/bvted2iv.myrdbx.io\\\/\",\"name\":\"BANDELIN electronic GmbH & Co. KG\",\"description\":\"Ultraschall seit 1955\",\"publisher\":{\"@id\":\"https:\\\/\\\/bvted2iv.myrdbx.io\\\/#organization\"},\"potentialAction\":[{\"@type\":\"SearchAction\",\"target\":{\"@type\":\"EntryPoint\",\"urlTemplate\":\"https:\\\/\\\/bvted2iv.myrdbx.io\\\/?s={search_term_string}\"},\"query-input\":{\"@type\":\"PropertyValueSpecification\",\"valueRequired\":true,\"valueName\":\"search_term_string\"}}],\"inLanguage\":\"es\"},{\"@type\":\"Organization\",\"@id\":\"https:\\\/\\\/bvted2iv.myrdbx.io\\\/#organization\",\"name\":\"BANDELIN electronic GmbH & Co. KG\",\"url\":\"https:\\\/\\\/bvted2iv.myrdbx.io\\\/\",\"logo\":{\"@type\":\"ImageObject\",\"inLanguage\":\"es\",\"@id\":\"https:\\\/\\\/bvted2iv.myrdbx.io\\\/#\\\/schema\\\/logo\\\/image\\\/\",\"url\":\"\",\"contentUrl\":\"\",\"caption\":\"BANDELIN electronic GmbH & Co. KG\"},\"image\":{\"@id\":\"https:\\\/\\\/bvted2iv.myrdbx.io\\\/#\\\/schema\\\/logo\\\/image\\\/\"},\"sameAs\":[\"https:\\\/\\\/de-de.facebook.com\\\/bandelin.electronic\\\/\",\"https:\\\/\\\/www.instagram.com\\\/bandelin_ultrasonic\\\/?hl=de\",\"https:\\\/\\\/www.linkedin.com\\\/company\\\/bandelin-electronic-gmbh-amp-co-kg\",\"https:\\\/\\\/www.youtube.com\\\/channel\\\/UC5wTNrNxkwMmX-WzysQqw3g\"]}]}<\/script>\n<!-- \/ Yoast SEO plugin. -->","yoast_head_json":{"title":"TICKOMED 1 Limpiador de instrumental dental, concentrado | BANDELIN electronic GmbH &amp; Co. KG","description":"M\u00e1s informaci\u00f3n sobre TICKOMED 1 Dental Instrument Cleaner, Concentrate | Ba\u00f1os de ultrasonidos de alta calidad para la medicina y la industria de Bandelin Electronic desde 1955.","robots":{"index":"index","follow":"follow","max-snippet":"max-snippet:-1","max-image-preview":"max-image-preview:large","max-video-preview":"max-video-preview:-1"},"canonical":"https:\/\/bandelin.com\/es\/tienda\/preparados-de-limpieza-y-desinfeccion\/preparados-de-limpieza-y-desinfeccion-stammopur\/tickomed-1-limpiador-concentrado-de-instrumental-dental\/","og_locale":"es_ES","og_type":"article","og_title":"TICKOMED 1 Dental-Instrumenten-Reiniger, Konzentrat | BANDELIN electronic GmbH &amp; Co. KG","og_description":"Informationen Sie sich \u00fcber TICKOMED 1 Dental-Instrumenten-Reiniger, Konzentrat | Hochwertige Ultraschallb\u00e4der f\u00fcr Medizin und Industrie von Bandelin Electronic seit 1955.","og_url":"https:\/\/bandelin.com\/es\/tienda\/preparados-de-limpieza-y-desinfeccion\/preparados-de-limpieza-y-desinfeccion-stammopur\/tickomed-1-limpiador-concentrado-de-instrumental-dental\/","og_site_name":"BANDELIN electronic GmbH &amp; Co. KG","article_publisher":"https:\/\/de-de.facebook.com\/bandelin.electronic\/","article_modified_time":"2026-05-07T21:07:53+00:00","og_image":[{"width":2048,"height":2048,"url":"https:\/\/bandelin.com\/wp-content\/uploads\/Produktfoto_1L_TICKOMED_1-scaled.jpg","type":"image\/jpeg"}],"twitter_card":"summary_large_image","twitter_misc":{"Tiempo de lectura":"2 minutos"},"schema":{"@context":"https:\/\/schema.org","@graph":[{"@type":"WebPage","@id":"https:\/\/bandelin.com\/shop\/reinigungs-und-desinfektionspraeparate\/stammopur-reinigungs-und-desinfektionspraeparate\/tickomed-1-dental-instrumenten-reiniger-konzentrat\/","url":"https:\/\/bandelin.com\/shop\/reinigungs-und-desinfektionspraeparate\/stammopur-reinigungs-und-desinfektionspraeparate\/tickomed-1-dental-instrumenten-reiniger-konzentrat\/","name":"TICKOMED 1 Limpiador de instrumental dental, concentrado | BANDELIN electronic GmbH &amp; Co. KG","isPartOf":{"@id":"https:\/\/bvted2iv.myrdbx.io\/#website"},"primaryImageOfPage":{"@id":"https:\/\/bandelin.com\/shop\/reinigungs-und-desinfektionspraeparate\/stammopur-reinigungs-und-desinfektionspraeparate\/tickomed-1-dental-instrumenten-reiniger-konzentrat\/#primaryimage"},"image":{"@id":"https:\/\/bandelin.com\/shop\/reinigungs-und-desinfektionspraeparate\/stammopur-reinigungs-und-desinfektionspraeparate\/tickomed-1-dental-instrumenten-reiniger-konzentrat\/#primaryimage"},"thumbnailUrl":"https:\/\/bandelin.com\/wp-content\/uploads\/Produktfoto_1L_TICKOMED_1-scaled.jpg","datePublished":"2026-05-07T19:04:14+00:00","dateModified":"2026-05-07T21:07:53+00:00","description":"M\u00e1s informaci\u00f3n sobre TICKOMED 1 Dental Instrument Cleaner, Concentrate | Ba\u00f1os de ultrasonidos de alta calidad para la medicina y la industria de Bandelin Electronic desde 1955.","breadcrumb":{"@id":"https:\/\/bandelin.com\/shop\/reinigungs-und-desinfektionspraeparate\/stammopur-reinigungs-und-desinfektionspraeparate\/tickomed-1-dental-instrumenten-reiniger-konzentrat\/#breadcrumb"},"inLanguage":"es","potentialAction":[{"@type":"ReadAction","target":["https:\/\/bandelin.com\/shop\/reinigungs-und-desinfektionspraeparate\/stammopur-reinigungs-und-desinfektionspraeparate\/tickomed-1-dental-instrumenten-reiniger-konzentrat\/"]}]},{"@type":"ImageObject","inLanguage":"es","@id":"https:\/\/bandelin.com\/shop\/reinigungs-und-desinfektionspraeparate\/stammopur-reinigungs-und-desinfektionspraeparate\/tickomed-1-dental-instrumenten-reiniger-konzentrat\/#primaryimage","url":"https:\/\/bandelin.com\/wp-content\/uploads\/Produktfoto_1L_TICKOMED_1-scaled.jpg","contentUrl":"https:\/\/bandelin.com\/wp-content\/uploads\/Produktfoto_1L_TICKOMED_1-scaled.jpg","width":2048,"height":2048,"caption":"TICKOMED 1 Dental-Instrumenten-Reiniger"},{"@type":"BreadcrumbList","@id":"https:\/\/bandelin.com\/shop\/reinigungs-und-desinfektionspraeparate\/stammopur-reinigungs-und-desinfektionspraeparate\/tickomed-1-dental-instrumenten-reiniger-konzentrat\/#breadcrumb","itemListElement":[{"@type":"ListItem","position":1,"name":"Startseite","item":"https:\/\/bandelin.com\/"},{"@type":"ListItem","position":2,"name":"Shop","item":"https:\/\/bandelin.com\/shop\/"},{"@type":"ListItem","position":3,"name":"TICKOMED 1 Dental-Instrumenten-Reiniger, Konzentrat"}]},{"@type":"WebSite","@id":"https:\/\/bvted2iv.myrdbx.io\/#website","url":"https:\/\/bvted2iv.myrdbx.io\/","name":"BANDELIN electronic GmbH &amp; Co. KG","description":"Ultrasonidos desde 1955","publisher":{"@id":"https:\/\/bvted2iv.myrdbx.io\/#organization"},"potentialAction":[{"@type":"SearchAction","target":{"@type":"EntryPoint","urlTemplate":"https:\/\/bvted2iv.myrdbx.io\/?s={search_term_string}"},"query-input":{"@type":"PropertyValueSpecification","valueRequired":true,"valueName":"search_term_string"}}],"inLanguage":"es"},{"@type":"Organization","@id":"https:\/\/bvted2iv.myrdbx.io\/#organization","name":"BANDELIN electronic GmbH &amp; Co. KG","url":"https:\/\/bvted2iv.myrdbx.io\/","logo":{"@type":"ImageObject","inLanguage":"es","@id":"https:\/\/bvted2iv.myrdbx.io\/#\/schema\/logo\/image\/","url":"","contentUrl":"","caption":"BANDELIN electronic GmbH & Co. KG"},"image":{"@id":"https:\/\/bvted2iv.myrdbx.io\/#\/schema\/logo\/image\/"},"sameAs":["https:\/\/de-de.facebook.com\/bandelin.electronic\/","https:\/\/www.instagram.com\/bandelin_ultrasonic\/?hl=de","https:\/\/www.linkedin.com\/company\/bandelin-electronic-gmbh-amp-co-kg","https:\/\/www.youtube.com\/channel\/UC5wTNrNxkwMmX-WzysQqw3g"]}]}},"_links":{"self":[{"href":"https:\/\/bandelin.com\/es\/wp-json\/wp\/v2\/product\/697344","targetHints":{"allow":["GET"]}}],"collection":[{"href":"https:\/\/bandelin.com\/es\/wp-json\/wp\/v2\/product"}],"about":[{"href":"https:\/\/bandelin.com\/es\/wp-json\/wp\/v2\/types\/product"}],"version-history":[{"count":1,"href":"https:\/\/bandelin.com\/es\/wp-json\/wp\/v2\/product\/697344\/revisions"}],"predecessor-version":[{"id":697345,"href":"https:\/\/bandelin.com\/es\/wp-json\/wp\/v2\/product\/697344\/revisions\/697345"}],"wp:featuredmedia":[{"embeddable":true,"href":"https:\/\/bandelin.com\/es\/wp-json\/wp\/v2\/media\/650243"}],"wp:attachment":[{"href":"https:\/\/bandelin.com\/es\/wp-json\/wp\/v2\/media?parent=697344"}],"wp:term":[{"taxonomy":"product_brand","embeddable":true,"href":"https:\/\/bandelin.com\/es\/wp-json\/wp\/v2\/product_brand?post=697344"},{"taxonomy":"product_cat","embeddable":true,"href":"https:\/\/bandelin.com\/es\/wp-json\/wp\/v2\/product_cat?post=697344"},{"taxonomy":"product_tag","embeddable":true,"href":"https:\/\/bandelin.com\/es\/wp-json\/wp\/v2\/product_tag?post=697344"}],"curies":[{"name":"wp","href":"https:\/\/api.w.org\/{rel}","templated":true}]}}