{"id":697439,"date":"2026-05-07T21:21:07","date_gmt":"2026-05-07T19:21:07","guid":{"rendered":"https:\/\/bandelin.com\/shop\/unkategorisiert\/sonorex-super-rk-156-ultraschallbad\/"},"modified":"2026-05-14T01:55:11","modified_gmt":"2026-05-13T23:55:11","slug":"sonorex-super-rk-156-bano-de-ultrasonidos","status":"publish","type":"product","link":"https:\/\/bandelin.com\/es\/shop\/sonorex-ultraschallbaeder\/sonorex-super-rk-ultraschallbaeder\/sonorex-super-rk-156-ultraschallbad\/","title":{"rendered":"SONOREX SUPER RK 156 Ba\u00f1o de ultrasonidos"},"content":{"rendered":"<p>Limpiador ultras\u00f3nico de alto rendimiento para su uso en consultas, laboratorios y talleres.<br \/>\n  Los ba\u00f1os de ultrasonidos SONOREX, de eficacia probada y especialmente robustos, limpian a fondo y con suavidad mediante burbujas de cavitaci\u00f3n intensiva, incluso en las zonas de dif\u00edcil acceso de los objetos a limpiar.<br \/>\n  Una empu\u00f1adura giratoria de f\u00e1cil manejo permite ajustar f\u00e1cilmente el tiempo de limpieza.<\/p>\n<p>  Disponemos de cestas, tapas y concentrados de limpieza y desinfecci\u00f3n adecuados como accesorios para optimizar la limpieza por ultrasonidos.<\/p>","protected":false},"excerpt":{"rendered":"<p>Dimensiones interiores: 500 x 140 x 100 mm<\/p>","protected":false},"featured_media":697441,"template":"","meta":{"_acf_changed":false},"product_brand":[],"product_cat":[14240,14195],"product_tag":[14604,14134],"class_list":{"0":"post-697439","1":"product","2":"type-product","3":"status-publish","4":"has-post-thumbnail","6":"product_cat-sonorex-super-rk-ultraschallbaeder","7":"product_cat-sonorex-ultraschallbaeder","8":"product_tag-sonorex-ultraschallbaeder-sonorex-super-rk-ultraschallbaeder","9":"product_tag-ultraschallbad","10":"pa_ablauf-kugelhahn-g--mit-25-cm-schlauch-an-der-rechten-seite","11":"pa_arbeitsinhalt-l-14416","12":"pa_aussenmass-breite-mm-12285","13":"pa_aussenmass-hoehe-mm-12401","14":"pa_aussenmass-laenge-mm-12284","15":"pa_bedienung-drehgriff","16":"pa_bestellnummer-12428","17":"pa_betriebsspannung-v-230-v--10-50-60-hz","18":"pa_ce-kennzeichnung-medizinprodukte-klasse-i-2017-745-eu-niederspannungsrichtlinie-2014-35-eu-emv-richtlinie-2014-30-eu-rohs-richtlinie-2011-65-eu-2","19":"pa_fuellstandsmarkierung-ja","20":"pa_gehaeusematerial-edelstahl-1-4301","21":"pa_inhalt-l-60-2","22":"pa_innenmass-b-mm-12266","23":"pa_innenmass-l-mm-12280","24":"pa_innenmass-t-mm-14281","25":"pa_netzkabel-2-m-fest-am-geraet","26":"pa_schutzgrad-gehaeuse-ip-32-2","27":"pa_ultraschall-frequenz-khz-35-2","28":"pa_ultraschall-nennleistung-w-12293","29":"pa_ultraschall-spitzenleistung-w-12292","30":"pa_verpackung-breite-mm-12313","31":"pa_verpackung-hoehe-mm-12277","32":"pa_verpackung-laenge-mm-12320","33":"pa_wannenmaterial-edelstahl-1-4301","34":"pa_wannenstaerke-mm-14553","35":"pa_zeiteinstellung-min--1-15-min--5--dauerbetrieb","37":"first","38":"instock","39":"taxable","40":"shipping-taxable","41":"purchasable","42":"product-type-simple"},"acf":[],"yoast_head":"<!-- This site is optimized with the Yoast SEO plugin v27.6 - https:\/\/yoast.com\/product\/yoast-seo-wordpress\/ -->\n<title>SONOREX SUPER RK 156 Ultraschallbad | BANDELIN electronic GmbH &amp; Co. KG<\/title>\n<meta name=\"description\" content=\"Informationen Sie sich \u00fcber SONOREX SUPER RK 156 Ultraschallbad | Hochwertige Ultraschallb\u00e4der f\u00fcr Medizin und Industrie von Bandelin Electronic seit 1955.\" \/>\n<meta name=\"robots\" content=\"index, follow, max-snippet:-1, max-image-preview:large, max-video-preview:-1\" \/>\n<link rel=\"canonical\" href=\"https:\/\/bandelin.com\/es\/tienda\/banos-de-ultrasonidos-sonorex\/banos-de-ultrasonidos-sonorex-super-rk\/sonorex-super-rk-156-bano-de-ultrasonidos\/\" \/>\n<meta property=\"og:locale\" content=\"es_ES\" \/>\n<meta property=\"og:type\" content=\"article\" \/>\n<meta property=\"og:title\" content=\"SONOREX SUPER RK 156 Ultraschallbad | BANDELIN electronic GmbH &amp; Co. KG\" \/>\n<meta property=\"og:description\" content=\"Informationen Sie sich \u00fcber SONOREX SUPER RK 156 Ultraschallbad | Hochwertige Ultraschallb\u00e4der f\u00fcr Medizin und Industrie von Bandelin Electronic seit 1955.\" \/>\n<meta property=\"og:url\" content=\"https:\/\/bandelin.com\/es\/tienda\/banos-de-ultrasonidos-sonorex\/banos-de-ultrasonidos-sonorex-super-rk\/sonorex-super-rk-156-bano-de-ultrasonidos\/\" \/>\n<meta property=\"og:site_name\" content=\"BANDELIN electronic GmbH &amp; Co. KG\" \/>\n<meta property=\"article:publisher\" content=\"https:\/\/de-de.facebook.com\/bandelin.electronic\/\" \/>\n<meta property=\"article:modified_time\" content=\"2026-05-13T23:55:11+00:00\" \/>\n<meta property=\"og:image\" content=\"https:\/\/bandelin.com\/wp-content\/uploads\/Produktfoto_RK_156-scaled.jpg\" \/>\n\t<meta property=\"og:image:width\" content=\"2048\" \/>\n\t<meta property=\"og:image:height\" content=\"2048\" \/>\n\t<meta property=\"og:image:type\" content=\"image\/jpeg\" \/>\n<meta name=\"twitter:card\" content=\"summary_large_image\" \/>\n<script type=\"application\/ld+json\" class=\"yoast-schema-graph\">{\"@context\":\"https:\\\/\\\/schema.org\",\"@graph\":[{\"@type\":\"WebPage\",\"@id\":\"https:\\\/\\\/bandelin.com\\\/shop\\\/sonorex-ultraschallbaeder\\\/sonorex-super-rk-ultraschallbaeder\\\/sonorex-super-rk-156-ultraschallbad\\\/\",\"url\":\"https:\\\/\\\/bandelin.com\\\/shop\\\/sonorex-ultraschallbaeder\\\/sonorex-super-rk-ultraschallbaeder\\\/sonorex-super-rk-156-ultraschallbad\\\/\",\"name\":\"SONOREX SUPER RK 156 Ultraschallbad | BANDELIN electronic GmbH &amp; Co. KG\",\"isPartOf\":{\"@id\":\"https:\\\/\\\/bvted2iv.myrdbx.io\\\/#website\"},\"primaryImageOfPage\":{\"@id\":\"https:\\\/\\\/bandelin.com\\\/shop\\\/sonorex-ultraschallbaeder\\\/sonorex-super-rk-ultraschallbaeder\\\/sonorex-super-rk-156-ultraschallbad\\\/#primaryimage\"},\"image\":{\"@id\":\"https:\\\/\\\/bandelin.com\\\/shop\\\/sonorex-ultraschallbaeder\\\/sonorex-super-rk-ultraschallbaeder\\\/sonorex-super-rk-156-ultraschallbad\\\/#primaryimage\"},\"thumbnailUrl\":\"https:\\\/\\\/bandelin.com\\\/wp-content\\\/uploads\\\/Produktfoto_RK_156-scaled.jpg\",\"datePublished\":\"2026-05-07T19:21:07+00:00\",\"dateModified\":\"2026-05-13T23:55:11+00:00\",\"description\":\"Informationen Sie sich \u00fcber SONOREX SUPER RK 156 Ultraschallbad | Hochwertige Ultraschallb\u00e4der f\u00fcr Medizin und Industrie von Bandelin Electronic seit 1955.\",\"breadcrumb\":{\"@id\":\"https:\\\/\\\/bandelin.com\\\/shop\\\/sonorex-ultraschallbaeder\\\/sonorex-super-rk-ultraschallbaeder\\\/sonorex-super-rk-156-ultraschallbad\\\/#breadcrumb\"},\"inLanguage\":\"es\",\"potentialAction\":[{\"@type\":\"ReadAction\",\"target\":[\"https:\\\/\\\/bandelin.com\\\/shop\\\/sonorex-ultraschallbaeder\\\/sonorex-super-rk-ultraschallbaeder\\\/sonorex-super-rk-156-ultraschallbad\\\/\"]}]},{\"@type\":\"ImageObject\",\"inLanguage\":\"es\",\"@id\":\"https:\\\/\\\/bandelin.com\\\/shop\\\/sonorex-ultraschallbaeder\\\/sonorex-super-rk-ultraschallbaeder\\\/sonorex-super-rk-156-ultraschallbad\\\/#primaryimage\",\"url\":\"https:\\\/\\\/bandelin.com\\\/wp-content\\\/uploads\\\/Produktfoto_RK_156-scaled.jpg\",\"contentUrl\":\"https:\\\/\\\/bandelin.com\\\/wp-content\\\/uploads\\\/Produktfoto_RK_156-scaled.jpg\",\"width\":2048,\"height\":2048,\"caption\":\"SONOREX SUPER RK 156 Ultraschallbad Bild\"},{\"@type\":\"BreadcrumbList\",\"@id\":\"https:\\\/\\\/bandelin.com\\\/shop\\\/sonorex-ultraschallbaeder\\\/sonorex-super-rk-ultraschallbaeder\\\/sonorex-super-rk-156-ultraschallbad\\\/#breadcrumb\",\"itemListElement\":[{\"@type\":\"ListItem\",\"position\":1,\"name\":\"Startseite\",\"item\":\"https:\\\/\\\/bandelin.com\\\/\"},{\"@type\":\"ListItem\",\"position\":2,\"name\":\"Shop\",\"item\":\"https:\\\/\\\/bandelin.com\\\/shop\\\/\"},{\"@type\":\"ListItem\",\"position\":3,\"name\":\"SONOREX SUPER RK 156 Ultraschallbad\"}]},{\"@type\":\"WebSite\",\"@id\":\"https:\\\/\\\/bvted2iv.myrdbx.io\\\/#website\",\"url\":\"https:\\\/\\\/bvted2iv.myrdbx.io\\\/\",\"name\":\"BANDELIN electronic GmbH & Co. KG\",\"description\":\"Ultraschall seit 1955\",\"publisher\":{\"@id\":\"https:\\\/\\\/bvted2iv.myrdbx.io\\\/#organization\"},\"potentialAction\":[{\"@type\":\"SearchAction\",\"target\":{\"@type\":\"EntryPoint\",\"urlTemplate\":\"https:\\\/\\\/bvted2iv.myrdbx.io\\\/?s={search_term_string}\"},\"query-input\":{\"@type\":\"PropertyValueSpecification\",\"valueRequired\":true,\"valueName\":\"search_term_string\"}}],\"inLanguage\":\"es\"},{\"@type\":\"Organization\",\"@id\":\"https:\\\/\\\/bvted2iv.myrdbx.io\\\/#organization\",\"name\":\"BANDELIN electronic GmbH & Co. KG\",\"url\":\"https:\\\/\\\/bvted2iv.myrdbx.io\\\/\",\"logo\":{\"@type\":\"ImageObject\",\"inLanguage\":\"es\",\"@id\":\"https:\\\/\\\/bvted2iv.myrdbx.io\\\/#\\\/schema\\\/logo\\\/image\\\/\",\"url\":\"\",\"contentUrl\":\"\",\"caption\":\"BANDELIN electronic GmbH & Co. KG\"},\"image\":{\"@id\":\"https:\\\/\\\/bvted2iv.myrdbx.io\\\/#\\\/schema\\\/logo\\\/image\\\/\"},\"sameAs\":[\"https:\\\/\\\/de-de.facebook.com\\\/bandelin.electronic\\\/\",\"https:\\\/\\\/www.instagram.com\\\/bandelin_ultrasonic\\\/?hl=de\",\"https:\\\/\\\/www.linkedin.com\\\/company\\\/bandelin-electronic-gmbh-amp-co-kg\",\"https:\\\/\\\/www.youtube.com\\\/channel\\\/UC5wTNrNxkwMmX-WzysQqw3g\"]}]}<\/script>\n<!-- \/ Yoast SEO plugin. -->","yoast_head_json":{"title":"SONOREX SUPER RK 156 Ba\u00f1o de ultrasonidos | BANDELIN electronic GmbH &amp; Co. KG","description":"M\u00e1s informaci\u00f3n sobre el ba\u00f1o de ultrasonidos SONOREX SUPER RK 156 | Ba\u00f1os de ultrasonidos de alta calidad para la medicina y la industria de Bandelin Electronic desde 1955.","robots":{"index":"index","follow":"follow","max-snippet":"max-snippet:-1","max-image-preview":"max-image-preview:large","max-video-preview":"max-video-preview:-1"},"canonical":"https:\/\/bandelin.com\/es\/tienda\/banos-de-ultrasonidos-sonorex\/banos-de-ultrasonidos-sonorex-super-rk\/sonorex-super-rk-156-bano-de-ultrasonidos\/","og_locale":"es_ES","og_type":"article","og_title":"SONOREX SUPER RK 156 Ultraschallbad | BANDELIN electronic GmbH &amp; Co. KG","og_description":"Informationen Sie sich \u00fcber SONOREX SUPER RK 156 Ultraschallbad | Hochwertige Ultraschallb\u00e4der f\u00fcr Medizin und Industrie von Bandelin Electronic seit 1955.","og_url":"https:\/\/bandelin.com\/es\/tienda\/banos-de-ultrasonidos-sonorex\/banos-de-ultrasonidos-sonorex-super-rk\/sonorex-super-rk-156-bano-de-ultrasonidos\/","og_site_name":"BANDELIN electronic GmbH &amp; Co. KG","article_publisher":"https:\/\/de-de.facebook.com\/bandelin.electronic\/","article_modified_time":"2026-05-13T23:55:11+00:00","og_image":[{"width":2048,"height":2048,"url":"https:\/\/bandelin.com\/wp-content\/uploads\/Produktfoto_RK_156-scaled.jpg","type":"image\/jpeg"}],"twitter_card":"summary_large_image","schema":{"@context":"https:\/\/schema.org","@graph":[{"@type":"WebPage","@id":"https:\/\/bandelin.com\/shop\/sonorex-ultraschallbaeder\/sonorex-super-rk-ultraschallbaeder\/sonorex-super-rk-156-ultraschallbad\/","url":"https:\/\/bandelin.com\/shop\/sonorex-ultraschallbaeder\/sonorex-super-rk-ultraschallbaeder\/sonorex-super-rk-156-ultraschallbad\/","name":"SONOREX SUPER RK 156 Ba\u00f1o de ultrasonidos | BANDELIN electronic GmbH &amp; Co. KG","isPartOf":{"@id":"https:\/\/bvted2iv.myrdbx.io\/#website"},"primaryImageOfPage":{"@id":"https:\/\/bandelin.com\/shop\/sonorex-ultraschallbaeder\/sonorex-super-rk-ultraschallbaeder\/sonorex-super-rk-156-ultraschallbad\/#primaryimage"},"image":{"@id":"https:\/\/bandelin.com\/shop\/sonorex-ultraschallbaeder\/sonorex-super-rk-ultraschallbaeder\/sonorex-super-rk-156-ultraschallbad\/#primaryimage"},"thumbnailUrl":"https:\/\/bandelin.com\/wp-content\/uploads\/Produktfoto_RK_156-scaled.jpg","datePublished":"2026-05-07T19:21:07+00:00","dateModified":"2026-05-13T23:55:11+00:00","description":"M\u00e1s informaci\u00f3n sobre el ba\u00f1o de ultrasonidos SONOREX SUPER RK 156 | Ba\u00f1os de ultrasonidos de alta calidad para la medicina y la industria de Bandelin Electronic desde 1955.","breadcrumb":{"@id":"https:\/\/bandelin.com\/shop\/sonorex-ultraschallbaeder\/sonorex-super-rk-ultraschallbaeder\/sonorex-super-rk-156-ultraschallbad\/#breadcrumb"},"inLanguage":"es","potentialAction":[{"@type":"ReadAction","target":["https:\/\/bandelin.com\/shop\/sonorex-ultraschallbaeder\/sonorex-super-rk-ultraschallbaeder\/sonorex-super-rk-156-ultraschallbad\/"]}]},{"@type":"ImageObject","inLanguage":"es","@id":"https:\/\/bandelin.com\/shop\/sonorex-ultraschallbaeder\/sonorex-super-rk-ultraschallbaeder\/sonorex-super-rk-156-ultraschallbad\/#primaryimage","url":"https:\/\/bandelin.com\/wp-content\/uploads\/Produktfoto_RK_156-scaled.jpg","contentUrl":"https:\/\/bandelin.com\/wp-content\/uploads\/Produktfoto_RK_156-scaled.jpg","width":2048,"height":2048,"caption":"SONOREX SUPER RK 156 Ultraschallbad Bild"},{"@type":"BreadcrumbList","@id":"https:\/\/bandelin.com\/shop\/sonorex-ultraschallbaeder\/sonorex-super-rk-ultraschallbaeder\/sonorex-super-rk-156-ultraschallbad\/#breadcrumb","itemListElement":[{"@type":"ListItem","position":1,"name":"Startseite","item":"https:\/\/bandelin.com\/"},{"@type":"ListItem","position":2,"name":"Shop","item":"https:\/\/bandelin.com\/shop\/"},{"@type":"ListItem","position":3,"name":"SONOREX SUPER RK 156 Ultraschallbad"}]},{"@type":"WebSite","@id":"https:\/\/bvted2iv.myrdbx.io\/#website","url":"https:\/\/bvted2iv.myrdbx.io\/","name":"BANDELIN electronic GmbH &amp; Co. KG","description":"Ultrasonidos desde 1955","publisher":{"@id":"https:\/\/bvted2iv.myrdbx.io\/#organization"},"potentialAction":[{"@type":"SearchAction","target":{"@type":"EntryPoint","urlTemplate":"https:\/\/bvted2iv.myrdbx.io\/?s={search_term_string}"},"query-input":{"@type":"PropertyValueSpecification","valueRequired":true,"valueName":"search_term_string"}}],"inLanguage":"es"},{"@type":"Organization","@id":"https:\/\/bvted2iv.myrdbx.io\/#organization","name":"BANDELIN electronic GmbH &amp; Co. KG","url":"https:\/\/bvted2iv.myrdbx.io\/","logo":{"@type":"ImageObject","inLanguage":"es","@id":"https:\/\/bvted2iv.myrdbx.io\/#\/schema\/logo\/image\/","url":"","contentUrl":"","caption":"BANDELIN electronic GmbH & Co. KG"},"image":{"@id":"https:\/\/bvted2iv.myrdbx.io\/#\/schema\/logo\/image\/"},"sameAs":["https:\/\/de-de.facebook.com\/bandelin.electronic\/","https:\/\/www.instagram.com\/bandelin_ultrasonic\/?hl=de","https:\/\/www.linkedin.com\/company\/bandelin-electronic-gmbh-amp-co-kg","https:\/\/www.youtube.com\/channel\/UC5wTNrNxkwMmX-WzysQqw3g"]}]}},"_links":{"self":[{"href":"https:\/\/bandelin.com\/es\/wp-json\/wp\/v2\/product\/697439","targetHints":{"allow":["GET"]}}],"collection":[{"href":"https:\/\/bandelin.com\/es\/wp-json\/wp\/v2\/product"}],"about":[{"href":"https:\/\/bandelin.com\/es\/wp-json\/wp\/v2\/types\/product"}],"version-history":[{"count":2,"href":"https:\/\/bandelin.com\/es\/wp-json\/wp\/v2\/product\/697439\/revisions"}],"predecessor-version":[{"id":697442,"href":"https:\/\/bandelin.com\/es\/wp-json\/wp\/v2\/product\/697439\/revisions\/697442"}],"wp:featuredmedia":[{"embeddable":true,"href":"https:\/\/bandelin.com\/es\/wp-json\/wp\/v2\/media\/697441"}],"wp:attachment":[{"href":"https:\/\/bandelin.com\/es\/wp-json\/wp\/v2\/media?parent=697439"}],"wp:term":[{"taxonomy":"product_brand","embeddable":true,"href":"https:\/\/bandelin.com\/es\/wp-json\/wp\/v2\/product_brand?post=697439"},{"taxonomy":"product_cat","embeddable":true,"href":"https:\/\/bandelin.com\/es\/wp-json\/wp\/v2\/product_cat?post=697439"},{"taxonomy":"product_tag","embeddable":true,"href":"https:\/\/bandelin.com\/es\/wp-json\/wp\/v2\/product_tag?post=697439"}],"curies":[{"name":"wp","href":"https:\/\/api.w.org\/{rel}","templated":true}]}}