{"id":697463,"date":"2026-05-07T21:21:42","date_gmt":"2026-05-07T19:21:42","guid":{"rendered":"https:\/\/bandelin.com\/shop\/unkategorisiert\/sonorex-super-rk-510-h-ultraschallbad-mit-heizung\/"},"modified":"2026-05-15T15:05:33","modified_gmt":"2026-05-15T13:05:33","slug":"sonorex-super-rk-510-h-bano-de-ultrasonidos-con-calentador","status":"publish","type":"product","link":"https:\/\/bandelin.com\/es\/shop\/sonorex-ultraschallbaeder\/sonorex-super-rk-ultraschallbaeder\/sonorex-super-rk-510-h-ultraschallbad-mit-heizung\/","title":{"rendered":"SONOREX SUPER RK 510 H Ba\u00f1o de ultrasonidos con calentador"},"content":{"rendered":"<p>Limpiador ultras\u00f3nico de alto rendimiento con calefacci\u00f3n para su uso en consultas, laboratorios y talleres.<br \/>\n  Los ba\u00f1os de ultrasonidos SONOREX, de eficacia probada y especialmente robustos, limpian a fondo y con suavidad mediante burbujas de cavitaci\u00f3n intensiva, incluso en las zonas de dif\u00edcil acceso de los objetos a limpiar.<br \/>\n  Un mando giratorio de f\u00e1cil manejo permite ajustar f\u00e1cilmente el tiempo de limpieza y la temperatura del ba\u00f1o.<\/p>\n<p>  Disponemos de cestas, tapas y concentrados de limpieza y desinfecci\u00f3n adecuados como accesorios para optimizar la limpieza por ultrasonidos.<\/p>","protected":false},"excerpt":{"rendered":"<p>Dimensiones interiores: 300 x 240 x 150 mm<\/p>","protected":false},"featured_media":697465,"template":"","meta":{"_acf_changed":false},"product_brand":[],"product_cat":[14195,14240],"product_tag":[14134,14604],"class_list":{"0":"post-697463","1":"product","2":"type-product","3":"status-publish","4":"has-post-thumbnail","6":"product_cat-sonorex-ultraschallbaeder","7":"product_cat-sonorex-super-rk-ultraschallbaeder","8":"product_tag-ultraschallbad","9":"product_tag-sonorex-ultraschallbaeder-sonorex-super-rk-ultraschallbaeder","10":"pa_ablauf-kugelhahn-g--mit-50-cm-schlauch-an-der-linken-seite","11":"pa_arbeitsinhalt-l-12300","12":"pa_aussenmass-breite-mm-12301","13":"pa_aussenmass-hoehe-mm-12286","14":"pa_aussenmass-laenge-mm-12295","15":"pa_bedienung-drehgriff","16":"pa_bestellnummer-12438","17":"pa_betriebsspannung-v-230-v--10-50-60-hz","18":"pa_ce-kennzeichnung-medizinprodukte-klasse-i-2017-745-eu-niederspannungsrichtlinie-2014-35-eu-emv-richtlinie-2014-30-eu-rohs-richtlinie-2011-65-eu-2","19":"pa_einstellb-temp-ber-c-30-80","20":"pa_fuellstandsmarkierung-ja","21":"pa_gehaeusematerial-edelstahl-1-4301","22":"pa_griffe-an-den-seiten-2","23":"pa_heizleistung-w-400-2","24":"pa_inhalt-l-12299","25":"pa_innenmass-b-mm-240-2","26":"pa_innenmass-l-mm-12289","27":"pa_innenmass-t-mm-14269","28":"pa_netzkabel-2-m-fest-am-geraet","29":"pa_schutzgrad-gehaeuse-ip-32-2","30":"pa_ultraschall-frequenz-khz-35-2","31":"pa_ultraschall-nennleistung-w-12293","32":"pa_ultraschall-spitzenleistung-w-12292","33":"pa_verpackung-breite-mm-390-2","34":"pa_verpackung-hoehe-mm-375-2","35":"pa_verpackung-laenge-mm-450-2","36":"pa_wannenmaterial-edelstahl-1-4301","37":"pa_wannenstaerke-mm-14553","38":"pa_zeiteinstellung-min--1-15-min--5--dauerbetrieb","40":"first","41":"instock","42":"taxable","43":"shipping-taxable","44":"purchasable","45":"product-type-simple"},"acf":[],"yoast_head":"<!-- This site is optimized with the Yoast SEO plugin v27.6 - https:\/\/yoast.com\/product\/yoast-seo-wordpress\/ -->\n<title>SONOREX SUPER RK 510 H Ultraschallbad mit Heizung | BANDELIN electronic GmbH &amp; Co. KG<\/title>\n<meta name=\"description\" content=\"Informationen Sie sich \u00fcber SONOREX SUPER RK 510 H Ultraschallbad mit Heizung | Hochwertige Ultraschallb\u00e4der f\u00fcr Medizin und Industrie von Bandelin Electronic seit 1955.\" \/>\n<meta name=\"robots\" content=\"index, follow, max-snippet:-1, max-image-preview:large, max-video-preview:-1\" \/>\n<link rel=\"canonical\" href=\"https:\/\/bandelin.com\/es\/tienda\/banos-de-ultrasonidos-sonorex\/banos-de-ultrasonidos-sonorex-super-rk\/sonorex-super-rk-510-h-bano-de-ultrasonidos-con-calentador\/\" \/>\n<meta property=\"og:locale\" content=\"es_ES\" \/>\n<meta property=\"og:type\" content=\"article\" \/>\n<meta property=\"og:title\" content=\"SONOREX SUPER RK 510 H Ultraschallbad mit Heizung | BANDELIN electronic GmbH &amp; Co. KG\" \/>\n<meta property=\"og:description\" content=\"Informationen Sie sich \u00fcber SONOREX SUPER RK 510 H Ultraschallbad mit Heizung | Hochwertige Ultraschallb\u00e4der f\u00fcr Medizin und Industrie von Bandelin Electronic seit 1955.\" \/>\n<meta property=\"og:url\" content=\"https:\/\/bandelin.com\/es\/tienda\/banos-de-ultrasonidos-sonorex\/banos-de-ultrasonidos-sonorex-super-rk\/sonorex-super-rk-510-h-bano-de-ultrasonidos-con-calentador\/\" \/>\n<meta property=\"og:site_name\" content=\"BANDELIN electronic GmbH &amp; Co. KG\" \/>\n<meta property=\"article:publisher\" content=\"https:\/\/de-de.facebook.com\/bandelin.electronic\/\" \/>\n<meta property=\"article:modified_time\" content=\"2026-05-15T13:05:33+00:00\" \/>\n<meta property=\"og:image\" content=\"https:\/\/bandelin.com\/wp-content\/uploads\/Produktfoto_RK_510_H-scaled.jpg\" \/>\n\t<meta property=\"og:image:width\" content=\"2048\" \/>\n\t<meta property=\"og:image:height\" content=\"2048\" \/>\n\t<meta property=\"og:image:type\" content=\"image\/jpeg\" \/>\n<meta name=\"twitter:card\" content=\"summary_large_image\" \/>\n<script type=\"application\/ld+json\" class=\"yoast-schema-graph\">{\"@context\":\"https:\\\/\\\/schema.org\",\"@graph\":[{\"@type\":\"WebPage\",\"@id\":\"https:\\\/\\\/bandelin.com\\\/shop\\\/sonorex-ultraschallbaeder\\\/sonorex-super-rk-ultraschallbaeder\\\/sonorex-super-rk-510-h-ultraschallbad-mit-heizung\\\/\",\"url\":\"https:\\\/\\\/bandelin.com\\\/shop\\\/sonorex-ultraschallbaeder\\\/sonorex-super-rk-ultraschallbaeder\\\/sonorex-super-rk-510-h-ultraschallbad-mit-heizung\\\/\",\"name\":\"SONOREX SUPER RK 510 H Ultraschallbad mit Heizung | BANDELIN electronic GmbH &amp; Co. KG\",\"isPartOf\":{\"@id\":\"https:\\\/\\\/bvted2iv.myrdbx.io\\\/#website\"},\"primaryImageOfPage\":{\"@id\":\"https:\\\/\\\/bandelin.com\\\/shop\\\/sonorex-ultraschallbaeder\\\/sonorex-super-rk-ultraschallbaeder\\\/sonorex-super-rk-510-h-ultraschallbad-mit-heizung\\\/#primaryimage\"},\"image\":{\"@id\":\"https:\\\/\\\/bandelin.com\\\/shop\\\/sonorex-ultraschallbaeder\\\/sonorex-super-rk-ultraschallbaeder\\\/sonorex-super-rk-510-h-ultraschallbad-mit-heizung\\\/#primaryimage\"},\"thumbnailUrl\":\"https:\\\/\\\/bandelin.com\\\/wp-content\\\/uploads\\\/Produktfoto_RK_510_H-scaled.jpg\",\"datePublished\":\"2026-05-07T19:21:42+00:00\",\"dateModified\":\"2026-05-15T13:05:33+00:00\",\"description\":\"Informationen Sie sich \u00fcber SONOREX SUPER RK 510 H Ultraschallbad mit Heizung | Hochwertige Ultraschallb\u00e4der f\u00fcr Medizin und Industrie von Bandelin Electronic seit 1955.\",\"breadcrumb\":{\"@id\":\"https:\\\/\\\/bandelin.com\\\/shop\\\/sonorex-ultraschallbaeder\\\/sonorex-super-rk-ultraschallbaeder\\\/sonorex-super-rk-510-h-ultraschallbad-mit-heizung\\\/#breadcrumb\"},\"inLanguage\":\"es\",\"potentialAction\":[{\"@type\":\"ReadAction\",\"target\":[\"https:\\\/\\\/bandelin.com\\\/shop\\\/sonorex-ultraschallbaeder\\\/sonorex-super-rk-ultraschallbaeder\\\/sonorex-super-rk-510-h-ultraschallbad-mit-heizung\\\/\"]}]},{\"@type\":\"ImageObject\",\"inLanguage\":\"es\",\"@id\":\"https:\\\/\\\/bandelin.com\\\/shop\\\/sonorex-ultraschallbaeder\\\/sonorex-super-rk-ultraschallbaeder\\\/sonorex-super-rk-510-h-ultraschallbad-mit-heizung\\\/#primaryimage\",\"url\":\"https:\\\/\\\/bandelin.com\\\/wp-content\\\/uploads\\\/Produktfoto_RK_510_H-scaled.jpg\",\"contentUrl\":\"https:\\\/\\\/bandelin.com\\\/wp-content\\\/uploads\\\/Produktfoto_RK_510_H-scaled.jpg\",\"width\":2048,\"height\":2048,\"caption\":\"SONOREX SUPER RK 510 H Ultraschallbad mit Heizung Bild\"},{\"@type\":\"BreadcrumbList\",\"@id\":\"https:\\\/\\\/bandelin.com\\\/shop\\\/sonorex-ultraschallbaeder\\\/sonorex-super-rk-ultraschallbaeder\\\/sonorex-super-rk-510-h-ultraschallbad-mit-heizung\\\/#breadcrumb\",\"itemListElement\":[{\"@type\":\"ListItem\",\"position\":1,\"name\":\"Startseite\",\"item\":\"https:\\\/\\\/bandelin.com\\\/\"},{\"@type\":\"ListItem\",\"position\":2,\"name\":\"Shop\",\"item\":\"https:\\\/\\\/bandelin.com\\\/shop\\\/\"},{\"@type\":\"ListItem\",\"position\":3,\"name\":\"SONOREX SUPER RK 510 H Ultraschallbad mit Heizung\"}]},{\"@type\":\"WebSite\",\"@id\":\"https:\\\/\\\/bvted2iv.myrdbx.io\\\/#website\",\"url\":\"https:\\\/\\\/bvted2iv.myrdbx.io\\\/\",\"name\":\"BANDELIN electronic GmbH & Co. KG\",\"description\":\"Ultraschall seit 1955\",\"publisher\":{\"@id\":\"https:\\\/\\\/bvted2iv.myrdbx.io\\\/#organization\"},\"potentialAction\":[{\"@type\":\"SearchAction\",\"target\":{\"@type\":\"EntryPoint\",\"urlTemplate\":\"https:\\\/\\\/bvted2iv.myrdbx.io\\\/?s={search_term_string}\"},\"query-input\":{\"@type\":\"PropertyValueSpecification\",\"valueRequired\":true,\"valueName\":\"search_term_string\"}}],\"inLanguage\":\"es\"},{\"@type\":\"Organization\",\"@id\":\"https:\\\/\\\/bvted2iv.myrdbx.io\\\/#organization\",\"name\":\"BANDELIN electronic GmbH & Co. KG\",\"url\":\"https:\\\/\\\/bvted2iv.myrdbx.io\\\/\",\"logo\":{\"@type\":\"ImageObject\",\"inLanguage\":\"es\",\"@id\":\"https:\\\/\\\/bvted2iv.myrdbx.io\\\/#\\\/schema\\\/logo\\\/image\\\/\",\"url\":\"\",\"contentUrl\":\"\",\"caption\":\"BANDELIN electronic GmbH & Co. KG\"},\"image\":{\"@id\":\"https:\\\/\\\/bvted2iv.myrdbx.io\\\/#\\\/schema\\\/logo\\\/image\\\/\"},\"sameAs\":[\"https:\\\/\\\/de-de.facebook.com\\\/bandelin.electronic\\\/\",\"https:\\\/\\\/www.instagram.com\\\/bandelin_ultrasonic\\\/?hl=de\",\"https:\\\/\\\/www.linkedin.com\\\/company\\\/bandelin-electronic-gmbh-amp-co-kg\",\"https:\\\/\\\/www.youtube.com\\\/channel\\\/UC5wTNrNxkwMmX-WzysQqw3g\"]}]}<\/script>\n<!-- \/ Yoast SEO plugin. -->","yoast_head_json":{"title":"SONOREX SUPER RK 510 H Ba\u00f1o de ultrasonidos con calefacci\u00f3n | BANDELIN electronic GmbH &amp; Co. KG","description":"M\u00e1s informaci\u00f3n sobre SONOREX SUPER RK 510 H Ba\u00f1o de ultrasonidos con calefacci\u00f3n | Ba\u00f1os de ultrasonidos de alta calidad para la medicina y la industria de Bandelin Electronic desde 1955.","robots":{"index":"index","follow":"follow","max-snippet":"max-snippet:-1","max-image-preview":"max-image-preview:large","max-video-preview":"max-video-preview:-1"},"canonical":"https:\/\/bandelin.com\/es\/tienda\/banos-de-ultrasonidos-sonorex\/banos-de-ultrasonidos-sonorex-super-rk\/sonorex-super-rk-510-h-bano-de-ultrasonidos-con-calentador\/","og_locale":"es_ES","og_type":"article","og_title":"SONOREX SUPER RK 510 H Ultraschallbad mit Heizung | BANDELIN electronic GmbH &amp; Co. KG","og_description":"Informationen Sie sich \u00fcber SONOREX SUPER RK 510 H Ultraschallbad mit Heizung | Hochwertige Ultraschallb\u00e4der f\u00fcr Medizin und Industrie von Bandelin Electronic seit 1955.","og_url":"https:\/\/bandelin.com\/es\/tienda\/banos-de-ultrasonidos-sonorex\/banos-de-ultrasonidos-sonorex-super-rk\/sonorex-super-rk-510-h-bano-de-ultrasonidos-con-calentador\/","og_site_name":"BANDELIN electronic GmbH &amp; Co. KG","article_publisher":"https:\/\/de-de.facebook.com\/bandelin.electronic\/","article_modified_time":"2026-05-15T13:05:33+00:00","og_image":[{"width":2048,"height":2048,"url":"https:\/\/bandelin.com\/wp-content\/uploads\/Produktfoto_RK_510_H-scaled.jpg","type":"image\/jpeg"}],"twitter_card":"summary_large_image","schema":{"@context":"https:\/\/schema.org","@graph":[{"@type":"WebPage","@id":"https:\/\/bandelin.com\/shop\/sonorex-ultraschallbaeder\/sonorex-super-rk-ultraschallbaeder\/sonorex-super-rk-510-h-ultraschallbad-mit-heizung\/","url":"https:\/\/bandelin.com\/shop\/sonorex-ultraschallbaeder\/sonorex-super-rk-ultraschallbaeder\/sonorex-super-rk-510-h-ultraschallbad-mit-heizung\/","name":"SONOREX SUPER RK 510 H Ba\u00f1o de ultrasonidos con calefacci\u00f3n | BANDELIN electronic GmbH &amp; Co. KG","isPartOf":{"@id":"https:\/\/bvted2iv.myrdbx.io\/#website"},"primaryImageOfPage":{"@id":"https:\/\/bandelin.com\/shop\/sonorex-ultraschallbaeder\/sonorex-super-rk-ultraschallbaeder\/sonorex-super-rk-510-h-ultraschallbad-mit-heizung\/#primaryimage"},"image":{"@id":"https:\/\/bandelin.com\/shop\/sonorex-ultraschallbaeder\/sonorex-super-rk-ultraschallbaeder\/sonorex-super-rk-510-h-ultraschallbad-mit-heizung\/#primaryimage"},"thumbnailUrl":"https:\/\/bandelin.com\/wp-content\/uploads\/Produktfoto_RK_510_H-scaled.jpg","datePublished":"2026-05-07T19:21:42+00:00","dateModified":"2026-05-15T13:05:33+00:00","description":"M\u00e1s informaci\u00f3n sobre SONOREX SUPER RK 510 H Ba\u00f1o de ultrasonidos con calefacci\u00f3n | Ba\u00f1os de ultrasonidos de alta calidad para la medicina y la industria de Bandelin Electronic desde 1955.","breadcrumb":{"@id":"https:\/\/bandelin.com\/shop\/sonorex-ultraschallbaeder\/sonorex-super-rk-ultraschallbaeder\/sonorex-super-rk-510-h-ultraschallbad-mit-heizung\/#breadcrumb"},"inLanguage":"es","potentialAction":[{"@type":"ReadAction","target":["https:\/\/bandelin.com\/shop\/sonorex-ultraschallbaeder\/sonorex-super-rk-ultraschallbaeder\/sonorex-super-rk-510-h-ultraschallbad-mit-heizung\/"]}]},{"@type":"ImageObject","inLanguage":"es","@id":"https:\/\/bandelin.com\/shop\/sonorex-ultraschallbaeder\/sonorex-super-rk-ultraschallbaeder\/sonorex-super-rk-510-h-ultraschallbad-mit-heizung\/#primaryimage","url":"https:\/\/bandelin.com\/wp-content\/uploads\/Produktfoto_RK_510_H-scaled.jpg","contentUrl":"https:\/\/bandelin.com\/wp-content\/uploads\/Produktfoto_RK_510_H-scaled.jpg","width":2048,"height":2048,"caption":"SONOREX SUPER RK 510 H Ultraschallbad mit Heizung Bild"},{"@type":"BreadcrumbList","@id":"https:\/\/bandelin.com\/shop\/sonorex-ultraschallbaeder\/sonorex-super-rk-ultraschallbaeder\/sonorex-super-rk-510-h-ultraschallbad-mit-heizung\/#breadcrumb","itemListElement":[{"@type":"ListItem","position":1,"name":"Startseite","item":"https:\/\/bandelin.com\/"},{"@type":"ListItem","position":2,"name":"Shop","item":"https:\/\/bandelin.com\/shop\/"},{"@type":"ListItem","position":3,"name":"SONOREX SUPER RK 510 H Ultraschallbad mit Heizung"}]},{"@type":"WebSite","@id":"https:\/\/bvted2iv.myrdbx.io\/#website","url":"https:\/\/bvted2iv.myrdbx.io\/","name":"BANDELIN electronic GmbH &amp; Co. KG","description":"Ultrasonidos desde 1955","publisher":{"@id":"https:\/\/bvted2iv.myrdbx.io\/#organization"},"potentialAction":[{"@type":"SearchAction","target":{"@type":"EntryPoint","urlTemplate":"https:\/\/bvted2iv.myrdbx.io\/?s={search_term_string}"},"query-input":{"@type":"PropertyValueSpecification","valueRequired":true,"valueName":"search_term_string"}}],"inLanguage":"es"},{"@type":"Organization","@id":"https:\/\/bvted2iv.myrdbx.io\/#organization","name":"BANDELIN electronic GmbH &amp; Co. KG","url":"https:\/\/bvted2iv.myrdbx.io\/","logo":{"@type":"ImageObject","inLanguage":"es","@id":"https:\/\/bvted2iv.myrdbx.io\/#\/schema\/logo\/image\/","url":"","contentUrl":"","caption":"BANDELIN electronic GmbH & Co. KG"},"image":{"@id":"https:\/\/bvted2iv.myrdbx.io\/#\/schema\/logo\/image\/"},"sameAs":["https:\/\/de-de.facebook.com\/bandelin.electronic\/","https:\/\/www.instagram.com\/bandelin_ultrasonic\/?hl=de","https:\/\/www.linkedin.com\/company\/bandelin-electronic-gmbh-amp-co-kg","https:\/\/www.youtube.com\/channel\/UC5wTNrNxkwMmX-WzysQqw3g"]}]}},"_links":{"self":[{"href":"https:\/\/bandelin.com\/es\/wp-json\/wp\/v2\/product\/697463","targetHints":{"allow":["GET"]}}],"collection":[{"href":"https:\/\/bandelin.com\/es\/wp-json\/wp\/v2\/product"}],"about":[{"href":"https:\/\/bandelin.com\/es\/wp-json\/wp\/v2\/types\/product"}],"version-history":[{"count":1,"href":"https:\/\/bandelin.com\/es\/wp-json\/wp\/v2\/product\/697463\/revisions"}],"predecessor-version":[{"id":731796,"href":"https:\/\/bandelin.com\/es\/wp-json\/wp\/v2\/product\/697463\/revisions\/731796"}],"wp:featuredmedia":[{"embeddable":true,"href":"https:\/\/bandelin.com\/es\/wp-json\/wp\/v2\/media\/697465"}],"wp:attachment":[{"href":"https:\/\/bandelin.com\/es\/wp-json\/wp\/v2\/media?parent=697463"}],"wp:term":[{"taxonomy":"product_brand","embeddable":true,"href":"https:\/\/bandelin.com\/es\/wp-json\/wp\/v2\/product_brand?post=697463"},{"taxonomy":"product_cat","embeddable":true,"href":"https:\/\/bandelin.com\/es\/wp-json\/wp\/v2\/product_cat?post=697463"},{"taxonomy":"product_tag","embeddable":true,"href":"https:\/\/bandelin.com\/es\/wp-json\/wp\/v2\/product_tag?post=697463"}],"curies":[{"name":"wp","href":"https:\/\/api.w.org\/{rel}","templated":true}]}}