{"id":697975,"date":"2026-05-07T21:35:07","date_gmt":"2026-05-07T19:35:07","guid":{"rendered":"https:\/\/bandelin.com\/shop\/unkategorisiert\/sonorex-technik-rm-210-u-ultraschallbad-mit-ueberlauftasche-40-khz\/"},"modified":"2026-05-08T01:56:15","modified_gmt":"2026-05-07T23:56:15","slug":"sonorex-technik-rm-210-u-bano-de-ultrasonidos-con-rebosadero-bolsillo-40-khz","status":"publish","type":"product","link":"https:\/\/bandelin.com\/es\/shop\/sonorex-technik-ultraschallbaeder\/sonorex-technik-rm-ultraschallbaeder\/sonorex-technik-rm-210-u-ultraschallbad-mit-ueberlauftasche-40-khz\/","title":{"rendered":"SONOREX TECHNIK RM 210 U ba\u00f1o de ultrasonidos con bolsa de rebose, 40 kHz"},"content":{"rendered":"<p>Ba\u00f1o ultras\u00f3nico sin calefacci\u00f3n para la industria, el servicio y el mantenimiento. La cuba oscilante soldada de acero inoxidable 1.4404, 2 mm garantiza la m\u00e1xima durabilidad incluso con un uso intensivo.<br \/>\n  Su dise\u00f1o modular permite una gran variedad de configuraciones, desde tanques de limpieza individuales hasta l\u00edneas de limpieza completas.<br \/>\n  La bolsa de rebose integrada se utiliza para conectar un separador de aceite para separar las pel\u00edculas de aceite limpio de la soluci\u00f3n limpiadora.<\/p>\n<p>  - Tubo pulverizador para eliminar el aceite flotante de la superficie del l\u00edquido hacia la bolsa de rebose<br \/>\n  - Interruptor de nivel como protecci\u00f3n contra el funcionamiento en seco del calentador y el sensor ultras\u00f3nico<br \/>\n  - Pies ajustables en altura<\/p>\n<p>  Disponemos de cestas, tapas y concentrados de limpieza y desinfecci\u00f3n adecuados como accesorios para optimizar la limpieza por ultrasonidos.<\/p>","protected":false},"excerpt":{"rendered":"<p>Dimensiones interiores: 750 x 650 x 500 mm<\/p>","protected":false},"featured_media":697977,"template":"","meta":{"_acf_changed":false},"product_brand":[],"product_cat":[14254,12497],"product_tag":[14134,14623,12501],"class_list":{"0":"post-697975","1":"product","2":"type-product","3":"status-publish","4":"has-post-thumbnail","6":"product_cat-sonorex-technik-rm-ultraschallbaeder","7":"product_cat-sonorex-technik-ultraschallbaeder","8":"product_tag-ultraschallbad","9":"product_tag-sonorex-technik-ultraschallbaeder-sonorex-technik-rm-ultraschallbaeder","10":"product_tag-rm","11":"pa_ablauf-3-wege-kugelhahn-g-1-inkl-schlauch-und-schlauchtuellen-messing-galvanisch-beschichtet-an-der-linken-seite","12":"pa_arbeitsinhalt-l-14463","13":"pa_aussenmass-breite-mm-12591","14":"pa_aussenmass-hoehe-mm-12558","15":"pa_aussenmass-laenge-mm-12590","16":"pa_bedienung-drehgriff","17":"pa_bestellnummer-12592","18":"pa_betriebsspannung-v-400-v3npe-50-60-hz","19":"pa_ce-kennzeichnung-niederspannungsrichtlinie-2014-35-eu-emv-richtlinie-2014-30-eu-rohs-richtlinie-2011-65-eu-2","20":"pa_form-der-wannenecken-rechtwinklig","21":"pa_fuellstandsmarkierung-12589","22":"pa_gehaeusematerial-edelstahl-1-4301","23":"pa_griffe-an-den-seiten-2","24":"pa_inhalt-l-14462","25":"pa_innenmass-b-mm-12584","26":"pa_innenmass-l-mm-12583","27":"pa_innenmass-t-mm-14306","28":"pa_leistungseinstellung-fix","29":"pa_netzkabel-3-m-fest-am-geraet-mit-drehstromstecker-cekon-16-a","30":"pa_schutzgrad-gehaeuse-ip-32-2","31":"pa_spruehrohr-an-der-linken-seite","32":"pa_ueberlauf-kugelhahn-g-1-inkl-schlauchtuelle-fest-eingeschweisst-messing-galvanisch-beschichtet-an-der-rechten-seite","33":"pa_ueberlauftasche-an-der-rechten-seite","34":"pa_ultraschall-frequenz-khz-40-2","35":"pa_ultraschall-nennleistung-w-2-x-1000","36":"pa_ultraschall-spitzenleistung-w-2-x-4000","37":"pa_verpackung-breite-mm-1000-2","38":"pa_verpackung-hoehe-mm-14731","39":"pa_verpackung-laenge-mm-12344","40":"pa_vol-bis-ueberlauft-l-14730","41":"pa_wannenboden-gerade","42":"pa_wannenmaterial-edelstahl-1-4404","43":"pa_wannenstaerke-mm-14422","44":"pa_zeiteinstellung-min-1-15-dauerbetrieb","45":"pa_zulauf-3-wege-kugelhahn-g-1-inkl-schlauch-und-schlauchtuellen-an-der-linken-seite-messing-galvanisch-beschichtet","47":"first","48":"onbackorder","49":"taxable","50":"shipping-taxable","51":"purchasable","52":"product-type-simple"},"acf":[],"yoast_head":"<!-- This site is optimized with the Yoast SEO plugin v27.5 - https:\/\/yoast.com\/product\/yoast-seo-wordpress\/ -->\n<title>SONOREX TECHNIK RM 210 U Ultraschallbad mit \u00dcberlauftasche, 40 kHz | BANDELIN electronic GmbH &amp; Co. KG<\/title>\n<meta name=\"description\" content=\"Informationen Sie sich \u00fcber SONOREX TECHNIK RM 210 U Ultraschallbad mit \u00dcberlauftasche, 40 kHz | Hochwertige Ultraschallb\u00e4der f\u00fcr Medizin und Industrie von Bandelin Electronic seit 1955.\" \/>\n<meta name=\"robots\" content=\"index, follow, max-snippet:-1, max-image-preview:large, max-video-preview:-1\" \/>\n<link rel=\"canonical\" href=\"https:\/\/bandelin.com\/es\/tienda\/banos-de-ultrasonidos-con-tecnologia-sonorex\/sonorex-technology-rm-banos-de-ultrasonidos\/sonorex-technik-rm-210-u-bano-de-ultrasonidos-con-rebosadero-bolsillo-40-khz\/\" \/>\n<meta property=\"og:locale\" content=\"es_ES\" \/>\n<meta property=\"og:type\" content=\"article\" \/>\n<meta property=\"og:title\" content=\"SONOREX TECHNIK RM 210 U Ultraschallbad mit \u00dcberlauftasche, 40 kHz | BANDELIN electronic GmbH &amp; Co. KG\" \/>\n<meta property=\"og:description\" content=\"Informationen Sie sich \u00fcber SONOREX TECHNIK RM 210 U Ultraschallbad mit \u00dcberlauftasche, 40 kHz | Hochwertige Ultraschallb\u00e4der f\u00fcr Medizin und Industrie von Bandelin Electronic seit 1955.\" \/>\n<meta property=\"og:url\" content=\"https:\/\/bandelin.com\/es\/tienda\/banos-de-ultrasonidos-con-tecnologia-sonorex\/sonorex-technology-rm-banos-de-ultrasonidos\/sonorex-technik-rm-210-u-bano-de-ultrasonidos-con-rebosadero-bolsillo-40-khz\/\" \/>\n<meta property=\"og:site_name\" content=\"BANDELIN electronic GmbH &amp; Co. KG\" \/>\n<meta property=\"article:publisher\" content=\"https:\/\/de-de.facebook.com\/bandelin.electronic\/\" \/>\n<meta property=\"article:modified_time\" content=\"2026-05-07T23:56:15+00:00\" \/>\n<meta property=\"og:image\" content=\"https:\/\/bandelin.com\/wp-content\/uploads\/Produktfoto_RM_210_U-1-scaled.jpg\" \/>\n\t<meta property=\"og:image:width\" content=\"2048\" \/>\n\t<meta property=\"og:image:height\" content=\"2048\" \/>\n\t<meta property=\"og:image:type\" content=\"image\/jpeg\" \/>\n<meta name=\"twitter:card\" content=\"summary_large_image\" \/>\n<meta name=\"twitter:label1\" content=\"Tiempo de lectura\" \/>\n\t<meta name=\"twitter:data1\" content=\"1 minuto\" \/>\n<script type=\"application\/ld+json\" class=\"yoast-schema-graph\">{\"@context\":\"https:\\\/\\\/schema.org\",\"@graph\":[{\"@type\":\"WebPage\",\"@id\":\"https:\\\/\\\/bandelin.com\\\/shop\\\/sonorex-technik-ultraschallbaeder\\\/sonorex-technik-rm-ultraschallbaeder\\\/sonorex-technik-rm-210-u-ultraschallbad-mit-ueberlauftasche-40-khz\\\/\",\"url\":\"https:\\\/\\\/bandelin.com\\\/shop\\\/sonorex-technik-ultraschallbaeder\\\/sonorex-technik-rm-ultraschallbaeder\\\/sonorex-technik-rm-210-u-ultraschallbad-mit-ueberlauftasche-40-khz\\\/\",\"name\":\"SONOREX TECHNIK RM 210 U Ultraschallbad mit \u00dcberlauftasche, 40 kHz | BANDELIN electronic GmbH &amp; Co. KG\",\"isPartOf\":{\"@id\":\"https:\\\/\\\/bvted2iv.myrdbx.io\\\/#website\"},\"primaryImageOfPage\":{\"@id\":\"https:\\\/\\\/bandelin.com\\\/shop\\\/sonorex-technik-ultraschallbaeder\\\/sonorex-technik-rm-ultraschallbaeder\\\/sonorex-technik-rm-210-u-ultraschallbad-mit-ueberlauftasche-40-khz\\\/#primaryimage\"},\"image\":{\"@id\":\"https:\\\/\\\/bandelin.com\\\/shop\\\/sonorex-technik-ultraschallbaeder\\\/sonorex-technik-rm-ultraschallbaeder\\\/sonorex-technik-rm-210-u-ultraschallbad-mit-ueberlauftasche-40-khz\\\/#primaryimage\"},\"thumbnailUrl\":\"https:\\\/\\\/bandelin.com\\\/wp-content\\\/uploads\\\/Produktfoto_RM_210_U-1-scaled.jpg\",\"datePublished\":\"2026-05-07T19:35:07+00:00\",\"dateModified\":\"2026-05-07T23:56:15+00:00\",\"description\":\"Informationen Sie sich \u00fcber SONOREX TECHNIK RM 210 U Ultraschallbad mit \u00dcberlauftasche, 40 kHz | Hochwertige Ultraschallb\u00e4der f\u00fcr Medizin und Industrie von Bandelin Electronic seit 1955.\",\"breadcrumb\":{\"@id\":\"https:\\\/\\\/bandelin.com\\\/shop\\\/sonorex-technik-ultraschallbaeder\\\/sonorex-technik-rm-ultraschallbaeder\\\/sonorex-technik-rm-210-u-ultraschallbad-mit-ueberlauftasche-40-khz\\\/#breadcrumb\"},\"inLanguage\":\"es\",\"potentialAction\":[{\"@type\":\"ReadAction\",\"target\":[\"https:\\\/\\\/bandelin.com\\\/shop\\\/sonorex-technik-ultraschallbaeder\\\/sonorex-technik-rm-ultraschallbaeder\\\/sonorex-technik-rm-210-u-ultraschallbad-mit-ueberlauftasche-40-khz\\\/\"]}]},{\"@type\":\"ImageObject\",\"inLanguage\":\"es\",\"@id\":\"https:\\\/\\\/bandelin.com\\\/shop\\\/sonorex-technik-ultraschallbaeder\\\/sonorex-technik-rm-ultraschallbaeder\\\/sonorex-technik-rm-210-u-ultraschallbad-mit-ueberlauftasche-40-khz\\\/#primaryimage\",\"url\":\"https:\\\/\\\/bandelin.com\\\/wp-content\\\/uploads\\\/Produktfoto_RM_210_U-1-scaled.jpg\",\"contentUrl\":\"https:\\\/\\\/bandelin.com\\\/wp-content\\\/uploads\\\/Produktfoto_RM_210_U-1-scaled.jpg\",\"width\":2048,\"height\":2048,\"caption\":\"SONOREX TECHNIK RM 210 U Ultraschallbad mit \u00dcberlauftasche\"},{\"@type\":\"BreadcrumbList\",\"@id\":\"https:\\\/\\\/bandelin.com\\\/shop\\\/sonorex-technik-ultraschallbaeder\\\/sonorex-technik-rm-ultraschallbaeder\\\/sonorex-technik-rm-210-u-ultraschallbad-mit-ueberlauftasche-40-khz\\\/#breadcrumb\",\"itemListElement\":[{\"@type\":\"ListItem\",\"position\":1,\"name\":\"Startseite\",\"item\":\"https:\\\/\\\/bandelin.com\\\/\"},{\"@type\":\"ListItem\",\"position\":2,\"name\":\"Shop\",\"item\":\"https:\\\/\\\/bandelin.com\\\/shop\\\/\"},{\"@type\":\"ListItem\",\"position\":3,\"name\":\"SONOREX TECHNIK RM 210 U Ultraschallbad mit \u00dcberlauftasche, 40 kHz\"}]},{\"@type\":\"WebSite\",\"@id\":\"https:\\\/\\\/bvted2iv.myrdbx.io\\\/#website\",\"url\":\"https:\\\/\\\/bvted2iv.myrdbx.io\\\/\",\"name\":\"BANDELIN electronic GmbH & Co. KG\",\"description\":\"Ultraschall seit 1955\",\"publisher\":{\"@id\":\"https:\\\/\\\/bvted2iv.myrdbx.io\\\/#organization\"},\"potentialAction\":[{\"@type\":\"SearchAction\",\"target\":{\"@type\":\"EntryPoint\",\"urlTemplate\":\"https:\\\/\\\/bvted2iv.myrdbx.io\\\/?s={search_term_string}\"},\"query-input\":{\"@type\":\"PropertyValueSpecification\",\"valueRequired\":true,\"valueName\":\"search_term_string\"}}],\"inLanguage\":\"es\"},{\"@type\":\"Organization\",\"@id\":\"https:\\\/\\\/bvted2iv.myrdbx.io\\\/#organization\",\"name\":\"BANDELIN electronic GmbH & Co. KG\",\"url\":\"https:\\\/\\\/bvted2iv.myrdbx.io\\\/\",\"logo\":{\"@type\":\"ImageObject\",\"inLanguage\":\"es\",\"@id\":\"https:\\\/\\\/bvted2iv.myrdbx.io\\\/#\\\/schema\\\/logo\\\/image\\\/\",\"url\":\"\",\"contentUrl\":\"\",\"caption\":\"BANDELIN electronic GmbH & Co. KG\"},\"image\":{\"@id\":\"https:\\\/\\\/bvted2iv.myrdbx.io\\\/#\\\/schema\\\/logo\\\/image\\\/\"},\"sameAs\":[\"https:\\\/\\\/de-de.facebook.com\\\/bandelin.electronic\\\/\",\"https:\\\/\\\/www.instagram.com\\\/bandelin_ultrasonic\\\/?hl=de\",\"https:\\\/\\\/www.linkedin.com\\\/company\\\/bandelin-electronic-gmbh-amp-co-kg\",\"https:\\\/\\\/www.youtube.com\\\/channel\\\/UC5wTNrNxkwMmX-WzysQqw3g\"]}]}<\/script>\n<!-- \/ Yoast SEO plugin. -->","yoast_head_json":{"title":"SONOREX TECHNIK RM 210 U Ba\u00f1o de ultrasonidos con bolsa de rebose, 40 kHz | BANDELIN electronic GmbH &amp; Co. KG","description":"M\u00e1s informaci\u00f3n sobre SONOREX TECHNIK RM 210 U ba\u00f1o de ultrasonidos con bolsa de rebose, 40 kHz | Ba\u00f1os de ultrasonidos de alta calidad para la medicina y la industria de Bandelin Electronic desde 1955.","robots":{"index":"index","follow":"follow","max-snippet":"max-snippet:-1","max-image-preview":"max-image-preview:large","max-video-preview":"max-video-preview:-1"},"canonical":"https:\/\/bandelin.com\/es\/tienda\/banos-de-ultrasonidos-con-tecnologia-sonorex\/sonorex-technology-rm-banos-de-ultrasonidos\/sonorex-technik-rm-210-u-bano-de-ultrasonidos-con-rebosadero-bolsillo-40-khz\/","og_locale":"es_ES","og_type":"article","og_title":"SONOREX TECHNIK RM 210 U Ultraschallbad mit \u00dcberlauftasche, 40 kHz | BANDELIN electronic GmbH &amp; Co. KG","og_description":"Informationen Sie sich \u00fcber SONOREX TECHNIK RM 210 U Ultraschallbad mit \u00dcberlauftasche, 40 kHz | Hochwertige Ultraschallb\u00e4der f\u00fcr Medizin und Industrie von Bandelin Electronic seit 1955.","og_url":"https:\/\/bandelin.com\/es\/tienda\/banos-de-ultrasonidos-con-tecnologia-sonorex\/sonorex-technology-rm-banos-de-ultrasonidos\/sonorex-technik-rm-210-u-bano-de-ultrasonidos-con-rebosadero-bolsillo-40-khz\/","og_site_name":"BANDELIN electronic GmbH &amp; Co. KG","article_publisher":"https:\/\/de-de.facebook.com\/bandelin.electronic\/","article_modified_time":"2026-05-07T23:56:15+00:00","og_image":[{"width":2048,"height":2048,"url":"https:\/\/bandelin.com\/wp-content\/uploads\/Produktfoto_RM_210_U-1-scaled.jpg","type":"image\/jpeg"}],"twitter_card":"summary_large_image","twitter_misc":{"Tiempo de lectura":"1 minuto"},"schema":{"@context":"https:\/\/schema.org","@graph":[{"@type":"WebPage","@id":"https:\/\/bandelin.com\/shop\/sonorex-technik-ultraschallbaeder\/sonorex-technik-rm-ultraschallbaeder\/sonorex-technik-rm-210-u-ultraschallbad-mit-ueberlauftasche-40-khz\/","url":"https:\/\/bandelin.com\/shop\/sonorex-technik-ultraschallbaeder\/sonorex-technik-rm-ultraschallbaeder\/sonorex-technik-rm-210-u-ultraschallbad-mit-ueberlauftasche-40-khz\/","name":"SONOREX TECHNIK RM 210 U Ba\u00f1o de ultrasonidos con bolsa de rebose, 40 kHz | BANDELIN electronic GmbH &amp; Co. KG","isPartOf":{"@id":"https:\/\/bvted2iv.myrdbx.io\/#website"},"primaryImageOfPage":{"@id":"https:\/\/bandelin.com\/shop\/sonorex-technik-ultraschallbaeder\/sonorex-technik-rm-ultraschallbaeder\/sonorex-technik-rm-210-u-ultraschallbad-mit-ueberlauftasche-40-khz\/#primaryimage"},"image":{"@id":"https:\/\/bandelin.com\/shop\/sonorex-technik-ultraschallbaeder\/sonorex-technik-rm-ultraschallbaeder\/sonorex-technik-rm-210-u-ultraschallbad-mit-ueberlauftasche-40-khz\/#primaryimage"},"thumbnailUrl":"https:\/\/bandelin.com\/wp-content\/uploads\/Produktfoto_RM_210_U-1-scaled.jpg","datePublished":"2026-05-07T19:35:07+00:00","dateModified":"2026-05-07T23:56:15+00:00","description":"M\u00e1s informaci\u00f3n sobre SONOREX TECHNIK RM 210 U ba\u00f1o de ultrasonidos con bolsa de rebose, 40 kHz | Ba\u00f1os de ultrasonidos de alta calidad para la medicina y la industria de Bandelin Electronic desde 1955.","breadcrumb":{"@id":"https:\/\/bandelin.com\/shop\/sonorex-technik-ultraschallbaeder\/sonorex-technik-rm-ultraschallbaeder\/sonorex-technik-rm-210-u-ultraschallbad-mit-ueberlauftasche-40-khz\/#breadcrumb"},"inLanguage":"es","potentialAction":[{"@type":"ReadAction","target":["https:\/\/bandelin.com\/shop\/sonorex-technik-ultraschallbaeder\/sonorex-technik-rm-ultraschallbaeder\/sonorex-technik-rm-210-u-ultraschallbad-mit-ueberlauftasche-40-khz\/"]}]},{"@type":"ImageObject","inLanguage":"es","@id":"https:\/\/bandelin.com\/shop\/sonorex-technik-ultraschallbaeder\/sonorex-technik-rm-ultraschallbaeder\/sonorex-technik-rm-210-u-ultraschallbad-mit-ueberlauftasche-40-khz\/#primaryimage","url":"https:\/\/bandelin.com\/wp-content\/uploads\/Produktfoto_RM_210_U-1-scaled.jpg","contentUrl":"https:\/\/bandelin.com\/wp-content\/uploads\/Produktfoto_RM_210_U-1-scaled.jpg","width":2048,"height":2048,"caption":"SONOREX TECHNIK RM 210 U Ultraschallbad mit \u00dcberlauftasche"},{"@type":"BreadcrumbList","@id":"https:\/\/bandelin.com\/shop\/sonorex-technik-ultraschallbaeder\/sonorex-technik-rm-ultraschallbaeder\/sonorex-technik-rm-210-u-ultraschallbad-mit-ueberlauftasche-40-khz\/#breadcrumb","itemListElement":[{"@type":"ListItem","position":1,"name":"Startseite","item":"https:\/\/bandelin.com\/"},{"@type":"ListItem","position":2,"name":"Shop","item":"https:\/\/bandelin.com\/shop\/"},{"@type":"ListItem","position":3,"name":"SONOREX TECHNIK RM 210 U Ultraschallbad mit \u00dcberlauftasche, 40 kHz"}]},{"@type":"WebSite","@id":"https:\/\/bvted2iv.myrdbx.io\/#website","url":"https:\/\/bvted2iv.myrdbx.io\/","name":"BANDELIN electronic GmbH &amp; Co. KG","description":"Ultrasonidos desde 1955","publisher":{"@id":"https:\/\/bvted2iv.myrdbx.io\/#organization"},"potentialAction":[{"@type":"SearchAction","target":{"@type":"EntryPoint","urlTemplate":"https:\/\/bvted2iv.myrdbx.io\/?s={search_term_string}"},"query-input":{"@type":"PropertyValueSpecification","valueRequired":true,"valueName":"search_term_string"}}],"inLanguage":"es"},{"@type":"Organization","@id":"https:\/\/bvted2iv.myrdbx.io\/#organization","name":"BANDELIN electronic GmbH &amp; Co. KG","url":"https:\/\/bvted2iv.myrdbx.io\/","logo":{"@type":"ImageObject","inLanguage":"es","@id":"https:\/\/bvted2iv.myrdbx.io\/#\/schema\/logo\/image\/","url":"","contentUrl":"","caption":"BANDELIN electronic GmbH & Co. KG"},"image":{"@id":"https:\/\/bvted2iv.myrdbx.io\/#\/schema\/logo\/image\/"},"sameAs":["https:\/\/de-de.facebook.com\/bandelin.electronic\/","https:\/\/www.instagram.com\/bandelin_ultrasonic\/?hl=de","https:\/\/www.linkedin.com\/company\/bandelin-electronic-gmbh-amp-co-kg","https:\/\/www.youtube.com\/channel\/UC5wTNrNxkwMmX-WzysQqw3g"]}]}},"_links":{"self":[{"href":"https:\/\/bandelin.com\/es\/wp-json\/wp\/v2\/product\/697975","targetHints":{"allow":["GET"]}}],"collection":[{"href":"https:\/\/bandelin.com\/es\/wp-json\/wp\/v2\/product"}],"about":[{"href":"https:\/\/bandelin.com\/es\/wp-json\/wp\/v2\/types\/product"}],"version-history":[{"count":2,"href":"https:\/\/bandelin.com\/es\/wp-json\/wp\/v2\/product\/697975\/revisions"}],"predecessor-version":[{"id":697978,"href":"https:\/\/bandelin.com\/es\/wp-json\/wp\/v2\/product\/697975\/revisions\/697978"}],"wp:featuredmedia":[{"embeddable":true,"href":"https:\/\/bandelin.com\/es\/wp-json\/wp\/v2\/media\/697977"}],"wp:attachment":[{"href":"https:\/\/bandelin.com\/es\/wp-json\/wp\/v2\/media?parent=697975"}],"wp:term":[{"taxonomy":"product_brand","embeddable":true,"href":"https:\/\/bandelin.com\/es\/wp-json\/wp\/v2\/product_brand?post=697975"},{"taxonomy":"product_cat","embeddable":true,"href":"https:\/\/bandelin.com\/es\/wp-json\/wp\/v2\/product_cat?post=697975"},{"taxonomy":"product_tag","embeddable":true,"href":"https:\/\/bandelin.com\/es\/wp-json\/wp\/v2\/product_tag?post=697975"}],"curies":[{"name":"wp","href":"https:\/\/api.w.org\/{rel}","templated":true}]}}