{"id":699836,"date":"2026-05-07T22:30:39","date_gmt":"2026-05-07T20:30:39","guid":{"rendered":"https:\/\/bandelin.com\/shop\/unkategorisiert\/dosierpumpe-fuer-10-l-kanister\/"},"modified":"2026-05-08T00:14:33","modified_gmt":"2026-05-07T22:14:33","slug":"bomba-dosificadora-para-bidones-de-10-litros","status":"publish","type":"product","link":"https:\/\/bandelin.com\/es\/shop\/reinigungs-und-desinfektionspraeparate\/zubehoer-reinigungs-und-desinfektionspraeparate\/dosierpumpe-fuer-10-l-kanister\/","title":{"rendered":"Bomba dosificadora para bid\u00f3n de 10 litros"},"content":{"rendered":"<p>La bomba dosificadora permite extraer del bid\u00f3n el preparado de limpieza y desinfecci\u00f3n de forma precisa y sencilla. Se evitan los derrames de forma fiable.<\/p>","protected":false},"excerpt":{"rendered":"<p>La bomba dosificadora permite extraer del bid\u00f3n el preparado de limpieza y desinfecci\u00f3n de forma precisa y sencilla. Se evitan los derrames de forma fiable.<\/p>","protected":false},"featured_media":699838,"template":"","meta":{"_acf_changed":false},"product_brand":[],"product_cat":[14181,14530],"product_tag":[13140,14644],"class_list":{"0":"post-699836","1":"product","2":"type-product","3":"status-publish","4":"has-post-thumbnail","6":"product_cat-reinigungs-und-desinfektionspraeparate","7":"product_cat-zubehoer-reinigungs-und-desinfektionspraeparate","8":"product_tag-dosierhilfe","9":"product_tag-reinigungs-und-desinfektionspraeparate-zubehoer","10":"pa_bestellnummer-13155","11":"pa_passend-zu-10-l-kanister","12":"pa_verpackung-breite-mm-130-2","13":"pa_verpackung-hoehe-mm-80-2","14":"pa_verpackung-laenge-mm-250-2","16":"first","17":"instock","18":"taxable","19":"shipping-taxable","20":"purchasable","21":"product-type-simple"},"acf":[],"yoast_head":"<!-- This site is optimized with the Yoast SEO plugin v27.5 - https:\/\/yoast.com\/product\/yoast-seo-wordpress\/ -->\n<title>Dosierpumpe f\u00fcr 10-l-Kanister | BANDELIN electronic GmbH &amp; Co. KG<\/title>\n<meta name=\"description\" content=\"Informationen Sie sich \u00fcber Dosierpumpe f\u00fcr 10-l-Kanister | Hochwertige Ultraschallb\u00e4der f\u00fcr Medizin und Industrie von Bandelin Electronic seit 1955.\" \/>\n<meta name=\"robots\" content=\"index, follow, max-snippet:-1, max-image-preview:large, max-video-preview:-1\" \/>\n<link rel=\"canonical\" href=\"https:\/\/bandelin.com\/es\/tienda\/preparados-de-limpieza-y-desinfeccion\/accesorios-de-limpieza-y-desinfeccion\/bomba-dosificadora-para-bidones-de-10-litros\/\" \/>\n<meta property=\"og:locale\" content=\"es_ES\" \/>\n<meta property=\"og:type\" content=\"article\" \/>\n<meta property=\"og:title\" content=\"Dosierpumpe f\u00fcr 10-l-Kanister | BANDELIN electronic GmbH &amp; Co. KG\" \/>\n<meta property=\"og:description\" content=\"Informationen Sie sich \u00fcber Dosierpumpe f\u00fcr 10-l-Kanister | Hochwertige Ultraschallb\u00e4der f\u00fcr Medizin und Industrie von Bandelin Electronic seit 1955.\" \/>\n<meta property=\"og:url\" content=\"https:\/\/bandelin.com\/es\/tienda\/preparados-de-limpieza-y-desinfeccion\/accesorios-de-limpieza-y-desinfeccion\/bomba-dosificadora-para-bidones-de-10-litros\/\" \/>\n<meta property=\"og:site_name\" content=\"BANDELIN electronic GmbH &amp; Co. KG\" \/>\n<meta property=\"article:publisher\" content=\"https:\/\/de-de.facebook.com\/bandelin.electronic\/\" \/>\n<meta property=\"article:modified_time\" content=\"2026-05-07T22:14:33+00:00\" \/>\n<meta property=\"og:image\" content=\"https:\/\/bandelin.com\/wp-content\/uploads\/Produktfoto_268_Dosierpumpe_10l-4.jpg\" \/>\n\t<meta property=\"og:image:width\" content=\"2000\" \/>\n\t<meta property=\"og:image:height\" content=\"2000\" \/>\n\t<meta property=\"og:image:type\" content=\"image\/jpeg\" \/>\n<meta name=\"twitter:card\" content=\"summary_large_image\" \/>\n<script type=\"application\/ld+json\" class=\"yoast-schema-graph\">{\"@context\":\"https:\\\/\\\/schema.org\",\"@graph\":[{\"@type\":\"WebPage\",\"@id\":\"https:\\\/\\\/bandelin.com\\\/shop\\\/reinigungs-und-desinfektionspraeparate\\\/zubehoer-reinigungs-und-desinfektionspraeparate\\\/dosierpumpe-fuer-10-l-kanister\\\/\",\"url\":\"https:\\\/\\\/bandelin.com\\\/shop\\\/reinigungs-und-desinfektionspraeparate\\\/zubehoer-reinigungs-und-desinfektionspraeparate\\\/dosierpumpe-fuer-10-l-kanister\\\/\",\"name\":\"Dosierpumpe f\u00fcr 10-l-Kanister | BANDELIN electronic GmbH &amp; Co. KG\",\"isPartOf\":{\"@id\":\"https:\\\/\\\/bvted2iv.myrdbx.io\\\/#website\"},\"primaryImageOfPage\":{\"@id\":\"https:\\\/\\\/bandelin.com\\\/shop\\\/reinigungs-und-desinfektionspraeparate\\\/zubehoer-reinigungs-und-desinfektionspraeparate\\\/dosierpumpe-fuer-10-l-kanister\\\/#primaryimage\"},\"image\":{\"@id\":\"https:\\\/\\\/bandelin.com\\\/shop\\\/reinigungs-und-desinfektionspraeparate\\\/zubehoer-reinigungs-und-desinfektionspraeparate\\\/dosierpumpe-fuer-10-l-kanister\\\/#primaryimage\"},\"thumbnailUrl\":\"https:\\\/\\\/bandelin.com\\\/wp-content\\\/uploads\\\/Produktfoto_268_Dosierpumpe_10l-4.jpg\",\"datePublished\":\"2026-05-07T20:30:39+00:00\",\"dateModified\":\"2026-05-07T22:14:33+00:00\",\"description\":\"Informationen Sie sich \u00fcber Dosierpumpe f\u00fcr 10-l-Kanister | Hochwertige Ultraschallb\u00e4der f\u00fcr Medizin und Industrie von Bandelin Electronic seit 1955.\",\"breadcrumb\":{\"@id\":\"https:\\\/\\\/bandelin.com\\\/shop\\\/reinigungs-und-desinfektionspraeparate\\\/zubehoer-reinigungs-und-desinfektionspraeparate\\\/dosierpumpe-fuer-10-l-kanister\\\/#breadcrumb\"},\"inLanguage\":\"es\",\"potentialAction\":[{\"@type\":\"ReadAction\",\"target\":[\"https:\\\/\\\/bandelin.com\\\/shop\\\/reinigungs-und-desinfektionspraeparate\\\/zubehoer-reinigungs-und-desinfektionspraeparate\\\/dosierpumpe-fuer-10-l-kanister\\\/\"]}]},{\"@type\":\"ImageObject\",\"inLanguage\":\"es\",\"@id\":\"https:\\\/\\\/bandelin.com\\\/shop\\\/reinigungs-und-desinfektionspraeparate\\\/zubehoer-reinigungs-und-desinfektionspraeparate\\\/dosierpumpe-fuer-10-l-kanister\\\/#primaryimage\",\"url\":\"https:\\\/\\\/bandelin.com\\\/wp-content\\\/uploads\\\/Produktfoto_268_Dosierpumpe_10l-4.jpg\",\"contentUrl\":\"https:\\\/\\\/bandelin.com\\\/wp-content\\\/uploads\\\/Produktfoto_268_Dosierpumpe_10l-4.jpg\",\"width\":2000,\"height\":2000,\"caption\":\"Dosierpumpe f\u00fcr 10-l-Kanister Bild\"},{\"@type\":\"BreadcrumbList\",\"@id\":\"https:\\\/\\\/bandelin.com\\\/shop\\\/reinigungs-und-desinfektionspraeparate\\\/zubehoer-reinigungs-und-desinfektionspraeparate\\\/dosierpumpe-fuer-10-l-kanister\\\/#breadcrumb\",\"itemListElement\":[{\"@type\":\"ListItem\",\"position\":1,\"name\":\"Startseite\",\"item\":\"https:\\\/\\\/bandelin.com\\\/\"},{\"@type\":\"ListItem\",\"position\":2,\"name\":\"Shop\",\"item\":\"https:\\\/\\\/bandelin.com\\\/shop\\\/\"},{\"@type\":\"ListItem\",\"position\":3,\"name\":\"Dosierpumpe f\u00fcr 10-l-Kanister\"}]},{\"@type\":\"WebSite\",\"@id\":\"https:\\\/\\\/bvted2iv.myrdbx.io\\\/#website\",\"url\":\"https:\\\/\\\/bvted2iv.myrdbx.io\\\/\",\"name\":\"BANDELIN electronic GmbH & Co. KG\",\"description\":\"Ultraschall seit 1955\",\"publisher\":{\"@id\":\"https:\\\/\\\/bvted2iv.myrdbx.io\\\/#organization\"},\"potentialAction\":[{\"@type\":\"SearchAction\",\"target\":{\"@type\":\"EntryPoint\",\"urlTemplate\":\"https:\\\/\\\/bvted2iv.myrdbx.io\\\/?s={search_term_string}\"},\"query-input\":{\"@type\":\"PropertyValueSpecification\",\"valueRequired\":true,\"valueName\":\"search_term_string\"}}],\"inLanguage\":\"es\"},{\"@type\":\"Organization\",\"@id\":\"https:\\\/\\\/bvted2iv.myrdbx.io\\\/#organization\",\"name\":\"BANDELIN electronic GmbH & Co. KG\",\"url\":\"https:\\\/\\\/bvted2iv.myrdbx.io\\\/\",\"logo\":{\"@type\":\"ImageObject\",\"inLanguage\":\"es\",\"@id\":\"https:\\\/\\\/bvted2iv.myrdbx.io\\\/#\\\/schema\\\/logo\\\/image\\\/\",\"url\":\"\",\"contentUrl\":\"\",\"caption\":\"BANDELIN electronic GmbH & Co. KG\"},\"image\":{\"@id\":\"https:\\\/\\\/bvted2iv.myrdbx.io\\\/#\\\/schema\\\/logo\\\/image\\\/\"},\"sameAs\":[\"https:\\\/\\\/de-de.facebook.com\\\/bandelin.electronic\\\/\",\"https:\\\/\\\/www.instagram.com\\\/bandelin_ultrasonic\\\/?hl=de\",\"https:\\\/\\\/www.linkedin.com\\\/company\\\/bandelin-electronic-gmbh-amp-co-kg\",\"https:\\\/\\\/www.youtube.com\\\/channel\\\/UC5wTNrNxkwMmX-WzysQqw3g\"]}]}<\/script>\n<!-- \/ Yoast SEO plugin. -->","yoast_head_json":{"title":"Bomba dosificadora para bidones de 10 litros | BANDELIN electronic GmbH &amp; Co. KG","description":"M\u00e1s informaci\u00f3n sobre Bomba dosificadora para bidones de 10 litros | Ba\u00f1os ultras\u00f3nicos de alta calidad para la medicina y la industria de Bandelin Electronic desde 1955.","robots":{"index":"index","follow":"follow","max-snippet":"max-snippet:-1","max-image-preview":"max-image-preview:large","max-video-preview":"max-video-preview:-1"},"canonical":"https:\/\/bandelin.com\/es\/tienda\/preparados-de-limpieza-y-desinfeccion\/accesorios-de-limpieza-y-desinfeccion\/bomba-dosificadora-para-bidones-de-10-litros\/","og_locale":"es_ES","og_type":"article","og_title":"Dosierpumpe f\u00fcr 10-l-Kanister | BANDELIN electronic GmbH &amp; Co. KG","og_description":"Informationen Sie sich \u00fcber Dosierpumpe f\u00fcr 10-l-Kanister | Hochwertige Ultraschallb\u00e4der f\u00fcr Medizin und Industrie von Bandelin Electronic seit 1955.","og_url":"https:\/\/bandelin.com\/es\/tienda\/preparados-de-limpieza-y-desinfeccion\/accesorios-de-limpieza-y-desinfeccion\/bomba-dosificadora-para-bidones-de-10-litros\/","og_site_name":"BANDELIN electronic GmbH &amp; Co. KG","article_publisher":"https:\/\/de-de.facebook.com\/bandelin.electronic\/","article_modified_time":"2026-05-07T22:14:33+00:00","og_image":[{"width":2000,"height":2000,"url":"https:\/\/bandelin.com\/wp-content\/uploads\/Produktfoto_268_Dosierpumpe_10l-4.jpg","type":"image\/jpeg"}],"twitter_card":"summary_large_image","schema":{"@context":"https:\/\/schema.org","@graph":[{"@type":"WebPage","@id":"https:\/\/bandelin.com\/shop\/reinigungs-und-desinfektionspraeparate\/zubehoer-reinigungs-und-desinfektionspraeparate\/dosierpumpe-fuer-10-l-kanister\/","url":"https:\/\/bandelin.com\/shop\/reinigungs-und-desinfektionspraeparate\/zubehoer-reinigungs-und-desinfektionspraeparate\/dosierpumpe-fuer-10-l-kanister\/","name":"Bomba dosificadora para bidones de 10 litros | BANDELIN electronic GmbH &amp; Co. KG","isPartOf":{"@id":"https:\/\/bvted2iv.myrdbx.io\/#website"},"primaryImageOfPage":{"@id":"https:\/\/bandelin.com\/shop\/reinigungs-und-desinfektionspraeparate\/zubehoer-reinigungs-und-desinfektionspraeparate\/dosierpumpe-fuer-10-l-kanister\/#primaryimage"},"image":{"@id":"https:\/\/bandelin.com\/shop\/reinigungs-und-desinfektionspraeparate\/zubehoer-reinigungs-und-desinfektionspraeparate\/dosierpumpe-fuer-10-l-kanister\/#primaryimage"},"thumbnailUrl":"https:\/\/bandelin.com\/wp-content\/uploads\/Produktfoto_268_Dosierpumpe_10l-4.jpg","datePublished":"2026-05-07T20:30:39+00:00","dateModified":"2026-05-07T22:14:33+00:00","description":"M\u00e1s informaci\u00f3n sobre Bomba dosificadora para bidones de 10 litros | Ba\u00f1os ultras\u00f3nicos de alta calidad para la medicina y la industria de Bandelin Electronic desde 1955.","breadcrumb":{"@id":"https:\/\/bandelin.com\/shop\/reinigungs-und-desinfektionspraeparate\/zubehoer-reinigungs-und-desinfektionspraeparate\/dosierpumpe-fuer-10-l-kanister\/#breadcrumb"},"inLanguage":"es","potentialAction":[{"@type":"ReadAction","target":["https:\/\/bandelin.com\/shop\/reinigungs-und-desinfektionspraeparate\/zubehoer-reinigungs-und-desinfektionspraeparate\/dosierpumpe-fuer-10-l-kanister\/"]}]},{"@type":"ImageObject","inLanguage":"es","@id":"https:\/\/bandelin.com\/shop\/reinigungs-und-desinfektionspraeparate\/zubehoer-reinigungs-und-desinfektionspraeparate\/dosierpumpe-fuer-10-l-kanister\/#primaryimage","url":"https:\/\/bandelin.com\/wp-content\/uploads\/Produktfoto_268_Dosierpumpe_10l-4.jpg","contentUrl":"https:\/\/bandelin.com\/wp-content\/uploads\/Produktfoto_268_Dosierpumpe_10l-4.jpg","width":2000,"height":2000,"caption":"Dosierpumpe f\u00fcr 10-l-Kanister Bild"},{"@type":"BreadcrumbList","@id":"https:\/\/bandelin.com\/shop\/reinigungs-und-desinfektionspraeparate\/zubehoer-reinigungs-und-desinfektionspraeparate\/dosierpumpe-fuer-10-l-kanister\/#breadcrumb","itemListElement":[{"@type":"ListItem","position":1,"name":"Startseite","item":"https:\/\/bandelin.com\/"},{"@type":"ListItem","position":2,"name":"Shop","item":"https:\/\/bandelin.com\/shop\/"},{"@type":"ListItem","position":3,"name":"Dosierpumpe f\u00fcr 10-l-Kanister"}]},{"@type":"WebSite","@id":"https:\/\/bvted2iv.myrdbx.io\/#website","url":"https:\/\/bvted2iv.myrdbx.io\/","name":"BANDELIN electronic GmbH &amp; Co. KG","description":"Ultrasonidos desde 1955","publisher":{"@id":"https:\/\/bvted2iv.myrdbx.io\/#organization"},"potentialAction":[{"@type":"SearchAction","target":{"@type":"EntryPoint","urlTemplate":"https:\/\/bvted2iv.myrdbx.io\/?s={search_term_string}"},"query-input":{"@type":"PropertyValueSpecification","valueRequired":true,"valueName":"search_term_string"}}],"inLanguage":"es"},{"@type":"Organization","@id":"https:\/\/bvted2iv.myrdbx.io\/#organization","name":"BANDELIN electronic GmbH &amp; Co. KG","url":"https:\/\/bvted2iv.myrdbx.io\/","logo":{"@type":"ImageObject","inLanguage":"es","@id":"https:\/\/bvted2iv.myrdbx.io\/#\/schema\/logo\/image\/","url":"","contentUrl":"","caption":"BANDELIN electronic GmbH & Co. KG"},"image":{"@id":"https:\/\/bvted2iv.myrdbx.io\/#\/schema\/logo\/image\/"},"sameAs":["https:\/\/de-de.facebook.com\/bandelin.electronic\/","https:\/\/www.instagram.com\/bandelin_ultrasonic\/?hl=de","https:\/\/www.linkedin.com\/company\/bandelin-electronic-gmbh-amp-co-kg","https:\/\/www.youtube.com\/channel\/UC5wTNrNxkwMmX-WzysQqw3g"]}]}},"_links":{"self":[{"href":"https:\/\/bandelin.com\/es\/wp-json\/wp\/v2\/product\/699836","targetHints":{"allow":["GET"]}}],"collection":[{"href":"https:\/\/bandelin.com\/es\/wp-json\/wp\/v2\/product"}],"about":[{"href":"https:\/\/bandelin.com\/es\/wp-json\/wp\/v2\/types\/product"}],"version-history":[{"count":1,"href":"https:\/\/bandelin.com\/es\/wp-json\/wp\/v2\/product\/699836\/revisions"}],"predecessor-version":[{"id":699837,"href":"https:\/\/bandelin.com\/es\/wp-json\/wp\/v2\/product\/699836\/revisions\/699837"}],"wp:featuredmedia":[{"embeddable":true,"href":"https:\/\/bandelin.com\/es\/wp-json\/wp\/v2\/media\/699838"}],"wp:attachment":[{"href":"https:\/\/bandelin.com\/es\/wp-json\/wp\/v2\/media?parent=699836"}],"wp:term":[{"taxonomy":"product_brand","embeddable":true,"href":"https:\/\/bandelin.com\/es\/wp-json\/wp\/v2\/product_brand?post=699836"},{"taxonomy":"product_cat","embeddable":true,"href":"https:\/\/bandelin.com\/es\/wp-json\/wp\/v2\/product_cat?post=699836"},{"taxonomy":"product_tag","embeddable":true,"href":"https:\/\/bandelin.com\/es\/wp-json\/wp\/v2\/product_tag?post=699836"}],"curies":[{"name":"wp","href":"https:\/\/api.w.org\/{rel}","templated":true}]}}