{"id":665191,"date":"2026-03-31T21:52:39","date_gmt":"2026-03-31T19:52:39","guid":{"rendered":"https:\/\/bandelin.com\/shop\/unkategorisiert\/sonorex-super-rk-1040-ultraschallbad\/"},"modified":"2026-05-02T20:28:00","modified_gmt":"2026-05-02T18:28:00","slug":"sonorex-super-rk-1040-bain-a-ultrasons","status":"publish","type":"product","link":"https:\/\/bandelin.com\/fr\/shop\/sonorex-ultraschallbaeder\/sonorex-super-rk-ultraschallbaeder\/sonorex-super-rk-1040-ultraschallbad\/","title":{"rendered":"SONOREX SUPER RK 1040 Bain \u00e0 ultrasons"},"content":{"rendered":"<p>Nettoyeur \u00e0 ultrasons haute performance pour une utilisation en cabinet, laboratoire et atelier.<br \/>\n  Les bains \u00e0 ultrasons SONOREX, \u00e9prouv\u00e9s et particuli\u00e8rement robustes, nettoient en profondeur et en douceur gr\u00e2ce \u00e0 des bulles de cavitation intenses, m\u00eame dans les endroits difficiles d'acc\u00e8s des objets \u00e0 nettoyer.<br \/>\n  Une poign\u00e9e rotative conviviale permet de r\u00e9gler facilement la dur\u00e9e du nettoyage.<br \/>\n  La fonction SweepTec enti\u00e8rement automatique permet d'\u00e9viter les ondes stationnaires dans le champ ultrasonique et d'obtenir un nettoyage particuli\u00e8rement uniforme.<\/p>\n<p>  Pour un nettoyage par ultrasons parfaitement adapt\u00e9, des paniers, des couvercles et des concentr\u00e9s de nettoyage et de d\u00e9sinfection adapt\u00e9s sont disponibles en tant qu'accessoires.<\/p>","protected":false},"excerpt":{"rendered":"<p>dimensions int\u00e9rieures : 500 x 500 x 195 mm<\/p>","protected":false},"featured_media":650585,"template":"","meta":{"_acf_changed":false},"product_brand":[],"product_cat":[14240,14195],"product_tag":[14604,14134],"class_list":{"0":"post-665191","1":"product","2":"type-product","3":"status-publish","4":"has-post-thumbnail","6":"product_cat-sonorex-super-rk-ultraschallbaeder","7":"product_cat-sonorex-ultraschallbaeder","8":"product_tag-sonorex-ultraschallbaeder-sonorex-super-rk-ultraschallbaeder","9":"product_tag-ultraschallbad","10":"pa_ablauf-kugelhahn-g--mit-50-cm-schlauch-an-der-rechten-seite","11":"pa_arbeitsinhalt-l-14425","12":"pa_aussenmass-breite-mm-12397","13":"pa_aussenmass-hoehe-mm-12385","14":"pa_aussenmass-laenge-mm-12383","15":"pa_bedienung-drehgriff","16":"pa_bestellnummer-12434","17":"pa_betriebsspannung-v-230-v--10-50-60-hz","18":"pa_ce-kennzeichnung-medizinprodukte-klasse-i-2017-745-eu-niederspannungsrichtlinie-2014-35-eu-emv-richtlinie-2014-30-eu-rohs-richtlinie-2011-65-eu-2","19":"pa_fuellstandsmarkierung-ja","20":"pa_gehaeusematerial-edelstahl-1-4301","21":"pa_inhalt-l-12435","22":"pa_innenmass-b-mm-12392","23":"pa_innenmass-l-mm-12280","24":"pa_innenmass-t-mm-14291","25":"pa_netzkabel-2-m-fest-am-geraet","26":"pa_schutzgrad-gehaeuse-ip-32-2","27":"pa_ultraschall-frequenz-khz-35-2","28":"pa_ultraschall-nennleistung-w-12437","29":"pa_ultraschall-spitzenleistung-w-12436","30":"pa_verpackung-breite-mm-12345","31":"pa_verpackung-hoehe-mm-600-2","32":"pa_verpackung-laenge-mm-12344","33":"pa_wannenmaterial-edelstahl-1-4301","34":"pa_wannenstaerke-mm-14554","35":"pa_zeiteinstellung-min--1-15-min--5--dauerbetrieb","37":"first","38":"instock","39":"taxable","40":"shipping-taxable","41":"purchasable","42":"product-type-simple"},"acf":[],"yoast_head":"<!-- This site is optimized with the Yoast SEO plugin v27.5 - https:\/\/yoast.com\/product\/yoast-seo-wordpress\/ -->\n<title>SONOREX SUPER RK 1040 Ultraschallbad | BANDELIN electronic GmbH &amp; Co. KG<\/title>\n<meta name=\"description\" content=\"Informationen Sie sich \u00fcber SONOREX SUPER RK 1040 Ultraschallbad | Hochwertige Ultraschallb\u00e4der f\u00fcr Medizin und Industrie von Bandelin Electronic seit 1955.\" \/>\n<meta name=\"robots\" content=\"index, follow, max-snippet:-1, max-image-preview:large, max-video-preview:-1\" \/>\n<link rel=\"canonical\" href=\"https:\/\/bandelin.com\/fr\/boutique\/sonorex-bains-a-ultrasons\/sonorex-super-rk-cuves-a-ultrasons\/sonorex-super-rk-1040-bain-a-ultrasons\/\" \/>\n<meta property=\"og:locale\" content=\"fr_FR\" \/>\n<meta property=\"og:type\" content=\"article\" \/>\n<meta property=\"og:title\" content=\"SONOREX SUPER RK 1040 Ultraschallbad | BANDELIN electronic GmbH &amp; Co. KG\" \/>\n<meta property=\"og:description\" content=\"Informationen Sie sich \u00fcber SONOREX SUPER RK 1040 Ultraschallbad | Hochwertige Ultraschallb\u00e4der f\u00fcr Medizin und Industrie von Bandelin Electronic seit 1955.\" \/>\n<meta property=\"og:url\" content=\"https:\/\/bandelin.com\/fr\/boutique\/sonorex-bains-a-ultrasons\/sonorex-super-rk-cuves-a-ultrasons\/sonorex-super-rk-1040-bain-a-ultrasons\/\" \/>\n<meta property=\"og:site_name\" content=\"BANDELIN electronic GmbH &amp; Co. KG\" \/>\n<meta property=\"article:publisher\" content=\"https:\/\/de-de.facebook.com\/bandelin.electronic\/\" \/>\n<meta property=\"article:modified_time\" content=\"2026-05-02T18:28:00+00:00\" \/>\n<meta property=\"og:image\" content=\"https:\/\/bandelin.com\/wp-content\/uploads\/Produktfoto_RK_1040-1-scaled.jpg\" \/>\n\t<meta property=\"og:image:width\" content=\"2048\" \/>\n\t<meta property=\"og:image:height\" content=\"2048\" \/>\n\t<meta property=\"og:image:type\" content=\"image\/jpeg\" \/>\n<meta name=\"twitter:card\" content=\"summary_large_image\" \/>\n<script type=\"application\/ld+json\" class=\"yoast-schema-graph\">{\"@context\":\"https:\\\/\\\/schema.org\",\"@graph\":[{\"@type\":\"WebPage\",\"@id\":\"https:\\\/\\\/bandelin.com\\\/shop\\\/sonorex-ultraschallbaeder\\\/sonorex-super-rk-ultraschallbaeder\\\/sonorex-super-rk-1040-ultraschallbad\\\/\",\"url\":\"https:\\\/\\\/bandelin.com\\\/shop\\\/sonorex-ultraschallbaeder\\\/sonorex-super-rk-ultraschallbaeder\\\/sonorex-super-rk-1040-ultraschallbad\\\/\",\"name\":\"SONOREX SUPER RK 1040 Ultraschallbad | BANDELIN electronic GmbH &amp; Co. KG\",\"isPartOf\":{\"@id\":\"https:\\\/\\\/bandelin.com\\\/#website\"},\"primaryImageOfPage\":{\"@id\":\"https:\\\/\\\/bandelin.com\\\/shop\\\/sonorex-ultraschallbaeder\\\/sonorex-super-rk-ultraschallbaeder\\\/sonorex-super-rk-1040-ultraschallbad\\\/#primaryimage\"},\"image\":{\"@id\":\"https:\\\/\\\/bandelin.com\\\/shop\\\/sonorex-ultraschallbaeder\\\/sonorex-super-rk-ultraschallbaeder\\\/sonorex-super-rk-1040-ultraschallbad\\\/#primaryimage\"},\"thumbnailUrl\":\"https:\\\/\\\/bandelin.com\\\/wp-content\\\/uploads\\\/Produktfoto_RK_1040-1-scaled.jpg\",\"datePublished\":\"2026-03-31T19:52:39+00:00\",\"dateModified\":\"2026-05-02T18:28:00+00:00\",\"description\":\"Informationen Sie sich \u00fcber SONOREX SUPER RK 1040 Ultraschallbad | Hochwertige Ultraschallb\u00e4der f\u00fcr Medizin und Industrie von Bandelin Electronic seit 1955.\",\"breadcrumb\":{\"@id\":\"https:\\\/\\\/bandelin.com\\\/shop\\\/sonorex-ultraschallbaeder\\\/sonorex-super-rk-ultraschallbaeder\\\/sonorex-super-rk-1040-ultraschallbad\\\/#breadcrumb\"},\"inLanguage\":\"fr-FR\",\"potentialAction\":[{\"@type\":\"ReadAction\",\"target\":[\"https:\\\/\\\/bandelin.com\\\/shop\\\/sonorex-ultraschallbaeder\\\/sonorex-super-rk-ultraschallbaeder\\\/sonorex-super-rk-1040-ultraschallbad\\\/\"]}]},{\"@type\":\"ImageObject\",\"inLanguage\":\"fr-FR\",\"@id\":\"https:\\\/\\\/bandelin.com\\\/shop\\\/sonorex-ultraschallbaeder\\\/sonorex-super-rk-ultraschallbaeder\\\/sonorex-super-rk-1040-ultraschallbad\\\/#primaryimage\",\"url\":\"https:\\\/\\\/bandelin.com\\\/wp-content\\\/uploads\\\/Produktfoto_RK_1040-1-scaled.jpg\",\"contentUrl\":\"https:\\\/\\\/bandelin.com\\\/wp-content\\\/uploads\\\/Produktfoto_RK_1040-1-scaled.jpg\",\"width\":2048,\"height\":2048,\"caption\":\"SONOREX SUPER RK 1040 Ultraschallbad Bild\"},{\"@type\":\"BreadcrumbList\",\"@id\":\"https:\\\/\\\/bandelin.com\\\/shop\\\/sonorex-ultraschallbaeder\\\/sonorex-super-rk-ultraschallbaeder\\\/sonorex-super-rk-1040-ultraschallbad\\\/#breadcrumb\",\"itemListElement\":[{\"@type\":\"ListItem\",\"position\":1,\"name\":\"Startseite\",\"item\":\"https:\\\/\\\/bandelin.com\\\/\"},{\"@type\":\"ListItem\",\"position\":2,\"name\":\"Shop\",\"item\":\"https:\\\/\\\/bandelin.com\\\/shop\\\/\"},{\"@type\":\"ListItem\",\"position\":3,\"name\":\"SONOREX SUPER RK 1040 Ultraschallbad\"}]},{\"@type\":\"WebSite\",\"@id\":\"https:\\\/\\\/bandelin.com\\\/#website\",\"url\":\"https:\\\/\\\/bandelin.com\\\/\",\"name\":\"BANDELIN electronic GmbH & Co. KG\",\"description\":\"Ultraschall seit 1955\",\"publisher\":{\"@id\":\"https:\\\/\\\/bandelin.com\\\/#organization\"},\"potentialAction\":[{\"@type\":\"SearchAction\",\"target\":{\"@type\":\"EntryPoint\",\"urlTemplate\":\"https:\\\/\\\/bandelin.com\\\/?s={search_term_string}\"},\"query-input\":{\"@type\":\"PropertyValueSpecification\",\"valueRequired\":true,\"valueName\":\"search_term_string\"}}],\"inLanguage\":\"fr-FR\"},{\"@type\":\"Organization\",\"@id\":\"https:\\\/\\\/bandelin.com\\\/#organization\",\"name\":\"BANDELIN electronic GmbH & Co. KG\",\"url\":\"https:\\\/\\\/bandelin.com\\\/\",\"logo\":{\"@type\":\"ImageObject\",\"inLanguage\":\"fr-FR\",\"@id\":\"https:\\\/\\\/bandelin.com\\\/#\\\/schema\\\/logo\\\/image\\\/\",\"url\":\"\",\"contentUrl\":\"\",\"caption\":\"BANDELIN electronic GmbH & Co. KG\"},\"image\":{\"@id\":\"https:\\\/\\\/bandelin.com\\\/#\\\/schema\\\/logo\\\/image\\\/\"},\"sameAs\":[\"https:\\\/\\\/de-de.facebook.com\\\/bandelin.electronic\\\/\",\"https:\\\/\\\/www.instagram.com\\\/bandelin_ultrasonic\\\/?hl=de\",\"https:\\\/\\\/www.linkedin.com\\\/company\\\/bandelin-electronic-gmbh-amp-co-kg\",\"https:\\\/\\\/www.youtube.com\\\/channel\\\/UC5wTNrNxkwMmX-WzysQqw3g\"]}]}<\/script>\n<!-- \/ Yoast SEO plugin. -->","yoast_head_json":{"title":"SONOREX SUPER RK 1040 Bain \u00e0 ultrasons | BANDELIN electronic GmbH &amp; Co. KG","description":"Informations sur SONOREX SUPER RK 1040 Bain \u00e0 ultrasons | Bains \u00e0 ultrasons de haute qualit\u00e9 pour la m\u00e9decine et l'industrie de Bandelin Electronic depuis 1955.","robots":{"index":"index","follow":"follow","max-snippet":"max-snippet:-1","max-image-preview":"max-image-preview:large","max-video-preview":"max-video-preview:-1"},"canonical":"https:\/\/bandelin.com\/fr\/boutique\/sonorex-bains-a-ultrasons\/sonorex-super-rk-cuves-a-ultrasons\/sonorex-super-rk-1040-bain-a-ultrasons\/","og_locale":"fr_FR","og_type":"article","og_title":"SONOREX SUPER RK 1040 Ultraschallbad | BANDELIN electronic GmbH &amp; Co. KG","og_description":"Informationen Sie sich \u00fcber SONOREX SUPER RK 1040 Ultraschallbad | Hochwertige Ultraschallb\u00e4der f\u00fcr Medizin und Industrie von Bandelin Electronic seit 1955.","og_url":"https:\/\/bandelin.com\/fr\/boutique\/sonorex-bains-a-ultrasons\/sonorex-super-rk-cuves-a-ultrasons\/sonorex-super-rk-1040-bain-a-ultrasons\/","og_site_name":"BANDELIN electronic GmbH &amp; Co. KG","article_publisher":"https:\/\/de-de.facebook.com\/bandelin.electronic\/","article_modified_time":"2026-05-02T18:28:00+00:00","og_image":[{"width":2048,"height":2048,"url":"https:\/\/bandelin.com\/wp-content\/uploads\/Produktfoto_RK_1040-1-scaled.jpg","type":"image\/jpeg"}],"twitter_card":"summary_large_image","schema":{"@context":"https:\/\/schema.org","@graph":[{"@type":"WebPage","@id":"https:\/\/bandelin.com\/shop\/sonorex-ultraschallbaeder\/sonorex-super-rk-ultraschallbaeder\/sonorex-super-rk-1040-ultraschallbad\/","url":"https:\/\/bandelin.com\/shop\/sonorex-ultraschallbaeder\/sonorex-super-rk-ultraschallbaeder\/sonorex-super-rk-1040-ultraschallbad\/","name":"SONOREX SUPER RK 1040 Bain \u00e0 ultrasons | BANDELIN electronic GmbH &amp; Co. KG","isPartOf":{"@id":"https:\/\/bandelin.com\/#website"},"primaryImageOfPage":{"@id":"https:\/\/bandelin.com\/shop\/sonorex-ultraschallbaeder\/sonorex-super-rk-ultraschallbaeder\/sonorex-super-rk-1040-ultraschallbad\/#primaryimage"},"image":{"@id":"https:\/\/bandelin.com\/shop\/sonorex-ultraschallbaeder\/sonorex-super-rk-ultraschallbaeder\/sonorex-super-rk-1040-ultraschallbad\/#primaryimage"},"thumbnailUrl":"https:\/\/bandelin.com\/wp-content\/uploads\/Produktfoto_RK_1040-1-scaled.jpg","datePublished":"2026-03-31T19:52:39+00:00","dateModified":"2026-05-02T18:28:00+00:00","description":"Informations sur SONOREX SUPER RK 1040 Bain \u00e0 ultrasons | Bains \u00e0 ultrasons de haute qualit\u00e9 pour la m\u00e9decine et l'industrie de Bandelin Electronic depuis 1955.","breadcrumb":{"@id":"https:\/\/bandelin.com\/shop\/sonorex-ultraschallbaeder\/sonorex-super-rk-ultraschallbaeder\/sonorex-super-rk-1040-ultraschallbad\/#breadcrumb"},"inLanguage":"fr-FR","potentialAction":[{"@type":"ReadAction","target":["https:\/\/bandelin.com\/shop\/sonorex-ultraschallbaeder\/sonorex-super-rk-ultraschallbaeder\/sonorex-super-rk-1040-ultraschallbad\/"]}]},{"@type":"ImageObject","inLanguage":"fr-FR","@id":"https:\/\/bandelin.com\/shop\/sonorex-ultraschallbaeder\/sonorex-super-rk-ultraschallbaeder\/sonorex-super-rk-1040-ultraschallbad\/#primaryimage","url":"https:\/\/bandelin.com\/wp-content\/uploads\/Produktfoto_RK_1040-1-scaled.jpg","contentUrl":"https:\/\/bandelin.com\/wp-content\/uploads\/Produktfoto_RK_1040-1-scaled.jpg","width":2048,"height":2048,"caption":"SONOREX SUPER RK 1040 Ultraschallbad Bild"},{"@type":"BreadcrumbList","@id":"https:\/\/bandelin.com\/shop\/sonorex-ultraschallbaeder\/sonorex-super-rk-ultraschallbaeder\/sonorex-super-rk-1040-ultraschallbad\/#breadcrumb","itemListElement":[{"@type":"ListItem","position":1,"name":"Startseite","item":"https:\/\/bandelin.com\/"},{"@type":"ListItem","position":2,"name":"Shop","item":"https:\/\/bandelin.com\/shop\/"},{"@type":"ListItem","position":3,"name":"SONOREX SUPER RK 1040 Ultraschallbad"}]},{"@type":"WebSite","@id":"https:\/\/bandelin.com\/#website","url":"https:\/\/bandelin.com\/","name":"BANDELIN electronic GmbH &amp; Co. KG","description":"Les ultrasons depuis 1955","publisher":{"@id":"https:\/\/bandelin.com\/#organization"},"potentialAction":[{"@type":"SearchAction","target":{"@type":"EntryPoint","urlTemplate":"https:\/\/bandelin.com\/?s={search_term_string}"},"query-input":{"@type":"PropertyValueSpecification","valueRequired":true,"valueName":"search_term_string"}}],"inLanguage":"fr-FR"},{"@type":"Organization","@id":"https:\/\/bandelin.com\/#organization","name":"BANDELIN electronic GmbH &amp; Co. KG","url":"https:\/\/bandelin.com\/","logo":{"@type":"ImageObject","inLanguage":"fr-FR","@id":"https:\/\/bandelin.com\/#\/schema\/logo\/image\/","url":"","contentUrl":"","caption":"BANDELIN electronic GmbH & Co. KG"},"image":{"@id":"https:\/\/bandelin.com\/#\/schema\/logo\/image\/"},"sameAs":["https:\/\/de-de.facebook.com\/bandelin.electronic\/","https:\/\/www.instagram.com\/bandelin_ultrasonic\/?hl=de","https:\/\/www.linkedin.com\/company\/bandelin-electronic-gmbh-amp-co-kg","https:\/\/www.youtube.com\/channel\/UC5wTNrNxkwMmX-WzysQqw3g"]}]}},"_links":{"self":[{"href":"https:\/\/bandelin.com\/fr\/wp-json\/wp\/v2\/product\/665191","targetHints":{"allow":["GET"]}}],"collection":[{"href":"https:\/\/bandelin.com\/fr\/wp-json\/wp\/v2\/product"}],"about":[{"href":"https:\/\/bandelin.com\/fr\/wp-json\/wp\/v2\/types\/product"}],"version-history":[{"count":2,"href":"https:\/\/bandelin.com\/fr\/wp-json\/wp\/v2\/product\/665191\/revisions"}],"predecessor-version":[{"id":665193,"href":"https:\/\/bandelin.com\/fr\/wp-json\/wp\/v2\/product\/665191\/revisions\/665193"}],"wp:featuredmedia":[{"embeddable":true,"href":"https:\/\/bandelin.com\/fr\/wp-json\/wp\/v2\/media\/650585"}],"wp:attachment":[{"href":"https:\/\/bandelin.com\/fr\/wp-json\/wp\/v2\/media?parent=665191"}],"wp:term":[{"taxonomy":"product_brand","embeddable":true,"href":"https:\/\/bandelin.com\/fr\/wp-json\/wp\/v2\/product_brand?post=665191"},{"taxonomy":"product_cat","embeddable":true,"href":"https:\/\/bandelin.com\/fr\/wp-json\/wp\/v2\/product_cat?post=665191"},{"taxonomy":"product_tag","embeddable":true,"href":"https:\/\/bandelin.com\/fr\/wp-json\/wp\/v2\/product_tag?post=665191"}],"curies":[{"name":"wp","href":"https:\/\/api.w.org\/{rel}","templated":true}]}}