{"id":666798,"date":"2026-03-31T22:28:55","date_gmt":"2026-03-31T20:28:55","guid":{"rendered":"https:\/\/bandelin.com\/shop\/unkategorisiert\/sonopuls-wz-1-werkzeugset\/"},"modified":"2026-04-30T20:28:27","modified_gmt":"2026-04-30T18:28:27","slug":"sonopuls-wz-1-kit-doutils","status":"publish","type":"product","link":"https:\/\/bandelin.com\/fr\/shop\/sonopuls-ultraschall-homogenisatoren\/zubehoer-sonopuls-ultraschall-homogenisatoren\/sonopuls-wz-1-werkzeugset\/","title":{"rendered":"SONOPULS WZ 1 Set d'outils"},"content":{"rendered":"<p>Jeu d'outils compos\u00e9 d'une cl\u00e9 \u00e0 crochet pour fixer le transducteur \u00e0 ultrasons et d'une cl\u00e9 \u00e0 fourche pour monter correctement les sonotrodes et les assiettes en titane.<\/p>","protected":false},"excerpt":{"rendered":"<p>Jeu d'outils compos\u00e9 d'une cl\u00e9 \u00e0 crochet pour fixer le transducteur \u00e0 ultrasons et d'une cl\u00e9 \u00e0 fourche pour monter correctement les sonotrodes et les assiettes en titane.<\/p>","protected":false},"featured_media":650134,"template":"","meta":{"_acf_changed":false},"product_brand":[],"product_cat":[11669,14485],"product_tag":[11413,14637],"class_list":{"0":"post-666798","1":"product","2":"type-product","3":"status-publish","4":"has-post-thumbnail","6":"product_cat-sonopuls-ultraschall-homogenisatoren","7":"product_cat-zubehoer-sonopuls-ultraschall-homogenisatoren","8":"product_tag-werkzeug","9":"product_tag-sonopuls-ultraschall-homogenisatoren-zubehoer","10":"pa_bestellnummer-7528-2","11":"pa_passend-zu-hd-4050-hd-5050","13":"first","14":"instock","15":"taxable","16":"shipping-taxable","17":"purchasable","18":"product-type-simple"},"acf":[],"yoast_head":"<!-- This site is optimized with the Yoast SEO plugin v27.5 - https:\/\/yoast.com\/product\/yoast-seo-wordpress\/ -->\n<title>SONOPULS WZ 1 Werkzeugset | BANDELIN electronic GmbH &amp; Co. KG<\/title>\n<meta name=\"description\" content=\"Informationen Sie sich \u00fcber SONOPULS WZ 1 Werkzeugset | Hochwertige Ultraschallb\u00e4der f\u00fcr Medizin und Industrie von Bandelin Electronic seit 1955.\" \/>\n<meta name=\"robots\" content=\"index, follow, max-snippet:-1, max-image-preview:large, max-video-preview:-1\" \/>\n<link rel=\"canonical\" href=\"https:\/\/bandelin.com\/fr\/boutique\/homogeneisateurs-sonopuls-a-ultrasons-2\/accessoires-homogeneisateurs-sonopuls-a-ultrasons\/sonopuls-wz-1-kit-doutils\/\" \/>\n<meta property=\"og:locale\" content=\"fr_FR\" \/>\n<meta property=\"og:type\" content=\"article\" \/>\n<meta property=\"og:title\" content=\"SONOPULS WZ 1 Werkzeugset | BANDELIN electronic GmbH &amp; Co. KG\" \/>\n<meta property=\"og:description\" content=\"Informationen Sie sich \u00fcber SONOPULS WZ 1 Werkzeugset | Hochwertige Ultraschallb\u00e4der f\u00fcr Medizin und Industrie von Bandelin Electronic seit 1955.\" \/>\n<meta property=\"og:url\" content=\"https:\/\/bandelin.com\/fr\/boutique\/homogeneisateurs-sonopuls-a-ultrasons-2\/accessoires-homogeneisateurs-sonopuls-a-ultrasons\/sonopuls-wz-1-kit-doutils\/\" \/>\n<meta property=\"og:site_name\" content=\"BANDELIN electronic GmbH &amp; Co. KG\" \/>\n<meta property=\"article:publisher\" content=\"https:\/\/de-de.facebook.com\/bandelin.electronic\/\" \/>\n<meta property=\"article:modified_time\" content=\"2026-04-30T18:28:27+00:00\" \/>\n<meta property=\"og:image\" content=\"https:\/\/bandelin.com\/wp-content\/uploads\/Produktfoto_WZ_1-scaled.jpg\" \/>\n\t<meta property=\"og:image:width\" content=\"2048\" \/>\n\t<meta property=\"og:image:height\" content=\"2048\" \/>\n\t<meta property=\"og:image:type\" content=\"image\/jpeg\" \/>\n<meta name=\"twitter:card\" content=\"summary_large_image\" \/>\n<script type=\"application\/ld+json\" class=\"yoast-schema-graph\">{\"@context\":\"https:\\\/\\\/schema.org\",\"@graph\":[{\"@type\":\"WebPage\",\"@id\":\"https:\\\/\\\/bandelin.com\\\/shop\\\/sonopuls-ultraschall-homogenisatoren\\\/zubehoer-sonopuls-ultraschall-homogenisatoren\\\/sonopuls-wz-1-werkzeugset\\\/\",\"url\":\"https:\\\/\\\/bandelin.com\\\/shop\\\/sonopuls-ultraschall-homogenisatoren\\\/zubehoer-sonopuls-ultraschall-homogenisatoren\\\/sonopuls-wz-1-werkzeugset\\\/\",\"name\":\"SONOPULS WZ 1 Werkzeugset | BANDELIN electronic GmbH &amp; Co. KG\",\"isPartOf\":{\"@id\":\"https:\\\/\\\/bandelin.com\\\/#website\"},\"primaryImageOfPage\":{\"@id\":\"https:\\\/\\\/bandelin.com\\\/shop\\\/sonopuls-ultraschall-homogenisatoren\\\/zubehoer-sonopuls-ultraschall-homogenisatoren\\\/sonopuls-wz-1-werkzeugset\\\/#primaryimage\"},\"image\":{\"@id\":\"https:\\\/\\\/bandelin.com\\\/shop\\\/sonopuls-ultraschall-homogenisatoren\\\/zubehoer-sonopuls-ultraschall-homogenisatoren\\\/sonopuls-wz-1-werkzeugset\\\/#primaryimage\"},\"thumbnailUrl\":\"https:\\\/\\\/bandelin.com\\\/wp-content\\\/uploads\\\/Produktfoto_WZ_1-scaled.jpg\",\"datePublished\":\"2026-03-31T20:28:55+00:00\",\"dateModified\":\"2026-04-30T18:28:27+00:00\",\"description\":\"Informationen Sie sich \u00fcber SONOPULS WZ 1 Werkzeugset | Hochwertige Ultraschallb\u00e4der f\u00fcr Medizin und Industrie von Bandelin Electronic seit 1955.\",\"breadcrumb\":{\"@id\":\"https:\\\/\\\/bandelin.com\\\/shop\\\/sonopuls-ultraschall-homogenisatoren\\\/zubehoer-sonopuls-ultraschall-homogenisatoren\\\/sonopuls-wz-1-werkzeugset\\\/#breadcrumb\"},\"inLanguage\":\"fr-FR\",\"potentialAction\":[{\"@type\":\"ReadAction\",\"target\":[\"https:\\\/\\\/bandelin.com\\\/shop\\\/sonopuls-ultraschall-homogenisatoren\\\/zubehoer-sonopuls-ultraschall-homogenisatoren\\\/sonopuls-wz-1-werkzeugset\\\/\"]}]},{\"@type\":\"ImageObject\",\"inLanguage\":\"fr-FR\",\"@id\":\"https:\\\/\\\/bandelin.com\\\/shop\\\/sonopuls-ultraschall-homogenisatoren\\\/zubehoer-sonopuls-ultraschall-homogenisatoren\\\/sonopuls-wz-1-werkzeugset\\\/#primaryimage\",\"url\":\"https:\\\/\\\/bandelin.com\\\/wp-content\\\/uploads\\\/Produktfoto_WZ_1-scaled.jpg\",\"contentUrl\":\"https:\\\/\\\/bandelin.com\\\/wp-content\\\/uploads\\\/Produktfoto_WZ_1-scaled.jpg\",\"width\":2048,\"height\":2048,\"caption\":\"SONOPULS WZ 1 Werkzeugset Bild\"},{\"@type\":\"BreadcrumbList\",\"@id\":\"https:\\\/\\\/bandelin.com\\\/shop\\\/sonopuls-ultraschall-homogenisatoren\\\/zubehoer-sonopuls-ultraschall-homogenisatoren\\\/sonopuls-wz-1-werkzeugset\\\/#breadcrumb\",\"itemListElement\":[{\"@type\":\"ListItem\",\"position\":1,\"name\":\"Startseite\",\"item\":\"https:\\\/\\\/bandelin.com\\\/\"},{\"@type\":\"ListItem\",\"position\":2,\"name\":\"Shop\",\"item\":\"https:\\\/\\\/bandelin.com\\\/shop\\\/\"},{\"@type\":\"ListItem\",\"position\":3,\"name\":\"SONOPULS WZ 1 Werkzeugset\"}]},{\"@type\":\"WebSite\",\"@id\":\"https:\\\/\\\/bandelin.com\\\/#website\",\"url\":\"https:\\\/\\\/bandelin.com\\\/\",\"name\":\"BANDELIN electronic GmbH & Co. KG\",\"description\":\"Ultraschall seit 1955\",\"publisher\":{\"@id\":\"https:\\\/\\\/bandelin.com\\\/#organization\"},\"potentialAction\":[{\"@type\":\"SearchAction\",\"target\":{\"@type\":\"EntryPoint\",\"urlTemplate\":\"https:\\\/\\\/bandelin.com\\\/?s={search_term_string}\"},\"query-input\":{\"@type\":\"PropertyValueSpecification\",\"valueRequired\":true,\"valueName\":\"search_term_string\"}}],\"inLanguage\":\"fr-FR\"},{\"@type\":\"Organization\",\"@id\":\"https:\\\/\\\/bandelin.com\\\/#organization\",\"name\":\"BANDELIN electronic GmbH & Co. KG\",\"url\":\"https:\\\/\\\/bandelin.com\\\/\",\"logo\":{\"@type\":\"ImageObject\",\"inLanguage\":\"fr-FR\",\"@id\":\"https:\\\/\\\/bandelin.com\\\/#\\\/schema\\\/logo\\\/image\\\/\",\"url\":\"\",\"contentUrl\":\"\",\"caption\":\"BANDELIN electronic GmbH & Co. KG\"},\"image\":{\"@id\":\"https:\\\/\\\/bandelin.com\\\/#\\\/schema\\\/logo\\\/image\\\/\"},\"sameAs\":[\"https:\\\/\\\/de-de.facebook.com\\\/bandelin.electronic\\\/\",\"https:\\\/\\\/www.instagram.com\\\/bandelin_ultrasonic\\\/?hl=de\",\"https:\\\/\\\/www.linkedin.com\\\/company\\\/bandelin-electronic-gmbh-amp-co-kg\",\"https:\\\/\\\/www.youtube.com\\\/channel\\\/UC5wTNrNxkwMmX-WzysQqw3g\"]}]}<\/script>\n<!-- \/ Yoast SEO plugin. -->","yoast_head_json":{"title":"SONOPULS WZ 1 Jeu d'outils | BANDELIN electronic GmbH &amp; Co. KG","description":"Informations sur SONOPULS WZ 1 Set d'outils | Bains \u00e0 ultrasons de haute qualit\u00e9 pour la m\u00e9decine et l'industrie de Bandelin Electronic depuis 1955.","robots":{"index":"index","follow":"follow","max-snippet":"max-snippet:-1","max-image-preview":"max-image-preview:large","max-video-preview":"max-video-preview:-1"},"canonical":"https:\/\/bandelin.com\/fr\/boutique\/homogeneisateurs-sonopuls-a-ultrasons-2\/accessoires-homogeneisateurs-sonopuls-a-ultrasons\/sonopuls-wz-1-kit-doutils\/","og_locale":"fr_FR","og_type":"article","og_title":"SONOPULS WZ 1 Werkzeugset | BANDELIN electronic GmbH &amp; Co. KG","og_description":"Informationen Sie sich \u00fcber SONOPULS WZ 1 Werkzeugset | Hochwertige Ultraschallb\u00e4der f\u00fcr Medizin und Industrie von Bandelin Electronic seit 1955.","og_url":"https:\/\/bandelin.com\/fr\/boutique\/homogeneisateurs-sonopuls-a-ultrasons-2\/accessoires-homogeneisateurs-sonopuls-a-ultrasons\/sonopuls-wz-1-kit-doutils\/","og_site_name":"BANDELIN electronic GmbH &amp; Co. KG","article_publisher":"https:\/\/de-de.facebook.com\/bandelin.electronic\/","article_modified_time":"2026-04-30T18:28:27+00:00","og_image":[{"width":2048,"height":2048,"url":"https:\/\/bandelin.com\/wp-content\/uploads\/Produktfoto_WZ_1-scaled.jpg","type":"image\/jpeg"}],"twitter_card":"summary_large_image","schema":{"@context":"https:\/\/schema.org","@graph":[{"@type":"WebPage","@id":"https:\/\/bandelin.com\/shop\/sonopuls-ultraschall-homogenisatoren\/zubehoer-sonopuls-ultraschall-homogenisatoren\/sonopuls-wz-1-werkzeugset\/","url":"https:\/\/bandelin.com\/shop\/sonopuls-ultraschall-homogenisatoren\/zubehoer-sonopuls-ultraschall-homogenisatoren\/sonopuls-wz-1-werkzeugset\/","name":"SONOPULS WZ 1 Jeu d'outils | BANDELIN electronic GmbH &amp; Co. KG","isPartOf":{"@id":"https:\/\/bandelin.com\/#website"},"primaryImageOfPage":{"@id":"https:\/\/bandelin.com\/shop\/sonopuls-ultraschall-homogenisatoren\/zubehoer-sonopuls-ultraschall-homogenisatoren\/sonopuls-wz-1-werkzeugset\/#primaryimage"},"image":{"@id":"https:\/\/bandelin.com\/shop\/sonopuls-ultraschall-homogenisatoren\/zubehoer-sonopuls-ultraschall-homogenisatoren\/sonopuls-wz-1-werkzeugset\/#primaryimage"},"thumbnailUrl":"https:\/\/bandelin.com\/wp-content\/uploads\/Produktfoto_WZ_1-scaled.jpg","datePublished":"2026-03-31T20:28:55+00:00","dateModified":"2026-04-30T18:28:27+00:00","description":"Informations sur SONOPULS WZ 1 Set d'outils | Bains \u00e0 ultrasons de haute qualit\u00e9 pour la m\u00e9decine et l'industrie de Bandelin Electronic depuis 1955.","breadcrumb":{"@id":"https:\/\/bandelin.com\/shop\/sonopuls-ultraschall-homogenisatoren\/zubehoer-sonopuls-ultraschall-homogenisatoren\/sonopuls-wz-1-werkzeugset\/#breadcrumb"},"inLanguage":"fr-FR","potentialAction":[{"@type":"ReadAction","target":["https:\/\/bandelin.com\/shop\/sonopuls-ultraschall-homogenisatoren\/zubehoer-sonopuls-ultraschall-homogenisatoren\/sonopuls-wz-1-werkzeugset\/"]}]},{"@type":"ImageObject","inLanguage":"fr-FR","@id":"https:\/\/bandelin.com\/shop\/sonopuls-ultraschall-homogenisatoren\/zubehoer-sonopuls-ultraschall-homogenisatoren\/sonopuls-wz-1-werkzeugset\/#primaryimage","url":"https:\/\/bandelin.com\/wp-content\/uploads\/Produktfoto_WZ_1-scaled.jpg","contentUrl":"https:\/\/bandelin.com\/wp-content\/uploads\/Produktfoto_WZ_1-scaled.jpg","width":2048,"height":2048,"caption":"SONOPULS WZ 1 Werkzeugset Bild"},{"@type":"BreadcrumbList","@id":"https:\/\/bandelin.com\/shop\/sonopuls-ultraschall-homogenisatoren\/zubehoer-sonopuls-ultraschall-homogenisatoren\/sonopuls-wz-1-werkzeugset\/#breadcrumb","itemListElement":[{"@type":"ListItem","position":1,"name":"Startseite","item":"https:\/\/bandelin.com\/"},{"@type":"ListItem","position":2,"name":"Shop","item":"https:\/\/bandelin.com\/shop\/"},{"@type":"ListItem","position":3,"name":"SONOPULS WZ 1 Werkzeugset"}]},{"@type":"WebSite","@id":"https:\/\/bandelin.com\/#website","url":"https:\/\/bandelin.com\/","name":"BANDELIN electronic GmbH &amp; Co. KG","description":"Les ultrasons depuis 1955","publisher":{"@id":"https:\/\/bandelin.com\/#organization"},"potentialAction":[{"@type":"SearchAction","target":{"@type":"EntryPoint","urlTemplate":"https:\/\/bandelin.com\/?s={search_term_string}"},"query-input":{"@type":"PropertyValueSpecification","valueRequired":true,"valueName":"search_term_string"}}],"inLanguage":"fr-FR"},{"@type":"Organization","@id":"https:\/\/bandelin.com\/#organization","name":"BANDELIN electronic GmbH &amp; Co. KG","url":"https:\/\/bandelin.com\/","logo":{"@type":"ImageObject","inLanguage":"fr-FR","@id":"https:\/\/bandelin.com\/#\/schema\/logo\/image\/","url":"","contentUrl":"","caption":"BANDELIN electronic GmbH & Co. KG"},"image":{"@id":"https:\/\/bandelin.com\/#\/schema\/logo\/image\/"},"sameAs":["https:\/\/de-de.facebook.com\/bandelin.electronic\/","https:\/\/www.instagram.com\/bandelin_ultrasonic\/?hl=de","https:\/\/www.linkedin.com\/company\/bandelin-electronic-gmbh-amp-co-kg","https:\/\/www.youtube.com\/channel\/UC5wTNrNxkwMmX-WzysQqw3g"]}]}},"_links":{"self":[{"href":"https:\/\/bandelin.com\/fr\/wp-json\/wp\/v2\/product\/666798","targetHints":{"allow":["GET"]}}],"collection":[{"href":"https:\/\/bandelin.com\/fr\/wp-json\/wp\/v2\/product"}],"about":[{"href":"https:\/\/bandelin.com\/fr\/wp-json\/wp\/v2\/types\/product"}],"version-history":[{"count":1,"href":"https:\/\/bandelin.com\/fr\/wp-json\/wp\/v2\/product\/666798\/revisions"}],"predecessor-version":[{"id":666799,"href":"https:\/\/bandelin.com\/fr\/wp-json\/wp\/v2\/product\/666798\/revisions\/666799"}],"wp:featuredmedia":[{"embeddable":true,"href":"https:\/\/bandelin.com\/fr\/wp-json\/wp\/v2\/media\/650134"}],"wp:attachment":[{"href":"https:\/\/bandelin.com\/fr\/wp-json\/wp\/v2\/media?parent=666798"}],"wp:term":[{"taxonomy":"product_brand","embeddable":true,"href":"https:\/\/bandelin.com\/fr\/wp-json\/wp\/v2\/product_brand?post=666798"},{"taxonomy":"product_cat","embeddable":true,"href":"https:\/\/bandelin.com\/fr\/wp-json\/wp\/v2\/product_cat?post=666798"},{"taxonomy":"product_tag","embeddable":true,"href":"https:\/\/bandelin.com\/fr\/wp-json\/wp\/v2\/product_tag?post=666798"}],"curies":[{"name":"wp","href":"https:\/\/api.w.org\/{rel}","templated":true}]}}