{"id":697363,"date":"2026-05-07T21:04:48","date_gmt":"2026-05-07T19:04:48","guid":{"rendered":"https:\/\/bandelin.com\/shop\/unkategorisiert\/stammopur-dr-8-instrumenten-desinfektion-und-intensiv-reinigung-konzentrat\/"},"modified":"2026-05-07T23:07:55","modified_gmt":"2026-05-07T21:07:55","slug":"stammopur-dr-8-concentre-de-desinfection-et-de-nettoyage-intensif-des-instruments","status":"publish","type":"product","link":"https:\/\/bandelin.com\/fr\/shop\/reinigungs-und-desinfektionspraeparate\/stammopur-reinigungs-und-desinfektionspraeparate\/stammopur-dr-8-instrumenten-desinfektion-und-intensiv-reinigung-konzentrat\/","title":{"rendered":"STAMMOPUR DR 8 D\u00e9sinfection des instruments et nettoyage intensif, concentr\u00e9"},"content":{"rendered":"<p>STAMMOPUR DR 8<br \/>\n  D\u00e9sinfection des instruments et nettoyage intensif<\/p>\n<p>  Concentr\u00e9 pour la d\u00e9sinfection chimique manuelle et le nettoyage intensif d\u00e9sinfectant et non fixant des instruments et accessoires m\u00e9dicaux g\u00e9n\u00e9raux, chirurgicaux, invasifs et non invasifs dans un bain \u00e0 ultrasons et par immersion.<\/p>\n<p>  La pr\u00e9paration est utilis\u00e9e dans le processus de traitement des instruments dans l'AEMP (unit\u00e9 de traitement des dispositifs m\u00e9dicaux) dans les cliniques, les cabinets m\u00e9dicaux et dentaires, ainsi que dans les laboratoires dentaires et les soins m\u00e9dicaux des pieds. <\/p>\n<p>  Pour les dispositifs m\u00e9dicaux critiques et semi-critiques, d'autres \u00e9tapes de traitement sont n\u00e9cessaires, ne pas utiliser pour la d\u00e9sinfection finale.<\/p>\n<p>  Spectre d'action<br \/>\n  - Bact\u00e9ricide et levuricide (EN 13727, EN 145661, EN 13624, EN 14562, DGHM, charge \u00e9lev\u00e9e)<br \/>\n  - Virucide limit\u00e9 (EN 14476, charge \u00e9lev\u00e9e) <\/p>\n<p>  En un coup d'\u0153il<br \/>\n  - Concentr\u00e9<br \/>\n  - List\u00e9 par le VAH<br \/>\n  - \u00e9conomique gr\u00e2ce \u00e0 une faible concentration d'utilisation<br \/>\n  - Tr\u00e8s haute compatibilit\u00e9 avec les mat\u00e9riaux<br \/>\n  - Exempt d'ald\u00e9hydes, de chlore et de ph\u00e9nols<br \/>\n  - Bact\u00e9ricide, levuricide, virucide limit\u00e9<br \/>\n  - Efficace contre les coronavirus (SARS-CoV-2)<br \/>\n  - Biod\u00e9gradable<br \/>\n  - Tr\u00e8s grande efficacit\u00e9 de nettoyage dans le bain \u00e0 ultrasons<\/p>\n<p>  Compatibilit\u00e9 des mat\u00e9riaux et impuret\u00e9s<br \/>\n  STAMMOPUR DR 8 poss\u00e8de une tr\u00e8s haute compatibilit\u00e9 avec les mat\u00e9riaux.<br \/>\n  Gr\u00e2ce \u00e0 sa formulation alcaline douce, la pr\u00e9paration convient \u00e9galement aux m\u00e9taux l\u00e9gers, dans la limite des temps d'action.<\/p>\n<p>  Nettoie manuellement, de mani\u00e8re d\u00e9sinfectante, non fixante et intensive les mat\u00e9riaux suivants<br \/>\n  - M\u00e9tal,<br \/>\n  - M\u00e9taux l\u00e9gers,<br \/>\n  - Titan,<br \/>\n  - Verre,<br \/>\n  - Porcelaine,<br \/>\n  - C\u00e9ramique<br \/>\n  et du plastique.<\/p>\n<p>  Application<br \/>\n  Les utilisateurs exclusivement professionnels sont des professionnels form\u00e9s.<\/p>\n<p>  STAMMOPUR DR 8 a une tr\u00e8s grande efficacit\u00e9 de nettoyage. Dans le bain \u00e0 ultrasons, il entra\u00eene une r\u00e9duction du temps du processus de nettoyage dans la plupart des applications. La r\u00e9duction du temps de d\u00e9sinfection par l'action des ultrasons, confirm\u00e9e par un expert, entra\u00eene en outre une r\u00e9duction globale du processus de traitement.<\/p>\n<p>  Pour les endoscopes et les accessoires, les recommandations d'aptitude des soci\u00e9t\u00e9s Karl Storz GmbH et Richard Wolf GmbH sont disponibles. Les indications des fabricants d'instruments doivent \u00eatre strictement respect\u00e9es lors du traitement avec STAMMOPUR DR 8, en particulier dans le bain \u00e0 ultrasons.<\/p>\n<p>  STAMMOPUR DR 8 n'est pas compatible avec les pr\u00e9parations ald\u00e9hydiques. Ceux-ci doivent \u00eatre soigneusement \u00e9limin\u00e9s du mat\u00e9riel et des accessoires de nettoyage avant l'utilisation de STAMMOPUR DR 8. <\/p>\n<p>  La dur\u00e9e de vie de la solution d\u00e9sinfectante a \u00e9t\u00e9 prolong\u00e9e \u00e0 trois jours par expertise.<\/p>\n<p>  Dosage et temps d'action<br \/>\n  Application avec ultrasons :<\/p>\n<p>  Bact\u00e9ricide, levuricide,<br \/>\n  virucide limit\u00e9, y compris H5N1 : 2% - 5 min<\/p>\n<p>  SV40 2 % - 10 minutes<\/p>\n<p>  Adeno 3 % - 15 minutes<\/p>\n<p>  Application sans ultrasons :<\/p>\n<p>  Bact\u00e9ricide, levuricide : 1 % - 60 min<\/p>\n<p>  Bact\u00e9ricide, levuricide, virucide limit\u00e9<br \/>\n  y compris H5N1 et en plus contre SV 40 : 2 % - 30 min ou 3 % - 15 min<\/p>\n<p>  Temp\u00e9rature : pr\u00e9parer \u00e0 froid et ne pas chauffer davantage (max. 45 \u00b0C)<\/p>\n<p>  Adeno (EN 14476, charge \u00e9lev\u00e9e) Efficacit\u00e9 uniquement lors de l'application dans un bain \u00e0 ultrasons. <\/p>\n<p>  Composition pour 100g :<br \/>\n  9,9 g de bis(3-aminopropyl)dodecaylamine,<br \/>\n  8,4 g de propionate de did\u00e9cylm\u00e9thylpolyoxy\u00e9thylammonium,<br \/>\n  &lt; 30 % butane-1,4-diol,\n  5-15 % butyldiglycol,\n  5-15 % agents de surface non ioniques,\n  &lt; 5 % pip\u00e9razine,\n  Agents complexants,\n  r\u00e9gulateurs de pH.\n  \n  Gamme de pH du produit : l\u00e9g\u00e8rement alcalin\n  \n  L&#039;application se fait dilu\u00e9e avec de l&#039;eau ayant au moins la qualit\u00e9 d&#039;eau potable.\n  \n  L&#039;ajout d&#039;additifs \u00e0 la solution n&#039;est pas autoris\u00e9.\n  \n  Remarques particuli\u00e8res\n  Ne pas traiter les optiques, les fibres optiques et les pi\u00e8ces coll\u00e9es avec des ultrasons.\n  \n  Mentions de danger\n  H302 Nocif en cas d&#039;ingestion.\n  H314 Provoque des br\u00fblures de la peau et des l\u00e9sions oculaires graves.\n  H317 Peut provoquer une r\u00e9action allergique cutan\u00e9e.\n  H334 Peut provoquer des sympt\u00f4mes d&#039;allergie, d&#039;asthme ou des difficult\u00e9s respiratoires par inhalation.\n  peut provoquer des sympt\u00f4mes.\n  H336 Peut provoquer somnolence et vertiges.\n  H361fd Susceptible de nuire \u00e0 la fertilit\u00e9. Susceptible de nuire au f\u0153tus\n  peut \u00eatre nocif pour le f\u0153tus.\n  H411 Toxique pour les organismes aquatiques, entra\u00eene des effets n\u00e9fastes \u00e0 long terme.\n  \n  Conseils de s\u00e9curit\u00e9\n  P280 Porter des gants de protection\/des v\u00eatements de protection\/un \u00e9quipement de protection des yeux\/du visage.\n  P305+P351+P338 EN CAS DE CONTACT AVEC LES YEUX : rincer avec pr\u00e9caution \u00e0 l&#039;eau pendant plusieurs minutes.\n  Si possible, retirer les lentilles de contact \u00e9ventuellement pr\u00e9sentes. Continuer \u00e0 rincer.\n  P308+P313 EN CAS d&#039;exposition ou si concern\u00e9 : Consulter un m\u00e9decin\/appeler un service m\u00e9dical.\n  P310 Appeler imm\u00e9diatement un CENTRE ANTIPOISON\/m\u00e9decin.\n<\/p>","protected":false},"excerpt":{"rendered":"<p>STAMMOPUR DR 8 Instrumenten-Desinfektion und Intensiv-Reinigung Konzentrat zur manuellen, chemischen Desinfektion und desinfizierenden, nicht-fixierenden Intensiv-Reinigung allgemeiner, chirurgischer, invasiver und nicht-invasiver medizinischer Instrumente und Zubeh\u00f6r im Ultraschallbad sowie im Tauchbadverfahren. Der Einsatz des Pr\u00e4parates erfolgt im Prozess der Instrumentenaufbereitung in der AEMP (Aufbereitungseinheit f\u00fcr Medizinprodukte) in der Klinik, der Arzt- und Zahnarztpraxis, sowie in dem Dentallabor [&hellip;]<\/p>\n","protected":false},"featured_media":650254,"template":"","meta":{"_acf_changed":false},"product_brand":[],"product_cat":[14263,14181],"product_tag":[14831,14829],"class_list":{"0":"post-697363","1":"product","2":"type-product","3":"status-publish","4":"has-post-thumbnail","6":"product_cat-stammopur-reinigungs-und-desinfektionspraeparate","7":"product_cat-reinigungs-und-desinfektionspraeparate","8":"product_tag-stammopur-reinigungs-und-desinfektionspraeparate","9":"product_tag-reinigungs-und-desinfektionspraeparate","10":"pa_bestellnummer-13981","11":"pa_bestellnummer-13990","12":"pa_bestellnummer-13048","13":"pa_gebindegroesse-l-10-liter-446-euro-liter","14":"pa_gebindegroesse-l-5-liter-47-euro-liter","15":"pa_gebindegroesse-l-2-liter-51-euro-liter","16":"pa_inhalt-l-14541","17":"pa_inhalt-l-14540","18":"pa_inhalt-l-12484","19":"pa_verpackung-breite-mm-12313","20":"pa_verpackung-breite-mm-130-2","21":"pa_verpackung-hoehe-mm-13038","22":"pa_verpackung-hoehe-mm-12354","23":"pa_verpackung-laenge-mm-12353","24":"pa_verpackung-laenge-mm-250-2","26":"first","27":"instock","28":"taxable","29":"shipping-taxable","30":"purchasable","31":"product-type-variable","32":"has-default-attributes"},"acf":[],"yoast_head":"<!-- This site is optimized with the Yoast SEO plugin v27.5 - https:\/\/yoast.com\/product\/yoast-seo-wordpress\/ -->\n<title>STAMMOPUR DR 8 Instrumenten-Desinfektion und Intensiv-Reinigung, Konzentrat | BANDELIN electronic GmbH &amp; Co. KG<\/title>\n<meta name=\"description\" content=\"Informationen Sie sich \u00fcber STAMMOPUR DR 8 Instrumenten-Desinfektion und Intensiv-Reinigung, Konzentrat | Hochwertige Ultraschallb\u00e4der f\u00fcr Medizin und Industrie von Bandelin Electronic seit 1955.\" \/>\n<meta name=\"robots\" content=\"index, follow, max-snippet:-1, max-image-preview:large, max-video-preview:-1\" \/>\n<link rel=\"canonical\" href=\"https:\/\/bandelin.com\/fr\/boutique\/preparations-de-nettoyage-et-de-desinfection\/stammopur-preparations-de-nettoyage-et-de-desinfection\/stammopur-dr-8-concentre-de-desinfection-et-de-nettoyage-intensif-des-instruments\/\" \/>\n<meta property=\"og:locale\" content=\"fr_FR\" \/>\n<meta property=\"og:type\" content=\"article\" \/>\n<meta property=\"og:title\" content=\"STAMMOPUR DR 8 Instrumenten-Desinfektion und Intensiv-Reinigung, Konzentrat | BANDELIN electronic GmbH &amp; Co. KG\" \/>\n<meta property=\"og:description\" content=\"Informationen Sie sich \u00fcber STAMMOPUR DR 8 Instrumenten-Desinfektion und Intensiv-Reinigung, Konzentrat | Hochwertige Ultraschallb\u00e4der f\u00fcr Medizin und Industrie von Bandelin Electronic seit 1955.\" \/>\n<meta property=\"og:url\" content=\"https:\/\/bandelin.com\/fr\/boutique\/preparations-de-nettoyage-et-de-desinfection\/stammopur-preparations-de-nettoyage-et-de-desinfection\/stammopur-dr-8-concentre-de-desinfection-et-de-nettoyage-intensif-des-instruments\/\" \/>\n<meta property=\"og:site_name\" content=\"BANDELIN electronic GmbH &amp; Co. KG\" \/>\n<meta property=\"article:publisher\" content=\"https:\/\/de-de.facebook.com\/bandelin.electronic\/\" \/>\n<meta property=\"article:modified_time\" content=\"2026-05-07T21:07:55+00:00\" \/>\n<meta property=\"og:image\" content=\"https:\/\/bandelin.com\/wp-content\/uploads\/Produktfoto_2L_STAMMOPUR_DR_8-scaled.jpg\" \/>\n\t<meta property=\"og:image:width\" content=\"2048\" \/>\n\t<meta property=\"og:image:height\" content=\"2048\" \/>\n\t<meta property=\"og:image:type\" content=\"image\/jpeg\" \/>\n<meta name=\"twitter:card\" content=\"summary_large_image\" \/>\n<meta name=\"twitter:label1\" content=\"Dur\u00e9e de lecture estim\u00e9e\" \/>\n\t<meta name=\"twitter:data1\" content=\"3 minutes\" \/>\n<script type=\"application\/ld+json\" class=\"yoast-schema-graph\">{\"@context\":\"https:\\\/\\\/schema.org\",\"@graph\":[{\"@type\":\"WebPage\",\"@id\":\"https:\\\/\\\/bandelin.com\\\/shop\\\/reinigungs-und-desinfektionspraeparate\\\/stammopur-reinigungs-und-desinfektionspraeparate\\\/stammopur-dr-8-instrumenten-desinfektion-und-intensiv-reinigung-konzentrat\\\/\",\"url\":\"https:\\\/\\\/bandelin.com\\\/shop\\\/reinigungs-und-desinfektionspraeparate\\\/stammopur-reinigungs-und-desinfektionspraeparate\\\/stammopur-dr-8-instrumenten-desinfektion-und-intensiv-reinigung-konzentrat\\\/\",\"name\":\"STAMMOPUR DR 8 Instrumenten-Desinfektion und Intensiv-Reinigung, Konzentrat | BANDELIN electronic GmbH &amp; Co. KG\",\"isPartOf\":{\"@id\":\"https:\\\/\\\/bvted2iv.myrdbx.io\\\/#website\"},\"primaryImageOfPage\":{\"@id\":\"https:\\\/\\\/bandelin.com\\\/shop\\\/reinigungs-und-desinfektionspraeparate\\\/stammopur-reinigungs-und-desinfektionspraeparate\\\/stammopur-dr-8-instrumenten-desinfektion-und-intensiv-reinigung-konzentrat\\\/#primaryimage\"},\"image\":{\"@id\":\"https:\\\/\\\/bandelin.com\\\/shop\\\/reinigungs-und-desinfektionspraeparate\\\/stammopur-reinigungs-und-desinfektionspraeparate\\\/stammopur-dr-8-instrumenten-desinfektion-und-intensiv-reinigung-konzentrat\\\/#primaryimage\"},\"thumbnailUrl\":\"https:\\\/\\\/bandelin.com\\\/wp-content\\\/uploads\\\/Produktfoto_2L_STAMMOPUR_DR_8-scaled.jpg\",\"datePublished\":\"2026-05-07T19:04:48+00:00\",\"dateModified\":\"2026-05-07T21:07:55+00:00\",\"description\":\"Informationen Sie sich \u00fcber STAMMOPUR DR 8 Instrumenten-Desinfektion und Intensiv-Reinigung, Konzentrat | Hochwertige Ultraschallb\u00e4der f\u00fcr Medizin und Industrie von Bandelin Electronic seit 1955.\",\"breadcrumb\":{\"@id\":\"https:\\\/\\\/bandelin.com\\\/shop\\\/reinigungs-und-desinfektionspraeparate\\\/stammopur-reinigungs-und-desinfektionspraeparate\\\/stammopur-dr-8-instrumenten-desinfektion-und-intensiv-reinigung-konzentrat\\\/#breadcrumb\"},\"inLanguage\":\"fr-FR\",\"potentialAction\":[{\"@type\":\"ReadAction\",\"target\":[\"https:\\\/\\\/bandelin.com\\\/shop\\\/reinigungs-und-desinfektionspraeparate\\\/stammopur-reinigungs-und-desinfektionspraeparate\\\/stammopur-dr-8-instrumenten-desinfektion-und-intensiv-reinigung-konzentrat\\\/\"]}]},{\"@type\":\"ImageObject\",\"inLanguage\":\"fr-FR\",\"@id\":\"https:\\\/\\\/bandelin.com\\\/shop\\\/reinigungs-und-desinfektionspraeparate\\\/stammopur-reinigungs-und-desinfektionspraeparate\\\/stammopur-dr-8-instrumenten-desinfektion-und-intensiv-reinigung-konzentrat\\\/#primaryimage\",\"url\":\"https:\\\/\\\/bandelin.com\\\/wp-content\\\/uploads\\\/Produktfoto_2L_STAMMOPUR_DR_8-scaled.jpg\",\"contentUrl\":\"https:\\\/\\\/bandelin.com\\\/wp-content\\\/uploads\\\/Produktfoto_2L_STAMMOPUR_DR_8-scaled.jpg\",\"width\":2048,\"height\":2048,\"caption\":\"STAMMOPUR DR 8 Instrumenten-Desinfektion und Intensiv-Reinigung\"},{\"@type\":\"BreadcrumbList\",\"@id\":\"https:\\\/\\\/bandelin.com\\\/shop\\\/reinigungs-und-desinfektionspraeparate\\\/stammopur-reinigungs-und-desinfektionspraeparate\\\/stammopur-dr-8-instrumenten-desinfektion-und-intensiv-reinigung-konzentrat\\\/#breadcrumb\",\"itemListElement\":[{\"@type\":\"ListItem\",\"position\":1,\"name\":\"Startseite\",\"item\":\"https:\\\/\\\/bandelin.com\\\/\"},{\"@type\":\"ListItem\",\"position\":2,\"name\":\"Shop\",\"item\":\"https:\\\/\\\/bandelin.com\\\/shop\\\/\"},{\"@type\":\"ListItem\",\"position\":3,\"name\":\"STAMMOPUR DR 8 Instrumenten-Desinfektion und Intensiv-Reinigung, Konzentrat\"}]},{\"@type\":\"WebSite\",\"@id\":\"https:\\\/\\\/bvted2iv.myrdbx.io\\\/#website\",\"url\":\"https:\\\/\\\/bvted2iv.myrdbx.io\\\/\",\"name\":\"BANDELIN electronic GmbH & Co. KG\",\"description\":\"Ultraschall seit 1955\",\"publisher\":{\"@id\":\"https:\\\/\\\/bvted2iv.myrdbx.io\\\/#organization\"},\"potentialAction\":[{\"@type\":\"SearchAction\",\"target\":{\"@type\":\"EntryPoint\",\"urlTemplate\":\"https:\\\/\\\/bvted2iv.myrdbx.io\\\/?s={search_term_string}\"},\"query-input\":{\"@type\":\"PropertyValueSpecification\",\"valueRequired\":true,\"valueName\":\"search_term_string\"}}],\"inLanguage\":\"fr-FR\"},{\"@type\":\"Organization\",\"@id\":\"https:\\\/\\\/bvted2iv.myrdbx.io\\\/#organization\",\"name\":\"BANDELIN electronic GmbH & Co. KG\",\"url\":\"https:\\\/\\\/bvted2iv.myrdbx.io\\\/\",\"logo\":{\"@type\":\"ImageObject\",\"inLanguage\":\"fr-FR\",\"@id\":\"https:\\\/\\\/bvted2iv.myrdbx.io\\\/#\\\/schema\\\/logo\\\/image\\\/\",\"url\":\"\",\"contentUrl\":\"\",\"caption\":\"BANDELIN electronic GmbH & Co. KG\"},\"image\":{\"@id\":\"https:\\\/\\\/bvted2iv.myrdbx.io\\\/#\\\/schema\\\/logo\\\/image\\\/\"},\"sameAs\":[\"https:\\\/\\\/de-de.facebook.com\\\/bandelin.electronic\\\/\",\"https:\\\/\\\/www.instagram.com\\\/bandelin_ultrasonic\\\/?hl=de\",\"https:\\\/\\\/www.linkedin.com\\\/company\\\/bandelin-electronic-gmbh-amp-co-kg\",\"https:\\\/\\\/www.youtube.com\\\/channel\\\/UC5wTNrNxkwMmX-WzysQqw3g\"]}]}<\/script>\n<!-- \/ Yoast SEO plugin. -->","yoast_head_json":{"title":"STAMMOPUR DR 8 D\u00e9sinfection des instruments et nettoyage intensif, concentr\u00e9 | BANDELIN electronic GmbH &amp; Co. KG","description":"Informations sur STAMMOPUR DR 8 D\u00e9sinfection des instruments et nettoyage intensif, concentr\u00e9 | Bains \u00e0 ultrasons de haute qualit\u00e9 pour la m\u00e9decine et l'industrie de Bandelin Electronic depuis 1955.","robots":{"index":"index","follow":"follow","max-snippet":"max-snippet:-1","max-image-preview":"max-image-preview:large","max-video-preview":"max-video-preview:-1"},"canonical":"https:\/\/bandelin.com\/fr\/boutique\/preparations-de-nettoyage-et-de-desinfection\/stammopur-preparations-de-nettoyage-et-de-desinfection\/stammopur-dr-8-concentre-de-desinfection-et-de-nettoyage-intensif-des-instruments\/","og_locale":"fr_FR","og_type":"article","og_title":"STAMMOPUR DR 8 Instrumenten-Desinfektion und Intensiv-Reinigung, Konzentrat | BANDELIN electronic GmbH &amp; Co. KG","og_description":"Informationen Sie sich \u00fcber STAMMOPUR DR 8 Instrumenten-Desinfektion und Intensiv-Reinigung, Konzentrat | Hochwertige Ultraschallb\u00e4der f\u00fcr Medizin und Industrie von Bandelin Electronic seit 1955.","og_url":"https:\/\/bandelin.com\/fr\/boutique\/preparations-de-nettoyage-et-de-desinfection\/stammopur-preparations-de-nettoyage-et-de-desinfection\/stammopur-dr-8-concentre-de-desinfection-et-de-nettoyage-intensif-des-instruments\/","og_site_name":"BANDELIN electronic GmbH &amp; Co. KG","article_publisher":"https:\/\/de-de.facebook.com\/bandelin.electronic\/","article_modified_time":"2026-05-07T21:07:55+00:00","og_image":[{"width":2048,"height":2048,"url":"https:\/\/bandelin.com\/wp-content\/uploads\/Produktfoto_2L_STAMMOPUR_DR_8-scaled.jpg","type":"image\/jpeg"}],"twitter_card":"summary_large_image","twitter_misc":{"Dur\u00e9e de lecture estim\u00e9e":"3 minutes"},"schema":{"@context":"https:\/\/schema.org","@graph":[{"@type":"WebPage","@id":"https:\/\/bandelin.com\/shop\/reinigungs-und-desinfektionspraeparate\/stammopur-reinigungs-und-desinfektionspraeparate\/stammopur-dr-8-instrumenten-desinfektion-und-intensiv-reinigung-konzentrat\/","url":"https:\/\/bandelin.com\/shop\/reinigungs-und-desinfektionspraeparate\/stammopur-reinigungs-und-desinfektionspraeparate\/stammopur-dr-8-instrumenten-desinfektion-und-intensiv-reinigung-konzentrat\/","name":"STAMMOPUR DR 8 D\u00e9sinfection des instruments et nettoyage intensif, concentr\u00e9 | BANDELIN electronic GmbH &amp; Co. KG","isPartOf":{"@id":"https:\/\/bvted2iv.myrdbx.io\/#website"},"primaryImageOfPage":{"@id":"https:\/\/bandelin.com\/shop\/reinigungs-und-desinfektionspraeparate\/stammopur-reinigungs-und-desinfektionspraeparate\/stammopur-dr-8-instrumenten-desinfektion-und-intensiv-reinigung-konzentrat\/#primaryimage"},"image":{"@id":"https:\/\/bandelin.com\/shop\/reinigungs-und-desinfektionspraeparate\/stammopur-reinigungs-und-desinfektionspraeparate\/stammopur-dr-8-instrumenten-desinfektion-und-intensiv-reinigung-konzentrat\/#primaryimage"},"thumbnailUrl":"https:\/\/bandelin.com\/wp-content\/uploads\/Produktfoto_2L_STAMMOPUR_DR_8-scaled.jpg","datePublished":"2026-05-07T19:04:48+00:00","dateModified":"2026-05-07T21:07:55+00:00","description":"Informations sur STAMMOPUR DR 8 D\u00e9sinfection des instruments et nettoyage intensif, concentr\u00e9 | Bains \u00e0 ultrasons de haute qualit\u00e9 pour la m\u00e9decine et l'industrie de Bandelin Electronic depuis 1955.","breadcrumb":{"@id":"https:\/\/bandelin.com\/shop\/reinigungs-und-desinfektionspraeparate\/stammopur-reinigungs-und-desinfektionspraeparate\/stammopur-dr-8-instrumenten-desinfektion-und-intensiv-reinigung-konzentrat\/#breadcrumb"},"inLanguage":"fr-FR","potentialAction":[{"@type":"ReadAction","target":["https:\/\/bandelin.com\/shop\/reinigungs-und-desinfektionspraeparate\/stammopur-reinigungs-und-desinfektionspraeparate\/stammopur-dr-8-instrumenten-desinfektion-und-intensiv-reinigung-konzentrat\/"]}]},{"@type":"ImageObject","inLanguage":"fr-FR","@id":"https:\/\/bandelin.com\/shop\/reinigungs-und-desinfektionspraeparate\/stammopur-reinigungs-und-desinfektionspraeparate\/stammopur-dr-8-instrumenten-desinfektion-und-intensiv-reinigung-konzentrat\/#primaryimage","url":"https:\/\/bandelin.com\/wp-content\/uploads\/Produktfoto_2L_STAMMOPUR_DR_8-scaled.jpg","contentUrl":"https:\/\/bandelin.com\/wp-content\/uploads\/Produktfoto_2L_STAMMOPUR_DR_8-scaled.jpg","width":2048,"height":2048,"caption":"STAMMOPUR DR 8 Instrumenten-Desinfektion und Intensiv-Reinigung"},{"@type":"BreadcrumbList","@id":"https:\/\/bandelin.com\/shop\/reinigungs-und-desinfektionspraeparate\/stammopur-reinigungs-und-desinfektionspraeparate\/stammopur-dr-8-instrumenten-desinfektion-und-intensiv-reinigung-konzentrat\/#breadcrumb","itemListElement":[{"@type":"ListItem","position":1,"name":"Startseite","item":"https:\/\/bandelin.com\/"},{"@type":"ListItem","position":2,"name":"Shop","item":"https:\/\/bandelin.com\/shop\/"},{"@type":"ListItem","position":3,"name":"STAMMOPUR DR 8 Instrumenten-Desinfektion und Intensiv-Reinigung, Konzentrat"}]},{"@type":"WebSite","@id":"https:\/\/bvted2iv.myrdbx.io\/#website","url":"https:\/\/bvted2iv.myrdbx.io\/","name":"BANDELIN electronic GmbH &amp; Co. KG","description":"Les ultrasons depuis 1955","publisher":{"@id":"https:\/\/bvted2iv.myrdbx.io\/#organization"},"potentialAction":[{"@type":"SearchAction","target":{"@type":"EntryPoint","urlTemplate":"https:\/\/bvted2iv.myrdbx.io\/?s={search_term_string}"},"query-input":{"@type":"PropertyValueSpecification","valueRequired":true,"valueName":"search_term_string"}}],"inLanguage":"fr-FR"},{"@type":"Organization","@id":"https:\/\/bvted2iv.myrdbx.io\/#organization","name":"BANDELIN electronic GmbH &amp; Co. KG","url":"https:\/\/bvted2iv.myrdbx.io\/","logo":{"@type":"ImageObject","inLanguage":"fr-FR","@id":"https:\/\/bvted2iv.myrdbx.io\/#\/schema\/logo\/image\/","url":"","contentUrl":"","caption":"BANDELIN electronic GmbH & Co. KG"},"image":{"@id":"https:\/\/bvted2iv.myrdbx.io\/#\/schema\/logo\/image\/"},"sameAs":["https:\/\/de-de.facebook.com\/bandelin.electronic\/","https:\/\/www.instagram.com\/bandelin_ultrasonic\/?hl=de","https:\/\/www.linkedin.com\/company\/bandelin-electronic-gmbh-amp-co-kg","https:\/\/www.youtube.com\/channel\/UC5wTNrNxkwMmX-WzysQqw3g"]}]}},"_links":{"self":[{"href":"https:\/\/bandelin.com\/fr\/wp-json\/wp\/v2\/product\/697363","targetHints":{"allow":["GET"]}}],"collection":[{"href":"https:\/\/bandelin.com\/fr\/wp-json\/wp\/v2\/product"}],"about":[{"href":"https:\/\/bandelin.com\/fr\/wp-json\/wp\/v2\/types\/product"}],"version-history":[{"count":1,"href":"https:\/\/bandelin.com\/fr\/wp-json\/wp\/v2\/product\/697363\/revisions"}],"predecessor-version":[{"id":697364,"href":"https:\/\/bandelin.com\/fr\/wp-json\/wp\/v2\/product\/697363\/revisions\/697364"}],"wp:featuredmedia":[{"embeddable":true,"href":"https:\/\/bandelin.com\/fr\/wp-json\/wp\/v2\/media\/650254"}],"wp:attachment":[{"href":"https:\/\/bandelin.com\/fr\/wp-json\/wp\/v2\/media?parent=697363"}],"wp:term":[{"taxonomy":"product_brand","embeddable":true,"href":"https:\/\/bandelin.com\/fr\/wp-json\/wp\/v2\/product_brand?post=697363"},{"taxonomy":"product_cat","embeddable":true,"href":"https:\/\/bandelin.com\/fr\/wp-json\/wp\/v2\/product_cat?post=697363"},{"taxonomy":"product_tag","embeddable":true,"href":"https:\/\/bandelin.com\/fr\/wp-json\/wp\/v2\/product_tag?post=697363"}],"curies":[{"name":"wp","href":"https:\/\/api.w.org\/{rel}","templated":true}]}}