{"id":697708,"date":"2026-05-07T21:27:48","date_gmt":"2026-05-07T19:27:48","guid":{"rendered":"https:\/\/bandelin.com\/shop\/unkategorisiert\/sonorex-te-1058-2-schwingwanne\/"},"modified":"2026-05-12T01:55:46","modified_gmt":"2026-05-11T23:55:46","slug":"sonorex-te-1058-2-cuve-oscillante","status":"publish","type":"product","link":"https:\/\/bandelin.com\/fr\/shop\/sonorex-einbau-ultraschallbaeder\/zubehoer-sonorex-einbau-ultraschallbaeder\/sonorex-te-1058-2-schwingwanne\/","title":{"rendered":"SONOREX TE 1058.2 Cuve oscillante"},"content":{"rendered":"<p>Cuve oscillante pour bains \u00e0 ultrasons \u00e0 encastrer SONOREX ZE 1058<\/p>","protected":false},"excerpt":{"rendered":"<p>Cuve oscillante pour bains \u00e0 ultrasons \u00e0 encastrer SONOREX ZE 1058<\/p>","protected":false},"featured_media":697710,"template":"","meta":{"_acf_changed":false},"product_brand":[],"product_cat":[14440,12001],"product_tag":[14610,6528],"class_list":{"0":"post-697708","1":"product","2":"type-product","3":"status-publish","4":"has-post-thumbnail","6":"product_cat-zubehoer-sonorex-einbau-ultraschallbaeder","7":"product_cat-sonorex-einbau-ultraschallbaeder","8":"product_tag-sonorex-einbau-ultraschallbaeder-zubehoer","9":"product_tag-verbrauchsmaterial","10":"pa_ablauf-sicke-1-","11":"pa_arbeitsinhalt-l-14441","12":"pa_aussenmass-schwingw-b-mm-460-2","13":"pa_aussenmass-schwingw-h-mm-270-290-2","14":"pa_aussenmass-schwingw-l-mm-660-2","15":"pa_bestellnummer-12259","16":"pa_ce-kennzeichnung-medizinprodukte-klasse-i-2017-745-eu-niederspannungsrichtlinie-2014-35-eu-emv-richtlinie-2014-30-eu-rohs-richtlinie-2011-65-eu-2","17":"pa_form-der-wannenecken-abgerundet","18":"pa_fuellstandsmarkierung-ja","19":"pa_inhalt-l-14433","20":"pa_innenmass-b-mm-400-2","21":"pa_innenmass-l-mm-600-2","22":"pa_innenmass-t-mm-200-220","23":"pa_schutzgrad-schwingwanne-ip-30-3","24":"pa_schwingeranzahl-wannenboden-14319","25":"pa_ultraschall-frequenz-khz-35-2","26":"pa_wannenboden-geneigt","27":"pa_wannenmaterial-edelstahl-1-4404","28":"pa_wannenstaerke-mm-14422","30":"first","31":"instock","32":"taxable","33":"shipping-taxable","34":"purchasable","35":"product-type-simple"},"acf":[],"yoast_head":"<!-- This site is optimized with the Yoast SEO plugin v27.5 - https:\/\/yoast.com\/product\/yoast-seo-wordpress\/ -->\n<title>SONOREX TE 1058.2 Schwingwanne | BANDELIN electronic GmbH &amp; Co. KG<\/title>\n<meta name=\"description\" content=\"Informationen Sie sich \u00fcber SONOREX TE 1058.2 Schwingwanne | Hochwertige Ultraschallb\u00e4der f\u00fcr Medizin und Industrie von Bandelin Electronic seit 1955.\" \/>\n<meta name=\"robots\" content=\"index, follow, max-snippet:-1, max-image-preview:large, max-video-preview:-1\" \/>\n<link rel=\"canonical\" href=\"https:\/\/bandelin.com\/fr\/boutique\/sonorex-bains-a-ultrasons-encastrables\/accessoires-sonorex-pour-linstallation-de-bains-a-ultrasons\/sonorex-te-1058-2-cuve-oscillante\/\" \/>\n<meta property=\"og:locale\" content=\"fr_FR\" \/>\n<meta property=\"og:type\" content=\"article\" \/>\n<meta property=\"og:title\" content=\"SONOREX TE 1058.2 Schwingwanne | BANDELIN electronic GmbH &amp; Co. KG\" \/>\n<meta property=\"og:description\" content=\"Informationen Sie sich \u00fcber SONOREX TE 1058.2 Schwingwanne | Hochwertige Ultraschallb\u00e4der f\u00fcr Medizin und Industrie von Bandelin Electronic seit 1955.\" \/>\n<meta property=\"og:url\" content=\"https:\/\/bandelin.com\/fr\/boutique\/sonorex-bains-a-ultrasons-encastrables\/accessoires-sonorex-pour-linstallation-de-bains-a-ultrasons\/sonorex-te-1058-2-cuve-oscillante\/\" \/>\n<meta property=\"og:site_name\" content=\"BANDELIN electronic GmbH &amp; Co. KG\" \/>\n<meta property=\"article:publisher\" content=\"https:\/\/de-de.facebook.com\/bandelin.electronic\/\" \/>\n<meta property=\"article:modified_time\" content=\"2026-05-11T23:55:46+00:00\" \/>\n<meta property=\"og:image\" content=\"https:\/\/bandelin.com\/wp-content\/uploads\/Produktfoto_TE_1058-scaled.jpg\" \/>\n\t<meta property=\"og:image:width\" content=\"2048\" \/>\n\t<meta property=\"og:image:height\" content=\"2048\" \/>\n\t<meta property=\"og:image:type\" content=\"image\/jpeg\" \/>\n<meta name=\"twitter:card\" content=\"summary_large_image\" \/>\n<script type=\"application\/ld+json\" class=\"yoast-schema-graph\">{\"@context\":\"https:\\\/\\\/schema.org\",\"@graph\":[{\"@type\":\"WebPage\",\"@id\":\"https:\\\/\\\/bandelin.com\\\/shop\\\/sonorex-einbau-ultraschallbaeder\\\/zubehoer-sonorex-einbau-ultraschallbaeder\\\/sonorex-te-1058-2-schwingwanne\\\/\",\"url\":\"https:\\\/\\\/bandelin.com\\\/shop\\\/sonorex-einbau-ultraschallbaeder\\\/zubehoer-sonorex-einbau-ultraschallbaeder\\\/sonorex-te-1058-2-schwingwanne\\\/\",\"name\":\"SONOREX TE 1058.2 Schwingwanne | BANDELIN electronic GmbH &amp; Co. KG\",\"isPartOf\":{\"@id\":\"https:\\\/\\\/bvted2iv.myrdbx.io\\\/#website\"},\"primaryImageOfPage\":{\"@id\":\"https:\\\/\\\/bandelin.com\\\/shop\\\/sonorex-einbau-ultraschallbaeder\\\/zubehoer-sonorex-einbau-ultraschallbaeder\\\/sonorex-te-1058-2-schwingwanne\\\/#primaryimage\"},\"image\":{\"@id\":\"https:\\\/\\\/bandelin.com\\\/shop\\\/sonorex-einbau-ultraschallbaeder\\\/zubehoer-sonorex-einbau-ultraschallbaeder\\\/sonorex-te-1058-2-schwingwanne\\\/#primaryimage\"},\"thumbnailUrl\":\"https:\\\/\\\/bandelin.com\\\/wp-content\\\/uploads\\\/Produktfoto_TE_1058-scaled.jpg\",\"datePublished\":\"2026-05-07T19:27:48+00:00\",\"dateModified\":\"2026-05-11T23:55:46+00:00\",\"description\":\"Informationen Sie sich \u00fcber SONOREX TE 1058.2 Schwingwanne | Hochwertige Ultraschallb\u00e4der f\u00fcr Medizin und Industrie von Bandelin Electronic seit 1955.\",\"breadcrumb\":{\"@id\":\"https:\\\/\\\/bandelin.com\\\/shop\\\/sonorex-einbau-ultraschallbaeder\\\/zubehoer-sonorex-einbau-ultraschallbaeder\\\/sonorex-te-1058-2-schwingwanne\\\/#breadcrumb\"},\"inLanguage\":\"fr-FR\",\"potentialAction\":[{\"@type\":\"ReadAction\",\"target\":[\"https:\\\/\\\/bandelin.com\\\/shop\\\/sonorex-einbau-ultraschallbaeder\\\/zubehoer-sonorex-einbau-ultraschallbaeder\\\/sonorex-te-1058-2-schwingwanne\\\/\"]}]},{\"@type\":\"ImageObject\",\"inLanguage\":\"fr-FR\",\"@id\":\"https:\\\/\\\/bandelin.com\\\/shop\\\/sonorex-einbau-ultraschallbaeder\\\/zubehoer-sonorex-einbau-ultraschallbaeder\\\/sonorex-te-1058-2-schwingwanne\\\/#primaryimage\",\"url\":\"https:\\\/\\\/bandelin.com\\\/wp-content\\\/uploads\\\/Produktfoto_TE_1058-scaled.jpg\",\"contentUrl\":\"https:\\\/\\\/bandelin.com\\\/wp-content\\\/uploads\\\/Produktfoto_TE_1058-scaled.jpg\",\"width\":2048,\"height\":2048,\"caption\":\"SONOREX TE 1058.2 Schwingwanne Bild\"},{\"@type\":\"BreadcrumbList\",\"@id\":\"https:\\\/\\\/bandelin.com\\\/shop\\\/sonorex-einbau-ultraschallbaeder\\\/zubehoer-sonorex-einbau-ultraschallbaeder\\\/sonorex-te-1058-2-schwingwanne\\\/#breadcrumb\",\"itemListElement\":[{\"@type\":\"ListItem\",\"position\":1,\"name\":\"Startseite\",\"item\":\"https:\\\/\\\/bandelin.com\\\/\"},{\"@type\":\"ListItem\",\"position\":2,\"name\":\"Shop\",\"item\":\"https:\\\/\\\/bandelin.com\\\/shop\\\/\"},{\"@type\":\"ListItem\",\"position\":3,\"name\":\"SONOREX TE 1058.2 Schwingwanne\"}]},{\"@type\":\"WebSite\",\"@id\":\"https:\\\/\\\/bvted2iv.myrdbx.io\\\/#website\",\"url\":\"https:\\\/\\\/bvted2iv.myrdbx.io\\\/\",\"name\":\"BANDELIN electronic GmbH & Co. KG\",\"description\":\"Ultraschall seit 1955\",\"publisher\":{\"@id\":\"https:\\\/\\\/bvted2iv.myrdbx.io\\\/#organization\"},\"potentialAction\":[{\"@type\":\"SearchAction\",\"target\":{\"@type\":\"EntryPoint\",\"urlTemplate\":\"https:\\\/\\\/bvted2iv.myrdbx.io\\\/?s={search_term_string}\"},\"query-input\":{\"@type\":\"PropertyValueSpecification\",\"valueRequired\":true,\"valueName\":\"search_term_string\"}}],\"inLanguage\":\"fr-FR\"},{\"@type\":\"Organization\",\"@id\":\"https:\\\/\\\/bvted2iv.myrdbx.io\\\/#organization\",\"name\":\"BANDELIN electronic GmbH & Co. KG\",\"url\":\"https:\\\/\\\/bvted2iv.myrdbx.io\\\/\",\"logo\":{\"@type\":\"ImageObject\",\"inLanguage\":\"fr-FR\",\"@id\":\"https:\\\/\\\/bvted2iv.myrdbx.io\\\/#\\\/schema\\\/logo\\\/image\\\/\",\"url\":\"\",\"contentUrl\":\"\",\"caption\":\"BANDELIN electronic GmbH & Co. KG\"},\"image\":{\"@id\":\"https:\\\/\\\/bvted2iv.myrdbx.io\\\/#\\\/schema\\\/logo\\\/image\\\/\"},\"sameAs\":[\"https:\\\/\\\/de-de.facebook.com\\\/bandelin.electronic\\\/\",\"https:\\\/\\\/www.instagram.com\\\/bandelin_ultrasonic\\\/?hl=de\",\"https:\\\/\\\/www.linkedin.com\\\/company\\\/bandelin-electronic-gmbh-amp-co-kg\",\"https:\\\/\\\/www.youtube.com\\\/channel\\\/UC5wTNrNxkwMmX-WzysQqw3g\"]}]}<\/script>\n<!-- \/ Yoast SEO plugin. -->","yoast_head_json":{"title":"SONOREX TE 1058.2 Cuve oscillante | BANDELIN electronic GmbH &amp; Co. KG","description":"Informations sur SONOREX TE 1058.2 Cuve oscillante | Bains \u00e0 ultrasons de haute qualit\u00e9 pour la m\u00e9decine et l'industrie de Bandelin Electronic depuis 1955.","robots":{"index":"index","follow":"follow","max-snippet":"max-snippet:-1","max-image-preview":"max-image-preview:large","max-video-preview":"max-video-preview:-1"},"canonical":"https:\/\/bandelin.com\/fr\/boutique\/sonorex-bains-a-ultrasons-encastrables\/accessoires-sonorex-pour-linstallation-de-bains-a-ultrasons\/sonorex-te-1058-2-cuve-oscillante\/","og_locale":"fr_FR","og_type":"article","og_title":"SONOREX TE 1058.2 Schwingwanne | BANDELIN electronic GmbH &amp; Co. KG","og_description":"Informationen Sie sich \u00fcber SONOREX TE 1058.2 Schwingwanne | Hochwertige Ultraschallb\u00e4der f\u00fcr Medizin und Industrie von Bandelin Electronic seit 1955.","og_url":"https:\/\/bandelin.com\/fr\/boutique\/sonorex-bains-a-ultrasons-encastrables\/accessoires-sonorex-pour-linstallation-de-bains-a-ultrasons\/sonorex-te-1058-2-cuve-oscillante\/","og_site_name":"BANDELIN electronic GmbH &amp; Co. KG","article_publisher":"https:\/\/de-de.facebook.com\/bandelin.electronic\/","article_modified_time":"2026-05-11T23:55:46+00:00","og_image":[{"width":2048,"height":2048,"url":"https:\/\/bandelin.com\/wp-content\/uploads\/Produktfoto_TE_1058-scaled.jpg","type":"image\/jpeg"}],"twitter_card":"summary_large_image","schema":{"@context":"https:\/\/schema.org","@graph":[{"@type":"WebPage","@id":"https:\/\/bandelin.com\/shop\/sonorex-einbau-ultraschallbaeder\/zubehoer-sonorex-einbau-ultraschallbaeder\/sonorex-te-1058-2-schwingwanne\/","url":"https:\/\/bandelin.com\/shop\/sonorex-einbau-ultraschallbaeder\/zubehoer-sonorex-einbau-ultraschallbaeder\/sonorex-te-1058-2-schwingwanne\/","name":"SONOREX TE 1058.2 Cuve oscillante | BANDELIN electronic GmbH &amp; Co. KG","isPartOf":{"@id":"https:\/\/bvted2iv.myrdbx.io\/#website"},"primaryImageOfPage":{"@id":"https:\/\/bandelin.com\/shop\/sonorex-einbau-ultraschallbaeder\/zubehoer-sonorex-einbau-ultraschallbaeder\/sonorex-te-1058-2-schwingwanne\/#primaryimage"},"image":{"@id":"https:\/\/bandelin.com\/shop\/sonorex-einbau-ultraschallbaeder\/zubehoer-sonorex-einbau-ultraschallbaeder\/sonorex-te-1058-2-schwingwanne\/#primaryimage"},"thumbnailUrl":"https:\/\/bandelin.com\/wp-content\/uploads\/Produktfoto_TE_1058-scaled.jpg","datePublished":"2026-05-07T19:27:48+00:00","dateModified":"2026-05-11T23:55:46+00:00","description":"Informations sur SONOREX TE 1058.2 Cuve oscillante | Bains \u00e0 ultrasons de haute qualit\u00e9 pour la m\u00e9decine et l'industrie de Bandelin Electronic depuis 1955.","breadcrumb":{"@id":"https:\/\/bandelin.com\/shop\/sonorex-einbau-ultraschallbaeder\/zubehoer-sonorex-einbau-ultraschallbaeder\/sonorex-te-1058-2-schwingwanne\/#breadcrumb"},"inLanguage":"fr-FR","potentialAction":[{"@type":"ReadAction","target":["https:\/\/bandelin.com\/shop\/sonorex-einbau-ultraschallbaeder\/zubehoer-sonorex-einbau-ultraschallbaeder\/sonorex-te-1058-2-schwingwanne\/"]}]},{"@type":"ImageObject","inLanguage":"fr-FR","@id":"https:\/\/bandelin.com\/shop\/sonorex-einbau-ultraschallbaeder\/zubehoer-sonorex-einbau-ultraschallbaeder\/sonorex-te-1058-2-schwingwanne\/#primaryimage","url":"https:\/\/bandelin.com\/wp-content\/uploads\/Produktfoto_TE_1058-scaled.jpg","contentUrl":"https:\/\/bandelin.com\/wp-content\/uploads\/Produktfoto_TE_1058-scaled.jpg","width":2048,"height":2048,"caption":"SONOREX TE 1058.2 Schwingwanne Bild"},{"@type":"BreadcrumbList","@id":"https:\/\/bandelin.com\/shop\/sonorex-einbau-ultraschallbaeder\/zubehoer-sonorex-einbau-ultraschallbaeder\/sonorex-te-1058-2-schwingwanne\/#breadcrumb","itemListElement":[{"@type":"ListItem","position":1,"name":"Startseite","item":"https:\/\/bandelin.com\/"},{"@type":"ListItem","position":2,"name":"Shop","item":"https:\/\/bandelin.com\/shop\/"},{"@type":"ListItem","position":3,"name":"SONOREX TE 1058.2 Schwingwanne"}]},{"@type":"WebSite","@id":"https:\/\/bvted2iv.myrdbx.io\/#website","url":"https:\/\/bvted2iv.myrdbx.io\/","name":"BANDELIN electronic GmbH &amp; Co. KG","description":"Les ultrasons depuis 1955","publisher":{"@id":"https:\/\/bvted2iv.myrdbx.io\/#organization"},"potentialAction":[{"@type":"SearchAction","target":{"@type":"EntryPoint","urlTemplate":"https:\/\/bvted2iv.myrdbx.io\/?s={search_term_string}"},"query-input":{"@type":"PropertyValueSpecification","valueRequired":true,"valueName":"search_term_string"}}],"inLanguage":"fr-FR"},{"@type":"Organization","@id":"https:\/\/bvted2iv.myrdbx.io\/#organization","name":"BANDELIN electronic GmbH &amp; Co. KG","url":"https:\/\/bvted2iv.myrdbx.io\/","logo":{"@type":"ImageObject","inLanguage":"fr-FR","@id":"https:\/\/bvted2iv.myrdbx.io\/#\/schema\/logo\/image\/","url":"","contentUrl":"","caption":"BANDELIN electronic GmbH & Co. KG"},"image":{"@id":"https:\/\/bvted2iv.myrdbx.io\/#\/schema\/logo\/image\/"},"sameAs":["https:\/\/de-de.facebook.com\/bandelin.electronic\/","https:\/\/www.instagram.com\/bandelin_ultrasonic\/?hl=de","https:\/\/www.linkedin.com\/company\/bandelin-electronic-gmbh-amp-co-kg","https:\/\/www.youtube.com\/channel\/UC5wTNrNxkwMmX-WzysQqw3g"]}]}},"_links":{"self":[{"href":"https:\/\/bandelin.com\/fr\/wp-json\/wp\/v2\/product\/697708","targetHints":{"allow":["GET"]}}],"collection":[{"href":"https:\/\/bandelin.com\/fr\/wp-json\/wp\/v2\/product"}],"about":[{"href":"https:\/\/bandelin.com\/fr\/wp-json\/wp\/v2\/types\/product"}],"version-history":[{"count":1,"href":"https:\/\/bandelin.com\/fr\/wp-json\/wp\/v2\/product\/697708\/revisions"}],"predecessor-version":[{"id":697709,"href":"https:\/\/bandelin.com\/fr\/wp-json\/wp\/v2\/product\/697708\/revisions\/697709"}],"wp:featuredmedia":[{"embeddable":true,"href":"https:\/\/bandelin.com\/fr\/wp-json\/wp\/v2\/media\/697710"}],"wp:attachment":[{"href":"https:\/\/bandelin.com\/fr\/wp-json\/wp\/v2\/media?parent=697708"}],"wp:term":[{"taxonomy":"product_brand","embeddable":true,"href":"https:\/\/bandelin.com\/fr\/wp-json\/wp\/v2\/product_brand?post=697708"},{"taxonomy":"product_cat","embeddable":true,"href":"https:\/\/bandelin.com\/fr\/wp-json\/wp\/v2\/product_cat?post=697708"},{"taxonomy":"product_tag","embeddable":true,"href":"https:\/\/bandelin.com\/fr\/wp-json\/wp\/v2\/product_tag?post=697708"}],"curies":[{"name":"wp","href":"https:\/\/api.w.org\/{rel}","templated":true}]}}