{"id":697780,"date":"2026-05-07T21:29:39","date_gmt":"2026-05-07T19:29:39","guid":{"rendered":"https:\/\/bandelin.com\/shop\/unkategorisiert\/bactosonic-bs-14-2-set-ultraschallbad\/"},"modified":"2026-05-13T03:10:03","modified_gmt":"2026-05-13T01:10:03","slug":"bactosonic-bs-14-2-set-bain-a-ultrasons","status":"publish","type":"product","link":"https:\/\/bandelin.com\/fr\/shop\/bactosonic-ultraschallbaeder\/bactosonic-14-2-ultraschallbad\/bactosonic-bs-14-2-set-ultraschallbad\/","title":{"rendered":"BactoSonic BS 14.2 Set bain \u00e0 ultrasons"},"content":{"rendered":"<p>Bain sp\u00e9cial \u00e0 ultrasons pour \u00e9liminer en douceur les biofilms<\/p>\n<p>  Le succ\u00e8s du traitement des infections d'implants d\u00e9pend d'un diagnostic microbiologique pr\u00e9cis. Comme les micro-organismes forment des biofilms sur les parties non corporelles, ils sont souvent difficiles \u00e0 d\u00e9tecter dans les tissus environnants. Le traitement est donc limit\u00e9.<br \/>\n  Le bain \u00e0 ultrasons sp\u00e9cial BactoSonic permet d'\u00e9liminer en douceur les biofilms de la surface d'un implant infect\u00e9. Par rapport aux autres bains \u00e0 ultrasons, l'appareil fonctionne avec des ultrasons de basse fr\u00e9quence et de faible intensit\u00e9. Ainsi, les micro-organismes d\u00e9tach\u00e9s ne sont pas d\u00e9truits, mais conserv\u00e9s pour l'analyse mircobiologique ult\u00e9rieure.<br \/>\n  Conform\u00e9ment \u00e0 la proc\u00e9dure scientifiquement fond\u00e9e, l'implant est plac\u00e9 dans une bo\u00eete fournie, recouvert de liquide et sonifi\u00e9 dans le bain sp\u00e9cial \u00e0 ultrasons BactoSonic. Le liquide obtenu est trait\u00e9 microbiologiquement et la quantit\u00e9 de bact\u00e9ries est indiqu\u00e9e quantitativement. Il est possible de d\u00e9tecter jusqu'\u00e0 10.000 fois plus de bact\u00e9ries qu'avec les m\u00e9thodes habituelles, telles que les biopsies de tissus p\u00e9riproth\u00e9tiques. Les infections mixtes et les diff\u00e9rents morphotypes de bact\u00e9ries sont plus facilement d\u00e9tectables. La sensibilit\u00e9 est particuli\u00e8rement am\u00e9lior\u00e9e chez les patients ayant d\u00e9j\u00e0 suivi une antibioth\u00e9rapie.<\/p>\n<p>  Kit pr\u00eat \u00e0 l'emploi<br \/>\n  \"BactoSonic BS 14.2\" :<br \/>\n  - Bain \u00e0 ultrasons BS 14.2<br \/>\n  - Cadre pour le test de film<br \/>\n  - Instructions de proc\u00e9dure<br \/>\n  - Concentr\u00e9 pour la pr\u00e9paration du liquide de contact<br \/>\n  TICKOPUR R 33 - 250 ml<br \/>\n  - Bo\u00eetes d'implants en polypropyl\u00e8ne<br \/>\n  2 pcs. IB 5 0,52 l<br \/>\n  2 pcs. IB 6 0,6 l<br \/>\n  1 pc. IB 10 1,0 l<br \/>\n  1 pc. IB 18 1,8 l<br \/>\n  1 pc. IB 20 2,0 l<br \/>\n  - Supports de bo\u00eetes BT 5, BT 6, BT 10,<br \/>\n  BT 18 en polycarbonate,<br \/>\n  - Support d'appareil<br \/>\n  GH 14 en acier inoxydable<\/p>","protected":false},"excerpt":{"rendered":"<p>Dimensions int\u00e9rieures : 325 x 300 x 150 mm<\/p>","protected":false},"featured_media":697782,"template":"","meta":{"_acf_changed":false},"product_brand":[],"product_cat":[14224,14225],"product_tag":[11178,14616],"class_list":{"0":"post-697780","1":"product","2":"type-product","3":"status-publish","4":"has-post-thumbnail","6":"product_cat-bactosonic-ultraschallbaeder","7":"product_cat-bactosonic-14-2-ultraschallbad","8":"product_tag-spezialbad","9":"product_tag-bactosonic-ultraschallbaeder-bactosonic-14-2-ultraschallbad","10":"pa_ablauf-kugelhahn-g--linke-seite","11":"pa_arbeitsinhalt-l-95-2","12":"pa_aussenmass-breite-mm-325-2","13":"pa_aussenmass-hoehe-mm-305-2","14":"pa_aussenmass-laenge-mm-355-3","15":"pa_bedienung-drehgriff","16":"pa_bestellnummer-3291-2","17":"pa_betriebsfertiges-set-ja","18":"pa_betriebsspannung-v-230-v--10-50-60-hz","19":"pa_ce-kennzeichnung-in-vitro-diagnostikum-klasse-a-nach-verordnung-eu-2017-746","20":"pa_fuellstandsmarkierung-ja","21":"pa_gehaeusematerial-edelstahl-1-4301","22":"pa_griffe-an-den-seiten-2","23":"pa_inhalt-l-135-3","24":"pa_innenmass-b-mm-300-2","25":"pa_innenmass-l-mm-325-2","26":"pa_innenmass-t-mm-14269","27":"pa_leistungseinstellung-20-40-60-80-100","28":"pa_netzkabel-2-m-fest-am-geraet","29":"pa_schutzgrad-gehaeuse-ip-32-2","30":"pa_ultraschall-frequenz-khz-40-2","31":"pa_ultraschall-nennleistung-w-200-2","32":"pa_ultraschall-spitzenleistung-w-800-2","33":"pa_verpackung-breite-mm-445-2","34":"pa_verpackung-hoehe-mm-380-2","35":"pa_verpackung-laenge-mm-475-2","36":"pa_wannenmaterial-edelstahl-1-4301","37":"pa_wannenstaerke-mm-14553","38":"pa_zeiteinstellung-min--1-15-min--5--dauerbetrieb","40":"first","41":"instock","42":"taxable","43":"shipping-taxable","44":"purchasable","45":"product-type-simple"},"acf":[],"yoast_head":"<!-- This site is optimized with the Yoast SEO plugin v27.6 - https:\/\/yoast.com\/product\/yoast-seo-wordpress\/ -->\n<title>BactoSonic BS 14.2 Set Ultraschallbad | BANDELIN electronic GmbH &amp; Co. KG<\/title>\n<meta name=\"description\" content=\"Informationen Sie sich \u00fcber BactoSonic BS 14.2 Set Ultraschallbad | Hochwertige Ultraschallb\u00e4der f\u00fcr Medizin und Industrie von Bandelin Electronic seit 1955.\" \/>\n<meta name=\"robots\" content=\"index, follow, max-snippet:-1, max-image-preview:large, max-video-preview:-1\" \/>\n<link rel=\"canonical\" href=\"https:\/\/bandelin.com\/fr\/boutique\/bactosonic-bacs-a-ultrasons\/bactosonic-14-2-bain-a-ultrasons\/bactosonic-bs-14-2-set-bain-a-ultrasons\/\" \/>\n<meta property=\"og:locale\" content=\"fr_FR\" \/>\n<meta property=\"og:type\" content=\"article\" \/>\n<meta property=\"og:title\" content=\"BactoSonic BS 14.2 Set Ultraschallbad | BANDELIN electronic GmbH &amp; Co. KG\" \/>\n<meta property=\"og:description\" content=\"Informationen Sie sich \u00fcber BactoSonic BS 14.2 Set Ultraschallbad | Hochwertige Ultraschallb\u00e4der f\u00fcr Medizin und Industrie von Bandelin Electronic seit 1955.\" \/>\n<meta property=\"og:url\" content=\"https:\/\/bandelin.com\/fr\/boutique\/bactosonic-bacs-a-ultrasons\/bactosonic-14-2-bain-a-ultrasons\/bactosonic-bs-14-2-set-bain-a-ultrasons\/\" \/>\n<meta property=\"og:site_name\" content=\"BANDELIN electronic GmbH &amp; Co. KG\" \/>\n<meta property=\"article:publisher\" content=\"https:\/\/de-de.facebook.com\/bandelin.electronic\/\" \/>\n<meta property=\"article:modified_time\" content=\"2026-05-13T01:10:03+00:00\" \/>\n<meta property=\"og:image\" content=\"https:\/\/bandelin.com\/wp-content\/uploads\/Produktfoto_Bactosonic_2-4-scaled.jpg\" \/>\n\t<meta property=\"og:image:width\" content=\"2048\" \/>\n\t<meta property=\"og:image:height\" content=\"2048\" \/>\n\t<meta property=\"og:image:type\" content=\"image\/jpeg\" \/>\n<meta name=\"twitter:card\" content=\"summary_large_image\" \/>\n<meta name=\"twitter:label1\" content=\"Dur\u00e9e de lecture estim\u00e9e\" \/>\n\t<meta name=\"twitter:data1\" content=\"1 minute\" \/>\n<script type=\"application\/ld+json\" class=\"yoast-schema-graph\">{\"@context\":\"https:\\\/\\\/schema.org\",\"@graph\":[{\"@type\":\"WebPage\",\"@id\":\"https:\\\/\\\/bandelin.com\\\/shop\\\/bactosonic-ultraschallbaeder\\\/bactosonic-14-2-ultraschallbad\\\/bactosonic-bs-14-2-set-ultraschallbad\\\/\",\"url\":\"https:\\\/\\\/bandelin.com\\\/shop\\\/bactosonic-ultraschallbaeder\\\/bactosonic-14-2-ultraschallbad\\\/bactosonic-bs-14-2-set-ultraschallbad\\\/\",\"name\":\"BactoSonic BS 14.2 Set Ultraschallbad | BANDELIN electronic GmbH &amp; Co. KG\",\"isPartOf\":{\"@id\":\"https:\\\/\\\/bvted2iv.myrdbx.io\\\/#website\"},\"primaryImageOfPage\":{\"@id\":\"https:\\\/\\\/bandelin.com\\\/shop\\\/bactosonic-ultraschallbaeder\\\/bactosonic-14-2-ultraschallbad\\\/bactosonic-bs-14-2-set-ultraschallbad\\\/#primaryimage\"},\"image\":{\"@id\":\"https:\\\/\\\/bandelin.com\\\/shop\\\/bactosonic-ultraschallbaeder\\\/bactosonic-14-2-ultraschallbad\\\/bactosonic-bs-14-2-set-ultraschallbad\\\/#primaryimage\"},\"thumbnailUrl\":\"https:\\\/\\\/bandelin.com\\\/wp-content\\\/uploads\\\/Produktfoto_Bactosonic_2-4-scaled.jpg\",\"datePublished\":\"2026-05-07T19:29:39+00:00\",\"dateModified\":\"2026-05-13T01:10:03+00:00\",\"description\":\"Informationen Sie sich \u00fcber BactoSonic BS 14.2 Set Ultraschallbad | Hochwertige Ultraschallb\u00e4der f\u00fcr Medizin und Industrie von Bandelin Electronic seit 1955.\",\"breadcrumb\":{\"@id\":\"https:\\\/\\\/bandelin.com\\\/shop\\\/bactosonic-ultraschallbaeder\\\/bactosonic-14-2-ultraschallbad\\\/bactosonic-bs-14-2-set-ultraschallbad\\\/#breadcrumb\"},\"inLanguage\":\"fr-FR\",\"potentialAction\":[{\"@type\":\"ReadAction\",\"target\":[\"https:\\\/\\\/bandelin.com\\\/shop\\\/bactosonic-ultraschallbaeder\\\/bactosonic-14-2-ultraschallbad\\\/bactosonic-bs-14-2-set-ultraschallbad\\\/\"]}]},{\"@type\":\"ImageObject\",\"inLanguage\":\"fr-FR\",\"@id\":\"https:\\\/\\\/bandelin.com\\\/shop\\\/bactosonic-ultraschallbaeder\\\/bactosonic-14-2-ultraschallbad\\\/bactosonic-bs-14-2-set-ultraschallbad\\\/#primaryimage\",\"url\":\"https:\\\/\\\/bandelin.com\\\/wp-content\\\/uploads\\\/Produktfoto_Bactosonic_2-4-scaled.jpg\",\"contentUrl\":\"https:\\\/\\\/bandelin.com\\\/wp-content\\\/uploads\\\/Produktfoto_Bactosonic_2-4-scaled.jpg\",\"width\":2048,\"height\":2048,\"caption\":\"BactoSonic BS 14.2 Set Ultraschallbad Bild\"},{\"@type\":\"BreadcrumbList\",\"@id\":\"https:\\\/\\\/bandelin.com\\\/shop\\\/bactosonic-ultraschallbaeder\\\/bactosonic-14-2-ultraschallbad\\\/bactosonic-bs-14-2-set-ultraschallbad\\\/#breadcrumb\",\"itemListElement\":[{\"@type\":\"ListItem\",\"position\":1,\"name\":\"Startseite\",\"item\":\"https:\\\/\\\/bandelin.com\\\/\"},{\"@type\":\"ListItem\",\"position\":2,\"name\":\"Shop\",\"item\":\"https:\\\/\\\/bandelin.com\\\/shop\\\/\"},{\"@type\":\"ListItem\",\"position\":3,\"name\":\"BactoSonic BS 14.2 Set Ultraschallbad\"}]},{\"@type\":\"WebSite\",\"@id\":\"https:\\\/\\\/bvted2iv.myrdbx.io\\\/#website\",\"url\":\"https:\\\/\\\/bvted2iv.myrdbx.io\\\/\",\"name\":\"BANDELIN electronic GmbH & Co. KG\",\"description\":\"Ultraschall seit 1955\",\"publisher\":{\"@id\":\"https:\\\/\\\/bvted2iv.myrdbx.io\\\/#organization\"},\"potentialAction\":[{\"@type\":\"SearchAction\",\"target\":{\"@type\":\"EntryPoint\",\"urlTemplate\":\"https:\\\/\\\/bvted2iv.myrdbx.io\\\/?s={search_term_string}\"},\"query-input\":{\"@type\":\"PropertyValueSpecification\",\"valueRequired\":true,\"valueName\":\"search_term_string\"}}],\"inLanguage\":\"fr-FR\"},{\"@type\":\"Organization\",\"@id\":\"https:\\\/\\\/bvted2iv.myrdbx.io\\\/#organization\",\"name\":\"BANDELIN electronic GmbH & Co. KG\",\"url\":\"https:\\\/\\\/bvted2iv.myrdbx.io\\\/\",\"logo\":{\"@type\":\"ImageObject\",\"inLanguage\":\"fr-FR\",\"@id\":\"https:\\\/\\\/bvted2iv.myrdbx.io\\\/#\\\/schema\\\/logo\\\/image\\\/\",\"url\":\"\",\"contentUrl\":\"\",\"caption\":\"BANDELIN electronic GmbH & Co. KG\"},\"image\":{\"@id\":\"https:\\\/\\\/bvted2iv.myrdbx.io\\\/#\\\/schema\\\/logo\\\/image\\\/\"},\"sameAs\":[\"https:\\\/\\\/de-de.facebook.com\\\/bandelin.electronic\\\/\",\"https:\\\/\\\/www.instagram.com\\\/bandelin_ultrasonic\\\/?hl=de\",\"https:\\\/\\\/www.linkedin.com\\\/company\\\/bandelin-electronic-gmbh-amp-co-kg\",\"https:\\\/\\\/www.youtube.com\\\/channel\\\/UC5wTNrNxkwMmX-WzysQqw3g\"]}]}<\/script>\n<!-- \/ Yoast SEO plugin. -->","yoast_head_json":{"title":"BactoSonic BS 14.2 Set bain \u00e0 ultrasons | BANDELIN electronic GmbH &amp; Co. KG","description":"Informations sur BactoSonic BS 14.2 Set Bain \u00e0 ultrasons | Bains \u00e0 ultrasons de haute qualit\u00e9 pour la m\u00e9decine et l'industrie de Bandelin Electronic depuis 1955.","robots":{"index":"index","follow":"follow","max-snippet":"max-snippet:-1","max-image-preview":"max-image-preview:large","max-video-preview":"max-video-preview:-1"},"canonical":"https:\/\/bandelin.com\/fr\/boutique\/bactosonic-bacs-a-ultrasons\/bactosonic-14-2-bain-a-ultrasons\/bactosonic-bs-14-2-set-bain-a-ultrasons\/","og_locale":"fr_FR","og_type":"article","og_title":"BactoSonic BS 14.2 Set Ultraschallbad | BANDELIN electronic GmbH &amp; Co. KG","og_description":"Informationen Sie sich \u00fcber BactoSonic BS 14.2 Set Ultraschallbad | Hochwertige Ultraschallb\u00e4der f\u00fcr Medizin und Industrie von Bandelin Electronic seit 1955.","og_url":"https:\/\/bandelin.com\/fr\/boutique\/bactosonic-bacs-a-ultrasons\/bactosonic-14-2-bain-a-ultrasons\/bactosonic-bs-14-2-set-bain-a-ultrasons\/","og_site_name":"BANDELIN electronic GmbH &amp; Co. KG","article_publisher":"https:\/\/de-de.facebook.com\/bandelin.electronic\/","article_modified_time":"2026-05-13T01:10:03+00:00","og_image":[{"width":2048,"height":2048,"url":"https:\/\/bandelin.com\/wp-content\/uploads\/Produktfoto_Bactosonic_2-4-scaled.jpg","type":"image\/jpeg"}],"twitter_card":"summary_large_image","twitter_misc":{"Dur\u00e9e de lecture estim\u00e9e":"1 minute"},"schema":{"@context":"https:\/\/schema.org","@graph":[{"@type":"WebPage","@id":"https:\/\/bandelin.com\/shop\/bactosonic-ultraschallbaeder\/bactosonic-14-2-ultraschallbad\/bactosonic-bs-14-2-set-ultraschallbad\/","url":"https:\/\/bandelin.com\/shop\/bactosonic-ultraschallbaeder\/bactosonic-14-2-ultraschallbad\/bactosonic-bs-14-2-set-ultraschallbad\/","name":"BactoSonic BS 14.2 Set bain \u00e0 ultrasons | BANDELIN electronic GmbH &amp; Co. KG","isPartOf":{"@id":"https:\/\/bvted2iv.myrdbx.io\/#website"},"primaryImageOfPage":{"@id":"https:\/\/bandelin.com\/shop\/bactosonic-ultraschallbaeder\/bactosonic-14-2-ultraschallbad\/bactosonic-bs-14-2-set-ultraschallbad\/#primaryimage"},"image":{"@id":"https:\/\/bandelin.com\/shop\/bactosonic-ultraschallbaeder\/bactosonic-14-2-ultraschallbad\/bactosonic-bs-14-2-set-ultraschallbad\/#primaryimage"},"thumbnailUrl":"https:\/\/bandelin.com\/wp-content\/uploads\/Produktfoto_Bactosonic_2-4-scaled.jpg","datePublished":"2026-05-07T19:29:39+00:00","dateModified":"2026-05-13T01:10:03+00:00","description":"Informations sur BactoSonic BS 14.2 Set Bain \u00e0 ultrasons | Bains \u00e0 ultrasons de haute qualit\u00e9 pour la m\u00e9decine et l'industrie de Bandelin Electronic depuis 1955.","breadcrumb":{"@id":"https:\/\/bandelin.com\/shop\/bactosonic-ultraschallbaeder\/bactosonic-14-2-ultraschallbad\/bactosonic-bs-14-2-set-ultraschallbad\/#breadcrumb"},"inLanguage":"fr-FR","potentialAction":[{"@type":"ReadAction","target":["https:\/\/bandelin.com\/shop\/bactosonic-ultraschallbaeder\/bactosonic-14-2-ultraschallbad\/bactosonic-bs-14-2-set-ultraschallbad\/"]}]},{"@type":"ImageObject","inLanguage":"fr-FR","@id":"https:\/\/bandelin.com\/shop\/bactosonic-ultraschallbaeder\/bactosonic-14-2-ultraschallbad\/bactosonic-bs-14-2-set-ultraschallbad\/#primaryimage","url":"https:\/\/bandelin.com\/wp-content\/uploads\/Produktfoto_Bactosonic_2-4-scaled.jpg","contentUrl":"https:\/\/bandelin.com\/wp-content\/uploads\/Produktfoto_Bactosonic_2-4-scaled.jpg","width":2048,"height":2048,"caption":"BactoSonic BS 14.2 Set Ultraschallbad Bild"},{"@type":"BreadcrumbList","@id":"https:\/\/bandelin.com\/shop\/bactosonic-ultraschallbaeder\/bactosonic-14-2-ultraschallbad\/bactosonic-bs-14-2-set-ultraschallbad\/#breadcrumb","itemListElement":[{"@type":"ListItem","position":1,"name":"Startseite","item":"https:\/\/bandelin.com\/"},{"@type":"ListItem","position":2,"name":"Shop","item":"https:\/\/bandelin.com\/shop\/"},{"@type":"ListItem","position":3,"name":"BactoSonic BS 14.2 Set Ultraschallbad"}]},{"@type":"WebSite","@id":"https:\/\/bvted2iv.myrdbx.io\/#website","url":"https:\/\/bvted2iv.myrdbx.io\/","name":"BANDELIN electronic GmbH &amp; Co. KG","description":"Les ultrasons depuis 1955","publisher":{"@id":"https:\/\/bvted2iv.myrdbx.io\/#organization"},"potentialAction":[{"@type":"SearchAction","target":{"@type":"EntryPoint","urlTemplate":"https:\/\/bvted2iv.myrdbx.io\/?s={search_term_string}"},"query-input":{"@type":"PropertyValueSpecification","valueRequired":true,"valueName":"search_term_string"}}],"inLanguage":"fr-FR"},{"@type":"Organization","@id":"https:\/\/bvted2iv.myrdbx.io\/#organization","name":"BANDELIN electronic GmbH &amp; Co. KG","url":"https:\/\/bvted2iv.myrdbx.io\/","logo":{"@type":"ImageObject","inLanguage":"fr-FR","@id":"https:\/\/bvted2iv.myrdbx.io\/#\/schema\/logo\/image\/","url":"","contentUrl":"","caption":"BANDELIN electronic GmbH & Co. KG"},"image":{"@id":"https:\/\/bvted2iv.myrdbx.io\/#\/schema\/logo\/image\/"},"sameAs":["https:\/\/de-de.facebook.com\/bandelin.electronic\/","https:\/\/www.instagram.com\/bandelin_ultrasonic\/?hl=de","https:\/\/www.linkedin.com\/company\/bandelin-electronic-gmbh-amp-co-kg","https:\/\/www.youtube.com\/channel\/UC5wTNrNxkwMmX-WzysQqw3g"]}]}},"_links":{"self":[{"href":"https:\/\/bandelin.com\/fr\/wp-json\/wp\/v2\/product\/697780","targetHints":{"allow":["GET"]}}],"collection":[{"href":"https:\/\/bandelin.com\/fr\/wp-json\/wp\/v2\/product"}],"about":[{"href":"https:\/\/bandelin.com\/fr\/wp-json\/wp\/v2\/types\/product"}],"version-history":[{"count":2,"href":"https:\/\/bandelin.com\/fr\/wp-json\/wp\/v2\/product\/697780\/revisions"}],"predecessor-version":[{"id":697783,"href":"https:\/\/bandelin.com\/fr\/wp-json\/wp\/v2\/product\/697780\/revisions\/697783"}],"wp:featuredmedia":[{"embeddable":true,"href":"https:\/\/bandelin.com\/fr\/wp-json\/wp\/v2\/media\/697782"}],"wp:attachment":[{"href":"https:\/\/bandelin.com\/fr\/wp-json\/wp\/v2\/media?parent=697780"}],"wp:term":[{"taxonomy":"product_brand","embeddable":true,"href":"https:\/\/bandelin.com\/fr\/wp-json\/wp\/v2\/product_brand?post=697780"},{"taxonomy":"product_cat","embeddable":true,"href":"https:\/\/bandelin.com\/fr\/wp-json\/wp\/v2\/product_cat?post=697780"},{"taxonomy":"product_tag","embeddable":true,"href":"https:\/\/bandelin.com\/fr\/wp-json\/wp\/v2\/product_tag?post=697780"}],"curies":[{"name":"wp","href":"https:\/\/api.w.org\/{rel}","templated":true}]}}