{"id":697803,"date":"2026-05-07T21:30:20","date_gmt":"2026-05-07T19:30:20","guid":{"rendered":"https:\/\/bandelin.com\/shop\/unkategorisiert\/trison-tt-4000-xi-r-twist-bewegungseinheit-rechtsversion\/"},"modified":"2026-05-12T01:55:53","modified_gmt":"2026-05-11T23:55:53","slug":"trison-tt-4000-xi-r-twist-unite-de-mouvement-version-droite","status":"publish","type":"product","link":"https:\/\/bandelin.com\/fr\/shop\/trison-ultraschallbaeder\/zubehoer-trison-ultraschallbaeder\/trison-tt-4000-xi-r-twist-bewegungseinheit-rechtsversion\/","title":{"rendered":"TRISON TT 4000 Xi, unit\u00e9 de mouvement R Twist, version droite"},"content":{"rendered":"<p>Unit\u00e9 de d\u00e9placement pour max. 4 instruments robotiques Xi ; version droite adapt\u00e9e aux bains \u00e0 ultrasons TRISON 4000.2 Xi-R<br \/>\n  Utilisation avec le bras pivotant TRISON Lift<\/p>\n<p>  L'unit\u00e9 de mouvement TRISON Twist est \u00e9quip\u00e9e d'entra\u00eeneurs sp\u00e9ciaux mont\u00e9s sur ressorts qui s'enclenchent sur la face inf\u00e9rieure des instruments et les d\u00e9placent pendant l'irradiation. Les outils de travail chirurgicaux sont tourn\u00e9s et actionn\u00e9s \u00e0 l'extr\u00e9mit\u00e9 pour une action ultrasonique sur tous les c\u00f4t\u00e9s. Des embrayages \u00e0 friction int\u00e9gr\u00e9s \u00e9vitent d'endommager les c\u00e2bles de traction et les poulies d'entra\u00eenement filigranes.<\/p>","protected":false},"excerpt":{"rendered":"<p>Bewegungseinheit f\u00fcr max. 4 \u0084Xi\u0093-Robotik-Instrumente; Rechtsversion passend zu Ultraschallb\u00e4dern TRISON 4000.2 Xi-R Verwendung mit Schwenkarm TRISON Lift Die Bewegungseinheit TRISON Twist ist mit speziellen, federnd gelagerten Mitnehmern ausgestattet, die an der Unterseite der Instrumente einrasten und diese w\u00e4hrend der Beschallung bewegen. Die chirurgischen Arbeitswerkzeuge werden an der Spitze f\u00fcr eine allseitige \u00adUltraschall-Wirkung gedreht und bet\u00e4tigt. [&hellip;]<\/p>\n","protected":false},"featured_media":697805,"template":"","meta":{"_acf_changed":false},"product_brand":[],"product_cat":[14220,14449],"product_tag":[14618],"class_list":{"0":"post-697803","1":"product","2":"type-product","3":"status-publish","4":"has-post-thumbnail","6":"product_cat-trison-ultraschallbaeder","7":"product_cat-zubehoer-trison-ultraschallbaeder","8":"product_tag-trison-ultraschallbaeder-zubehoer","9":"pa_aussenmass-breite-mm-160-2","10":"pa_aussenmass-hoehe-mm-175-2","11":"pa_aussenmass-laenge-mm-14667","12":"pa_bestellnummer-13117","13":"pa_betriebsspannung-v-24-5","14":"pa_ce-kennzeichnung-medizinprodukte-klasse-i-2017-745-eu-rohs-richtlinie-2011-65-eu","15":"pa_gehaeusematerial-polyoxymethylen-polyurethan-edelstahl-1-4301","16":"pa_schutzgrad-gehaeuse-ip-68","18":"first","19":"onbackorder","20":"taxable","21":"shipping-taxable","22":"purchasable","23":"product-type-simple"},"acf":[],"yoast_head":"<!-- This site is optimized with the Yoast SEO plugin v27.6 - https:\/\/yoast.com\/product\/yoast-seo-wordpress\/ -->\n<title>TRISON TT 4000 Xi, R Twist Bewegungseinheit, Rechtsversion | BANDELIN electronic GmbH &amp; Co. KG<\/title>\n<meta name=\"description\" content=\"Informationen Sie sich \u00fcber TRISON TT 4000 Xi, R Twist Bewegungseinheit, Rechtsversion | Hochwertige Ultraschallb\u00e4der f\u00fcr Medizin und Industrie von Bandelin Electronic seit 1955.\" \/>\n<meta name=\"robots\" content=\"index, follow, max-snippet:-1, max-image-preview:large, max-video-preview:-1\" \/>\n<link rel=\"canonical\" href=\"https:\/\/bandelin.com\/fr\/boutique\/trison-bains-a-ultrasons\/accessoires-pour-les-bains-a-ultrasons-trison\/trison-tt-4000-xi-r-twist-unite-de-mouvement-version-droite\/\" \/>\n<meta property=\"og:locale\" content=\"fr_FR\" \/>\n<meta property=\"og:type\" content=\"article\" \/>\n<meta property=\"og:title\" content=\"TRISON TT 4000 Xi, R Twist Bewegungseinheit, Rechtsversion | BANDELIN electronic GmbH &amp; Co. KG\" \/>\n<meta property=\"og:description\" content=\"Informationen Sie sich \u00fcber TRISON TT 4000 Xi, R Twist Bewegungseinheit, Rechtsversion | Hochwertige Ultraschallb\u00e4der f\u00fcr Medizin und Industrie von Bandelin Electronic seit 1955.\" \/>\n<meta property=\"og:url\" content=\"https:\/\/bandelin.com\/fr\/boutique\/trison-bains-a-ultrasons\/accessoires-pour-les-bains-a-ultrasons-trison\/trison-tt-4000-xi-r-twist-unite-de-mouvement-version-droite\/\" \/>\n<meta property=\"og:site_name\" content=\"BANDELIN electronic GmbH &amp; Co. KG\" \/>\n<meta property=\"article:publisher\" content=\"https:\/\/de-de.facebook.com\/bandelin.electronic\/\" \/>\n<meta property=\"article:modified_time\" content=\"2026-05-11T23:55:53+00:00\" \/>\n<meta property=\"og:image\" content=\"https:\/\/bandelin.com\/wp-content\/uploads\/Produktfoto_Twist_Xi-8-scaled.jpg\" \/>\n\t<meta property=\"og:image:width\" content=\"2048\" \/>\n\t<meta property=\"og:image:height\" content=\"2048\" \/>\n\t<meta property=\"og:image:type\" content=\"image\/jpeg\" \/>\n<meta name=\"twitter:card\" content=\"summary_large_image\" \/>\n<script type=\"application\/ld+json\" class=\"yoast-schema-graph\">{\"@context\":\"https:\\\/\\\/schema.org\",\"@graph\":[{\"@type\":\"WebPage\",\"@id\":\"https:\\\/\\\/bandelin.com\\\/shop\\\/trison-ultraschallbaeder\\\/zubehoer-trison-ultraschallbaeder\\\/trison-tt-4000-xi-r-twist-bewegungseinheit-rechtsversion\\\/\",\"url\":\"https:\\\/\\\/bandelin.com\\\/shop\\\/trison-ultraschallbaeder\\\/zubehoer-trison-ultraschallbaeder\\\/trison-tt-4000-xi-r-twist-bewegungseinheit-rechtsversion\\\/\",\"name\":\"TRISON TT 4000 Xi, R Twist Bewegungseinheit, Rechtsversion | BANDELIN electronic GmbH &amp; Co. KG\",\"isPartOf\":{\"@id\":\"https:\\\/\\\/bvted2iv.myrdbx.io\\\/#website\"},\"primaryImageOfPage\":{\"@id\":\"https:\\\/\\\/bandelin.com\\\/shop\\\/trison-ultraschallbaeder\\\/zubehoer-trison-ultraschallbaeder\\\/trison-tt-4000-xi-r-twist-bewegungseinheit-rechtsversion\\\/#primaryimage\"},\"image\":{\"@id\":\"https:\\\/\\\/bandelin.com\\\/shop\\\/trison-ultraschallbaeder\\\/zubehoer-trison-ultraschallbaeder\\\/trison-tt-4000-xi-r-twist-bewegungseinheit-rechtsversion\\\/#primaryimage\"},\"thumbnailUrl\":\"https:\\\/\\\/bandelin.com\\\/wp-content\\\/uploads\\\/Produktfoto_Twist_Xi-8-scaled.jpg\",\"datePublished\":\"2026-05-07T19:30:20+00:00\",\"dateModified\":\"2026-05-11T23:55:53+00:00\",\"description\":\"Informationen Sie sich \u00fcber TRISON TT 4000 Xi, R Twist Bewegungseinheit, Rechtsversion | Hochwertige Ultraschallb\u00e4der f\u00fcr Medizin und Industrie von Bandelin Electronic seit 1955.\",\"breadcrumb\":{\"@id\":\"https:\\\/\\\/bandelin.com\\\/shop\\\/trison-ultraschallbaeder\\\/zubehoer-trison-ultraschallbaeder\\\/trison-tt-4000-xi-r-twist-bewegungseinheit-rechtsversion\\\/#breadcrumb\"},\"inLanguage\":\"fr-FR\",\"potentialAction\":[{\"@type\":\"ReadAction\",\"target\":[\"https:\\\/\\\/bandelin.com\\\/shop\\\/trison-ultraschallbaeder\\\/zubehoer-trison-ultraschallbaeder\\\/trison-tt-4000-xi-r-twist-bewegungseinheit-rechtsversion\\\/\"]}]},{\"@type\":\"ImageObject\",\"inLanguage\":\"fr-FR\",\"@id\":\"https:\\\/\\\/bandelin.com\\\/shop\\\/trison-ultraschallbaeder\\\/zubehoer-trison-ultraschallbaeder\\\/trison-tt-4000-xi-r-twist-bewegungseinheit-rechtsversion\\\/#primaryimage\",\"url\":\"https:\\\/\\\/bandelin.com\\\/wp-content\\\/uploads\\\/Produktfoto_Twist_Xi-8-scaled.jpg\",\"contentUrl\":\"https:\\\/\\\/bandelin.com\\\/wp-content\\\/uploads\\\/Produktfoto_Twist_Xi-8-scaled.jpg\",\"width\":2048,\"height\":2048,\"caption\":\"TRISON TT 4000 Xi\"},{\"@type\":\"BreadcrumbList\",\"@id\":\"https:\\\/\\\/bandelin.com\\\/shop\\\/trison-ultraschallbaeder\\\/zubehoer-trison-ultraschallbaeder\\\/trison-tt-4000-xi-r-twist-bewegungseinheit-rechtsversion\\\/#breadcrumb\",\"itemListElement\":[{\"@type\":\"ListItem\",\"position\":1,\"name\":\"Startseite\",\"item\":\"https:\\\/\\\/bandelin.com\\\/\"},{\"@type\":\"ListItem\",\"position\":2,\"name\":\"Shop\",\"item\":\"https:\\\/\\\/bandelin.com\\\/shop\\\/\"},{\"@type\":\"ListItem\",\"position\":3,\"name\":\"TRISON TT 4000 Xi, R Twist Bewegungseinheit, Rechtsversion\"}]},{\"@type\":\"WebSite\",\"@id\":\"https:\\\/\\\/bvted2iv.myrdbx.io\\\/#website\",\"url\":\"https:\\\/\\\/bvted2iv.myrdbx.io\\\/\",\"name\":\"BANDELIN electronic GmbH & Co. KG\",\"description\":\"Ultraschall seit 1955\",\"publisher\":{\"@id\":\"https:\\\/\\\/bvted2iv.myrdbx.io\\\/#organization\"},\"potentialAction\":[{\"@type\":\"SearchAction\",\"target\":{\"@type\":\"EntryPoint\",\"urlTemplate\":\"https:\\\/\\\/bvted2iv.myrdbx.io\\\/?s={search_term_string}\"},\"query-input\":{\"@type\":\"PropertyValueSpecification\",\"valueRequired\":true,\"valueName\":\"search_term_string\"}}],\"inLanguage\":\"fr-FR\"},{\"@type\":\"Organization\",\"@id\":\"https:\\\/\\\/bvted2iv.myrdbx.io\\\/#organization\",\"name\":\"BANDELIN electronic GmbH & Co. KG\",\"url\":\"https:\\\/\\\/bvted2iv.myrdbx.io\\\/\",\"logo\":{\"@type\":\"ImageObject\",\"inLanguage\":\"fr-FR\",\"@id\":\"https:\\\/\\\/bvted2iv.myrdbx.io\\\/#\\\/schema\\\/logo\\\/image\\\/\",\"url\":\"\",\"contentUrl\":\"\",\"caption\":\"BANDELIN electronic GmbH & Co. KG\"},\"image\":{\"@id\":\"https:\\\/\\\/bvted2iv.myrdbx.io\\\/#\\\/schema\\\/logo\\\/image\\\/\"},\"sameAs\":[\"https:\\\/\\\/de-de.facebook.com\\\/bandelin.electronic\\\/\",\"https:\\\/\\\/www.instagram.com\\\/bandelin_ultrasonic\\\/?hl=de\",\"https:\\\/\\\/www.linkedin.com\\\/company\\\/bandelin-electronic-gmbh-amp-co-kg\",\"https:\\\/\\\/www.youtube.com\\\/channel\\\/UC5wTNrNxkwMmX-WzysQqw3g\"]}]}<\/script>\n<!-- \/ Yoast SEO plugin. -->","yoast_head_json":{"title":"TRISON TT 4000 Xi, unit\u00e9 de mouvement R Twist, version droite | BANDELIN electronic GmbH &amp; Co. KG","description":"Informations sur TRISON TT 4000 Xi, R Twist unit\u00e9 de mouvement, version droite | Bains \u00e0 ultrasons de haute qualit\u00e9 pour la m\u00e9decine et l'industrie de Bandelin Electronic depuis 1955.","robots":{"index":"index","follow":"follow","max-snippet":"max-snippet:-1","max-image-preview":"max-image-preview:large","max-video-preview":"max-video-preview:-1"},"canonical":"https:\/\/bandelin.com\/fr\/boutique\/trison-bains-a-ultrasons\/accessoires-pour-les-bains-a-ultrasons-trison\/trison-tt-4000-xi-r-twist-unite-de-mouvement-version-droite\/","og_locale":"fr_FR","og_type":"article","og_title":"TRISON TT 4000 Xi, R Twist Bewegungseinheit, Rechtsversion | BANDELIN electronic GmbH &amp; Co. KG","og_description":"Informationen Sie sich \u00fcber TRISON TT 4000 Xi, R Twist Bewegungseinheit, Rechtsversion | Hochwertige Ultraschallb\u00e4der f\u00fcr Medizin und Industrie von Bandelin Electronic seit 1955.","og_url":"https:\/\/bandelin.com\/fr\/boutique\/trison-bains-a-ultrasons\/accessoires-pour-les-bains-a-ultrasons-trison\/trison-tt-4000-xi-r-twist-unite-de-mouvement-version-droite\/","og_site_name":"BANDELIN electronic GmbH &amp; Co. KG","article_publisher":"https:\/\/de-de.facebook.com\/bandelin.electronic\/","article_modified_time":"2026-05-11T23:55:53+00:00","og_image":[{"width":2048,"height":2048,"url":"https:\/\/bandelin.com\/wp-content\/uploads\/Produktfoto_Twist_Xi-8-scaled.jpg","type":"image\/jpeg"}],"twitter_card":"summary_large_image","schema":{"@context":"https:\/\/schema.org","@graph":[{"@type":"WebPage","@id":"https:\/\/bandelin.com\/shop\/trison-ultraschallbaeder\/zubehoer-trison-ultraschallbaeder\/trison-tt-4000-xi-r-twist-bewegungseinheit-rechtsversion\/","url":"https:\/\/bandelin.com\/shop\/trison-ultraschallbaeder\/zubehoer-trison-ultraschallbaeder\/trison-tt-4000-xi-r-twist-bewegungseinheit-rechtsversion\/","name":"TRISON TT 4000 Xi, unit\u00e9 de mouvement R Twist, version droite | BANDELIN electronic GmbH &amp; Co. KG","isPartOf":{"@id":"https:\/\/bvted2iv.myrdbx.io\/#website"},"primaryImageOfPage":{"@id":"https:\/\/bandelin.com\/shop\/trison-ultraschallbaeder\/zubehoer-trison-ultraschallbaeder\/trison-tt-4000-xi-r-twist-bewegungseinheit-rechtsversion\/#primaryimage"},"image":{"@id":"https:\/\/bandelin.com\/shop\/trison-ultraschallbaeder\/zubehoer-trison-ultraschallbaeder\/trison-tt-4000-xi-r-twist-bewegungseinheit-rechtsversion\/#primaryimage"},"thumbnailUrl":"https:\/\/bandelin.com\/wp-content\/uploads\/Produktfoto_Twist_Xi-8-scaled.jpg","datePublished":"2026-05-07T19:30:20+00:00","dateModified":"2026-05-11T23:55:53+00:00","description":"Informations sur TRISON TT 4000 Xi, R Twist unit\u00e9 de mouvement, version droite | Bains \u00e0 ultrasons de haute qualit\u00e9 pour la m\u00e9decine et l'industrie de Bandelin Electronic depuis 1955.","breadcrumb":{"@id":"https:\/\/bandelin.com\/shop\/trison-ultraschallbaeder\/zubehoer-trison-ultraschallbaeder\/trison-tt-4000-xi-r-twist-bewegungseinheit-rechtsversion\/#breadcrumb"},"inLanguage":"fr-FR","potentialAction":[{"@type":"ReadAction","target":["https:\/\/bandelin.com\/shop\/trison-ultraschallbaeder\/zubehoer-trison-ultraschallbaeder\/trison-tt-4000-xi-r-twist-bewegungseinheit-rechtsversion\/"]}]},{"@type":"ImageObject","inLanguage":"fr-FR","@id":"https:\/\/bandelin.com\/shop\/trison-ultraschallbaeder\/zubehoer-trison-ultraschallbaeder\/trison-tt-4000-xi-r-twist-bewegungseinheit-rechtsversion\/#primaryimage","url":"https:\/\/bandelin.com\/wp-content\/uploads\/Produktfoto_Twist_Xi-8-scaled.jpg","contentUrl":"https:\/\/bandelin.com\/wp-content\/uploads\/Produktfoto_Twist_Xi-8-scaled.jpg","width":2048,"height":2048,"caption":"TRISON TT 4000 Xi"},{"@type":"BreadcrumbList","@id":"https:\/\/bandelin.com\/shop\/trison-ultraschallbaeder\/zubehoer-trison-ultraschallbaeder\/trison-tt-4000-xi-r-twist-bewegungseinheit-rechtsversion\/#breadcrumb","itemListElement":[{"@type":"ListItem","position":1,"name":"Startseite","item":"https:\/\/bandelin.com\/"},{"@type":"ListItem","position":2,"name":"Shop","item":"https:\/\/bandelin.com\/shop\/"},{"@type":"ListItem","position":3,"name":"TRISON TT 4000 Xi, R Twist Bewegungseinheit, Rechtsversion"}]},{"@type":"WebSite","@id":"https:\/\/bvted2iv.myrdbx.io\/#website","url":"https:\/\/bvted2iv.myrdbx.io\/","name":"BANDELIN electronic GmbH &amp; Co. KG","description":"Les ultrasons depuis 1955","publisher":{"@id":"https:\/\/bvted2iv.myrdbx.io\/#organization"},"potentialAction":[{"@type":"SearchAction","target":{"@type":"EntryPoint","urlTemplate":"https:\/\/bvted2iv.myrdbx.io\/?s={search_term_string}"},"query-input":{"@type":"PropertyValueSpecification","valueRequired":true,"valueName":"search_term_string"}}],"inLanguage":"fr-FR"},{"@type":"Organization","@id":"https:\/\/bvted2iv.myrdbx.io\/#organization","name":"BANDELIN electronic GmbH &amp; Co. KG","url":"https:\/\/bvted2iv.myrdbx.io\/","logo":{"@type":"ImageObject","inLanguage":"fr-FR","@id":"https:\/\/bvted2iv.myrdbx.io\/#\/schema\/logo\/image\/","url":"","contentUrl":"","caption":"BANDELIN electronic GmbH & Co. KG"},"image":{"@id":"https:\/\/bvted2iv.myrdbx.io\/#\/schema\/logo\/image\/"},"sameAs":["https:\/\/de-de.facebook.com\/bandelin.electronic\/","https:\/\/www.instagram.com\/bandelin_ultrasonic\/?hl=de","https:\/\/www.linkedin.com\/company\/bandelin-electronic-gmbh-amp-co-kg","https:\/\/www.youtube.com\/channel\/UC5wTNrNxkwMmX-WzysQqw3g"]}]}},"_links":{"self":[{"href":"https:\/\/bandelin.com\/fr\/wp-json\/wp\/v2\/product\/697803","targetHints":{"allow":["GET"]}}],"collection":[{"href":"https:\/\/bandelin.com\/fr\/wp-json\/wp\/v2\/product"}],"about":[{"href":"https:\/\/bandelin.com\/fr\/wp-json\/wp\/v2\/types\/product"}],"version-history":[{"count":1,"href":"https:\/\/bandelin.com\/fr\/wp-json\/wp\/v2\/product\/697803\/revisions"}],"predecessor-version":[{"id":697804,"href":"https:\/\/bandelin.com\/fr\/wp-json\/wp\/v2\/product\/697803\/revisions\/697804"}],"wp:featuredmedia":[{"embeddable":true,"href":"https:\/\/bandelin.com\/fr\/wp-json\/wp\/v2\/media\/697805"}],"wp:attachment":[{"href":"https:\/\/bandelin.com\/fr\/wp-json\/wp\/v2\/media?parent=697803"}],"wp:term":[{"taxonomy":"product_brand","embeddable":true,"href":"https:\/\/bandelin.com\/fr\/wp-json\/wp\/v2\/product_brand?post=697803"},{"taxonomy":"product_cat","embeddable":true,"href":"https:\/\/bandelin.com\/fr\/wp-json\/wp\/v2\/product_cat?post=697803"},{"taxonomy":"product_tag","embeddable":true,"href":"https:\/\/bandelin.com\/fr\/wp-json\/wp\/v2\/product_tag?post=697803"}],"curies":[{"name":"wp","href":"https:\/\/api.w.org\/{rel}","templated":true}]}}