{"id":698015,"date":"2026-05-07T21:36:18","date_gmt":"2026-05-07T19:36:18","guid":{"rendered":"https:\/\/bandelin.com\/shop\/unkategorisiert\/sonorex-technik-w-300-ultraschallbad-40-khz\/"},"modified":"2026-05-10T20:27:29","modified_gmt":"2026-05-10T18:27:29","slug":"sonorex-technik-w-300-bain-a-ultrasons-40-khz","status":"publish","type":"product","link":"https:\/\/bandelin.com\/fr\/shop\/sonorex-technik-ultraschallbaeder\/sonorex-technik-w-ultraschallbaeder\/sonorex-technik-w-300-ultraschallbad-40-khz\/","title":{"rendered":"SONOREX TECHNIK W 300 Bain \u00e0 ultrasons, 40 kHz"},"content":{"rendered":"<p>Cuve \u00e0 haut franc-bord - sp\u00e9cialement con\u00e7ue pour la navigation<\/p>\n<p>  La cuve oscillante extra profonde<br \/>\n  emp\u00eache le d\u00e9bordement<br \/>\n  du liquide de nettoyage \u00e0<br \/>\n  Mouvements des navires.<br \/>\n  Pour nettoyer par exemple<\/p>\n<p>  Filtres \u00e0 huile<br \/>\n  Robinetterie<br \/>\n  Culasses<\/p>\n<p>  Pour un nettoyage par ultrasons parfaitement adapt\u00e9, des paniers, des couvercles et des concentr\u00e9s de nettoyage et de d\u00e9sinfection adapt\u00e9s sont disponibles en tant qu'accessoires.<\/p>","protected":false},"excerpt":{"rendered":"<p>Dimensions int\u00e9rieures : 1000 x 500 x 600 mm<\/p>","protected":false},"featured_media":698017,"template":"","meta":{"_acf_changed":false},"product_brand":[],"product_cat":[12497,14259],"product_tag":[12476,14622],"class_list":{"0":"post-698015","1":"product","2":"type-product","3":"status-publish","4":"has-post-thumbnail","6":"product_cat-sonorex-technik-ultraschallbaeder","7":"product_cat-sonorex-technik-w-ultraschallbaeder","8":"product_tag-tief","9":"product_tag-sonorex-technik-ultraschallbaeder-sonorex-technik-w-ultraschallbaeder","10":"pa_ablauf-3-wege-kugelhahn-g-1-inkl-schlauch-und-schlauchtuellen-messing-galvanisch-beschichtet-an-der-linken-seite","11":"pa_arbeitsinhalt-l-14465","12":"pa_aussenmass-breite-mm-12575","13":"pa_aussenmass-hoehe-mm-1000-2","14":"pa_aussenmass-laenge-mm-12574","15":"pa_bedienung-drehgriff","16":"pa_bestellnummer-12654","17":"pa_betriebsspannung-v-400-v3npe-50-60-hz","18":"pa_ce-kennzeichnung-niederspannungsrichtlinie-2014-35-eu-rohs-richtlinie-2011-65-eu-2","19":"pa_einstellb-temp-ber-c-30-80","20":"pa_form-der-wannenecken-rechtwinklig","21":"pa_fuellstandsmarkierung-12549","22":"pa_griffe-an-den-seiten-2","23":"pa_heizleistung-w-12573","24":"pa_inhalt-l-14464","25":"pa_innenmass-b-mm-12392","26":"pa_innenmass-l-mm-12455","27":"pa_innenmass-t-mm-14316","28":"pa_leistungseinstellung-20-100","29":"pa_netzkabel-3-m-fest-am-geraet-mit-drehstromstecker-cekon-16-a","30":"pa_schutzgrad-gehaeuse-ip-32-2","31":"pa_ultraschall-frequenz-khz-40-2","32":"pa_ultraschall-nennleistung-w-12572","33":"pa_ultraschall-spitzenleistung-w-12571","34":"pa_verpackung-breite-mm-600-2","35":"pa_verpackung-hoehe-mm-12655","36":"pa_verpackung-laenge-mm-800-2","37":"pa_wannenboden-gerade","38":"pa_wannenmaterial-edelstahl-1-4404","39":"pa_wannenstaerke-mm-14422","40":"pa_zeiteinstellung-min-1-15-dauerbetrieb","42":"first","43":"onbackorder","44":"taxable","45":"shipping-taxable","46":"purchasable","47":"product-type-simple"},"acf":[],"yoast_head":"<!-- This site is optimized with the Yoast SEO plugin v27.5 - https:\/\/yoast.com\/product\/yoast-seo-wordpress\/ -->\n<title>SONOREX TECHNIK W 300 Ultraschallbad, 40 kHz | BANDELIN electronic GmbH &amp; Co. KG<\/title>\n<meta name=\"description\" content=\"Informationen Sie sich \u00fcber SONOREX TECHNIK W 300 Ultraschallbad, 40 kHz | Hochwertige Ultraschallb\u00e4der f\u00fcr Medizin und Industrie von Bandelin Electronic seit 1955.\" \/>\n<meta name=\"robots\" content=\"index, follow, max-snippet:-1, max-image-preview:large, max-video-preview:-1\" \/>\n<link rel=\"canonical\" href=\"https:\/\/bandelin.com\/fr\/boutique\/sonorex-technik-ultraschtraschallbaeder\/sonorex-technik-w-bains-a-ultrasons\/sonorex-technik-w-300-bain-a-ultrasons-40-khz\/\" \/>\n<meta property=\"og:locale\" content=\"fr_FR\" \/>\n<meta property=\"og:type\" content=\"article\" \/>\n<meta property=\"og:title\" content=\"SONOREX TECHNIK W 300 Ultraschallbad, 40 kHz | BANDELIN electronic GmbH &amp; Co. KG\" \/>\n<meta property=\"og:description\" content=\"Informationen Sie sich \u00fcber SONOREX TECHNIK W 300 Ultraschallbad, 40 kHz | Hochwertige Ultraschallb\u00e4der f\u00fcr Medizin und Industrie von Bandelin Electronic seit 1955.\" \/>\n<meta property=\"og:url\" content=\"https:\/\/bandelin.com\/fr\/boutique\/sonorex-technik-ultraschtraschallbaeder\/sonorex-technik-w-bains-a-ultrasons\/sonorex-technik-w-300-bain-a-ultrasons-40-khz\/\" \/>\n<meta property=\"og:site_name\" content=\"BANDELIN electronic GmbH &amp; Co. KG\" \/>\n<meta property=\"article:publisher\" content=\"https:\/\/de-de.facebook.com\/bandelin.electronic\/\" \/>\n<meta property=\"article:modified_time\" content=\"2026-05-10T18:27:29+00:00\" \/>\n<meta property=\"og:image\" content=\"https:\/\/bandelin.com\/wp-content\/uploads\/Produktfoto_W_300-9-scaled.jpg\" \/>\n\t<meta property=\"og:image:width\" content=\"2048\" \/>\n\t<meta property=\"og:image:height\" content=\"2048\" \/>\n\t<meta property=\"og:image:type\" content=\"image\/jpeg\" \/>\n<meta name=\"twitter:card\" content=\"summary_large_image\" \/>\n<script type=\"application\/ld+json\" class=\"yoast-schema-graph\">{\"@context\":\"https:\\\/\\\/schema.org\",\"@graph\":[{\"@type\":\"WebPage\",\"@id\":\"https:\\\/\\\/bandelin.com\\\/shop\\\/sonorex-technik-ultraschallbaeder\\\/sonorex-technik-w-ultraschallbaeder\\\/sonorex-technik-w-300-ultraschallbad-40-khz\\\/\",\"url\":\"https:\\\/\\\/bandelin.com\\\/shop\\\/sonorex-technik-ultraschallbaeder\\\/sonorex-technik-w-ultraschallbaeder\\\/sonorex-technik-w-300-ultraschallbad-40-khz\\\/\",\"name\":\"SONOREX TECHNIK W 300 Ultraschallbad, 40 kHz | BANDELIN electronic GmbH &amp; Co. KG\",\"isPartOf\":{\"@id\":\"https:\\\/\\\/bvted2iv.myrdbx.io\\\/#website\"},\"primaryImageOfPage\":{\"@id\":\"https:\\\/\\\/bandelin.com\\\/shop\\\/sonorex-technik-ultraschallbaeder\\\/sonorex-technik-w-ultraschallbaeder\\\/sonorex-technik-w-300-ultraschallbad-40-khz\\\/#primaryimage\"},\"image\":{\"@id\":\"https:\\\/\\\/bandelin.com\\\/shop\\\/sonorex-technik-ultraschallbaeder\\\/sonorex-technik-w-ultraschallbaeder\\\/sonorex-technik-w-300-ultraschallbad-40-khz\\\/#primaryimage\"},\"thumbnailUrl\":\"https:\\\/\\\/bandelin.com\\\/wp-content\\\/uploads\\\/Produktfoto_W_300-9-scaled.jpg\",\"datePublished\":\"2026-05-07T19:36:18+00:00\",\"dateModified\":\"2026-05-10T18:27:29+00:00\",\"description\":\"Informationen Sie sich \u00fcber SONOREX TECHNIK W 300 Ultraschallbad, 40 kHz | Hochwertige Ultraschallb\u00e4der f\u00fcr Medizin und Industrie von Bandelin Electronic seit 1955.\",\"breadcrumb\":{\"@id\":\"https:\\\/\\\/bandelin.com\\\/shop\\\/sonorex-technik-ultraschallbaeder\\\/sonorex-technik-w-ultraschallbaeder\\\/sonorex-technik-w-300-ultraschallbad-40-khz\\\/#breadcrumb\"},\"inLanguage\":\"fr-FR\",\"potentialAction\":[{\"@type\":\"ReadAction\",\"target\":[\"https:\\\/\\\/bandelin.com\\\/shop\\\/sonorex-technik-ultraschallbaeder\\\/sonorex-technik-w-ultraschallbaeder\\\/sonorex-technik-w-300-ultraschallbad-40-khz\\\/\"]}]},{\"@type\":\"ImageObject\",\"inLanguage\":\"fr-FR\",\"@id\":\"https:\\\/\\\/bandelin.com\\\/shop\\\/sonorex-technik-ultraschallbaeder\\\/sonorex-technik-w-ultraschallbaeder\\\/sonorex-technik-w-300-ultraschallbad-40-khz\\\/#primaryimage\",\"url\":\"https:\\\/\\\/bandelin.com\\\/wp-content\\\/uploads\\\/Produktfoto_W_300-9-scaled.jpg\",\"contentUrl\":\"https:\\\/\\\/bandelin.com\\\/wp-content\\\/uploads\\\/Produktfoto_W_300-9-scaled.jpg\",\"width\":2048,\"height\":2048,\"caption\":\"SONOREX TECHNIK W 300 Ultraschallbad\"},{\"@type\":\"BreadcrumbList\",\"@id\":\"https:\\\/\\\/bandelin.com\\\/shop\\\/sonorex-technik-ultraschallbaeder\\\/sonorex-technik-w-ultraschallbaeder\\\/sonorex-technik-w-300-ultraschallbad-40-khz\\\/#breadcrumb\",\"itemListElement\":[{\"@type\":\"ListItem\",\"position\":1,\"name\":\"Startseite\",\"item\":\"https:\\\/\\\/bandelin.com\\\/\"},{\"@type\":\"ListItem\",\"position\":2,\"name\":\"Shop\",\"item\":\"https:\\\/\\\/bandelin.com\\\/shop\\\/\"},{\"@type\":\"ListItem\",\"position\":3,\"name\":\"SONOREX TECHNIK W 300 Ultraschallbad, 40 kHz\"}]},{\"@type\":\"WebSite\",\"@id\":\"https:\\\/\\\/bvted2iv.myrdbx.io\\\/#website\",\"url\":\"https:\\\/\\\/bvted2iv.myrdbx.io\\\/\",\"name\":\"BANDELIN electronic GmbH & Co. KG\",\"description\":\"Ultraschall seit 1955\",\"publisher\":{\"@id\":\"https:\\\/\\\/bvted2iv.myrdbx.io\\\/#organization\"},\"potentialAction\":[{\"@type\":\"SearchAction\",\"target\":{\"@type\":\"EntryPoint\",\"urlTemplate\":\"https:\\\/\\\/bvted2iv.myrdbx.io\\\/?s={search_term_string}\"},\"query-input\":{\"@type\":\"PropertyValueSpecification\",\"valueRequired\":true,\"valueName\":\"search_term_string\"}}],\"inLanguage\":\"fr-FR\"},{\"@type\":\"Organization\",\"@id\":\"https:\\\/\\\/bvted2iv.myrdbx.io\\\/#organization\",\"name\":\"BANDELIN electronic GmbH & Co. KG\",\"url\":\"https:\\\/\\\/bvted2iv.myrdbx.io\\\/\",\"logo\":{\"@type\":\"ImageObject\",\"inLanguage\":\"fr-FR\",\"@id\":\"https:\\\/\\\/bvted2iv.myrdbx.io\\\/#\\\/schema\\\/logo\\\/image\\\/\",\"url\":\"\",\"contentUrl\":\"\",\"caption\":\"BANDELIN electronic GmbH & Co. KG\"},\"image\":{\"@id\":\"https:\\\/\\\/bvted2iv.myrdbx.io\\\/#\\\/schema\\\/logo\\\/image\\\/\"},\"sameAs\":[\"https:\\\/\\\/de-de.facebook.com\\\/bandelin.electronic\\\/\",\"https:\\\/\\\/www.instagram.com\\\/bandelin_ultrasonic\\\/?hl=de\",\"https:\\\/\\\/www.linkedin.com\\\/company\\\/bandelin-electronic-gmbh-amp-co-kg\",\"https:\\\/\\\/www.youtube.com\\\/channel\\\/UC5wTNrNxkwMmX-WzysQqw3g\"]}]}<\/script>\n<!-- \/ Yoast SEO plugin. -->","yoast_head_json":{"title":"SONOREX TECHNIK W 300 Bain \u00e0 ultrasons, 40 kHz | BANDELIN electronic GmbH &amp; Co. KG","description":"Informations sur SONOREX TECHNIK W 300 Bain \u00e0 ultrasons, 40 kHz | Bains \u00e0 ultrasons de haute qualit\u00e9 pour la m\u00e9decine et l'industrie de Bandelin Electronic depuis 1955.","robots":{"index":"index","follow":"follow","max-snippet":"max-snippet:-1","max-image-preview":"max-image-preview:large","max-video-preview":"max-video-preview:-1"},"canonical":"https:\/\/bandelin.com\/fr\/boutique\/sonorex-technik-ultraschtraschallbaeder\/sonorex-technik-w-bains-a-ultrasons\/sonorex-technik-w-300-bain-a-ultrasons-40-khz\/","og_locale":"fr_FR","og_type":"article","og_title":"SONOREX TECHNIK W 300 Ultraschallbad, 40 kHz | BANDELIN electronic GmbH &amp; Co. KG","og_description":"Informationen Sie sich \u00fcber SONOREX TECHNIK W 300 Ultraschallbad, 40 kHz | Hochwertige Ultraschallb\u00e4der f\u00fcr Medizin und Industrie von Bandelin Electronic seit 1955.","og_url":"https:\/\/bandelin.com\/fr\/boutique\/sonorex-technik-ultraschtraschallbaeder\/sonorex-technik-w-bains-a-ultrasons\/sonorex-technik-w-300-bain-a-ultrasons-40-khz\/","og_site_name":"BANDELIN electronic GmbH &amp; Co. KG","article_publisher":"https:\/\/de-de.facebook.com\/bandelin.electronic\/","article_modified_time":"2026-05-10T18:27:29+00:00","og_image":[{"width":2048,"height":2048,"url":"https:\/\/bandelin.com\/wp-content\/uploads\/Produktfoto_W_300-9-scaled.jpg","type":"image\/jpeg"}],"twitter_card":"summary_large_image","schema":{"@context":"https:\/\/schema.org","@graph":[{"@type":"WebPage","@id":"https:\/\/bandelin.com\/shop\/sonorex-technik-ultraschallbaeder\/sonorex-technik-w-ultraschallbaeder\/sonorex-technik-w-300-ultraschallbad-40-khz\/","url":"https:\/\/bandelin.com\/shop\/sonorex-technik-ultraschallbaeder\/sonorex-technik-w-ultraschallbaeder\/sonorex-technik-w-300-ultraschallbad-40-khz\/","name":"SONOREX TECHNIK W 300 Bain \u00e0 ultrasons, 40 kHz | BANDELIN electronic GmbH &amp; Co. KG","isPartOf":{"@id":"https:\/\/bvted2iv.myrdbx.io\/#website"},"primaryImageOfPage":{"@id":"https:\/\/bandelin.com\/shop\/sonorex-technik-ultraschallbaeder\/sonorex-technik-w-ultraschallbaeder\/sonorex-technik-w-300-ultraschallbad-40-khz\/#primaryimage"},"image":{"@id":"https:\/\/bandelin.com\/shop\/sonorex-technik-ultraschallbaeder\/sonorex-technik-w-ultraschallbaeder\/sonorex-technik-w-300-ultraschallbad-40-khz\/#primaryimage"},"thumbnailUrl":"https:\/\/bandelin.com\/wp-content\/uploads\/Produktfoto_W_300-9-scaled.jpg","datePublished":"2026-05-07T19:36:18+00:00","dateModified":"2026-05-10T18:27:29+00:00","description":"Informations sur SONOREX TECHNIK W 300 Bain \u00e0 ultrasons, 40 kHz | Bains \u00e0 ultrasons de haute qualit\u00e9 pour la m\u00e9decine et l'industrie de Bandelin Electronic depuis 1955.","breadcrumb":{"@id":"https:\/\/bandelin.com\/shop\/sonorex-technik-ultraschallbaeder\/sonorex-technik-w-ultraschallbaeder\/sonorex-technik-w-300-ultraschallbad-40-khz\/#breadcrumb"},"inLanguage":"fr-FR","potentialAction":[{"@type":"ReadAction","target":["https:\/\/bandelin.com\/shop\/sonorex-technik-ultraschallbaeder\/sonorex-technik-w-ultraschallbaeder\/sonorex-technik-w-300-ultraschallbad-40-khz\/"]}]},{"@type":"ImageObject","inLanguage":"fr-FR","@id":"https:\/\/bandelin.com\/shop\/sonorex-technik-ultraschallbaeder\/sonorex-technik-w-ultraschallbaeder\/sonorex-technik-w-300-ultraschallbad-40-khz\/#primaryimage","url":"https:\/\/bandelin.com\/wp-content\/uploads\/Produktfoto_W_300-9-scaled.jpg","contentUrl":"https:\/\/bandelin.com\/wp-content\/uploads\/Produktfoto_W_300-9-scaled.jpg","width":2048,"height":2048,"caption":"SONOREX TECHNIK W 300 Ultraschallbad"},{"@type":"BreadcrumbList","@id":"https:\/\/bandelin.com\/shop\/sonorex-technik-ultraschallbaeder\/sonorex-technik-w-ultraschallbaeder\/sonorex-technik-w-300-ultraschallbad-40-khz\/#breadcrumb","itemListElement":[{"@type":"ListItem","position":1,"name":"Startseite","item":"https:\/\/bandelin.com\/"},{"@type":"ListItem","position":2,"name":"Shop","item":"https:\/\/bandelin.com\/shop\/"},{"@type":"ListItem","position":3,"name":"SONOREX TECHNIK W 300 Ultraschallbad, 40 kHz"}]},{"@type":"WebSite","@id":"https:\/\/bvted2iv.myrdbx.io\/#website","url":"https:\/\/bvted2iv.myrdbx.io\/","name":"BANDELIN electronic GmbH &amp; Co. KG","description":"Les ultrasons depuis 1955","publisher":{"@id":"https:\/\/bvted2iv.myrdbx.io\/#organization"},"potentialAction":[{"@type":"SearchAction","target":{"@type":"EntryPoint","urlTemplate":"https:\/\/bvted2iv.myrdbx.io\/?s={search_term_string}"},"query-input":{"@type":"PropertyValueSpecification","valueRequired":true,"valueName":"search_term_string"}}],"inLanguage":"fr-FR"},{"@type":"Organization","@id":"https:\/\/bvted2iv.myrdbx.io\/#organization","name":"BANDELIN electronic GmbH &amp; Co. KG","url":"https:\/\/bvted2iv.myrdbx.io\/","logo":{"@type":"ImageObject","inLanguage":"fr-FR","@id":"https:\/\/bvted2iv.myrdbx.io\/#\/schema\/logo\/image\/","url":"","contentUrl":"","caption":"BANDELIN electronic GmbH & Co. KG"},"image":{"@id":"https:\/\/bvted2iv.myrdbx.io\/#\/schema\/logo\/image\/"},"sameAs":["https:\/\/de-de.facebook.com\/bandelin.electronic\/","https:\/\/www.instagram.com\/bandelin_ultrasonic\/?hl=de","https:\/\/www.linkedin.com\/company\/bandelin-electronic-gmbh-amp-co-kg","https:\/\/www.youtube.com\/channel\/UC5wTNrNxkwMmX-WzysQqw3g"]}]}},"_links":{"self":[{"href":"https:\/\/bandelin.com\/fr\/wp-json\/wp\/v2\/product\/698015","targetHints":{"allow":["GET"]}}],"collection":[{"href":"https:\/\/bandelin.com\/fr\/wp-json\/wp\/v2\/product"}],"about":[{"href":"https:\/\/bandelin.com\/fr\/wp-json\/wp\/v2\/types\/product"}],"version-history":[{"count":2,"href":"https:\/\/bandelin.com\/fr\/wp-json\/wp\/v2\/product\/698015\/revisions"}],"predecessor-version":[{"id":698018,"href":"https:\/\/bandelin.com\/fr\/wp-json\/wp\/v2\/product\/698015\/revisions\/698018"}],"wp:featuredmedia":[{"embeddable":true,"href":"https:\/\/bandelin.com\/fr\/wp-json\/wp\/v2\/media\/698017"}],"wp:attachment":[{"href":"https:\/\/bandelin.com\/fr\/wp-json\/wp\/v2\/media?parent=698015"}],"wp:term":[{"taxonomy":"product_brand","embeddable":true,"href":"https:\/\/bandelin.com\/fr\/wp-json\/wp\/v2\/product_brand?post=698015"},{"taxonomy":"product_cat","embeddable":true,"href":"https:\/\/bandelin.com\/fr\/wp-json\/wp\/v2\/product_cat?post=698015"},{"taxonomy":"product_tag","embeddable":true,"href":"https:\/\/bandelin.com\/fr\/wp-json\/wp\/v2\/product_tag?post=698015"}],"curies":[{"name":"wp","href":"https:\/\/api.w.org\/{rel}","templated":true}]}}