{"id":698253,"date":"2026-05-07T21:42:53","date_gmt":"2026-05-07T19:42:53","guid":{"rendered":"https:\/\/bandelin.com\/shop\/unkategorisiert\/sonorex-technik-rm-212-uh-st-ultraschallbad-mit-ueberlauftasche-und-heizung-40-khz\/"},"modified":"2026-05-12T01:56:52","modified_gmt":"2026-05-11T23:56:52","slug":"sonorex-technik-rm-212-uh-st-bain-a-ultrasons-avec-sac-de-debordement-et-chauffage-40-khz","status":"publish","type":"product","link":"https:\/\/bandelin.com\/fr\/shop\/sonorex-technik-ultraschallbaeder\/sonorex-technik-rm-st-ultraschallbaeder\/sonorex-technik-rm-212-uh-st-ultraschallbad-mit-ueberlauftasche-und-heizung-40-khz\/","title":{"rendered":"SONOREX TECHNIK RM 212 UH-ST Bain \u00e0 ultrasons avec poche de trop-plein et chauffage, 40 kHz"},"content":{"rendered":"<p>Bain de nettoyage \u00e0 ultrasons haute performance avec chauffage pour l'industrie, le service et la maintenance. La cuve oscillante soud\u00e9e en acier inoxydable 1.4404, 2 mm garantit une durabilit\u00e9 maximale, m\u00eame en cas d'utilisation intensive. Une construction modulaire permet les configurations les plus diverses, de la cuve de nettoyage individuelle \u00e0 la cha\u00eene de nettoyage compl\u00e8te. La poche de trop-plein int\u00e9gr\u00e9e permet de raccorder un s\u00e9parateur d'huile pour s\u00e9parer les films d'huile nettoy\u00e9s de la solution de nettoyage.<\/p>\n<p> - Tube de pulv\u00e9risation pour \u00e9liminer les huiles flottantes de la surface du liquide dans la poche de trop-plein<br \/>\n - Contacteur de niveau comme protection contre la marche \u00e0 sec pour le chauffage et le transmetteur \u00e0 ultrasons<br \/>\n - Pieds r\u00e9glables en hauteur<\/p>\n<p> Les angles arrondis de la baignoire sur les c\u00f4t\u00e9s et au fond facilitent le nettoyage de la baignoire. L'accumulation de salet\u00e9 est \u00e9vit\u00e9e. Le montage des \u00e9l\u00e9ments de commande dans la partie sup\u00e9rieure de la cuve facilite l'utilisation des interrupteurs pour les ultrasons et le chauffage. Le fond inclin\u00e9 de la cuve permet d'obtenir de meilleurs r\u00e9sultats de nettoyage gr\u00e2ce \u00e0 une propagation optimale du son. La vidange de la cuve est facilit\u00e9e, l'accumulation de salet\u00e9s et de liquide r\u00e9siduel sur le sol est largement \u00e9vit\u00e9e.<\/p>\n<p> Les bains \u00e0 ultrasons\/de rin\u00e7age avec la d\u00e9signation suppl\u00e9mentaire ...-ST sont \u00e9quip\u00e9s d'une interface (contacts sans potentiel) pour la commande et la surveillance par une commande externe.<br \/>\n Exemples d'applications :<br \/>\n - Commande par relais d'un API ou d'une commande de robot<br \/>\n - Commande au moyen de la tension de commande d'un API ou d'une commande de robot<br \/>\n - Commande par interrupteur manuel et affichage par lampe de signalisation<\/p>\n<p> Pour un nettoyage par ultrasons parfaitement adapt\u00e9, des paniers, des couvercles et des concentr\u00e9s de nettoyage et de d\u00e9sinfection adapt\u00e9s sont disponibles en tant qu'accessoires.<\/p>","protected":false},"excerpt":{"rendered":"<p>dimensions int\u00e9rieures : 750 x 650 x 500\/520 mm<\/p>","protected":false},"featured_media":698255,"template":"","meta":{"_acf_changed":false},"product_brand":[],"product_cat":[14255,12497],"product_tag":[12881,14122,14134,14632],"class_list":{"0":"post-698253","1":"product","2":"type-product","3":"status-publish","4":"has-post-thumbnail","6":"product_cat-sonorex-technik-rm-st-ultraschallbaeder","7":"product_cat-sonorex-technik-ultraschallbaeder","8":"product_tag-rundecken","9":"product_tag-rm-st","10":"product_tag-ultraschallbad","11":"product_tag-sonorex-technik-ultraschallbaeder-sonorex-technik-rm-st-ultraschallbaeder","12":"pa_ablauf-3-wege-kugelhahn-g-1-inkl-schlauch-und-schlauchtuellen-messing-galvanisch-beschichtet-an-der-linken-seite","13":"pa_arbeitsinhalt-l-14474","14":"pa_aussenmass-breite-mm-12955","15":"pa_aussenmass-hoehe-mm-12558","16":"pa_aussenmass-laenge-mm-12590","17":"pa_bedienung-per-schnittstelle","18":"pa_bestellnummer-13946","19":"pa_betriebsspannung-v-400-v3npe-50-60-hz","20":"pa_ce-kennzeichnung-niederspannungsrichtlinie-2014-35-eu-emv-richtlinie-2014-30-eu-rohs-richtlinie-2011-65-eu-2","21":"pa_einstellb-temp-ber-c-30-80","22":"pa_form-der-wannenecken-abgerundet","23":"pa_fuellstandsmarkierung-12954","24":"pa_fuellstandssensor-schwimmerschalter","25":"pa_gehaeusematerial-edelstahl-1-4301","26":"pa_griffe-an-den-seiten-2","27":"pa_heizleistung-w-12573","28":"pa_inhalt-l-14473","29":"pa_innenmass-b-mm-12584","30":"pa_innenmass-l-mm-12583","31":"pa_innenmass-t-mm-500-520","32":"pa_leistungseinstellung-fix","33":"pa_netzkabel-3-m-fest-am-geraet-mit-drehstromstecker-cekon-16-a","34":"pa_schutzgrad-gehaeuse-ip-32-2","35":"pa_spruehrohr-an-der-linken-seite","36":"pa_ueberlauf-kugelhahn-g-1-inkl-schlauchtuelle-messing-galvanisch-beschichtet-an-der-rechten-seite","37":"pa_ueberlauftasche-an-der-rechten-seite","38":"pa_ultraschall-frequenz-khz-40-2","39":"pa_ultraschall-nennleistung-w-2-x-1000","40":"pa_ultraschall-spitzenleistung-w-2-x-4000","41":"pa_verpackung-breite-mm-1000-2","42":"pa_verpackung-hoehe-mm-12216","43":"pa_verpackung-laenge-mm-12344","44":"pa_vol-bis-ueberlauft-l-14741","45":"pa_wannenboden-geneigt","46":"pa_wannenmaterial-edelstahl-1-4404","47":"pa_wannenstaerke-mm-14422","48":"pa_zeiteinstellung-min-1-15-dauerbetrieb","49":"pa_zulauf-3-wege-kugelhahn-g-1-inkl-schlauch-und-schlauchtuellen-an-der-linken-seite-messing-galvanisch-beschichtet","51":"first","52":"onbackorder","53":"taxable","54":"shipping-taxable","55":"purchasable","56":"product-type-simple"},"acf":[],"yoast_head":"<!-- This site is optimized with the Yoast SEO plugin v27.6 - https:\/\/yoast.com\/product\/yoast-seo-wordpress\/ -->\n<title>SONOREX TECHNIK RM 212 UH-ST Ultraschallbad mit \u00dcberlauftasche und Heizung, 40 kHz | BANDELIN electronic GmbH &amp; Co. KG<\/title>\n<meta name=\"description\" content=\"Informationen Sie sich \u00fcber SONOREX TECHNIK RM 212 UH-ST Ultraschallbad mit \u00dcberlauftasche und Heizung, 40 kHz | Hochwertige Ultraschallb\u00e4der f\u00fcr Medizin und Industrie von Bandelin Electronic seit 1955.\" \/>\n<meta name=\"robots\" content=\"index, follow, max-snippet:-1, max-image-preview:large, max-video-preview:-1\" \/>\n<link rel=\"canonical\" href=\"https:\/\/bandelin.com\/fr\/boutique\/sonorex-technik-ultraschtraschallbaeder\/sonorex-technik-rm-st-bains-a-ultrasons\/sonorex-technik-rm-212-uh-st-bain-a-ultrasons-avec-sac-de-debordement-et-chauffage-40-khz\/\" \/>\n<meta property=\"og:locale\" content=\"fr_FR\" \/>\n<meta property=\"og:type\" content=\"article\" \/>\n<meta property=\"og:title\" content=\"SONOREX TECHNIK RM 212 UH-ST Ultraschallbad mit \u00dcberlauftasche und Heizung, 40 kHz | BANDELIN electronic GmbH &amp; Co. KG\" \/>\n<meta property=\"og:description\" content=\"Informationen Sie sich \u00fcber SONOREX TECHNIK RM 212 UH-ST Ultraschallbad mit \u00dcberlauftasche und Heizung, 40 kHz | Hochwertige Ultraschallb\u00e4der f\u00fcr Medizin und Industrie von Bandelin Electronic seit 1955.\" \/>\n<meta property=\"og:url\" content=\"https:\/\/bandelin.com\/fr\/boutique\/sonorex-technik-ultraschtraschallbaeder\/sonorex-technik-rm-st-bains-a-ultrasons\/sonorex-technik-rm-212-uh-st-bain-a-ultrasons-avec-sac-de-debordement-et-chauffage-40-khz\/\" \/>\n<meta property=\"og:site_name\" content=\"BANDELIN electronic GmbH &amp; Co. KG\" \/>\n<meta property=\"article:publisher\" content=\"https:\/\/de-de.facebook.com\/bandelin.electronic\/\" \/>\n<meta property=\"article:modified_time\" content=\"2026-05-11T23:56:52+00:00\" \/>\n<meta property=\"og:image\" content=\"https:\/\/bandelin.com\/wp-content\/uploads\/Produktfoto_RM_212_UH-ST-9.jpg\" \/>\n\t<meta property=\"og:image:width\" content=\"2000\" \/>\n\t<meta property=\"og:image:height\" content=\"2000\" \/>\n\t<meta property=\"og:image:type\" content=\"image\/jpeg\" \/>\n<meta name=\"twitter:card\" content=\"summary_large_image\" \/>\n<meta name=\"twitter:label1\" content=\"Dur\u00e9e de lecture estim\u00e9e\" \/>\n\t<meta name=\"twitter:data1\" content=\"1 minute\" \/>\n<script type=\"application\/ld+json\" class=\"yoast-schema-graph\">{\"@context\":\"https:\\\/\\\/schema.org\",\"@graph\":[{\"@type\":\"WebPage\",\"@id\":\"https:\\\/\\\/bandelin.com\\\/shop\\\/sonorex-technik-ultraschallbaeder\\\/sonorex-technik-rm-st-ultraschallbaeder\\\/sonorex-technik-rm-212-uh-st-ultraschallbad-mit-ueberlauftasche-und-heizung-40-khz\\\/\",\"url\":\"https:\\\/\\\/bandelin.com\\\/shop\\\/sonorex-technik-ultraschallbaeder\\\/sonorex-technik-rm-st-ultraschallbaeder\\\/sonorex-technik-rm-212-uh-st-ultraschallbad-mit-ueberlauftasche-und-heizung-40-khz\\\/\",\"name\":\"SONOREX TECHNIK RM 212 UH-ST Ultraschallbad mit \u00dcberlauftasche und Heizung, 40 kHz | BANDELIN electronic GmbH &amp; Co. KG\",\"isPartOf\":{\"@id\":\"https:\\\/\\\/bvted2iv.myrdbx.io\\\/#website\"},\"primaryImageOfPage\":{\"@id\":\"https:\\\/\\\/bandelin.com\\\/shop\\\/sonorex-technik-ultraschallbaeder\\\/sonorex-technik-rm-st-ultraschallbaeder\\\/sonorex-technik-rm-212-uh-st-ultraschallbad-mit-ueberlauftasche-und-heizung-40-khz\\\/#primaryimage\"},\"image\":{\"@id\":\"https:\\\/\\\/bandelin.com\\\/shop\\\/sonorex-technik-ultraschallbaeder\\\/sonorex-technik-rm-st-ultraschallbaeder\\\/sonorex-technik-rm-212-uh-st-ultraschallbad-mit-ueberlauftasche-und-heizung-40-khz\\\/#primaryimage\"},\"thumbnailUrl\":\"https:\\\/\\\/bandelin.com\\\/wp-content\\\/uploads\\\/Produktfoto_RM_212_UH-ST-9.jpg\",\"datePublished\":\"2026-05-07T19:42:53+00:00\",\"dateModified\":\"2026-05-11T23:56:52+00:00\",\"description\":\"Informationen Sie sich \u00fcber SONOREX TECHNIK RM 212 UH-ST Ultraschallbad mit \u00dcberlauftasche und Heizung, 40 kHz | Hochwertige Ultraschallb\u00e4der f\u00fcr Medizin und Industrie von Bandelin Electronic seit 1955.\",\"breadcrumb\":{\"@id\":\"https:\\\/\\\/bandelin.com\\\/shop\\\/sonorex-technik-ultraschallbaeder\\\/sonorex-technik-rm-st-ultraschallbaeder\\\/sonorex-technik-rm-212-uh-st-ultraschallbad-mit-ueberlauftasche-und-heizung-40-khz\\\/#breadcrumb\"},\"inLanguage\":\"fr-FR\",\"potentialAction\":[{\"@type\":\"ReadAction\",\"target\":[\"https:\\\/\\\/bandelin.com\\\/shop\\\/sonorex-technik-ultraschallbaeder\\\/sonorex-technik-rm-st-ultraschallbaeder\\\/sonorex-technik-rm-212-uh-st-ultraschallbad-mit-ueberlauftasche-und-heizung-40-khz\\\/\"]}]},{\"@type\":\"ImageObject\",\"inLanguage\":\"fr-FR\",\"@id\":\"https:\\\/\\\/bandelin.com\\\/shop\\\/sonorex-technik-ultraschallbaeder\\\/sonorex-technik-rm-st-ultraschallbaeder\\\/sonorex-technik-rm-212-uh-st-ultraschallbad-mit-ueberlauftasche-und-heizung-40-khz\\\/#primaryimage\",\"url\":\"https:\\\/\\\/bandelin.com\\\/wp-content\\\/uploads\\\/Produktfoto_RM_212_UH-ST-9.jpg\",\"contentUrl\":\"https:\\\/\\\/bandelin.com\\\/wp-content\\\/uploads\\\/Produktfoto_RM_212_UH-ST-9.jpg\",\"width\":2000,\"height\":2000,\"caption\":\"SONOREX TECHNIK RM 212 UH-ST Ultraschallbad mit \u00dcberlauftasche und Heizung\"},{\"@type\":\"BreadcrumbList\",\"@id\":\"https:\\\/\\\/bandelin.com\\\/shop\\\/sonorex-technik-ultraschallbaeder\\\/sonorex-technik-rm-st-ultraschallbaeder\\\/sonorex-technik-rm-212-uh-st-ultraschallbad-mit-ueberlauftasche-und-heizung-40-khz\\\/#breadcrumb\",\"itemListElement\":[{\"@type\":\"ListItem\",\"position\":1,\"name\":\"Startseite\",\"item\":\"https:\\\/\\\/bandelin.com\\\/\"},{\"@type\":\"ListItem\",\"position\":2,\"name\":\"Shop\",\"item\":\"https:\\\/\\\/bandelin.com\\\/shop\\\/\"},{\"@type\":\"ListItem\",\"position\":3,\"name\":\"SONOREX TECHNIK RM 212 UH-ST Ultraschallbad mit \u00dcberlauftasche und Heizung, 40 kHz\"}]},{\"@type\":\"WebSite\",\"@id\":\"https:\\\/\\\/bvted2iv.myrdbx.io\\\/#website\",\"url\":\"https:\\\/\\\/bvted2iv.myrdbx.io\\\/\",\"name\":\"BANDELIN electronic GmbH & Co. KG\",\"description\":\"Ultraschall seit 1955\",\"publisher\":{\"@id\":\"https:\\\/\\\/bvted2iv.myrdbx.io\\\/#organization\"},\"potentialAction\":[{\"@type\":\"SearchAction\",\"target\":{\"@type\":\"EntryPoint\",\"urlTemplate\":\"https:\\\/\\\/bvted2iv.myrdbx.io\\\/?s={search_term_string}\"},\"query-input\":{\"@type\":\"PropertyValueSpecification\",\"valueRequired\":true,\"valueName\":\"search_term_string\"}}],\"inLanguage\":\"fr-FR\"},{\"@type\":\"Organization\",\"@id\":\"https:\\\/\\\/bvted2iv.myrdbx.io\\\/#organization\",\"name\":\"BANDELIN electronic GmbH & Co. KG\",\"url\":\"https:\\\/\\\/bvted2iv.myrdbx.io\\\/\",\"logo\":{\"@type\":\"ImageObject\",\"inLanguage\":\"fr-FR\",\"@id\":\"https:\\\/\\\/bvted2iv.myrdbx.io\\\/#\\\/schema\\\/logo\\\/image\\\/\",\"url\":\"\",\"contentUrl\":\"\",\"caption\":\"BANDELIN electronic GmbH & Co. KG\"},\"image\":{\"@id\":\"https:\\\/\\\/bvted2iv.myrdbx.io\\\/#\\\/schema\\\/logo\\\/image\\\/\"},\"sameAs\":[\"https:\\\/\\\/de-de.facebook.com\\\/bandelin.electronic\\\/\",\"https:\\\/\\\/www.instagram.com\\\/bandelin_ultrasonic\\\/?hl=de\",\"https:\\\/\\\/www.linkedin.com\\\/company\\\/bandelin-electronic-gmbh-amp-co-kg\",\"https:\\\/\\\/www.youtube.com\\\/channel\\\/UC5wTNrNxkwMmX-WzysQqw3g\"]}]}<\/script>\n<!-- \/ Yoast SEO plugin. -->","yoast_head_json":{"title":"SONOREX TECHNIK RM 212 UH-ST Bain \u00e0 ultrasons avec poche de trop-plein et chauffage, 40 kHz | BANDELIN electronic GmbH &amp; Co. KG","description":"Informations sur SONOREX TECHNIK RM 212 UH-ST Bain \u00e0 ultrasons avec poche de trop-plein et chauffage, 40 kHz | Bains \u00e0 ultrasons de haute qualit\u00e9 pour la m\u00e9decine et l'industrie de Bandelin Electronic depuis 1955.","robots":{"index":"index","follow":"follow","max-snippet":"max-snippet:-1","max-image-preview":"max-image-preview:large","max-video-preview":"max-video-preview:-1"},"canonical":"https:\/\/bandelin.com\/fr\/boutique\/sonorex-technik-ultraschtraschallbaeder\/sonorex-technik-rm-st-bains-a-ultrasons\/sonorex-technik-rm-212-uh-st-bain-a-ultrasons-avec-sac-de-debordement-et-chauffage-40-khz\/","og_locale":"fr_FR","og_type":"article","og_title":"SONOREX TECHNIK RM 212 UH-ST Ultraschallbad mit \u00dcberlauftasche und Heizung, 40 kHz | BANDELIN electronic GmbH &amp; Co. KG","og_description":"Informationen Sie sich \u00fcber SONOREX TECHNIK RM 212 UH-ST Ultraschallbad mit \u00dcberlauftasche und Heizung, 40 kHz | Hochwertige Ultraschallb\u00e4der f\u00fcr Medizin und Industrie von Bandelin Electronic seit 1955.","og_url":"https:\/\/bandelin.com\/fr\/boutique\/sonorex-technik-ultraschtraschallbaeder\/sonorex-technik-rm-st-bains-a-ultrasons\/sonorex-technik-rm-212-uh-st-bain-a-ultrasons-avec-sac-de-debordement-et-chauffage-40-khz\/","og_site_name":"BANDELIN electronic GmbH &amp; Co. KG","article_publisher":"https:\/\/de-de.facebook.com\/bandelin.electronic\/","article_modified_time":"2026-05-11T23:56:52+00:00","og_image":[{"width":2000,"height":2000,"url":"https:\/\/bandelin.com\/wp-content\/uploads\/Produktfoto_RM_212_UH-ST-9.jpg","type":"image\/jpeg"}],"twitter_card":"summary_large_image","twitter_misc":{"Dur\u00e9e de lecture estim\u00e9e":"1 minute"},"schema":{"@context":"https:\/\/schema.org","@graph":[{"@type":"WebPage","@id":"https:\/\/bandelin.com\/shop\/sonorex-technik-ultraschallbaeder\/sonorex-technik-rm-st-ultraschallbaeder\/sonorex-technik-rm-212-uh-st-ultraschallbad-mit-ueberlauftasche-und-heizung-40-khz\/","url":"https:\/\/bandelin.com\/shop\/sonorex-technik-ultraschallbaeder\/sonorex-technik-rm-st-ultraschallbaeder\/sonorex-technik-rm-212-uh-st-ultraschallbad-mit-ueberlauftasche-und-heizung-40-khz\/","name":"SONOREX TECHNIK RM 212 UH-ST Bain \u00e0 ultrasons avec poche de trop-plein et chauffage, 40 kHz | BANDELIN electronic GmbH &amp; Co. KG","isPartOf":{"@id":"https:\/\/bvted2iv.myrdbx.io\/#website"},"primaryImageOfPage":{"@id":"https:\/\/bandelin.com\/shop\/sonorex-technik-ultraschallbaeder\/sonorex-technik-rm-st-ultraschallbaeder\/sonorex-technik-rm-212-uh-st-ultraschallbad-mit-ueberlauftasche-und-heizung-40-khz\/#primaryimage"},"image":{"@id":"https:\/\/bandelin.com\/shop\/sonorex-technik-ultraschallbaeder\/sonorex-technik-rm-st-ultraschallbaeder\/sonorex-technik-rm-212-uh-st-ultraschallbad-mit-ueberlauftasche-und-heizung-40-khz\/#primaryimage"},"thumbnailUrl":"https:\/\/bandelin.com\/wp-content\/uploads\/Produktfoto_RM_212_UH-ST-9.jpg","datePublished":"2026-05-07T19:42:53+00:00","dateModified":"2026-05-11T23:56:52+00:00","description":"Informations sur SONOREX TECHNIK RM 212 UH-ST Bain \u00e0 ultrasons avec poche de trop-plein et chauffage, 40 kHz | Bains \u00e0 ultrasons de haute qualit\u00e9 pour la m\u00e9decine et l'industrie de Bandelin Electronic depuis 1955.","breadcrumb":{"@id":"https:\/\/bandelin.com\/shop\/sonorex-technik-ultraschallbaeder\/sonorex-technik-rm-st-ultraschallbaeder\/sonorex-technik-rm-212-uh-st-ultraschallbad-mit-ueberlauftasche-und-heizung-40-khz\/#breadcrumb"},"inLanguage":"fr-FR","potentialAction":[{"@type":"ReadAction","target":["https:\/\/bandelin.com\/shop\/sonorex-technik-ultraschallbaeder\/sonorex-technik-rm-st-ultraschallbaeder\/sonorex-technik-rm-212-uh-st-ultraschallbad-mit-ueberlauftasche-und-heizung-40-khz\/"]}]},{"@type":"ImageObject","inLanguage":"fr-FR","@id":"https:\/\/bandelin.com\/shop\/sonorex-technik-ultraschallbaeder\/sonorex-technik-rm-st-ultraschallbaeder\/sonorex-technik-rm-212-uh-st-ultraschallbad-mit-ueberlauftasche-und-heizung-40-khz\/#primaryimage","url":"https:\/\/bandelin.com\/wp-content\/uploads\/Produktfoto_RM_212_UH-ST-9.jpg","contentUrl":"https:\/\/bandelin.com\/wp-content\/uploads\/Produktfoto_RM_212_UH-ST-9.jpg","width":2000,"height":2000,"caption":"SONOREX TECHNIK RM 212 UH-ST Ultraschallbad mit \u00dcberlauftasche und Heizung"},{"@type":"BreadcrumbList","@id":"https:\/\/bandelin.com\/shop\/sonorex-technik-ultraschallbaeder\/sonorex-technik-rm-st-ultraschallbaeder\/sonorex-technik-rm-212-uh-st-ultraschallbad-mit-ueberlauftasche-und-heizung-40-khz\/#breadcrumb","itemListElement":[{"@type":"ListItem","position":1,"name":"Startseite","item":"https:\/\/bandelin.com\/"},{"@type":"ListItem","position":2,"name":"Shop","item":"https:\/\/bandelin.com\/shop\/"},{"@type":"ListItem","position":3,"name":"SONOREX TECHNIK RM 212 UH-ST Ultraschallbad mit \u00dcberlauftasche und Heizung, 40 kHz"}]},{"@type":"WebSite","@id":"https:\/\/bvted2iv.myrdbx.io\/#website","url":"https:\/\/bvted2iv.myrdbx.io\/","name":"BANDELIN electronic GmbH &amp; Co. KG","description":"Les ultrasons depuis 1955","publisher":{"@id":"https:\/\/bvted2iv.myrdbx.io\/#organization"},"potentialAction":[{"@type":"SearchAction","target":{"@type":"EntryPoint","urlTemplate":"https:\/\/bvted2iv.myrdbx.io\/?s={search_term_string}"},"query-input":{"@type":"PropertyValueSpecification","valueRequired":true,"valueName":"search_term_string"}}],"inLanguage":"fr-FR"},{"@type":"Organization","@id":"https:\/\/bvted2iv.myrdbx.io\/#organization","name":"BANDELIN electronic GmbH &amp; Co. KG","url":"https:\/\/bvted2iv.myrdbx.io\/","logo":{"@type":"ImageObject","inLanguage":"fr-FR","@id":"https:\/\/bvted2iv.myrdbx.io\/#\/schema\/logo\/image\/","url":"","contentUrl":"","caption":"BANDELIN electronic GmbH & Co. KG"},"image":{"@id":"https:\/\/bvted2iv.myrdbx.io\/#\/schema\/logo\/image\/"},"sameAs":["https:\/\/de-de.facebook.com\/bandelin.electronic\/","https:\/\/www.instagram.com\/bandelin_ultrasonic\/?hl=de","https:\/\/www.linkedin.com\/company\/bandelin-electronic-gmbh-amp-co-kg","https:\/\/www.youtube.com\/channel\/UC5wTNrNxkwMmX-WzysQqw3g"]}]}},"_links":{"self":[{"href":"https:\/\/bandelin.com\/fr\/wp-json\/wp\/v2\/product\/698253","targetHints":{"allow":["GET"]}}],"collection":[{"href":"https:\/\/bandelin.com\/fr\/wp-json\/wp\/v2\/product"}],"about":[{"href":"https:\/\/bandelin.com\/fr\/wp-json\/wp\/v2\/types\/product"}],"version-history":[{"count":2,"href":"https:\/\/bandelin.com\/fr\/wp-json\/wp\/v2\/product\/698253\/revisions"}],"predecessor-version":[{"id":698257,"href":"https:\/\/bandelin.com\/fr\/wp-json\/wp\/v2\/product\/698253\/revisions\/698257"}],"wp:featuredmedia":[{"embeddable":true,"href":"https:\/\/bandelin.com\/fr\/wp-json\/wp\/v2\/media\/698255"}],"wp:attachment":[{"href":"https:\/\/bandelin.com\/fr\/wp-json\/wp\/v2\/media?parent=698253"}],"wp:term":[{"taxonomy":"product_brand","embeddable":true,"href":"https:\/\/bandelin.com\/fr\/wp-json\/wp\/v2\/product_brand?post=698253"},{"taxonomy":"product_cat","embeddable":true,"href":"https:\/\/bandelin.com\/fr\/wp-json\/wp\/v2\/product_cat?post=698253"},{"taxonomy":"product_tag","embeddable":true,"href":"https:\/\/bandelin.com\/fr\/wp-json\/wp\/v2\/product_tag?post=698253"}],"curies":[{"name":"wp","href":"https:\/\/api.w.org\/{rel}","templated":true}]}}