{"id":700013,"date":"2026-05-07T22:35:44","date_gmt":"2026-05-07T20:35:44","guid":{"rendered":"https:\/\/bandelin.com\/shop\/unkategorisiert\/sonopuls-rz-2-rosettenzelle\/"},"modified":"2026-05-12T20:28:59","modified_gmt":"2026-05-12T18:28:59","slug":"sonopuls-rz-2-cellule-a-rosace","status":"publish","type":"product","link":"https:\/\/bandelin.com\/fr\/shop\/sonopuls-ultraschall-homogenisatoren\/zubehoer-sonopuls-ultraschall-homogenisatoren\/sonopuls-rz-2-rosettenzelle\/","title":{"rendered":"SONOPULS RZ 2 Cellule en rosette"},"content":{"rendered":"<p>Une cellule en rosette (RZ) permet une sonorisation intensive et uniforme des milieux liquides. La forme ronde des bras lat\u00e9raux entra\u00eene une circulation intensifi\u00e9e de l'\u00e9chantillon.<\/p>","protected":false},"excerpt":{"rendered":"<p>Adapt\u00e9 aux sonotrodes jusqu'\u00e0 13 mm<\/p>","protected":false},"featured_media":700015,"template":"","meta":{"_acf_changed":false},"product_brand":[],"product_cat":[14485,11669],"product_tag":[14637,11380,11360,11359],"class_list":{"0":"post-700013","1":"product","2":"type-product","3":"status-publish","4":"has-post-thumbnail","6":"product_cat-zubehoer-sonopuls-ultraschall-homogenisatoren","7":"product_cat-sonopuls-ultraschall-homogenisatoren","8":"product_tag-sonopuls-ultraschall-homogenisatoren-zubehoer","9":"product_tag-rosettenzelle","10":"product_tag-direkt","11":"product_tag-gefaesse","12":"pa_arbeitsinhalt-l-11263","13":"pa_bestellnummer-3607-2","14":"pa_innenmass-b-mm-39-2","15":"pa_innenmass-l-mm-39-2","16":"pa_innenmass-t-mm-14281","17":"pa_passend-zu-hd-4050-hd-4100-hd-4200-hd-5050-hd-5100-hd-5200","18":"pa_sonotrodendurchmesser-mm-20-60-2","19":"pa_verpackung-breite-mm-210-2","20":"pa_verpackung-hoehe-mm-120-2","21":"pa_verpackung-laenge-mm-310-2","23":"first","24":"instock","25":"taxable","26":"shipping-taxable","27":"purchasable","28":"product-type-simple"},"acf":[],"yoast_head":"<!-- This site is optimized with the Yoast SEO plugin v27.6 - https:\/\/yoast.com\/product\/yoast-seo-wordpress\/ -->\n<title>SONOPULS RZ 2 Rosettenzelle | BANDELIN electronic GmbH &amp; Co. KG<\/title>\n<meta name=\"description\" content=\"Informationen Sie sich \u00fcber SONOPULS RZ 2 Rosettenzelle | Hochwertige Ultraschallb\u00e4der f\u00fcr Medizin und Industrie von Bandelin Electronic seit 1955.\" \/>\n<meta name=\"robots\" content=\"index, follow, max-snippet:-1, max-image-preview:large, max-video-preview:-1\" \/>\n<link rel=\"canonical\" href=\"https:\/\/bandelin.com\/fr\/boutique\/homogeneisateurs-sonopuls-a-ultrasons-2\/accessoires-homogeneisateurs-sonopuls-a-ultrasons\/sonopuls-rz-2-cellule-a-rosace\/\" \/>\n<meta property=\"og:locale\" content=\"fr_FR\" \/>\n<meta property=\"og:type\" content=\"article\" \/>\n<meta property=\"og:title\" content=\"SONOPULS RZ 2 Rosettenzelle | BANDELIN electronic GmbH &amp; Co. KG\" \/>\n<meta property=\"og:description\" content=\"Informationen Sie sich \u00fcber SONOPULS RZ 2 Rosettenzelle | Hochwertige Ultraschallb\u00e4der f\u00fcr Medizin und Industrie von Bandelin Electronic seit 1955.\" \/>\n<meta property=\"og:url\" content=\"https:\/\/bandelin.com\/fr\/boutique\/homogeneisateurs-sonopuls-a-ultrasons-2\/accessoires-homogeneisateurs-sonopuls-a-ultrasons\/sonopuls-rz-2-cellule-a-rosace\/\" \/>\n<meta property=\"og:site_name\" content=\"BANDELIN electronic GmbH &amp; Co. KG\" \/>\n<meta property=\"article:publisher\" content=\"https:\/\/de-de.facebook.com\/bandelin.electronic\/\" \/>\n<meta property=\"article:modified_time\" content=\"2026-05-12T18:28:59+00:00\" \/>\n<meta property=\"og:image\" content=\"https:\/\/bandelin.com\/wp-content\/uploads\/Produktfoto_RZ_2_frontal-4-scaled.jpg\" \/>\n\t<meta property=\"og:image:width\" content=\"2048\" \/>\n\t<meta property=\"og:image:height\" content=\"2048\" \/>\n\t<meta property=\"og:image:type\" content=\"image\/jpeg\" \/>\n<meta name=\"twitter:card\" content=\"summary_large_image\" \/>\n<script type=\"application\/ld+json\" class=\"yoast-schema-graph\">{\"@context\":\"https:\\\/\\\/schema.org\",\"@graph\":[{\"@type\":\"WebPage\",\"@id\":\"https:\\\/\\\/bandelin.com\\\/shop\\\/sonopuls-ultraschall-homogenisatoren\\\/zubehoer-sonopuls-ultraschall-homogenisatoren\\\/sonopuls-rz-2-rosettenzelle\\\/\",\"url\":\"https:\\\/\\\/bandelin.com\\\/shop\\\/sonopuls-ultraschall-homogenisatoren\\\/zubehoer-sonopuls-ultraschall-homogenisatoren\\\/sonopuls-rz-2-rosettenzelle\\\/\",\"name\":\"SONOPULS RZ 2 Rosettenzelle | BANDELIN electronic GmbH &amp; Co. KG\",\"isPartOf\":{\"@id\":\"https:\\\/\\\/bvted2iv.myrdbx.io\\\/#website\"},\"primaryImageOfPage\":{\"@id\":\"https:\\\/\\\/bandelin.com\\\/shop\\\/sonopuls-ultraschall-homogenisatoren\\\/zubehoer-sonopuls-ultraschall-homogenisatoren\\\/sonopuls-rz-2-rosettenzelle\\\/#primaryimage\"},\"image\":{\"@id\":\"https:\\\/\\\/bandelin.com\\\/shop\\\/sonopuls-ultraschall-homogenisatoren\\\/zubehoer-sonopuls-ultraschall-homogenisatoren\\\/sonopuls-rz-2-rosettenzelle\\\/#primaryimage\"},\"thumbnailUrl\":\"https:\\\/\\\/bandelin.com\\\/wp-content\\\/uploads\\\/Produktfoto_RZ_2_frontal-4-scaled.jpg\",\"datePublished\":\"2026-05-07T20:35:44+00:00\",\"dateModified\":\"2026-05-12T18:28:59+00:00\",\"description\":\"Informationen Sie sich \u00fcber SONOPULS RZ 2 Rosettenzelle | Hochwertige Ultraschallb\u00e4der f\u00fcr Medizin und Industrie von Bandelin Electronic seit 1955.\",\"breadcrumb\":{\"@id\":\"https:\\\/\\\/bandelin.com\\\/shop\\\/sonopuls-ultraschall-homogenisatoren\\\/zubehoer-sonopuls-ultraschall-homogenisatoren\\\/sonopuls-rz-2-rosettenzelle\\\/#breadcrumb\"},\"inLanguage\":\"fr-FR\",\"potentialAction\":[{\"@type\":\"ReadAction\",\"target\":[\"https:\\\/\\\/bandelin.com\\\/shop\\\/sonopuls-ultraschall-homogenisatoren\\\/zubehoer-sonopuls-ultraschall-homogenisatoren\\\/sonopuls-rz-2-rosettenzelle\\\/\"]}]},{\"@type\":\"ImageObject\",\"inLanguage\":\"fr-FR\",\"@id\":\"https:\\\/\\\/bandelin.com\\\/shop\\\/sonopuls-ultraschall-homogenisatoren\\\/zubehoer-sonopuls-ultraschall-homogenisatoren\\\/sonopuls-rz-2-rosettenzelle\\\/#primaryimage\",\"url\":\"https:\\\/\\\/bandelin.com\\\/wp-content\\\/uploads\\\/Produktfoto_RZ_2_frontal-4-scaled.jpg\",\"contentUrl\":\"https:\\\/\\\/bandelin.com\\\/wp-content\\\/uploads\\\/Produktfoto_RZ_2_frontal-4-scaled.jpg\",\"width\":2048,\"height\":2048,\"caption\":\"SONOPULS RZ 2 Rosettenzelle Bild\"},{\"@type\":\"BreadcrumbList\",\"@id\":\"https:\\\/\\\/bandelin.com\\\/shop\\\/sonopuls-ultraschall-homogenisatoren\\\/zubehoer-sonopuls-ultraschall-homogenisatoren\\\/sonopuls-rz-2-rosettenzelle\\\/#breadcrumb\",\"itemListElement\":[{\"@type\":\"ListItem\",\"position\":1,\"name\":\"Startseite\",\"item\":\"https:\\\/\\\/bandelin.com\\\/\"},{\"@type\":\"ListItem\",\"position\":2,\"name\":\"Shop\",\"item\":\"https:\\\/\\\/bandelin.com\\\/shop\\\/\"},{\"@type\":\"ListItem\",\"position\":3,\"name\":\"SONOPULS RZ 2 Rosettenzelle\"}]},{\"@type\":\"WebSite\",\"@id\":\"https:\\\/\\\/bvted2iv.myrdbx.io\\\/#website\",\"url\":\"https:\\\/\\\/bvted2iv.myrdbx.io\\\/\",\"name\":\"BANDELIN electronic GmbH & Co. KG\",\"description\":\"Ultraschall seit 1955\",\"publisher\":{\"@id\":\"https:\\\/\\\/bvted2iv.myrdbx.io\\\/#organization\"},\"potentialAction\":[{\"@type\":\"SearchAction\",\"target\":{\"@type\":\"EntryPoint\",\"urlTemplate\":\"https:\\\/\\\/bvted2iv.myrdbx.io\\\/?s={search_term_string}\"},\"query-input\":{\"@type\":\"PropertyValueSpecification\",\"valueRequired\":true,\"valueName\":\"search_term_string\"}}],\"inLanguage\":\"fr-FR\"},{\"@type\":\"Organization\",\"@id\":\"https:\\\/\\\/bvted2iv.myrdbx.io\\\/#organization\",\"name\":\"BANDELIN electronic GmbH & Co. KG\",\"url\":\"https:\\\/\\\/bvted2iv.myrdbx.io\\\/\",\"logo\":{\"@type\":\"ImageObject\",\"inLanguage\":\"fr-FR\",\"@id\":\"https:\\\/\\\/bvted2iv.myrdbx.io\\\/#\\\/schema\\\/logo\\\/image\\\/\",\"url\":\"\",\"contentUrl\":\"\",\"caption\":\"BANDELIN electronic GmbH & Co. KG\"},\"image\":{\"@id\":\"https:\\\/\\\/bvted2iv.myrdbx.io\\\/#\\\/schema\\\/logo\\\/image\\\/\"},\"sameAs\":[\"https:\\\/\\\/de-de.facebook.com\\\/bandelin.electronic\\\/\",\"https:\\\/\\\/www.instagram.com\\\/bandelin_ultrasonic\\\/?hl=de\",\"https:\\\/\\\/www.linkedin.com\\\/company\\\/bandelin-electronic-gmbh-amp-co-kg\",\"https:\\\/\\\/www.youtube.com\\\/channel\\\/UC5wTNrNxkwMmX-WzysQqw3g\"]}]}<\/script>\n<!-- \/ Yoast SEO plugin. -->","yoast_head_json":{"title":"SONOPULS RZ 2 Cellule en rosette | BANDELIN electronic GmbH &amp; Co. KG","description":"Informations sur SONOPULS RZ 2 Cellule \u00e0 rosace | Bains \u00e0 ultrasons de haute qualit\u00e9 pour la m\u00e9decine et l'industrie de Bandelin Electronic depuis 1955.","robots":{"index":"index","follow":"follow","max-snippet":"max-snippet:-1","max-image-preview":"max-image-preview:large","max-video-preview":"max-video-preview:-1"},"canonical":"https:\/\/bandelin.com\/fr\/boutique\/homogeneisateurs-sonopuls-a-ultrasons-2\/accessoires-homogeneisateurs-sonopuls-a-ultrasons\/sonopuls-rz-2-cellule-a-rosace\/","og_locale":"fr_FR","og_type":"article","og_title":"SONOPULS RZ 2 Rosettenzelle | BANDELIN electronic GmbH &amp; Co. KG","og_description":"Informationen Sie sich \u00fcber SONOPULS RZ 2 Rosettenzelle | Hochwertige Ultraschallb\u00e4der f\u00fcr Medizin und Industrie von Bandelin Electronic seit 1955.","og_url":"https:\/\/bandelin.com\/fr\/boutique\/homogeneisateurs-sonopuls-a-ultrasons-2\/accessoires-homogeneisateurs-sonopuls-a-ultrasons\/sonopuls-rz-2-cellule-a-rosace\/","og_site_name":"BANDELIN electronic GmbH &amp; Co. KG","article_publisher":"https:\/\/de-de.facebook.com\/bandelin.electronic\/","article_modified_time":"2026-05-12T18:28:59+00:00","og_image":[{"width":2048,"height":2048,"url":"https:\/\/bandelin.com\/wp-content\/uploads\/Produktfoto_RZ_2_frontal-4-scaled.jpg","type":"image\/jpeg"}],"twitter_card":"summary_large_image","schema":{"@context":"https:\/\/schema.org","@graph":[{"@type":"WebPage","@id":"https:\/\/bandelin.com\/shop\/sonopuls-ultraschall-homogenisatoren\/zubehoer-sonopuls-ultraschall-homogenisatoren\/sonopuls-rz-2-rosettenzelle\/","url":"https:\/\/bandelin.com\/shop\/sonopuls-ultraschall-homogenisatoren\/zubehoer-sonopuls-ultraschall-homogenisatoren\/sonopuls-rz-2-rosettenzelle\/","name":"SONOPULS RZ 2 Cellule en rosette | BANDELIN electronic GmbH &amp; Co. KG","isPartOf":{"@id":"https:\/\/bvted2iv.myrdbx.io\/#website"},"primaryImageOfPage":{"@id":"https:\/\/bandelin.com\/shop\/sonopuls-ultraschall-homogenisatoren\/zubehoer-sonopuls-ultraschall-homogenisatoren\/sonopuls-rz-2-rosettenzelle\/#primaryimage"},"image":{"@id":"https:\/\/bandelin.com\/shop\/sonopuls-ultraschall-homogenisatoren\/zubehoer-sonopuls-ultraschall-homogenisatoren\/sonopuls-rz-2-rosettenzelle\/#primaryimage"},"thumbnailUrl":"https:\/\/bandelin.com\/wp-content\/uploads\/Produktfoto_RZ_2_frontal-4-scaled.jpg","datePublished":"2026-05-07T20:35:44+00:00","dateModified":"2026-05-12T18:28:59+00:00","description":"Informations sur SONOPULS RZ 2 Cellule \u00e0 rosace | Bains \u00e0 ultrasons de haute qualit\u00e9 pour la m\u00e9decine et l'industrie de Bandelin Electronic depuis 1955.","breadcrumb":{"@id":"https:\/\/bandelin.com\/shop\/sonopuls-ultraschall-homogenisatoren\/zubehoer-sonopuls-ultraschall-homogenisatoren\/sonopuls-rz-2-rosettenzelle\/#breadcrumb"},"inLanguage":"fr-FR","potentialAction":[{"@type":"ReadAction","target":["https:\/\/bandelin.com\/shop\/sonopuls-ultraschall-homogenisatoren\/zubehoer-sonopuls-ultraschall-homogenisatoren\/sonopuls-rz-2-rosettenzelle\/"]}]},{"@type":"ImageObject","inLanguage":"fr-FR","@id":"https:\/\/bandelin.com\/shop\/sonopuls-ultraschall-homogenisatoren\/zubehoer-sonopuls-ultraschall-homogenisatoren\/sonopuls-rz-2-rosettenzelle\/#primaryimage","url":"https:\/\/bandelin.com\/wp-content\/uploads\/Produktfoto_RZ_2_frontal-4-scaled.jpg","contentUrl":"https:\/\/bandelin.com\/wp-content\/uploads\/Produktfoto_RZ_2_frontal-4-scaled.jpg","width":2048,"height":2048,"caption":"SONOPULS RZ 2 Rosettenzelle Bild"},{"@type":"BreadcrumbList","@id":"https:\/\/bandelin.com\/shop\/sonopuls-ultraschall-homogenisatoren\/zubehoer-sonopuls-ultraschall-homogenisatoren\/sonopuls-rz-2-rosettenzelle\/#breadcrumb","itemListElement":[{"@type":"ListItem","position":1,"name":"Startseite","item":"https:\/\/bandelin.com\/"},{"@type":"ListItem","position":2,"name":"Shop","item":"https:\/\/bandelin.com\/shop\/"},{"@type":"ListItem","position":3,"name":"SONOPULS RZ 2 Rosettenzelle"}]},{"@type":"WebSite","@id":"https:\/\/bvted2iv.myrdbx.io\/#website","url":"https:\/\/bvted2iv.myrdbx.io\/","name":"BANDELIN electronic GmbH &amp; Co. KG","description":"Les ultrasons depuis 1955","publisher":{"@id":"https:\/\/bvted2iv.myrdbx.io\/#organization"},"potentialAction":[{"@type":"SearchAction","target":{"@type":"EntryPoint","urlTemplate":"https:\/\/bvted2iv.myrdbx.io\/?s={search_term_string}"},"query-input":{"@type":"PropertyValueSpecification","valueRequired":true,"valueName":"search_term_string"}}],"inLanguage":"fr-FR"},{"@type":"Organization","@id":"https:\/\/bvted2iv.myrdbx.io\/#organization","name":"BANDELIN electronic GmbH &amp; Co. KG","url":"https:\/\/bvted2iv.myrdbx.io\/","logo":{"@type":"ImageObject","inLanguage":"fr-FR","@id":"https:\/\/bvted2iv.myrdbx.io\/#\/schema\/logo\/image\/","url":"","contentUrl":"","caption":"BANDELIN electronic GmbH & Co. KG"},"image":{"@id":"https:\/\/bvted2iv.myrdbx.io\/#\/schema\/logo\/image\/"},"sameAs":["https:\/\/de-de.facebook.com\/bandelin.electronic\/","https:\/\/www.instagram.com\/bandelin_ultrasonic\/?hl=de","https:\/\/www.linkedin.com\/company\/bandelin-electronic-gmbh-amp-co-kg","https:\/\/www.youtube.com\/channel\/UC5wTNrNxkwMmX-WzysQqw3g"]}]}},"_links":{"self":[{"href":"https:\/\/bandelin.com\/fr\/wp-json\/wp\/v2\/product\/700013","targetHints":{"allow":["GET"]}}],"collection":[{"href":"https:\/\/bandelin.com\/fr\/wp-json\/wp\/v2\/product"}],"about":[{"href":"https:\/\/bandelin.com\/fr\/wp-json\/wp\/v2\/types\/product"}],"version-history":[{"count":2,"href":"https:\/\/bandelin.com\/fr\/wp-json\/wp\/v2\/product\/700013\/revisions"}],"predecessor-version":[{"id":700018,"href":"https:\/\/bandelin.com\/fr\/wp-json\/wp\/v2\/product\/700013\/revisions\/700018"}],"wp:featuredmedia":[{"embeddable":true,"href":"https:\/\/bandelin.com\/fr\/wp-json\/wp\/v2\/media\/700015"}],"wp:attachment":[{"href":"https:\/\/bandelin.com\/fr\/wp-json\/wp\/v2\/media?parent=700013"}],"wp:term":[{"taxonomy":"product_brand","embeddable":true,"href":"https:\/\/bandelin.com\/fr\/wp-json\/wp\/v2\/product_brand?post=700013"},{"taxonomy":"product_cat","embeddable":true,"href":"https:\/\/bandelin.com\/fr\/wp-json\/wp\/v2\/product_cat?post=700013"},{"taxonomy":"product_tag","embeddable":true,"href":"https:\/\/bandelin.com\/fr\/wp-json\/wp\/v2\/product_tag?post=700013"}],"curies":[{"name":"wp","href":"https:\/\/api.w.org\/{rel}","templated":true}]}}